{"id":64462,"date":"2022-09-13T15:24:03","date_gmt":"2022-09-13T13:24:03","guid":{"rendered":"https:\/\/keramamueblesdejardin.com\/non%20class\u00e9\/lot-de-2-chaises-longues-sur-roulettes-en-aluminium-blanc-et-polywood-imitation-bois-avec-coussin-osaka-blanc\/"},"modified":"2025-03-27T15:27:22","modified_gmt":"2025-03-27T14:27:22","slug":"paquet-de-2-chaises-longues-aluminium-blanc-et-polyethylene-haute-densite-imitation-bois-avec-roues-avec-coussin-osaka-blanc","status":"publish","type":"product","link":"https:\/\/keramamueblesdejardin.com\/fr\/chaises-longues-et-detente\/chaises-longues\/paquet-de-2-chaises-longues-aluminium-blanc-et-polyethylene-haute-densite-imitation-bois-avec-roues-avec-coussin-osaka-blanc\/","title":{"rendered":"Pack de 2 chaises longues blanc aluminium et poly\u00e9thyl\u00e8ne haute densit\u00e9 imitation bois avec roues avec coussin &#8211; Osaka blanc"},"content":{"rendered":"<p>Pack de 2 chaises longues en aluminium blanc et lattes en polywood Osaka est parfait pour le jardin ou la terrasse. L&rsquo;assise et le dossier sont r\u00e9alis\u00e9s en lattes de polywood avec une finition imitation bois. Le bain de soleil Osaka poss\u00e8de une structure robuste et r\u00e9sistante aux intemp\u00e9ries, ce qui est id\u00e9al pour un ensemble de jardin qui peut \u00eatre entretenu tout au long de l&rsquo;ann\u00e9e. Les lattes en polywood ont l&rsquo;aspect du bois, mais sans l&rsquo;entretien et le traitement du bois car il s&rsquo;agit d&rsquo;un mat\u00e9riau synth\u00e9tique tr\u00e8s r\u00e9sistant. Les lattes sont en polywood, elles ont donc l&rsquo;aspect du bois, mais sans l&rsquo;entretien et le traitement du bois. Comprend un coussin avec des sangles pour le fixer au cadre.<\/p>\n<p>Vous pouvez combiner ce pack de 2 chaises longues avec d\u2019autres produits de la <strong><br \/>\n  <a title=\"Gamme de produits Osaka\" href=\"https:\/\/keramamueblesdejardin.com\/etiqueta\/osaka\/\" target=\"_blank\" rel=\"noopener\">famille Osaka.<\/a><br \/>\n<\/strong><\/p>\n","protected":false},"excerpt":{"rendered":"<ul>\n<li>Structure en aluminium blanc et lattes en polywood imitation bois.<\/li>\n<li>Comprend des roues pour un transport facile<\/li>\n<li>Lot de 2 chaises longues. Coussin inclus<\/li>\n<li>Dimensions : 195x65x36 cm<\/li>\n<\/ul>\n","protected":false},"featured_media":177562,"comment_status":"closed","ping_status":"closed","template":"","meta":{"_acf_changed":false},"product_brand":[],"product_cat":[576,563],"product_tag":[],"class_list":{"0":"post-64462","1":"product","2":"type-product","3":"status-publish","4":"has-post-thumbnail","6":"product_cat-chaises-longues","7":"product_cat-chaises-longues-et-detente","8":"product_shipping_class-envio-gratuito-fr","9":"pa_asientos-2-fr-2","10":"pa_caracteristicas-dossier-rabattable","11":"pa_caracteristicas-montage-facile","12":"pa_coleccion-osaka-fr","13":"pa_material-aluminio-fr","14":"pa_material-imitation-bois","16":"first","17":"instock","18":"sale","19":"purchasable","20":"product-type-simple","21":"add-to-wishlist-before_image"},"acf":[],"yoast_head":"<!-- This site is optimized with the Yoast SEO plugin v27.2 - https:\/\/yoast.com\/product\/yoast-seo-wordpress\/ -->\n<title>Pack de 2 chaises longues blanc aluminium et poly\u00e9thyl\u00e8ne haute densit\u00e9 imitation bois avec roues avec coussin - Osaka blanc - Kerama<\/title>\n<meta name=\"robots\" content=\"index, follow, max-snippet:-1, max-image-preview:large, max-video-preview:-1\" \/>\n<link rel=\"canonical\" href=\"https:\/\/keramamueblesdejardin.com\/fr\/chaises-longues-et-detente\/chaises-longues\/paquet-de-2-chaises-longues-aluminium-blanc-et-polyethylene-haute-densite-imitation-bois-avec-roues-avec-coussin-osaka-blanc\/\" \/>\n<meta property=\"og:locale\" content=\"fr_FR\" \/>\n<meta property=\"og:type\" content=\"article\" \/>\n<meta property=\"og:title\" content=\"Pack de 2 chaises longues blanc aluminium et poly\u00e9thyl\u00e8ne haute densit\u00e9 imitation bois avec roues avec coussin - Osaka blanc - Kerama\" \/>\n<meta property=\"og:description\" content=\"Structure en aluminium blanc et lattes en polywood imitation bois.  Comprend des roues pour un transport facile  Lot de 2 chaises longues. Coussin inclus  Dimensions : 195x65x36 cm\" \/>\n<meta property=\"og:url\" content=\"https:\/\/keramamueblesdejardin.com\/fr\/chaises-longues-et-detente\/chaises-longues\/paquet-de-2-chaises-longues-aluminium-blanc-et-polyethylene-haute-densite-imitation-bois-avec-roues-avec-coussin-osaka-blanc\/\" \/>\n<meta property=\"og:site_name\" content=\"Kerama\" \/>\n<meta property=\"article:publisher\" content=\"https:\/\/www.facebook.com\/Kerama-Muebles-de-Jard%c3%adn-106209328312568\/\" \/>\n<meta property=\"article:modified_time\" content=\"2025-03-27T14:27:22+00:00\" \/>\n<meta property=\"og:image\" content=\"https:\/\/keramamueblesdejardin.com\/wp-content\/uploads\/2022\/09\/tumbona-osaka_0001_tumbona-de-jardin-osakablanca-x2.jpg\" \/>\n\t<meta property=\"og:image:width\" content=\"1200\" \/>\n\t<meta property=\"og:image:height\" content=\"1200\" \/>\n\t<meta property=\"og:image:type\" content=\"image\/jpeg\" \/>\n<meta name=\"twitter:card\" content=\"summary_large_image\" \/>\n<meta name=\"twitter:label1\" content=\"Dur\u00e9e de lecture estim\u00e9e\" \/>\n\t<meta name=\"twitter:data1\" content=\"1 minute\" \/>\n<script type=\"application\/ld+json\" class=\"yoast-schema-graph\">{\"@context\":\"https:\/\/schema.org\",\"@graph\":[{\"@type\":\"WebPage\",\"@id\":\"https:\/\/keramamueblesdejardin.com\/fr\/chaises-longues-et-detente\/chaises-longues\/paquet-de-2-chaises-longues-aluminium-blanc-et-polyethylene-haute-densite-imitation-bois-avec-roues-avec-coussin-osaka-blanc\/\",\"url\":\"https:\/\/keramamueblesdejardin.com\/fr\/chaises-longues-et-detente\/chaises-longues\/paquet-de-2-chaises-longues-aluminium-blanc-et-polyethylene-haute-densite-imitation-bois-avec-roues-avec-coussin-osaka-blanc\/\",\"name\":\"Pack de 2 chaises longues blanc aluminium et poly\u00e9thyl\u00e8ne haute densit\u00e9 imitation bois avec roues avec coussin - Osaka blanc - Kerama\",\"isPartOf\":{\"@id\":\"https:\/\/keramamueblesdejardin.com\/fr\/#website\"},\"primaryImageOfPage\":{\"@id\":\"https:\/\/keramamueblesdejardin.com\/fr\/chaises-longues-et-detente\/chaises-longues\/paquet-de-2-chaises-longues-aluminium-blanc-et-polyethylene-haute-densite-imitation-bois-avec-roues-avec-coussin-osaka-blanc\/#primaryimage\"},\"image\":{\"@id\":\"https:\/\/keramamueblesdejardin.com\/fr\/chaises-longues-et-detente\/chaises-longues\/paquet-de-2-chaises-longues-aluminium-blanc-et-polyethylene-haute-densite-imitation-bois-avec-roues-avec-coussin-osaka-blanc\/#primaryimage\"},\"thumbnailUrl\":\"https:\/\/keramamueblesdejardin.com\/wp-content\/uploads\/2022\/09\/tumbona-osaka_0001_tumbona-de-jardin-osakablanca-x2.jpg\",\"datePublished\":\"2022-09-13T13:24:03+00:00\",\"dateModified\":\"2025-03-27T14:27:22+00:00\",\"breadcrumb\":{\"@id\":\"https:\/\/keramamueblesdejardin.com\/fr\/chaises-longues-et-detente\/chaises-longues\/paquet-de-2-chaises-longues-aluminium-blanc-et-polyethylene-haute-densite-imitation-bois-avec-roues-avec-coussin-osaka-blanc\/#breadcrumb\"},\"inLanguage\":\"fr-FR\",\"potentialAction\":[{\"@type\":\"ReadAction\",\"target\":[\"https:\/\/keramamueblesdejardin.com\/fr\/chaises-longues-et-detente\/chaises-longues\/paquet-de-2-chaises-longues-aluminium-blanc-et-polyethylene-haute-densite-imitation-bois-avec-roues-avec-coussin-osaka-blanc\/\"]}]},{\"@type\":\"ImageObject\",\"inLanguage\":\"fr-FR\",\"@id\":\"https:\/\/keramamueblesdejardin.com\/fr\/chaises-longues-et-detente\/chaises-longues\/paquet-de-2-chaises-longues-aluminium-blanc-et-polyethylene-haute-densite-imitation-bois-avec-roues-avec-coussin-osaka-blanc\/#primaryimage\",\"url\":\"https:\/\/keramamueblesdejardin.com\/wp-content\/uploads\/2022\/09\/tumbona-osaka_0001_tumbona-de-jardin-osakablanca-x2.jpg\",\"contentUrl\":\"https:\/\/keramamueblesdejardin.com\/wp-content\/uploads\/2022\/09\/tumbona-osaka_0001_tumbona-de-jardin-osakablanca-x2.jpg\",\"width\":1200,\"height\":1200},{\"@type\":\"BreadcrumbList\",\"@id\":\"https:\/\/keramamueblesdejardin.com\/fr\/chaises-longues-et-detente\/chaises-longues\/paquet-de-2-chaises-longues-aluminium-blanc-et-polyethylene-haute-densite-imitation-bois-avec-roues-avec-coussin-osaka-blanc\/#breadcrumb\",\"itemListElement\":[{\"@type\":\"ListItem\",\"position\":1,\"name\":\"Home\",\"item\":\"https:\/\/keramamueblesdejardin.com\/fr\/\"},{\"@type\":\"ListItem\",\"position\":2,\"name\":\"Boutique\",\"item\":\"https:\/\/keramamueblesdejardin.com\/tienda\/\"},{\"@type\":\"ListItem\",\"position\":3,\"name\":\"Chaises longues et d\u00e9tente\",\"item\":\"https:\/\/keramamueblesdejardin.com\/fr\/chaises-longues-et-detente\/\"},{\"@type\":\"ListItem\",\"position\":4,\"name\":\"Chaises longues\",\"item\":\"https:\/\/keramamueblesdejardin.com\/fr\/chaises-longues-et-detente\/chaises-longues\/\"},{\"@type\":\"ListItem\",\"position\":5,\"name\":\"Pack de 2 chaises longues blanc aluminium et poly\u00e9thyl\u00e8ne haute densit\u00e9 imitation bois avec roues avec coussin &#8211; Osaka blanc\"}]},{\"@type\":\"WebSite\",\"@id\":\"https:\/\/keramamueblesdejardin.com\/fr\/#website\",\"url\":\"https:\/\/keramamueblesdejardin.com\/fr\/\",\"name\":\"Kerama\",\"description\":\"muebles de jard\u00edn\",\"publisher\":{\"@id\":\"https:\/\/keramamueblesdejardin.com\/fr\/#organization\"},\"potentialAction\":[{\"@type\":\"SearchAction\",\"target\":{\"@type\":\"EntryPoint\",\"urlTemplate\":\"https:\/\/keramamueblesdejardin.com\/fr\/?s={search_term_string}\"},\"query-input\":{\"@type\":\"PropertyValueSpecification\",\"valueRequired\":true,\"valueName\":\"search_term_string\"}}],\"inLanguage\":\"fr-FR\"},{\"@type\":\"Organization\",\"@id\":\"https:\/\/keramamueblesdejardin.com\/fr\/#organization\",\"name\":\"kerama\",\"url\":\"https:\/\/keramamueblesdejardin.com\/fr\/\",\"logo\":{\"@type\":\"ImageObject\",\"inLanguage\":\"fr-FR\",\"@id\":\"https:\/\/keramamueblesdejardin.com\/fr\/#\/schema\/logo\/image\/\",\"url\":\"https:\/\/keramamueblesdejardin.com\/wp-content\/uploads\/2020\/12\/k.-scaled.jpg\",\"contentUrl\":\"https:\/\/keramamueblesdejardin.com\/wp-content\/uploads\/2020\/12\/k.-scaled.jpg\",\"width\":2560,\"height\":551,\"caption\":\"kerama\"},\"image\":{\"@id\":\"https:\/\/keramamueblesdejardin.com\/fr\/#\/schema\/logo\/image\/\"},\"sameAs\":[\"https:\/\/www.facebook.com\/Kerama-Muebles-de-Jard\u00edn-106209328312568\/\"]}]}<\/script>\n<!-- \/ Yoast SEO plugin. -->","yoast_head_json":{"title":"Pack de 2 chaises longues blanc aluminium et poly\u00e9thyl\u00e8ne haute densit\u00e9 imitation bois avec roues avec coussin - Osaka blanc - Kerama","robots":{"index":"index","follow":"follow","max-snippet":"max-snippet:-1","max-image-preview":"max-image-preview:large","max-video-preview":"max-video-preview:-1"},"canonical":"https:\/\/keramamueblesdejardin.com\/fr\/chaises-longues-et-detente\/chaises-longues\/paquet-de-2-chaises-longues-aluminium-blanc-et-polyethylene-haute-densite-imitation-bois-avec-roues-avec-coussin-osaka-blanc\/","og_locale":"fr_FR","og_type":"article","og_title":"Pack de 2 chaises longues blanc aluminium et poly\u00e9thyl\u00e8ne haute densit\u00e9 imitation bois avec roues avec coussin - Osaka blanc - Kerama","og_description":"Structure en aluminium blanc et lattes en polywood imitation bois.  Comprend des roues pour un transport facile  Lot de 2 chaises longues. Coussin inclus  Dimensions : 195x65x36 cm","og_url":"https:\/\/keramamueblesdejardin.com\/fr\/chaises-longues-et-detente\/chaises-longues\/paquet-de-2-chaises-longues-aluminium-blanc-et-polyethylene-haute-densite-imitation-bois-avec-roues-avec-coussin-osaka-blanc\/","og_site_name":"Kerama","article_publisher":"https:\/\/www.facebook.com\/Kerama-Muebles-de-Jard%c3%adn-106209328312568\/","article_modified_time":"2025-03-27T14:27:22+00:00","og_image":[{"width":1200,"height":1200,"url":"https:\/\/keramamueblesdejardin.com\/wp-content\/uploads\/2022\/09\/tumbona-osaka_0001_tumbona-de-jardin-osakablanca-x2.jpg","type":"image\/jpeg"}],"twitter_card":"summary_large_image","twitter_misc":{"Dur\u00e9e de lecture estim\u00e9e":"1 minute"},"schema":{"@context":"https:\/\/schema.org","@graph":[{"@type":"WebPage","@id":"https:\/\/keramamueblesdejardin.com\/fr\/chaises-longues-et-detente\/chaises-longues\/paquet-de-2-chaises-longues-aluminium-blanc-et-polyethylene-haute-densite-imitation-bois-avec-roues-avec-coussin-osaka-blanc\/","url":"https:\/\/keramamueblesdejardin.com\/fr\/chaises-longues-et-detente\/chaises-longues\/paquet-de-2-chaises-longues-aluminium-blanc-et-polyethylene-haute-densite-imitation-bois-avec-roues-avec-coussin-osaka-blanc\/","name":"Pack de 2 chaises longues blanc aluminium et poly\u00e9thyl\u00e8ne haute densit\u00e9 imitation bois avec roues avec coussin - Osaka blanc - Kerama","isPartOf":{"@id":"https:\/\/keramamueblesdejardin.com\/fr\/#website"},"primaryImageOfPage":{"@id":"https:\/\/keramamueblesdejardin.com\/fr\/chaises-longues-et-detente\/chaises-longues\/paquet-de-2-chaises-longues-aluminium-blanc-et-polyethylene-haute-densite-imitation-bois-avec-roues-avec-coussin-osaka-blanc\/#primaryimage"},"image":{"@id":"https:\/\/keramamueblesdejardin.com\/fr\/chaises-longues-et-detente\/chaises-longues\/paquet-de-2-chaises-longues-aluminium-blanc-et-polyethylene-haute-densite-imitation-bois-avec-roues-avec-coussin-osaka-blanc\/#primaryimage"},"thumbnailUrl":"https:\/\/keramamueblesdejardin.com\/wp-content\/uploads\/2022\/09\/tumbona-osaka_0001_tumbona-de-jardin-osakablanca-x2.jpg","datePublished":"2022-09-13T13:24:03+00:00","dateModified":"2025-03-27T14:27:22+00:00","breadcrumb":{"@id":"https:\/\/keramamueblesdejardin.com\/fr\/chaises-longues-et-detente\/chaises-longues\/paquet-de-2-chaises-longues-aluminium-blanc-et-polyethylene-haute-densite-imitation-bois-avec-roues-avec-coussin-osaka-blanc\/#breadcrumb"},"inLanguage":"fr-FR","potentialAction":[{"@type":"ReadAction","target":["https:\/\/keramamueblesdejardin.com\/fr\/chaises-longues-et-detente\/chaises-longues\/paquet-de-2-chaises-longues-aluminium-blanc-et-polyethylene-haute-densite-imitation-bois-avec-roues-avec-coussin-osaka-blanc\/"]}]},{"@type":"ImageObject","inLanguage":"fr-FR","@id":"https:\/\/keramamueblesdejardin.com\/fr\/chaises-longues-et-detente\/chaises-longues\/paquet-de-2-chaises-longues-aluminium-blanc-et-polyethylene-haute-densite-imitation-bois-avec-roues-avec-coussin-osaka-blanc\/#primaryimage","url":"https:\/\/keramamueblesdejardin.com\/wp-content\/uploads\/2022\/09\/tumbona-osaka_0001_tumbona-de-jardin-osakablanca-x2.jpg","contentUrl":"https:\/\/keramamueblesdejardin.com\/wp-content\/uploads\/2022\/09\/tumbona-osaka_0001_tumbona-de-jardin-osakablanca-x2.jpg","width":1200,"height":1200},{"@type":"BreadcrumbList","@id":"https:\/\/keramamueblesdejardin.com\/fr\/chaises-longues-et-detente\/chaises-longues\/paquet-de-2-chaises-longues-aluminium-blanc-et-polyethylene-haute-densite-imitation-bois-avec-roues-avec-coussin-osaka-blanc\/#breadcrumb","itemListElement":[{"@type":"ListItem","position":1,"name":"Home","item":"https:\/\/keramamueblesdejardin.com\/fr\/"},{"@type":"ListItem","position":2,"name":"Boutique","item":"https:\/\/keramamueblesdejardin.com\/tienda\/"},{"@type":"ListItem","position":3,"name":"Chaises longues et d\u00e9tente","item":"https:\/\/keramamueblesdejardin.com\/fr\/chaises-longues-et-detente\/"},{"@type":"ListItem","position":4,"name":"Chaises longues","item":"https:\/\/keramamueblesdejardin.com\/fr\/chaises-longues-et-detente\/chaises-longues\/"},{"@type":"ListItem","position":5,"name":"Pack de 2 chaises longues blanc aluminium et poly\u00e9thyl\u00e8ne haute densit\u00e9 imitation bois avec roues avec coussin &#8211; Osaka blanc"}]},{"@type":"WebSite","@id":"https:\/\/keramamueblesdejardin.com\/fr\/#website","url":"https:\/\/keramamueblesdejardin.com\/fr\/","name":"Kerama","description":"muebles de jard\u00edn","publisher":{"@id":"https:\/\/keramamueblesdejardin.com\/fr\/#organization"},"potentialAction":[{"@type":"SearchAction","target":{"@type":"EntryPoint","urlTemplate":"https:\/\/keramamueblesdejardin.com\/fr\/?s={search_term_string}"},"query-input":{"@type":"PropertyValueSpecification","valueRequired":true,"valueName":"search_term_string"}}],"inLanguage":"fr-FR"},{"@type":"Organization","@id":"https:\/\/keramamueblesdejardin.com\/fr\/#organization","name":"kerama","url":"https:\/\/keramamueblesdejardin.com\/fr\/","logo":{"@type":"ImageObject","inLanguage":"fr-FR","@id":"https:\/\/keramamueblesdejardin.com\/fr\/#\/schema\/logo\/image\/","url":"https:\/\/keramamueblesdejardin.com\/wp-content\/uploads\/2020\/12\/k.-scaled.jpg","contentUrl":"https:\/\/keramamueblesdejardin.com\/wp-content\/uploads\/2020\/12\/k.-scaled.jpg","width":2560,"height":551,"caption":"kerama"},"image":{"@id":"https:\/\/keramamueblesdejardin.com\/fr\/#\/schema\/logo\/image\/"},"sameAs":["https:\/\/www.facebook.com\/Kerama-Muebles-de-Jard\u00edn-106209328312568\/"]}]}},"df_price":829,"df_sale_price":829,"df_regular_price":1013,"df_image_link":"https:\/\/keramamueblesdejardin.com\/wp-content\/uploads\/2022\/09\/tumbona-osaka_0001_tumbona-de-jardin-osakablanca-x2-300x300.jpg","custom_tabs":[{"title":"MESURES","id":"mesures","content":"<div class=\"list\">\n<div class=\"list\"><strong>Haut: <\/strong> Transat 36cm \/\/ Table 34cm<\/div>\n<div class=\"list\"><strong>Large: <\/strong> Transat 195cm \/\/ Table 48cm<\/div>\n<div class=\"list\"><strong>Fond: <\/strong> Transat 65cm \/\/Table 48cm<\/div>\n<div class=\"list\"><\/div>\n<\/div>"},{"title":"D\u00c9BALLAGE ET MONTAGE","id":"deballage-et-montage","content":"<div class=\"list\"><strong style=\"font-weight: bold; color: #282828;\">Recommandations pour le d\u00e9ballage :<\/strong><span style=\"color: #282828;\"> N'utilisez pas d'outils tranchants lors du d\u00e9ballage du meuble, car cela pourrait l'endommager.<\/span><br style=\"color: #282828;\"><strong style=\"font-weight: bold; color: #282828;\">Montage requis (O\/N) :<\/strong><span style=\"color: #282828;\"> Oui<\/span><br style=\"color: #282828;\"><strong style=\"font-weight: bold; color: #282828;\">Difficult\u00e9 de montage :<\/strong><span style=\"color: #282828;\"> Moyen<\/span><br style=\"color: #282828;\"><strong style=\"font-weight: bold; color: #282828;\">Temps de montage :<\/strong><span style=\"color: #282828;\"> 30 minutes<\/span><br style=\"color: #282828;\"><strong style=\"font-weight: bold; color: #282828;\">Personnes recommand\u00e9es pour le montage :<\/strong><span style=\"color: #282828;\"> 2<\/span><br style=\"color: #282828;\"><strong style=\"font-weight: bold; color: #282828;\">Suggestions de montage :<\/strong><span style=\"color: #282828;\">  Pr\u00e9parez une zone de montage propre et s\u00e8che, v\u00e9rifiez qu'aucune des pi\u00e8ces \u00e9num\u00e9r\u00e9es dans le manuel ne manque. Nous recommandons l'utilisation de gants appropri\u00e9s pour le montage. N'utilisez que les pi\u00e8ces et les raccords fournis.<\/span><\/div>"},{"title":"ENTRETIEN ET GARANTIES","id":"entretien-et-garanties","content":"<div class=\"moz-signature\">\n<div class=\"list\"><strong>Recommandations g\u00e9n\u00e9rales :<\/strong>\n- Les d\u00e9faillances ou les dommages caus\u00e9s par les \u00e9l\u00e9ments suivants sont exclus de la garantie :\n- Les causes accidentelles telles que chutes, coups, d\u00e9versement de liquides, introduction de corps \u00e9trangers, ainsi que toute autre force majeure.\n- Utilisation n\u00e9gligente, inappropri\u00e9e ou non domestique.\n- Dommages, corrosion et\/ou oxydation acc\u00e9l\u00e9r\u00e9s par des conditions environnementales d\u00e9favorables.\n- Taches et d\u00e9coloration dues au non-respect de nos instructions de nettoyage.\n- Dommages survenus lors du montage et de la manipulation sans respecter les instructions de montage.\n<strong>Instructions d'utilisation et d'entretien :<\/strong>\n- Essuyez doucement avec un chiffon ou utilisez un savon liquide neutre, puis rincez abondamment \u00e0 l'eau.\n- Enlevez r\u00e9guli\u00e8rement la poussi\u00e8re avec un chiffon doux et de l'eau claire.\n- N'utilisez pas de d\u00e9tergents ou de produits abrasifs pour le nettoyage.\n<strong>Ann\u00e9es de garantie :<\/strong> 3 ans\n<strong>Fabriqu\u00e9 conform\u00e9ment \u00e0 la norme :<\/strong> 581-1,581-2,581-3<\/div>\n<\/div>"}],"_links":{"self":[{"href":"https:\/\/keramamueblesdejardin.com\/fr\/wp-json\/wp\/v2\/product\/64462","targetHints":{"allow":["GET"]}}],"collection":[{"href":"https:\/\/keramamueblesdejardin.com\/fr\/wp-json\/wp\/v2\/product"}],"about":[{"href":"https:\/\/keramamueblesdejardin.com\/fr\/wp-json\/wp\/v2\/types\/product"}],"replies":[{"embeddable":true,"href":"https:\/\/keramamueblesdejardin.com\/fr\/wp-json\/wp\/v2\/comments?post=64462"}],"wp:featuredmedia":[{"embeddable":true,"href":"https:\/\/keramamueblesdejardin.com\/fr\/wp-json\/wp\/v2\/media\/177562"}],"wp:attachment":[{"href":"https:\/\/keramamueblesdejardin.com\/fr\/wp-json\/wp\/v2\/media?parent=64462"}],"wp:term":[{"taxonomy":"product_brand","embeddable":true,"href":"https:\/\/keramamueblesdejardin.com\/fr\/wp-json\/wp\/v2\/product_brand?post=64462"},{"taxonomy":"product_cat","embeddable":true,"href":"https:\/\/keramamueblesdejardin.com\/fr\/wp-json\/wp\/v2\/product_cat?post=64462"},{"taxonomy":"product_tag","embeddable":true,"href":"https:\/\/keramamueblesdejardin.com\/fr\/wp-json\/wp\/v2\/product_tag?post=64462"}],"curies":[{"name":"wp","href":"https:\/\/api.w.org\/{rel}","templated":true}]}}