{"id":64432,"date":"2022-08-03T13:22:18","date_gmt":"2022-08-03T11:22:18","guid":{"rendered":"https:\/\/keramamueblesdejardin.com\/non%20class\u00e9\/tissu-de-rechange-pour-parasol-suspendu-carre-250x250cm-gris-clair-sunny\/"},"modified":"2023-08-30T09:45:45","modified_gmt":"2023-08-30T07:45:45","slug":"tissu-de-rechange-pour-soleil-parasol-centre-suspendu-250x250cm-carre-gris-clair-ensoleille","status":"publish","type":"product","link":"https:\/\/keramamueblesdejardin.com\/fr\/parasols-et-pergolas\/pieces-detachees-pour-le-textile\/tissu-de-rechange-pour-soleil-parasol-centre-suspendu-250x250cm-carre-gris-clair-ensoleille\/","title":{"rendered":"Tissu de rechange pour parasol suspendu carr\u00e9 250x250cm Gris clair &#8211; Sunny"},"content":{"rendered":"<p>Tissu de remplacement pour parasol carr\u00e9 250x250cm Gris clair 100% polyester 235g avec finition t\u00e9flon. Facile \u00e0 assembler et r\u00e9sistant aux UV. Convient aux parasols \u00e0 8 tiges<\/p>\n","protected":false},"excerpt":{"rendered":"<ul>\n<li style=\"list-style-type: none;\">\n<ul>n<\/p>\n<li>Tissu de rechange pour parasol suspendu carr\u00e9 250x250cm<\/li>\n<\/ul>\n<\/li>\n<\/ul>\n<p>n<\/p>\n<ul>\n<li style=\"list-style-type: none;\">\n<ul>\n<li>Tissu gris clair r\u00e9sistant aux UV<\/li>\n<\/ul>\n<\/li>\n<\/ul>\n<p>n<\/p>\n<ul>\n<li style=\"list-style-type: none;\">\n<ul>\n<li>100% polyester 235g avec finition en t\u00e9flon<\/li>\n<\/ul>\n<\/li>\n<\/ul>\n<p>n<\/p>\n<ul>\n<li style=\"list-style-type: none;\">\n<ul>\n<li>Convient aux parasols \u00e0 8 tiges<\/li>\n<\/ul>\n<\/li>\n<\/ul>\n<p>n<\/p>\n","protected":false},"featured_media":59638,"comment_status":"closed","ping_status":"open","template":"","meta":{"_acf_changed":false},"product_brand":[],"product_cat":[569,640],"product_tag":[567,639],"class_list":{"0":"post-64432","1":"product","2":"type-product","3":"status-publish","4":"has-post-thumbnail","6":"product_cat-parasols-et-pergolas","7":"product_cat-pieces-detachees-pour-le-textile","8":"product_tag-grands-espaces","9":"product_tag-sunny-fr","10":"product_shipping_class-envio-gratuito-fr","11":"pa_coleccion-sunny-fr","12":"pa_forma-carre","13":"pa_material-poliester-fr","15":"first","16":"instock","17":"sale","18":"purchasable","19":"product-type-simple","20":"add-to-wishlist-before_image"},"acf":[],"yoast_head":"<!-- This site is optimized with the Yoast SEO plugin v27.2 - https:\/\/yoast.com\/product\/yoast-seo-wordpress\/ -->\n<title>Tissu de rechange pour parasol suspendu carr\u00e9 250x250cm Gris clair - Sunny - Kerama<\/title>\n<meta name=\"robots\" content=\"index, follow, max-snippet:-1, max-image-preview:large, max-video-preview:-1\" \/>\n<link rel=\"canonical\" href=\"https:\/\/keramamueblesdejardin.com\/fr\/parasols-et-pergolas\/pieces-detachees-pour-le-textile\/tissu-de-rechange-pour-soleil-parasol-centre-suspendu-250x250cm-carre-gris-clair-ensoleille\/\" \/>\n<meta property=\"og:locale\" content=\"fr_FR\" \/>\n<meta property=\"og:type\" content=\"article\" \/>\n<meta property=\"og:title\" content=\"Tissu de rechange pour parasol suspendu carr\u00e9 250x250cm Gris clair - Sunny - Kerama\" \/>\n<meta property=\"og:description\" content=\"n  Tissu de rechange pour parasol suspendu carr\u00e9 250x250cm  n    Tissu gris clair r\u00e9sistant aux UV  n    100% polyester 235g avec finition en t\u00e9flon  n    Convient aux parasols \u00e0 8 tiges  n\" \/>\n<meta property=\"og:url\" content=\"https:\/\/keramamueblesdejardin.com\/fr\/parasols-et-pergolas\/pieces-detachees-pour-le-textile\/tissu-de-rechange-pour-soleil-parasol-centre-suspendu-250x250cm-carre-gris-clair-ensoleille\/\" \/>\n<meta property=\"og:site_name\" content=\"Kerama\" \/>\n<meta property=\"article:publisher\" content=\"https:\/\/www.facebook.com\/Kerama-Muebles-de-Jard%c3%adn-106209328312568\/\" \/>\n<meta property=\"article:modified_time\" content=\"2023-08-30T07:45:45+00:00\" \/>\n<meta property=\"og:image\" content=\"https:\/\/keramamueblesdejardin.com\/wp-content\/uploads\/2022\/07\/L1530751-scaled.jpg\" \/>\n\t<meta property=\"og:image:width\" content=\"2560\" \/>\n\t<meta property=\"og:image:height\" content=\"1707\" \/>\n\t<meta property=\"og:image:type\" content=\"image\/jpeg\" \/>\n<meta name=\"twitter:card\" content=\"summary_large_image\" \/>\n<script type=\"application\/ld+json\" class=\"yoast-schema-graph\">{\"@context\":\"https:\/\/schema.org\",\"@graph\":[{\"@type\":\"WebPage\",\"@id\":\"https:\/\/keramamueblesdejardin.com\/fr\/parasols-et-pergolas\/pieces-detachees-pour-le-textile\/tissu-de-rechange-pour-soleil-parasol-centre-suspendu-250x250cm-carre-gris-clair-ensoleille\/\",\"url\":\"https:\/\/keramamueblesdejardin.com\/fr\/parasols-et-pergolas\/pieces-detachees-pour-le-textile\/tissu-de-rechange-pour-soleil-parasol-centre-suspendu-250x250cm-carre-gris-clair-ensoleille\/\",\"name\":\"Tissu de rechange pour parasol suspendu carr\u00e9 250x250cm Gris clair - Sunny - Kerama\",\"isPartOf\":{\"@id\":\"https:\/\/keramamueblesdejardin.com\/fr\/#website\"},\"primaryImageOfPage\":{\"@id\":\"https:\/\/keramamueblesdejardin.com\/fr\/parasols-et-pergolas\/pieces-detachees-pour-le-textile\/tissu-de-rechange-pour-soleil-parasol-centre-suspendu-250x250cm-carre-gris-clair-ensoleille\/#primaryimage\"},\"image\":{\"@id\":\"https:\/\/keramamueblesdejardin.com\/fr\/parasols-et-pergolas\/pieces-detachees-pour-le-textile\/tissu-de-rechange-pour-soleil-parasol-centre-suspendu-250x250cm-carre-gris-clair-ensoleille\/#primaryimage\"},\"thumbnailUrl\":\"https:\/\/keramamueblesdejardin.com\/wp-content\/uploads\/2022\/07\/L1530751-scaled.jpg\",\"datePublished\":\"2022-08-03T11:22:18+00:00\",\"dateModified\":\"2023-08-30T07:45:45+00:00\",\"breadcrumb\":{\"@id\":\"https:\/\/keramamueblesdejardin.com\/fr\/parasols-et-pergolas\/pieces-detachees-pour-le-textile\/tissu-de-rechange-pour-soleil-parasol-centre-suspendu-250x250cm-carre-gris-clair-ensoleille\/#breadcrumb\"},\"inLanguage\":\"fr-FR\",\"potentialAction\":[{\"@type\":\"ReadAction\",\"target\":[\"https:\/\/keramamueblesdejardin.com\/fr\/parasols-et-pergolas\/pieces-detachees-pour-le-textile\/tissu-de-rechange-pour-soleil-parasol-centre-suspendu-250x250cm-carre-gris-clair-ensoleille\/\"]}]},{\"@type\":\"ImageObject\",\"inLanguage\":\"fr-FR\",\"@id\":\"https:\/\/keramamueblesdejardin.com\/fr\/parasols-et-pergolas\/pieces-detachees-pour-le-textile\/tissu-de-rechange-pour-soleil-parasol-centre-suspendu-250x250cm-carre-gris-clair-ensoleille\/#primaryimage\",\"url\":\"https:\/\/keramamueblesdejardin.com\/wp-content\/uploads\/2022\/07\/L1530751-scaled.jpg\",\"contentUrl\":\"https:\/\/keramamueblesdejardin.com\/wp-content\/uploads\/2022\/07\/L1530751-scaled.jpg\",\"width\":2560,\"height\":1707},{\"@type\":\"BreadcrumbList\",\"@id\":\"https:\/\/keramamueblesdejardin.com\/fr\/parasols-et-pergolas\/pieces-detachees-pour-le-textile\/tissu-de-rechange-pour-soleil-parasol-centre-suspendu-250x250cm-carre-gris-clair-ensoleille\/#breadcrumb\",\"itemListElement\":[{\"@type\":\"ListItem\",\"position\":1,\"name\":\"Home\",\"item\":\"https:\/\/keramamueblesdejardin.com\/fr\/\"},{\"@type\":\"ListItem\",\"position\":2,\"name\":\"Boutique\",\"item\":\"https:\/\/keramamueblesdejardin.com\/tienda\/\"},{\"@type\":\"ListItem\",\"position\":3,\"name\":\"Parasols et pergolas\",\"item\":\"https:\/\/keramamueblesdejardin.com\/fr\/parasols-et-pergolas\/\"},{\"@type\":\"ListItem\",\"position\":4,\"name\":\"Pi\u00e8ces d\u00e9tach\u00e9es pour le textile\",\"item\":\"https:\/\/keramamueblesdejardin.com\/fr\/parasols-et-pergolas\/pieces-detachees-pour-le-textile\/\"},{\"@type\":\"ListItem\",\"position\":5,\"name\":\"Tissu de rechange pour parasol suspendu carr\u00e9 250x250cm Gris clair &#8211; Sunny\"}]},{\"@type\":\"WebSite\",\"@id\":\"https:\/\/keramamueblesdejardin.com\/fr\/#website\",\"url\":\"https:\/\/keramamueblesdejardin.com\/fr\/\",\"name\":\"Kerama\",\"description\":\"muebles de jard\u00edn\",\"publisher\":{\"@id\":\"https:\/\/keramamueblesdejardin.com\/fr\/#organization\"},\"potentialAction\":[{\"@type\":\"SearchAction\",\"target\":{\"@type\":\"EntryPoint\",\"urlTemplate\":\"https:\/\/keramamueblesdejardin.com\/fr\/?s={search_term_string}\"},\"query-input\":{\"@type\":\"PropertyValueSpecification\",\"valueRequired\":true,\"valueName\":\"search_term_string\"}}],\"inLanguage\":\"fr-FR\"},{\"@type\":\"Organization\",\"@id\":\"https:\/\/keramamueblesdejardin.com\/fr\/#organization\",\"name\":\"kerama\",\"url\":\"https:\/\/keramamueblesdejardin.com\/fr\/\",\"logo\":{\"@type\":\"ImageObject\",\"inLanguage\":\"fr-FR\",\"@id\":\"https:\/\/keramamueblesdejardin.com\/fr\/#\/schema\/logo\/image\/\",\"url\":\"https:\/\/keramamueblesdejardin.com\/wp-content\/uploads\/2020\/12\/k.-scaled.jpg\",\"contentUrl\":\"https:\/\/keramamueblesdejardin.com\/wp-content\/uploads\/2020\/12\/k.-scaled.jpg\",\"width\":2560,\"height\":551,\"caption\":\"kerama\"},\"image\":{\"@id\":\"https:\/\/keramamueblesdejardin.com\/fr\/#\/schema\/logo\/image\/\"},\"sameAs\":[\"https:\/\/www.facebook.com\/Kerama-Muebles-de-Jard\u00edn-106209328312568\/\"]}]}<\/script>\n<!-- \/ Yoast SEO plugin. -->","yoast_head_json":{"title":"Tissu de rechange pour parasol suspendu carr\u00e9 250x250cm Gris clair - Sunny - Kerama","robots":{"index":"index","follow":"follow","max-snippet":"max-snippet:-1","max-image-preview":"max-image-preview:large","max-video-preview":"max-video-preview:-1"},"canonical":"https:\/\/keramamueblesdejardin.com\/fr\/parasols-et-pergolas\/pieces-detachees-pour-le-textile\/tissu-de-rechange-pour-soleil-parasol-centre-suspendu-250x250cm-carre-gris-clair-ensoleille\/","og_locale":"fr_FR","og_type":"article","og_title":"Tissu de rechange pour parasol suspendu carr\u00e9 250x250cm Gris clair - Sunny - Kerama","og_description":"n  Tissu de rechange pour parasol suspendu carr\u00e9 250x250cm  n    Tissu gris clair r\u00e9sistant aux UV  n    100% polyester 235g avec finition en t\u00e9flon  n    Convient aux parasols \u00e0 8 tiges  n","og_url":"https:\/\/keramamueblesdejardin.com\/fr\/parasols-et-pergolas\/pieces-detachees-pour-le-textile\/tissu-de-rechange-pour-soleil-parasol-centre-suspendu-250x250cm-carre-gris-clair-ensoleille\/","og_site_name":"Kerama","article_publisher":"https:\/\/www.facebook.com\/Kerama-Muebles-de-Jard%c3%adn-106209328312568\/","article_modified_time":"2023-08-30T07:45:45+00:00","og_image":[{"width":2560,"height":1707,"url":"https:\/\/keramamueblesdejardin.com\/wp-content\/uploads\/2022\/07\/L1530751-scaled.jpg","type":"image\/jpeg"}],"twitter_card":"summary_large_image","schema":{"@context":"https:\/\/schema.org","@graph":[{"@type":"WebPage","@id":"https:\/\/keramamueblesdejardin.com\/fr\/parasols-et-pergolas\/pieces-detachees-pour-le-textile\/tissu-de-rechange-pour-soleil-parasol-centre-suspendu-250x250cm-carre-gris-clair-ensoleille\/","url":"https:\/\/keramamueblesdejardin.com\/fr\/parasols-et-pergolas\/pieces-detachees-pour-le-textile\/tissu-de-rechange-pour-soleil-parasol-centre-suspendu-250x250cm-carre-gris-clair-ensoleille\/","name":"Tissu de rechange pour parasol suspendu carr\u00e9 250x250cm Gris clair - Sunny - Kerama","isPartOf":{"@id":"https:\/\/keramamueblesdejardin.com\/fr\/#website"},"primaryImageOfPage":{"@id":"https:\/\/keramamueblesdejardin.com\/fr\/parasols-et-pergolas\/pieces-detachees-pour-le-textile\/tissu-de-rechange-pour-soleil-parasol-centre-suspendu-250x250cm-carre-gris-clair-ensoleille\/#primaryimage"},"image":{"@id":"https:\/\/keramamueblesdejardin.com\/fr\/parasols-et-pergolas\/pieces-detachees-pour-le-textile\/tissu-de-rechange-pour-soleil-parasol-centre-suspendu-250x250cm-carre-gris-clair-ensoleille\/#primaryimage"},"thumbnailUrl":"https:\/\/keramamueblesdejardin.com\/wp-content\/uploads\/2022\/07\/L1530751-scaled.jpg","datePublished":"2022-08-03T11:22:18+00:00","dateModified":"2023-08-30T07:45:45+00:00","breadcrumb":{"@id":"https:\/\/keramamueblesdejardin.com\/fr\/parasols-et-pergolas\/pieces-detachees-pour-le-textile\/tissu-de-rechange-pour-soleil-parasol-centre-suspendu-250x250cm-carre-gris-clair-ensoleille\/#breadcrumb"},"inLanguage":"fr-FR","potentialAction":[{"@type":"ReadAction","target":["https:\/\/keramamueblesdejardin.com\/fr\/parasols-et-pergolas\/pieces-detachees-pour-le-textile\/tissu-de-rechange-pour-soleil-parasol-centre-suspendu-250x250cm-carre-gris-clair-ensoleille\/"]}]},{"@type":"ImageObject","inLanguage":"fr-FR","@id":"https:\/\/keramamueblesdejardin.com\/fr\/parasols-et-pergolas\/pieces-detachees-pour-le-textile\/tissu-de-rechange-pour-soleil-parasol-centre-suspendu-250x250cm-carre-gris-clair-ensoleille\/#primaryimage","url":"https:\/\/keramamueblesdejardin.com\/wp-content\/uploads\/2022\/07\/L1530751-scaled.jpg","contentUrl":"https:\/\/keramamueblesdejardin.com\/wp-content\/uploads\/2022\/07\/L1530751-scaled.jpg","width":2560,"height":1707},{"@type":"BreadcrumbList","@id":"https:\/\/keramamueblesdejardin.com\/fr\/parasols-et-pergolas\/pieces-detachees-pour-le-textile\/tissu-de-rechange-pour-soleil-parasol-centre-suspendu-250x250cm-carre-gris-clair-ensoleille\/#breadcrumb","itemListElement":[{"@type":"ListItem","position":1,"name":"Home","item":"https:\/\/keramamueblesdejardin.com\/fr\/"},{"@type":"ListItem","position":2,"name":"Boutique","item":"https:\/\/keramamueblesdejardin.com\/tienda\/"},{"@type":"ListItem","position":3,"name":"Parasols et pergolas","item":"https:\/\/keramamueblesdejardin.com\/fr\/parasols-et-pergolas\/"},{"@type":"ListItem","position":4,"name":"Pi\u00e8ces d\u00e9tach\u00e9es pour le textile","item":"https:\/\/keramamueblesdejardin.com\/fr\/parasols-et-pergolas\/pieces-detachees-pour-le-textile\/"},{"@type":"ListItem","position":5,"name":"Tissu de rechange pour parasol suspendu carr\u00e9 250x250cm Gris clair &#8211; Sunny"}]},{"@type":"WebSite","@id":"https:\/\/keramamueblesdejardin.com\/fr\/#website","url":"https:\/\/keramamueblesdejardin.com\/fr\/","name":"Kerama","description":"muebles de jard\u00edn","publisher":{"@id":"https:\/\/keramamueblesdejardin.com\/fr\/#organization"},"potentialAction":[{"@type":"SearchAction","target":{"@type":"EntryPoint","urlTemplate":"https:\/\/keramamueblesdejardin.com\/fr\/?s={search_term_string}"},"query-input":{"@type":"PropertyValueSpecification","valueRequired":true,"valueName":"search_term_string"}}],"inLanguage":"fr-FR"},{"@type":"Organization","@id":"https:\/\/keramamueblesdejardin.com\/fr\/#organization","name":"kerama","url":"https:\/\/keramamueblesdejardin.com\/fr\/","logo":{"@type":"ImageObject","inLanguage":"fr-FR","@id":"https:\/\/keramamueblesdejardin.com\/fr\/#\/schema\/logo\/image\/","url":"https:\/\/keramamueblesdejardin.com\/wp-content\/uploads\/2020\/12\/k.-scaled.jpg","contentUrl":"https:\/\/keramamueblesdejardin.com\/wp-content\/uploads\/2020\/12\/k.-scaled.jpg","width":2560,"height":551,"caption":"kerama"},"image":{"@id":"https:\/\/keramamueblesdejardin.com\/fr\/#\/schema\/logo\/image\/"},"sameAs":["https:\/\/www.facebook.com\/Kerama-Muebles-de-Jard\u00edn-106209328312568\/"]}]}},"df_price":99,"df_sale_price":99,"df_regular_price":127,"df_image_link":"https:\/\/keramamueblesdejardin.com\/wp-content\/uploads\/2022\/07\/L1530751-300x200.jpg","custom_tabs":"","_links":{"self":[{"href":"https:\/\/keramamueblesdejardin.com\/fr\/wp-json\/wp\/v2\/product\/64432","targetHints":{"allow":["GET"]}}],"collection":[{"href":"https:\/\/keramamueblesdejardin.com\/fr\/wp-json\/wp\/v2\/product"}],"about":[{"href":"https:\/\/keramamueblesdejardin.com\/fr\/wp-json\/wp\/v2\/types\/product"}],"replies":[{"embeddable":true,"href":"https:\/\/keramamueblesdejardin.com\/fr\/wp-json\/wp\/v2\/comments?post=64432"}],"wp:featuredmedia":[{"embeddable":true,"href":"https:\/\/keramamueblesdejardin.com\/fr\/wp-json\/wp\/v2\/media\/59638"}],"wp:attachment":[{"href":"https:\/\/keramamueblesdejardin.com\/fr\/wp-json\/wp\/v2\/media?parent=64432"}],"wp:term":[{"taxonomy":"product_brand","embeddable":true,"href":"https:\/\/keramamueblesdejardin.com\/fr\/wp-json\/wp\/v2\/product_brand?post=64432"},{"taxonomy":"product_cat","embeddable":true,"href":"https:\/\/keramamueblesdejardin.com\/fr\/wp-json\/wp\/v2\/product_cat?post=64432"},{"taxonomy":"product_tag","embeddable":true,"href":"https:\/\/keramamueblesdejardin.com\/fr\/wp-json\/wp\/v2\/product_tag?post=64432"}],"curies":[{"name":"wp","href":"https:\/\/api.w.org\/{rel}","templated":true}]}}