{"id":64319,"date":"2022-09-13T15:24:09","date_gmt":"2022-09-13T13:24:09","guid":{"rendered":"https:\/\/keramamueblesdejardin.com\/non%20class\u00e9\/ensemble-de-balcon-avec-table-dappoint-osaka-blanche-48x48x36-cm-et-2-chaises-osaka-blanches-et-textilene-beige-osaka-blanc\/"},"modified":"2024-02-20T12:27:00","modified_gmt":"2024-02-20T11:27:00","slug":"balcon-set-osaka-blanc-banc-table-48x48x36-cm-et-2-osaka-chaises-blanches-et-textile-beige-osaka-blancs","status":"publish","type":"product","link":"https:\/\/keramamueblesdejardin.com\/fr\/salles-exterieures\/ensembles-de-jardin\/balcon-set-osaka-blanc-banc-table-48x48x36-cm-et-2-osaka-chaises-blanches-et-textile-beige-osaka-blancs\/","title":{"rendered":"Ensemble de balcon avec table d&rsquo;appoint Osaka blanche 48x48x36 cm et 2 chaises Osaka blanches et textil\u00e8ne beige &#8211; Osaka blanc"},"content":{"rendered":"<p>Set de table basse de jardin 48x48x36 cm en aluminium blanc et lattes en polywood imitation bois et 2 chaises Osaka. Les chaises sont empilables avec une structure blanche et des accoudoirs en polywood imitant le bois en aluminium blanc et en textil\u00e8ne tapiss\u00e9 beige. En plus d&rsquo;\u00eatre tr\u00e8s confortables gr\u00e2ce \u00e0 leurs accoudoirs et \u00e0 leurs si\u00e8ges et dossiers rembourr\u00e9s, ils sont empilables, ce qui r\u00e9duit consid\u00e9rablement l&rsquo;espace de rangement. Les chaises d&rsquo;ext\u00e9rieur ont une structure blanche et un textil\u00e8ne beige et sont tr\u00e8s l\u00e9g\u00e8res car elles sont fabriqu\u00e9es en aluminium.<\/p>\n<p>Vous pouvez combiner cet ensemble de balcon avec d\u2019autres produits de la <strong><br \/>\n  <a title=\"Gamme de produits Osaka\" href=\"https:\/\/keramamueblesdejardin.com\/etiqueta\/osaka\/\" target=\"_blank\" rel=\"noopener\">famille Osaka.<\/a><br \/>\n<\/strong><\/p>\n","protected":false},"excerpt":{"rendered":"<ul>\n<li>Fabriqu\u00e9 en aluminium et en simili bois et dos textile rembourr\u00e9<\/li>\n<li>Les chaises sont empilables, prennent moins de place<\/li>\n<li>Aucun entretien requis<\/li>\n<li>Coussins amovibles et lavables<\/li>\n<\/ul>\n","protected":false},"featured_media":81201,"comment_status":"closed","ping_status":"closed","template":"","meta":{"_acf_changed":false},"product_brand":[],"product_cat":[599,604],"product_tag":[565,596,573],"class_list":{"0":"post-64319","1":"product","2":"type-product","3":"status-publish","4":"has-post-thumbnail","6":"product_cat-ensembles-de-jardin","7":"product_cat-salles-exterieures","8":"product_tag-aluminium","9":"product_tag-osaka-fr","10":"product_tag-petits-espaces","11":"product_shipping_class-envio-gratuito-fr","12":"pa_asientos-2-fr-2","13":"pa_caracteristicas-accoudoirs","14":"pa_caracteristicas-empilable","15":"pa_caracteristicas-extensible-fr","16":"pa_caracteristicas-montage-facile","17":"pa_caracteristicas-resistant-a-l-eau","18":"pa_coleccion-osaka-fr","19":"pa_material-aluminio-fr","20":"pa_material-imitation-bois","21":"pa_tamano-espacio-petit","23":"first","24":"outofstock","25":"sale","26":"purchasable","27":"product-type-simple","28":"add-to-wishlist-before_image"},"acf":[],"yoast_head":"<!-- This site is optimized with the Yoast SEO plugin v27.2 - https:\/\/yoast.com\/product\/yoast-seo-wordpress\/ -->\n<title>Ensemble de balcon avec table d&#039;appoint Osaka blanche 48x48x36 cm et 2 chaises Osaka blanches et textil\u00e8ne beige - Osaka blanc - Kerama<\/title>\n<meta name=\"robots\" content=\"index, follow, max-snippet:-1, max-image-preview:large, max-video-preview:-1\" \/>\n<link rel=\"canonical\" href=\"https:\/\/keramamueblesdejardin.com\/fr\/salles-exterieures\/ensembles-de-jardin\/balcon-set-osaka-blanc-banc-table-48x48x36-cm-et-2-osaka-chaises-blanches-et-textile-beige-osaka-blancs\/\" \/>\n<meta property=\"og:locale\" content=\"fr_FR\" \/>\n<meta property=\"og:type\" content=\"article\" \/>\n<meta property=\"og:title\" content=\"Ensemble de balcon avec table d&#039;appoint Osaka blanche 48x48x36 cm et 2 chaises Osaka blanches et textil\u00e8ne beige - Osaka blanc - Kerama\" \/>\n<meta property=\"og:description\" content=\"Fabriqu\u00e9 en aluminium et en simili bois et dos textile rembourr\u00e9  Les chaises sont empilables, prennent moins de place  Aucun entretien requis  Coussins amovibles et lavables\" \/>\n<meta property=\"og:url\" content=\"https:\/\/keramamueblesdejardin.com\/fr\/salles-exterieures\/ensembles-de-jardin\/balcon-set-osaka-blanc-banc-table-48x48x36-cm-et-2-osaka-chaises-blanches-et-textile-beige-osaka-blancs\/\" \/>\n<meta property=\"og:site_name\" content=\"Kerama\" \/>\n<meta property=\"article:publisher\" content=\"https:\/\/www.facebook.com\/Kerama-Muebles-de-Jard%c3%adn-106209328312568\/\" \/>\n<meta property=\"article:modified_time\" content=\"2024-02-20T11:27:00+00:00\" \/>\n<meta property=\"og:image\" content=\"https:\/\/keramamueblesdejardin.com\/wp-content\/uploads\/2022\/09\/osaka-mesita.jpg\" \/>\n\t<meta property=\"og:image:width\" content=\"1200\" \/>\n\t<meta property=\"og:image:height\" content=\"1200\" \/>\n\t<meta property=\"og:image:type\" content=\"image\/jpeg\" \/>\n<meta name=\"twitter:card\" content=\"summary_large_image\" \/>\n<meta name=\"twitter:label1\" content=\"Dur\u00e9e de lecture estim\u00e9e\" \/>\n\t<meta name=\"twitter:data1\" content=\"1 minute\" \/>\n<script type=\"application\/ld+json\" class=\"yoast-schema-graph\">{\"@context\":\"https:\/\/schema.org\",\"@graph\":[{\"@type\":\"WebPage\",\"@id\":\"https:\/\/keramamueblesdejardin.com\/fr\/salles-exterieures\/ensembles-de-jardin\/balcon-set-osaka-blanc-banc-table-48x48x36-cm-et-2-osaka-chaises-blanches-et-textile-beige-osaka-blancs\/\",\"url\":\"https:\/\/keramamueblesdejardin.com\/fr\/salles-exterieures\/ensembles-de-jardin\/balcon-set-osaka-blanc-banc-table-48x48x36-cm-et-2-osaka-chaises-blanches-et-textile-beige-osaka-blancs\/\",\"name\":\"Ensemble de balcon avec table d'appoint Osaka blanche 48x48x36 cm et 2 chaises Osaka blanches et textil\u00e8ne beige - Osaka blanc - Kerama\",\"isPartOf\":{\"@id\":\"https:\/\/keramamueblesdejardin.com\/fr\/#website\"},\"primaryImageOfPage\":{\"@id\":\"https:\/\/keramamueblesdejardin.com\/fr\/salles-exterieures\/ensembles-de-jardin\/balcon-set-osaka-blanc-banc-table-48x48x36-cm-et-2-osaka-chaises-blanches-et-textile-beige-osaka-blancs\/#primaryimage\"},\"image\":{\"@id\":\"https:\/\/keramamueblesdejardin.com\/fr\/salles-exterieures\/ensembles-de-jardin\/balcon-set-osaka-blanc-banc-table-48x48x36-cm-et-2-osaka-chaises-blanches-et-textile-beige-osaka-blancs\/#primaryimage\"},\"thumbnailUrl\":\"https:\/\/keramamueblesdejardin.com\/wp-content\/uploads\/2022\/09\/osaka-mesita.jpg\",\"datePublished\":\"2022-09-13T13:24:09+00:00\",\"dateModified\":\"2024-02-20T11:27:00+00:00\",\"breadcrumb\":{\"@id\":\"https:\/\/keramamueblesdejardin.com\/fr\/salles-exterieures\/ensembles-de-jardin\/balcon-set-osaka-blanc-banc-table-48x48x36-cm-et-2-osaka-chaises-blanches-et-textile-beige-osaka-blancs\/#breadcrumb\"},\"inLanguage\":\"fr-FR\",\"potentialAction\":[{\"@type\":\"ReadAction\",\"target\":[\"https:\/\/keramamueblesdejardin.com\/fr\/salles-exterieures\/ensembles-de-jardin\/balcon-set-osaka-blanc-banc-table-48x48x36-cm-et-2-osaka-chaises-blanches-et-textile-beige-osaka-blancs\/\"]}]},{\"@type\":\"ImageObject\",\"inLanguage\":\"fr-FR\",\"@id\":\"https:\/\/keramamueblesdejardin.com\/fr\/salles-exterieures\/ensembles-de-jardin\/balcon-set-osaka-blanc-banc-table-48x48x36-cm-et-2-osaka-chaises-blanches-et-textile-beige-osaka-blancs\/#primaryimage\",\"url\":\"https:\/\/keramamueblesdejardin.com\/wp-content\/uploads\/2022\/09\/osaka-mesita.jpg\",\"contentUrl\":\"https:\/\/keramamueblesdejardin.com\/wp-content\/uploads\/2022\/09\/osaka-mesita.jpg\",\"width\":1200,\"height\":1200},{\"@type\":\"BreadcrumbList\",\"@id\":\"https:\/\/keramamueblesdejardin.com\/fr\/salles-exterieures\/ensembles-de-jardin\/balcon-set-osaka-blanc-banc-table-48x48x36-cm-et-2-osaka-chaises-blanches-et-textile-beige-osaka-blancs\/#breadcrumb\",\"itemListElement\":[{\"@type\":\"ListItem\",\"position\":1,\"name\":\"Home\",\"item\":\"https:\/\/keramamueblesdejardin.com\/fr\/\"},{\"@type\":\"ListItem\",\"position\":2,\"name\":\"Boutique\",\"item\":\"https:\/\/keramamueblesdejardin.com\/tienda\/\"},{\"@type\":\"ListItem\",\"position\":3,\"name\":\"Salles ext\u00e9rieures\",\"item\":\"https:\/\/keramamueblesdejardin.com\/fr\/salles-exterieures\/\"},{\"@type\":\"ListItem\",\"position\":4,\"name\":\"Ensembles de jardin\",\"item\":\"https:\/\/keramamueblesdejardin.com\/fr\/salles-exterieures\/ensembles-de-jardin\/\"},{\"@type\":\"ListItem\",\"position\":5,\"name\":\"Ensemble de balcon avec table d&#8217;appoint Osaka blanche 48x48x36 cm et 2 chaises Osaka blanches et textil\u00e8ne beige &#8211; Osaka blanc\"}]},{\"@type\":\"WebSite\",\"@id\":\"https:\/\/keramamueblesdejardin.com\/fr\/#website\",\"url\":\"https:\/\/keramamueblesdejardin.com\/fr\/\",\"name\":\"Kerama\",\"description\":\"muebles de jard\u00edn\",\"publisher\":{\"@id\":\"https:\/\/keramamueblesdejardin.com\/fr\/#organization\"},\"potentialAction\":[{\"@type\":\"SearchAction\",\"target\":{\"@type\":\"EntryPoint\",\"urlTemplate\":\"https:\/\/keramamueblesdejardin.com\/fr\/?s={search_term_string}\"},\"query-input\":{\"@type\":\"PropertyValueSpecification\",\"valueRequired\":true,\"valueName\":\"search_term_string\"}}],\"inLanguage\":\"fr-FR\"},{\"@type\":\"Organization\",\"@id\":\"https:\/\/keramamueblesdejardin.com\/fr\/#organization\",\"name\":\"kerama\",\"url\":\"https:\/\/keramamueblesdejardin.com\/fr\/\",\"logo\":{\"@type\":\"ImageObject\",\"inLanguage\":\"fr-FR\",\"@id\":\"https:\/\/keramamueblesdejardin.com\/fr\/#\/schema\/logo\/image\/\",\"url\":\"https:\/\/keramamueblesdejardin.com\/wp-content\/uploads\/2020\/12\/k.-scaled.jpg\",\"contentUrl\":\"https:\/\/keramamueblesdejardin.com\/wp-content\/uploads\/2020\/12\/k.-scaled.jpg\",\"width\":2560,\"height\":551,\"caption\":\"kerama\"},\"image\":{\"@id\":\"https:\/\/keramamueblesdejardin.com\/fr\/#\/schema\/logo\/image\/\"},\"sameAs\":[\"https:\/\/www.facebook.com\/Kerama-Muebles-de-Jard\u00edn-106209328312568\/\"]}]}<\/script>\n<!-- \/ Yoast SEO plugin. -->","yoast_head_json":{"title":"Ensemble de balcon avec table d'appoint Osaka blanche 48x48x36 cm et 2 chaises Osaka blanches et textil\u00e8ne beige - Osaka blanc - Kerama","robots":{"index":"index","follow":"follow","max-snippet":"max-snippet:-1","max-image-preview":"max-image-preview:large","max-video-preview":"max-video-preview:-1"},"canonical":"https:\/\/keramamueblesdejardin.com\/fr\/salles-exterieures\/ensembles-de-jardin\/balcon-set-osaka-blanc-banc-table-48x48x36-cm-et-2-osaka-chaises-blanches-et-textile-beige-osaka-blancs\/","og_locale":"fr_FR","og_type":"article","og_title":"Ensemble de balcon avec table d'appoint Osaka blanche 48x48x36 cm et 2 chaises Osaka blanches et textil\u00e8ne beige - Osaka blanc - Kerama","og_description":"Fabriqu\u00e9 en aluminium et en simili bois et dos textile rembourr\u00e9  Les chaises sont empilables, prennent moins de place  Aucun entretien requis  Coussins amovibles et lavables","og_url":"https:\/\/keramamueblesdejardin.com\/fr\/salles-exterieures\/ensembles-de-jardin\/balcon-set-osaka-blanc-banc-table-48x48x36-cm-et-2-osaka-chaises-blanches-et-textile-beige-osaka-blancs\/","og_site_name":"Kerama","article_publisher":"https:\/\/www.facebook.com\/Kerama-Muebles-de-Jard%c3%adn-106209328312568\/","article_modified_time":"2024-02-20T11:27:00+00:00","og_image":[{"width":1200,"height":1200,"url":"https:\/\/keramamueblesdejardin.com\/wp-content\/uploads\/2022\/09\/osaka-mesita.jpg","type":"image\/jpeg"}],"twitter_card":"summary_large_image","twitter_misc":{"Dur\u00e9e de lecture estim\u00e9e":"1 minute"},"schema":{"@context":"https:\/\/schema.org","@graph":[{"@type":"WebPage","@id":"https:\/\/keramamueblesdejardin.com\/fr\/salles-exterieures\/ensembles-de-jardin\/balcon-set-osaka-blanc-banc-table-48x48x36-cm-et-2-osaka-chaises-blanches-et-textile-beige-osaka-blancs\/","url":"https:\/\/keramamueblesdejardin.com\/fr\/salles-exterieures\/ensembles-de-jardin\/balcon-set-osaka-blanc-banc-table-48x48x36-cm-et-2-osaka-chaises-blanches-et-textile-beige-osaka-blancs\/","name":"Ensemble de balcon avec table d'appoint Osaka blanche 48x48x36 cm et 2 chaises Osaka blanches et textil\u00e8ne beige - Osaka blanc - Kerama","isPartOf":{"@id":"https:\/\/keramamueblesdejardin.com\/fr\/#website"},"primaryImageOfPage":{"@id":"https:\/\/keramamueblesdejardin.com\/fr\/salles-exterieures\/ensembles-de-jardin\/balcon-set-osaka-blanc-banc-table-48x48x36-cm-et-2-osaka-chaises-blanches-et-textile-beige-osaka-blancs\/#primaryimage"},"image":{"@id":"https:\/\/keramamueblesdejardin.com\/fr\/salles-exterieures\/ensembles-de-jardin\/balcon-set-osaka-blanc-banc-table-48x48x36-cm-et-2-osaka-chaises-blanches-et-textile-beige-osaka-blancs\/#primaryimage"},"thumbnailUrl":"https:\/\/keramamueblesdejardin.com\/wp-content\/uploads\/2022\/09\/osaka-mesita.jpg","datePublished":"2022-09-13T13:24:09+00:00","dateModified":"2024-02-20T11:27:00+00:00","breadcrumb":{"@id":"https:\/\/keramamueblesdejardin.com\/fr\/salles-exterieures\/ensembles-de-jardin\/balcon-set-osaka-blanc-banc-table-48x48x36-cm-et-2-osaka-chaises-blanches-et-textile-beige-osaka-blancs\/#breadcrumb"},"inLanguage":"fr-FR","potentialAction":[{"@type":"ReadAction","target":["https:\/\/keramamueblesdejardin.com\/fr\/salles-exterieures\/ensembles-de-jardin\/balcon-set-osaka-blanc-banc-table-48x48x36-cm-et-2-osaka-chaises-blanches-et-textile-beige-osaka-blancs\/"]}]},{"@type":"ImageObject","inLanguage":"fr-FR","@id":"https:\/\/keramamueblesdejardin.com\/fr\/salles-exterieures\/ensembles-de-jardin\/balcon-set-osaka-blanc-banc-table-48x48x36-cm-et-2-osaka-chaises-blanches-et-textile-beige-osaka-blancs\/#primaryimage","url":"https:\/\/keramamueblesdejardin.com\/wp-content\/uploads\/2022\/09\/osaka-mesita.jpg","contentUrl":"https:\/\/keramamueblesdejardin.com\/wp-content\/uploads\/2022\/09\/osaka-mesita.jpg","width":1200,"height":1200},{"@type":"BreadcrumbList","@id":"https:\/\/keramamueblesdejardin.com\/fr\/salles-exterieures\/ensembles-de-jardin\/balcon-set-osaka-blanc-banc-table-48x48x36-cm-et-2-osaka-chaises-blanches-et-textile-beige-osaka-blancs\/#breadcrumb","itemListElement":[{"@type":"ListItem","position":1,"name":"Home","item":"https:\/\/keramamueblesdejardin.com\/fr\/"},{"@type":"ListItem","position":2,"name":"Boutique","item":"https:\/\/keramamueblesdejardin.com\/tienda\/"},{"@type":"ListItem","position":3,"name":"Salles ext\u00e9rieures","item":"https:\/\/keramamueblesdejardin.com\/fr\/salles-exterieures\/"},{"@type":"ListItem","position":4,"name":"Ensembles de jardin","item":"https:\/\/keramamueblesdejardin.com\/fr\/salles-exterieures\/ensembles-de-jardin\/"},{"@type":"ListItem","position":5,"name":"Ensemble de balcon avec table d&#8217;appoint Osaka blanche 48x48x36 cm et 2 chaises Osaka blanches et textil\u00e8ne beige &#8211; Osaka blanc"}]},{"@type":"WebSite","@id":"https:\/\/keramamueblesdejardin.com\/fr\/#website","url":"https:\/\/keramamueblesdejardin.com\/fr\/","name":"Kerama","description":"muebles de jard\u00edn","publisher":{"@id":"https:\/\/keramamueblesdejardin.com\/fr\/#organization"},"potentialAction":[{"@type":"SearchAction","target":{"@type":"EntryPoint","urlTemplate":"https:\/\/keramamueblesdejardin.com\/fr\/?s={search_term_string}"},"query-input":{"@type":"PropertyValueSpecification","valueRequired":true,"valueName":"search_term_string"}}],"inLanguage":"fr-FR"},{"@type":"Organization","@id":"https:\/\/keramamueblesdejardin.com\/fr\/#organization","name":"kerama","url":"https:\/\/keramamueblesdejardin.com\/fr\/","logo":{"@type":"ImageObject","inLanguage":"fr-FR","@id":"https:\/\/keramamueblesdejardin.com\/fr\/#\/schema\/logo\/image\/","url":"https:\/\/keramamueblesdejardin.com\/wp-content\/uploads\/2020\/12\/k.-scaled.jpg","contentUrl":"https:\/\/keramamueblesdejardin.com\/wp-content\/uploads\/2020\/12\/k.-scaled.jpg","width":2560,"height":551,"caption":"kerama"},"image":{"@id":"https:\/\/keramamueblesdejardin.com\/fr\/#\/schema\/logo\/image\/"},"sameAs":["https:\/\/www.facebook.com\/Kerama-Muebles-de-Jard\u00edn-106209328312568\/"]}]}},"df_price":329,"df_sale_price":329,"df_regular_price":410,"df_image_link":"https:\/\/keramamueblesdejardin.com\/wp-content\/uploads\/2022\/09\/osaka-mesita-300x300.jpg","custom_tabs":[{"title":"MESURES","id":"mesures","content":"<div class=\"list\"><strong style=\"font-weight: bold; color: #282828;\">Hauteur :<\/strong><span style=\"color: #282828;\"> chaise 86 cm \/\/ table 34cm<\/span><br style=\"color: #282828;\"><strong style=\"font-weight: bold; color: #282828;\">Largeur:<\/strong><span style=\"color: #282828;\"> chaise 57 cm \/\/ table 48cm<\/span><br style=\"color: #282828;\"><strong style=\"font-weight: bold; color: #282828;\">Fond :<\/strong><span style=\"color: #282828;\"> chaise 65 cm \/\/ table 48cm<\/span><\/div>"},{"title":"D\u00c9BALLAGE ET MONTAGE","id":"deballage-et-montage","content":"<div class=\"list\"><strong style=\"font-weight: bold; color: #282828;\">Recommandations pour le d\u00e9ballage<\/strong>: <span style=\"color: #282828;\">N\u2019utilisez pas d\u2019ustensiles tranchants lors du d\u00e9ballage des meubles, car cela pourrait causer des dommages<\/span><strong style=\"font-weight: bold; color: #282828;\"><br style=\"color: #282828;\">N\u00e9cessite un assemblage (oui\/non) :<\/strong><span style=\"color: #282828;\"><strong style=\"font-weight: bold; color: #282828;\"><br style=\"color: #282828;\">Oui Difficult\u00e9 de montage :<\/strong><\/span> <span style=\"color: #282828;\"> Faible<\/span><strong style=\"font-weight: bold; color: #282828;\"><br style=\"color: #282828;\">temps d\u2019assemblage:<\/strong> <span style=\"color: #282828;\"> 10 minutes<\/span><strong style=\"font-weight: bold; color: #282828;\"><br style=\"color: #282828;\">Personnes recommand\u00e9es pour l\u2019assemblage:<\/strong><span style=\"color: #282828;\"><strong style=\"font-weight: bold; color: #282828;\"><br style=\"color: #282828;\">2 Suggestions de l\u2019Assembl\u00e9e :<\/strong><\/span><span style=\"color: #282828;\">  Pr\u00e9parez une zone de montage propre et s\u00e8che, v\u00e9rifiez qu'aucune des pi\u00e8ces \u00e9num\u00e9r\u00e9es dans le manuel ne manque. Nous recommandons l'utilisation de gants appropri\u00e9s pour le montage. N'utilisez que les pi\u00e8ces et les raccords fournis.<\/span><\/div>"},{"title":"ENTRETIEN ET GARANTIES","id":"entretien-et-garanties","content":"<div class=\"moz-signature\">\n<div class=\"list\"><strong>Recommandations g\u00e9n\u00e9rales :<\/strong>\n- Les d\u00e9faillances ou les dommages caus\u00e9s par les \u00e9l\u00e9ments suivants sont exclus de la garantie :\n- Les causes accidentelles telles que chutes, coups, d\u00e9versement de liquides, introduction de corps \u00e9trangers, ainsi que toute autre force majeure.\n- Utilisation n\u00e9gligente, inappropri\u00e9e ou non domestique.\n- Dommages, corrosion et\/ou oxydation acc\u00e9l\u00e9r\u00e9s par des conditions environnementales d\u00e9favorables.\n- Taches et d\u00e9coloration dues au non-respect de nos instructions de nettoyage.\n- Dommages survenus lors du montage et de la manipulation sans respecter les instructions de montage.\n<strong>Instructions d'utilisation et d'entretien :<\/strong>\n- Essuyez doucement avec un chiffon ou utilisez un savon liquide neutre, puis rincez abondamment \u00e0 l'eau.\n- Enlevez r\u00e9guli\u00e8rement la poussi\u00e8re avec un chiffon doux et de l'eau claire.\n- N'utilisez pas de d\u00e9tergents ou de produits abrasifs pour le nettoyage.\n<strong>Ann\u00e9es de garantie :<\/strong> 3 ans\n<strong>Fabriqu\u00e9 conform\u00e9ment \u00e0 la norme :<\/strong> 581-1,581-2,581-3<\/div>\n<\/div>"}],"_links":{"self":[{"href":"https:\/\/keramamueblesdejardin.com\/fr\/wp-json\/wp\/v2\/product\/64319","targetHints":{"allow":["GET"]}}],"collection":[{"href":"https:\/\/keramamueblesdejardin.com\/fr\/wp-json\/wp\/v2\/product"}],"about":[{"href":"https:\/\/keramamueblesdejardin.com\/fr\/wp-json\/wp\/v2\/types\/product"}],"replies":[{"embeddable":true,"href":"https:\/\/keramamueblesdejardin.com\/fr\/wp-json\/wp\/v2\/comments?post=64319"}],"wp:featuredmedia":[{"embeddable":true,"href":"https:\/\/keramamueblesdejardin.com\/fr\/wp-json\/wp\/v2\/media\/81201"}],"wp:attachment":[{"href":"https:\/\/keramamueblesdejardin.com\/fr\/wp-json\/wp\/v2\/media?parent=64319"}],"wp:term":[{"taxonomy":"product_brand","embeddable":true,"href":"https:\/\/keramamueblesdejardin.com\/fr\/wp-json\/wp\/v2\/product_brand?post=64319"},{"taxonomy":"product_cat","embeddable":true,"href":"https:\/\/keramamueblesdejardin.com\/fr\/wp-json\/wp\/v2\/product_cat?post=64319"},{"taxonomy":"product_tag","embeddable":true,"href":"https:\/\/keramamueblesdejardin.com\/fr\/wp-json\/wp\/v2\/product_tag?post=64319"}],"curies":[{"name":"wp","href":"https:\/\/api.w.org\/{rel}","templated":true}]}}