{"id":64270,"date":"2021-05-06T08:49:24","date_gmt":"2021-05-06T06:49:24","guid":{"rendered":"https:\/\/keramamueblesdejardin.com\/non%20class\u00e9\/structure-excentrique-de-parasol-anthracite-tissu-anthracite-3x3m-milan\/"},"modified":"2023-08-29T10:52:44","modified_gmt":"2023-08-29T08:52:44","slug":"ombrelle-3x3-gris-milan","status":"publish","type":"product","link":"https:\/\/keramamueblesdejardin.com\/fr\/parasols-et-pergolas\/pare-soleil\/ombrelle-3x3-gris-milan\/","title":{"rendered":"Structure excentrique de parasol anthracite tissu anthracite 3x3m &#8211; Milan"},"content":{"rendered":"<p>Le parasol excentrique Milan 3\u00d73 avec jupe ext\u00e9rieure pour le jardin ou la terrasse, poss\u00e8de un m\u00e2t lat\u00e9ral tr\u00e8s robuste en aluminium. Le tissu a une belle finition grise, qui est hydrofuge, anti-taches et comprend \u00e9galement une chemin\u00e9e de ventilation. Il peut \u00eatre tourn\u00e9 \u00e0 360 degr\u00e9s pour choisir l&rsquo;orientation la plus pratique et poss\u00e8de une manivelle qui permet d&rsquo;ouvrir et de fermer le parasol tr\u00e8s facilement. Il peut \u00e9galement \u00eatre inclin\u00e9 en hauteur. Le parasol excentrique Milan a une structure robuste avec un total de 8 tiges et un design \u00e9l\u00e9gant qui le rend id\u00e9al pour un ensemble de jardin ou de terrasse que vous voulez garder toute l&rsquo;ann\u00e9e.<\/p>\n<p>&nbsp;<\/p>\n","protected":false},"excerpt":{"rendered":"<ul>\n<li>Parasol excentrique carr\u00e9 300\u00d7300 cm<\/li>\n<li>Fonction de rotation et d&rsquo;inclinaison \u00e0 360<\/li>\n<li>Structure de couleur anthracite<\/li>\n<li>Tissu gris<\/li>\n<\/ul>\n","protected":false},"featured_media":55924,"comment_status":"closed","ping_status":"open","template":"","meta":{"_acf_changed":false},"product_brand":[],"product_cat":[569,570],"product_tag":[565,567,664],"class_list":{"0":"post-64270","1":"product","2":"type-product","3":"status-publish","4":"has-post-thumbnail","6":"product_cat-parasols-et-pergolas","7":"product_cat-pare-soleil","8":"product_tag-aluminium","9":"product_tag-grands-espaces","10":"product_tag-milan-fr","11":"product_shipping_class-envio-gratuito-fr","12":"pa_forma-carre","13":"pa_material-aluminio-fr","14":"pa_material-poliester-fr","16":"first","17":"instock","18":"sale","19":"purchasable","20":"product-type-simple","21":"add-to-wishlist-before_image"},"acf":[],"yoast_head":"<!-- This site is optimized with the Yoast SEO plugin v27.2 - https:\/\/yoast.com\/product\/yoast-seo-wordpress\/ -->\n<title>Structure excentrique de parasol anthracite tissu anthracite 3x3m - Milan - Kerama<\/title>\n<meta name=\"robots\" content=\"index, follow, max-snippet:-1, max-image-preview:large, max-video-preview:-1\" \/>\n<link rel=\"canonical\" href=\"https:\/\/keramamueblesdejardin.com\/fr\/parasols-et-pergolas\/pare-soleil\/ombrelle-3x3-gris-milan\/\" \/>\n<meta property=\"og:locale\" content=\"fr_FR\" \/>\n<meta property=\"og:type\" content=\"article\" \/>\n<meta property=\"og:title\" content=\"Structure excentrique de parasol anthracite tissu anthracite 3x3m - Milan - Kerama\" \/>\n<meta property=\"og:description\" content=\"Parasol excentrique carr\u00e9 300\u00d7300 cm  Fonction de rotation et d&#039;inclinaison \u00e0 360  Structure de couleur anthracite  Tissu gris\" \/>\n<meta property=\"og:url\" content=\"https:\/\/keramamueblesdejardin.com\/fr\/parasols-et-pergolas\/pare-soleil\/ombrelle-3x3-gris-milan\/\" \/>\n<meta property=\"og:site_name\" content=\"Kerama\" \/>\n<meta property=\"article:publisher\" content=\"https:\/\/www.facebook.com\/Kerama-Muebles-de-Jard%c3%adn-106209328312568\/\" \/>\n<meta property=\"article:modified_time\" content=\"2023-08-29T08:52:44+00:00\" \/>\n<meta property=\"og:image\" content=\"https:\/\/keramamueblesdejardin.com\/wp-content\/uploads\/2021\/05\/KMJ21122_01-1.jpg\" \/>\n\t<meta property=\"og:image:width\" content=\"2000\" \/>\n\t<meta property=\"og:image:height\" content=\"2000\" \/>\n\t<meta property=\"og:image:type\" content=\"image\/jpeg\" \/>\n<meta name=\"twitter:card\" content=\"summary_large_image\" \/>\n<meta name=\"twitter:label1\" content=\"Dur\u00e9e de lecture estim\u00e9e\" \/>\n\t<meta name=\"twitter:data1\" content=\"1 minute\" \/>\n<script type=\"application\/ld+json\" class=\"yoast-schema-graph\">{\"@context\":\"https:\/\/schema.org\",\"@graph\":[{\"@type\":\"WebPage\",\"@id\":\"https:\/\/keramamueblesdejardin.com\/fr\/parasols-et-pergolas\/pare-soleil\/ombrelle-3x3-gris-milan\/\",\"url\":\"https:\/\/keramamueblesdejardin.com\/fr\/parasols-et-pergolas\/pare-soleil\/ombrelle-3x3-gris-milan\/\",\"name\":\"Structure excentrique de parasol anthracite tissu anthracite 3x3m - Milan - Kerama\",\"isPartOf\":{\"@id\":\"https:\/\/keramamueblesdejardin.com\/fr\/#website\"},\"primaryImageOfPage\":{\"@id\":\"https:\/\/keramamueblesdejardin.com\/fr\/parasols-et-pergolas\/pare-soleil\/ombrelle-3x3-gris-milan\/#primaryimage\"},\"image\":{\"@id\":\"https:\/\/keramamueblesdejardin.com\/fr\/parasols-et-pergolas\/pare-soleil\/ombrelle-3x3-gris-milan\/#primaryimage\"},\"thumbnailUrl\":\"https:\/\/keramamueblesdejardin.com\/wp-content\/uploads\/2021\/05\/KMJ21122_01-1.jpg\",\"datePublished\":\"2021-05-06T06:49:24+00:00\",\"dateModified\":\"2023-08-29T08:52:44+00:00\",\"breadcrumb\":{\"@id\":\"https:\/\/keramamueblesdejardin.com\/fr\/parasols-et-pergolas\/pare-soleil\/ombrelle-3x3-gris-milan\/#breadcrumb\"},\"inLanguage\":\"fr-FR\",\"potentialAction\":[{\"@type\":\"ReadAction\",\"target\":[\"https:\/\/keramamueblesdejardin.com\/fr\/parasols-et-pergolas\/pare-soleil\/ombrelle-3x3-gris-milan\/\"]}]},{\"@type\":\"ImageObject\",\"inLanguage\":\"fr-FR\",\"@id\":\"https:\/\/keramamueblesdejardin.com\/fr\/parasols-et-pergolas\/pare-soleil\/ombrelle-3x3-gris-milan\/#primaryimage\",\"url\":\"https:\/\/keramamueblesdejardin.com\/wp-content\/uploads\/2021\/05\/KMJ21122_01-1.jpg\",\"contentUrl\":\"https:\/\/keramamueblesdejardin.com\/wp-content\/uploads\/2021\/05\/KMJ21122_01-1.jpg\",\"width\":2000,\"height\":2000},{\"@type\":\"BreadcrumbList\",\"@id\":\"https:\/\/keramamueblesdejardin.com\/fr\/parasols-et-pergolas\/pare-soleil\/ombrelle-3x3-gris-milan\/#breadcrumb\",\"itemListElement\":[{\"@type\":\"ListItem\",\"position\":1,\"name\":\"Home\",\"item\":\"https:\/\/keramamueblesdejardin.com\/fr\/\"},{\"@type\":\"ListItem\",\"position\":2,\"name\":\"Boutique\",\"item\":\"https:\/\/keramamueblesdejardin.com\/tienda\/\"},{\"@type\":\"ListItem\",\"position\":3,\"name\":\"Parasols et pergolas\",\"item\":\"https:\/\/keramamueblesdejardin.com\/fr\/parasols-et-pergolas\/\"},{\"@type\":\"ListItem\",\"position\":4,\"name\":\"Pare-soleil\",\"item\":\"https:\/\/keramamueblesdejardin.com\/fr\/parasols-et-pergolas\/pare-soleil\/\"},{\"@type\":\"ListItem\",\"position\":5,\"name\":\"Structure excentrique de parasol anthracite tissu anthracite 3x3m &#8211; Milan\"}]},{\"@type\":\"WebSite\",\"@id\":\"https:\/\/keramamueblesdejardin.com\/fr\/#website\",\"url\":\"https:\/\/keramamueblesdejardin.com\/fr\/\",\"name\":\"Kerama\",\"description\":\"muebles de jard\u00edn\",\"publisher\":{\"@id\":\"https:\/\/keramamueblesdejardin.com\/fr\/#organization\"},\"potentialAction\":[{\"@type\":\"SearchAction\",\"target\":{\"@type\":\"EntryPoint\",\"urlTemplate\":\"https:\/\/keramamueblesdejardin.com\/fr\/?s={search_term_string}\"},\"query-input\":{\"@type\":\"PropertyValueSpecification\",\"valueRequired\":true,\"valueName\":\"search_term_string\"}}],\"inLanguage\":\"fr-FR\"},{\"@type\":\"Organization\",\"@id\":\"https:\/\/keramamueblesdejardin.com\/fr\/#organization\",\"name\":\"kerama\",\"url\":\"https:\/\/keramamueblesdejardin.com\/fr\/\",\"logo\":{\"@type\":\"ImageObject\",\"inLanguage\":\"fr-FR\",\"@id\":\"https:\/\/keramamueblesdejardin.com\/fr\/#\/schema\/logo\/image\/\",\"url\":\"https:\/\/keramamueblesdejardin.com\/wp-content\/uploads\/2020\/12\/k.-scaled.jpg\",\"contentUrl\":\"https:\/\/keramamueblesdejardin.com\/wp-content\/uploads\/2020\/12\/k.-scaled.jpg\",\"width\":2560,\"height\":551,\"caption\":\"kerama\"},\"image\":{\"@id\":\"https:\/\/keramamueblesdejardin.com\/fr\/#\/schema\/logo\/image\/\"},\"sameAs\":[\"https:\/\/www.facebook.com\/Kerama-Muebles-de-Jard\u00edn-106209328312568\/\"]}]}<\/script>\n<!-- \/ Yoast SEO plugin. -->","yoast_head_json":{"title":"Structure excentrique de parasol anthracite tissu anthracite 3x3m - Milan - Kerama","robots":{"index":"index","follow":"follow","max-snippet":"max-snippet:-1","max-image-preview":"max-image-preview:large","max-video-preview":"max-video-preview:-1"},"canonical":"https:\/\/keramamueblesdejardin.com\/fr\/parasols-et-pergolas\/pare-soleil\/ombrelle-3x3-gris-milan\/","og_locale":"fr_FR","og_type":"article","og_title":"Structure excentrique de parasol anthracite tissu anthracite 3x3m - Milan - Kerama","og_description":"Parasol excentrique carr\u00e9 300\u00d7300 cm  Fonction de rotation et d'inclinaison \u00e0 360  Structure de couleur anthracite  Tissu gris","og_url":"https:\/\/keramamueblesdejardin.com\/fr\/parasols-et-pergolas\/pare-soleil\/ombrelle-3x3-gris-milan\/","og_site_name":"Kerama","article_publisher":"https:\/\/www.facebook.com\/Kerama-Muebles-de-Jard%c3%adn-106209328312568\/","article_modified_time":"2023-08-29T08:52:44+00:00","og_image":[{"width":2000,"height":2000,"url":"https:\/\/keramamueblesdejardin.com\/wp-content\/uploads\/2021\/05\/KMJ21122_01-1.jpg","type":"image\/jpeg"}],"twitter_card":"summary_large_image","twitter_misc":{"Dur\u00e9e de lecture estim\u00e9e":"1 minute"},"schema":{"@context":"https:\/\/schema.org","@graph":[{"@type":"WebPage","@id":"https:\/\/keramamueblesdejardin.com\/fr\/parasols-et-pergolas\/pare-soleil\/ombrelle-3x3-gris-milan\/","url":"https:\/\/keramamueblesdejardin.com\/fr\/parasols-et-pergolas\/pare-soleil\/ombrelle-3x3-gris-milan\/","name":"Structure excentrique de parasol anthracite tissu anthracite 3x3m - Milan - Kerama","isPartOf":{"@id":"https:\/\/keramamueblesdejardin.com\/fr\/#website"},"primaryImageOfPage":{"@id":"https:\/\/keramamueblesdejardin.com\/fr\/parasols-et-pergolas\/pare-soleil\/ombrelle-3x3-gris-milan\/#primaryimage"},"image":{"@id":"https:\/\/keramamueblesdejardin.com\/fr\/parasols-et-pergolas\/pare-soleil\/ombrelle-3x3-gris-milan\/#primaryimage"},"thumbnailUrl":"https:\/\/keramamueblesdejardin.com\/wp-content\/uploads\/2021\/05\/KMJ21122_01-1.jpg","datePublished":"2021-05-06T06:49:24+00:00","dateModified":"2023-08-29T08:52:44+00:00","breadcrumb":{"@id":"https:\/\/keramamueblesdejardin.com\/fr\/parasols-et-pergolas\/pare-soleil\/ombrelle-3x3-gris-milan\/#breadcrumb"},"inLanguage":"fr-FR","potentialAction":[{"@type":"ReadAction","target":["https:\/\/keramamueblesdejardin.com\/fr\/parasols-et-pergolas\/pare-soleil\/ombrelle-3x3-gris-milan\/"]}]},{"@type":"ImageObject","inLanguage":"fr-FR","@id":"https:\/\/keramamueblesdejardin.com\/fr\/parasols-et-pergolas\/pare-soleil\/ombrelle-3x3-gris-milan\/#primaryimage","url":"https:\/\/keramamueblesdejardin.com\/wp-content\/uploads\/2021\/05\/KMJ21122_01-1.jpg","contentUrl":"https:\/\/keramamueblesdejardin.com\/wp-content\/uploads\/2021\/05\/KMJ21122_01-1.jpg","width":2000,"height":2000},{"@type":"BreadcrumbList","@id":"https:\/\/keramamueblesdejardin.com\/fr\/parasols-et-pergolas\/pare-soleil\/ombrelle-3x3-gris-milan\/#breadcrumb","itemListElement":[{"@type":"ListItem","position":1,"name":"Home","item":"https:\/\/keramamueblesdejardin.com\/fr\/"},{"@type":"ListItem","position":2,"name":"Boutique","item":"https:\/\/keramamueblesdejardin.com\/tienda\/"},{"@type":"ListItem","position":3,"name":"Parasols et pergolas","item":"https:\/\/keramamueblesdejardin.com\/fr\/parasols-et-pergolas\/"},{"@type":"ListItem","position":4,"name":"Pare-soleil","item":"https:\/\/keramamueblesdejardin.com\/fr\/parasols-et-pergolas\/pare-soleil\/"},{"@type":"ListItem","position":5,"name":"Structure excentrique de parasol anthracite tissu anthracite 3x3m &#8211; Milan"}]},{"@type":"WebSite","@id":"https:\/\/keramamueblesdejardin.com\/fr\/#website","url":"https:\/\/keramamueblesdejardin.com\/fr\/","name":"Kerama","description":"muebles de jard\u00edn","publisher":{"@id":"https:\/\/keramamueblesdejardin.com\/fr\/#organization"},"potentialAction":[{"@type":"SearchAction","target":{"@type":"EntryPoint","urlTemplate":"https:\/\/keramamueblesdejardin.com\/fr\/?s={search_term_string}"},"query-input":{"@type":"PropertyValueSpecification","valueRequired":true,"valueName":"search_term_string"}}],"inLanguage":"fr-FR"},{"@type":"Organization","@id":"https:\/\/keramamueblesdejardin.com\/fr\/#organization","name":"kerama","url":"https:\/\/keramamueblesdejardin.com\/fr\/","logo":{"@type":"ImageObject","inLanguage":"fr-FR","@id":"https:\/\/keramamueblesdejardin.com\/fr\/#\/schema\/logo\/image\/","url":"https:\/\/keramamueblesdejardin.com\/wp-content\/uploads\/2020\/12\/k.-scaled.jpg","contentUrl":"https:\/\/keramamueblesdejardin.com\/wp-content\/uploads\/2020\/12\/k.-scaled.jpg","width":2560,"height":551,"caption":"kerama"},"image":{"@id":"https:\/\/keramamueblesdejardin.com\/fr\/#\/schema\/logo\/image\/"},"sameAs":["https:\/\/www.facebook.com\/Kerama-Muebles-de-Jard\u00edn-106209328312568\/"]}]}},"df_price":459,"df_sale_price":459,"df_regular_price":566,"df_image_link":"https:\/\/keramamueblesdejardin.com\/wp-content\/uploads\/2021\/05\/KMJ21122_01-1-300x300.jpg","custom_tabs":[{"title":"MESURES","id":"mesures","content":"Hauteur maximale : 2,40 m\n<strong>Largeur du tissu :<\/strong> 3 m\n<strong>Longueur du tissu :<\/strong> 3 m\nDimension du m\u00e2t : 53 x 77 mm\nDimension de la tige : 14 x 24 mm\nNombre de tiges : 8\n<strong>Poids du produit :<\/strong> 25 kg\nRotation : 360\u00ba Rotation : 360\u00ba Rotation : 360\nInclinaison : Oui"},{"title":"D\u00c9BALLAGE ET MONTAGE","id":"deballage-et-montage","content":"<strong>Recommandations pour le d\u00e9ballage :<\/strong> Ne pas utiliser d'outils tranchants lors du d\u00e9ballage du meuble car cela pourrait l'endommager.\n<strong>Montage requis (O\/N) :<\/strong> Oui\n<strong>Difficult\u00e9 de montage :<\/strong> faible\n<strong>Temps de montage :<\/strong> 20 minutes\n<strong>Personnes recommand\u00e9es pour le montage :<\/strong> 2\n<strong>Suggestions de montage :<\/strong> Pr\u00e9parez une zone de montage propre et s\u00e8che, v\u00e9rifiez qu'aucune des pi\u00e8ces list\u00e9es dans le manuel ne manque. Nous recommandons l'utilisation de gants appropri\u00e9s pour le montage. N'utilisez que les pi\u00e8ces et les raccords fournis. Nous ne recommandons PAS l'option d'achat avec montage pour cet article car la difficult\u00e9 de montage est tr\u00e8s faible."},{"title":"ENTRETIEN ET GARANTIES","id":"entretien-et-garanties","content":"<div class=\"moz-signature\">\n<div class=\"list\"><strong>Recommandations g\u00e9n\u00e9rales :<\/strong>\n- Les d\u00e9faillances ou les dommages caus\u00e9s par les \u00e9l\u00e9ments suivants sont exclus de la garantie :\n- Les causes accidentelles telles que chutes, coups, d\u00e9versement de liquides, introduction de corps \u00e9trangers, ainsi que toute autre force majeure.\n- Utilisation n\u00e9gligente, inappropri\u00e9e ou non domestique.\n- Dommages, corrosion et\/ou oxydation acc\u00e9l\u00e9r\u00e9s par des conditions environnementales d\u00e9favorables.\n- Taches et d\u00e9coloration dues au non-respect de nos instructions de nettoyage.\n- Dommages survenus lors du montage et de la manipulation sans respecter les instructions de montage.\n<strong>Instructions d'utilisation et d'entretien :<\/strong>\n- Essuyez doucement avec un chiffon ou utilisez un savon liquide neutre, puis rincez abondamment \u00e0 l'eau.\n- Enlevez r\u00e9guli\u00e8rement la poussi\u00e8re avec un chiffon doux et de l'eau claire.\n- N'utilisez pas de d\u00e9tergents ou de produits abrasifs pour le nettoyage.\n<strong>Ann\u00e9es de garantie :<\/strong> 3 ans\n<strong>Fabriqu\u00e9 conform\u00e9ment \u00e0 la norme :<\/strong> 581-1,581-2,581-3<\/div>\n<\/div>"}],"_links":{"self":[{"href":"https:\/\/keramamueblesdejardin.com\/fr\/wp-json\/wp\/v2\/product\/64270","targetHints":{"allow":["GET"]}}],"collection":[{"href":"https:\/\/keramamueblesdejardin.com\/fr\/wp-json\/wp\/v2\/product"}],"about":[{"href":"https:\/\/keramamueblesdejardin.com\/fr\/wp-json\/wp\/v2\/types\/product"}],"replies":[{"embeddable":true,"href":"https:\/\/keramamueblesdejardin.com\/fr\/wp-json\/wp\/v2\/comments?post=64270"}],"wp:featuredmedia":[{"embeddable":true,"href":"https:\/\/keramamueblesdejardin.com\/fr\/wp-json\/wp\/v2\/media\/55924"}],"wp:attachment":[{"href":"https:\/\/keramamueblesdejardin.com\/fr\/wp-json\/wp\/v2\/media?parent=64270"}],"wp:term":[{"taxonomy":"product_brand","embeddable":true,"href":"https:\/\/keramamueblesdejardin.com\/fr\/wp-json\/wp\/v2\/product_brand?post=64270"},{"taxonomy":"product_cat","embeddable":true,"href":"https:\/\/keramamueblesdejardin.com\/fr\/wp-json\/wp\/v2\/product_cat?post=64270"},{"taxonomy":"product_tag","embeddable":true,"href":"https:\/\/keramamueblesdejardin.com\/fr\/wp-json\/wp\/v2\/product_tag?post=64270"}],"curies":[{"name":"wp","href":"https:\/\/api.w.org\/{rel}","templated":true}]}}