{"id":64234,"date":"2021-05-06T06:49:22","date_gmt":"2021-05-06T04:49:22","guid":{"rendered":"https:\/\/keramamueblesdejardin.com\/non%20class\u00e9\/jardin-sous-laluminium-et-leucalyptus-kyoto\/"},"modified":"2024-02-08T09:06:17","modified_gmt":"2024-02-08T08:06:17","slug":"jardin-set-sous-aluminium-et-eucalyptus-kyoto","status":"publish","type":"product","link":"https:\/\/keramamueblesdejardin.com\/fr\/salles-exterieures\/ensembles-de-jardin\/jardin-set-sous-aluminium-et-eucalyptus-kyoto\/","title":{"rendered":"Jardin sous l&rsquo;aluminium et l&rsquo;eucalyptus &#8211; Kyoto"},"content":{"rendered":"<p><span style=\"font-weight: 400;\">Le site <\/span><b>Ensemble de jardin d&rsquo;angle Kyoto<\/b><span style=\"font-weight: 400;\"> consiste en un <\/span><b>table basse <\/b><span style=\"font-weight: 400;\">table avec des lattes en bois d&rsquo;eucalyptus, et une table de <\/span><b>Cadre en aluminium de couleur anthracite avec coussins et dossier.<\/b><span style=\"font-weight: 400;\">.<\/span><\/p>\n<p><span style=\"font-weight: 400;\">L&rsquo;ensemble peut accueillir jusqu&rsquo;\u00e0 6 personnes et comporte des coussins gris amovibles.<\/span><\/p>\n<p><span style=\"font-weight: 400;\">L&rsquo;aluminium est tr\u00e8s r\u00e9sistant aux intemp\u00e9ries pour supporter de longues expositions au soleil ou \u00e0 la pluie sans avoir \u00e0 se soucier de l&rsquo;entretien. Son design minimaliste et nordique est id\u00e9al pour d\u00e9corer votre espace ext\u00e9rieur.  <\/span><\/p>\n<p><span style=\"font-weight: 400;\">Voir un autre de nos <\/span><a href=\"https:\/\/keramamueblesdejardin.com\/salones-exterior\/conjuntos-jardin\/\"><br \/>\n  <span style=\"font-weight: 400;\">ensembles de jardin<\/span><br \/>\n<\/a><span style=\"font-weight: 400;\">.<\/span><\/p>\n<p>&nbsp;<\/p>\n","protected":false},"excerpt":{"rendered":"<ul>\n<li>Cadre en aluminium de couleur anthracite<\/li>\n<li>Table et tables d&rsquo;appoint avec lattes en bois d&rsquo;eucalyptus<\/li>\n<li>Coussins gris avec housses amovibles<\/li>\n<li>Comprenant des clips de connexion pour la fixation d&rsquo;\u00e9l\u00e9ments de meubles<\/li>\n<\/ul>\n","protected":false},"featured_media":54906,"comment_status":"closed","ping_status":"open","template":"","meta":{"_acf_changed":false},"product_brand":[],"product_cat":[599,604],"product_tag":[565,581,567,658],"class_list":{"0":"post-64234","1":"product","2":"type-product","3":"status-publish","4":"has-post-thumbnail","6":"product_cat-ensembles-de-jardin","7":"product_cat-salles-exterieures","8":"product_tag-aluminium","9":"product_tag-bois","10":"product_tag-grands-espaces","11":"product_tag-kyoto","12":"product_shipping_class-envio-gratuito-fr","13":"pa_asientos-5-fr","14":"pa_caracteristicas-demi-de-coin","15":"pa_coleccion-kyoto-fr","16":"pa_espacio-6-fr","17":"pa_forma-demi-de-coin","18":"pa_material-madera-fr","19":"pa_tamano-espacio-grand","21":"first","22":"outofstock","23":"sale","24":"purchasable","25":"product-type-simple","26":"add-to-wishlist-before_image"},"acf":[],"yoast_head":"<!-- This site is optimized with the Yoast SEO plugin v27.2 - https:\/\/yoast.com\/product\/yoast-seo-wordpress\/ -->\n<title>Jardin sous l&#039;aluminium et l&#039;eucalyptus - Kyoto - Kerama<\/title>\n<meta name=\"robots\" content=\"index, follow, max-snippet:-1, max-image-preview:large, max-video-preview:-1\" \/>\n<link rel=\"canonical\" href=\"https:\/\/keramamueblesdejardin.com\/fr\/salles-exterieures\/ensembles-de-jardin\/jardin-set-sous-aluminium-et-eucalyptus-kyoto\/\" \/>\n<meta property=\"og:locale\" content=\"fr_FR\" \/>\n<meta property=\"og:type\" content=\"article\" \/>\n<meta property=\"og:title\" content=\"Jardin sous l&#039;aluminium et l&#039;eucalyptus - Kyoto - Kerama\" \/>\n<meta property=\"og:description\" content=\"Cadre en aluminium de couleur anthracite  Table et tables d&#039;appoint avec lattes en bois d&#039;eucalyptus  Coussins gris avec housses amovibles  Comprenant des clips de connexion pour la fixation d&#039;\u00e9l\u00e9ments de meubles\" \/>\n<meta property=\"og:url\" content=\"https:\/\/keramamueblesdejardin.com\/fr\/salles-exterieures\/ensembles-de-jardin\/jardin-set-sous-aluminium-et-eucalyptus-kyoto\/\" \/>\n<meta property=\"og:site_name\" content=\"Kerama\" \/>\n<meta property=\"article:publisher\" content=\"https:\/\/www.facebook.com\/Kerama-Muebles-de-Jard%c3%adn-106209328312568\/\" \/>\n<meta property=\"article:modified_time\" content=\"2024-02-08T08:06:17+00:00\" \/>\n<meta property=\"og:image\" content=\"https:\/\/keramamueblesdejardin.com\/wp-content\/uploads\/2021\/05\/KMJ21094_01-scaled-e1697714403483.jpg\" \/>\n\t<meta property=\"og:image:width\" content=\"1200\" \/>\n\t<meta property=\"og:image:height\" content=\"1200\" \/>\n\t<meta property=\"og:image:type\" content=\"image\/jpeg\" \/>\n<meta name=\"twitter:card\" content=\"summary_large_image\" \/>\n<script type=\"application\/ld+json\" class=\"yoast-schema-graph\">{\"@context\":\"https:\/\/schema.org\",\"@graph\":[{\"@type\":\"WebPage\",\"@id\":\"https:\/\/keramamueblesdejardin.com\/fr\/salles-exterieures\/ensembles-de-jardin\/jardin-set-sous-aluminium-et-eucalyptus-kyoto\/\",\"url\":\"https:\/\/keramamueblesdejardin.com\/fr\/salles-exterieures\/ensembles-de-jardin\/jardin-set-sous-aluminium-et-eucalyptus-kyoto\/\",\"name\":\"Jardin sous l'aluminium et l'eucalyptus - Kyoto - Kerama\",\"isPartOf\":{\"@id\":\"https:\/\/keramamueblesdejardin.com\/fr\/#website\"},\"primaryImageOfPage\":{\"@id\":\"https:\/\/keramamueblesdejardin.com\/fr\/salles-exterieures\/ensembles-de-jardin\/jardin-set-sous-aluminium-et-eucalyptus-kyoto\/#primaryimage\"},\"image\":{\"@id\":\"https:\/\/keramamueblesdejardin.com\/fr\/salles-exterieures\/ensembles-de-jardin\/jardin-set-sous-aluminium-et-eucalyptus-kyoto\/#primaryimage\"},\"thumbnailUrl\":\"https:\/\/keramamueblesdejardin.com\/wp-content\/uploads\/2021\/05\/KMJ21094_01-scaled-e1697714403483.jpg\",\"datePublished\":\"2021-05-06T04:49:22+00:00\",\"dateModified\":\"2024-02-08T08:06:17+00:00\",\"breadcrumb\":{\"@id\":\"https:\/\/keramamueblesdejardin.com\/fr\/salles-exterieures\/ensembles-de-jardin\/jardin-set-sous-aluminium-et-eucalyptus-kyoto\/#breadcrumb\"},\"inLanguage\":\"fr-FR\",\"potentialAction\":[{\"@type\":\"ReadAction\",\"target\":[\"https:\/\/keramamueblesdejardin.com\/fr\/salles-exterieures\/ensembles-de-jardin\/jardin-set-sous-aluminium-et-eucalyptus-kyoto\/\"]}]},{\"@type\":\"ImageObject\",\"inLanguage\":\"fr-FR\",\"@id\":\"https:\/\/keramamueblesdejardin.com\/fr\/salles-exterieures\/ensembles-de-jardin\/jardin-set-sous-aluminium-et-eucalyptus-kyoto\/#primaryimage\",\"url\":\"https:\/\/keramamueblesdejardin.com\/wp-content\/uploads\/2021\/05\/KMJ21094_01-scaled-e1697714403483.jpg\",\"contentUrl\":\"https:\/\/keramamueblesdejardin.com\/wp-content\/uploads\/2021\/05\/KMJ21094_01-scaled-e1697714403483.jpg\",\"width\":1200,\"height\":1200},{\"@type\":\"BreadcrumbList\",\"@id\":\"https:\/\/keramamueblesdejardin.com\/fr\/salles-exterieures\/ensembles-de-jardin\/jardin-set-sous-aluminium-et-eucalyptus-kyoto\/#breadcrumb\",\"itemListElement\":[{\"@type\":\"ListItem\",\"position\":1,\"name\":\"Home\",\"item\":\"https:\/\/keramamueblesdejardin.com\/fr\/\"},{\"@type\":\"ListItem\",\"position\":2,\"name\":\"Boutique\",\"item\":\"https:\/\/keramamueblesdejardin.com\/tienda\/\"},{\"@type\":\"ListItem\",\"position\":3,\"name\":\"Salles ext\u00e9rieures\",\"item\":\"https:\/\/keramamueblesdejardin.com\/fr\/salles-exterieures\/\"},{\"@type\":\"ListItem\",\"position\":4,\"name\":\"Ensembles de jardin\",\"item\":\"https:\/\/keramamueblesdejardin.com\/fr\/salles-exterieures\/ensembles-de-jardin\/\"},{\"@type\":\"ListItem\",\"position\":5,\"name\":\"Jardin sous l&#8217;aluminium et l&#8217;eucalyptus &#8211; Kyoto\"}]},{\"@type\":\"WebSite\",\"@id\":\"https:\/\/keramamueblesdejardin.com\/fr\/#website\",\"url\":\"https:\/\/keramamueblesdejardin.com\/fr\/\",\"name\":\"Kerama\",\"description\":\"muebles de jard\u00edn\",\"publisher\":{\"@id\":\"https:\/\/keramamueblesdejardin.com\/fr\/#organization\"},\"potentialAction\":[{\"@type\":\"SearchAction\",\"target\":{\"@type\":\"EntryPoint\",\"urlTemplate\":\"https:\/\/keramamueblesdejardin.com\/fr\/?s={search_term_string}\"},\"query-input\":{\"@type\":\"PropertyValueSpecification\",\"valueRequired\":true,\"valueName\":\"search_term_string\"}}],\"inLanguage\":\"fr-FR\"},{\"@type\":\"Organization\",\"@id\":\"https:\/\/keramamueblesdejardin.com\/fr\/#organization\",\"name\":\"kerama\",\"url\":\"https:\/\/keramamueblesdejardin.com\/fr\/\",\"logo\":{\"@type\":\"ImageObject\",\"inLanguage\":\"fr-FR\",\"@id\":\"https:\/\/keramamueblesdejardin.com\/fr\/#\/schema\/logo\/image\/\",\"url\":\"https:\/\/keramamueblesdejardin.com\/wp-content\/uploads\/2020\/12\/k.-scaled.jpg\",\"contentUrl\":\"https:\/\/keramamueblesdejardin.com\/wp-content\/uploads\/2020\/12\/k.-scaled.jpg\",\"width\":2560,\"height\":551,\"caption\":\"kerama\"},\"image\":{\"@id\":\"https:\/\/keramamueblesdejardin.com\/fr\/#\/schema\/logo\/image\/\"},\"sameAs\":[\"https:\/\/www.facebook.com\/Kerama-Muebles-de-Jard\u00edn-106209328312568\/\"]}]}<\/script>\n<!-- \/ Yoast SEO plugin. -->","yoast_head_json":{"title":"Jardin sous l'aluminium et l'eucalyptus - Kyoto - Kerama","robots":{"index":"index","follow":"follow","max-snippet":"max-snippet:-1","max-image-preview":"max-image-preview:large","max-video-preview":"max-video-preview:-1"},"canonical":"https:\/\/keramamueblesdejardin.com\/fr\/salles-exterieures\/ensembles-de-jardin\/jardin-set-sous-aluminium-et-eucalyptus-kyoto\/","og_locale":"fr_FR","og_type":"article","og_title":"Jardin sous l'aluminium et l'eucalyptus - Kyoto - Kerama","og_description":"Cadre en aluminium de couleur anthracite  Table et tables d'appoint avec lattes en bois d'eucalyptus  Coussins gris avec housses amovibles  Comprenant des clips de connexion pour la fixation d'\u00e9l\u00e9ments de meubles","og_url":"https:\/\/keramamueblesdejardin.com\/fr\/salles-exterieures\/ensembles-de-jardin\/jardin-set-sous-aluminium-et-eucalyptus-kyoto\/","og_site_name":"Kerama","article_publisher":"https:\/\/www.facebook.com\/Kerama-Muebles-de-Jard%c3%adn-106209328312568\/","article_modified_time":"2024-02-08T08:06:17+00:00","og_image":[{"width":1200,"height":1200,"url":"https:\/\/keramamueblesdejardin.com\/wp-content\/uploads\/2021\/05\/KMJ21094_01-scaled-e1697714403483.jpg","type":"image\/jpeg"}],"twitter_card":"summary_large_image","schema":{"@context":"https:\/\/schema.org","@graph":[{"@type":"WebPage","@id":"https:\/\/keramamueblesdejardin.com\/fr\/salles-exterieures\/ensembles-de-jardin\/jardin-set-sous-aluminium-et-eucalyptus-kyoto\/","url":"https:\/\/keramamueblesdejardin.com\/fr\/salles-exterieures\/ensembles-de-jardin\/jardin-set-sous-aluminium-et-eucalyptus-kyoto\/","name":"Jardin sous l'aluminium et l'eucalyptus - Kyoto - Kerama","isPartOf":{"@id":"https:\/\/keramamueblesdejardin.com\/fr\/#website"},"primaryImageOfPage":{"@id":"https:\/\/keramamueblesdejardin.com\/fr\/salles-exterieures\/ensembles-de-jardin\/jardin-set-sous-aluminium-et-eucalyptus-kyoto\/#primaryimage"},"image":{"@id":"https:\/\/keramamueblesdejardin.com\/fr\/salles-exterieures\/ensembles-de-jardin\/jardin-set-sous-aluminium-et-eucalyptus-kyoto\/#primaryimage"},"thumbnailUrl":"https:\/\/keramamueblesdejardin.com\/wp-content\/uploads\/2021\/05\/KMJ21094_01-scaled-e1697714403483.jpg","datePublished":"2021-05-06T04:49:22+00:00","dateModified":"2024-02-08T08:06:17+00:00","breadcrumb":{"@id":"https:\/\/keramamueblesdejardin.com\/fr\/salles-exterieures\/ensembles-de-jardin\/jardin-set-sous-aluminium-et-eucalyptus-kyoto\/#breadcrumb"},"inLanguage":"fr-FR","potentialAction":[{"@type":"ReadAction","target":["https:\/\/keramamueblesdejardin.com\/fr\/salles-exterieures\/ensembles-de-jardin\/jardin-set-sous-aluminium-et-eucalyptus-kyoto\/"]}]},{"@type":"ImageObject","inLanguage":"fr-FR","@id":"https:\/\/keramamueblesdejardin.com\/fr\/salles-exterieures\/ensembles-de-jardin\/jardin-set-sous-aluminium-et-eucalyptus-kyoto\/#primaryimage","url":"https:\/\/keramamueblesdejardin.com\/wp-content\/uploads\/2021\/05\/KMJ21094_01-scaled-e1697714403483.jpg","contentUrl":"https:\/\/keramamueblesdejardin.com\/wp-content\/uploads\/2021\/05\/KMJ21094_01-scaled-e1697714403483.jpg","width":1200,"height":1200},{"@type":"BreadcrumbList","@id":"https:\/\/keramamueblesdejardin.com\/fr\/salles-exterieures\/ensembles-de-jardin\/jardin-set-sous-aluminium-et-eucalyptus-kyoto\/#breadcrumb","itemListElement":[{"@type":"ListItem","position":1,"name":"Home","item":"https:\/\/keramamueblesdejardin.com\/fr\/"},{"@type":"ListItem","position":2,"name":"Boutique","item":"https:\/\/keramamueblesdejardin.com\/tienda\/"},{"@type":"ListItem","position":3,"name":"Salles ext\u00e9rieures","item":"https:\/\/keramamueblesdejardin.com\/fr\/salles-exterieures\/"},{"@type":"ListItem","position":4,"name":"Ensembles de jardin","item":"https:\/\/keramamueblesdejardin.com\/fr\/salles-exterieures\/ensembles-de-jardin\/"},{"@type":"ListItem","position":5,"name":"Jardin sous l&#8217;aluminium et l&#8217;eucalyptus &#8211; Kyoto"}]},{"@type":"WebSite","@id":"https:\/\/keramamueblesdejardin.com\/fr\/#website","url":"https:\/\/keramamueblesdejardin.com\/fr\/","name":"Kerama","description":"muebles de jard\u00edn","publisher":{"@id":"https:\/\/keramamueblesdejardin.com\/fr\/#organization"},"potentialAction":[{"@type":"SearchAction","target":{"@type":"EntryPoint","urlTemplate":"https:\/\/keramamueblesdejardin.com\/fr\/?s={search_term_string}"},"query-input":{"@type":"PropertyValueSpecification","valueRequired":true,"valueName":"search_term_string"}}],"inLanguage":"fr-FR"},{"@type":"Organization","@id":"https:\/\/keramamueblesdejardin.com\/fr\/#organization","name":"kerama","url":"https:\/\/keramamueblesdejardin.com\/fr\/","logo":{"@type":"ImageObject","inLanguage":"fr-FR","@id":"https:\/\/keramamueblesdejardin.com\/fr\/#\/schema\/logo\/image\/","url":"https:\/\/keramamueblesdejardin.com\/wp-content\/uploads\/2020\/12\/k.-scaled.jpg","contentUrl":"https:\/\/keramamueblesdejardin.com\/wp-content\/uploads\/2020\/12\/k.-scaled.jpg","width":2560,"height":551,"caption":"kerama"},"image":{"@id":"https:\/\/keramamueblesdejardin.com\/fr\/#\/schema\/logo\/image\/"},"sameAs":["https:\/\/www.facebook.com\/Kerama-Muebles-de-Jard\u00edn-106209328312568\/"]}]}},"df_price":1979,"df_sale_price":1979,"df_regular_price":2430,"df_image_link":"https:\/\/keramamueblesdejardin.com\/wp-content\/uploads\/2021\/05\/KMJ21094_01-300x300.jpg","custom_tabs":[{"title":"MESURES","id":"mesures","content":"<strong>Hauteur :<\/strong> Canap\u00e9 long 62 cm \/ Canap\u00e9 court 62 cm \/ Table 34 cm\n<strong>Largeur :<\/strong> Canap\u00e9 long 74 cm \/ Canap\u00e9 court 74 cm \/ Table 73 cm\n<strong>Longueur<\/strong>: Canap\u00e9 long 244 cm \/ Canap\u00e9 court 171 cm \/ Table 73 cm\n<strong>Hauteur de l'assise :<\/strong> 40 cm\n<strong>Profondeur de l'assise :<\/strong> 65 cm\n<strong>Poids total maximum support\u00e9<\/strong>: 550 kg\n<strong>Nombre de coussins<\/strong>: 11\n\n<strong>L longueur:<\/strong> 244cm"},{"title":"D\u00c9BALLAGE ET MONTAGE","id":"deballage-et-montage","content":"<strong>Recommandations pour le d\u00e9ballage :<\/strong> Ne pas utiliser d'outils tranchants lors du d\u00e9ballage du meuble car cela pourrait l'endommager.\n<strong>Montage requis (O\/N) :<\/strong> Oui\n<strong>Difficult\u00e9 d'assemblage :<\/strong> Moyenne\n<strong>Temps de montage :<\/strong> 45\n<strong>Personnes recommand\u00e9es pour le montage :<\/strong> 2\n<strong>Suggestions de montage :<\/strong> Pr\u00e9parez une zone de montage propre et s\u00e8che, v\u00e9rifiez qu'aucune des pi\u00e8ces list\u00e9es dans le manuel ne manque. Nous recommandons l'utilisation de gants appropri\u00e9s pour le montage. N'utilisez que les pi\u00e8ces et les raccords fournis. Nous ne recommandons PAS l'option d'achat avec montage pour cet article car la difficult\u00e9 de montage est tr\u00e8s faible."},{"title":"ENTRETIEN ET GARANTIES","id":"entretien-et-garanties","content":"<strong>Conditions g\u00e9n\u00e9rales :<\/strong>\n- Les d\u00e9faillances ou les dommages caus\u00e9s par les \u00e9l\u00e9ments suivants sont exclus de la garantie :\n- Les causes accidentelles telles que chutes, coups, d\u00e9versement de liquides, introduction de corps \u00e9trangers, ainsi que toute autre force majeure.\n- Utilisation n\u00e9gligente, inappropri\u00e9e ou non domestique.\n- Dommages, corrosion et\/ou oxydation acc\u00e9l\u00e9r\u00e9s par des conditions environnementales d\u00e9favorables.\n- Taches et d\u00e9coloration dues au non-respect de nos instructions de nettoyage.\n- Dommages survenus lors du montage et de la manipulation sans respecter les instructions de montage.\n<strong>Instructions d'utilisation et d'entretien :<\/strong>\n- Essuyez doucement avec un chiffon ou utilisez un savon liquide neutre, puis rincez abondamment \u00e0 l'eau.\n- Enlevez r\u00e9guli\u00e8rement la poussi\u00e8re avec un chiffon doux et de l'eau claire.\n- N'utilisez pas de d\u00e9tergents ou de produits abrasifs pour le nettoyage.\n- Traitement \u00e0 l'huile de lin : Avant d'appliquer une couche d'huile de lin sur le produit \u00e0 l'\u00e9tat naturel, il est conseill\u00e9 de le laisser \u00e0 l'ext\u00e9rieur pendant 2 \u00e0 3 semaines afin de lui donner un aspect homog\u00e8ne et de l'a\u00e9rer. Nettoyer \u00e0 l'eau claire \u00e0 l'aide d'une brosse et laisser s\u00e9cher. Une fois qu'elle est bien s\u00e8che, poncez-la avec une feuille de papier de verre d'un grammage compris entre 120 et 150, avec pr\u00e9caution et sans appuyer, en suivant, autant que possible, le sens des veines ; cette op\u00e9ration ne doit jamais \u00eatre effectu\u00e9e aux premi\u00e8res heures du jour. Pour conserver la couleur, il est conseill\u00e9 de r\u00e9p\u00e9ter le processus une ou deux fois par an. Si l'huile de lin a d\u00e9j\u00e0 \u00e9t\u00e9 appliqu\u00e9e sur le meuble, il est conseill\u00e9 de le poncer tous les trois ans afin que les couches successives d'huile n'emp\u00eachent pas le bois de transpirer.\n<strong>Ann\u00e9es de garantie :<\/strong> 2 ans\n<strong>Fabriqu\u00e9 conform\u00e9ment \u00e0 la norme :<\/strong> 581-1,581-2,581-3\n<strong>Certifi\u00e9 FSC (O\/N)<\/strong> Oui"}],"_links":{"self":[{"href":"https:\/\/keramamueblesdejardin.com\/fr\/wp-json\/wp\/v2\/product\/64234","targetHints":{"allow":["GET"]}}],"collection":[{"href":"https:\/\/keramamueblesdejardin.com\/fr\/wp-json\/wp\/v2\/product"}],"about":[{"href":"https:\/\/keramamueblesdejardin.com\/fr\/wp-json\/wp\/v2\/types\/product"}],"replies":[{"embeddable":true,"href":"https:\/\/keramamueblesdejardin.com\/fr\/wp-json\/wp\/v2\/comments?post=64234"}],"wp:featuredmedia":[{"embeddable":true,"href":"https:\/\/keramamueblesdejardin.com\/fr\/wp-json\/wp\/v2\/media\/54906"}],"wp:attachment":[{"href":"https:\/\/keramamueblesdejardin.com\/fr\/wp-json\/wp\/v2\/media?parent=64234"}],"wp:term":[{"taxonomy":"product_brand","embeddable":true,"href":"https:\/\/keramamueblesdejardin.com\/fr\/wp-json\/wp\/v2\/product_brand?post=64234"},{"taxonomy":"product_cat","embeddable":true,"href":"https:\/\/keramamueblesdejardin.com\/fr\/wp-json\/wp\/v2\/product_cat?post=64234"},{"taxonomy":"product_tag","embeddable":true,"href":"https:\/\/keramamueblesdejardin.com\/fr\/wp-json\/wp\/v2\/product_tag?post=64234"}],"curies":[{"name":"wp","href":"https:\/\/api.w.org\/{rel}","templated":true}]}}