{"id":64212,"date":"2021-05-06T08:49:41","date_gmt":"2021-05-06T06:49:41","guid":{"rendered":"https:\/\/keramamueblesdejardin.com\/non%20class\u00e9\/recharge-pour-toile-de-parasol-250cm-ronde-noir-sunny\/"},"modified":"2023-08-29T11:44:54","modified_gmt":"2023-08-29T09:44:54","slug":"tissu-de-rechange-pour-parasol-de-soleil-250cm-rond-noir-soleil","status":"publish","type":"product","link":"https:\/\/keramamueblesdejardin.com\/fr\/parasols-et-pergolas\/pieces-detachees-pour-le-textile\/tissu-de-rechange-pour-parasol-de-soleil-250cm-rond-noir-soleil\/","title":{"rendered":"Recharge pour toile de parasol 250cm ronde Noir &#8211; Sunny"},"content":{"rendered":"<p>Tissu de remplacement pour parasol rond 250cm Noir 100% polyester 235g avec finition t\u00e9flon. Facile \u00e0 assembler et r\u00e9sistant aux UV. Convient aux parasols \u00e0 8 tiges<\/p>\n","protected":false},"excerpt":{"rendered":"<ul>\n<li>Tissu de rechange pour parasol \u00e0 m\u00e2t central rond de 250 cm de diam\u00e8tre<\/li>\n<li>Tissu noir r\u00e9sistant aux UV<\/li>\n<li>100% polyester 235g avec finition en t\u00e9flon<\/li>\n<li>Convient aux parasols \u00e0 8 tiges<\/li>\n<\/ul>\n","protected":false},"featured_media":43963,"comment_status":"closed","ping_status":"open","template":"","meta":{"_acf_changed":false},"product_brand":[],"product_cat":[569,640],"product_tag":[567,639],"class_list":{"0":"post-64212","1":"product","2":"type-product","3":"status-publish","4":"has-post-thumbnail","6":"product_cat-parasols-et-pergolas","7":"product_cat-pieces-detachees-pour-le-textile","8":"product_tag-grands-espaces","9":"product_tag-sunny-fr","10":"product_shipping_class-envio-gratuito-fr","11":"pa_caracteristicas-parasol","12":"pa_coleccion-sunny-fr","13":"pa_material-poliester-fr","15":"first","16":"instock","17":"sale","18":"purchasable","19":"product-type-simple","20":"add-to-wishlist-before_image"},"acf":[],"yoast_head":"<!-- This site is optimized with the Yoast SEO plugin v27.2 - https:\/\/yoast.com\/product\/yoast-seo-wordpress\/ -->\n<title>Recharge pour toile de parasol 250cm ronde Noir - Sunny - Kerama<\/title>\n<meta name=\"robots\" content=\"index, follow, max-snippet:-1, max-image-preview:large, max-video-preview:-1\" \/>\n<link rel=\"canonical\" href=\"https:\/\/keramamueblesdejardin.com\/fr\/parasols-et-pergolas\/pieces-detachees-pour-le-textile\/tissu-de-rechange-pour-parasol-de-soleil-250cm-rond-noir-soleil\/\" \/>\n<meta property=\"og:locale\" content=\"fr_FR\" \/>\n<meta property=\"og:type\" content=\"article\" \/>\n<meta property=\"og:title\" content=\"Recharge pour toile de parasol 250cm ronde Noir - Sunny - Kerama\" \/>\n<meta property=\"og:description\" content=\"Tissu de rechange pour parasol \u00e0 m\u00e2t central rond de 250 cm de diam\u00e8tre  Tissu noir r\u00e9sistant aux UV  100% polyester 235g avec finition en t\u00e9flon  Convient aux parasols \u00e0 8 tiges\" \/>\n<meta property=\"og:url\" content=\"https:\/\/keramamueblesdejardin.com\/fr\/parasols-et-pergolas\/pieces-detachees-pour-le-textile\/tissu-de-rechange-pour-parasol-de-soleil-250cm-rond-noir-soleil\/\" \/>\n<meta property=\"og:site_name\" content=\"Kerama\" \/>\n<meta property=\"article:publisher\" content=\"https:\/\/www.facebook.com\/Kerama-Muebles-de-Jard%c3%adn-106209328312568\/\" \/>\n<meta property=\"article:modified_time\" content=\"2023-08-29T09:44:54+00:00\" \/>\n<meta property=\"og:image\" content=\"https:\/\/keramamueblesdejardin.com\/wp-content\/uploads\/2021\/04\/KMJ21186-002.jpg\" \/>\n\t<meta property=\"og:image:width\" content=\"2130\" \/>\n\t<meta property=\"og:image:height\" content=\"2134\" \/>\n\t<meta property=\"og:image:type\" content=\"image\/jpeg\" \/>\n<meta name=\"twitter:card\" content=\"summary_large_image\" \/>\n<script type=\"application\/ld+json\" class=\"yoast-schema-graph\">{\"@context\":\"https:\/\/schema.org\",\"@graph\":[{\"@type\":\"WebPage\",\"@id\":\"https:\/\/keramamueblesdejardin.com\/fr\/parasols-et-pergolas\/pieces-detachees-pour-le-textile\/tissu-de-rechange-pour-parasol-de-soleil-250cm-rond-noir-soleil\/\",\"url\":\"https:\/\/keramamueblesdejardin.com\/fr\/parasols-et-pergolas\/pieces-detachees-pour-le-textile\/tissu-de-rechange-pour-parasol-de-soleil-250cm-rond-noir-soleil\/\",\"name\":\"Recharge pour toile de parasol 250cm ronde Noir - Sunny - Kerama\",\"isPartOf\":{\"@id\":\"https:\/\/keramamueblesdejardin.com\/fr\/#website\"},\"primaryImageOfPage\":{\"@id\":\"https:\/\/keramamueblesdejardin.com\/fr\/parasols-et-pergolas\/pieces-detachees-pour-le-textile\/tissu-de-rechange-pour-parasol-de-soleil-250cm-rond-noir-soleil\/#primaryimage\"},\"image\":{\"@id\":\"https:\/\/keramamueblesdejardin.com\/fr\/parasols-et-pergolas\/pieces-detachees-pour-le-textile\/tissu-de-rechange-pour-parasol-de-soleil-250cm-rond-noir-soleil\/#primaryimage\"},\"thumbnailUrl\":\"https:\/\/keramamueblesdejardin.com\/wp-content\/uploads\/2021\/04\/KMJ21186-002.jpg\",\"datePublished\":\"2021-05-06T06:49:41+00:00\",\"dateModified\":\"2023-08-29T09:44:54+00:00\",\"breadcrumb\":{\"@id\":\"https:\/\/keramamueblesdejardin.com\/fr\/parasols-et-pergolas\/pieces-detachees-pour-le-textile\/tissu-de-rechange-pour-parasol-de-soleil-250cm-rond-noir-soleil\/#breadcrumb\"},\"inLanguage\":\"fr-FR\",\"potentialAction\":[{\"@type\":\"ReadAction\",\"target\":[\"https:\/\/keramamueblesdejardin.com\/fr\/parasols-et-pergolas\/pieces-detachees-pour-le-textile\/tissu-de-rechange-pour-parasol-de-soleil-250cm-rond-noir-soleil\/\"]}]},{\"@type\":\"ImageObject\",\"inLanguage\":\"fr-FR\",\"@id\":\"https:\/\/keramamueblesdejardin.com\/fr\/parasols-et-pergolas\/pieces-detachees-pour-le-textile\/tissu-de-rechange-pour-parasol-de-soleil-250cm-rond-noir-soleil\/#primaryimage\",\"url\":\"https:\/\/keramamueblesdejardin.com\/wp-content\/uploads\/2021\/04\/KMJ21186-002.jpg\",\"contentUrl\":\"https:\/\/keramamueblesdejardin.com\/wp-content\/uploads\/2021\/04\/KMJ21186-002.jpg\",\"width\":2130,\"height\":2134},{\"@type\":\"BreadcrumbList\",\"@id\":\"https:\/\/keramamueblesdejardin.com\/fr\/parasols-et-pergolas\/pieces-detachees-pour-le-textile\/tissu-de-rechange-pour-parasol-de-soleil-250cm-rond-noir-soleil\/#breadcrumb\",\"itemListElement\":[{\"@type\":\"ListItem\",\"position\":1,\"name\":\"Home\",\"item\":\"https:\/\/keramamueblesdejardin.com\/fr\/\"},{\"@type\":\"ListItem\",\"position\":2,\"name\":\"Boutique\",\"item\":\"https:\/\/keramamueblesdejardin.com\/tienda\/\"},{\"@type\":\"ListItem\",\"position\":3,\"name\":\"Parasols et pergolas\",\"item\":\"https:\/\/keramamueblesdejardin.com\/fr\/parasols-et-pergolas\/\"},{\"@type\":\"ListItem\",\"position\":4,\"name\":\"Pi\u00e8ces d\u00e9tach\u00e9es pour le textile\",\"item\":\"https:\/\/keramamueblesdejardin.com\/fr\/parasols-et-pergolas\/pieces-detachees-pour-le-textile\/\"},{\"@type\":\"ListItem\",\"position\":5,\"name\":\"Recharge pour toile de parasol 250cm ronde Noir &#8211; Sunny\"}]},{\"@type\":\"WebSite\",\"@id\":\"https:\/\/keramamueblesdejardin.com\/fr\/#website\",\"url\":\"https:\/\/keramamueblesdejardin.com\/fr\/\",\"name\":\"Kerama\",\"description\":\"muebles de jard\u00edn\",\"publisher\":{\"@id\":\"https:\/\/keramamueblesdejardin.com\/fr\/#organization\"},\"potentialAction\":[{\"@type\":\"SearchAction\",\"target\":{\"@type\":\"EntryPoint\",\"urlTemplate\":\"https:\/\/keramamueblesdejardin.com\/fr\/?s={search_term_string}\"},\"query-input\":{\"@type\":\"PropertyValueSpecification\",\"valueRequired\":true,\"valueName\":\"search_term_string\"}}],\"inLanguage\":\"fr-FR\"},{\"@type\":\"Organization\",\"@id\":\"https:\/\/keramamueblesdejardin.com\/fr\/#organization\",\"name\":\"kerama\",\"url\":\"https:\/\/keramamueblesdejardin.com\/fr\/\",\"logo\":{\"@type\":\"ImageObject\",\"inLanguage\":\"fr-FR\",\"@id\":\"https:\/\/keramamueblesdejardin.com\/fr\/#\/schema\/logo\/image\/\",\"url\":\"https:\/\/keramamueblesdejardin.com\/wp-content\/uploads\/2020\/12\/k.-scaled.jpg\",\"contentUrl\":\"https:\/\/keramamueblesdejardin.com\/wp-content\/uploads\/2020\/12\/k.-scaled.jpg\",\"width\":2560,\"height\":551,\"caption\":\"kerama\"},\"image\":{\"@id\":\"https:\/\/keramamueblesdejardin.com\/fr\/#\/schema\/logo\/image\/\"},\"sameAs\":[\"https:\/\/www.facebook.com\/Kerama-Muebles-de-Jard\u00edn-106209328312568\/\"]}]}<\/script>\n<!-- \/ Yoast SEO plugin. -->","yoast_head_json":{"title":"Recharge pour toile de parasol 250cm ronde Noir - Sunny - Kerama","robots":{"index":"index","follow":"follow","max-snippet":"max-snippet:-1","max-image-preview":"max-image-preview:large","max-video-preview":"max-video-preview:-1"},"canonical":"https:\/\/keramamueblesdejardin.com\/fr\/parasols-et-pergolas\/pieces-detachees-pour-le-textile\/tissu-de-rechange-pour-parasol-de-soleil-250cm-rond-noir-soleil\/","og_locale":"fr_FR","og_type":"article","og_title":"Recharge pour toile de parasol 250cm ronde Noir - Sunny - Kerama","og_description":"Tissu de rechange pour parasol \u00e0 m\u00e2t central rond de 250 cm de diam\u00e8tre  Tissu noir r\u00e9sistant aux UV  100% polyester 235g avec finition en t\u00e9flon  Convient aux parasols \u00e0 8 tiges","og_url":"https:\/\/keramamueblesdejardin.com\/fr\/parasols-et-pergolas\/pieces-detachees-pour-le-textile\/tissu-de-rechange-pour-parasol-de-soleil-250cm-rond-noir-soleil\/","og_site_name":"Kerama","article_publisher":"https:\/\/www.facebook.com\/Kerama-Muebles-de-Jard%c3%adn-106209328312568\/","article_modified_time":"2023-08-29T09:44:54+00:00","og_image":[{"width":2130,"height":2134,"url":"https:\/\/keramamueblesdejardin.com\/wp-content\/uploads\/2021\/04\/KMJ21186-002.jpg","type":"image\/jpeg"}],"twitter_card":"summary_large_image","schema":{"@context":"https:\/\/schema.org","@graph":[{"@type":"WebPage","@id":"https:\/\/keramamueblesdejardin.com\/fr\/parasols-et-pergolas\/pieces-detachees-pour-le-textile\/tissu-de-rechange-pour-parasol-de-soleil-250cm-rond-noir-soleil\/","url":"https:\/\/keramamueblesdejardin.com\/fr\/parasols-et-pergolas\/pieces-detachees-pour-le-textile\/tissu-de-rechange-pour-parasol-de-soleil-250cm-rond-noir-soleil\/","name":"Recharge pour toile de parasol 250cm ronde Noir - Sunny - Kerama","isPartOf":{"@id":"https:\/\/keramamueblesdejardin.com\/fr\/#website"},"primaryImageOfPage":{"@id":"https:\/\/keramamueblesdejardin.com\/fr\/parasols-et-pergolas\/pieces-detachees-pour-le-textile\/tissu-de-rechange-pour-parasol-de-soleil-250cm-rond-noir-soleil\/#primaryimage"},"image":{"@id":"https:\/\/keramamueblesdejardin.com\/fr\/parasols-et-pergolas\/pieces-detachees-pour-le-textile\/tissu-de-rechange-pour-parasol-de-soleil-250cm-rond-noir-soleil\/#primaryimage"},"thumbnailUrl":"https:\/\/keramamueblesdejardin.com\/wp-content\/uploads\/2021\/04\/KMJ21186-002.jpg","datePublished":"2021-05-06T06:49:41+00:00","dateModified":"2023-08-29T09:44:54+00:00","breadcrumb":{"@id":"https:\/\/keramamueblesdejardin.com\/fr\/parasols-et-pergolas\/pieces-detachees-pour-le-textile\/tissu-de-rechange-pour-parasol-de-soleil-250cm-rond-noir-soleil\/#breadcrumb"},"inLanguage":"fr-FR","potentialAction":[{"@type":"ReadAction","target":["https:\/\/keramamueblesdejardin.com\/fr\/parasols-et-pergolas\/pieces-detachees-pour-le-textile\/tissu-de-rechange-pour-parasol-de-soleil-250cm-rond-noir-soleil\/"]}]},{"@type":"ImageObject","inLanguage":"fr-FR","@id":"https:\/\/keramamueblesdejardin.com\/fr\/parasols-et-pergolas\/pieces-detachees-pour-le-textile\/tissu-de-rechange-pour-parasol-de-soleil-250cm-rond-noir-soleil\/#primaryimage","url":"https:\/\/keramamueblesdejardin.com\/wp-content\/uploads\/2021\/04\/KMJ21186-002.jpg","contentUrl":"https:\/\/keramamueblesdejardin.com\/wp-content\/uploads\/2021\/04\/KMJ21186-002.jpg","width":2130,"height":2134},{"@type":"BreadcrumbList","@id":"https:\/\/keramamueblesdejardin.com\/fr\/parasols-et-pergolas\/pieces-detachees-pour-le-textile\/tissu-de-rechange-pour-parasol-de-soleil-250cm-rond-noir-soleil\/#breadcrumb","itemListElement":[{"@type":"ListItem","position":1,"name":"Home","item":"https:\/\/keramamueblesdejardin.com\/fr\/"},{"@type":"ListItem","position":2,"name":"Boutique","item":"https:\/\/keramamueblesdejardin.com\/tienda\/"},{"@type":"ListItem","position":3,"name":"Parasols et pergolas","item":"https:\/\/keramamueblesdejardin.com\/fr\/parasols-et-pergolas\/"},{"@type":"ListItem","position":4,"name":"Pi\u00e8ces d\u00e9tach\u00e9es pour le textile","item":"https:\/\/keramamueblesdejardin.com\/fr\/parasols-et-pergolas\/pieces-detachees-pour-le-textile\/"},{"@type":"ListItem","position":5,"name":"Recharge pour toile de parasol 250cm ronde Noir &#8211; Sunny"}]},{"@type":"WebSite","@id":"https:\/\/keramamueblesdejardin.com\/fr\/#website","url":"https:\/\/keramamueblesdejardin.com\/fr\/","name":"Kerama","description":"muebles de jard\u00edn","publisher":{"@id":"https:\/\/keramamueblesdejardin.com\/fr\/#organization"},"potentialAction":[{"@type":"SearchAction","target":{"@type":"EntryPoint","urlTemplate":"https:\/\/keramamueblesdejardin.com\/fr\/?s={search_term_string}"},"query-input":{"@type":"PropertyValueSpecification","valueRequired":true,"valueName":"search_term_string"}}],"inLanguage":"fr-FR"},{"@type":"Organization","@id":"https:\/\/keramamueblesdejardin.com\/fr\/#organization","name":"kerama","url":"https:\/\/keramamueblesdejardin.com\/fr\/","logo":{"@type":"ImageObject","inLanguage":"fr-FR","@id":"https:\/\/keramamueblesdejardin.com\/fr\/#\/schema\/logo\/image\/","url":"https:\/\/keramamueblesdejardin.com\/wp-content\/uploads\/2020\/12\/k.-scaled.jpg","contentUrl":"https:\/\/keramamueblesdejardin.com\/wp-content\/uploads\/2020\/12\/k.-scaled.jpg","width":2560,"height":551,"caption":"kerama"},"image":{"@id":"https:\/\/keramamueblesdejardin.com\/fr\/#\/schema\/logo\/image\/"},"sameAs":["https:\/\/www.facebook.com\/Kerama-Muebles-de-Jard\u00edn-106209328312568\/"]}]}},"df_price":49,"df_sale_price":49,"df_regular_price":64,"df_image_link":"https:\/\/keramamueblesdejardin.com\/wp-content\/uploads\/2021\/04\/KMJ21186-002-300x300.jpg","custom_tabs":[{"id":"mesures","title":"MESURES","content":"<strong>Diam\u00e8tre :<\/strong> 2,5 m  <br><strong>Trous de tige :<\/strong> 8"},{"id":"deballage-et-montage","title":"D\u00c9BALLAGE ET MONTAGE","content":"<br><strong>Recommandations pour le d\u00e9ballage :<\/strong> Ne pas utiliser d'outils tranchants lors du d\u00e9ballage du meuble car cela pourrait l'endommager.  <br><strong>Montage requis (O\/N) :<\/strong> Non"},{"id":"entretien-et-garanties","title":"ENTRETIEN ET GARANTIES","content":"<div class=\"moz-signature\"><div class=\"list\"><strong>Recommandations g\u00e9n\u00e9rales :<\/strong> <br>- Les d\u00e9faillances ou les dommages caus\u00e9s par les \u00e9l\u00e9ments suivants sont exclus de la garantie :<br>- Les causes accidentelles telles que chutes, coups, d\u00e9versement de liquides, introduction de corps \u00e9trangers, ainsi que toute autre force majeure.<br>- Utilisation n\u00e9gligente, inappropri\u00e9e ou non domestique.<br>- Dommages, corrosion et\/ou oxydation acc\u00e9l\u00e9r\u00e9s par des conditions environnementales d\u00e9favorables.<br>- Taches et d\u00e9coloration dues au non-respect de nos instructions de nettoyage.<br>- Dommages survenus lors du montage et de la manipulation sans respecter les instructions de montage.<br><strong>Instructions d'utilisation et d'entretien :<\/strong> <br>- Essuyez doucement avec un chiffon ou utilisez un savon liquide neutre, puis rincez abondamment \u00e0 l'eau.<br>- Enlevez r\u00e9guli\u00e8rement la poussi\u00e8re avec un chiffon doux et de l'eau claire.<br>- N'utilisez pas de d\u00e9tergents ou de produits abrasifs pour le nettoyage.<br><strong>Ann\u00e9es de garantie :<\/strong> 3 ans<br><strong>Fabriqu\u00e9 conform\u00e9ment \u00e0 la norme :<\/strong> 581-1,581-2,581-3<\/div><\/div>","name":"Entretien et garanties"}],"_links":{"self":[{"href":"https:\/\/keramamueblesdejardin.com\/fr\/wp-json\/wp\/v2\/product\/64212","targetHints":{"allow":["GET"]}}],"collection":[{"href":"https:\/\/keramamueblesdejardin.com\/fr\/wp-json\/wp\/v2\/product"}],"about":[{"href":"https:\/\/keramamueblesdejardin.com\/fr\/wp-json\/wp\/v2\/types\/product"}],"replies":[{"embeddable":true,"href":"https:\/\/keramamueblesdejardin.com\/fr\/wp-json\/wp\/v2\/comments?post=64212"}],"wp:featuredmedia":[{"embeddable":true,"href":"https:\/\/keramamueblesdejardin.com\/fr\/wp-json\/wp\/v2\/media\/43963"}],"wp:attachment":[{"href":"https:\/\/keramamueblesdejardin.com\/fr\/wp-json\/wp\/v2\/media?parent=64212"}],"wp:term":[{"taxonomy":"product_brand","embeddable":true,"href":"https:\/\/keramamueblesdejardin.com\/fr\/wp-json\/wp\/v2\/product_brand?post=64212"},{"taxonomy":"product_cat","embeddable":true,"href":"https:\/\/keramamueblesdejardin.com\/fr\/wp-json\/wp\/v2\/product_cat?post=64212"},{"taxonomy":"product_tag","embeddable":true,"href":"https:\/\/keramamueblesdejardin.com\/fr\/wp-json\/wp\/v2\/product_tag?post=64212"}],"curies":[{"name":"wp","href":"https:\/\/api.w.org\/{rel}","templated":true}]}}