{"id":64207,"date":"2021-05-06T08:49:44","date_gmt":"2021-05-06T06:49:44","guid":{"rendered":"https:\/\/keramamueblesdejardin.com\/non%20class\u00e9\/ensemble-de-jardin-avec-foyer-cayenne\/"},"modified":"2024-01-26T12:35:44","modified_gmt":"2024-01-26T11:35:44","slug":"ensemble-jardin-avec-foyer-cayenne","status":"publish","type":"product","link":"https:\/\/keramamueblesdejardin.com\/fr\/non class\u00e9\/ensemble-jardin-avec-foyer-cayenne\/","title":{"rendered":"Ensemble de jardin avec foyer &#8211; Cayenne"},"content":{"rendered":"<p><span style=\\\"\\\"font-weight:\\\">Le site <\/span><b>Ensemble de jardin de Cayenne<\/b><span style=\\\"\\\"font-weight:\\\"> est compos\u00e9 d\\&rsquo;un cadre en acier inoxydable et en rotin synth\u00e9tique noir et d\\&rsquo;une table d\\&rsquo;appoint rectangulaire en fibrociment de couleur chaude.<\/span><\/p>\n<p><span style=\\\"\\\"font-weight:\\\">Cet ensemble 4 places se compose d\\&rsquo;un <\/span><b>table en fibrociment avec une chemin\u00e9e et 4 fauteuils.<\/b><span style=\\\"\\\"font-weight:\\\">. Il est \u00e9galement dot\u00e9 de coussins en polypropyl\u00e8ne de couleur grise.<\/span><\/p>\n<p><span style=\\\"\\\"font-weight:\\\">Consultez nos autres <\/span><a href=\\\"%5C%22https:\/\/keramamueblesdejardin.com\/salones-exterior\/conjuntos-jardin\/%5C%22\\\"><br \/>\n  <span style=\\\"\\\"font-weight:\\\">ensembles de jardin<\/span><br \/>\n<\/a><span style=\\\"\\\"font-weight:\\\">.<\/span><\/p>\n","protected":false},"excerpt":{"rendered":"<ul>\n<li>4 fauteuils une place en acier inoxydable et rotin synth\u00e9tique noir<\/li>\n<li>Coussins en polypropyl\u00e8ne gris cayenne<\/li>\n<li>Table d&rsquo;appoint de jardin rectangulaire en fibrociment Warm.<\/li>\n<li>Table avec fonction de feu de camp<\/li>\n<\/ul>\n","protected":false},"featured_media":54594,"comment_status":"closed","ping_status":"closed","template":"","meta":{"_acf_changed":false},"product_brand":[],"product_cat":[],"product_tag":[],"class_list":{"0":"post-64207","1":"product","2":"type-product","3":"status-publish","4":"has-post-thumbnail","7":"first","8":"outofstock","9":"sale","10":"purchasable","11":"product-type-simple","12":"add-to-wishlist-before_image"},"acf":[],"yoast_head":"<!-- This site is optimized with the Yoast SEO plugin v27.4 - https:\/\/yoast.com\/product\/yoast-seo-wordpress\/ -->\n<title>Ensemble de jardin avec foyer - Cayenne - Kerama<\/title>\n<meta name=\"robots\" content=\"index, follow, max-snippet:-1, max-image-preview:large, max-video-preview:-1\" \/>\n<link rel=\"canonical\" href=\"https:\/\/keramamueblesdejardin.com\/fr\/non%20class\u00e9\/ensemble-jardin-avec-foyer-cayenne\/\" \/>\n<meta property=\"og:locale\" content=\"fr_FR\" \/>\n<meta property=\"og:type\" content=\"article\" \/>\n<meta property=\"og:title\" content=\"Ensemble de jardin avec foyer - Cayenne - Kerama\" \/>\n<meta property=\"og:description\" content=\"4 fauteuils une place en acier inoxydable et rotin synth\u00e9tique noir  Coussins en polypropyl\u00e8ne gris cayenne  Table d&#039;appoint de jardin rectangulaire en fibrociment Warm.  Table avec fonction de feu de camp\" \/>\n<meta property=\"og:url\" content=\"https:\/\/keramamueblesdejardin.com\/fr\/non class\u00e9\/ensemble-jardin-avec-foyer-cayenne\/\" \/>\n<meta property=\"og:site_name\" content=\"Kerama\" \/>\n<meta property=\"article:publisher\" content=\"https:\/\/www.facebook.com\/Kerama-Muebles-de-Jard%c3%adn-106209328312568\/\" \/>\n<meta property=\"article:modified_time\" content=\"2024-01-26T11:35:44+00:00\" \/>\n<meta property=\"og:image\" content=\"https:\/\/keramamueblesdejardin.com\/wp-content\/uploads\/2021\/05\/L1390934-small.jpg\" \/>\n\t<meta property=\"og:image:width\" content=\"2000\" \/>\n\t<meta property=\"og:image:height\" content=\"1333\" \/>\n\t<meta property=\"og:image:type\" content=\"image\/jpeg\" \/>\n<meta name=\"twitter:card\" content=\"summary_large_image\" \/>\n<script type=\"application\/ld+json\" class=\"yoast-schema-graph\">{\"@context\":\"https:\\\/\\\/schema.org\",\"@graph\":[{\"@type\":\"WebPage\",\"@id\":\"https:\\\/\\\/keramamueblesdejardin.com\\\/fr\\\/non class\u00e9\\\/ensemble-jardin-avec-foyer-cayenne\\\/\",\"url\":\"https:\\\/\\\/keramamueblesdejardin.com\\\/fr\\\/non class\u00e9\\\/ensemble-jardin-avec-foyer-cayenne\\\/\",\"name\":\"Ensemble de jardin avec foyer - Cayenne - Kerama\",\"isPartOf\":{\"@id\":\"https:\\\/\\\/keramamueblesdejardin.com\\\/fr\\\/#website\"},\"primaryImageOfPage\":{\"@id\":\"https:\\\/\\\/keramamueblesdejardin.com\\\/fr\\\/non class\u00e9\\\/ensemble-jardin-avec-foyer-cayenne\\\/#primaryimage\"},\"image\":{\"@id\":\"https:\\\/\\\/keramamueblesdejardin.com\\\/fr\\\/non class\u00e9\\\/ensemble-jardin-avec-foyer-cayenne\\\/#primaryimage\"},\"thumbnailUrl\":\"https:\\\/\\\/keramamueblesdejardin.com\\\/wp-content\\\/uploads\\\/2021\\\/05\\\/L1390934-small.jpg\",\"datePublished\":\"2021-05-06T06:49:44+00:00\",\"dateModified\":\"2024-01-26T11:35:44+00:00\",\"breadcrumb\":{\"@id\":\"https:\\\/\\\/keramamueblesdejardin.com\\\/fr\\\/non class\u00e9\\\/ensemble-jardin-avec-foyer-cayenne\\\/#breadcrumb\"},\"inLanguage\":\"fr-FR\",\"potentialAction\":[{\"@type\":\"ReadAction\",\"target\":[\"https:\\\/\\\/keramamueblesdejardin.com\\\/fr\\\/non class\u00e9\\\/ensemble-jardin-avec-foyer-cayenne\\\/\"]}]},{\"@type\":\"ImageObject\",\"inLanguage\":\"fr-FR\",\"@id\":\"https:\\\/\\\/keramamueblesdejardin.com\\\/fr\\\/non class\u00e9\\\/ensemble-jardin-avec-foyer-cayenne\\\/#primaryimage\",\"url\":\"https:\\\/\\\/keramamueblesdejardin.com\\\/wp-content\\\/uploads\\\/2021\\\/05\\\/L1390934-small.jpg\",\"contentUrl\":\"https:\\\/\\\/keramamueblesdejardin.com\\\/wp-content\\\/uploads\\\/2021\\\/05\\\/L1390934-small.jpg\",\"width\":2000,\"height\":1333},{\"@type\":\"BreadcrumbList\",\"@id\":\"https:\\\/\\\/keramamueblesdejardin.com\\\/fr\\\/non class\u00e9\\\/ensemble-jardin-avec-foyer-cayenne\\\/#breadcrumb\",\"itemListElement\":[{\"@type\":\"ListItem\",\"position\":1,\"name\":\"Home\",\"item\":\"https:\\\/\\\/keramamueblesdejardin.com\\\/fr\\\/\"},{\"@type\":\"ListItem\",\"position\":2,\"name\":\"Boutique\",\"item\":\"https:\\\/\\\/keramamueblesdejardin.com\\\/tienda\\\/\"},{\"@type\":\"ListItem\",\"position\":3,\"name\":\"Salles ext\u00e9rieures\",\"item\":\"https:\\\/\\\/keramamueblesdejardin.com\\\/fr\\\/salles-exterieures\\\/\"},{\"@type\":\"ListItem\",\"position\":4,\"name\":\"Ensembles de jardin\",\"item\":\"https:\\\/\\\/keramamueblesdejardin.com\\\/fr\\\/salles-exterieures\\\/ensembles-de-jardin\\\/\"},{\"@type\":\"ListItem\",\"position\":5,\"name\":\"Ensemble de jardin avec foyer &#8211; Cayenne\"}]},{\"@type\":\"WebSite\",\"@id\":\"https:\\\/\\\/keramamueblesdejardin.com\\\/fr\\\/#website\",\"url\":\"https:\\\/\\\/keramamueblesdejardin.com\\\/fr\\\/\",\"name\":\"Kerama\",\"description\":\"muebles de jard\u00edn\",\"publisher\":{\"@id\":\"https:\\\/\\\/keramamueblesdejardin.com\\\/fr\\\/#organization\"},\"potentialAction\":[{\"@type\":\"SearchAction\",\"target\":{\"@type\":\"EntryPoint\",\"urlTemplate\":\"https:\\\/\\\/keramamueblesdejardin.com\\\/fr\\\/?s={search_term_string}\"},\"query-input\":{\"@type\":\"PropertyValueSpecification\",\"valueRequired\":true,\"valueName\":\"search_term_string\"}}],\"inLanguage\":\"fr-FR\"},{\"@type\":\"Organization\",\"@id\":\"https:\\\/\\\/keramamueblesdejardin.com\\\/fr\\\/#organization\",\"name\":\"kerama\",\"url\":\"https:\\\/\\\/keramamueblesdejardin.com\\\/fr\\\/\",\"logo\":{\"@type\":\"ImageObject\",\"inLanguage\":\"fr-FR\",\"@id\":\"https:\\\/\\\/keramamueblesdejardin.com\\\/fr\\\/#\\\/schema\\\/logo\\\/image\\\/\",\"url\":\"https:\\\/\\\/keramamueblesdejardin.com\\\/wp-content\\\/uploads\\\/2020\\\/12\\\/k.-scaled.jpg\",\"contentUrl\":\"https:\\\/\\\/keramamueblesdejardin.com\\\/wp-content\\\/uploads\\\/2020\\\/12\\\/k.-scaled.jpg\",\"width\":2560,\"height\":551,\"caption\":\"kerama\"},\"image\":{\"@id\":\"https:\\\/\\\/keramamueblesdejardin.com\\\/fr\\\/#\\\/schema\\\/logo\\\/image\\\/\"},\"sameAs\":[\"https:\\\/\\\/www.facebook.com\\\/Kerama-Muebles-de-Jard\u00edn-106209328312568\\\/\"]}]}<\/script>\n<!-- \/ Yoast SEO plugin. -->","yoast_head_json":{"title":"Ensemble de jardin avec foyer - Cayenne - Kerama","robots":{"index":"index","follow":"follow","max-snippet":"max-snippet:-1","max-image-preview":"max-image-preview:large","max-video-preview":"max-video-preview:-1"},"canonical":"https:\/\/keramamueblesdejardin.com\/fr\/non class\u00e9\/ensemble-jardin-avec-foyer-cayenne\/","og_locale":"fr_FR","og_type":"article","og_title":"Ensemble de jardin avec foyer - Cayenne - Kerama","og_description":"4 fauteuils une place en acier inoxydable et rotin synth\u00e9tique noir  Coussins en polypropyl\u00e8ne gris cayenne  Table d'appoint de jardin rectangulaire en fibrociment Warm.  Table avec fonction de feu de camp","og_url":"https:\/\/keramamueblesdejardin.com\/fr\/non class\u00e9\/ensemble-jardin-avec-foyer-cayenne\/","og_site_name":"Kerama","article_publisher":"https:\/\/www.facebook.com\/Kerama-Muebles-de-Jard%c3%adn-106209328312568\/","article_modified_time":"2024-01-26T11:35:44+00:00","og_image":[{"width":2000,"height":1333,"url":"https:\/\/keramamueblesdejardin.com\/wp-content\/uploads\/2021\/05\/L1390934-small.jpg","type":"image\/jpeg"}],"twitter_card":"summary_large_image","schema":{"@context":"https:\/\/schema.org","@graph":[{"@type":"WebPage","@id":"https:\/\/keramamueblesdejardin.com\/fr\/non class\u00e9\/ensemble-jardin-avec-foyer-cayenne\/","url":"https:\/\/keramamueblesdejardin.com\/fr\/non class\u00e9\/ensemble-jardin-avec-foyer-cayenne\/","name":"Ensemble de jardin avec foyer - Cayenne - Kerama","isPartOf":{"@id":"https:\/\/keramamueblesdejardin.com\/fr\/#website"},"primaryImageOfPage":{"@id":"https:\/\/keramamueblesdejardin.com\/fr\/non class\u00e9\/ensemble-jardin-avec-foyer-cayenne\/#primaryimage"},"image":{"@id":"https:\/\/keramamueblesdejardin.com\/fr\/non class\u00e9\/ensemble-jardin-avec-foyer-cayenne\/#primaryimage"},"thumbnailUrl":"https:\/\/keramamueblesdejardin.com\/wp-content\/uploads\/2021\/05\/L1390934-small.jpg","datePublished":"2021-05-06T06:49:44+00:00","dateModified":"2024-01-26T11:35:44+00:00","breadcrumb":{"@id":"https:\/\/keramamueblesdejardin.com\/fr\/non class\u00e9\/ensemble-jardin-avec-foyer-cayenne\/#breadcrumb"},"inLanguage":"fr-FR","potentialAction":[{"@type":"ReadAction","target":["https:\/\/keramamueblesdejardin.com\/fr\/non class\u00e9\/ensemble-jardin-avec-foyer-cayenne\/"]}]},{"@type":"ImageObject","inLanguage":"fr-FR","@id":"https:\/\/keramamueblesdejardin.com\/fr\/non class\u00e9\/ensemble-jardin-avec-foyer-cayenne\/#primaryimage","url":"https:\/\/keramamueblesdejardin.com\/wp-content\/uploads\/2021\/05\/L1390934-small.jpg","contentUrl":"https:\/\/keramamueblesdejardin.com\/wp-content\/uploads\/2021\/05\/L1390934-small.jpg","width":2000,"height":1333},{"@type":"BreadcrumbList","@id":"https:\/\/keramamueblesdejardin.com\/fr\/non class\u00e9\/ensemble-jardin-avec-foyer-cayenne\/#breadcrumb","itemListElement":[{"@type":"ListItem","position":1,"name":"Home","item":"https:\/\/keramamueblesdejardin.com\/fr\/"},{"@type":"ListItem","position":2,"name":"Boutique","item":"https:\/\/keramamueblesdejardin.com\/tienda\/"},{"@type":"ListItem","position":3,"name":"Salles ext\u00e9rieures","item":"https:\/\/keramamueblesdejardin.com\/fr\/salles-exterieures\/"},{"@type":"ListItem","position":4,"name":"Ensembles de jardin","item":"https:\/\/keramamueblesdejardin.com\/fr\/salles-exterieures\/ensembles-de-jardin\/"},{"@type":"ListItem","position":5,"name":"Ensemble de jardin avec foyer &#8211; Cayenne"}]},{"@type":"WebSite","@id":"https:\/\/keramamueblesdejardin.com\/fr\/#website","url":"https:\/\/keramamueblesdejardin.com\/fr\/","name":"Kerama","description":"muebles de jard\u00edn","publisher":{"@id":"https:\/\/keramamueblesdejardin.com\/fr\/#organization"},"potentialAction":[{"@type":"SearchAction","target":{"@type":"EntryPoint","urlTemplate":"https:\/\/keramamueblesdejardin.com\/fr\/?s={search_term_string}"},"query-input":{"@type":"PropertyValueSpecification","valueRequired":true,"valueName":"search_term_string"}}],"inLanguage":"fr-FR"},{"@type":"Organization","@id":"https:\/\/keramamueblesdejardin.com\/fr\/#organization","name":"kerama","url":"https:\/\/keramamueblesdejardin.com\/fr\/","logo":{"@type":"ImageObject","inLanguage":"fr-FR","@id":"https:\/\/keramamueblesdejardin.com\/fr\/#\/schema\/logo\/image\/","url":"https:\/\/keramamueblesdejardin.com\/wp-content\/uploads\/2020\/12\/k.-scaled.jpg","contentUrl":"https:\/\/keramamueblesdejardin.com\/wp-content\/uploads\/2020\/12\/k.-scaled.jpg","width":2560,"height":551,"caption":"kerama"},"image":{"@id":"https:\/\/keramamueblesdejardin.com\/fr\/#\/schema\/logo\/image\/"},"sameAs":["https:\/\/www.facebook.com\/Kerama-Muebles-de-Jard\u00edn-106209328312568\/"]}]}},"df_price":1435,"df_sale_price":1435,"df_regular_price":1866,"df_image_link":"https:\/\/keramamueblesdejardin.com\/wp-content\/uploads\/2021\/05\/L1390934-small-300x200.jpg","custom_tabs":[{"title":"MESURES","id":"mesures","content":"<strong>Hauteur :<\/strong> Table 45,70 cm \/ Fauteuil 75 cm\n<strong>Largeur :<\/strong> Table 50,80 cm \/ Fauteuil 75 cm\n<strong>Profondeur :<\/strong> Table 106,70 cm \/ Fauteuil 75 cm\n<strong>Poids du produit :<\/strong> Table 31,80 kg \/ Fauteuil\n<strong>Hauteur de l'assise :<\/strong> 45 cm\n<strong>Profondeur de l'assise :<\/strong> 52 cm"},{"title":"D\u00c9BALLAGE ET MONTAGE","id":"deballage-et-montage","content":"<strong>Recommandations pour le d\u00e9ballage :<\/strong> Ne pas utiliser d'outils tranchants lors du d\u00e9ballage du meuble car cela pourrait l'endommager.\n<strong>Montage requis (O\/N) :<\/strong> Non"},{"title":"ENTRETIEN ET GARANTIES","id":"entretien-et-garanties","content":"<strong>Conditions g\u00e9n\u00e9rales :<\/strong>\n- Les d\u00e9faillances ou les dommages caus\u00e9s par les \u00e9l\u00e9ments suivants sont exclus de la garantie :\n- Les causes accidentelles telles que chutes, coups, d\u00e9versement de liquides, introduction de corps \u00e9trangers, ainsi que toute autre force majeure.\n- Utilisation n\u00e9gligente, inappropri\u00e9e ou non domestique.\n- Dommages, corrosion et\/ou oxydation acc\u00e9l\u00e9r\u00e9s par des conditions environnementales d\u00e9favorables.\n- Taches et d\u00e9coloration dues au non-respect de nos instructions de nettoyage.\n- Dommages survenus lors du montage et de la manipulation sans respecter les instructions de montage.\n<strong>Instructions d'utilisation et d'entretien :<\/strong>\n- Essuyez doucement avec un chiffon ou utilisez un savon liquide neutre et rincez abondamment \u00e0 l'eau.\n- Enlevez r\u00e9guli\u00e8rement la poussi\u00e8re avec un chiffon doux et de l'eau claire.\n- N'utilisez pas de d\u00e9tergents ou de produits abrasifs pour le nettoyage.\n- Pour le nettoyage des coussins, suivez les instructions figurant sur l'\u00e9tiquette textile.\n<strong>Ann\u00e9es de garantie :<\/strong> 2 ans\n<strong>Fabriqu\u00e9 conform\u00e9ment \u00e0 la norme :<\/strong> 581-1,581-2,581-3"}],"_links":{"self":[{"href":"https:\/\/keramamueblesdejardin.com\/fr\/wp-json\/wp\/v2\/product\/64207","targetHints":{"allow":["GET"]}}],"collection":[{"href":"https:\/\/keramamueblesdejardin.com\/fr\/wp-json\/wp\/v2\/product"}],"about":[{"href":"https:\/\/keramamueblesdejardin.com\/fr\/wp-json\/wp\/v2\/types\/product"}],"replies":[{"embeddable":true,"href":"https:\/\/keramamueblesdejardin.com\/fr\/wp-json\/wp\/v2\/comments?post=64207"}],"wp:featuredmedia":[{"embeddable":true,"href":"https:\/\/keramamueblesdejardin.com\/fr\/wp-json\/wp\/v2\/media\/54594"}],"wp:attachment":[{"href":"https:\/\/keramamueblesdejardin.com\/fr\/wp-json\/wp\/v2\/media?parent=64207"}],"wp:term":[{"taxonomy":"product_brand","embeddable":true,"href":"https:\/\/keramamueblesdejardin.com\/fr\/wp-json\/wp\/v2\/product_brand?post=64207"},{"taxonomy":"product_cat","embeddable":true,"href":"https:\/\/keramamueblesdejardin.com\/fr\/wp-json\/wp\/v2\/product_cat?post=64207"},{"taxonomy":"product_tag","embeddable":true,"href":"https:\/\/keramamueblesdejardin.com\/fr\/wp-json\/wp\/v2\/product_tag?post=64207"}],"curies":[{"name":"wp","href":"https:\/\/api.w.org\/{rel}","templated":true}]}}