{"id":64205,"date":"2021-05-06T08:49:38","date_gmt":"2021-05-06T06:49:38","guid":{"rendered":"https:\/\/keramamueblesdejardin.com\/non%20class\u00e9\/table-et-chaises-de-jardin-8-places-en-aluminium-brun-tokyo\/"},"modified":"2023-08-29T11:36:46","modified_gmt":"2023-08-29T09:36:46","slug":"table-et-chaises-de-jardin-set-8-sieges-aluminium-brun-tokyo","status":"publish","type":"product","link":"https:\/\/keramamueblesdejardin.com\/fr\/diner-en-plein-air\/ensemble-table-et-chaises-de-jardin\/table-et-chaises-de-jardin-set-8-sieges-aluminium-brun-tokyo\/","title":{"rendered":"Table et chaises de jardin 8 places en aluminium brun &#8211; Tokyo"},"content":{"rendered":"<p>Ce n&rsquo;est pas un hasard si les <strong>sets de Tokyo<\/strong> sont devenus nos <strong>meilleures ventes<\/strong>. En effet, ils sont fabriqu\u00e9s en tenant compte de ce qui est vraiment n\u00e9cessaire pour l&rsquo;ext\u00e9rieur : <strong>confort, robustesse, r\u00e9sistance aux intemp\u00e9ries et durabilit\u00e9<\/strong>. Et comment y parvenir ? En utilisant les meilleurs mat\u00e9riaux et en accordant une attention particuli\u00e8re aux d\u00e9tails dans tous les processus de fabrication.<\/p>\n<p>Cet ensemble en aluminium brun se compose d&rsquo;une <strong>table extensible de 260\/180\u00d7100 cm<\/strong> en verre tremp\u00e9 beige et de <strong>8 chaises empilables avec accoudoirs et<\/strong> assise et dossier en textil\u00e8ne rembourr\u00e9 beige.<\/p>\n<p>D\u00e9couvrez nos <a href=\"\/comedores-exterior\/conjunto-mesa-y-sillas-jardin\/\">ensembles table et chaise de terrasse<\/a><\/p>\n","protected":false},"excerpt":{"rendered":"<ul>\n<li>8 chaises empilables en aluminium brun cuivr\u00e9 avec rev\u00eatement en textil\u00e8ne sable fonc\u00e9<\/li>\n<li>Table en aluminium brun cuivr\u00e9 avec plateau en verre beige et plateau en verre effet tissu<\/li>\n<li>Dimensions de la table : 180&#215;100 cm (ferm\u00e9e) 260&#215;100 cm (\u00e9tendue)<\/li>\n<\/ul>\n","protected":false},"featured_media":54086,"comment_status":"closed","ping_status":"open","template":"","meta":{"_acf_changed":false},"product_brand":[],"product_cat":[578,579],"product_tag":[565,567,577],"class_list":{"0":"post-64205","1":"product","2":"type-product","3":"status-publish","4":"has-post-thumbnail","6":"product_cat-diner-en-plein-air","7":"product_cat-ensemble-table-et-chaises-de-jardin","8":"product_tag-aluminium","9":"product_tag-grands-espaces","10":"product_tag-tokyo-fr","11":"product_shipping_class-envio-gratuito-fr","12":"pa_ancho-260-fr","13":"pa_asientos-8-fr","14":"pa_caracteristicas-accoudoirs","15":"pa_caracteristicas-empilable","16":"pa_caracteristicas-extensible-fr","17":"pa_caracteristicas-resistant-a-l-eau","18":"pa_coleccion-osaka-fr","19":"pa_coleccion-tokyo-fr","20":"pa_espacio-10-92-fr","21":"pa_forma-rectangulaire","22":"pa_largo-420-fr","23":"pa_m2-1092-fr","24":"pa_material-aluminio-fr","25":"pa_material-textileno-fr","26":"pa_material-cristal-templado-fr","27":"pa_tamano-espacio-grand","29":"first","30":"instock","31":"sale","32":"purchasable","33":"product-type-simple","34":"add-to-wishlist-before_image"},"acf":[],"yoast_head":"<!-- This site is optimized with the Yoast SEO plugin v27.2 - https:\/\/yoast.com\/product\/yoast-seo-wordpress\/ -->\n<title>Table et chaises de jardin 8 places en aluminium brun - Tokyo - Kerama<\/title>\n<meta name=\"robots\" content=\"index, follow, max-snippet:-1, max-image-preview:large, max-video-preview:-1\" \/>\n<link rel=\"canonical\" href=\"https:\/\/keramamueblesdejardin.com\/fr\/diner-en-plein-air\/ensemble-table-et-chaises-de-jardin\/table-et-chaises-de-jardin-set-8-sieges-aluminium-brun-tokyo\/\" \/>\n<meta property=\"og:locale\" content=\"fr_FR\" \/>\n<meta property=\"og:type\" content=\"article\" \/>\n<meta property=\"og:title\" content=\"Table et chaises de jardin 8 places en aluminium brun - Tokyo - Kerama\" \/>\n<meta property=\"og:description\" content=\"8 chaises empilables en aluminium brun cuivr\u00e9 avec rev\u00eatement en textil\u00e8ne sable fonc\u00e9  Table en aluminium brun cuivr\u00e9 avec plateau en verre beige et plateau en verre effet tissu  Dimensions de la table : 180x100 cm (ferm\u00e9e) 260x100 cm (\u00e9tendue)\" \/>\n<meta property=\"og:url\" content=\"https:\/\/keramamueblesdejardin.com\/fr\/diner-en-plein-air\/ensemble-table-et-chaises-de-jardin\/table-et-chaises-de-jardin-set-8-sieges-aluminium-brun-tokyo\/\" \/>\n<meta property=\"og:site_name\" content=\"Kerama\" \/>\n<meta property=\"article:publisher\" content=\"https:\/\/www.facebook.com\/Kerama-Muebles-de-Jard%c3%adn-106209328312568\/\" \/>\n<meta property=\"article:modified_time\" content=\"2023-08-29T09:36:46+00:00\" \/>\n<meta property=\"og:image\" content=\"https:\/\/keramamueblesdejardin.com\/wp-content\/uploads\/2021\/05\/KMJ21176_01-scaled-e1697714149280.jpg\" \/>\n\t<meta property=\"og:image:width\" content=\"1200\" \/>\n\t<meta property=\"og:image:height\" content=\"1200\" \/>\n\t<meta property=\"og:image:type\" content=\"image\/jpeg\" \/>\n<meta name=\"twitter:card\" content=\"summary_large_image\" \/>\n<meta name=\"twitter:label1\" content=\"Dur\u00e9e de lecture estim\u00e9e\" \/>\n\t<meta name=\"twitter:data1\" content=\"1 minute\" \/>\n<script type=\"application\/ld+json\" class=\"yoast-schema-graph\">{\"@context\":\"https:\/\/schema.org\",\"@graph\":[{\"@type\":\"WebPage\",\"@id\":\"https:\/\/keramamueblesdejardin.com\/fr\/diner-en-plein-air\/ensemble-table-et-chaises-de-jardin\/table-et-chaises-de-jardin-set-8-sieges-aluminium-brun-tokyo\/\",\"url\":\"https:\/\/keramamueblesdejardin.com\/fr\/diner-en-plein-air\/ensemble-table-et-chaises-de-jardin\/table-et-chaises-de-jardin-set-8-sieges-aluminium-brun-tokyo\/\",\"name\":\"Table et chaises de jardin 8 places en aluminium brun - Tokyo - Kerama\",\"isPartOf\":{\"@id\":\"https:\/\/keramamueblesdejardin.com\/fr\/#website\"},\"primaryImageOfPage\":{\"@id\":\"https:\/\/keramamueblesdejardin.com\/fr\/diner-en-plein-air\/ensemble-table-et-chaises-de-jardin\/table-et-chaises-de-jardin-set-8-sieges-aluminium-brun-tokyo\/#primaryimage\"},\"image\":{\"@id\":\"https:\/\/keramamueblesdejardin.com\/fr\/diner-en-plein-air\/ensemble-table-et-chaises-de-jardin\/table-et-chaises-de-jardin-set-8-sieges-aluminium-brun-tokyo\/#primaryimage\"},\"thumbnailUrl\":\"https:\/\/keramamueblesdejardin.com\/wp-content\/uploads\/2021\/05\/KMJ21176_01-scaled-e1697714149280.jpg\",\"datePublished\":\"2021-05-06T06:49:38+00:00\",\"dateModified\":\"2023-08-29T09:36:46+00:00\",\"breadcrumb\":{\"@id\":\"https:\/\/keramamueblesdejardin.com\/fr\/diner-en-plein-air\/ensemble-table-et-chaises-de-jardin\/table-et-chaises-de-jardin-set-8-sieges-aluminium-brun-tokyo\/#breadcrumb\"},\"inLanguage\":\"fr-FR\",\"potentialAction\":[{\"@type\":\"ReadAction\",\"target\":[\"https:\/\/keramamueblesdejardin.com\/fr\/diner-en-plein-air\/ensemble-table-et-chaises-de-jardin\/table-et-chaises-de-jardin-set-8-sieges-aluminium-brun-tokyo\/\"]}]},{\"@type\":\"ImageObject\",\"inLanguage\":\"fr-FR\",\"@id\":\"https:\/\/keramamueblesdejardin.com\/fr\/diner-en-plein-air\/ensemble-table-et-chaises-de-jardin\/table-et-chaises-de-jardin-set-8-sieges-aluminium-brun-tokyo\/#primaryimage\",\"url\":\"https:\/\/keramamueblesdejardin.com\/wp-content\/uploads\/2021\/05\/KMJ21176_01-scaled-e1697714149280.jpg\",\"contentUrl\":\"https:\/\/keramamueblesdejardin.com\/wp-content\/uploads\/2021\/05\/KMJ21176_01-scaled-e1697714149280.jpg\",\"width\":1200,\"height\":1200},{\"@type\":\"BreadcrumbList\",\"@id\":\"https:\/\/keramamueblesdejardin.com\/fr\/diner-en-plein-air\/ensemble-table-et-chaises-de-jardin\/table-et-chaises-de-jardin-set-8-sieges-aluminium-brun-tokyo\/#breadcrumb\",\"itemListElement\":[{\"@type\":\"ListItem\",\"position\":1,\"name\":\"Home\",\"item\":\"https:\/\/keramamueblesdejardin.com\/fr\/\"},{\"@type\":\"ListItem\",\"position\":2,\"name\":\"Boutique\",\"item\":\"https:\/\/keramamueblesdejardin.com\/tienda\/\"},{\"@type\":\"ListItem\",\"position\":3,\"name\":\"D\u00eener en plein air\",\"item\":\"https:\/\/keramamueblesdejardin.com\/fr\/diner-en-plein-air\/\"},{\"@type\":\"ListItem\",\"position\":4,\"name\":\"Ensemble table et chaises de jardin\",\"item\":\"https:\/\/keramamueblesdejardin.com\/fr\/diner-en-plein-air\/ensemble-table-et-chaises-de-jardin\/\"},{\"@type\":\"ListItem\",\"position\":5,\"name\":\"Table et chaises de jardin 8 places en aluminium brun &#8211; Tokyo\"}]},{\"@type\":\"WebSite\",\"@id\":\"https:\/\/keramamueblesdejardin.com\/fr\/#website\",\"url\":\"https:\/\/keramamueblesdejardin.com\/fr\/\",\"name\":\"Kerama\",\"description\":\"muebles de jard\u00edn\",\"publisher\":{\"@id\":\"https:\/\/keramamueblesdejardin.com\/fr\/#organization\"},\"potentialAction\":[{\"@type\":\"SearchAction\",\"target\":{\"@type\":\"EntryPoint\",\"urlTemplate\":\"https:\/\/keramamueblesdejardin.com\/fr\/?s={search_term_string}\"},\"query-input\":{\"@type\":\"PropertyValueSpecification\",\"valueRequired\":true,\"valueName\":\"search_term_string\"}}],\"inLanguage\":\"fr-FR\"},{\"@type\":\"Organization\",\"@id\":\"https:\/\/keramamueblesdejardin.com\/fr\/#organization\",\"name\":\"kerama\",\"url\":\"https:\/\/keramamueblesdejardin.com\/fr\/\",\"logo\":{\"@type\":\"ImageObject\",\"inLanguage\":\"fr-FR\",\"@id\":\"https:\/\/keramamueblesdejardin.com\/fr\/#\/schema\/logo\/image\/\",\"url\":\"https:\/\/keramamueblesdejardin.com\/wp-content\/uploads\/2020\/12\/k.-scaled.jpg\",\"contentUrl\":\"https:\/\/keramamueblesdejardin.com\/wp-content\/uploads\/2020\/12\/k.-scaled.jpg\",\"width\":2560,\"height\":551,\"caption\":\"kerama\"},\"image\":{\"@id\":\"https:\/\/keramamueblesdejardin.com\/fr\/#\/schema\/logo\/image\/\"},\"sameAs\":[\"https:\/\/www.facebook.com\/Kerama-Muebles-de-Jard\u00edn-106209328312568\/\"]}]}<\/script>\n<!-- \/ Yoast SEO plugin. -->","yoast_head_json":{"title":"Table et chaises de jardin 8 places en aluminium brun - Tokyo - Kerama","robots":{"index":"index","follow":"follow","max-snippet":"max-snippet:-1","max-image-preview":"max-image-preview:large","max-video-preview":"max-video-preview:-1"},"canonical":"https:\/\/keramamueblesdejardin.com\/fr\/diner-en-plein-air\/ensemble-table-et-chaises-de-jardin\/table-et-chaises-de-jardin-set-8-sieges-aluminium-brun-tokyo\/","og_locale":"fr_FR","og_type":"article","og_title":"Table et chaises de jardin 8 places en aluminium brun - Tokyo - Kerama","og_description":"8 chaises empilables en aluminium brun cuivr\u00e9 avec rev\u00eatement en textil\u00e8ne sable fonc\u00e9  Table en aluminium brun cuivr\u00e9 avec plateau en verre beige et plateau en verre effet tissu  Dimensions de la table : 180x100 cm (ferm\u00e9e) 260x100 cm (\u00e9tendue)","og_url":"https:\/\/keramamueblesdejardin.com\/fr\/diner-en-plein-air\/ensemble-table-et-chaises-de-jardin\/table-et-chaises-de-jardin-set-8-sieges-aluminium-brun-tokyo\/","og_site_name":"Kerama","article_publisher":"https:\/\/www.facebook.com\/Kerama-Muebles-de-Jard%c3%adn-106209328312568\/","article_modified_time":"2023-08-29T09:36:46+00:00","og_image":[{"width":1200,"height":1200,"url":"https:\/\/keramamueblesdejardin.com\/wp-content\/uploads\/2021\/05\/KMJ21176_01-scaled-e1697714149280.jpg","type":"image\/jpeg"}],"twitter_card":"summary_large_image","twitter_misc":{"Dur\u00e9e de lecture estim\u00e9e":"1 minute"},"schema":{"@context":"https:\/\/schema.org","@graph":[{"@type":"WebPage","@id":"https:\/\/keramamueblesdejardin.com\/fr\/diner-en-plein-air\/ensemble-table-et-chaises-de-jardin\/table-et-chaises-de-jardin-set-8-sieges-aluminium-brun-tokyo\/","url":"https:\/\/keramamueblesdejardin.com\/fr\/diner-en-plein-air\/ensemble-table-et-chaises-de-jardin\/table-et-chaises-de-jardin-set-8-sieges-aluminium-brun-tokyo\/","name":"Table et chaises de jardin 8 places en aluminium brun - Tokyo - Kerama","isPartOf":{"@id":"https:\/\/keramamueblesdejardin.com\/fr\/#website"},"primaryImageOfPage":{"@id":"https:\/\/keramamueblesdejardin.com\/fr\/diner-en-plein-air\/ensemble-table-et-chaises-de-jardin\/table-et-chaises-de-jardin-set-8-sieges-aluminium-brun-tokyo\/#primaryimage"},"image":{"@id":"https:\/\/keramamueblesdejardin.com\/fr\/diner-en-plein-air\/ensemble-table-et-chaises-de-jardin\/table-et-chaises-de-jardin-set-8-sieges-aluminium-brun-tokyo\/#primaryimage"},"thumbnailUrl":"https:\/\/keramamueblesdejardin.com\/wp-content\/uploads\/2021\/05\/KMJ21176_01-scaled-e1697714149280.jpg","datePublished":"2021-05-06T06:49:38+00:00","dateModified":"2023-08-29T09:36:46+00:00","breadcrumb":{"@id":"https:\/\/keramamueblesdejardin.com\/fr\/diner-en-plein-air\/ensemble-table-et-chaises-de-jardin\/table-et-chaises-de-jardin-set-8-sieges-aluminium-brun-tokyo\/#breadcrumb"},"inLanguage":"fr-FR","potentialAction":[{"@type":"ReadAction","target":["https:\/\/keramamueblesdejardin.com\/fr\/diner-en-plein-air\/ensemble-table-et-chaises-de-jardin\/table-et-chaises-de-jardin-set-8-sieges-aluminium-brun-tokyo\/"]}]},{"@type":"ImageObject","inLanguage":"fr-FR","@id":"https:\/\/keramamueblesdejardin.com\/fr\/diner-en-plein-air\/ensemble-table-et-chaises-de-jardin\/table-et-chaises-de-jardin-set-8-sieges-aluminium-brun-tokyo\/#primaryimage","url":"https:\/\/keramamueblesdejardin.com\/wp-content\/uploads\/2021\/05\/KMJ21176_01-scaled-e1697714149280.jpg","contentUrl":"https:\/\/keramamueblesdejardin.com\/wp-content\/uploads\/2021\/05\/KMJ21176_01-scaled-e1697714149280.jpg","width":1200,"height":1200},{"@type":"BreadcrumbList","@id":"https:\/\/keramamueblesdejardin.com\/fr\/diner-en-plein-air\/ensemble-table-et-chaises-de-jardin\/table-et-chaises-de-jardin-set-8-sieges-aluminium-brun-tokyo\/#breadcrumb","itemListElement":[{"@type":"ListItem","position":1,"name":"Home","item":"https:\/\/keramamueblesdejardin.com\/fr\/"},{"@type":"ListItem","position":2,"name":"Boutique","item":"https:\/\/keramamueblesdejardin.com\/tienda\/"},{"@type":"ListItem","position":3,"name":"D\u00eener en plein air","item":"https:\/\/keramamueblesdejardin.com\/fr\/diner-en-plein-air\/"},{"@type":"ListItem","position":4,"name":"Ensemble table et chaises de jardin","item":"https:\/\/keramamueblesdejardin.com\/fr\/diner-en-plein-air\/ensemble-table-et-chaises-de-jardin\/"},{"@type":"ListItem","position":5,"name":"Table et chaises de jardin 8 places en aluminium brun &#8211; Tokyo"}]},{"@type":"WebSite","@id":"https:\/\/keramamueblesdejardin.com\/fr\/#website","url":"https:\/\/keramamueblesdejardin.com\/fr\/","name":"Kerama","description":"muebles de jard\u00edn","publisher":{"@id":"https:\/\/keramamueblesdejardin.com\/fr\/#organization"},"potentialAction":[{"@type":"SearchAction","target":{"@type":"EntryPoint","urlTemplate":"https:\/\/keramamueblesdejardin.com\/fr\/?s={search_term_string}"},"query-input":{"@type":"PropertyValueSpecification","valueRequired":true,"valueName":"search_term_string"}}],"inLanguage":"fr-FR"},{"@type":"Organization","@id":"https:\/\/keramamueblesdejardin.com\/fr\/#organization","name":"kerama","url":"https:\/\/keramamueblesdejardin.com\/fr\/","logo":{"@type":"ImageObject","inLanguage":"fr-FR","@id":"https:\/\/keramamueblesdejardin.com\/fr\/#\/schema\/logo\/image\/","url":"https:\/\/keramamueblesdejardin.com\/wp-content\/uploads\/2020\/12\/k.-scaled.jpg","contentUrl":"https:\/\/keramamueblesdejardin.com\/wp-content\/uploads\/2020\/12\/k.-scaled.jpg","width":2560,"height":551,"caption":"kerama"},"image":{"@id":"https:\/\/keramamueblesdejardin.com\/fr\/#\/schema\/logo\/image\/"},"sameAs":["https:\/\/www.facebook.com\/Kerama-Muebles-de-Jard\u00edn-106209328312568\/"]}]}},"df_price":1099,"df_sale_price":1099,"df_regular_price":1351,"df_image_link":"https:\/\/keramamueblesdejardin.com\/wp-content\/uploads\/2021\/05\/KMJ21176_01-300x300.jpg","custom_tabs":[{"title":"MESURES","id":"mesures","content":"<strong>Hauteur :<\/strong> Chaise 90 cm \/ Table 75 cm\n<strong>Largeur :<\/strong> Chaise 60 cm \/ Table 100 cm\n<strong>Profondeur :<\/strong> Chaise 57 cm \/ Table 180 cm (sans extension) 260 cm (extension)\n<strong>Poids du produit :<\/strong> Chaise 3 kg \/ Table 43 kg\n<strong>Hauteur du si\u00e8ge :<\/strong> 43 cm\n<strong>Profondeur de l'assise :<\/strong> 47 cm"},{"title":"D\u00c9BALLAGE ET MONTAGE","id":"deballage-et-montage","content":"<strong>Recommandations pour le d\u00e9ballage :<\/strong> Ne pas utiliser d'outils tranchants lors du d\u00e9ballage du meuble car cela pourrait l'endommager.\n<strong>Montage requis (O\/N) :<\/strong> Oui\n<strong>Difficult\u00e9 de montage :<\/strong> faible\n<strong>Temps de montage :<\/strong> 20 minutes\n<strong>Personnes recommand\u00e9es pour le montage :<\/strong> 2\n<strong>Suggestions de montage :<\/strong> Pr\u00e9parez une zone de montage propre et s\u00e8che, v\u00e9rifiez qu'aucune des pi\u00e8ces list\u00e9es dans le manuel ne manque. Nous recommandons l'utilisation de gants appropri\u00e9s pour le montage. N'utilisez que les pi\u00e8ces et les raccords fournis. Nous ne recommandons PAS l'option d'achat avec montage pour cet article car la difficult\u00e9 de montage est tr\u00e8s faible."},{"title":"ENTRETIEN ET GARANTIES","id":"entretien-et-garanties","content":"<div class=\"moz-signature\">\n<div class=\"list\"><strong>Recommandations g\u00e9n\u00e9rales :<\/strong>\n- Les d\u00e9faillances ou les dommages caus\u00e9s par les \u00e9l\u00e9ments suivants sont exclus de la garantie :\n- Les causes accidentelles telles que chutes, coups, d\u00e9versement de liquides, introduction de corps \u00e9trangers, ainsi que toute autre force majeure.\n- Utilisation n\u00e9gligente, inappropri\u00e9e ou non domestique.\n- Dommages, corrosion et\/ou oxydation acc\u00e9l\u00e9r\u00e9s par des conditions environnementales d\u00e9favorables.\n- Taches et d\u00e9coloration dues au non-respect de nos instructions de nettoyage.\n- Dommages survenus lors du montage et de la manipulation sans respecter les instructions de montage.\n<strong>Instructions d'utilisation et d'entretien :<\/strong>\n- Essuyez doucement avec un chiffon ou utilisez un savon liquide neutre, puis rincez abondamment \u00e0 l'eau.\n- Enlevez r\u00e9guli\u00e8rement la poussi\u00e8re avec un chiffon doux et de l'eau claire.\n- N'utilisez pas de d\u00e9tergents ou de produits abrasifs pour le nettoyage.\n<strong>Ann\u00e9es de garantie :<\/strong> 3 ans\n<strong>Fabriqu\u00e9 conform\u00e9ment \u00e0 la norme :<\/strong> 581-1,581-2,581-3<\/div>\n<\/div>"}],"_links":{"self":[{"href":"https:\/\/keramamueblesdejardin.com\/fr\/wp-json\/wp\/v2\/product\/64205","targetHints":{"allow":["GET"]}}],"collection":[{"href":"https:\/\/keramamueblesdejardin.com\/fr\/wp-json\/wp\/v2\/product"}],"about":[{"href":"https:\/\/keramamueblesdejardin.com\/fr\/wp-json\/wp\/v2\/types\/product"}],"replies":[{"embeddable":true,"href":"https:\/\/keramamueblesdejardin.com\/fr\/wp-json\/wp\/v2\/comments?post=64205"}],"wp:featuredmedia":[{"embeddable":true,"href":"https:\/\/keramamueblesdejardin.com\/fr\/wp-json\/wp\/v2\/media\/54086"}],"wp:attachment":[{"href":"https:\/\/keramamueblesdejardin.com\/fr\/wp-json\/wp\/v2\/media?parent=64205"}],"wp:term":[{"taxonomy":"product_brand","embeddable":true,"href":"https:\/\/keramamueblesdejardin.com\/fr\/wp-json\/wp\/v2\/product_brand?post=64205"},{"taxonomy":"product_cat","embeddable":true,"href":"https:\/\/keramamueblesdejardin.com\/fr\/wp-json\/wp\/v2\/product_cat?post=64205"},{"taxonomy":"product_tag","embeddable":true,"href":"https:\/\/keramamueblesdejardin.com\/fr\/wp-json\/wp\/v2\/product_tag?post=64205"}],"curies":[{"name":"wp","href":"https:\/\/api.w.org\/{rel}","templated":true}]}}