{"id":64080,"date":"2021-05-06T08:49:44","date_gmt":"2021-05-06T06:49:44","guid":{"rendered":"https:\/\/keramamueblesdejardin.com\/non%20class\u00e9\/nappe-pour-table-a-manger-rayee-ecru-rouge-rayures\/"},"modified":"2023-08-29T12:06:17","modified_gmt":"2023-08-29T10:06:17","slug":"nappe-salle-a-manger-nappes-rubans-rouges-rubans-rouges","status":"publish","type":"product","link":"https:\/\/keramamueblesdejardin.com\/fr\/accessoires-dexterieur\/nappes\/nappe-salle-a-manger-nappes-rubans-rouges-rubans-rouges\/","title":{"rendered":"Nappe pour table \u00e0 manger ray\u00e9e \u00e9cru\/rouge &#8211; rayures"},"content":{"rendered":"<p>Nappe de table \u00e0 rayures \u00e9cru\/rouge en coton t\u00e9flon\u00e9 hydrofuge 280x150cm<\/p>\n","protected":false},"excerpt":{"rendered":"<ul>\n<li>Nappe pour table \u00e0 manger 280 x 150 cm<\/li>\n<li>En coton recouvert de T\u00e9flon, r\u00e9sistant aux liquides.<\/li>\n<li>Rayures \u00e9crues\/rouges<\/li>\n<\/ul>\n","protected":false},"featured_media":43909,"comment_status":"closed","ping_status":"open","template":"","meta":{"_acf_changed":false},"product_brand":[],"product_cat":[589,605],"product_tag":[567,606],"class_list":{"0":"post-64080","1":"product","2":"type-product","3":"status-publish","4":"has-post-thumbnail","6":"product_cat-accessoires-dexterieur","7":"product_cat-nappes","8":"product_tag-grands-espaces","9":"product_tag-rayures","10":"product_shipping_class-envio-gratuito-fr","11":"pa_coleccion-stripes-fr","12":"pa_material-tela-fr","14":"first","15":"outofstock","16":"sale","17":"purchasable","18":"product-type-simple","19":"add-to-wishlist-before_image"},"acf":[],"yoast_head":"<!-- This site is optimized with the Yoast SEO plugin v27.2 - https:\/\/yoast.com\/product\/yoast-seo-wordpress\/ -->\n<title>Nappe pour table \u00e0 manger ray\u00e9e \u00e9cru\/rouge - rayures - Kerama<\/title>\n<meta name=\"robots\" content=\"index, follow, max-snippet:-1, max-image-preview:large, max-video-preview:-1\" \/>\n<link rel=\"canonical\" href=\"https:\/\/keramamueblesdejardin.com\/fr\/accessoires-dexterieur\/nappes\/nappe-salle-a-manger-nappes-rubans-rouges-rubans-rouges\/\" \/>\n<meta property=\"og:locale\" content=\"fr_FR\" \/>\n<meta property=\"og:type\" content=\"article\" \/>\n<meta property=\"og:title\" content=\"Nappe pour table \u00e0 manger ray\u00e9e \u00e9cru\/rouge - rayures - Kerama\" \/>\n<meta property=\"og:description\" content=\"Nappe pour table \u00e0 manger 280 x 150 cm  En coton recouvert de T\u00e9flon, r\u00e9sistant aux liquides.  Rayures \u00e9crues\/rouges\" \/>\n<meta property=\"og:url\" content=\"https:\/\/keramamueblesdejardin.com\/fr\/accessoires-dexterieur\/nappes\/nappe-salle-a-manger-nappes-rubans-rouges-rubans-rouges\/\" \/>\n<meta property=\"og:site_name\" content=\"Kerama\" \/>\n<meta property=\"article:publisher\" content=\"https:\/\/www.facebook.com\/Kerama-Muebles-de-Jard%c3%adn-106209328312568\/\" \/>\n<meta property=\"article:modified_time\" content=\"2023-08-29T10:06:17+00:00\" \/>\n<meta property=\"og:image\" content=\"https:\/\/keramamueblesdejardin.com\/wp-content\/uploads\/2021\/04\/MG_5755-reco-scaled.jpg\" \/>\n\t<meta property=\"og:image:width\" content=\"2560\" \/>\n\t<meta property=\"og:image:height\" content=\"1707\" \/>\n\t<meta property=\"og:image:type\" content=\"image\/jpeg\" \/>\n<meta name=\"twitter:card\" content=\"summary_large_image\" \/>\n<script type=\"application\/ld+json\" class=\"yoast-schema-graph\">{\"@context\":\"https:\/\/schema.org\",\"@graph\":[{\"@type\":\"WebPage\",\"@id\":\"https:\/\/keramamueblesdejardin.com\/fr\/accessoires-dexterieur\/nappes\/nappe-salle-a-manger-nappes-rubans-rouges-rubans-rouges\/\",\"url\":\"https:\/\/keramamueblesdejardin.com\/fr\/accessoires-dexterieur\/nappes\/nappe-salle-a-manger-nappes-rubans-rouges-rubans-rouges\/\",\"name\":\"Nappe pour table \u00e0 manger ray\u00e9e \u00e9cru\/rouge - rayures - Kerama\",\"isPartOf\":{\"@id\":\"https:\/\/keramamueblesdejardin.com\/fr\/#website\"},\"primaryImageOfPage\":{\"@id\":\"https:\/\/keramamueblesdejardin.com\/fr\/accessoires-dexterieur\/nappes\/nappe-salle-a-manger-nappes-rubans-rouges-rubans-rouges\/#primaryimage\"},\"image\":{\"@id\":\"https:\/\/keramamueblesdejardin.com\/fr\/accessoires-dexterieur\/nappes\/nappe-salle-a-manger-nappes-rubans-rouges-rubans-rouges\/#primaryimage\"},\"thumbnailUrl\":\"https:\/\/keramamueblesdejardin.com\/wp-content\/uploads\/2021\/04\/MG_5755-reco-scaled.jpg\",\"datePublished\":\"2021-05-06T06:49:44+00:00\",\"dateModified\":\"2023-08-29T10:06:17+00:00\",\"breadcrumb\":{\"@id\":\"https:\/\/keramamueblesdejardin.com\/fr\/accessoires-dexterieur\/nappes\/nappe-salle-a-manger-nappes-rubans-rouges-rubans-rouges\/#breadcrumb\"},\"inLanguage\":\"fr-FR\",\"potentialAction\":[{\"@type\":\"ReadAction\",\"target\":[\"https:\/\/keramamueblesdejardin.com\/fr\/accessoires-dexterieur\/nappes\/nappe-salle-a-manger-nappes-rubans-rouges-rubans-rouges\/\"]}]},{\"@type\":\"ImageObject\",\"inLanguage\":\"fr-FR\",\"@id\":\"https:\/\/keramamueblesdejardin.com\/fr\/accessoires-dexterieur\/nappes\/nappe-salle-a-manger-nappes-rubans-rouges-rubans-rouges\/#primaryimage\",\"url\":\"https:\/\/keramamueblesdejardin.com\/wp-content\/uploads\/2021\/04\/MG_5755-reco-scaled.jpg\",\"contentUrl\":\"https:\/\/keramamueblesdejardin.com\/wp-content\/uploads\/2021\/04\/MG_5755-reco-scaled.jpg\",\"width\":2560,\"height\":1707},{\"@type\":\"BreadcrumbList\",\"@id\":\"https:\/\/keramamueblesdejardin.com\/fr\/accessoires-dexterieur\/nappes\/nappe-salle-a-manger-nappes-rubans-rouges-rubans-rouges\/#breadcrumb\",\"itemListElement\":[{\"@type\":\"ListItem\",\"position\":1,\"name\":\"Home\",\"item\":\"https:\/\/keramamueblesdejardin.com\/fr\/\"},{\"@type\":\"ListItem\",\"position\":2,\"name\":\"Boutique\",\"item\":\"https:\/\/keramamueblesdejardin.com\/tienda\/\"},{\"@type\":\"ListItem\",\"position\":3,\"name\":\"Accessoires d'ext\u00e9rieur\",\"item\":\"https:\/\/keramamueblesdejardin.com\/fr\/accessoires-dexterieur\/\"},{\"@type\":\"ListItem\",\"position\":4,\"name\":\"Nappes\",\"item\":\"https:\/\/keramamueblesdejardin.com\/fr\/accessoires-dexterieur\/nappes\/\"},{\"@type\":\"ListItem\",\"position\":5,\"name\":\"Nappe pour table \u00e0 manger ray\u00e9e \u00e9cru\/rouge &#8211; rayures\"}]},{\"@type\":\"WebSite\",\"@id\":\"https:\/\/keramamueblesdejardin.com\/fr\/#website\",\"url\":\"https:\/\/keramamueblesdejardin.com\/fr\/\",\"name\":\"Kerama\",\"description\":\"muebles de jard\u00edn\",\"publisher\":{\"@id\":\"https:\/\/keramamueblesdejardin.com\/fr\/#organization\"},\"potentialAction\":[{\"@type\":\"SearchAction\",\"target\":{\"@type\":\"EntryPoint\",\"urlTemplate\":\"https:\/\/keramamueblesdejardin.com\/fr\/?s={search_term_string}\"},\"query-input\":{\"@type\":\"PropertyValueSpecification\",\"valueRequired\":true,\"valueName\":\"search_term_string\"}}],\"inLanguage\":\"fr-FR\"},{\"@type\":\"Organization\",\"@id\":\"https:\/\/keramamueblesdejardin.com\/fr\/#organization\",\"name\":\"kerama\",\"url\":\"https:\/\/keramamueblesdejardin.com\/fr\/\",\"logo\":{\"@type\":\"ImageObject\",\"inLanguage\":\"fr-FR\",\"@id\":\"https:\/\/keramamueblesdejardin.com\/fr\/#\/schema\/logo\/image\/\",\"url\":\"https:\/\/keramamueblesdejardin.com\/wp-content\/uploads\/2020\/12\/k.-scaled.jpg\",\"contentUrl\":\"https:\/\/keramamueblesdejardin.com\/wp-content\/uploads\/2020\/12\/k.-scaled.jpg\",\"width\":2560,\"height\":551,\"caption\":\"kerama\"},\"image\":{\"@id\":\"https:\/\/keramamueblesdejardin.com\/fr\/#\/schema\/logo\/image\/\"},\"sameAs\":[\"https:\/\/www.facebook.com\/Kerama-Muebles-de-Jard\u00edn-106209328312568\/\"]}]}<\/script>\n<!-- \/ Yoast SEO plugin. -->","yoast_head_json":{"title":"Nappe pour table \u00e0 manger ray\u00e9e \u00e9cru\/rouge - rayures - Kerama","robots":{"index":"index","follow":"follow","max-snippet":"max-snippet:-1","max-image-preview":"max-image-preview:large","max-video-preview":"max-video-preview:-1"},"canonical":"https:\/\/keramamueblesdejardin.com\/fr\/accessoires-dexterieur\/nappes\/nappe-salle-a-manger-nappes-rubans-rouges-rubans-rouges\/","og_locale":"fr_FR","og_type":"article","og_title":"Nappe pour table \u00e0 manger ray\u00e9e \u00e9cru\/rouge - rayures - Kerama","og_description":"Nappe pour table \u00e0 manger 280 x 150 cm  En coton recouvert de T\u00e9flon, r\u00e9sistant aux liquides.  Rayures \u00e9crues\/rouges","og_url":"https:\/\/keramamueblesdejardin.com\/fr\/accessoires-dexterieur\/nappes\/nappe-salle-a-manger-nappes-rubans-rouges-rubans-rouges\/","og_site_name":"Kerama","article_publisher":"https:\/\/www.facebook.com\/Kerama-Muebles-de-Jard%c3%adn-106209328312568\/","article_modified_time":"2023-08-29T10:06:17+00:00","og_image":[{"width":2560,"height":1707,"url":"https:\/\/keramamueblesdejardin.com\/wp-content\/uploads\/2021\/04\/MG_5755-reco-scaled.jpg","type":"image\/jpeg"}],"twitter_card":"summary_large_image","schema":{"@context":"https:\/\/schema.org","@graph":[{"@type":"WebPage","@id":"https:\/\/keramamueblesdejardin.com\/fr\/accessoires-dexterieur\/nappes\/nappe-salle-a-manger-nappes-rubans-rouges-rubans-rouges\/","url":"https:\/\/keramamueblesdejardin.com\/fr\/accessoires-dexterieur\/nappes\/nappe-salle-a-manger-nappes-rubans-rouges-rubans-rouges\/","name":"Nappe pour table \u00e0 manger ray\u00e9e \u00e9cru\/rouge - rayures - Kerama","isPartOf":{"@id":"https:\/\/keramamueblesdejardin.com\/fr\/#website"},"primaryImageOfPage":{"@id":"https:\/\/keramamueblesdejardin.com\/fr\/accessoires-dexterieur\/nappes\/nappe-salle-a-manger-nappes-rubans-rouges-rubans-rouges\/#primaryimage"},"image":{"@id":"https:\/\/keramamueblesdejardin.com\/fr\/accessoires-dexterieur\/nappes\/nappe-salle-a-manger-nappes-rubans-rouges-rubans-rouges\/#primaryimage"},"thumbnailUrl":"https:\/\/keramamueblesdejardin.com\/wp-content\/uploads\/2021\/04\/MG_5755-reco-scaled.jpg","datePublished":"2021-05-06T06:49:44+00:00","dateModified":"2023-08-29T10:06:17+00:00","breadcrumb":{"@id":"https:\/\/keramamueblesdejardin.com\/fr\/accessoires-dexterieur\/nappes\/nappe-salle-a-manger-nappes-rubans-rouges-rubans-rouges\/#breadcrumb"},"inLanguage":"fr-FR","potentialAction":[{"@type":"ReadAction","target":["https:\/\/keramamueblesdejardin.com\/fr\/accessoires-dexterieur\/nappes\/nappe-salle-a-manger-nappes-rubans-rouges-rubans-rouges\/"]}]},{"@type":"ImageObject","inLanguage":"fr-FR","@id":"https:\/\/keramamueblesdejardin.com\/fr\/accessoires-dexterieur\/nappes\/nappe-salle-a-manger-nappes-rubans-rouges-rubans-rouges\/#primaryimage","url":"https:\/\/keramamueblesdejardin.com\/wp-content\/uploads\/2021\/04\/MG_5755-reco-scaled.jpg","contentUrl":"https:\/\/keramamueblesdejardin.com\/wp-content\/uploads\/2021\/04\/MG_5755-reco-scaled.jpg","width":2560,"height":1707},{"@type":"BreadcrumbList","@id":"https:\/\/keramamueblesdejardin.com\/fr\/accessoires-dexterieur\/nappes\/nappe-salle-a-manger-nappes-rubans-rouges-rubans-rouges\/#breadcrumb","itemListElement":[{"@type":"ListItem","position":1,"name":"Home","item":"https:\/\/keramamueblesdejardin.com\/fr\/"},{"@type":"ListItem","position":2,"name":"Boutique","item":"https:\/\/keramamueblesdejardin.com\/tienda\/"},{"@type":"ListItem","position":3,"name":"Accessoires d'ext\u00e9rieur","item":"https:\/\/keramamueblesdejardin.com\/fr\/accessoires-dexterieur\/"},{"@type":"ListItem","position":4,"name":"Nappes","item":"https:\/\/keramamueblesdejardin.com\/fr\/accessoires-dexterieur\/nappes\/"},{"@type":"ListItem","position":5,"name":"Nappe pour table \u00e0 manger ray\u00e9e \u00e9cru\/rouge &#8211; rayures"}]},{"@type":"WebSite","@id":"https:\/\/keramamueblesdejardin.com\/fr\/#website","url":"https:\/\/keramamueblesdejardin.com\/fr\/","name":"Kerama","description":"muebles de jard\u00edn","publisher":{"@id":"https:\/\/keramamueblesdejardin.com\/fr\/#organization"},"potentialAction":[{"@type":"SearchAction","target":{"@type":"EntryPoint","urlTemplate":"https:\/\/keramamueblesdejardin.com\/fr\/?s={search_term_string}"},"query-input":{"@type":"PropertyValueSpecification","valueRequired":true,"valueName":"search_term_string"}}],"inLanguage":"fr-FR"},{"@type":"Organization","@id":"https:\/\/keramamueblesdejardin.com\/fr\/#organization","name":"kerama","url":"https:\/\/keramamueblesdejardin.com\/fr\/","logo":{"@type":"ImageObject","inLanguage":"fr-FR","@id":"https:\/\/keramamueblesdejardin.com\/fr\/#\/schema\/logo\/image\/","url":"https:\/\/keramamueblesdejardin.com\/wp-content\/uploads\/2020\/12\/k.-scaled.jpg","contentUrl":"https:\/\/keramamueblesdejardin.com\/wp-content\/uploads\/2020\/12\/k.-scaled.jpg","width":2560,"height":551,"caption":"kerama"},"image":{"@id":"https:\/\/keramamueblesdejardin.com\/fr\/#\/schema\/logo\/image\/"},"sameAs":["https:\/\/www.facebook.com\/Kerama-Muebles-de-Jard\u00edn-106209328312568\/"]}]}},"df_price":39,"df_sale_price":39,"df_regular_price":51,"df_image_link":"https:\/\/keramamueblesdejardin.com\/wp-content\/uploads\/2021\/04\/MG_5755-reco-300x200.jpg","custom_tabs":[{"title":"MESURES","id":"mesures","content":"Largeur : 150 cm\n<strong>Longueur :<\/strong> 280 cm"},{"title":"D\u00c9BALLAGE ET MONTAGE","id":"deballage-et-montage","content":"<strong>Recommandations pour le d\u00e9ballage :<\/strong> Ne pas utiliser d'outils tranchants lors du d\u00e9ballage du meuble car cela pourrait l'endommager.\n<strong>Montage requis (O\/N) :<\/strong> Non"},{"title":"ENTRETIEN ET GARANTIES","id":"entretien-et-garanties","content":"<div class=\"moz-signature\">\n<div class=\"list\"><strong>Recommandations g\u00e9n\u00e9rales :<\/strong>\n- Les d\u00e9faillances ou les dommages caus\u00e9s par les \u00e9l\u00e9ments suivants sont exclus de la garantie :\n- Les causes accidentelles telles que chutes, coups, d\u00e9versement de liquides, introduction de corps \u00e9trangers, ainsi que toute autre force majeure.\n- Utilisation n\u00e9gligente, inappropri\u00e9e ou non domestique.\n- Dommages, corrosion et\/ou oxydation acc\u00e9l\u00e9r\u00e9s par des conditions environnementales d\u00e9favorables.\n- Taches et d\u00e9coloration dues au non-respect de nos instructions de nettoyage.\n- Dommages survenus lors du montage et de la manipulation sans respecter les instructions de montage.\n<strong>Instructions d'utilisation et d'entretien :<\/strong>\n- Essuyez doucement avec un chiffon ou utilisez un savon liquide neutre, puis rincez abondamment \u00e0 l'eau.\n- Enlevez r\u00e9guli\u00e8rement la poussi\u00e8re avec un chiffon doux et de l'eau claire.\n- N'utilisez pas de d\u00e9tergents ou de produits abrasifs pour le nettoyage.\n<strong>Ann\u00e9es de garantie :<\/strong> 3 ans\n<strong>Fabriqu\u00e9 conform\u00e9ment \u00e0 la norme :<\/strong> 581-1,581-2,581-3<\/div>\n<\/div>"}],"_links":{"self":[{"href":"https:\/\/keramamueblesdejardin.com\/fr\/wp-json\/wp\/v2\/product\/64080","targetHints":{"allow":["GET"]}}],"collection":[{"href":"https:\/\/keramamueblesdejardin.com\/fr\/wp-json\/wp\/v2\/product"}],"about":[{"href":"https:\/\/keramamueblesdejardin.com\/fr\/wp-json\/wp\/v2\/types\/product"}],"replies":[{"embeddable":true,"href":"https:\/\/keramamueblesdejardin.com\/fr\/wp-json\/wp\/v2\/comments?post=64080"}],"wp:featuredmedia":[{"embeddable":true,"href":"https:\/\/keramamueblesdejardin.com\/fr\/wp-json\/wp\/v2\/media\/43909"}],"wp:attachment":[{"href":"https:\/\/keramamueblesdejardin.com\/fr\/wp-json\/wp\/v2\/media?parent=64080"}],"wp:term":[{"taxonomy":"product_brand","embeddable":true,"href":"https:\/\/keramamueblesdejardin.com\/fr\/wp-json\/wp\/v2\/product_brand?post=64080"},{"taxonomy":"product_cat","embeddable":true,"href":"https:\/\/keramamueblesdejardin.com\/fr\/wp-json\/wp\/v2\/product_cat?post=64080"},{"taxonomy":"product_tag","embeddable":true,"href":"https:\/\/keramamueblesdejardin.com\/fr\/wp-json\/wp\/v2\/product_tag?post=64080"}],"curies":[{"name":"wp","href":"https:\/\/api.w.org\/{rel}","templated":true}]}}