{"id":64075,"date":"2021-10-06T10:07:56","date_gmt":"2021-10-06T08:07:56","guid":{"rendered":"https:\/\/keramamueblesdejardin.com\/non%20class\u00e9\/ensemble-bain-de-soleil-droit-et-table-de-jardin-anthracite-tokyo\/"},"modified":"2024-07-15T10:46:30","modified_gmt":"2024-07-15T08:46:30","slug":"ensemble-chaise-longue-et-table-de-jardin-droite-anthracite-tokyo","status":"publish","type":"product","link":"https:\/\/keramamueblesdejardin.com\/fr\/chaises-longues-et-detente\/chaises-longues\/ensemble-chaise-longue-et-table-de-jardin-droite-anthracite-tokyo\/","title":{"rendered":"Ensemble bain de soleil droit et table de jardin anthracite &#8211; Tokyo"},"content":{"rendered":"<p>L&rsquo;ensemble comprend 1 bain de soleil vertical en aluminium et textil\u00e8ne rembourr\u00e9 avec roulettes et dossier inclinable en couleur anthracite + 1 table d&rsquo;appoint en aluminium en couleur anthracite.<\/p>\n","protected":false},"excerpt":{"rendered":"<p>L&rsquo;ensemble comprend 1 bain de soleil vertical en aluminium et textil\u00e8ne rembourr\u00e9 avec roulettes et dossier inclinable en couleur anthracite + 1 table d&rsquo;appoint en aluminium en couleur anthracite.<\/p>\n","protected":false},"featured_media":63616,"comment_status":"closed","ping_status":"closed","template":"","meta":{"_acf_changed":false},"product_brand":[],"product_cat":[576,563],"product_tag":[567,577],"class_list":{"0":"post-64075","1":"product","2":"type-product","3":"status-publish","4":"has-post-thumbnail","6":"product_cat-chaises-longues","7":"product_cat-chaises-longues-et-detente","8":"product_tag-grands-espaces","9":"product_tag-tokyo-fr","10":"product_shipping_class-envio-gratuito-fr","11":"pa_asientos-2-fr-2","12":"pa_caracteristicas-pliant","13":"pa_caracteristicas-resistant-a-l-eau","14":"pa_coleccion-osaka-fr","15":"pa_coleccion-tokyo-fr","16":"pa_material-aluminio-fr","17":"pa_material-textileno-fr","19":"first","20":"outofstock","21":"sale","22":"purchasable","23":"product-type-simple","24":"add-to-wishlist-before_image"},"acf":[],"yoast_head":"<!-- This site is optimized with the Yoast SEO plugin v27.2 - https:\/\/yoast.com\/product\/yoast-seo-wordpress\/ -->\n<title>Ensemble bain de soleil droit et table de jardin anthracite - Tokyo - Kerama<\/title>\n<meta name=\"robots\" content=\"index, follow, max-snippet:-1, max-image-preview:large, max-video-preview:-1\" \/>\n<link rel=\"canonical\" href=\"https:\/\/keramamueblesdejardin.com\/fr\/chaises-longues-et-detente\/chaises-longues\/ensemble-chaise-longue-et-table-de-jardin-droite-anthracite-tokyo\/\" \/>\n<meta property=\"og:locale\" content=\"fr_FR\" \/>\n<meta property=\"og:type\" content=\"article\" \/>\n<meta property=\"og:title\" content=\"Ensemble bain de soleil droit et table de jardin anthracite - Tokyo - Kerama\" \/>\n<meta property=\"og:description\" content=\"L&#039;ensemble comprend 1 bain de soleil vertical en aluminium et textil\u00e8ne rembourr\u00e9 avec roulettes et dossier inclinable en couleur anthracite + 1 table d&#039;appoint en aluminium en couleur anthracite.\" \/>\n<meta property=\"og:url\" content=\"https:\/\/keramamueblesdejardin.com\/fr\/chaises-longues-et-detente\/chaises-longues\/ensemble-chaise-longue-et-table-de-jardin-droite-anthracite-tokyo\/\" \/>\n<meta property=\"og:site_name\" content=\"Kerama\" \/>\n<meta property=\"article:publisher\" content=\"https:\/\/www.facebook.com\/Kerama-Muebles-de-Jard%c3%adn-106209328312568\/\" \/>\n<meta property=\"article:modified_time\" content=\"2024-07-15T08:46:30+00:00\" \/>\n<meta property=\"og:image\" content=\"https:\/\/keramamueblesdejardin.com\/wp-content\/uploads\/2021\/10\/L1410793-1-e1697452867815.jpg\" \/>\n\t<meta property=\"og:image:width\" content=\"1200\" \/>\n\t<meta property=\"og:image:height\" content=\"1200\" \/>\n\t<meta property=\"og:image:type\" content=\"image\/jpeg\" \/>\n<meta name=\"twitter:card\" content=\"summary_large_image\" \/>\n<script type=\"application\/ld+json\" class=\"yoast-schema-graph\">{\"@context\":\"https:\/\/schema.org\",\"@graph\":[{\"@type\":\"WebPage\",\"@id\":\"https:\/\/keramamueblesdejardin.com\/fr\/chaises-longues-et-detente\/chaises-longues\/ensemble-chaise-longue-et-table-de-jardin-droite-anthracite-tokyo\/\",\"url\":\"https:\/\/keramamueblesdejardin.com\/fr\/chaises-longues-et-detente\/chaises-longues\/ensemble-chaise-longue-et-table-de-jardin-droite-anthracite-tokyo\/\",\"name\":\"Ensemble bain de soleil droit et table de jardin anthracite - Tokyo - Kerama\",\"isPartOf\":{\"@id\":\"https:\/\/keramamueblesdejardin.com\/fr\/#website\"},\"primaryImageOfPage\":{\"@id\":\"https:\/\/keramamueblesdejardin.com\/fr\/chaises-longues-et-detente\/chaises-longues\/ensemble-chaise-longue-et-table-de-jardin-droite-anthracite-tokyo\/#primaryimage\"},\"image\":{\"@id\":\"https:\/\/keramamueblesdejardin.com\/fr\/chaises-longues-et-detente\/chaises-longues\/ensemble-chaise-longue-et-table-de-jardin-droite-anthracite-tokyo\/#primaryimage\"},\"thumbnailUrl\":\"https:\/\/keramamueblesdejardin.com\/wp-content\/uploads\/2021\/10\/L1410793-1-e1697452867815.jpg\",\"datePublished\":\"2021-10-06T08:07:56+00:00\",\"dateModified\":\"2024-07-15T08:46:30+00:00\",\"breadcrumb\":{\"@id\":\"https:\/\/keramamueblesdejardin.com\/fr\/chaises-longues-et-detente\/chaises-longues\/ensemble-chaise-longue-et-table-de-jardin-droite-anthracite-tokyo\/#breadcrumb\"},\"inLanguage\":\"fr-FR\",\"potentialAction\":[{\"@type\":\"ReadAction\",\"target\":[\"https:\/\/keramamueblesdejardin.com\/fr\/chaises-longues-et-detente\/chaises-longues\/ensemble-chaise-longue-et-table-de-jardin-droite-anthracite-tokyo\/\"]}]},{\"@type\":\"ImageObject\",\"inLanguage\":\"fr-FR\",\"@id\":\"https:\/\/keramamueblesdejardin.com\/fr\/chaises-longues-et-detente\/chaises-longues\/ensemble-chaise-longue-et-table-de-jardin-droite-anthracite-tokyo\/#primaryimage\",\"url\":\"https:\/\/keramamueblesdejardin.com\/wp-content\/uploads\/2021\/10\/L1410793-1-e1697452867815.jpg\",\"contentUrl\":\"https:\/\/keramamueblesdejardin.com\/wp-content\/uploads\/2021\/10\/L1410793-1-e1697452867815.jpg\",\"width\":1200,\"height\":1200},{\"@type\":\"BreadcrumbList\",\"@id\":\"https:\/\/keramamueblesdejardin.com\/fr\/chaises-longues-et-detente\/chaises-longues\/ensemble-chaise-longue-et-table-de-jardin-droite-anthracite-tokyo\/#breadcrumb\",\"itemListElement\":[{\"@type\":\"ListItem\",\"position\":1,\"name\":\"Home\",\"item\":\"https:\/\/keramamueblesdejardin.com\/fr\/\"},{\"@type\":\"ListItem\",\"position\":2,\"name\":\"Boutique\",\"item\":\"https:\/\/keramamueblesdejardin.com\/tienda\/\"},{\"@type\":\"ListItem\",\"position\":3,\"name\":\"Chaises longues et d\u00e9tente\",\"item\":\"https:\/\/keramamueblesdejardin.com\/fr\/chaises-longues-et-detente\/\"},{\"@type\":\"ListItem\",\"position\":4,\"name\":\"Chaises longues\",\"item\":\"https:\/\/keramamueblesdejardin.com\/fr\/chaises-longues-et-detente\/chaises-longues\/\"},{\"@type\":\"ListItem\",\"position\":5,\"name\":\"Ensemble bain de soleil droit et table de jardin anthracite &#8211; Tokyo\"}]},{\"@type\":\"WebSite\",\"@id\":\"https:\/\/keramamueblesdejardin.com\/fr\/#website\",\"url\":\"https:\/\/keramamueblesdejardin.com\/fr\/\",\"name\":\"Kerama\",\"description\":\"muebles de jard\u00edn\",\"publisher\":{\"@id\":\"https:\/\/keramamueblesdejardin.com\/fr\/#organization\"},\"potentialAction\":[{\"@type\":\"SearchAction\",\"target\":{\"@type\":\"EntryPoint\",\"urlTemplate\":\"https:\/\/keramamueblesdejardin.com\/fr\/?s={search_term_string}\"},\"query-input\":{\"@type\":\"PropertyValueSpecification\",\"valueRequired\":true,\"valueName\":\"search_term_string\"}}],\"inLanguage\":\"fr-FR\"},{\"@type\":\"Organization\",\"@id\":\"https:\/\/keramamueblesdejardin.com\/fr\/#organization\",\"name\":\"kerama\",\"url\":\"https:\/\/keramamueblesdejardin.com\/fr\/\",\"logo\":{\"@type\":\"ImageObject\",\"inLanguage\":\"fr-FR\",\"@id\":\"https:\/\/keramamueblesdejardin.com\/fr\/#\/schema\/logo\/image\/\",\"url\":\"https:\/\/keramamueblesdejardin.com\/wp-content\/uploads\/2020\/12\/k.-scaled.jpg\",\"contentUrl\":\"https:\/\/keramamueblesdejardin.com\/wp-content\/uploads\/2020\/12\/k.-scaled.jpg\",\"width\":2560,\"height\":551,\"caption\":\"kerama\"},\"image\":{\"@id\":\"https:\/\/keramamueblesdejardin.com\/fr\/#\/schema\/logo\/image\/\"},\"sameAs\":[\"https:\/\/www.facebook.com\/Kerama-Muebles-de-Jard\u00edn-106209328312568\/\"]}]}<\/script>\n<!-- \/ Yoast SEO plugin. -->","yoast_head_json":{"title":"Ensemble bain de soleil droit et table de jardin anthracite - Tokyo - Kerama","robots":{"index":"index","follow":"follow","max-snippet":"max-snippet:-1","max-image-preview":"max-image-preview:large","max-video-preview":"max-video-preview:-1"},"canonical":"https:\/\/keramamueblesdejardin.com\/fr\/chaises-longues-et-detente\/chaises-longues\/ensemble-chaise-longue-et-table-de-jardin-droite-anthracite-tokyo\/","og_locale":"fr_FR","og_type":"article","og_title":"Ensemble bain de soleil droit et table de jardin anthracite - Tokyo - Kerama","og_description":"L'ensemble comprend 1 bain de soleil vertical en aluminium et textil\u00e8ne rembourr\u00e9 avec roulettes et dossier inclinable en couleur anthracite + 1 table d'appoint en aluminium en couleur anthracite.","og_url":"https:\/\/keramamueblesdejardin.com\/fr\/chaises-longues-et-detente\/chaises-longues\/ensemble-chaise-longue-et-table-de-jardin-droite-anthracite-tokyo\/","og_site_name":"Kerama","article_publisher":"https:\/\/www.facebook.com\/Kerama-Muebles-de-Jard%c3%adn-106209328312568\/","article_modified_time":"2024-07-15T08:46:30+00:00","og_image":[{"width":1200,"height":1200,"url":"https:\/\/keramamueblesdejardin.com\/wp-content\/uploads\/2021\/10\/L1410793-1-e1697452867815.jpg","type":"image\/jpeg"}],"twitter_card":"summary_large_image","schema":{"@context":"https:\/\/schema.org","@graph":[{"@type":"WebPage","@id":"https:\/\/keramamueblesdejardin.com\/fr\/chaises-longues-et-detente\/chaises-longues\/ensemble-chaise-longue-et-table-de-jardin-droite-anthracite-tokyo\/","url":"https:\/\/keramamueblesdejardin.com\/fr\/chaises-longues-et-detente\/chaises-longues\/ensemble-chaise-longue-et-table-de-jardin-droite-anthracite-tokyo\/","name":"Ensemble bain de soleil droit et table de jardin anthracite - Tokyo - Kerama","isPartOf":{"@id":"https:\/\/keramamueblesdejardin.com\/fr\/#website"},"primaryImageOfPage":{"@id":"https:\/\/keramamueblesdejardin.com\/fr\/chaises-longues-et-detente\/chaises-longues\/ensemble-chaise-longue-et-table-de-jardin-droite-anthracite-tokyo\/#primaryimage"},"image":{"@id":"https:\/\/keramamueblesdejardin.com\/fr\/chaises-longues-et-detente\/chaises-longues\/ensemble-chaise-longue-et-table-de-jardin-droite-anthracite-tokyo\/#primaryimage"},"thumbnailUrl":"https:\/\/keramamueblesdejardin.com\/wp-content\/uploads\/2021\/10\/L1410793-1-e1697452867815.jpg","datePublished":"2021-10-06T08:07:56+00:00","dateModified":"2024-07-15T08:46:30+00:00","breadcrumb":{"@id":"https:\/\/keramamueblesdejardin.com\/fr\/chaises-longues-et-detente\/chaises-longues\/ensemble-chaise-longue-et-table-de-jardin-droite-anthracite-tokyo\/#breadcrumb"},"inLanguage":"fr-FR","potentialAction":[{"@type":"ReadAction","target":["https:\/\/keramamueblesdejardin.com\/fr\/chaises-longues-et-detente\/chaises-longues\/ensemble-chaise-longue-et-table-de-jardin-droite-anthracite-tokyo\/"]}]},{"@type":"ImageObject","inLanguage":"fr-FR","@id":"https:\/\/keramamueblesdejardin.com\/fr\/chaises-longues-et-detente\/chaises-longues\/ensemble-chaise-longue-et-table-de-jardin-droite-anthracite-tokyo\/#primaryimage","url":"https:\/\/keramamueblesdejardin.com\/wp-content\/uploads\/2021\/10\/L1410793-1-e1697452867815.jpg","contentUrl":"https:\/\/keramamueblesdejardin.com\/wp-content\/uploads\/2021\/10\/L1410793-1-e1697452867815.jpg","width":1200,"height":1200},{"@type":"BreadcrumbList","@id":"https:\/\/keramamueblesdejardin.com\/fr\/chaises-longues-et-detente\/chaises-longues\/ensemble-chaise-longue-et-table-de-jardin-droite-anthracite-tokyo\/#breadcrumb","itemListElement":[{"@type":"ListItem","position":1,"name":"Home","item":"https:\/\/keramamueblesdejardin.com\/fr\/"},{"@type":"ListItem","position":2,"name":"Boutique","item":"https:\/\/keramamueblesdejardin.com\/tienda\/"},{"@type":"ListItem","position":3,"name":"Chaises longues et d\u00e9tente","item":"https:\/\/keramamueblesdejardin.com\/fr\/chaises-longues-et-detente\/"},{"@type":"ListItem","position":4,"name":"Chaises longues","item":"https:\/\/keramamueblesdejardin.com\/fr\/chaises-longues-et-detente\/chaises-longues\/"},{"@type":"ListItem","position":5,"name":"Ensemble bain de soleil droit et table de jardin anthracite &#8211; Tokyo"}]},{"@type":"WebSite","@id":"https:\/\/keramamueblesdejardin.com\/fr\/#website","url":"https:\/\/keramamueblesdejardin.com\/fr\/","name":"Kerama","description":"muebles de jard\u00edn","publisher":{"@id":"https:\/\/keramamueblesdejardin.com\/fr\/#organization"},"potentialAction":[{"@type":"SearchAction","target":{"@type":"EntryPoint","urlTemplate":"https:\/\/keramamueblesdejardin.com\/fr\/?s={search_term_string}"},"query-input":{"@type":"PropertyValueSpecification","valueRequired":true,"valueName":"search_term_string"}}],"inLanguage":"fr-FR"},{"@type":"Organization","@id":"https:\/\/keramamueblesdejardin.com\/fr\/#organization","name":"kerama","url":"https:\/\/keramamueblesdejardin.com\/fr\/","logo":{"@type":"ImageObject","inLanguage":"fr-FR","@id":"https:\/\/keramamueblesdejardin.com\/fr\/#\/schema\/logo\/image\/","url":"https:\/\/keramamueblesdejardin.com\/wp-content\/uploads\/2020\/12\/k.-scaled.jpg","contentUrl":"https:\/\/keramamueblesdejardin.com\/wp-content\/uploads\/2020\/12\/k.-scaled.jpg","width":2560,"height":551,"caption":"kerama"},"image":{"@id":"https:\/\/keramamueblesdejardin.com\/fr\/#\/schema\/logo\/image\/"},"sameAs":["https:\/\/www.facebook.com\/Kerama-Muebles-de-Jard\u00edn-106209328312568\/"]}]}},"df_price":259,"df_sale_price":259,"df_regular_price":319,"df_image_link":"https:\/\/keramamueblesdejardin.com\/wp-content\/uploads\/2021\/10\/L1410793-1-300x300.jpg","custom_tabs":[{"title":"MESURES","id":"mesures","content":"<div class=\"list\"><strong style=\"font-weight: bold; color: #282828;\">Hauteur :<\/strong><span style=\"color: #282828;\"> 35 \/ 65 \/ 75 \/ 85 \/ 95 cm \/ petite table 43cm<\/span><br style=\"color: #282828;\"><strong style=\"font-weight: bold; color: #282828;\">Largeur :<\/strong><span style=\"color: #282828;\"> 70 cm \/ table basse 45cm<\/span><br style=\"color: #282828;\"><strong style=\"font-weight: bold; color: #282828;\">Profondeur :<\/strong><span style=\"color: #282828;\"> 200 cm \/ table basse 45cm<\/span><br style=\"color: #282828;\"><strong style=\"font-weight: bold; color: #282828;\">Poids du produit :<\/strong><span style=\"color: #282828;\"> 8,7 kg<\/span><br style=\"color: #282828;\"><strong style=\"font-weight: bold; color: #282828;\">Poids maximum support\u00e9 :<\/strong><span style=\"color: #282828;\"> 120 kg<\/span><br style=\"color: #282828;\"><strong style=\"font-weight: bold; color: #282828;\">Hauteur du si\u00e8ge :<\/strong><span style=\"color: #282828;\"> 35 cm<\/span><br style=\"color: #282828;\"><strong style=\"font-weight: bold; color: #282828;\">Longueur du dossier :<\/strong><span style=\"color: #282828;\"> 74 cm<\/span><br style=\"color: #282828;\"><strong style=\"font-weight: bold; color: #282828;\">Profondeur de l'assise :<\/strong><span style=\"color: #282828;\"> 121 cm<\/span><br style=\"color: #282828;\"><strong style=\"font-weight: bold; color: #282828;\">Hauteur des pieds (d\u00e9gagement sous l'armoire) :<\/strong><span style=\"color: #282828;\"> 30 cm<\/span><\/div>"},{"title":"D\u00c9BALLAGE ET MONTAGE","id":"deballage-et-montage","content":"<div class=\"list\"><strong>Recommandations g\u00e9n\u00e9rales :<\/strong>\n- Les d\u00e9faillances ou les dommages caus\u00e9s par les \u00e9l\u00e9ments suivants sont exclus de la garantie :\n- Les causes accidentelles telles que chutes, coups, d\u00e9versement de liquides, introduction de corps \u00e9trangers, ainsi que toute autre force majeure.\n- Utilisation n\u00e9gligente, inappropri\u00e9e ou non domestique.\n- Dommages, corrosion et\/ou oxydation acc\u00e9l\u00e9r\u00e9s par des conditions environnementales d\u00e9favorables.\n- Taches et d\u00e9coloration dues au non-respect de nos instructions de nettoyage.\n- Dommages survenus lors du montage et de la manipulation sans respecter les instructions de montage.\n<strong>Instructions d'utilisation et d'entretien :<\/strong>\n- Essuyez doucement avec un chiffon ou utilisez un savon liquide neutre, puis rincez abondamment \u00e0 l'eau.\n- Enlevez r\u00e9guli\u00e8rement la poussi\u00e8re avec un chiffon doux et de l'eau claire.\n- N'utilisez pas de d\u00e9tergents ou de produits abrasifs pour le nettoyage.\n<strong>Ann\u00e9es de garantie :<\/strong> 3 ans\n<strong>Fabriqu\u00e9 conform\u00e9ment \u00e0 la norme :<\/strong> 581-1,581-2,581-3<\/div>"},{"title":"ENTRETIEN ET GARANTIES","id":"entretien-et-garanties","content":"<div class=\"moz-signature\">\n<div class=\"list\"><strong>Recommandations g\u00e9n\u00e9rales :<\/strong>\n- Les d\u00e9faillances ou les dommages caus\u00e9s par les \u00e9l\u00e9ments suivants sont exclus de la garantie :\n- Les causes accidentelles telles que chutes, coups, d\u00e9versement de liquides, introduction de corps \u00e9trangers, ainsi que toute autre force majeure.\n- Utilisation n\u00e9gligente, inappropri\u00e9e ou non domestique.\n- Dommages, corrosion et\/ou oxydation acc\u00e9l\u00e9r\u00e9s par des conditions environnementales d\u00e9favorables.\n- Taches et d\u00e9coloration dues au non-respect de nos instructions de nettoyage.\n- Dommages survenus lors du montage et de la manipulation sans respecter les instructions de montage.\n<strong>Instructions d'utilisation et d'entretien :<\/strong>\n- Essuyez doucement avec un chiffon ou utilisez un savon liquide neutre, puis rincez abondamment \u00e0 l'eau.\n- Enlevez r\u00e9guli\u00e8rement la poussi\u00e8re avec un chiffon doux et de l'eau claire.\n- N'utilisez pas de d\u00e9tergents ou de produits abrasifs pour le nettoyage.\n<strong>Ann\u00e9es de garantie :<\/strong> 3 ans\n<strong>Fabriqu\u00e9 conform\u00e9ment \u00e0 la norme :<\/strong> 581-1,581-2,581-3<\/div>\n<\/div>"}],"_links":{"self":[{"href":"https:\/\/keramamueblesdejardin.com\/fr\/wp-json\/wp\/v2\/product\/64075","targetHints":{"allow":["GET"]}}],"collection":[{"href":"https:\/\/keramamueblesdejardin.com\/fr\/wp-json\/wp\/v2\/product"}],"about":[{"href":"https:\/\/keramamueblesdejardin.com\/fr\/wp-json\/wp\/v2\/types\/product"}],"replies":[{"embeddable":true,"href":"https:\/\/keramamueblesdejardin.com\/fr\/wp-json\/wp\/v2\/comments?post=64075"}],"wp:featuredmedia":[{"embeddable":true,"href":"https:\/\/keramamueblesdejardin.com\/fr\/wp-json\/wp\/v2\/media\/63616"}],"wp:attachment":[{"href":"https:\/\/keramamueblesdejardin.com\/fr\/wp-json\/wp\/v2\/media?parent=64075"}],"wp:term":[{"taxonomy":"product_brand","embeddable":true,"href":"https:\/\/keramamueblesdejardin.com\/fr\/wp-json\/wp\/v2\/product_brand?post=64075"},{"taxonomy":"product_cat","embeddable":true,"href":"https:\/\/keramamueblesdejardin.com\/fr\/wp-json\/wp\/v2\/product_cat?post=64075"},{"taxonomy":"product_tag","embeddable":true,"href":"https:\/\/keramamueblesdejardin.com\/fr\/wp-json\/wp\/v2\/product_tag?post=64075"}],"curies":[{"name":"wp","href":"https:\/\/api.w.org\/{rel}","templated":true}]}}