{"id":64072,"date":"2021-10-06T10:07:56","date_gmt":"2021-10-06T08:07:56","guid":{"rendered":"https:\/\/keramamueblesdejardin.com\/non%20class\u00e9\/ensemble-de-chaises-longues-hautes-et-table-de-jardin-marron-tokyo\/"},"modified":"2023-08-29T13:30:47","modified_gmt":"2023-08-29T11:30:47","slug":"ensemble-de-chaises-hautes-et-table-de-jardin-brun-tokyo","status":"publish","type":"product","link":"https:\/\/keramamueblesdejardin.com\/fr\/chaises-longues-et-detente\/chaises-longues\/ensemble-de-chaises-hautes-et-table-de-jardin-brun-tokyo\/","title":{"rendered":"Ensemble de chaises longues hautes et table de jardin marron &#8211; Tokyo"},"content":{"rendered":"<p>L&rsquo;ensemble est compos\u00e9 de 2 chaises longues hautes en aluminium et textil\u00e8ne rembourr\u00e9 avec roues et dossier inclinable en brun + 1 table basse en aluminium en brun<\/p>\n","protected":false},"excerpt":{"rendered":"<ul>\n<li>Structure de la table et des chaises longues en aluminium brun cuivr\u00e9<\/li>\n<li>Assise et dossier en textil\u00e8ne tapiss\u00e9 sable fonc\u00e9<\/li>\n<li>Les chaises longues sont \u00e9quip\u00e9es de roues pour un transport facile et s&rsquo;inclinent en 5 positions.<\/li>\n<li>Combinez-la avec les diff\u00e9rents \u00e9l\u00e9ments de la famille Tokyo.<\/li>\n<\/ul>\n","protected":false},"featured_media":54588,"comment_status":"closed","ping_status":"open","template":"","meta":{"_acf_changed":false},"product_brand":[],"product_cat":[576,563],"product_tag":[567,577],"class_list":{"0":"post-64072","1":"product","2":"type-product","3":"status-publish","4":"has-post-thumbnail","6":"product_cat-chaises-longues","7":"product_cat-chaises-longues-et-detente","8":"product_tag-grands-espaces","9":"product_tag-tokyo-fr","10":"product_shipping_class-envio-gratuito-fr","11":"pa_asientos-2-fr-2","12":"pa_caracteristicas-pliant","13":"pa_caracteristicas-resistant-a-l-eau","14":"pa_coleccion-osaka-fr","15":"pa_coleccion-tokyo-fr","16":"pa_material-aluminio-fr","17":"pa_material-textileno-fr","19":"first","20":"instock","21":"sale","22":"purchasable","23":"product-type-simple","24":"add-to-wishlist-before_image"},"acf":[],"yoast_head":"<!-- This site is optimized with the Yoast SEO plugin v27.2 - https:\/\/yoast.com\/product\/yoast-seo-wordpress\/ -->\n<title>Ensemble de chaises longues hautes et table de jardin marron - Tokyo - Kerama<\/title>\n<meta name=\"robots\" content=\"index, follow, max-snippet:-1, max-image-preview:large, max-video-preview:-1\" \/>\n<link rel=\"canonical\" href=\"https:\/\/keramamueblesdejardin.com\/fr\/chaises-longues-et-detente\/chaises-longues\/ensemble-de-chaises-hautes-et-table-de-jardin-brun-tokyo\/\" \/>\n<meta property=\"og:locale\" content=\"fr_FR\" \/>\n<meta property=\"og:type\" content=\"article\" \/>\n<meta property=\"og:title\" content=\"Ensemble de chaises longues hautes et table de jardin marron - Tokyo - Kerama\" \/>\n<meta property=\"og:description\" content=\"Structure de la table et des chaises longues en aluminium brun cuivr\u00e9  Assise et dossier en textil\u00e8ne tapiss\u00e9 sable fonc\u00e9  Les chaises longues sont \u00e9quip\u00e9es de roues pour un transport facile et s&#039;inclinent en 5 positions.  Combinez-la avec les diff\u00e9rents \u00e9l\u00e9ments de la famille Tokyo.\" \/>\n<meta property=\"og:url\" content=\"https:\/\/keramamueblesdejardin.com\/fr\/chaises-longues-et-detente\/chaises-longues\/ensemble-de-chaises-hautes-et-table-de-jardin-brun-tokyo\/\" \/>\n<meta property=\"og:site_name\" content=\"Kerama\" \/>\n<meta property=\"article:publisher\" content=\"https:\/\/www.facebook.com\/Kerama-Muebles-de-Jard%c3%adn-106209328312568\/\" \/>\n<meta property=\"article:modified_time\" content=\"2023-08-29T11:30:47+00:00\" \/>\n<meta property=\"og:image\" content=\"https:\/\/keramamueblesdejardin.com\/wp-content\/uploads\/2021\/10\/L1410813-small.jpg\" \/>\n\t<meta property=\"og:image:width\" content=\"2000\" \/>\n\t<meta property=\"og:image:height\" content=\"1333\" \/>\n\t<meta property=\"og:image:type\" content=\"image\/jpeg\" \/>\n<meta name=\"twitter:card\" content=\"summary_large_image\" \/>\n<script type=\"application\/ld+json\" class=\"yoast-schema-graph\">{\"@context\":\"https:\/\/schema.org\",\"@graph\":[{\"@type\":\"WebPage\",\"@id\":\"https:\/\/keramamueblesdejardin.com\/fr\/chaises-longues-et-detente\/chaises-longues\/ensemble-de-chaises-hautes-et-table-de-jardin-brun-tokyo\/\",\"url\":\"https:\/\/keramamueblesdejardin.com\/fr\/chaises-longues-et-detente\/chaises-longues\/ensemble-de-chaises-hautes-et-table-de-jardin-brun-tokyo\/\",\"name\":\"Ensemble de chaises longues hautes et table de jardin marron - Tokyo - Kerama\",\"isPartOf\":{\"@id\":\"https:\/\/keramamueblesdejardin.com\/fr\/#website\"},\"primaryImageOfPage\":{\"@id\":\"https:\/\/keramamueblesdejardin.com\/fr\/chaises-longues-et-detente\/chaises-longues\/ensemble-de-chaises-hautes-et-table-de-jardin-brun-tokyo\/#primaryimage\"},\"image\":{\"@id\":\"https:\/\/keramamueblesdejardin.com\/fr\/chaises-longues-et-detente\/chaises-longues\/ensemble-de-chaises-hautes-et-table-de-jardin-brun-tokyo\/#primaryimage\"},\"thumbnailUrl\":\"https:\/\/keramamueblesdejardin.com\/wp-content\/uploads\/2021\/10\/L1410813-small.jpg\",\"datePublished\":\"2021-10-06T08:07:56+00:00\",\"dateModified\":\"2023-08-29T11:30:47+00:00\",\"breadcrumb\":{\"@id\":\"https:\/\/keramamueblesdejardin.com\/fr\/chaises-longues-et-detente\/chaises-longues\/ensemble-de-chaises-hautes-et-table-de-jardin-brun-tokyo\/#breadcrumb\"},\"inLanguage\":\"fr-FR\",\"potentialAction\":[{\"@type\":\"ReadAction\",\"target\":[\"https:\/\/keramamueblesdejardin.com\/fr\/chaises-longues-et-detente\/chaises-longues\/ensemble-de-chaises-hautes-et-table-de-jardin-brun-tokyo\/\"]}]},{\"@type\":\"ImageObject\",\"inLanguage\":\"fr-FR\",\"@id\":\"https:\/\/keramamueblesdejardin.com\/fr\/chaises-longues-et-detente\/chaises-longues\/ensemble-de-chaises-hautes-et-table-de-jardin-brun-tokyo\/#primaryimage\",\"url\":\"https:\/\/keramamueblesdejardin.com\/wp-content\/uploads\/2021\/10\/L1410813-small.jpg\",\"contentUrl\":\"https:\/\/keramamueblesdejardin.com\/wp-content\/uploads\/2021\/10\/L1410813-small.jpg\",\"width\":2000,\"height\":1333},{\"@type\":\"BreadcrumbList\",\"@id\":\"https:\/\/keramamueblesdejardin.com\/fr\/chaises-longues-et-detente\/chaises-longues\/ensemble-de-chaises-hautes-et-table-de-jardin-brun-tokyo\/#breadcrumb\",\"itemListElement\":[{\"@type\":\"ListItem\",\"position\":1,\"name\":\"Home\",\"item\":\"https:\/\/keramamueblesdejardin.com\/fr\/\"},{\"@type\":\"ListItem\",\"position\":2,\"name\":\"Boutique\",\"item\":\"https:\/\/keramamueblesdejardin.com\/tienda\/\"},{\"@type\":\"ListItem\",\"position\":3,\"name\":\"Chaises longues et d\u00e9tente\",\"item\":\"https:\/\/keramamueblesdejardin.com\/fr\/chaises-longues-et-detente\/\"},{\"@type\":\"ListItem\",\"position\":4,\"name\":\"Chaises longues\",\"item\":\"https:\/\/keramamueblesdejardin.com\/fr\/chaises-longues-et-detente\/chaises-longues\/\"},{\"@type\":\"ListItem\",\"position\":5,\"name\":\"Ensemble de chaises longues hautes et table de jardin marron &#8211; Tokyo\"}]},{\"@type\":\"WebSite\",\"@id\":\"https:\/\/keramamueblesdejardin.com\/fr\/#website\",\"url\":\"https:\/\/keramamueblesdejardin.com\/fr\/\",\"name\":\"Kerama\",\"description\":\"muebles de jard\u00edn\",\"publisher\":{\"@id\":\"https:\/\/keramamueblesdejardin.com\/fr\/#organization\"},\"potentialAction\":[{\"@type\":\"SearchAction\",\"target\":{\"@type\":\"EntryPoint\",\"urlTemplate\":\"https:\/\/keramamueblesdejardin.com\/fr\/?s={search_term_string}\"},\"query-input\":{\"@type\":\"PropertyValueSpecification\",\"valueRequired\":true,\"valueName\":\"search_term_string\"}}],\"inLanguage\":\"fr-FR\"},{\"@type\":\"Organization\",\"@id\":\"https:\/\/keramamueblesdejardin.com\/fr\/#organization\",\"name\":\"kerama\",\"url\":\"https:\/\/keramamueblesdejardin.com\/fr\/\",\"logo\":{\"@type\":\"ImageObject\",\"inLanguage\":\"fr-FR\",\"@id\":\"https:\/\/keramamueblesdejardin.com\/fr\/#\/schema\/logo\/image\/\",\"url\":\"https:\/\/keramamueblesdejardin.com\/wp-content\/uploads\/2020\/12\/k.-scaled.jpg\",\"contentUrl\":\"https:\/\/keramamueblesdejardin.com\/wp-content\/uploads\/2020\/12\/k.-scaled.jpg\",\"width\":2560,\"height\":551,\"caption\":\"kerama\"},\"image\":{\"@id\":\"https:\/\/keramamueblesdejardin.com\/fr\/#\/schema\/logo\/image\/\"},\"sameAs\":[\"https:\/\/www.facebook.com\/Kerama-Muebles-de-Jard\u00edn-106209328312568\/\"]}]}<\/script>\n<!-- \/ Yoast SEO plugin. -->","yoast_head_json":{"title":"Ensemble de chaises longues hautes et table de jardin marron - Tokyo - Kerama","robots":{"index":"index","follow":"follow","max-snippet":"max-snippet:-1","max-image-preview":"max-image-preview:large","max-video-preview":"max-video-preview:-1"},"canonical":"https:\/\/keramamueblesdejardin.com\/fr\/chaises-longues-et-detente\/chaises-longues\/ensemble-de-chaises-hautes-et-table-de-jardin-brun-tokyo\/","og_locale":"fr_FR","og_type":"article","og_title":"Ensemble de chaises longues hautes et table de jardin marron - Tokyo - Kerama","og_description":"Structure de la table et des chaises longues en aluminium brun cuivr\u00e9  Assise et dossier en textil\u00e8ne tapiss\u00e9 sable fonc\u00e9  Les chaises longues sont \u00e9quip\u00e9es de roues pour un transport facile et s'inclinent en 5 positions.  Combinez-la avec les diff\u00e9rents \u00e9l\u00e9ments de la famille Tokyo.","og_url":"https:\/\/keramamueblesdejardin.com\/fr\/chaises-longues-et-detente\/chaises-longues\/ensemble-de-chaises-hautes-et-table-de-jardin-brun-tokyo\/","og_site_name":"Kerama","article_publisher":"https:\/\/www.facebook.com\/Kerama-Muebles-de-Jard%c3%adn-106209328312568\/","article_modified_time":"2023-08-29T11:30:47+00:00","og_image":[{"width":2000,"height":1333,"url":"https:\/\/keramamueblesdejardin.com\/wp-content\/uploads\/2021\/10\/L1410813-small.jpg","type":"image\/jpeg"}],"twitter_card":"summary_large_image","schema":{"@context":"https:\/\/schema.org","@graph":[{"@type":"WebPage","@id":"https:\/\/keramamueblesdejardin.com\/fr\/chaises-longues-et-detente\/chaises-longues\/ensemble-de-chaises-hautes-et-table-de-jardin-brun-tokyo\/","url":"https:\/\/keramamueblesdejardin.com\/fr\/chaises-longues-et-detente\/chaises-longues\/ensemble-de-chaises-hautes-et-table-de-jardin-brun-tokyo\/","name":"Ensemble de chaises longues hautes et table de jardin marron - Tokyo - Kerama","isPartOf":{"@id":"https:\/\/keramamueblesdejardin.com\/fr\/#website"},"primaryImageOfPage":{"@id":"https:\/\/keramamueblesdejardin.com\/fr\/chaises-longues-et-detente\/chaises-longues\/ensemble-de-chaises-hautes-et-table-de-jardin-brun-tokyo\/#primaryimage"},"image":{"@id":"https:\/\/keramamueblesdejardin.com\/fr\/chaises-longues-et-detente\/chaises-longues\/ensemble-de-chaises-hautes-et-table-de-jardin-brun-tokyo\/#primaryimage"},"thumbnailUrl":"https:\/\/keramamueblesdejardin.com\/wp-content\/uploads\/2021\/10\/L1410813-small.jpg","datePublished":"2021-10-06T08:07:56+00:00","dateModified":"2023-08-29T11:30:47+00:00","breadcrumb":{"@id":"https:\/\/keramamueblesdejardin.com\/fr\/chaises-longues-et-detente\/chaises-longues\/ensemble-de-chaises-hautes-et-table-de-jardin-brun-tokyo\/#breadcrumb"},"inLanguage":"fr-FR","potentialAction":[{"@type":"ReadAction","target":["https:\/\/keramamueblesdejardin.com\/fr\/chaises-longues-et-detente\/chaises-longues\/ensemble-de-chaises-hautes-et-table-de-jardin-brun-tokyo\/"]}]},{"@type":"ImageObject","inLanguage":"fr-FR","@id":"https:\/\/keramamueblesdejardin.com\/fr\/chaises-longues-et-detente\/chaises-longues\/ensemble-de-chaises-hautes-et-table-de-jardin-brun-tokyo\/#primaryimage","url":"https:\/\/keramamueblesdejardin.com\/wp-content\/uploads\/2021\/10\/L1410813-small.jpg","contentUrl":"https:\/\/keramamueblesdejardin.com\/wp-content\/uploads\/2021\/10\/L1410813-small.jpg","width":2000,"height":1333},{"@type":"BreadcrumbList","@id":"https:\/\/keramamueblesdejardin.com\/fr\/chaises-longues-et-detente\/chaises-longues\/ensemble-de-chaises-hautes-et-table-de-jardin-brun-tokyo\/#breadcrumb","itemListElement":[{"@type":"ListItem","position":1,"name":"Home","item":"https:\/\/keramamueblesdejardin.com\/fr\/"},{"@type":"ListItem","position":2,"name":"Boutique","item":"https:\/\/keramamueblesdejardin.com\/tienda\/"},{"@type":"ListItem","position":3,"name":"Chaises longues et d\u00e9tente","item":"https:\/\/keramamueblesdejardin.com\/fr\/chaises-longues-et-detente\/"},{"@type":"ListItem","position":4,"name":"Chaises longues","item":"https:\/\/keramamueblesdejardin.com\/fr\/chaises-longues-et-detente\/chaises-longues\/"},{"@type":"ListItem","position":5,"name":"Ensemble de chaises longues hautes et table de jardin marron &#8211; Tokyo"}]},{"@type":"WebSite","@id":"https:\/\/keramamueblesdejardin.com\/fr\/#website","url":"https:\/\/keramamueblesdejardin.com\/fr\/","name":"Kerama","description":"muebles de jard\u00edn","publisher":{"@id":"https:\/\/keramamueblesdejardin.com\/fr\/#organization"},"potentialAction":[{"@type":"SearchAction","target":{"@type":"EntryPoint","urlTemplate":"https:\/\/keramamueblesdejardin.com\/fr\/?s={search_term_string}"},"query-input":{"@type":"PropertyValueSpecification","valueRequired":true,"valueName":"search_term_string"}}],"inLanguage":"fr-FR"},{"@type":"Organization","@id":"https:\/\/keramamueblesdejardin.com\/fr\/#organization","name":"kerama","url":"https:\/\/keramamueblesdejardin.com\/fr\/","logo":{"@type":"ImageObject","inLanguage":"fr-FR","@id":"https:\/\/keramamueblesdejardin.com\/fr\/#\/schema\/logo\/image\/","url":"https:\/\/keramamueblesdejardin.com\/wp-content\/uploads\/2020\/12\/k.-scaled.jpg","contentUrl":"https:\/\/keramamueblesdejardin.com\/wp-content\/uploads\/2020\/12\/k.-scaled.jpg","width":2560,"height":551,"caption":"kerama"},"image":{"@id":"https:\/\/keramamueblesdejardin.com\/fr\/#\/schema\/logo\/image\/"},"sameAs":["https:\/\/www.facebook.com\/Kerama-Muebles-de-Jard\u00edn-106209328312568\/"]}]}},"df_price":389,"df_sale_price":389,"df_regular_price":488,"df_image_link":"https:\/\/keramamueblesdejardin.com\/wp-content\/uploads\/2021\/10\/L1410813-small-300x200.jpg","custom_tabs":[{"title":"MESURES","id":"mesures","content":"<strong>Hauteur :<\/strong> 43 \/ 68 \/ 78 \/ 88 \/ 98 cm \/ Table 43 cm\n<strong>Largeur :<\/strong> 70 cm \/ Table 45 cm\n<strong>Profondeur :<\/strong> 200 cm \/ Table 45 cm\n<strong>Poids du produit :<\/strong> Chaise longue 8,7 kg \/ table\n<strong>Poids maximum support\u00e9 :<\/strong> Chaise longue 120 kg\n<strong>Hauteur de l'assise :<\/strong> 35 cm\n<strong>Longueur du dossier :<\/strong> 74 cm\n<strong>Profondeur de l'assise :<\/strong> 121 cm\n<strong>Hauteur du pied (d\u00e9gagement sous le meuble) :<\/strong> 30 cm\n<strong>Lamelles en aluminium :<\/strong> Plateau de table 60\u00d710 mm\n<strong>Pieds :<\/strong> Table 40\u00d740 mm"},{"title":"D\u00c9BALLAGE ET MONTAGE","id":"deballage-et-montage","content":"<strong>Recommandations pour le d\u00e9ballage :<\/strong> Ne pas utiliser d'outils tranchants lors du d\u00e9ballage du meuble car cela pourrait l'endommager.\n<strong>Montage requis (O\/N) :<\/strong> Oui\n<strong>Difficult\u00e9 d'assemblage :<\/strong> Moyenne\n<strong>Temps de montage :<\/strong> 45 minutes\n<strong>Personnes recommand\u00e9es pour le montage :<\/strong> 2\n<strong>Suggestions de montage :<\/strong> Pr\u00e9parez une zone de montage propre et s\u00e8che, v\u00e9rifiez qu'aucune des pi\u00e8ces list\u00e9es dans le manuel ne manque. Nous recommandons l'utilisation de gants appropri\u00e9s pour le montage. N'utilisez que les pi\u00e8ces et les raccords fournis."},{"title":"ENTRETIEN ET GARANTIES","id":"entretien-et-garanties","content":"<div class=\"moz-signature\">\n<div class=\"list\"><strong>Recommandations g\u00e9n\u00e9rales :<\/strong>\n- Les d\u00e9faillances ou les dommages caus\u00e9s par les \u00e9l\u00e9ments suivants sont exclus de la garantie :\n- Les causes accidentelles telles que chutes, coups, d\u00e9versement de liquides, introduction de corps \u00e9trangers, ainsi que toute autre force majeure.\n- Utilisation n\u00e9gligente, inappropri\u00e9e ou non domestique.\n- Dommages, corrosion et\/ou oxydation acc\u00e9l\u00e9r\u00e9s par des conditions environnementales d\u00e9favorables.\n- Taches et d\u00e9coloration dues au non-respect de nos instructions de nettoyage.\n- Dommages survenus lors du montage et de la manipulation sans respecter les instructions de montage.\n<strong>Instructions d'utilisation et d'entretien :<\/strong>\n- Essuyez doucement avec un chiffon ou utilisez un savon liquide neutre, puis rincez abondamment \u00e0 l'eau.\n- Enlevez r\u00e9guli\u00e8rement la poussi\u00e8re avec un chiffon doux et de l'eau claire.\n- N'utilisez pas de d\u00e9tergents ou de produits abrasifs pour le nettoyage.\n<strong>Ann\u00e9es de garantie :<\/strong> 3 ans\n<strong>Fabriqu\u00e9 conform\u00e9ment \u00e0 la norme :<\/strong> 581-1,581-2,581-3<\/div>\n<\/div>"}],"_links":{"self":[{"href":"https:\/\/keramamueblesdejardin.com\/fr\/wp-json\/wp\/v2\/product\/64072","targetHints":{"allow":["GET"]}}],"collection":[{"href":"https:\/\/keramamueblesdejardin.com\/fr\/wp-json\/wp\/v2\/product"}],"about":[{"href":"https:\/\/keramamueblesdejardin.com\/fr\/wp-json\/wp\/v2\/types\/product"}],"replies":[{"embeddable":true,"href":"https:\/\/keramamueblesdejardin.com\/fr\/wp-json\/wp\/v2\/comments?post=64072"}],"wp:featuredmedia":[{"embeddable":true,"href":"https:\/\/keramamueblesdejardin.com\/fr\/wp-json\/wp\/v2\/media\/54588"}],"wp:attachment":[{"href":"https:\/\/keramamueblesdejardin.com\/fr\/wp-json\/wp\/v2\/media?parent=64072"}],"wp:term":[{"taxonomy":"product_brand","embeddable":true,"href":"https:\/\/keramamueblesdejardin.com\/fr\/wp-json\/wp\/v2\/product_brand?post=64072"},{"taxonomy":"product_cat","embeddable":true,"href":"https:\/\/keramamueblesdejardin.com\/fr\/wp-json\/wp\/v2\/product_cat?post=64072"},{"taxonomy":"product_tag","embeddable":true,"href":"https:\/\/keramamueblesdejardin.com\/fr\/wp-json\/wp\/v2\/product_tag?post=64072"}],"curies":[{"name":"wp","href":"https:\/\/api.w.org\/{rel}","templated":true}]}}