{"id":64056,"date":"2021-10-14T17:44:45","date_gmt":"2021-10-14T15:44:45","guid":{"rendered":"https:\/\/keramamueblesdejardin.com\/non%20class\u00e9\/housse-pour-meubles-ou-ensemble-de-salle-a-manger-s-120x120x78-blue-jeans-denim-protech\/"},"modified":"2023-08-29T14:13:14","modified_gmt":"2023-08-29T12:13:14","slug":"housse-de-meuble-ou-de-salle-a-manger-case-s-120x120x78-bleu-jeans-tejano-protech","status":"publish","type":"product","link":"https:\/\/keramamueblesdejardin.com\/fr\/accessoires-dexterieur\/housses-pour-meubles-de-jardin\/housse-de-meuble-ou-de-salle-a-manger-case-s-120x120x78-bleu-jeans-tejano-protech\/","title":{"rendered":"Housse pour meubles ou ensemble de salle \u00e0 manger S 120x120x78 blue jeans (denim) &#8211; Protech"},"content":{"rendered":"<p>Housse pour meubles de jardin 120x120x78cm id\u00e9ale pour les ensembles de repas ou les petits meubles d&rsquo;ext\u00e9rieur. Le tissu utilis\u00e9 est de qualit\u00e9 sup\u00e9rieure (acrylique teint dans la masse) avec un traitement lamin\u00e9 qui le rend \u00e0 la fois r\u00e9sistant aux intemp\u00e9ries et imperm\u00e9able. Comprend des bandes velcro pour s&rsquo;adapter aux meubles. Nous recommandons de toujours placer un objet sous la couverture afin que la surface de la couverture soit toujours sur\u00e9lev\u00e9e pour \u00e9viter de cr\u00e9er des poches d&rsquo;eau en cas de pluie. En outre, nous recommandons \u00e9galement de ne pas recouvrir enti\u00e8rement les meubles afin de permettre aux meubles couverts de respirer. Blue jeans (denim)<\/p>\n","protected":false},"excerpt":{"rendered":"<ul>\n<li>Housse pour meubles de jardin 120x120x78cm id\u00e9ale pour les ensembles de repas ou les petits meubles d&rsquo;ext\u00e9rieur.<\/li>\n<li>Le tissu utilis\u00e9 est un jean bleu (denim) de qualit\u00e9 sup\u00e9rieure, teint en solution et en acrylique.<\/li>\n<li>R\u00e9sistant aux intemp\u00e9ries et imperm\u00e9able gr\u00e2ce \u00e0 un rev\u00eatement plastique \u00e0 l&rsquo;int\u00e9rieur<\/li>\n<\/ul>\n","protected":false},"featured_media":55304,"comment_status":"closed","ping_status":"open","template":"","meta":{"_acf_changed":false},"product_brand":[],"product_cat":[589,591],"product_tag":[603,592,602,598,594],"class_list":{"0":"post-64056","1":"product","2":"type-product","3":"status-publish","4":"has-post-thumbnail","6":"product_cat-accessoires-dexterieur","7":"product_cat-housses-pour-meubles-de-jardin","8":"product_tag-acrylique","9":"product_tag-couvre","10":"product_tag-etanche-3","11":"product_tag-meubles-2","12":"product_tag-protection","13":"product_shipping_class-envio-gratuito-fr","14":"pa_caracteristicas-resistant-a-l-eau","15":"pa_coleccion-protech-fr","16":"pa_material-tela-fr","18":"first","19":"outofstock","20":"sale","21":"purchasable","22":"product-type-simple","23":"add-to-wishlist-before_image"},"acf":[],"yoast_head":"<!-- This site is optimized with the Yoast SEO plugin v27.2 - https:\/\/yoast.com\/product\/yoast-seo-wordpress\/ -->\n<title>Housse pour meubles ou ensemble de salle \u00e0 manger S 120x120x78 blue jeans (denim) - Protech - Kerama<\/title>\n<meta name=\"robots\" content=\"index, follow, max-snippet:-1, max-image-preview:large, max-video-preview:-1\" \/>\n<link rel=\"canonical\" href=\"https:\/\/keramamueblesdejardin.com\/fr\/accessoires-dexterieur\/housses-pour-meubles-de-jardin\/housse-de-meuble-ou-de-salle-a-manger-case-s-120x120x78-bleu-jeans-tejano-protech\/\" \/>\n<meta property=\"og:locale\" content=\"fr_FR\" \/>\n<meta property=\"og:type\" content=\"article\" \/>\n<meta property=\"og:title\" content=\"Housse pour meubles ou ensemble de salle \u00e0 manger S 120x120x78 blue jeans (denim) - Protech - Kerama\" \/>\n<meta property=\"og:description\" content=\"Housse pour meubles de jardin 120x120x78cm id\u00e9ale pour les ensembles de repas ou les petits meubles d&#039;ext\u00e9rieur.  Le tissu utilis\u00e9 est un jean bleu (denim) de qualit\u00e9 sup\u00e9rieure, teint en solution et en acrylique.  R\u00e9sistant aux intemp\u00e9ries et imperm\u00e9able gr\u00e2ce \u00e0 un rev\u00eatement plastique \u00e0 l&#039;int\u00e9rieur\" \/>\n<meta property=\"og:url\" content=\"https:\/\/keramamueblesdejardin.com\/fr\/accessoires-dexterieur\/housses-pour-meubles-de-jardin\/housse-de-meuble-ou-de-salle-a-manger-case-s-120x120x78-bleu-jeans-tejano-protech\/\" \/>\n<meta property=\"og:site_name\" content=\"Kerama\" \/>\n<meta property=\"article:publisher\" content=\"https:\/\/www.facebook.com\/Kerama-Muebles-de-Jard%c3%adn-106209328312568\/\" \/>\n<meta property=\"article:modified_time\" content=\"2023-08-29T12:13:14+00:00\" \/>\n<meta property=\"og:image\" content=\"https:\/\/keramamueblesdejardin.com\/wp-content\/uploads\/2021\/10\/KMJ21358_01-scaled.jpg\" \/>\n\t<meta property=\"og:image:width\" content=\"2560\" \/>\n\t<meta property=\"og:image:height\" content=\"2560\" \/>\n\t<meta property=\"og:image:type\" content=\"image\/jpeg\" \/>\n<meta name=\"twitter:card\" content=\"summary_large_image\" \/>\n<meta name=\"twitter:label1\" content=\"Dur\u00e9e de lecture estim\u00e9e\" \/>\n\t<meta name=\"twitter:data1\" content=\"1 minute\" \/>\n<script type=\"application\/ld+json\" class=\"yoast-schema-graph\">{\"@context\":\"https:\/\/schema.org\",\"@graph\":[{\"@type\":\"WebPage\",\"@id\":\"https:\/\/keramamueblesdejardin.com\/fr\/accessoires-dexterieur\/housses-pour-meubles-de-jardin\/housse-de-meuble-ou-de-salle-a-manger-case-s-120x120x78-bleu-jeans-tejano-protech\/\",\"url\":\"https:\/\/keramamueblesdejardin.com\/fr\/accessoires-dexterieur\/housses-pour-meubles-de-jardin\/housse-de-meuble-ou-de-salle-a-manger-case-s-120x120x78-bleu-jeans-tejano-protech\/\",\"name\":\"Housse pour meubles ou ensemble de salle \u00e0 manger S 120x120x78 blue jeans (denim) - Protech - Kerama\",\"isPartOf\":{\"@id\":\"https:\/\/keramamueblesdejardin.com\/fr\/#website\"},\"primaryImageOfPage\":{\"@id\":\"https:\/\/keramamueblesdejardin.com\/fr\/accessoires-dexterieur\/housses-pour-meubles-de-jardin\/housse-de-meuble-ou-de-salle-a-manger-case-s-120x120x78-bleu-jeans-tejano-protech\/#primaryimage\"},\"image\":{\"@id\":\"https:\/\/keramamueblesdejardin.com\/fr\/accessoires-dexterieur\/housses-pour-meubles-de-jardin\/housse-de-meuble-ou-de-salle-a-manger-case-s-120x120x78-bleu-jeans-tejano-protech\/#primaryimage\"},\"thumbnailUrl\":\"https:\/\/keramamueblesdejardin.com\/wp-content\/uploads\/2021\/10\/KMJ21358_01-scaled.jpg\",\"datePublished\":\"2021-10-14T15:44:45+00:00\",\"dateModified\":\"2023-08-29T12:13:14+00:00\",\"breadcrumb\":{\"@id\":\"https:\/\/keramamueblesdejardin.com\/fr\/accessoires-dexterieur\/housses-pour-meubles-de-jardin\/housse-de-meuble-ou-de-salle-a-manger-case-s-120x120x78-bleu-jeans-tejano-protech\/#breadcrumb\"},\"inLanguage\":\"fr-FR\",\"potentialAction\":[{\"@type\":\"ReadAction\",\"target\":[\"https:\/\/keramamueblesdejardin.com\/fr\/accessoires-dexterieur\/housses-pour-meubles-de-jardin\/housse-de-meuble-ou-de-salle-a-manger-case-s-120x120x78-bleu-jeans-tejano-protech\/\"]}]},{\"@type\":\"ImageObject\",\"inLanguage\":\"fr-FR\",\"@id\":\"https:\/\/keramamueblesdejardin.com\/fr\/accessoires-dexterieur\/housses-pour-meubles-de-jardin\/housse-de-meuble-ou-de-salle-a-manger-case-s-120x120x78-bleu-jeans-tejano-protech\/#primaryimage\",\"url\":\"https:\/\/keramamueblesdejardin.com\/wp-content\/uploads\/2021\/10\/KMJ21358_01-scaled.jpg\",\"contentUrl\":\"https:\/\/keramamueblesdejardin.com\/wp-content\/uploads\/2021\/10\/KMJ21358_01-scaled.jpg\",\"width\":2560,\"height\":2560},{\"@type\":\"BreadcrumbList\",\"@id\":\"https:\/\/keramamueblesdejardin.com\/fr\/accessoires-dexterieur\/housses-pour-meubles-de-jardin\/housse-de-meuble-ou-de-salle-a-manger-case-s-120x120x78-bleu-jeans-tejano-protech\/#breadcrumb\",\"itemListElement\":[{\"@type\":\"ListItem\",\"position\":1,\"name\":\"Home\",\"item\":\"https:\/\/keramamueblesdejardin.com\/fr\/\"},{\"@type\":\"ListItem\",\"position\":2,\"name\":\"Boutique\",\"item\":\"https:\/\/keramamueblesdejardin.com\/tienda\/\"},{\"@type\":\"ListItem\",\"position\":3,\"name\":\"Accessoires d'ext\u00e9rieur\",\"item\":\"https:\/\/keramamueblesdejardin.com\/fr\/accessoires-dexterieur\/\"},{\"@type\":\"ListItem\",\"position\":4,\"name\":\"Housses pour meubles de jardin\",\"item\":\"https:\/\/keramamueblesdejardin.com\/fr\/accessoires-dexterieur\/housses-pour-meubles-de-jardin\/\"},{\"@type\":\"ListItem\",\"position\":5,\"name\":\"Housse pour meubles ou ensemble de salle \u00e0 manger S 120x120x78 blue jeans (denim) &#8211; Protech\"}]},{\"@type\":\"WebSite\",\"@id\":\"https:\/\/keramamueblesdejardin.com\/fr\/#website\",\"url\":\"https:\/\/keramamueblesdejardin.com\/fr\/\",\"name\":\"Kerama\",\"description\":\"muebles de jard\u00edn\",\"publisher\":{\"@id\":\"https:\/\/keramamueblesdejardin.com\/fr\/#organization\"},\"potentialAction\":[{\"@type\":\"SearchAction\",\"target\":{\"@type\":\"EntryPoint\",\"urlTemplate\":\"https:\/\/keramamueblesdejardin.com\/fr\/?s={search_term_string}\"},\"query-input\":{\"@type\":\"PropertyValueSpecification\",\"valueRequired\":true,\"valueName\":\"search_term_string\"}}],\"inLanguage\":\"fr-FR\"},{\"@type\":\"Organization\",\"@id\":\"https:\/\/keramamueblesdejardin.com\/fr\/#organization\",\"name\":\"kerama\",\"url\":\"https:\/\/keramamueblesdejardin.com\/fr\/\",\"logo\":{\"@type\":\"ImageObject\",\"inLanguage\":\"fr-FR\",\"@id\":\"https:\/\/keramamueblesdejardin.com\/fr\/#\/schema\/logo\/image\/\",\"url\":\"https:\/\/keramamueblesdejardin.com\/wp-content\/uploads\/2020\/12\/k.-scaled.jpg\",\"contentUrl\":\"https:\/\/keramamueblesdejardin.com\/wp-content\/uploads\/2020\/12\/k.-scaled.jpg\",\"width\":2560,\"height\":551,\"caption\":\"kerama\"},\"image\":{\"@id\":\"https:\/\/keramamueblesdejardin.com\/fr\/#\/schema\/logo\/image\/\"},\"sameAs\":[\"https:\/\/www.facebook.com\/Kerama-Muebles-de-Jard\u00edn-106209328312568\/\"]}]}<\/script>\n<!-- \/ Yoast SEO plugin. -->","yoast_head_json":{"title":"Housse pour meubles ou ensemble de salle \u00e0 manger S 120x120x78 blue jeans (denim) - Protech - Kerama","robots":{"index":"index","follow":"follow","max-snippet":"max-snippet:-1","max-image-preview":"max-image-preview:large","max-video-preview":"max-video-preview:-1"},"canonical":"https:\/\/keramamueblesdejardin.com\/fr\/accessoires-dexterieur\/housses-pour-meubles-de-jardin\/housse-de-meuble-ou-de-salle-a-manger-case-s-120x120x78-bleu-jeans-tejano-protech\/","og_locale":"fr_FR","og_type":"article","og_title":"Housse pour meubles ou ensemble de salle \u00e0 manger S 120x120x78 blue jeans (denim) - Protech - Kerama","og_description":"Housse pour meubles de jardin 120x120x78cm id\u00e9ale pour les ensembles de repas ou les petits meubles d'ext\u00e9rieur.  Le tissu utilis\u00e9 est un jean bleu (denim) de qualit\u00e9 sup\u00e9rieure, teint en solution et en acrylique.  R\u00e9sistant aux intemp\u00e9ries et imperm\u00e9able gr\u00e2ce \u00e0 un rev\u00eatement plastique \u00e0 l'int\u00e9rieur","og_url":"https:\/\/keramamueblesdejardin.com\/fr\/accessoires-dexterieur\/housses-pour-meubles-de-jardin\/housse-de-meuble-ou-de-salle-a-manger-case-s-120x120x78-bleu-jeans-tejano-protech\/","og_site_name":"Kerama","article_publisher":"https:\/\/www.facebook.com\/Kerama-Muebles-de-Jard%c3%adn-106209328312568\/","article_modified_time":"2023-08-29T12:13:14+00:00","og_image":[{"width":2560,"height":2560,"url":"https:\/\/keramamueblesdejardin.com\/wp-content\/uploads\/2021\/10\/KMJ21358_01-scaled.jpg","type":"image\/jpeg"}],"twitter_card":"summary_large_image","twitter_misc":{"Dur\u00e9e de lecture estim\u00e9e":"1 minute"},"schema":{"@context":"https:\/\/schema.org","@graph":[{"@type":"WebPage","@id":"https:\/\/keramamueblesdejardin.com\/fr\/accessoires-dexterieur\/housses-pour-meubles-de-jardin\/housse-de-meuble-ou-de-salle-a-manger-case-s-120x120x78-bleu-jeans-tejano-protech\/","url":"https:\/\/keramamueblesdejardin.com\/fr\/accessoires-dexterieur\/housses-pour-meubles-de-jardin\/housse-de-meuble-ou-de-salle-a-manger-case-s-120x120x78-bleu-jeans-tejano-protech\/","name":"Housse pour meubles ou ensemble de salle \u00e0 manger S 120x120x78 blue jeans (denim) - Protech - Kerama","isPartOf":{"@id":"https:\/\/keramamueblesdejardin.com\/fr\/#website"},"primaryImageOfPage":{"@id":"https:\/\/keramamueblesdejardin.com\/fr\/accessoires-dexterieur\/housses-pour-meubles-de-jardin\/housse-de-meuble-ou-de-salle-a-manger-case-s-120x120x78-bleu-jeans-tejano-protech\/#primaryimage"},"image":{"@id":"https:\/\/keramamueblesdejardin.com\/fr\/accessoires-dexterieur\/housses-pour-meubles-de-jardin\/housse-de-meuble-ou-de-salle-a-manger-case-s-120x120x78-bleu-jeans-tejano-protech\/#primaryimage"},"thumbnailUrl":"https:\/\/keramamueblesdejardin.com\/wp-content\/uploads\/2021\/10\/KMJ21358_01-scaled.jpg","datePublished":"2021-10-14T15:44:45+00:00","dateModified":"2023-08-29T12:13:14+00:00","breadcrumb":{"@id":"https:\/\/keramamueblesdejardin.com\/fr\/accessoires-dexterieur\/housses-pour-meubles-de-jardin\/housse-de-meuble-ou-de-salle-a-manger-case-s-120x120x78-bleu-jeans-tejano-protech\/#breadcrumb"},"inLanguage":"fr-FR","potentialAction":[{"@type":"ReadAction","target":["https:\/\/keramamueblesdejardin.com\/fr\/accessoires-dexterieur\/housses-pour-meubles-de-jardin\/housse-de-meuble-ou-de-salle-a-manger-case-s-120x120x78-bleu-jeans-tejano-protech\/"]}]},{"@type":"ImageObject","inLanguage":"fr-FR","@id":"https:\/\/keramamueblesdejardin.com\/fr\/accessoires-dexterieur\/housses-pour-meubles-de-jardin\/housse-de-meuble-ou-de-salle-a-manger-case-s-120x120x78-bleu-jeans-tejano-protech\/#primaryimage","url":"https:\/\/keramamueblesdejardin.com\/wp-content\/uploads\/2021\/10\/KMJ21358_01-scaled.jpg","contentUrl":"https:\/\/keramamueblesdejardin.com\/wp-content\/uploads\/2021\/10\/KMJ21358_01-scaled.jpg","width":2560,"height":2560},{"@type":"BreadcrumbList","@id":"https:\/\/keramamueblesdejardin.com\/fr\/accessoires-dexterieur\/housses-pour-meubles-de-jardin\/housse-de-meuble-ou-de-salle-a-manger-case-s-120x120x78-bleu-jeans-tejano-protech\/#breadcrumb","itemListElement":[{"@type":"ListItem","position":1,"name":"Home","item":"https:\/\/keramamueblesdejardin.com\/fr\/"},{"@type":"ListItem","position":2,"name":"Boutique","item":"https:\/\/keramamueblesdejardin.com\/tienda\/"},{"@type":"ListItem","position":3,"name":"Accessoires d'ext\u00e9rieur","item":"https:\/\/keramamueblesdejardin.com\/fr\/accessoires-dexterieur\/"},{"@type":"ListItem","position":4,"name":"Housses pour meubles de jardin","item":"https:\/\/keramamueblesdejardin.com\/fr\/accessoires-dexterieur\/housses-pour-meubles-de-jardin\/"},{"@type":"ListItem","position":5,"name":"Housse pour meubles ou ensemble de salle \u00e0 manger S 120x120x78 blue jeans (denim) &#8211; Protech"}]},{"@type":"WebSite","@id":"https:\/\/keramamueblesdejardin.com\/fr\/#website","url":"https:\/\/keramamueblesdejardin.com\/fr\/","name":"Kerama","description":"muebles de jard\u00edn","publisher":{"@id":"https:\/\/keramamueblesdejardin.com\/fr\/#organization"},"potentialAction":[{"@type":"SearchAction","target":{"@type":"EntryPoint","urlTemplate":"https:\/\/keramamueblesdejardin.com\/fr\/?s={search_term_string}"},"query-input":{"@type":"PropertyValueSpecification","valueRequired":true,"valueName":"search_term_string"}}],"inLanguage":"fr-FR"},{"@type":"Organization","@id":"https:\/\/keramamueblesdejardin.com\/fr\/#organization","name":"kerama","url":"https:\/\/keramamueblesdejardin.com\/fr\/","logo":{"@type":"ImageObject","inLanguage":"fr-FR","@id":"https:\/\/keramamueblesdejardin.com\/fr\/#\/schema\/logo\/image\/","url":"https:\/\/keramamueblesdejardin.com\/wp-content\/uploads\/2020\/12\/k.-scaled.jpg","contentUrl":"https:\/\/keramamueblesdejardin.com\/wp-content\/uploads\/2020\/12\/k.-scaled.jpg","width":2560,"height":551,"caption":"kerama"},"image":{"@id":"https:\/\/keramamueblesdejardin.com\/fr\/#\/schema\/logo\/image\/"},"sameAs":["https:\/\/www.facebook.com\/Kerama-Muebles-de-Jard\u00edn-106209328312568\/"]}]}},"df_price":58,"df_sale_price":58,"df_regular_price":75,"df_image_link":"https:\/\/keramamueblesdejardin.com\/wp-content\/uploads\/2021\/10\/KMJ21358_01-300x300.jpg","custom_tabs":[{"title":"MESURES","id":"mesures","content":"<strong>Hauteur :<\/strong> 78 cm  <br><strong>Largeur :<\/strong> 120 cm  <br>Longueur : 120 cm"},{"title":"D\u00c9BALLAGE ET MONTAGE","id":"deballage-et-montage","content":"<br><strong>Recommandations pour le d\u00e9ballage :<\/strong> Ne pas utiliser d'outils tranchants lors du d\u00e9ballage du meuble car cela pourrait l'endommager.  <br><strong>Montage requis (O\/N) :<\/strong> Non"},{"title":"ENTRETIEN ET GARANTIES","id":"entretien-et-garanties","content":"<div class=\"moz-signature\"><div class=\"list\"><strong>Recommandations g\u00e9n\u00e9rales :<\/strong> <br>- Les d\u00e9faillances ou les dommages caus\u00e9s par les \u00e9l\u00e9ments suivants sont exclus de la garantie :<br>- Les causes accidentelles telles que chutes, coups, d\u00e9versement de liquides, introduction de corps \u00e9trangers, ainsi que toute autre force majeure.<br>- Utilisation n\u00e9gligente, inappropri\u00e9e ou non domestique.<br>- Dommages, corrosion et\/ou oxydation acc\u00e9l\u00e9r\u00e9s par des conditions environnementales d\u00e9favorables.<br>- Taches et d\u00e9coloration dues au non-respect de nos instructions de nettoyage.<br>- Dommages survenus lors du montage et de la manipulation sans respecter les instructions de montage.<br><strong>Instructions d'utilisation et d'entretien :<\/strong> <br>- Essuyez doucement avec un chiffon ou utilisez un savon liquide neutre, puis rincez abondamment \u00e0 l'eau.<br>- Enlevez r\u00e9guli\u00e8rement la poussi\u00e8re avec un chiffon doux et de l'eau claire.<br>- N'utilisez pas de d\u00e9tergents ou de produits abrasifs pour le nettoyage.<br><strong>Ann\u00e9es de garantie :<\/strong> 3 ans<br><strong>Fabriqu\u00e9 conform\u00e9ment \u00e0 la norme :<\/strong> 581-1,581-2,581-3<\/div><\/div>","name":"Entretien et garanties"}],"_links":{"self":[{"href":"https:\/\/keramamueblesdejardin.com\/fr\/wp-json\/wp\/v2\/product\/64056","targetHints":{"allow":["GET"]}}],"collection":[{"href":"https:\/\/keramamueblesdejardin.com\/fr\/wp-json\/wp\/v2\/product"}],"about":[{"href":"https:\/\/keramamueblesdejardin.com\/fr\/wp-json\/wp\/v2\/types\/product"}],"replies":[{"embeddable":true,"href":"https:\/\/keramamueblesdejardin.com\/fr\/wp-json\/wp\/v2\/comments?post=64056"}],"wp:featuredmedia":[{"embeddable":true,"href":"https:\/\/keramamueblesdejardin.com\/fr\/wp-json\/wp\/v2\/media\/55304"}],"wp:attachment":[{"href":"https:\/\/keramamueblesdejardin.com\/fr\/wp-json\/wp\/v2\/media?parent=64056"}],"wp:term":[{"taxonomy":"product_brand","embeddable":true,"href":"https:\/\/keramamueblesdejardin.com\/fr\/wp-json\/wp\/v2\/product_brand?post=64056"},{"taxonomy":"product_cat","embeddable":true,"href":"https:\/\/keramamueblesdejardin.com\/fr\/wp-json\/wp\/v2\/product_cat?post=64056"},{"taxonomy":"product_tag","embeddable":true,"href":"https:\/\/keramamueblesdejardin.com\/fr\/wp-json\/wp\/v2\/product_tag?post=64056"}],"curies":[{"name":"wp","href":"https:\/\/api.w.org\/{rel}","templated":true}]}}