{"id":64035,"date":"2021-10-14T17:44:45","date_gmt":"2021-10-14T15:44:45","guid":{"rendered":"https:\/\/keramamueblesdejardin.com\/non%20class\u00e9\/set-de-table-de-jardin-ronde-150-cm-et-8-chaises-en-bois-et-corde-riviera\/"},"modified":"2024-12-02T15:38:01","modified_gmt":"2024-12-02T14:38:01","slug":"set-de-tables-de-jardin-rondes-150-cm-et-8-bois-et-chaises-riviera-corde","status":"publish","type":"product","link":"https:\/\/keramamueblesdejardin.com\/fr\/diner-en-plein-air\/ensemble-table-et-chaises-de-jardin\/set-de-tables-de-jardin-rondes-150-cm-et-8-bois-et-chaises-riviera-corde\/","title":{"rendered":"Set de table de jardin ronde 150 cm et 8 chaises en bois et corde &#8211; Riviera"},"content":{"rendered":"<p><span style=\"font-weight: 400;\">Le site <\/span><b>Ensemble table et chaises rondes Riviera<\/b><span style=\"font-weight: 400;\"> est compos\u00e9 de <\/span><b>bois d&rsquo;acacia <\/b><span style=\"font-weight: 400;\">de couleur claire<\/span><b> certifi\u00e9 par l&rsquo;organisation FSC<\/b><span style=\"font-weight: 400;\">. Le bois provient de  <\/span><b>for\u00eats durables<\/b><span style=\"font-weight: 400;\">assurant ainsi une gestion responsable des ressources foresti\u00e8res de la plan\u00e8te d&rsquo;un point de vue environnemental, social et \u00e9conomique. <\/span> <\/p>\n<p><span style=\"font-weight: 400;\">Cet ensemble se compose d&rsquo;un <\/span><b>table ronde<\/b><span style=\"font-weight: 400;\"> de 150 cm et <\/span><b>8 chaises <\/b><span style=\"font-weight: 400;\">avec des coussins en bois d&rsquo;acacia et en corde.<\/span><\/p>\n<p><span style=\"font-weight: 400;\">Vous pouvez <\/span><b>combiner l&rsquo;ensemble<\/b> <b>avec d&rsquo;autres produits de la <\/b><a href=\"https:\/\/keramamueblesdejardin.com\/etiqueta\/riviera\/\" target=\"_blank\" rel=\"noopener\"><br \/>\n  <b>Gamme Riviera<\/b><br \/>\n<\/a><span style=\"font-weight: 400;\"> et le prot\u00e9ger avec une couverture de notre <\/span><a href=\"https:\/\/keramamueblesdejardin.com\/complementos-exterior\/fundas-muebles-jardin\/\"><br \/>\n  <span style=\"font-weight: 400;\">gamme de jardin<\/span><br \/>\n<\/a><span style=\"font-weight: 400;\"> les meubles de jardin lorsqu&rsquo;ils ne sont pas utilis\u00e9s.<\/span><\/p>\n<p><span style=\"font-weight: 400;\">Voir autres <\/span><a href=\"https:\/\/keramamueblesdejardin.com\/comedores-exterior\/conjunto-mesa-y-sillas-jardin\/\" target=\"_blank\" rel=\"noopener\"><br \/>\n  <b>ensembles table et chaises de jardin<\/b><br \/>\n<\/a><span style=\"font-weight: 400;\">.<\/span><\/p>\n<h2><\/h2>\n","protected":false},"excerpt":{"rendered":"<ul>\n<li>Table de salle \u00e0 manger ronde de 150 cm de diam\u00e8tre en bois d&rsquo;acacia clair.<\/li>\n<li>8 chaises de jardin avec accoudoirs en acacia et corde avec coussins<\/li>\n<li>Bois certifi\u00e9 FSC<\/li>\n<li>Vous pouvez le combiner avec les diff\u00e9rents \u00e9l\u00e9ments de la famille Riviera.<\/li>\n<\/ul>\n<h2><\/h2>\n","protected":false},"featured_media":81318,"comment_status":"closed","ping_status":"closed","template":"","meta":{"_acf_changed":false},"product_brand":[],"product_cat":[578,579],"product_tag":[581,567,595],"class_list":{"0":"post-64035","1":"product","2":"type-product","3":"status-publish","4":"has-post-thumbnail","6":"product_cat-diner-en-plein-air","7":"product_cat-ensemble-table-et-chaises-de-jardin","8":"product_tag-bois","9":"product_tag-grands-espaces","10":"product_tag-riviera-fr","11":"product_shipping_class-envio-gratuito-fr","12":"pa_ancho-310-fr","13":"pa_asientos-6-fr","14":"pa_caracteristicas-housses-lavables","15":"pa_coleccion-bolonia-fr","16":"pa_coleccion-riviera-fr","17":"pa_espacio-8-55-fr","18":"pa_forma-rond","19":"pa_largo-310-fr","20":"pa_m2-961-fr","21":"pa_material-madera-fr","22":"pa_material-cuerda-fr","23":"pa_tamano-espacio-grand","25":"first","26":"instock","27":"sale","28":"purchasable","29":"product-type-simple","30":"add-to-wishlist-before_image"},"acf":[],"yoast_head":"<!-- This site is optimized with the Yoast SEO plugin v27.2 - https:\/\/yoast.com\/product\/yoast-seo-wordpress\/ -->\n<title>Set de table de jardin ronde 150 cm et 8 chaises en bois et corde - Riviera - Kerama<\/title>\n<meta name=\"robots\" content=\"index, follow, max-snippet:-1, max-image-preview:large, max-video-preview:-1\" \/>\n<link rel=\"canonical\" href=\"https:\/\/keramamueblesdejardin.com\/fr\/diner-en-plein-air\/ensemble-table-et-chaises-de-jardin\/set-de-tables-de-jardin-rondes-150-cm-et-8-bois-et-chaises-riviera-corde\/\" \/>\n<meta property=\"og:locale\" content=\"fr_FR\" \/>\n<meta property=\"og:type\" content=\"article\" \/>\n<meta property=\"og:title\" content=\"Set de table de jardin ronde 150 cm et 8 chaises en bois et corde - Riviera - Kerama\" \/>\n<meta property=\"og:description\" content=\"Table de salle \u00e0 manger ronde de 150 cm de diam\u00e8tre en bois d&#039;acacia clair.  8 chaises de jardin avec accoudoirs en acacia et corde avec coussins  Bois certifi\u00e9 FSC  Vous pouvez le combiner avec les diff\u00e9rents \u00e9l\u00e9ments de la famille Riviera.\" \/>\n<meta property=\"og:url\" content=\"https:\/\/keramamueblesdejardin.com\/fr\/diner-en-plein-air\/ensemble-table-et-chaises-de-jardin\/set-de-tables-de-jardin-rondes-150-cm-et-8-bois-et-chaises-riviera-corde\/\" \/>\n<meta property=\"og:site_name\" content=\"Kerama\" \/>\n<meta property=\"article:publisher\" content=\"https:\/\/www.facebook.com\/Kerama-Muebles-de-Jard%c3%adn-106209328312568\/\" \/>\n<meta property=\"article:modified_time\" content=\"2024-12-02T14:38:01+00:00\" \/>\n<meta property=\"og:image\" content=\"https:\/\/keramamueblesdejardin.com\/wp-content\/uploads\/2021\/05\/Sin-titulo-1.jpg\" \/>\n\t<meta property=\"og:image:width\" content=\"1200\" \/>\n\t<meta property=\"og:image:height\" content=\"1200\" \/>\n\t<meta property=\"og:image:type\" content=\"image\/jpeg\" \/>\n<meta name=\"twitter:card\" content=\"summary_large_image\" \/>\n<meta name=\"twitter:label1\" content=\"Dur\u00e9e de lecture estim\u00e9e\" \/>\n\t<meta name=\"twitter:data1\" content=\"1 minute\" \/>\n<script type=\"application\/ld+json\" class=\"yoast-schema-graph\">{\"@context\":\"https:\/\/schema.org\",\"@graph\":[{\"@type\":\"WebPage\",\"@id\":\"https:\/\/keramamueblesdejardin.com\/fr\/diner-en-plein-air\/ensemble-table-et-chaises-de-jardin\/set-de-tables-de-jardin-rondes-150-cm-et-8-bois-et-chaises-riviera-corde\/\",\"url\":\"https:\/\/keramamueblesdejardin.com\/fr\/diner-en-plein-air\/ensemble-table-et-chaises-de-jardin\/set-de-tables-de-jardin-rondes-150-cm-et-8-bois-et-chaises-riviera-corde\/\",\"name\":\"Set de table de jardin ronde 150 cm et 8 chaises en bois et corde - Riviera - Kerama\",\"isPartOf\":{\"@id\":\"https:\/\/keramamueblesdejardin.com\/fr\/#website\"},\"primaryImageOfPage\":{\"@id\":\"https:\/\/keramamueblesdejardin.com\/fr\/diner-en-plein-air\/ensemble-table-et-chaises-de-jardin\/set-de-tables-de-jardin-rondes-150-cm-et-8-bois-et-chaises-riviera-corde\/#primaryimage\"},\"image\":{\"@id\":\"https:\/\/keramamueblesdejardin.com\/fr\/diner-en-plein-air\/ensemble-table-et-chaises-de-jardin\/set-de-tables-de-jardin-rondes-150-cm-et-8-bois-et-chaises-riviera-corde\/#primaryimage\"},\"thumbnailUrl\":\"https:\/\/keramamueblesdejardin.com\/wp-content\/uploads\/2021\/05\/Sin-titulo-1.jpg\",\"datePublished\":\"2021-10-14T15:44:45+00:00\",\"dateModified\":\"2024-12-02T14:38:01+00:00\",\"breadcrumb\":{\"@id\":\"https:\/\/keramamueblesdejardin.com\/fr\/diner-en-plein-air\/ensemble-table-et-chaises-de-jardin\/set-de-tables-de-jardin-rondes-150-cm-et-8-bois-et-chaises-riviera-corde\/#breadcrumb\"},\"inLanguage\":\"fr-FR\",\"potentialAction\":[{\"@type\":\"ReadAction\",\"target\":[\"https:\/\/keramamueblesdejardin.com\/fr\/diner-en-plein-air\/ensemble-table-et-chaises-de-jardin\/set-de-tables-de-jardin-rondes-150-cm-et-8-bois-et-chaises-riviera-corde\/\"]}]},{\"@type\":\"ImageObject\",\"inLanguage\":\"fr-FR\",\"@id\":\"https:\/\/keramamueblesdejardin.com\/fr\/diner-en-plein-air\/ensemble-table-et-chaises-de-jardin\/set-de-tables-de-jardin-rondes-150-cm-et-8-bois-et-chaises-riviera-corde\/#primaryimage\",\"url\":\"https:\/\/keramamueblesdejardin.com\/wp-content\/uploads\/2021\/05\/Sin-titulo-1.jpg\",\"contentUrl\":\"https:\/\/keramamueblesdejardin.com\/wp-content\/uploads\/2021\/05\/Sin-titulo-1.jpg\",\"width\":1200,\"height\":1200},{\"@type\":\"BreadcrumbList\",\"@id\":\"https:\/\/keramamueblesdejardin.com\/fr\/diner-en-plein-air\/ensemble-table-et-chaises-de-jardin\/set-de-tables-de-jardin-rondes-150-cm-et-8-bois-et-chaises-riviera-corde\/#breadcrumb\",\"itemListElement\":[{\"@type\":\"ListItem\",\"position\":1,\"name\":\"Home\",\"item\":\"https:\/\/keramamueblesdejardin.com\/fr\/\"},{\"@type\":\"ListItem\",\"position\":2,\"name\":\"Boutique\",\"item\":\"https:\/\/keramamueblesdejardin.com\/tienda\/\"},{\"@type\":\"ListItem\",\"position\":3,\"name\":\"D\u00eener en plein air\",\"item\":\"https:\/\/keramamueblesdejardin.com\/fr\/diner-en-plein-air\/\"},{\"@type\":\"ListItem\",\"position\":4,\"name\":\"Ensemble table et chaises de jardin\",\"item\":\"https:\/\/keramamueblesdejardin.com\/fr\/diner-en-plein-air\/ensemble-table-et-chaises-de-jardin\/\"},{\"@type\":\"ListItem\",\"position\":5,\"name\":\"Set de table de jardin ronde 150 cm et 8 chaises en bois et corde &#8211; Riviera\"}]},{\"@type\":\"WebSite\",\"@id\":\"https:\/\/keramamueblesdejardin.com\/fr\/#website\",\"url\":\"https:\/\/keramamueblesdejardin.com\/fr\/\",\"name\":\"Kerama\",\"description\":\"muebles de jard\u00edn\",\"publisher\":{\"@id\":\"https:\/\/keramamueblesdejardin.com\/fr\/#organization\"},\"potentialAction\":[{\"@type\":\"SearchAction\",\"target\":{\"@type\":\"EntryPoint\",\"urlTemplate\":\"https:\/\/keramamueblesdejardin.com\/fr\/?s={search_term_string}\"},\"query-input\":{\"@type\":\"PropertyValueSpecification\",\"valueRequired\":true,\"valueName\":\"search_term_string\"}}],\"inLanguage\":\"fr-FR\"},{\"@type\":\"Organization\",\"@id\":\"https:\/\/keramamueblesdejardin.com\/fr\/#organization\",\"name\":\"kerama\",\"url\":\"https:\/\/keramamueblesdejardin.com\/fr\/\",\"logo\":{\"@type\":\"ImageObject\",\"inLanguage\":\"fr-FR\",\"@id\":\"https:\/\/keramamueblesdejardin.com\/fr\/#\/schema\/logo\/image\/\",\"url\":\"https:\/\/keramamueblesdejardin.com\/wp-content\/uploads\/2020\/12\/k.-scaled.jpg\",\"contentUrl\":\"https:\/\/keramamueblesdejardin.com\/wp-content\/uploads\/2020\/12\/k.-scaled.jpg\",\"width\":2560,\"height\":551,\"caption\":\"kerama\"},\"image\":{\"@id\":\"https:\/\/keramamueblesdejardin.com\/fr\/#\/schema\/logo\/image\/\"},\"sameAs\":[\"https:\/\/www.facebook.com\/Kerama-Muebles-de-Jard\u00edn-106209328312568\/\"]}]}<\/script>\n<!-- \/ Yoast SEO plugin. -->","yoast_head_json":{"title":"Set de table de jardin ronde 150 cm et 8 chaises en bois et corde - Riviera - Kerama","robots":{"index":"index","follow":"follow","max-snippet":"max-snippet:-1","max-image-preview":"max-image-preview:large","max-video-preview":"max-video-preview:-1"},"canonical":"https:\/\/keramamueblesdejardin.com\/fr\/diner-en-plein-air\/ensemble-table-et-chaises-de-jardin\/set-de-tables-de-jardin-rondes-150-cm-et-8-bois-et-chaises-riviera-corde\/","og_locale":"fr_FR","og_type":"article","og_title":"Set de table de jardin ronde 150 cm et 8 chaises en bois et corde - Riviera - Kerama","og_description":"Table de salle \u00e0 manger ronde de 150 cm de diam\u00e8tre en bois d'acacia clair.  8 chaises de jardin avec accoudoirs en acacia et corde avec coussins  Bois certifi\u00e9 FSC  Vous pouvez le combiner avec les diff\u00e9rents \u00e9l\u00e9ments de la famille Riviera.","og_url":"https:\/\/keramamueblesdejardin.com\/fr\/diner-en-plein-air\/ensemble-table-et-chaises-de-jardin\/set-de-tables-de-jardin-rondes-150-cm-et-8-bois-et-chaises-riviera-corde\/","og_site_name":"Kerama","article_publisher":"https:\/\/www.facebook.com\/Kerama-Muebles-de-Jard%c3%adn-106209328312568\/","article_modified_time":"2024-12-02T14:38:01+00:00","og_image":[{"width":1200,"height":1200,"url":"https:\/\/keramamueblesdejardin.com\/wp-content\/uploads\/2021\/05\/Sin-titulo-1.jpg","type":"image\/jpeg"}],"twitter_card":"summary_large_image","twitter_misc":{"Dur\u00e9e de lecture estim\u00e9e":"1 minute"},"schema":{"@context":"https:\/\/schema.org","@graph":[{"@type":"WebPage","@id":"https:\/\/keramamueblesdejardin.com\/fr\/diner-en-plein-air\/ensemble-table-et-chaises-de-jardin\/set-de-tables-de-jardin-rondes-150-cm-et-8-bois-et-chaises-riviera-corde\/","url":"https:\/\/keramamueblesdejardin.com\/fr\/diner-en-plein-air\/ensemble-table-et-chaises-de-jardin\/set-de-tables-de-jardin-rondes-150-cm-et-8-bois-et-chaises-riviera-corde\/","name":"Set de table de jardin ronde 150 cm et 8 chaises en bois et corde - Riviera - Kerama","isPartOf":{"@id":"https:\/\/keramamueblesdejardin.com\/fr\/#website"},"primaryImageOfPage":{"@id":"https:\/\/keramamueblesdejardin.com\/fr\/diner-en-plein-air\/ensemble-table-et-chaises-de-jardin\/set-de-tables-de-jardin-rondes-150-cm-et-8-bois-et-chaises-riviera-corde\/#primaryimage"},"image":{"@id":"https:\/\/keramamueblesdejardin.com\/fr\/diner-en-plein-air\/ensemble-table-et-chaises-de-jardin\/set-de-tables-de-jardin-rondes-150-cm-et-8-bois-et-chaises-riviera-corde\/#primaryimage"},"thumbnailUrl":"https:\/\/keramamueblesdejardin.com\/wp-content\/uploads\/2021\/05\/Sin-titulo-1.jpg","datePublished":"2021-10-14T15:44:45+00:00","dateModified":"2024-12-02T14:38:01+00:00","breadcrumb":{"@id":"https:\/\/keramamueblesdejardin.com\/fr\/diner-en-plein-air\/ensemble-table-et-chaises-de-jardin\/set-de-tables-de-jardin-rondes-150-cm-et-8-bois-et-chaises-riviera-corde\/#breadcrumb"},"inLanguage":"fr-FR","potentialAction":[{"@type":"ReadAction","target":["https:\/\/keramamueblesdejardin.com\/fr\/diner-en-plein-air\/ensemble-table-et-chaises-de-jardin\/set-de-tables-de-jardin-rondes-150-cm-et-8-bois-et-chaises-riviera-corde\/"]}]},{"@type":"ImageObject","inLanguage":"fr-FR","@id":"https:\/\/keramamueblesdejardin.com\/fr\/diner-en-plein-air\/ensemble-table-et-chaises-de-jardin\/set-de-tables-de-jardin-rondes-150-cm-et-8-bois-et-chaises-riviera-corde\/#primaryimage","url":"https:\/\/keramamueblesdejardin.com\/wp-content\/uploads\/2021\/05\/Sin-titulo-1.jpg","contentUrl":"https:\/\/keramamueblesdejardin.com\/wp-content\/uploads\/2021\/05\/Sin-titulo-1.jpg","width":1200,"height":1200},{"@type":"BreadcrumbList","@id":"https:\/\/keramamueblesdejardin.com\/fr\/diner-en-plein-air\/ensemble-table-et-chaises-de-jardin\/set-de-tables-de-jardin-rondes-150-cm-et-8-bois-et-chaises-riviera-corde\/#breadcrumb","itemListElement":[{"@type":"ListItem","position":1,"name":"Home","item":"https:\/\/keramamueblesdejardin.com\/fr\/"},{"@type":"ListItem","position":2,"name":"Boutique","item":"https:\/\/keramamueblesdejardin.com\/tienda\/"},{"@type":"ListItem","position":3,"name":"D\u00eener en plein air","item":"https:\/\/keramamueblesdejardin.com\/fr\/diner-en-plein-air\/"},{"@type":"ListItem","position":4,"name":"Ensemble table et chaises de jardin","item":"https:\/\/keramamueblesdejardin.com\/fr\/diner-en-plein-air\/ensemble-table-et-chaises-de-jardin\/"},{"@type":"ListItem","position":5,"name":"Set de table de jardin ronde 150 cm et 8 chaises en bois et corde &#8211; Riviera"}]},{"@type":"WebSite","@id":"https:\/\/keramamueblesdejardin.com\/fr\/#website","url":"https:\/\/keramamueblesdejardin.com\/fr\/","name":"Kerama","description":"muebles de jard\u00edn","publisher":{"@id":"https:\/\/keramamueblesdejardin.com\/fr\/#organization"},"potentialAction":[{"@type":"SearchAction","target":{"@type":"EntryPoint","urlTemplate":"https:\/\/keramamueblesdejardin.com\/fr\/?s={search_term_string}"},"query-input":{"@type":"PropertyValueSpecification","valueRequired":true,"valueName":"search_term_string"}}],"inLanguage":"fr-FR"},{"@type":"Organization","@id":"https:\/\/keramamueblesdejardin.com\/fr\/#organization","name":"kerama","url":"https:\/\/keramamueblesdejardin.com\/fr\/","logo":{"@type":"ImageObject","inLanguage":"fr-FR","@id":"https:\/\/keramamueblesdejardin.com\/fr\/#\/schema\/logo\/image\/","url":"https:\/\/keramamueblesdejardin.com\/wp-content\/uploads\/2020\/12\/k.-scaled.jpg","contentUrl":"https:\/\/keramamueblesdejardin.com\/wp-content\/uploads\/2020\/12\/k.-scaled.jpg","width":2560,"height":551,"caption":"kerama"},"image":{"@id":"https:\/\/keramamueblesdejardin.com\/fr\/#\/schema\/logo\/image\/"},"sameAs":["https:\/\/www.facebook.com\/Kerama-Muebles-de-Jard\u00edn-106209328312568\/"]}]}},"df_price":2089,"df_sale_price":2089,"df_regular_price":2560,"df_image_link":"https:\/\/keramamueblesdejardin.com\/wp-content\/uploads\/2021\/05\/Sin-titulo-1-300x300.jpg","custom_tabs":[{"title":"MESURES","id":"mesures","content":"<strong>Hauteur :<\/strong> Chaise 75 cm \/ Table 75 cm\n<strong>Largeur :<\/strong> Chaise 59 cm \/ Table 150 cm\n<strong>Profondeur :<\/strong> Chaise 59 cm \/ Table 150 cm"},{"title":"D\u00c9BALLAGE ET MONTAGE","id":"deballage-et-montage","content":"<strong>Recommandations pour le d\u00e9ballage :<\/strong> Ne pas utiliser d'outils tranchants lors du d\u00e9ballage du meuble car cela pourrait l'endommager.\n<strong>Montage requis (O\/N) :<\/strong> Oui\n<strong>Difficult\u00e9 de montage :<\/strong> faible\n<strong>Temps de montage :<\/strong> 120 minutes\n<strong>Personnes recommand\u00e9es pour le montage :<\/strong> 2\n<strong>Suggestions de montage :<\/strong> Pr\u00e9parez une zone de montage propre et s\u00e8che, v\u00e9rifiez qu'aucune des pi\u00e8ces list\u00e9es dans le manuel ne manque. Nous recommandons l'utilisation de gants appropri\u00e9s pour le montage. N'utilisez que les pi\u00e8ces et les raccords fournis."},{"title":"ENTRETIEN ET GARANTIES","id":"entretien-et-garanties","content":"<strong>Recommandations g\u00e9n\u00e9rales :<\/strong>\n- Les d\u00e9faillances ou les dommages caus\u00e9s par les \u00e9l\u00e9ments suivants sont exclus de la garantie :\n- Les causes accidentelles telles que chutes, coups, d\u00e9versement de liquides, introduction de corps \u00e9trangers, ainsi que toute autre force majeure.\n- Utilisation n\u00e9gligente, inappropri\u00e9e ou non domestique.\n- Dommages, corrosion et\/ou oxydation acc\u00e9l\u00e9r\u00e9s par des conditions environnementales d\u00e9favorables.\n- Taches et d\u00e9coloration dues au non-respect de nos instructions de nettoyage.\n- Dommages survenus lors du montage et de la manipulation sans respecter les instructions de montage.\n<strong>Instructions d'utilisation et d'entretien :<\/strong>\n- Essuyez doucement avec un chiffon ou utilisez un savon liquide neutre, puis rincez abondamment \u00e0 l'eau.\n- Enlevez r\u00e9guli\u00e8rement la poussi\u00e8re avec un chiffon doux et de l'eau claire.\n\u2022 La couleur du produit peut varier en fonction de l\u2019\u00e9clairage et des conditions environnementales. Variation des veines et\/ou de la tonalit\u00e9.\n- N'utilisez pas de d\u00e9tergents ou de produits abrasifs pour le nettoyage.\n- Traitement \u00e0 l'huile de lin : Avant d'appliquer une couche d'huile de lin sur le produit \u00e0 l'\u00e9tat naturel, il est conseill\u00e9 de le laisser \u00e0 l'ext\u00e9rieur pendant 2 \u00e0 3 semaines afin de lui donner un aspect homog\u00e8ne et de l'a\u00e9rer. Nettoyer \u00e0 l'eau claire \u00e0 l'aide d'une brosse et laisser s\u00e9cher. Une fois qu'elle est bien s\u00e8che, poncez-la avec une feuille de papier de verre d'un grammage compris entre 120 et 150, avec pr\u00e9caution et sans appuyer, en suivant, autant que possible, le sens des veines ; cette op\u00e9ration ne doit jamais \u00eatre effectu\u00e9e aux premi\u00e8res heures du jour.\nPour conserver la couleur, il est conseill\u00e9 de r\u00e9p\u00e9ter le processus une ou deux fois par an.\nSi l'huile de lin a d\u00e9j\u00e0 \u00e9t\u00e9 appliqu\u00e9e sur le meuble, il est conseill\u00e9 de le poncer tous les trois ans afin que les couches successives d'huile n'emp\u00eachent pas le bois de transpirer.\n<strong>Ann\u00e9es de garantie :<\/strong> 3 ans\n<strong>Fabriqu\u00e9 conform\u00e9ment \u00e0 la norme :<\/strong> 581-1,581-2,581-3\n<strong>Certifi\u00e9 FSC (O\/N) :<\/strong> Oui"}],"_links":{"self":[{"href":"https:\/\/keramamueblesdejardin.com\/fr\/wp-json\/wp\/v2\/product\/64035","targetHints":{"allow":["GET"]}}],"collection":[{"href":"https:\/\/keramamueblesdejardin.com\/fr\/wp-json\/wp\/v2\/product"}],"about":[{"href":"https:\/\/keramamueblesdejardin.com\/fr\/wp-json\/wp\/v2\/types\/product"}],"replies":[{"embeddable":true,"href":"https:\/\/keramamueblesdejardin.com\/fr\/wp-json\/wp\/v2\/comments?post=64035"}],"wp:featuredmedia":[{"embeddable":true,"href":"https:\/\/keramamueblesdejardin.com\/fr\/wp-json\/wp\/v2\/media\/81318"}],"wp:attachment":[{"href":"https:\/\/keramamueblesdejardin.com\/fr\/wp-json\/wp\/v2\/media?parent=64035"}],"wp:term":[{"taxonomy":"product_brand","embeddable":true,"href":"https:\/\/keramamueblesdejardin.com\/fr\/wp-json\/wp\/v2\/product_brand?post=64035"},{"taxonomy":"product_cat","embeddable":true,"href":"https:\/\/keramamueblesdejardin.com\/fr\/wp-json\/wp\/v2\/product_cat?post=64035"},{"taxonomy":"product_tag","embeddable":true,"href":"https:\/\/keramamueblesdejardin.com\/fr\/wp-json\/wp\/v2\/product_tag?post=64035"}],"curies":[{"name":"wp","href":"https:\/\/api.w.org\/{rel}","templated":true}]}}