{"id":64034,"date":"2021-10-14T17:44:48","date_gmt":"2021-10-14T15:44:48","guid":{"rendered":"https:\/\/keramamueblesdejardin.com\/non%20class\u00e9\/table-de-jardin-160-80x80-cm-et-4-chaises-en-aluminium-blanc-osaka\/"},"modified":"2026-02-10T20:06:46","modified_gmt":"2026-02-10T19:06:46","slug":"conjunto-mesa-jardin-160-80x80-cm-y-4-sillas-aluminio-blanco-osaka","status":"publish","type":"product","link":"https:\/\/keramamueblesdejardin.com\/fr\/diner-en-plein-air\/ensemble-table-et-chaises-de-jardin\/conjunto-mesa-jardin-160-80x80-cm-y-4-sillas-aluminio-blanco-osaka\/","title":{"rendered":"Table de jardin 160\/80&#215;80 cm et 4 chaises en aluminium blanc &#8211; Osaka"},"content":{"rendered":"<p><span style=\"font-weight: 400;\">Le site <\/span><b>Ensemble table et chaises Osaka pour jardin ou terrasse<\/b><span style=\"font-weight: 400;\"> consiste en un <\/span><b>table extensible en aluminium blanc<\/b><span style=\"font-weight: 400;\"> avec des lattes en polywood imitation bois et <\/span><b>4 chaises empilables<\/b><span style=\"font-weight: 400;\">  aluminium blanc tapiss\u00e9 avec des bras en polywood. Il a \u00e9galement  <\/span><b>coussins gris avec housses amovibles<\/b><span style=\"font-weight: 400;\"> pour un nettoyage facile.<\/span><\/p>\n<p><span style=\"font-weight: 400;\">L&rsquo;ensemble a \u00e9t\u00e9 con\u00e7u pour tirer le meilleur parti des espaces les plus restreints, gr\u00e2ce aux <\/span><b>syst\u00e8me d&rsquo;extension<\/b><span style=\"font-weight: 400;\"> syst\u00e8me d&rsquo;extension qui vous permet<\/span><b> pour doubler sa taille d&rsquo;une mani\u00e8re simple et confortable.<\/b><span style=\"font-weight: 400;\">. Il est id\u00e9al pour les balcons, les cuisines et les petites terrasses.<\/span><\/p>\n<p><span style=\"font-weight: 400;\">Vous pouvez combiner l&rsquo;ensemble avec d&rsquo;autres produits faisant partie de l&rsquo;ensemble <\/span><a href=\"https:\/\/keramamueblesdejardin.com\/fr\/?attachment_id=177178\" target=\"_blank\" rel=\"noopener\"><br \/>\n  <b>Famille Osaka<\/b><br \/>\n<\/a><span style=\"font-weight: 400;\">.<\/span><\/p>\n<p><span style=\"font-weight: 400;\">Consultez notre <\/span><a href=\"https:\/\/keramamueblesdejardin.com\/fr\/diner-en-plein-air\/ensemble-table-et-chaises-de-jardin\/\" target=\"_blank\" rel=\"noopener\"><br \/>\n  <b>ensembles table et chaises de jardin<\/b><br \/>\n<\/a><b>.<\/b><\/p>\n","protected":false},"excerpt":{"rendered":"<ul>\n<li>Ensemble de jardin avec table et 4 chaises empilables Osaka<\/li>\n<li>Table \u00e0 rallonge en aluminium blanc et lattes en polywood imitant le bois.<\/li>\n<li>Chaises en aluminium blanc avec accoudoirs en imitation bois et coussins gris.<\/li>\n<li>Dimensions de la table : 80\u00d780 cm (ferm\u00e9e) 160\u00d780 cm (\u00e9tendue)<\/li>\n<\/ul>\n","protected":false},"featured_media":55154,"comment_status":"closed","ping_status":"closed","template":"","meta":{"_acf_changed":false},"product_brand":[],"product_cat":[578,579],"product_tag":[565,596,573,577],"class_list":{"0":"post-64034","1":"product","2":"type-product","3":"status-publish","4":"has-post-thumbnail","6":"product_cat-diner-en-plein-air","7":"product_cat-ensemble-table-et-chaises-de-jardin","8":"product_tag-aluminium","9":"product_tag-osaka-fr","10":"product_tag-petits-espaces","11":"product_tag-tokyo-fr","12":"product_shipping_class-envio-gratuito-fr","13":"pa_ancho-80-fr","14":"pa_asientos-4-fr-2","15":"pa_caracteristicas-accoudoirs","16":"pa_caracteristicas-empilable","17":"pa_caracteristicas-extensible-fr","18":"pa_caracteristicas-resistant-a-l-eau","19":"pa_coleccion-osaka-fr","20":"pa_espacio-2-56-fr","21":"pa_forma-rectangulaire","22":"pa_largo-320-fr","23":"pa_m2-256-fr","24":"pa_material-aluminio-fr","25":"pa_material-cristal-templado-fr","26":"pa_tamano-espacio-petit","28":"first","29":"instock","30":"sale","31":"purchasable","32":"product-type-simple","33":"add-to-wishlist-before_image"},"acf":[],"yoast_head":"<!-- This site is optimized with the Yoast SEO plugin v27.2 - https:\/\/yoast.com\/product\/yoast-seo-wordpress\/ -->\n<title>Table de jardin 160\/80x80 cm et 4 chaises en aluminium blanc - Osaka - Kerama<\/title>\n<meta name=\"robots\" content=\"index, follow, max-snippet:-1, max-image-preview:large, max-video-preview:-1\" \/>\n<link rel=\"canonical\" href=\"https:\/\/keramamueblesdejardin.com\/fr\/diner-en-plein-air\/ensemble-table-et-chaises-de-jardin\/conjunto-mesa-jardin-160-80x80-cm-y-4-sillas-aluminio-blanco-osaka\/\" \/>\n<meta property=\"og:locale\" content=\"fr_FR\" \/>\n<meta property=\"og:type\" content=\"article\" \/>\n<meta property=\"og:title\" content=\"Table de jardin 160\/80x80 cm et 4 chaises en aluminium blanc - Osaka - Kerama\" \/>\n<meta property=\"og:description\" content=\"Ensemble de jardin avec table et 4 chaises empilables Osaka  Table \u00e0 rallonge en aluminium blanc et lattes en polywood imitant le bois.  Chaises en aluminium blanc avec accoudoirs en imitation bois et coussins gris.  Dimensions de la table : 80\u00d780 cm (ferm\u00e9e) 160\u00d780 cm (\u00e9tendue)\" \/>\n<meta property=\"og:url\" content=\"https:\/\/keramamueblesdejardin.com\/fr\/diner-en-plein-air\/ensemble-table-et-chaises-de-jardin\/conjunto-mesa-jardin-160-80x80-cm-y-4-sillas-aluminio-blanco-osaka\/\" \/>\n<meta property=\"og:site_name\" content=\"Kerama\" \/>\n<meta property=\"article:publisher\" content=\"https:\/\/www.facebook.com\/Kerama-Muebles-de-Jard%c3%adn-106209328312568\/\" \/>\n<meta property=\"article:modified_time\" content=\"2026-02-10T19:06:46+00:00\" \/>\n<meta property=\"og:image\" content=\"https:\/\/keramamueblesdejardin.com\/wp-content\/uploads\/2021\/10\/L1440646_SILU_-scaled-e1697714479286.jpg\" \/>\n\t<meta property=\"og:image:width\" content=\"1200\" \/>\n\t<meta property=\"og:image:height\" content=\"1200\" \/>\n\t<meta property=\"og:image:type\" content=\"image\/jpeg\" \/>\n<meta name=\"twitter:card\" content=\"summary_large_image\" \/>\n<meta name=\"twitter:label1\" content=\"Dur\u00e9e de lecture estim\u00e9e\" \/>\n\t<meta name=\"twitter:data1\" content=\"1 minute\" \/>\n<script type=\"application\/ld+json\" class=\"yoast-schema-graph\">{\"@context\":\"https:\/\/schema.org\",\"@graph\":[{\"@type\":\"WebPage\",\"@id\":\"https:\/\/keramamueblesdejardin.com\/fr\/diner-en-plein-air\/ensemble-table-et-chaises-de-jardin\/conjunto-mesa-jardin-160-80x80-cm-y-4-sillas-aluminio-blanco-osaka\/\",\"url\":\"https:\/\/keramamueblesdejardin.com\/fr\/diner-en-plein-air\/ensemble-table-et-chaises-de-jardin\/conjunto-mesa-jardin-160-80x80-cm-y-4-sillas-aluminio-blanco-osaka\/\",\"name\":\"Table de jardin 160\/80x80 cm et 4 chaises en aluminium blanc - Osaka - Kerama\",\"isPartOf\":{\"@id\":\"https:\/\/keramamueblesdejardin.com\/fr\/#website\"},\"primaryImageOfPage\":{\"@id\":\"https:\/\/keramamueblesdejardin.com\/fr\/diner-en-plein-air\/ensemble-table-et-chaises-de-jardin\/conjunto-mesa-jardin-160-80x80-cm-y-4-sillas-aluminio-blanco-osaka\/#primaryimage\"},\"image\":{\"@id\":\"https:\/\/keramamueblesdejardin.com\/fr\/diner-en-plein-air\/ensemble-table-et-chaises-de-jardin\/conjunto-mesa-jardin-160-80x80-cm-y-4-sillas-aluminio-blanco-osaka\/#primaryimage\"},\"thumbnailUrl\":\"https:\/\/keramamueblesdejardin.com\/wp-content\/uploads\/2021\/10\/L1440646_SILU_-scaled-e1697714479286.jpg\",\"datePublished\":\"2021-10-14T15:44:48+00:00\",\"dateModified\":\"2026-02-10T19:06:46+00:00\",\"breadcrumb\":{\"@id\":\"https:\/\/keramamueblesdejardin.com\/fr\/diner-en-plein-air\/ensemble-table-et-chaises-de-jardin\/conjunto-mesa-jardin-160-80x80-cm-y-4-sillas-aluminio-blanco-osaka\/#breadcrumb\"},\"inLanguage\":\"fr-FR\",\"potentialAction\":[{\"@type\":\"ReadAction\",\"target\":[\"https:\/\/keramamueblesdejardin.com\/fr\/diner-en-plein-air\/ensemble-table-et-chaises-de-jardin\/conjunto-mesa-jardin-160-80x80-cm-y-4-sillas-aluminio-blanco-osaka\/\"]}]},{\"@type\":\"ImageObject\",\"inLanguage\":\"fr-FR\",\"@id\":\"https:\/\/keramamueblesdejardin.com\/fr\/diner-en-plein-air\/ensemble-table-et-chaises-de-jardin\/conjunto-mesa-jardin-160-80x80-cm-y-4-sillas-aluminio-blanco-osaka\/#primaryimage\",\"url\":\"https:\/\/keramamueblesdejardin.com\/wp-content\/uploads\/2021\/10\/L1440646_SILU_-scaled-e1697714479286.jpg\",\"contentUrl\":\"https:\/\/keramamueblesdejardin.com\/wp-content\/uploads\/2021\/10\/L1440646_SILU_-scaled-e1697714479286.jpg\",\"width\":1200,\"height\":1200},{\"@type\":\"BreadcrumbList\",\"@id\":\"https:\/\/keramamueblesdejardin.com\/fr\/diner-en-plein-air\/ensemble-table-et-chaises-de-jardin\/conjunto-mesa-jardin-160-80x80-cm-y-4-sillas-aluminio-blanco-osaka\/#breadcrumb\",\"itemListElement\":[{\"@type\":\"ListItem\",\"position\":1,\"name\":\"Home\",\"item\":\"https:\/\/keramamueblesdejardin.com\/fr\/\"},{\"@type\":\"ListItem\",\"position\":2,\"name\":\"Boutique\",\"item\":\"https:\/\/keramamueblesdejardin.com\/tienda\/\"},{\"@type\":\"ListItem\",\"position\":3,\"name\":\"D\u00eener en plein air\",\"item\":\"https:\/\/keramamueblesdejardin.com\/fr\/diner-en-plein-air\/\"},{\"@type\":\"ListItem\",\"position\":4,\"name\":\"Ensemble table et chaises de jardin\",\"item\":\"https:\/\/keramamueblesdejardin.com\/fr\/diner-en-plein-air\/ensemble-table-et-chaises-de-jardin\/\"},{\"@type\":\"ListItem\",\"position\":5,\"name\":\"Table de jardin 160\/80&#215;80 cm et 4 chaises en aluminium blanc &#8211; Osaka\"}]},{\"@type\":\"WebSite\",\"@id\":\"https:\/\/keramamueblesdejardin.com\/fr\/#website\",\"url\":\"https:\/\/keramamueblesdejardin.com\/fr\/\",\"name\":\"Kerama\",\"description\":\"muebles de jard\u00edn\",\"publisher\":{\"@id\":\"https:\/\/keramamueblesdejardin.com\/fr\/#organization\"},\"potentialAction\":[{\"@type\":\"SearchAction\",\"target\":{\"@type\":\"EntryPoint\",\"urlTemplate\":\"https:\/\/keramamueblesdejardin.com\/fr\/?s={search_term_string}\"},\"query-input\":{\"@type\":\"PropertyValueSpecification\",\"valueRequired\":true,\"valueName\":\"search_term_string\"}}],\"inLanguage\":\"fr-FR\"},{\"@type\":\"Organization\",\"@id\":\"https:\/\/keramamueblesdejardin.com\/fr\/#organization\",\"name\":\"kerama\",\"url\":\"https:\/\/keramamueblesdejardin.com\/fr\/\",\"logo\":{\"@type\":\"ImageObject\",\"inLanguage\":\"fr-FR\",\"@id\":\"https:\/\/keramamueblesdejardin.com\/fr\/#\/schema\/logo\/image\/\",\"url\":\"https:\/\/keramamueblesdejardin.com\/wp-content\/uploads\/2020\/12\/k.-scaled.jpg\",\"contentUrl\":\"https:\/\/keramamueblesdejardin.com\/wp-content\/uploads\/2020\/12\/k.-scaled.jpg\",\"width\":2560,\"height\":551,\"caption\":\"kerama\"},\"image\":{\"@id\":\"https:\/\/keramamueblesdejardin.com\/fr\/#\/schema\/logo\/image\/\"},\"sameAs\":[\"https:\/\/www.facebook.com\/Kerama-Muebles-de-Jard\u00edn-106209328312568\/\"]}]}<\/script>\n<!-- \/ Yoast SEO plugin. -->","yoast_head_json":{"title":"Table de jardin 160\/80x80 cm et 4 chaises en aluminium blanc - Osaka - Kerama","robots":{"index":"index","follow":"follow","max-snippet":"max-snippet:-1","max-image-preview":"max-image-preview:large","max-video-preview":"max-video-preview:-1"},"canonical":"https:\/\/keramamueblesdejardin.com\/fr\/diner-en-plein-air\/ensemble-table-et-chaises-de-jardin\/conjunto-mesa-jardin-160-80x80-cm-y-4-sillas-aluminio-blanco-osaka\/","og_locale":"fr_FR","og_type":"article","og_title":"Table de jardin 160\/80x80 cm et 4 chaises en aluminium blanc - Osaka - Kerama","og_description":"Ensemble de jardin avec table et 4 chaises empilables Osaka  Table \u00e0 rallonge en aluminium blanc et lattes en polywood imitant le bois.  Chaises en aluminium blanc avec accoudoirs en imitation bois et coussins gris.  Dimensions de la table : 80\u00d780 cm (ferm\u00e9e) 160\u00d780 cm (\u00e9tendue)","og_url":"https:\/\/keramamueblesdejardin.com\/fr\/diner-en-plein-air\/ensemble-table-et-chaises-de-jardin\/conjunto-mesa-jardin-160-80x80-cm-y-4-sillas-aluminio-blanco-osaka\/","og_site_name":"Kerama","article_publisher":"https:\/\/www.facebook.com\/Kerama-Muebles-de-Jard%c3%adn-106209328312568\/","article_modified_time":"2026-02-10T19:06:46+00:00","og_image":[{"width":1200,"height":1200,"url":"https:\/\/keramamueblesdejardin.com\/wp-content\/uploads\/2021\/10\/L1440646_SILU_-scaled-e1697714479286.jpg","type":"image\/jpeg"}],"twitter_card":"summary_large_image","twitter_misc":{"Dur\u00e9e de lecture estim\u00e9e":"1 minute"},"schema":{"@context":"https:\/\/schema.org","@graph":[{"@type":"WebPage","@id":"https:\/\/keramamueblesdejardin.com\/fr\/diner-en-plein-air\/ensemble-table-et-chaises-de-jardin\/conjunto-mesa-jardin-160-80x80-cm-y-4-sillas-aluminio-blanco-osaka\/","url":"https:\/\/keramamueblesdejardin.com\/fr\/diner-en-plein-air\/ensemble-table-et-chaises-de-jardin\/conjunto-mesa-jardin-160-80x80-cm-y-4-sillas-aluminio-blanco-osaka\/","name":"Table de jardin 160\/80x80 cm et 4 chaises en aluminium blanc - Osaka - Kerama","isPartOf":{"@id":"https:\/\/keramamueblesdejardin.com\/fr\/#website"},"primaryImageOfPage":{"@id":"https:\/\/keramamueblesdejardin.com\/fr\/diner-en-plein-air\/ensemble-table-et-chaises-de-jardin\/conjunto-mesa-jardin-160-80x80-cm-y-4-sillas-aluminio-blanco-osaka\/#primaryimage"},"image":{"@id":"https:\/\/keramamueblesdejardin.com\/fr\/diner-en-plein-air\/ensemble-table-et-chaises-de-jardin\/conjunto-mesa-jardin-160-80x80-cm-y-4-sillas-aluminio-blanco-osaka\/#primaryimage"},"thumbnailUrl":"https:\/\/keramamueblesdejardin.com\/wp-content\/uploads\/2021\/10\/L1440646_SILU_-scaled-e1697714479286.jpg","datePublished":"2021-10-14T15:44:48+00:00","dateModified":"2026-02-10T19:06:46+00:00","breadcrumb":{"@id":"https:\/\/keramamueblesdejardin.com\/fr\/diner-en-plein-air\/ensemble-table-et-chaises-de-jardin\/conjunto-mesa-jardin-160-80x80-cm-y-4-sillas-aluminio-blanco-osaka\/#breadcrumb"},"inLanguage":"fr-FR","potentialAction":[{"@type":"ReadAction","target":["https:\/\/keramamueblesdejardin.com\/fr\/diner-en-plein-air\/ensemble-table-et-chaises-de-jardin\/conjunto-mesa-jardin-160-80x80-cm-y-4-sillas-aluminio-blanco-osaka\/"]}]},{"@type":"ImageObject","inLanguage":"fr-FR","@id":"https:\/\/keramamueblesdejardin.com\/fr\/diner-en-plein-air\/ensemble-table-et-chaises-de-jardin\/conjunto-mesa-jardin-160-80x80-cm-y-4-sillas-aluminio-blanco-osaka\/#primaryimage","url":"https:\/\/keramamueblesdejardin.com\/wp-content\/uploads\/2021\/10\/L1440646_SILU_-scaled-e1697714479286.jpg","contentUrl":"https:\/\/keramamueblesdejardin.com\/wp-content\/uploads\/2021\/10\/L1440646_SILU_-scaled-e1697714479286.jpg","width":1200,"height":1200},{"@type":"BreadcrumbList","@id":"https:\/\/keramamueblesdejardin.com\/fr\/diner-en-plein-air\/ensemble-table-et-chaises-de-jardin\/conjunto-mesa-jardin-160-80x80-cm-y-4-sillas-aluminio-blanco-osaka\/#breadcrumb","itemListElement":[{"@type":"ListItem","position":1,"name":"Home","item":"https:\/\/keramamueblesdejardin.com\/fr\/"},{"@type":"ListItem","position":2,"name":"Boutique","item":"https:\/\/keramamueblesdejardin.com\/tienda\/"},{"@type":"ListItem","position":3,"name":"D\u00eener en plein air","item":"https:\/\/keramamueblesdejardin.com\/fr\/diner-en-plein-air\/"},{"@type":"ListItem","position":4,"name":"Ensemble table et chaises de jardin","item":"https:\/\/keramamueblesdejardin.com\/fr\/diner-en-plein-air\/ensemble-table-et-chaises-de-jardin\/"},{"@type":"ListItem","position":5,"name":"Table de jardin 160\/80&#215;80 cm et 4 chaises en aluminium blanc &#8211; Osaka"}]},{"@type":"WebSite","@id":"https:\/\/keramamueblesdejardin.com\/fr\/#website","url":"https:\/\/keramamueblesdejardin.com\/fr\/","name":"Kerama","description":"muebles de jard\u00edn","publisher":{"@id":"https:\/\/keramamueblesdejardin.com\/fr\/#organization"},"potentialAction":[{"@type":"SearchAction","target":{"@type":"EntryPoint","urlTemplate":"https:\/\/keramamueblesdejardin.com\/fr\/?s={search_term_string}"},"query-input":{"@type":"PropertyValueSpecification","valueRequired":true,"valueName":"search_term_string"}}],"inLanguage":"fr-FR"},{"@type":"Organization","@id":"https:\/\/keramamueblesdejardin.com\/fr\/#organization","name":"kerama","url":"https:\/\/keramamueblesdejardin.com\/fr\/","logo":{"@type":"ImageObject","inLanguage":"fr-FR","@id":"https:\/\/keramamueblesdejardin.com\/fr\/#\/schema\/logo\/image\/","url":"https:\/\/keramamueblesdejardin.com\/wp-content\/uploads\/2020\/12\/k.-scaled.jpg","contentUrl":"https:\/\/keramamueblesdejardin.com\/wp-content\/uploads\/2020\/12\/k.-scaled.jpg","width":2560,"height":551,"caption":"kerama"},"image":{"@id":"https:\/\/keramamueblesdejardin.com\/fr\/#\/schema\/logo\/image\/"},"sameAs":["https:\/\/www.facebook.com\/Kerama-Muebles-de-Jard\u00edn-106209328312568\/"]}]}},"df_price":919,"df_sale_price":919,"df_regular_price":1130,"df_image_link":"https:\/\/keramamueblesdejardin.com\/wp-content\/uploads\/2021\/10\/L1440646_SILU_-300x300.jpg","custom_tabs":[{"title":"MESURES","id":"mesures","content":"<strong>Haut:<\/strong> Chaise 87 cm \/ Table 75 cm\n<strong>Largeur :<\/strong> Chaise 56,5 cm \/ Table 80 cm\n<strong>Profondeur :<\/strong> Chaise 54 cm \/ Table 80 cm (non d\u00e9ploy\u00e9e ) 160 cm ( \u00e9tendue )\n <strong>Hauteur de l\u2019assise :<\/strong> 50 cm\n<strong>Profondeur de l\u2019assise :<\/strong> 50 cm"},{"title":"D\u00c9BALLAGE ET MONTAGE","id":"deballage-et-montage","content":"<strong>Recommandations pour le d\u00e9ballage :<\/strong> Ne pas utiliser d'outils tranchants lors du d\u00e9ballage du meuble car cela pourrait l'endommager.\n<strong>Montage requis (O\/N) :<\/strong> Oui\n<strong>Difficult\u00e9 de montage :<\/strong> faible\n<strong>Temps de montage :<\/strong> 20 minutes\n<strong>Personnes recommand\u00e9es pour le montage :<\/strong> 2\n<strong>Suggestions de montage :<\/strong> Pr\u00e9parez une zone de montage propre et s\u00e8che, v\u00e9rifiez qu'aucune des pi\u00e8ces list\u00e9es dans le manuel ne manque. Nous recommandons l'utilisation de gants appropri\u00e9s pour le montage. N'utilisez que les pi\u00e8ces et les raccords fournis. Nous ne recommandons PAS l'option d'achat avec montage pour cet article car la difficult\u00e9 de montage est tr\u00e8s faible."},{"title":"ENTRETIEN ET GARANTIES","id":"entretien-et-garanties","content":"<strong>Recommandations g\u00e9n\u00e9rales :<\/strong>\n\u2022 Les d\u00e9faillances ou dommages caus\u00e9s par :\n \u2022 Les causes accidentelles telles que des chutes, des coups, des d\u00e9versements de liquides, l\u2019introduction de corps \u00e9trangers, ainsi que toute autre force majeure sont exclus de la garantie.\n\u2022 Utilisation n\u00e9gligente, inappropri\u00e9e ou non domestique, ne respectant pas les instructions d\u2019utilisation.\n\u2022 Dommages, corrosion et\/ou oxydation acc\u00e9l\u00e9r\u00e9s par des conditions environnementales d\u00e9favorables\n\u2022 Taches et d\u00e9colorations dues au non-respect de nos instructions de nettoyage\n\u2022 Dommages survenant lors de l\u2019assemblage et de la manipulation sans respect des instructions indiqu\u00e9es.\n\n<strong>Instructions d\u2019utilisation et d\u2019entretien :<\/strong>\n\u2022 Les jours ensoleill\u00e9s, utilisez une housse de table, notamment avec des verres, verres et r\u00e9cipients en verre, car cela amplifie la temp\u00e9rature du soleil et peut faire fondre le polystyr\u00e8ne. \u00c9vitez tout type de couverture qui pourrait g\u00e9n\u00e9rer le m\u00eame effet.\n\u2022 Nettoyez doucement \u00e0 l\u2019aide d\u2019un chiffon ou utilisez un savon liquide neutre, en rin\u00e7ant avec beaucoup d\u2019eau.\n\u2022 Retirer r\u00e9guli\u00e8rement la poussi\u00e8re \u00e0 l\u2019aide d\u2019un chiffon doux et d\u2019eau claire.\n\u2022 N\u2019utilisez pas de d\u00e9tergents ni de produits abrasifs pour le nettoyage.\n\u2022 Apr\u00e8s la pluie, s\u00e9cher la table avec un linge propre pour \u00e9viter les\n taches. \u2022 Prot\u00e9ger avec une nappe respirante ou une housse protectrice\n<strong>Ann\u00e9es de garantie :<\/strong> 3 ans\n<strong>Fabriqu\u00e9 conform\u00e9ment \u00e0 la norme :<\/strong> 581-1,581-2,581-3"}],"_links":{"self":[{"href":"https:\/\/keramamueblesdejardin.com\/fr\/wp-json\/wp\/v2\/product\/64034","targetHints":{"allow":["GET"]}}],"collection":[{"href":"https:\/\/keramamueblesdejardin.com\/fr\/wp-json\/wp\/v2\/product"}],"about":[{"href":"https:\/\/keramamueblesdejardin.com\/fr\/wp-json\/wp\/v2\/types\/product"}],"replies":[{"embeddable":true,"href":"https:\/\/keramamueblesdejardin.com\/fr\/wp-json\/wp\/v2\/comments?post=64034"}],"wp:featuredmedia":[{"embeddable":true,"href":"https:\/\/keramamueblesdejardin.com\/fr\/wp-json\/wp\/v2\/media\/55154"}],"wp:attachment":[{"href":"https:\/\/keramamueblesdejardin.com\/fr\/wp-json\/wp\/v2\/media?parent=64034"}],"wp:term":[{"taxonomy":"product_brand","embeddable":true,"href":"https:\/\/keramamueblesdejardin.com\/fr\/wp-json\/wp\/v2\/product_brand?post=64034"},{"taxonomy":"product_cat","embeddable":true,"href":"https:\/\/keramamueblesdejardin.com\/fr\/wp-json\/wp\/v2\/product_cat?post=64034"},{"taxonomy":"product_tag","embeddable":true,"href":"https:\/\/keramamueblesdejardin.com\/fr\/wp-json\/wp\/v2\/product_tag?post=64034"}],"curies":[{"name":"wp","href":"https:\/\/api.w.org\/{rel}","templated":true}]}}