{"id":64029,"date":"2021-10-14T17:44:48","date_gmt":"2021-10-14T15:44:48","guid":{"rendered":"https:\/\/keramamueblesdejardin.com\/non%20class\u00e9\/lot-de-4-chaises-empilables-en-aluminium-anthracite-et-rembourrees-en-textilene-osaka\/"},"modified":"2023-08-29T14:40:43","modified_gmt":"2023-08-29T12:40:43","slug":"pack-de-4-chaises-empilables-aluminium-anthracite-et-textile-upholstered-osaka","status":"publish","type":"product","link":"https:\/\/keramamueblesdejardin.com\/fr\/diner-en-plein-air\/chaises-de-jardin\/pack-de-4-chaises-empilables-aluminium-anthracite-et-textile-upholstered-osaka\/","title":{"rendered":"Lot de 4 chaises empilables, en aluminium anthracite et rembourr\u00e9es en textil\u00e8ne &#8211; Osaka"},"content":{"rendered":"<p><span style=\"font-weight: 400;\">Le site <\/span><b>lot de 4 chaises de jardin Osaka anthracite<\/b><span style=\"font-weight: 400;\">  est fabriqu\u00e9 en aluminium de couleur anthracite et en textil\u00e8ne rembourr\u00e9 de couleur sombre. En plus d&rsquo;\u00eatre tr\u00e8s confortable gr\u00e2ce \u00e0 ses accoudoirs et \u00e0 son assise et son dossier rembourr\u00e9s, elle est empilable, ce qui r\u00e9duit consid\u00e9rablement l&rsquo;espace de rangement, et la chaise est tr\u00e8s l\u00e9g\u00e8re.<\/span><\/p>\n<p><span style=\"font-weight: 400;\">Vous pouvez <\/span><b>combiner cette chaise avec d&rsquo;autres produits de la<\/b><a href=\"https:\/\/keramamueblesdejardin.com\/etiqueta\/osaka\/\" target=\"_blank\" rel=\"noopener\"> <b>Famille Osaka<\/b><\/a><span style=\"font-weight: 400;\">.<\/span><\/p>\n<p><span style=\"font-weight: 400;\">Consultez notre<\/span><a href=\"https:\/\/keramamueblesdejardin.com\/comedores-exterior\/conjunto-mesa-y-sillas-jardin\/\" target=\"_blank\" rel=\"noopener\"> <b>ensembles de tables et de chaises de jardin.<\/b><\/a><\/p>\n","protected":false},"excerpt":{"rendered":"<ul>\n<li>Pack de 4 chaises d\u2019ext\u00e9rieur empilables<\/li>\n<li>Structure en aluminium anthracite et assise et dossier en textile rembourr\u00e9<\/li>\n<li>Accoudoirs en bois plastique (sans entretien)<\/li>\n<li>Vous pouvez les combiner avec les autres \u00e9l\u00e9ments de la famille de produits Osaka.<\/li>\n<\/ul>\n","protected":false},"featured_media":59770,"comment_status":"closed","ping_status":"closed","template":"","meta":{"_acf_changed":false},"product_brand":[],"product_cat":[593,578],"product_tag":[565,567,596,573,577],"class_list":{"0":"post-64029","1":"product","2":"type-product","3":"status-publish","4":"has-post-thumbnail","6":"product_cat-chaises-de-jardin","7":"product_cat-diner-en-plein-air","8":"product_tag-aluminium","9":"product_tag-grands-espaces","10":"product_tag-osaka-fr","11":"product_tag-petits-espaces","12":"product_tag-tokyo-fr","13":"product_shipping_class-envio-gratuito-fr","14":"pa_asientos-4-fr-2","15":"pa_caracteristicas-accoudoirs","16":"pa_caracteristicas-empilable","17":"pa_caracteristicas-resistant-a-l-eau","18":"pa_coleccion-osaka-fr","19":"pa_material-aluminio-fr","20":"pa_material-imitation-bois","21":"pa_material-textileno-fr","23":"first","24":"instock","25":"sale","26":"purchasable","27":"product-type-simple","28":"add-to-wishlist-before_image"},"acf":[],"yoast_head":"<!-- This site is optimized with the Yoast SEO plugin v27.2 - https:\/\/yoast.com\/product\/yoast-seo-wordpress\/ -->\n<title>Lot de 4 chaises empilables, en aluminium anthracite et rembourr\u00e9es en textil\u00e8ne - Osaka - Kerama<\/title>\n<meta name=\"robots\" content=\"index, follow, max-snippet:-1, max-image-preview:large, max-video-preview:-1\" \/>\n<link rel=\"canonical\" href=\"https:\/\/keramamueblesdejardin.com\/fr\/diner-en-plein-air\/chaises-de-jardin\/pack-de-4-chaises-empilables-aluminium-anthracite-et-textile-upholstered-osaka\/\" \/>\n<meta property=\"og:locale\" content=\"fr_FR\" \/>\n<meta property=\"og:type\" content=\"article\" \/>\n<meta property=\"og:title\" content=\"Lot de 4 chaises empilables, en aluminium anthracite et rembourr\u00e9es en textil\u00e8ne - Osaka - Kerama\" \/>\n<meta property=\"og:description\" content=\"Pack de 4 chaises d\u2019ext\u00e9rieur empilables  Structure en aluminium anthracite et assise et dossier en textile rembourr\u00e9  Accoudoirs en bois plastique (sans entretien)  Vous pouvez les combiner avec les autres \u00e9l\u00e9ments de la famille de produits Osaka.\" \/>\n<meta property=\"og:url\" content=\"https:\/\/keramamueblesdejardin.com\/fr\/diner-en-plein-air\/chaises-de-jardin\/pack-de-4-chaises-empilables-aluminium-anthracite-et-textile-upholstered-osaka\/\" \/>\n<meta property=\"og:site_name\" content=\"Kerama\" \/>\n<meta property=\"article:publisher\" content=\"https:\/\/www.facebook.com\/Kerama-Muebles-de-Jard%c3%adn-106209328312568\/\" \/>\n<meta property=\"article:modified_time\" content=\"2023-08-29T12:40:43+00:00\" \/>\n<meta property=\"og:image\" content=\"https:\/\/keramamueblesdejardin.com\/wp-content\/uploads\/2021\/11\/osaka-antra-tex-x4-e1697018608778.jpg\" \/>\n\t<meta property=\"og:image:width\" content=\"1200\" \/>\n\t<meta property=\"og:image:height\" content=\"1200\" \/>\n\t<meta property=\"og:image:type\" content=\"image\/jpeg\" \/>\n<meta name=\"twitter:card\" content=\"summary_large_image\" \/>\n<script type=\"application\/ld+json\" class=\"yoast-schema-graph\">{\"@context\":\"https:\/\/schema.org\",\"@graph\":[{\"@type\":\"WebPage\",\"@id\":\"https:\/\/keramamueblesdejardin.com\/fr\/diner-en-plein-air\/chaises-de-jardin\/pack-de-4-chaises-empilables-aluminium-anthracite-et-textile-upholstered-osaka\/\",\"url\":\"https:\/\/keramamueblesdejardin.com\/fr\/diner-en-plein-air\/chaises-de-jardin\/pack-de-4-chaises-empilables-aluminium-anthracite-et-textile-upholstered-osaka\/\",\"name\":\"Lot de 4 chaises empilables, en aluminium anthracite et rembourr\u00e9es en textil\u00e8ne - Osaka - Kerama\",\"isPartOf\":{\"@id\":\"https:\/\/keramamueblesdejardin.com\/fr\/#website\"},\"primaryImageOfPage\":{\"@id\":\"https:\/\/keramamueblesdejardin.com\/fr\/diner-en-plein-air\/chaises-de-jardin\/pack-de-4-chaises-empilables-aluminium-anthracite-et-textile-upholstered-osaka\/#primaryimage\"},\"image\":{\"@id\":\"https:\/\/keramamueblesdejardin.com\/fr\/diner-en-plein-air\/chaises-de-jardin\/pack-de-4-chaises-empilables-aluminium-anthracite-et-textile-upholstered-osaka\/#primaryimage\"},\"thumbnailUrl\":\"https:\/\/keramamueblesdejardin.com\/wp-content\/uploads\/2021\/11\/osaka-antra-tex-x4-e1697018608778.jpg\",\"datePublished\":\"2021-10-14T15:44:48+00:00\",\"dateModified\":\"2023-08-29T12:40:43+00:00\",\"breadcrumb\":{\"@id\":\"https:\/\/keramamueblesdejardin.com\/fr\/diner-en-plein-air\/chaises-de-jardin\/pack-de-4-chaises-empilables-aluminium-anthracite-et-textile-upholstered-osaka\/#breadcrumb\"},\"inLanguage\":\"fr-FR\",\"potentialAction\":[{\"@type\":\"ReadAction\",\"target\":[\"https:\/\/keramamueblesdejardin.com\/fr\/diner-en-plein-air\/chaises-de-jardin\/pack-de-4-chaises-empilables-aluminium-anthracite-et-textile-upholstered-osaka\/\"]}]},{\"@type\":\"ImageObject\",\"inLanguage\":\"fr-FR\",\"@id\":\"https:\/\/keramamueblesdejardin.com\/fr\/diner-en-plein-air\/chaises-de-jardin\/pack-de-4-chaises-empilables-aluminium-anthracite-et-textile-upholstered-osaka\/#primaryimage\",\"url\":\"https:\/\/keramamueblesdejardin.com\/wp-content\/uploads\/2021\/11\/osaka-antra-tex-x4-e1697018608778.jpg\",\"contentUrl\":\"https:\/\/keramamueblesdejardin.com\/wp-content\/uploads\/2021\/11\/osaka-antra-tex-x4-e1697018608778.jpg\",\"width\":1200,\"height\":1200},{\"@type\":\"BreadcrumbList\",\"@id\":\"https:\/\/keramamueblesdejardin.com\/fr\/diner-en-plein-air\/chaises-de-jardin\/pack-de-4-chaises-empilables-aluminium-anthracite-et-textile-upholstered-osaka\/#breadcrumb\",\"itemListElement\":[{\"@type\":\"ListItem\",\"position\":1,\"name\":\"Home\",\"item\":\"https:\/\/keramamueblesdejardin.com\/fr\/\"},{\"@type\":\"ListItem\",\"position\":2,\"name\":\"Boutique\",\"item\":\"https:\/\/keramamueblesdejardin.com\/tienda\/\"},{\"@type\":\"ListItem\",\"position\":3,\"name\":\"D\u00eener en plein air\",\"item\":\"https:\/\/keramamueblesdejardin.com\/fr\/diner-en-plein-air\/\"},{\"@type\":\"ListItem\",\"position\":4,\"name\":\"Chaises de jardin\",\"item\":\"https:\/\/keramamueblesdejardin.com\/fr\/diner-en-plein-air\/chaises-de-jardin\/\"},{\"@type\":\"ListItem\",\"position\":5,\"name\":\"Lot de 4 chaises empilables, en aluminium anthracite et rembourr\u00e9es en textil\u00e8ne &#8211; Osaka\"}]},{\"@type\":\"WebSite\",\"@id\":\"https:\/\/keramamueblesdejardin.com\/fr\/#website\",\"url\":\"https:\/\/keramamueblesdejardin.com\/fr\/\",\"name\":\"Kerama\",\"description\":\"muebles de jard\u00edn\",\"publisher\":{\"@id\":\"https:\/\/keramamueblesdejardin.com\/fr\/#organization\"},\"potentialAction\":[{\"@type\":\"SearchAction\",\"target\":{\"@type\":\"EntryPoint\",\"urlTemplate\":\"https:\/\/keramamueblesdejardin.com\/fr\/?s={search_term_string}\"},\"query-input\":{\"@type\":\"PropertyValueSpecification\",\"valueRequired\":true,\"valueName\":\"search_term_string\"}}],\"inLanguage\":\"fr-FR\"},{\"@type\":\"Organization\",\"@id\":\"https:\/\/keramamueblesdejardin.com\/fr\/#organization\",\"name\":\"kerama\",\"url\":\"https:\/\/keramamueblesdejardin.com\/fr\/\",\"logo\":{\"@type\":\"ImageObject\",\"inLanguage\":\"fr-FR\",\"@id\":\"https:\/\/keramamueblesdejardin.com\/fr\/#\/schema\/logo\/image\/\",\"url\":\"https:\/\/keramamueblesdejardin.com\/wp-content\/uploads\/2020\/12\/k.-scaled.jpg\",\"contentUrl\":\"https:\/\/keramamueblesdejardin.com\/wp-content\/uploads\/2020\/12\/k.-scaled.jpg\",\"width\":2560,\"height\":551,\"caption\":\"kerama\"},\"image\":{\"@id\":\"https:\/\/keramamueblesdejardin.com\/fr\/#\/schema\/logo\/image\/\"},\"sameAs\":[\"https:\/\/www.facebook.com\/Kerama-Muebles-de-Jard\u00edn-106209328312568\/\"]}]}<\/script>\n<!-- \/ Yoast SEO plugin. -->","yoast_head_json":{"title":"Lot de 4 chaises empilables, en aluminium anthracite et rembourr\u00e9es en textil\u00e8ne - Osaka - Kerama","robots":{"index":"index","follow":"follow","max-snippet":"max-snippet:-1","max-image-preview":"max-image-preview:large","max-video-preview":"max-video-preview:-1"},"canonical":"https:\/\/keramamueblesdejardin.com\/fr\/diner-en-plein-air\/chaises-de-jardin\/pack-de-4-chaises-empilables-aluminium-anthracite-et-textile-upholstered-osaka\/","og_locale":"fr_FR","og_type":"article","og_title":"Lot de 4 chaises empilables, en aluminium anthracite et rembourr\u00e9es en textil\u00e8ne - Osaka - Kerama","og_description":"Pack de 4 chaises d\u2019ext\u00e9rieur empilables  Structure en aluminium anthracite et assise et dossier en textile rembourr\u00e9  Accoudoirs en bois plastique (sans entretien)  Vous pouvez les combiner avec les autres \u00e9l\u00e9ments de la famille de produits Osaka.","og_url":"https:\/\/keramamueblesdejardin.com\/fr\/diner-en-plein-air\/chaises-de-jardin\/pack-de-4-chaises-empilables-aluminium-anthracite-et-textile-upholstered-osaka\/","og_site_name":"Kerama","article_publisher":"https:\/\/www.facebook.com\/Kerama-Muebles-de-Jard%c3%adn-106209328312568\/","article_modified_time":"2023-08-29T12:40:43+00:00","og_image":[{"width":1200,"height":1200,"url":"https:\/\/keramamueblesdejardin.com\/wp-content\/uploads\/2021\/11\/osaka-antra-tex-x4-e1697018608778.jpg","type":"image\/jpeg"}],"twitter_card":"summary_large_image","schema":{"@context":"https:\/\/schema.org","@graph":[{"@type":"WebPage","@id":"https:\/\/keramamueblesdejardin.com\/fr\/diner-en-plein-air\/chaises-de-jardin\/pack-de-4-chaises-empilables-aluminium-anthracite-et-textile-upholstered-osaka\/","url":"https:\/\/keramamueblesdejardin.com\/fr\/diner-en-plein-air\/chaises-de-jardin\/pack-de-4-chaises-empilables-aluminium-anthracite-et-textile-upholstered-osaka\/","name":"Lot de 4 chaises empilables, en aluminium anthracite et rembourr\u00e9es en textil\u00e8ne - Osaka - Kerama","isPartOf":{"@id":"https:\/\/keramamueblesdejardin.com\/fr\/#website"},"primaryImageOfPage":{"@id":"https:\/\/keramamueblesdejardin.com\/fr\/diner-en-plein-air\/chaises-de-jardin\/pack-de-4-chaises-empilables-aluminium-anthracite-et-textile-upholstered-osaka\/#primaryimage"},"image":{"@id":"https:\/\/keramamueblesdejardin.com\/fr\/diner-en-plein-air\/chaises-de-jardin\/pack-de-4-chaises-empilables-aluminium-anthracite-et-textile-upholstered-osaka\/#primaryimage"},"thumbnailUrl":"https:\/\/keramamueblesdejardin.com\/wp-content\/uploads\/2021\/11\/osaka-antra-tex-x4-e1697018608778.jpg","datePublished":"2021-10-14T15:44:48+00:00","dateModified":"2023-08-29T12:40:43+00:00","breadcrumb":{"@id":"https:\/\/keramamueblesdejardin.com\/fr\/diner-en-plein-air\/chaises-de-jardin\/pack-de-4-chaises-empilables-aluminium-anthracite-et-textile-upholstered-osaka\/#breadcrumb"},"inLanguage":"fr-FR","potentialAction":[{"@type":"ReadAction","target":["https:\/\/keramamueblesdejardin.com\/fr\/diner-en-plein-air\/chaises-de-jardin\/pack-de-4-chaises-empilables-aluminium-anthracite-et-textile-upholstered-osaka\/"]}]},{"@type":"ImageObject","inLanguage":"fr-FR","@id":"https:\/\/keramamueblesdejardin.com\/fr\/diner-en-plein-air\/chaises-de-jardin\/pack-de-4-chaises-empilables-aluminium-anthracite-et-textile-upholstered-osaka\/#primaryimage","url":"https:\/\/keramamueblesdejardin.com\/wp-content\/uploads\/2021\/11\/osaka-antra-tex-x4-e1697018608778.jpg","contentUrl":"https:\/\/keramamueblesdejardin.com\/wp-content\/uploads\/2021\/11\/osaka-antra-tex-x4-e1697018608778.jpg","width":1200,"height":1200},{"@type":"BreadcrumbList","@id":"https:\/\/keramamueblesdejardin.com\/fr\/diner-en-plein-air\/chaises-de-jardin\/pack-de-4-chaises-empilables-aluminium-anthracite-et-textile-upholstered-osaka\/#breadcrumb","itemListElement":[{"@type":"ListItem","position":1,"name":"Home","item":"https:\/\/keramamueblesdejardin.com\/fr\/"},{"@type":"ListItem","position":2,"name":"Boutique","item":"https:\/\/keramamueblesdejardin.com\/tienda\/"},{"@type":"ListItem","position":3,"name":"D\u00eener en plein air","item":"https:\/\/keramamueblesdejardin.com\/fr\/diner-en-plein-air\/"},{"@type":"ListItem","position":4,"name":"Chaises de jardin","item":"https:\/\/keramamueblesdejardin.com\/fr\/diner-en-plein-air\/chaises-de-jardin\/"},{"@type":"ListItem","position":5,"name":"Lot de 4 chaises empilables, en aluminium anthracite et rembourr\u00e9es en textil\u00e8ne &#8211; Osaka"}]},{"@type":"WebSite","@id":"https:\/\/keramamueblesdejardin.com\/fr\/#website","url":"https:\/\/keramamueblesdejardin.com\/fr\/","name":"Kerama","description":"muebles de jard\u00edn","publisher":{"@id":"https:\/\/keramamueblesdejardin.com\/fr\/#organization"},"potentialAction":[{"@type":"SearchAction","target":{"@type":"EntryPoint","urlTemplate":"https:\/\/keramamueblesdejardin.com\/fr\/?s={search_term_string}"},"query-input":{"@type":"PropertyValueSpecification","valueRequired":true,"valueName":"search_term_string"}}],"inLanguage":"fr-FR"},{"@type":"Organization","@id":"https:\/\/keramamueblesdejardin.com\/fr\/#organization","name":"kerama","url":"https:\/\/keramamueblesdejardin.com\/fr\/","logo":{"@type":"ImageObject","inLanguage":"fr-FR","@id":"https:\/\/keramamueblesdejardin.com\/fr\/#\/schema\/logo\/image\/","url":"https:\/\/keramamueblesdejardin.com\/wp-content\/uploads\/2020\/12\/k.-scaled.jpg","contentUrl":"https:\/\/keramamueblesdejardin.com\/wp-content\/uploads\/2020\/12\/k.-scaled.jpg","width":2560,"height":551,"caption":"kerama"},"image":{"@id":"https:\/\/keramamueblesdejardin.com\/fr\/#\/schema\/logo\/image\/"},"sameAs":["https:\/\/www.facebook.com\/Kerama-Muebles-de-Jard\u00edn-106209328312568\/"]}]}},"df_price":419,"df_sale_price":419,"df_regular_price":514,"df_image_link":"https:\/\/keramamueblesdejardin.com\/wp-content\/uploads\/2021\/11\/osaka-antra-tex-x4-300x300.jpg","custom_tabs":[{"title":"MESURES","id":"mesures","content":"<div class=\"list\"><strong style=\"font-weight: bold; color: #282828;\">Hauteur :<\/strong><span style=\"color: #282828;\"> 86 cm<\/span><br style=\"color: #282828;\"><strong style=\"font-weight: bold; color: #282828;\">Largeur :<\/strong><span style=\"color: #282828;\"> 57 cm<\/span><br style=\"color: #282828;\"><strong style=\"font-weight: bold; color: #282828;\">Profondeur :<\/strong><span style=\"color: #282828;\"> 65 cm<\/span><br style=\"color: #282828;\"><strong style=\"font-weight: bold; color: #282828;\">Hauteur du si\u00e8ge :<\/strong><span style=\"color: #282828;\"> 45 cm<\/span><br style=\"color: #282828;\"><strong style=\"font-weight: bold; color: #282828;\">Profondeur de l'assise :<\/strong><span style=\"color: #282828;\"> 55 cm<\/span><\/div>"},{"title":"D\u00c9BALLAGE ET MONTAGE","id":"deballage-et-montage","content":"<div class=\"list\"><strong style=\"font-weight: bold; color: #282828;\">Recommandations pour le d\u00e9ballage :<\/strong><span style=\"color: #282828;\"> N'utilisez pas d'outils tranchants lors du d\u00e9ballage du meuble, car cela pourrait l'endommager.<\/span><br style=\"color: #282828;\"><strong style=\"font-weight: bold; color: #282828;\">Montage requis (O\/N) :<\/strong><span style=\"color: #282828;\"> Non<\/span><\/div>"},{"title":"ENTRETIEN ET GARANTIES","id":"entretien-et-garanties","content":"<div class=\"moz-signature\">\n<div class=\"list\"><strong>Recommandations g\u00e9n\u00e9rales :<\/strong>\n- Les d\u00e9faillances ou les dommages caus\u00e9s par les \u00e9l\u00e9ments suivants sont exclus de la garantie :\n- Les causes accidentelles telles que chutes, coups, d\u00e9versement de liquides, introduction de corps \u00e9trangers, ainsi que toute autre force majeure.\n- Utilisation n\u00e9gligente, inappropri\u00e9e ou non domestique.\n- Dommages, corrosion et\/ou oxydation acc\u00e9l\u00e9r\u00e9s par des conditions environnementales d\u00e9favorables.\n- Taches et d\u00e9coloration dues au non-respect de nos instructions de nettoyage.\n- Dommages survenus lors du montage et de la manipulation sans respecter les instructions de montage.\n<strong>Instructions d'utilisation et d'entretien :<\/strong>\n- Essuyez doucement avec un chiffon ou utilisez un savon liquide neutre, puis rincez abondamment \u00e0 l'eau.\n- Enlevez r\u00e9guli\u00e8rement la poussi\u00e8re avec un chiffon doux et de l'eau claire.\n- N'utilisez pas de d\u00e9tergents ou de produits abrasifs pour le nettoyage.\n<strong>Ann\u00e9es de garantie :<\/strong> 3 ans\n<strong>Fabriqu\u00e9 conform\u00e9ment \u00e0 la norme :<\/strong> 581-1,581-2,581-3<\/div>\n<\/div>"}],"_links":{"self":[{"href":"https:\/\/keramamueblesdejardin.com\/fr\/wp-json\/wp\/v2\/product\/64029","targetHints":{"allow":["GET"]}}],"collection":[{"href":"https:\/\/keramamueblesdejardin.com\/fr\/wp-json\/wp\/v2\/product"}],"about":[{"href":"https:\/\/keramamueblesdejardin.com\/fr\/wp-json\/wp\/v2\/types\/product"}],"replies":[{"embeddable":true,"href":"https:\/\/keramamueblesdejardin.com\/fr\/wp-json\/wp\/v2\/comments?post=64029"}],"wp:featuredmedia":[{"embeddable":true,"href":"https:\/\/keramamueblesdejardin.com\/fr\/wp-json\/wp\/v2\/media\/59770"}],"wp:attachment":[{"href":"https:\/\/keramamueblesdejardin.com\/fr\/wp-json\/wp\/v2\/media?parent=64029"}],"wp:term":[{"taxonomy":"product_brand","embeddable":true,"href":"https:\/\/keramamueblesdejardin.com\/fr\/wp-json\/wp\/v2\/product_brand?post=64029"},{"taxonomy":"product_cat","embeddable":true,"href":"https:\/\/keramamueblesdejardin.com\/fr\/wp-json\/wp\/v2\/product_cat?post=64029"},{"taxonomy":"product_tag","embeddable":true,"href":"https:\/\/keramamueblesdejardin.com\/fr\/wp-json\/wp\/v2\/product_tag?post=64029"}],"curies":[{"name":"wp","href":"https:\/\/api.w.org\/{rel}","templated":true}]}}