{"id":64025,"date":"2021-10-14T17:44:48","date_gmt":"2021-10-14T15:44:48","guid":{"rendered":"https:\/\/keramamueblesdejardin.com\/non%20class\u00e9\/lot-de-6-chaises-empilables-en-aluminium-anthracite-avec-textilene-rembourre-osaka\/"},"modified":"2024-10-21T15:54:24","modified_gmt":"2024-10-21T13:54:24","slug":"pack-de-6-chaises-empilables-aluminium-anthracite-et-textile-upholstered-osaka","status":"publish","type":"product","link":"https:\/\/keramamueblesdejardin.com\/fr\/diner-en-plein-air\/chaises-de-jardin\/pack-de-6-chaises-empilables-aluminium-anthracite-et-textile-upholstered-osaka\/","title":{"rendered":"Lot de 6 chaises empilables en aluminium anthracite avec textil\u00e8ne rembourr\u00e9 &#8211; Osaka"},"content":{"rendered":"<p><span style=\"font-weight: 400;\">Le site <\/span><b>lot de 6 chaises de jardin Osaka anthracite<\/b><span style=\"font-weight: 400;\">  est fabriqu\u00e9 en aluminium de couleur anthracite et en textil\u00e8ne rembourr\u00e9 de couleur sombre. En plus d&rsquo;\u00eatre tr\u00e8s confortable gr\u00e2ce \u00e0 ses accoudoirs et \u00e0 son assise et son dossier rembourr\u00e9s, elle est empilable, ce qui r\u00e9duit consid\u00e9rablement l&rsquo;espace de rangement, et la chaise est tr\u00e8s l\u00e9g\u00e8re.<\/span><\/p>\n<p><span style=\"font-weight: 400;\">Vous pouvez <\/span><b>combiner cette chaise avec d&rsquo;autres produits de la<\/b><a href=\"https:\/\/keramamueblesdejardin.com\/etiqueta\/osaka\/\" target=\"_blank\" rel=\"noopener\"> <b>Famille Osaka<\/b><\/a><span style=\"font-weight: 400;\">.<\/span><\/p>\n<p><span style=\"font-weight: 400;\">Consultez notre<\/span><a href=\"https:\/\/keramamueblesdejardin.com\/comedores-exterior\/conjunto-mesa-y-sillas-jardin\/\" target=\"_blank\" rel=\"noopener\"> <b>ensembles de tables et de chaises de jardin.<\/b><\/a><\/p>\n","protected":false},"excerpt":{"rendered":"<ul>\n<li>Lot de chaises empilables en aluminium anthracite<\/li>\n<li>Accoudoirs en textilene imitation bois et rembourr\u00e9s anthracite<\/li>\n<li>Vous pouvez le combiner avec d&rsquo;autres \u00e9l\u00e9ments de la famille Osaka.<\/li>\n<\/ul>\n","protected":false},"featured_media":59772,"comment_status":"closed","ping_status":"closed","template":"","meta":{"_acf_changed":false},"product_brand":[],"product_cat":[593,578],"product_tag":[565,567,596,573,577],"class_list":{"0":"post-64025","1":"product","2":"type-product","3":"status-publish","4":"has-post-thumbnail","6":"product_cat-chaises-de-jardin","7":"product_cat-diner-en-plein-air","8":"product_tag-aluminium","9":"product_tag-grands-espaces","10":"product_tag-osaka-fr","11":"product_tag-petits-espaces","12":"product_tag-tokyo-fr","13":"product_shipping_class-envio-gratuito-fr","14":"pa_asientos-6-fr","15":"pa_caracteristicas-accoudoirs","16":"pa_caracteristicas-empilable","17":"pa_caracteristicas-resistant-a-l-eau","18":"pa_coleccion-osaka-fr","19":"pa_material-aluminio-fr","20":"pa_material-imitation-bois","21":"pa_material-textileno-fr","23":"first","24":"instock","25":"sale","26":"purchasable","27":"product-type-simple","28":"add-to-wishlist-before_image"},"acf":[],"yoast_head":"<!-- This site is optimized with the Yoast SEO plugin v27.2 - https:\/\/yoast.com\/product\/yoast-seo-wordpress\/ -->\n<title>Lot de 6 chaises empilables en aluminium anthracite avec textil\u00e8ne rembourr\u00e9 - Osaka - Kerama<\/title>\n<meta name=\"robots\" content=\"index, follow, max-snippet:-1, max-image-preview:large, max-video-preview:-1\" \/>\n<link rel=\"canonical\" href=\"https:\/\/keramamueblesdejardin.com\/fr\/diner-en-plein-air\/chaises-de-jardin\/pack-de-6-chaises-empilables-aluminium-anthracite-et-textile-upholstered-osaka\/\" \/>\n<meta property=\"og:locale\" content=\"fr_FR\" \/>\n<meta property=\"og:type\" content=\"article\" \/>\n<meta property=\"og:title\" content=\"Lot de 6 chaises empilables en aluminium anthracite avec textil\u00e8ne rembourr\u00e9 - Osaka - Kerama\" \/>\n<meta property=\"og:description\" content=\"Lot de chaises empilables en aluminium anthracite  Accoudoirs en textilene imitation bois et rembourr\u00e9s anthracite  Vous pouvez le combiner avec d&#039;autres \u00e9l\u00e9ments de la famille Osaka.\" \/>\n<meta property=\"og:url\" content=\"https:\/\/keramamueblesdejardin.com\/fr\/diner-en-plein-air\/chaises-de-jardin\/pack-de-6-chaises-empilables-aluminium-anthracite-et-textile-upholstered-osaka\/\" \/>\n<meta property=\"og:site_name\" content=\"Kerama\" \/>\n<meta property=\"article:publisher\" content=\"https:\/\/www.facebook.com\/Kerama-Muebles-de-Jard%c3%adn-106209328312568\/\" \/>\n<meta property=\"article:modified_time\" content=\"2024-10-21T13:54:24+00:00\" \/>\n<meta property=\"og:image\" content=\"https:\/\/keramamueblesdejardin.com\/wp-content\/uploads\/2021\/11\/osaka-antra-tex-x6-e1697018591242.jpg\" \/>\n\t<meta property=\"og:image:width\" content=\"1200\" \/>\n\t<meta property=\"og:image:height\" content=\"1200\" \/>\n\t<meta property=\"og:image:type\" content=\"image\/jpeg\" \/>\n<meta name=\"twitter:card\" content=\"summary_large_image\" \/>\n<script type=\"application\/ld+json\" class=\"yoast-schema-graph\">{\"@context\":\"https:\/\/schema.org\",\"@graph\":[{\"@type\":\"WebPage\",\"@id\":\"https:\/\/keramamueblesdejardin.com\/fr\/diner-en-plein-air\/chaises-de-jardin\/pack-de-6-chaises-empilables-aluminium-anthracite-et-textile-upholstered-osaka\/\",\"url\":\"https:\/\/keramamueblesdejardin.com\/fr\/diner-en-plein-air\/chaises-de-jardin\/pack-de-6-chaises-empilables-aluminium-anthracite-et-textile-upholstered-osaka\/\",\"name\":\"Lot de 6 chaises empilables en aluminium anthracite avec textil\u00e8ne rembourr\u00e9 - Osaka - Kerama\",\"isPartOf\":{\"@id\":\"https:\/\/keramamueblesdejardin.com\/fr\/#website\"},\"primaryImageOfPage\":{\"@id\":\"https:\/\/keramamueblesdejardin.com\/fr\/diner-en-plein-air\/chaises-de-jardin\/pack-de-6-chaises-empilables-aluminium-anthracite-et-textile-upholstered-osaka\/#primaryimage\"},\"image\":{\"@id\":\"https:\/\/keramamueblesdejardin.com\/fr\/diner-en-plein-air\/chaises-de-jardin\/pack-de-6-chaises-empilables-aluminium-anthracite-et-textile-upholstered-osaka\/#primaryimage\"},\"thumbnailUrl\":\"https:\/\/keramamueblesdejardin.com\/wp-content\/uploads\/2021\/11\/osaka-antra-tex-x6-e1697018591242.jpg\",\"datePublished\":\"2021-10-14T15:44:48+00:00\",\"dateModified\":\"2024-10-21T13:54:24+00:00\",\"breadcrumb\":{\"@id\":\"https:\/\/keramamueblesdejardin.com\/fr\/diner-en-plein-air\/chaises-de-jardin\/pack-de-6-chaises-empilables-aluminium-anthracite-et-textile-upholstered-osaka\/#breadcrumb\"},\"inLanguage\":\"fr-FR\",\"potentialAction\":[{\"@type\":\"ReadAction\",\"target\":[\"https:\/\/keramamueblesdejardin.com\/fr\/diner-en-plein-air\/chaises-de-jardin\/pack-de-6-chaises-empilables-aluminium-anthracite-et-textile-upholstered-osaka\/\"]}]},{\"@type\":\"ImageObject\",\"inLanguage\":\"fr-FR\",\"@id\":\"https:\/\/keramamueblesdejardin.com\/fr\/diner-en-plein-air\/chaises-de-jardin\/pack-de-6-chaises-empilables-aluminium-anthracite-et-textile-upholstered-osaka\/#primaryimage\",\"url\":\"https:\/\/keramamueblesdejardin.com\/wp-content\/uploads\/2021\/11\/osaka-antra-tex-x6-e1697018591242.jpg\",\"contentUrl\":\"https:\/\/keramamueblesdejardin.com\/wp-content\/uploads\/2021\/11\/osaka-antra-tex-x6-e1697018591242.jpg\",\"width\":1200,\"height\":1200},{\"@type\":\"BreadcrumbList\",\"@id\":\"https:\/\/keramamueblesdejardin.com\/fr\/diner-en-plein-air\/chaises-de-jardin\/pack-de-6-chaises-empilables-aluminium-anthracite-et-textile-upholstered-osaka\/#breadcrumb\",\"itemListElement\":[{\"@type\":\"ListItem\",\"position\":1,\"name\":\"Home\",\"item\":\"https:\/\/keramamueblesdejardin.com\/fr\/\"},{\"@type\":\"ListItem\",\"position\":2,\"name\":\"Boutique\",\"item\":\"https:\/\/keramamueblesdejardin.com\/tienda\/\"},{\"@type\":\"ListItem\",\"position\":3,\"name\":\"D\u00eener en plein air\",\"item\":\"https:\/\/keramamueblesdejardin.com\/fr\/diner-en-plein-air\/\"},{\"@type\":\"ListItem\",\"position\":4,\"name\":\"Chaises de jardin\",\"item\":\"https:\/\/keramamueblesdejardin.com\/fr\/diner-en-plein-air\/chaises-de-jardin\/\"},{\"@type\":\"ListItem\",\"position\":5,\"name\":\"Lot de 6 chaises empilables en aluminium anthracite avec textil\u00e8ne rembourr\u00e9 &#8211; Osaka\"}]},{\"@type\":\"WebSite\",\"@id\":\"https:\/\/keramamueblesdejardin.com\/fr\/#website\",\"url\":\"https:\/\/keramamueblesdejardin.com\/fr\/\",\"name\":\"Kerama\",\"description\":\"muebles de jard\u00edn\",\"publisher\":{\"@id\":\"https:\/\/keramamueblesdejardin.com\/fr\/#organization\"},\"potentialAction\":[{\"@type\":\"SearchAction\",\"target\":{\"@type\":\"EntryPoint\",\"urlTemplate\":\"https:\/\/keramamueblesdejardin.com\/fr\/?s={search_term_string}\"},\"query-input\":{\"@type\":\"PropertyValueSpecification\",\"valueRequired\":true,\"valueName\":\"search_term_string\"}}],\"inLanguage\":\"fr-FR\"},{\"@type\":\"Organization\",\"@id\":\"https:\/\/keramamueblesdejardin.com\/fr\/#organization\",\"name\":\"kerama\",\"url\":\"https:\/\/keramamueblesdejardin.com\/fr\/\",\"logo\":{\"@type\":\"ImageObject\",\"inLanguage\":\"fr-FR\",\"@id\":\"https:\/\/keramamueblesdejardin.com\/fr\/#\/schema\/logo\/image\/\",\"url\":\"https:\/\/keramamueblesdejardin.com\/wp-content\/uploads\/2020\/12\/k.-scaled.jpg\",\"contentUrl\":\"https:\/\/keramamueblesdejardin.com\/wp-content\/uploads\/2020\/12\/k.-scaled.jpg\",\"width\":2560,\"height\":551,\"caption\":\"kerama\"},\"image\":{\"@id\":\"https:\/\/keramamueblesdejardin.com\/fr\/#\/schema\/logo\/image\/\"},\"sameAs\":[\"https:\/\/www.facebook.com\/Kerama-Muebles-de-Jard\u00edn-106209328312568\/\"]}]}<\/script>\n<!-- \/ Yoast SEO plugin. -->","yoast_head_json":{"title":"Lot de 6 chaises empilables en aluminium anthracite avec textil\u00e8ne rembourr\u00e9 - Osaka - Kerama","robots":{"index":"index","follow":"follow","max-snippet":"max-snippet:-1","max-image-preview":"max-image-preview:large","max-video-preview":"max-video-preview:-1"},"canonical":"https:\/\/keramamueblesdejardin.com\/fr\/diner-en-plein-air\/chaises-de-jardin\/pack-de-6-chaises-empilables-aluminium-anthracite-et-textile-upholstered-osaka\/","og_locale":"fr_FR","og_type":"article","og_title":"Lot de 6 chaises empilables en aluminium anthracite avec textil\u00e8ne rembourr\u00e9 - Osaka - Kerama","og_description":"Lot de chaises empilables en aluminium anthracite  Accoudoirs en textilene imitation bois et rembourr\u00e9s anthracite  Vous pouvez le combiner avec d'autres \u00e9l\u00e9ments de la famille Osaka.","og_url":"https:\/\/keramamueblesdejardin.com\/fr\/diner-en-plein-air\/chaises-de-jardin\/pack-de-6-chaises-empilables-aluminium-anthracite-et-textile-upholstered-osaka\/","og_site_name":"Kerama","article_publisher":"https:\/\/www.facebook.com\/Kerama-Muebles-de-Jard%c3%adn-106209328312568\/","article_modified_time":"2024-10-21T13:54:24+00:00","og_image":[{"width":1200,"height":1200,"url":"https:\/\/keramamueblesdejardin.com\/wp-content\/uploads\/2021\/11\/osaka-antra-tex-x6-e1697018591242.jpg","type":"image\/jpeg"}],"twitter_card":"summary_large_image","schema":{"@context":"https:\/\/schema.org","@graph":[{"@type":"WebPage","@id":"https:\/\/keramamueblesdejardin.com\/fr\/diner-en-plein-air\/chaises-de-jardin\/pack-de-6-chaises-empilables-aluminium-anthracite-et-textile-upholstered-osaka\/","url":"https:\/\/keramamueblesdejardin.com\/fr\/diner-en-plein-air\/chaises-de-jardin\/pack-de-6-chaises-empilables-aluminium-anthracite-et-textile-upholstered-osaka\/","name":"Lot de 6 chaises empilables en aluminium anthracite avec textil\u00e8ne rembourr\u00e9 - Osaka - Kerama","isPartOf":{"@id":"https:\/\/keramamueblesdejardin.com\/fr\/#website"},"primaryImageOfPage":{"@id":"https:\/\/keramamueblesdejardin.com\/fr\/diner-en-plein-air\/chaises-de-jardin\/pack-de-6-chaises-empilables-aluminium-anthracite-et-textile-upholstered-osaka\/#primaryimage"},"image":{"@id":"https:\/\/keramamueblesdejardin.com\/fr\/diner-en-plein-air\/chaises-de-jardin\/pack-de-6-chaises-empilables-aluminium-anthracite-et-textile-upholstered-osaka\/#primaryimage"},"thumbnailUrl":"https:\/\/keramamueblesdejardin.com\/wp-content\/uploads\/2021\/11\/osaka-antra-tex-x6-e1697018591242.jpg","datePublished":"2021-10-14T15:44:48+00:00","dateModified":"2024-10-21T13:54:24+00:00","breadcrumb":{"@id":"https:\/\/keramamueblesdejardin.com\/fr\/diner-en-plein-air\/chaises-de-jardin\/pack-de-6-chaises-empilables-aluminium-anthracite-et-textile-upholstered-osaka\/#breadcrumb"},"inLanguage":"fr-FR","potentialAction":[{"@type":"ReadAction","target":["https:\/\/keramamueblesdejardin.com\/fr\/diner-en-plein-air\/chaises-de-jardin\/pack-de-6-chaises-empilables-aluminium-anthracite-et-textile-upholstered-osaka\/"]}]},{"@type":"ImageObject","inLanguage":"fr-FR","@id":"https:\/\/keramamueblesdejardin.com\/fr\/diner-en-plein-air\/chaises-de-jardin\/pack-de-6-chaises-empilables-aluminium-anthracite-et-textile-upholstered-osaka\/#primaryimage","url":"https:\/\/keramamueblesdejardin.com\/wp-content\/uploads\/2021\/11\/osaka-antra-tex-x6-e1697018591242.jpg","contentUrl":"https:\/\/keramamueblesdejardin.com\/wp-content\/uploads\/2021\/11\/osaka-antra-tex-x6-e1697018591242.jpg","width":1200,"height":1200},{"@type":"BreadcrumbList","@id":"https:\/\/keramamueblesdejardin.com\/fr\/diner-en-plein-air\/chaises-de-jardin\/pack-de-6-chaises-empilables-aluminium-anthracite-et-textile-upholstered-osaka\/#breadcrumb","itemListElement":[{"@type":"ListItem","position":1,"name":"Home","item":"https:\/\/keramamueblesdejardin.com\/fr\/"},{"@type":"ListItem","position":2,"name":"Boutique","item":"https:\/\/keramamueblesdejardin.com\/tienda\/"},{"@type":"ListItem","position":3,"name":"D\u00eener en plein air","item":"https:\/\/keramamueblesdejardin.com\/fr\/diner-en-plein-air\/"},{"@type":"ListItem","position":4,"name":"Chaises de jardin","item":"https:\/\/keramamueblesdejardin.com\/fr\/diner-en-plein-air\/chaises-de-jardin\/"},{"@type":"ListItem","position":5,"name":"Lot de 6 chaises empilables en aluminium anthracite avec textil\u00e8ne rembourr\u00e9 &#8211; Osaka"}]},{"@type":"WebSite","@id":"https:\/\/keramamueblesdejardin.com\/fr\/#website","url":"https:\/\/keramamueblesdejardin.com\/fr\/","name":"Kerama","description":"muebles de jard\u00edn","publisher":{"@id":"https:\/\/keramamueblesdejardin.com\/fr\/#organization"},"potentialAction":[{"@type":"SearchAction","target":{"@type":"EntryPoint","urlTemplate":"https:\/\/keramamueblesdejardin.com\/fr\/?s={search_term_string}"},"query-input":{"@type":"PropertyValueSpecification","valueRequired":true,"valueName":"search_term_string"}}],"inLanguage":"fr-FR"},{"@type":"Organization","@id":"https:\/\/keramamueblesdejardin.com\/fr\/#organization","name":"kerama","url":"https:\/\/keramamueblesdejardin.com\/fr\/","logo":{"@type":"ImageObject","inLanguage":"fr-FR","@id":"https:\/\/keramamueblesdejardin.com\/fr\/#\/schema\/logo\/image\/","url":"https:\/\/keramamueblesdejardin.com\/wp-content\/uploads\/2020\/12\/k.-scaled.jpg","contentUrl":"https:\/\/keramamueblesdejardin.com\/wp-content\/uploads\/2020\/12\/k.-scaled.jpg","width":2560,"height":551,"caption":"kerama"},"image":{"@id":"https:\/\/keramamueblesdejardin.com\/fr\/#\/schema\/logo\/image\/"},"sameAs":["https:\/\/www.facebook.com\/Kerama-Muebles-de-Jard\u00edn-106209328312568\/"]}]}},"df_price":629,"df_sale_price":629,"df_regular_price":766,"df_image_link":"https:\/\/keramamueblesdejardin.com\/wp-content\/uploads\/2021\/11\/osaka-antra-tex-x6-300x300.jpg","custom_tabs":[{"title":"MESURES","id":"mesures","content":"<strong>Hauteur :<\/strong> 86 cm\n<strong>Largeur :<\/strong> 57 cm\n<strong>Profondeur :<\/strong> 65 cm\n<strong>Hauteur de l'assise :<\/strong> 45 cm\n<strong>Profondeur de l'assise :<\/strong> 55 cm"},{"title":"D\u00c9BALLAGE ET MONTAGE","id":"deballage-et-montage","content":"<strong>Recommandations pour le d\u00e9ballage :<\/strong> Ne pas utiliser d'outils tranchants lors du d\u00e9ballage du meuble car cela pourrait l'endommager.\n<strong>Montage requis (O\/N) :<\/strong> Non"},{"title":"ENTRETIEN ET GARANTIES","id":"entretien-et-garanties","content":"<strong>Conditions g\u00e9n\u00e9rales :<\/strong>\n- Les d\u00e9faillances ou les dommages caus\u00e9s par les \u00e9l\u00e9ments suivants sont exclus de la garantie :\n- Les causes accidentelles telles que chutes, coups, d\u00e9versement de liquides, introduction de corps \u00e9trangers, ainsi que toute autre force majeure.\n- Utilisation n\u00e9gligente, inappropri\u00e9e ou non domestique.\n- Dommages, corrosion et\/ou oxydation acc\u00e9l\u00e9r\u00e9s par des conditions environnementales d\u00e9favorables.\n- Taches et d\u00e9coloration dues au non-respect de nos instructions de nettoyage.\n- Dommages survenus lors du montage et de la manipulation sans respecter les instructions de montage.\n<strong>Instructions d'utilisation et d'entretien :<\/strong>\n- Essuyez doucement avec un chiffon ou utilisez un savon liquide neutre, puis rincez abondamment \u00e0 l'eau.\n- Enlevez r\u00e9guli\u00e8rement la poussi\u00e8re avec un chiffon doux et de l'eau claire.\n- N'utilisez pas de d\u00e9tergents ou de produits abrasifs pour le nettoyage.\n<strong>Ann\u00e9es de garantie :<\/strong> 3 ans\n<strong>Fabriqu\u00e9 selon la norme :<\/strong> 581-1,581-2"}],"_links":{"self":[{"href":"https:\/\/keramamueblesdejardin.com\/fr\/wp-json\/wp\/v2\/product\/64025","targetHints":{"allow":["GET"]}}],"collection":[{"href":"https:\/\/keramamueblesdejardin.com\/fr\/wp-json\/wp\/v2\/product"}],"about":[{"href":"https:\/\/keramamueblesdejardin.com\/fr\/wp-json\/wp\/v2\/types\/product"}],"replies":[{"embeddable":true,"href":"https:\/\/keramamueblesdejardin.com\/fr\/wp-json\/wp\/v2\/comments?post=64025"}],"wp:featuredmedia":[{"embeddable":true,"href":"https:\/\/keramamueblesdejardin.com\/fr\/wp-json\/wp\/v2\/media\/59772"}],"wp:attachment":[{"href":"https:\/\/keramamueblesdejardin.com\/fr\/wp-json\/wp\/v2\/media?parent=64025"}],"wp:term":[{"taxonomy":"product_brand","embeddable":true,"href":"https:\/\/keramamueblesdejardin.com\/fr\/wp-json\/wp\/v2\/product_brand?post=64025"},{"taxonomy":"product_cat","embeddable":true,"href":"https:\/\/keramamueblesdejardin.com\/fr\/wp-json\/wp\/v2\/product_cat?post=64025"},{"taxonomy":"product_tag","embeddable":true,"href":"https:\/\/keramamueblesdejardin.com\/fr\/wp-json\/wp\/v2\/product_tag?post=64025"}],"curies":[{"name":"wp","href":"https:\/\/api.w.org\/{rel}","templated":true}]}}