{"id":218060,"date":"2026-01-23T13:21:49","date_gmt":"2026-01-23T12:21:49","guid":{"rendered":"https:\/\/keramamueblesdejardin.com\/non class\u00e9\/pack-de-6-chaises-de-jardin-en-bois-et-teck-delfos\/"},"modified":"2026-01-23T13:21:49","modified_gmt":"2026-01-23T12:21:49","slug":"pack-de-6-chaises-de-jardin-en-bois-et-teck-delfos","status":"publish","type":"product","link":"https:\/\/keramamueblesdejardin.com\/fr\/diner-en-plein-air\/chaises-de-jardin\/pack-de-6-chaises-de-jardin-en-bois-et-teck-delfos\/","title":{"rendered":"Pack de 6 chaises de jardin en bois et teck &#8211; Delfos"},"content":{"rendered":"<p>0<\/p>\n","protected":false},"excerpt":{"rendered":"<ul>\n<li>Structure en bois de teck<\/li>\n<li>Bois de teck certifi\u00e9 et durable<\/li>\n<li>Corde en rotin synth\u00e9tique tress\u00e9e \u00e0 la main<\/li>\n<li>Coussins amovibles<\/li>\n<li>Chaise : 61\u00d770,5x87cm,<\/li>\n<\/ul>\n","protected":false},"featured_media":203175,"comment_status":"closed","ping_status":"open","template":"","meta":{"_acf_changed":false},"product_brand":[],"product_cat":[593,578],"product_tag":[],"class_list":{"0":"post-218060","1":"product","2":"type-product","3":"status-publish","4":"has-post-thumbnail","6":"product_cat-chaises-de-jardin","7":"product_cat-diner-en-plein-air","9":"first","10":"instock","11":"sale","12":"purchasable","13":"product-type-simple","14":"add-to-wishlist-before_image"},"acf":[],"yoast_head":"<!-- This site is optimized with the Yoast SEO plugin v27.4 - https:\/\/yoast.com\/product\/yoast-seo-wordpress\/ -->\n<title>Pack de 6 chaises de jardin en bois et teck - Delfos - Kerama<\/title>\n<meta name=\"robots\" content=\"index, follow, max-snippet:-1, max-image-preview:large, max-video-preview:-1\" \/>\n<link rel=\"canonical\" href=\"https:\/\/keramamueblesdejardin.com\/fr\/diner-en-plein-air\/chaises-de-jardin\/pack-de-6-chaises-de-jardin-en-bois-et-teck-delfos\/\" \/>\n<meta property=\"og:locale\" content=\"fr_FR\" \/>\n<meta property=\"og:type\" content=\"article\" \/>\n<meta property=\"og:title\" content=\"Pack de 6 chaises de jardin en bois et teck - Delfos - Kerama\" \/>\n<meta property=\"og:description\" content=\"Structure en bois de teck Bois de teck certifi\u00e9 et durable Corde en rotin synth\u00e9tique tress\u00e9e \u00e0 la main Coussins amovibles Chaise : 61\u00d770,5x87cm,\" \/>\n<meta property=\"og:url\" content=\"https:\/\/keramamueblesdejardin.com\/fr\/diner-en-plein-air\/chaises-de-jardin\/pack-de-6-chaises-de-jardin-en-bois-et-teck-delfos\/\" \/>\n<meta property=\"og:site_name\" content=\"Kerama\" \/>\n<meta property=\"article:publisher\" content=\"https:\/\/www.facebook.com\/Kerama-Muebles-de-Jard%c3%adn-106209328312568\/\" \/>\n<meta property=\"og:image\" content=\"https:\/\/keramamueblesdejardin.com\/wp-content\/uploads\/2026\/02\/silla-delfos-x6-1.jpg\" \/>\n\t<meta property=\"og:image:width\" content=\"1200\" \/>\n\t<meta property=\"og:image:height\" content=\"1200\" \/>\n\t<meta property=\"og:image:type\" content=\"image\/jpeg\" \/>\n<meta name=\"twitter:card\" content=\"summary_large_image\" \/>\n<script type=\"application\/ld+json\" class=\"yoast-schema-graph\">{\"@context\":\"https:\\\/\\\/schema.org\",\"@graph\":[{\"@type\":\"WebPage\",\"@id\":\"https:\\\/\\\/keramamueblesdejardin.com\\\/fr\\\/diner-en-plein-air\\\/chaises-de-jardin\\\/pack-de-6-chaises-de-jardin-en-bois-et-teck-delfos\\\/\",\"url\":\"https:\\\/\\\/keramamueblesdejardin.com\\\/fr\\\/diner-en-plein-air\\\/chaises-de-jardin\\\/pack-de-6-chaises-de-jardin-en-bois-et-teck-delfos\\\/\",\"name\":\"Pack de 6 chaises de jardin en bois et teck - Delfos - Kerama\",\"isPartOf\":{\"@id\":\"https:\\\/\\\/keramamueblesdejardin.com\\\/fr\\\/#website\"},\"primaryImageOfPage\":{\"@id\":\"https:\\\/\\\/keramamueblesdejardin.com\\\/fr\\\/diner-en-plein-air\\\/chaises-de-jardin\\\/pack-de-6-chaises-de-jardin-en-bois-et-teck-delfos\\\/#primaryimage\"},\"image\":{\"@id\":\"https:\\\/\\\/keramamueblesdejardin.com\\\/fr\\\/diner-en-plein-air\\\/chaises-de-jardin\\\/pack-de-6-chaises-de-jardin-en-bois-et-teck-delfos\\\/#primaryimage\"},\"thumbnailUrl\":\"https:\\\/\\\/keramamueblesdejardin.com\\\/wp-content\\\/uploads\\\/2026\\\/02\\\/silla-delfos-x6-1.jpg\",\"datePublished\":\"2026-01-23T12:21:49+00:00\",\"breadcrumb\":{\"@id\":\"https:\\\/\\\/keramamueblesdejardin.com\\\/fr\\\/diner-en-plein-air\\\/chaises-de-jardin\\\/pack-de-6-chaises-de-jardin-en-bois-et-teck-delfos\\\/#breadcrumb\"},\"inLanguage\":\"fr-FR\",\"potentialAction\":[{\"@type\":\"ReadAction\",\"target\":[\"https:\\\/\\\/keramamueblesdejardin.com\\\/fr\\\/diner-en-plein-air\\\/chaises-de-jardin\\\/pack-de-6-chaises-de-jardin-en-bois-et-teck-delfos\\\/\"]}]},{\"@type\":\"ImageObject\",\"inLanguage\":\"fr-FR\",\"@id\":\"https:\\\/\\\/keramamueblesdejardin.com\\\/fr\\\/diner-en-plein-air\\\/chaises-de-jardin\\\/pack-de-6-chaises-de-jardin-en-bois-et-teck-delfos\\\/#primaryimage\",\"url\":\"https:\\\/\\\/keramamueblesdejardin.com\\\/wp-content\\\/uploads\\\/2026\\\/02\\\/silla-delfos-x6-1.jpg\",\"contentUrl\":\"https:\\\/\\\/keramamueblesdejardin.com\\\/wp-content\\\/uploads\\\/2026\\\/02\\\/silla-delfos-x6-1.jpg\",\"width\":1200,\"height\":1200},{\"@type\":\"BreadcrumbList\",\"@id\":\"https:\\\/\\\/keramamueblesdejardin.com\\\/fr\\\/diner-en-plein-air\\\/chaises-de-jardin\\\/pack-de-6-chaises-de-jardin-en-bois-et-teck-delfos\\\/#breadcrumb\",\"itemListElement\":[{\"@type\":\"ListItem\",\"position\":1,\"name\":\"Home\",\"item\":\"https:\\\/\\\/keramamueblesdejardin.com\\\/fr\\\/\"},{\"@type\":\"ListItem\",\"position\":2,\"name\":\"Boutique\",\"item\":\"https:\\\/\\\/keramamueblesdejardin.com\\\/tienda\\\/\"},{\"@type\":\"ListItem\",\"position\":3,\"name\":\"D\u00eener en plein air\",\"item\":\"https:\\\/\\\/keramamueblesdejardin.com\\\/fr\\\/diner-en-plein-air\\\/\"},{\"@type\":\"ListItem\",\"position\":4,\"name\":\"Chaises de jardin\",\"item\":\"https:\\\/\\\/keramamueblesdejardin.com\\\/fr\\\/diner-en-plein-air\\\/chaises-de-jardin\\\/\"},{\"@type\":\"ListItem\",\"position\":5,\"name\":\"Pack de 6 chaises de jardin en bois et teck &#8211; Delfos\"}]},{\"@type\":\"WebSite\",\"@id\":\"https:\\\/\\\/keramamueblesdejardin.com\\\/fr\\\/#website\",\"url\":\"https:\\\/\\\/keramamueblesdejardin.com\\\/fr\\\/\",\"name\":\"Kerama\",\"description\":\"muebles de jard\u00edn\",\"publisher\":{\"@id\":\"https:\\\/\\\/keramamueblesdejardin.com\\\/fr\\\/#organization\"},\"potentialAction\":[{\"@type\":\"SearchAction\",\"target\":{\"@type\":\"EntryPoint\",\"urlTemplate\":\"https:\\\/\\\/keramamueblesdejardin.com\\\/fr\\\/?s={search_term_string}\"},\"query-input\":{\"@type\":\"PropertyValueSpecification\",\"valueRequired\":true,\"valueName\":\"search_term_string\"}}],\"inLanguage\":\"fr-FR\"},{\"@type\":\"Organization\",\"@id\":\"https:\\\/\\\/keramamueblesdejardin.com\\\/fr\\\/#organization\",\"name\":\"kerama\",\"url\":\"https:\\\/\\\/keramamueblesdejardin.com\\\/fr\\\/\",\"logo\":{\"@type\":\"ImageObject\",\"inLanguage\":\"fr-FR\",\"@id\":\"https:\\\/\\\/keramamueblesdejardin.com\\\/fr\\\/#\\\/schema\\\/logo\\\/image\\\/\",\"url\":\"https:\\\/\\\/keramamueblesdejardin.com\\\/wp-content\\\/uploads\\\/2020\\\/12\\\/k.-scaled.jpg\",\"contentUrl\":\"https:\\\/\\\/keramamueblesdejardin.com\\\/wp-content\\\/uploads\\\/2020\\\/12\\\/k.-scaled.jpg\",\"width\":2560,\"height\":551,\"caption\":\"kerama\"},\"image\":{\"@id\":\"https:\\\/\\\/keramamueblesdejardin.com\\\/fr\\\/#\\\/schema\\\/logo\\\/image\\\/\"},\"sameAs\":[\"https:\\\/\\\/www.facebook.com\\\/Kerama-Muebles-de-Jard\u00edn-106209328312568\\\/\"]}]}<\/script>\n<!-- \/ Yoast SEO plugin. -->","yoast_head_json":{"title":"Pack de 6 chaises de jardin en bois et teck - Delfos - Kerama","robots":{"index":"index","follow":"follow","max-snippet":"max-snippet:-1","max-image-preview":"max-image-preview:large","max-video-preview":"max-video-preview:-1"},"canonical":"https:\/\/keramamueblesdejardin.com\/fr\/diner-en-plein-air\/chaises-de-jardin\/pack-de-6-chaises-de-jardin-en-bois-et-teck-delfos\/","og_locale":"fr_FR","og_type":"article","og_title":"Pack de 6 chaises de jardin en bois et teck - Delfos - Kerama","og_description":"Structure en bois de teck Bois de teck certifi\u00e9 et durable Corde en rotin synth\u00e9tique tress\u00e9e \u00e0 la main Coussins amovibles Chaise : 61\u00d770,5x87cm,","og_url":"https:\/\/keramamueblesdejardin.com\/fr\/diner-en-plein-air\/chaises-de-jardin\/pack-de-6-chaises-de-jardin-en-bois-et-teck-delfos\/","og_site_name":"Kerama","article_publisher":"https:\/\/www.facebook.com\/Kerama-Muebles-de-Jard%c3%adn-106209328312568\/","og_image":[{"width":1200,"height":1200,"url":"https:\/\/keramamueblesdejardin.com\/wp-content\/uploads\/2026\/02\/silla-delfos-x6-1.jpg","type":"image\/jpeg"}],"twitter_card":"summary_large_image","schema":{"@context":"https:\/\/schema.org","@graph":[{"@type":"WebPage","@id":"https:\/\/keramamueblesdejardin.com\/fr\/diner-en-plein-air\/chaises-de-jardin\/pack-de-6-chaises-de-jardin-en-bois-et-teck-delfos\/","url":"https:\/\/keramamueblesdejardin.com\/fr\/diner-en-plein-air\/chaises-de-jardin\/pack-de-6-chaises-de-jardin-en-bois-et-teck-delfos\/","name":"Pack de 6 chaises de jardin en bois et teck - Delfos - Kerama","isPartOf":{"@id":"https:\/\/keramamueblesdejardin.com\/fr\/#website"},"primaryImageOfPage":{"@id":"https:\/\/keramamueblesdejardin.com\/fr\/diner-en-plein-air\/chaises-de-jardin\/pack-de-6-chaises-de-jardin-en-bois-et-teck-delfos\/#primaryimage"},"image":{"@id":"https:\/\/keramamueblesdejardin.com\/fr\/diner-en-plein-air\/chaises-de-jardin\/pack-de-6-chaises-de-jardin-en-bois-et-teck-delfos\/#primaryimage"},"thumbnailUrl":"https:\/\/keramamueblesdejardin.com\/wp-content\/uploads\/2026\/02\/silla-delfos-x6-1.jpg","datePublished":"2026-01-23T12:21:49+00:00","breadcrumb":{"@id":"https:\/\/keramamueblesdejardin.com\/fr\/diner-en-plein-air\/chaises-de-jardin\/pack-de-6-chaises-de-jardin-en-bois-et-teck-delfos\/#breadcrumb"},"inLanguage":"fr-FR","potentialAction":[{"@type":"ReadAction","target":["https:\/\/keramamueblesdejardin.com\/fr\/diner-en-plein-air\/chaises-de-jardin\/pack-de-6-chaises-de-jardin-en-bois-et-teck-delfos\/"]}]},{"@type":"ImageObject","inLanguage":"fr-FR","@id":"https:\/\/keramamueblesdejardin.com\/fr\/diner-en-plein-air\/chaises-de-jardin\/pack-de-6-chaises-de-jardin-en-bois-et-teck-delfos\/#primaryimage","url":"https:\/\/keramamueblesdejardin.com\/wp-content\/uploads\/2026\/02\/silla-delfos-x6-1.jpg","contentUrl":"https:\/\/keramamueblesdejardin.com\/wp-content\/uploads\/2026\/02\/silla-delfos-x6-1.jpg","width":1200,"height":1200},{"@type":"BreadcrumbList","@id":"https:\/\/keramamueblesdejardin.com\/fr\/diner-en-plein-air\/chaises-de-jardin\/pack-de-6-chaises-de-jardin-en-bois-et-teck-delfos\/#breadcrumb","itemListElement":[{"@type":"ListItem","position":1,"name":"Home","item":"https:\/\/keramamueblesdejardin.com\/fr\/"},{"@type":"ListItem","position":2,"name":"Boutique","item":"https:\/\/keramamueblesdejardin.com\/tienda\/"},{"@type":"ListItem","position":3,"name":"D\u00eener en plein air","item":"https:\/\/keramamueblesdejardin.com\/fr\/diner-en-plein-air\/"},{"@type":"ListItem","position":4,"name":"Chaises de jardin","item":"https:\/\/keramamueblesdejardin.com\/fr\/diner-en-plein-air\/chaises-de-jardin\/"},{"@type":"ListItem","position":5,"name":"Pack de 6 chaises de jardin en bois et teck &#8211; Delfos"}]},{"@type":"WebSite","@id":"https:\/\/keramamueblesdejardin.com\/fr\/#website","url":"https:\/\/keramamueblesdejardin.com\/fr\/","name":"Kerama","description":"muebles de jard\u00edn","publisher":{"@id":"https:\/\/keramamueblesdejardin.com\/fr\/#organization"},"potentialAction":[{"@type":"SearchAction","target":{"@type":"EntryPoint","urlTemplate":"https:\/\/keramamueblesdejardin.com\/fr\/?s={search_term_string}"},"query-input":{"@type":"PropertyValueSpecification","valueRequired":true,"valueName":"search_term_string"}}],"inLanguage":"fr-FR"},{"@type":"Organization","@id":"https:\/\/keramamueblesdejardin.com\/fr\/#organization","name":"kerama","url":"https:\/\/keramamueblesdejardin.com\/fr\/","logo":{"@type":"ImageObject","inLanguage":"fr-FR","@id":"https:\/\/keramamueblesdejardin.com\/fr\/#\/schema\/logo\/image\/","url":"https:\/\/keramamueblesdejardin.com\/wp-content\/uploads\/2020\/12\/k.-scaled.jpg","contentUrl":"https:\/\/keramamueblesdejardin.com\/wp-content\/uploads\/2020\/12\/k.-scaled.jpg","width":2560,"height":551,"caption":"kerama"},"image":{"@id":"https:\/\/keramamueblesdejardin.com\/fr\/#\/schema\/logo\/image\/"},"sameAs":["https:\/\/www.facebook.com\/Kerama-Muebles-de-Jard\u00edn-106209328312568\/"]}]}},"df_price":2989,"df_sale_price":2989,"df_regular_price":3195,"df_image_link":"https:\/\/keramamueblesdejardin.com\/wp-content\/uploads\/2026\/02\/silla-delfos-x6-1-300x300.jpg","custom_tabs":["0"],"_links":{"self":[{"href":"https:\/\/keramamueblesdejardin.com\/fr\/wp-json\/wp\/v2\/product\/218060","targetHints":{"allow":["GET"]}}],"collection":[{"href":"https:\/\/keramamueblesdejardin.com\/fr\/wp-json\/wp\/v2\/product"}],"about":[{"href":"https:\/\/keramamueblesdejardin.com\/fr\/wp-json\/wp\/v2\/types\/product"}],"replies":[{"embeddable":true,"href":"https:\/\/keramamueblesdejardin.com\/fr\/wp-json\/wp\/v2\/comments?post=218060"}],"wp:featuredmedia":[{"embeddable":true,"href":"https:\/\/keramamueblesdejardin.com\/fr\/wp-json\/wp\/v2\/media\/203175"}],"wp:attachment":[{"href":"https:\/\/keramamueblesdejardin.com\/fr\/wp-json\/wp\/v2\/media?parent=218060"}],"wp:term":[{"taxonomy":"product_brand","embeddable":true,"href":"https:\/\/keramamueblesdejardin.com\/fr\/wp-json\/wp\/v2\/product_brand?post=218060"},{"taxonomy":"product_cat","embeddable":true,"href":"https:\/\/keramamueblesdejardin.com\/fr\/wp-json\/wp\/v2\/product_cat?post=218060"},{"taxonomy":"product_tag","embeddable":true,"href":"https:\/\/keramamueblesdejardin.com\/fr\/wp-json\/wp\/v2\/product_tag?post=218060"}],"curies":[{"name":"wp","href":"https:\/\/api.w.org\/{rel}","templated":true}]}}