{"id":216836,"date":"2026-04-02T10:53:37","date_gmt":"2026-04-02T08:53:37","guid":{"rendered":"https:\/\/keramamueblesdejardin.com\/non class\u00e9\/pack-de-2-chaises-longues-blanches-en-aluminium-et-textilene-a-sechage-rapide-rena\/"},"modified":"2026-04-02T10:53:37","modified_gmt":"2026-04-02T08:53:37","slug":"pack-de-2-chaises-longues-blanches-en-aluminium-et-textilene-a-sechage-rapide-rena","status":"publish","type":"product","link":"https:\/\/keramamueblesdejardin.com\/fr\/chaises-longues-et-detente\/pack-de-2-chaises-longues-blanches-en-aluminium-et-textilene-a-sechage-rapide-rena\/","title":{"rendered":"Pack de 2 chaises longues blanches en aluminium et textilene \u00e0 s\u00e9chage rapide &#8211; Rena"},"content":{"rendered":"<p>Pack de deux chaises longues en aluminium avec roues en textile rembourr\u00e9 et mousse \u00e0 s\u00e9chage rapide.<\/p>\n<p>Mesures : 197x68x40cm<\/p>\n","protected":false},"excerpt":{"rendered":"<ul>\n<li>Pack de 2 chaises longues en aluminium et beige en textile<\/li>\n<li>Cadre en aluminium avec roues<\/li>\n<li>Textilene rembourr\u00e9 avec une mousse \u00e0 s\u00e9chage rapide<\/li>\n<li>Mesures : 197x68x40cm<\/li>\n<\/ul>\n","protected":false},"featured_media":216822,"comment_status":"open","ping_status":"closed","template":"","meta":{"_acf_changed":false},"product_brand":[],"product_cat":[576,563],"product_tag":[],"class_list":{"0":"post-216836","1":"product","2":"type-product","3":"status-publish","4":"has-post-thumbnail","6":"product_cat-chaises-longues","7":"product_cat-chaises-longues-et-detente","9":"first","10":"instock","11":"sale","12":"shipping-taxable","13":"purchasable","14":"product-type-simple","15":"add-to-wishlist-before_image"},"acf":[],"yoast_head":"<!-- This site is optimized with the Yoast SEO plugin v27.2 - https:\/\/yoast.com\/product\/yoast-seo-wordpress\/ -->\n<title>Pack de 2 chaises longues blanches en aluminium et textilene \u00e0 s\u00e9chage rapide - Rena - Kerama<\/title>\n<meta name=\"robots\" content=\"index, follow, max-snippet:-1, max-image-preview:large, max-video-preview:-1\" \/>\n<link rel=\"canonical\" href=\"https:\/\/keramamueblesdejardin.com\/fr\/chaises-longues-et-detente\/pack-de-2-chaises-longues-blanches-en-aluminium-et-textilene-a-sechage-rapide-rena\/\" \/>\n<meta property=\"og:locale\" content=\"fr_FR\" \/>\n<meta property=\"og:type\" content=\"article\" \/>\n<meta property=\"og:title\" content=\"Pack de 2 chaises longues blanches en aluminium et textilene \u00e0 s\u00e9chage rapide - Rena - Kerama\" \/>\n<meta property=\"og:description\" content=\"Pack de 2 chaises longues en aluminium et beige en textile  Cadre en aluminium avec roues  Textilene rembourr\u00e9 avec une mousse \u00e0 s\u00e9chage rapide  Mesures : 197x68x40cm\" \/>\n<meta property=\"og:url\" content=\"https:\/\/keramamueblesdejardin.com\/fr\/chaises-longues-et-detente\/pack-de-2-chaises-longues-blanches-en-aluminium-et-textilene-a-sechage-rapide-rena\/\" \/>\n<meta property=\"og:site_name\" content=\"Kerama\" \/>\n<meta property=\"article:publisher\" content=\"https:\/\/www.facebook.com\/Kerama-Muebles-de-Jard%c3%adn-106209328312568\/\" \/>\n<meta property=\"og:image\" content=\"https:\/\/keramamueblesdejardin.com\/wp-content\/uploads\/2026\/04\/s026x2-principal.jpg\" \/>\n\t<meta property=\"og:image:width\" content=\"1200\" \/>\n\t<meta property=\"og:image:height\" content=\"1200\" \/>\n\t<meta property=\"og:image:type\" content=\"image\/jpeg\" \/>\n<meta name=\"twitter:card\" content=\"summary_large_image\" \/>\n<script type=\"application\/ld+json\" class=\"yoast-schema-graph\">{\"@context\":\"https:\/\/schema.org\",\"@graph\":[{\"@type\":\"WebPage\",\"@id\":\"https:\/\/keramamueblesdejardin.com\/fr\/chaises-longues-et-detente\/pack-de-2-chaises-longues-blanches-en-aluminium-et-textilene-a-sechage-rapide-rena\/\",\"url\":\"https:\/\/keramamueblesdejardin.com\/fr\/chaises-longues-et-detente\/pack-de-2-chaises-longues-blanches-en-aluminium-et-textilene-a-sechage-rapide-rena\/\",\"name\":\"Pack de 2 chaises longues blanches en aluminium et textilene \u00e0 s\u00e9chage rapide - Rena - Kerama\",\"isPartOf\":{\"@id\":\"https:\/\/keramamueblesdejardin.com\/fr\/#website\"},\"primaryImageOfPage\":{\"@id\":\"https:\/\/keramamueblesdejardin.com\/fr\/chaises-longues-et-detente\/pack-de-2-chaises-longues-blanches-en-aluminium-et-textilene-a-sechage-rapide-rena\/#primaryimage\"},\"image\":{\"@id\":\"https:\/\/keramamueblesdejardin.com\/fr\/chaises-longues-et-detente\/pack-de-2-chaises-longues-blanches-en-aluminium-et-textilene-a-sechage-rapide-rena\/#primaryimage\"},\"thumbnailUrl\":\"https:\/\/keramamueblesdejardin.com\/wp-content\/uploads\/2026\/04\/s026x2-principal.jpg\",\"datePublished\":\"2026-04-02T08:53:37+00:00\",\"breadcrumb\":{\"@id\":\"https:\/\/keramamueblesdejardin.com\/fr\/chaises-longues-et-detente\/pack-de-2-chaises-longues-blanches-en-aluminium-et-textilene-a-sechage-rapide-rena\/#breadcrumb\"},\"inLanguage\":\"fr-FR\",\"potentialAction\":[{\"@type\":\"ReadAction\",\"target\":[\"https:\/\/keramamueblesdejardin.com\/fr\/chaises-longues-et-detente\/pack-de-2-chaises-longues-blanches-en-aluminium-et-textilene-a-sechage-rapide-rena\/\"]}]},{\"@type\":\"ImageObject\",\"inLanguage\":\"fr-FR\",\"@id\":\"https:\/\/keramamueblesdejardin.com\/fr\/chaises-longues-et-detente\/pack-de-2-chaises-longues-blanches-en-aluminium-et-textilene-a-sechage-rapide-rena\/#primaryimage\",\"url\":\"https:\/\/keramamueblesdejardin.com\/wp-content\/uploads\/2026\/04\/s026x2-principal.jpg\",\"contentUrl\":\"https:\/\/keramamueblesdejardin.com\/wp-content\/uploads\/2026\/04\/s026x2-principal.jpg\",\"width\":1200,\"height\":1200},{\"@type\":\"BreadcrumbList\",\"@id\":\"https:\/\/keramamueblesdejardin.com\/fr\/chaises-longues-et-detente\/pack-de-2-chaises-longues-blanches-en-aluminium-et-textilene-a-sechage-rapide-rena\/#breadcrumb\",\"itemListElement\":[{\"@type\":\"ListItem\",\"position\":1,\"name\":\"Home\",\"item\":\"https:\/\/keramamueblesdejardin.com\/fr\/\"},{\"@type\":\"ListItem\",\"position\":2,\"name\":\"Boutique\",\"item\":\"https:\/\/keramamueblesdejardin.com\/tienda\/\"},{\"@type\":\"ListItem\",\"position\":3,\"name\":\"Pack de 2 chaises longues blanches en aluminium et textilene \u00e0 s\u00e9chage rapide &#8211; Rena\"}]},{\"@type\":\"WebSite\",\"@id\":\"https:\/\/keramamueblesdejardin.com\/fr\/#website\",\"url\":\"https:\/\/keramamueblesdejardin.com\/fr\/\",\"name\":\"Kerama\",\"description\":\"muebles de jard\u00edn\",\"publisher\":{\"@id\":\"https:\/\/keramamueblesdejardin.com\/fr\/#organization\"},\"potentialAction\":[{\"@type\":\"SearchAction\",\"target\":{\"@type\":\"EntryPoint\",\"urlTemplate\":\"https:\/\/keramamueblesdejardin.com\/fr\/?s={search_term_string}\"},\"query-input\":{\"@type\":\"PropertyValueSpecification\",\"valueRequired\":true,\"valueName\":\"search_term_string\"}}],\"inLanguage\":\"fr-FR\"},{\"@type\":\"Organization\",\"@id\":\"https:\/\/keramamueblesdejardin.com\/fr\/#organization\",\"name\":\"kerama\",\"url\":\"https:\/\/keramamueblesdejardin.com\/fr\/\",\"logo\":{\"@type\":\"ImageObject\",\"inLanguage\":\"fr-FR\",\"@id\":\"https:\/\/keramamueblesdejardin.com\/fr\/#\/schema\/logo\/image\/\",\"url\":\"https:\/\/keramamueblesdejardin.com\/wp-content\/uploads\/2020\/12\/k.-scaled.jpg\",\"contentUrl\":\"https:\/\/keramamueblesdejardin.com\/wp-content\/uploads\/2020\/12\/k.-scaled.jpg\",\"width\":2560,\"height\":551,\"caption\":\"kerama\"},\"image\":{\"@id\":\"https:\/\/keramamueblesdejardin.com\/fr\/#\/schema\/logo\/image\/\"},\"sameAs\":[\"https:\/\/www.facebook.com\/Kerama-Muebles-de-Jard\u00edn-106209328312568\/\"]}]}<\/script>\n<!-- \/ Yoast SEO plugin. -->","yoast_head_json":{"title":"Pack de 2 chaises longues blanches en aluminium et textilene \u00e0 s\u00e9chage rapide - Rena - Kerama","robots":{"index":"index","follow":"follow","max-snippet":"max-snippet:-1","max-image-preview":"max-image-preview:large","max-video-preview":"max-video-preview:-1"},"canonical":"https:\/\/keramamueblesdejardin.com\/fr\/chaises-longues-et-detente\/pack-de-2-chaises-longues-blanches-en-aluminium-et-textilene-a-sechage-rapide-rena\/","og_locale":"fr_FR","og_type":"article","og_title":"Pack de 2 chaises longues blanches en aluminium et textilene \u00e0 s\u00e9chage rapide - Rena - Kerama","og_description":"Pack de 2 chaises longues en aluminium et beige en textile  Cadre en aluminium avec roues  Textilene rembourr\u00e9 avec une mousse \u00e0 s\u00e9chage rapide  Mesures : 197x68x40cm","og_url":"https:\/\/keramamueblesdejardin.com\/fr\/chaises-longues-et-detente\/pack-de-2-chaises-longues-blanches-en-aluminium-et-textilene-a-sechage-rapide-rena\/","og_site_name":"Kerama","article_publisher":"https:\/\/www.facebook.com\/Kerama-Muebles-de-Jard%c3%adn-106209328312568\/","og_image":[{"width":1200,"height":1200,"url":"https:\/\/keramamueblesdejardin.com\/wp-content\/uploads\/2026\/04\/s026x2-principal.jpg","type":"image\/jpeg"}],"twitter_card":"summary_large_image","schema":{"@context":"https:\/\/schema.org","@graph":[{"@type":"WebPage","@id":"https:\/\/keramamueblesdejardin.com\/fr\/chaises-longues-et-detente\/pack-de-2-chaises-longues-blanches-en-aluminium-et-textilene-a-sechage-rapide-rena\/","url":"https:\/\/keramamueblesdejardin.com\/fr\/chaises-longues-et-detente\/pack-de-2-chaises-longues-blanches-en-aluminium-et-textilene-a-sechage-rapide-rena\/","name":"Pack de 2 chaises longues blanches en aluminium et textilene \u00e0 s\u00e9chage rapide - Rena - Kerama","isPartOf":{"@id":"https:\/\/keramamueblesdejardin.com\/fr\/#website"},"primaryImageOfPage":{"@id":"https:\/\/keramamueblesdejardin.com\/fr\/chaises-longues-et-detente\/pack-de-2-chaises-longues-blanches-en-aluminium-et-textilene-a-sechage-rapide-rena\/#primaryimage"},"image":{"@id":"https:\/\/keramamueblesdejardin.com\/fr\/chaises-longues-et-detente\/pack-de-2-chaises-longues-blanches-en-aluminium-et-textilene-a-sechage-rapide-rena\/#primaryimage"},"thumbnailUrl":"https:\/\/keramamueblesdejardin.com\/wp-content\/uploads\/2026\/04\/s026x2-principal.jpg","datePublished":"2026-04-02T08:53:37+00:00","breadcrumb":{"@id":"https:\/\/keramamueblesdejardin.com\/fr\/chaises-longues-et-detente\/pack-de-2-chaises-longues-blanches-en-aluminium-et-textilene-a-sechage-rapide-rena\/#breadcrumb"},"inLanguage":"fr-FR","potentialAction":[{"@type":"ReadAction","target":["https:\/\/keramamueblesdejardin.com\/fr\/chaises-longues-et-detente\/pack-de-2-chaises-longues-blanches-en-aluminium-et-textilene-a-sechage-rapide-rena\/"]}]},{"@type":"ImageObject","inLanguage":"fr-FR","@id":"https:\/\/keramamueblesdejardin.com\/fr\/chaises-longues-et-detente\/pack-de-2-chaises-longues-blanches-en-aluminium-et-textilene-a-sechage-rapide-rena\/#primaryimage","url":"https:\/\/keramamueblesdejardin.com\/wp-content\/uploads\/2026\/04\/s026x2-principal.jpg","contentUrl":"https:\/\/keramamueblesdejardin.com\/wp-content\/uploads\/2026\/04\/s026x2-principal.jpg","width":1200,"height":1200},{"@type":"BreadcrumbList","@id":"https:\/\/keramamueblesdejardin.com\/fr\/chaises-longues-et-detente\/pack-de-2-chaises-longues-blanches-en-aluminium-et-textilene-a-sechage-rapide-rena\/#breadcrumb","itemListElement":[{"@type":"ListItem","position":1,"name":"Home","item":"https:\/\/keramamueblesdejardin.com\/fr\/"},{"@type":"ListItem","position":2,"name":"Boutique","item":"https:\/\/keramamueblesdejardin.com\/tienda\/"},{"@type":"ListItem","position":3,"name":"Pack de 2 chaises longues blanches en aluminium et textilene \u00e0 s\u00e9chage rapide &#8211; Rena"}]},{"@type":"WebSite","@id":"https:\/\/keramamueblesdejardin.com\/fr\/#website","url":"https:\/\/keramamueblesdejardin.com\/fr\/","name":"Kerama","description":"muebles de jard\u00edn","publisher":{"@id":"https:\/\/keramamueblesdejardin.com\/fr\/#organization"},"potentialAction":[{"@type":"SearchAction","target":{"@type":"EntryPoint","urlTemplate":"https:\/\/keramamueblesdejardin.com\/fr\/?s={search_term_string}"},"query-input":{"@type":"PropertyValueSpecification","valueRequired":true,"valueName":"search_term_string"}}],"inLanguage":"fr-FR"},{"@type":"Organization","@id":"https:\/\/keramamueblesdejardin.com\/fr\/#organization","name":"kerama","url":"https:\/\/keramamueblesdejardin.com\/fr\/","logo":{"@type":"ImageObject","inLanguage":"fr-FR","@id":"https:\/\/keramamueblesdejardin.com\/fr\/#\/schema\/logo\/image\/","url":"https:\/\/keramamueblesdejardin.com\/wp-content\/uploads\/2020\/12\/k.-scaled.jpg","contentUrl":"https:\/\/keramamueblesdejardin.com\/wp-content\/uploads\/2020\/12\/k.-scaled.jpg","width":2560,"height":551,"caption":"kerama"},"image":{"@id":"https:\/\/keramamueblesdejardin.com\/fr\/#\/schema\/logo\/image\/"},"sameAs":["https:\/\/www.facebook.com\/Kerama-Muebles-de-Jard\u00edn-106209328312568\/"]}]}},"df_price":639,"df_sale_price":639,"df_regular_price":759,"df_image_link":"https:\/\/keramamueblesdejardin.com\/wp-content\/uploads\/2026\/04\/s026x2-principal-300x300.jpg","custom_tabs":[{"title":"MESURES","id":"mesures","content":"<div class=\"list\"><strong>Hauteur: <\/strong>40cm<\/div>\n<div class=\"list\"><strong>Largeur : <\/strong>197 cm<\/div>\n<div class=\"list\"><strong>Profondeur : <\/strong>68 cm<\/div>"},{"title":"D\u00c9BALLAGE ET MONTAGE","id":"deballage-et-montage","content":"<div class=\"list\"><b>Ce transat n\u2019a pas besoin d\u2019\u00eatre assembl\u00e9<\/b><\/div>"}],"_links":{"self":[{"href":"https:\/\/keramamueblesdejardin.com\/fr\/wp-json\/wp\/v2\/product\/216836","targetHints":{"allow":["GET"]}}],"collection":[{"href":"https:\/\/keramamueblesdejardin.com\/fr\/wp-json\/wp\/v2\/product"}],"about":[{"href":"https:\/\/keramamueblesdejardin.com\/fr\/wp-json\/wp\/v2\/types\/product"}],"replies":[{"embeddable":true,"href":"https:\/\/keramamueblesdejardin.com\/fr\/wp-json\/wp\/v2\/comments?post=216836"}],"wp:featuredmedia":[{"embeddable":true,"href":"https:\/\/keramamueblesdejardin.com\/fr\/wp-json\/wp\/v2\/media\/216822"}],"wp:attachment":[{"href":"https:\/\/keramamueblesdejardin.com\/fr\/wp-json\/wp\/v2\/media?parent=216836"}],"wp:term":[{"taxonomy":"product_brand","embeddable":true,"href":"https:\/\/keramamueblesdejardin.com\/fr\/wp-json\/wp\/v2\/product_brand?post=216836"},{"taxonomy":"product_cat","embeddable":true,"href":"https:\/\/keramamueblesdejardin.com\/fr\/wp-json\/wp\/v2\/product_cat?post=216836"},{"taxonomy":"product_tag","embeddable":true,"href":"https:\/\/keramamueblesdejardin.com\/fr\/wp-json\/wp\/v2\/product_tag?post=216836"}],"curies":[{"name":"wp","href":"https:\/\/api.w.org\/{rel}","templated":true}]}}