{"id":177666,"date":"2025-03-25T16:24:55","date_gmt":"2025-03-25T15:24:55","guid":{"rendered":"https:\/\/keramamueblesdejardin.com\/non class\u00e9\/salle-a-manger-8-places-en-aluminium-blanc-et-polypropylene-vermont-ontario\/"},"modified":"2025-03-25T17:24:55","modified_gmt":"2025-03-25T16:24:55","slug":"salle-a-manger-salle-a-manger-8-places-aluminium-blanc-et-polypropylene-vermontontario-2","status":"publish","type":"product","link":"https:\/\/keramamueblesdejardin.com\/fr\/diner-en-plein-air\/ensemble-table-et-chaises-de-jardin\/salle-a-manger-salle-a-manger-8-places-aluminium-blanc-et-polypropylene-vermontontario-2\/","title":{"rendered":"Salle \u00e0 manger 8 places en aluminium blanc et polypropyl\u00e8ne &#8211; Vermont &amp; Ontario"},"content":{"rendered":"<p class=\"\" data-start=\"358\" data-end=\"778\"><strong data-start=\"361\" data-end=\"402\">L\u2019ensemble de salle \u00e0 manger de jardin Vermont<\/strong> offre une combinaison parfaite de design contemporain, de confort et de mat\u00e9riaux durables, id\u00e9al pour profiter de l\u2019ext\u00e9rieur toute l\u2019ann\u00e9e. La table, avec une structure <strong data-start=\"576\" data-end=\"607\">en aluminium de couleur anthracite<\/strong> et une surface en <strong data-start=\"624\" data-end=\"656\">teck naturel certifi\u00e9 FSC<\/strong>, se distingue par ses lignes modernes et ergonomiques qui apportent \u00e9l\u00e9gance et fonctionnalit\u00e9 \u00e0 n\u2019importe quelle terrasse, patio ou jardin. <\/p>\n<p class=\"\" data-start=\"780\" data-end=\"1059\">Gr\u00e2ce \u00e0 son <strong data-start=\"793\" data-end=\"839\">syst\u00e8me de double extension \u00e0 l\u2019aide de rails<\/strong>, la table peut \u00eatre facilement agrandie de 200&#215;100 cm \u00e0 260&#215;100 cm ou m\u00eame \u00e0 320&#215;100 cm, ce qui lui permet de s\u2019adapter confortablement \u00e0 des r\u00e9unions de diff\u00e9rentes tailles sans que les pieds n\u2019interf\u00e8rent avec l\u2019espace des convives.<\/p>\n<p class=\"\" data-start=\"1061\" data-end=\"1412\">L\u2019ensemble est compl\u00e9t\u00e9 par <strong data-start=\"1089\" data-end=\"1136\">8 chaises empilables de la collection Ontario<\/strong>, fabriqu\u00e9es <strong data-start=\"1152\" data-end=\"1208\">en polypropyl\u00e8ne haute r\u00e9sistance de couleur anthracite<\/strong>, avec un design enveloppant et des accoudoirs. Ces chaises sont pr\u00e9par\u00e9es pour r\u00e9sister \u00e0 toutes les intemp\u00e9ries sans perdre leur forme ou leur couleur, et leur structure empilable facilite le rangement lorsqu\u2019elles ne sont pas utilis\u00e9es. <\/p>\n<p class=\"\" data-start=\"1414\" data-end=\"1569\">Cet ensemble de <strong data-start=\"1419\" data-end=\"1452\">salle \u00e0 manger de jardin<\/strong> Vermont combine esth\u00e9tique, fonctionnalit\u00e9 et durabilit\u00e9 pour cr\u00e9er l\u2019ambiance parfaite dans n\u2019importe quel espace ext\u00e9rieur.<\/p>\n<p class=\"\" data-start=\"1571\" data-end=\"1585\"><strong data-start=\"1571\" data-end=\"1583\">Mesure:<\/strong><\/p>\n<ul data-start=\"1586\" data-end=\"1651\">\n<li class=\"\" data-start=\"1586\" data-end=\"1620\">\n<p class=\"\" data-start=\"1588\" data-end=\"1620\">Table&nbsp;: 200 \/ 260 \/ 320 x 100 cm<\/p>\n<\/li>\n<li class=\"\" data-start=\"1621\" data-end=\"1651\">\n<p class=\"\" data-start=\"1623\" data-end=\"1651\">Chaise : 56,5 x 55 x 80,5 cm<\/p>\n<\/li>\n<\/ul>\n","protected":false},"excerpt":{"rendered":"<ul>\n<li>Set de salle \u00e0 manger table extensible et 8 chaises<\/li>\n<li>Table \u00e0 double extension en aluminium anthracite et teck<\/li>\n<li>Chaises empilables polypropyl\u00e8ne anthracite<\/li>\n<li>Table : 200\/260\/320x100cm, Chaise : 56.5x55x80.5cm<\/li>\n<\/ul>\n","protected":false},"featured_media":177255,"comment_status":"closed","ping_status":"open","template":"","meta":{"_acf_changed":false},"product_brand":[],"product_cat":[578,579],"product_tag":[],"class_list":{"0":"post-177666","1":"product","2":"type-product","3":"status-publish","4":"has-post-thumbnail","6":"product_cat-diner-en-plein-air","7":"product_cat-ensemble-table-et-chaises-de-jardin","8":"product_shipping_class-envio-gratuito-fr","10":"first","11":"instock","12":"sale","13":"purchasable","14":"product-type-simple","15":"add-to-wishlist-before_image"},"acf":[],"yoast_head":"<!-- This site is optimized with the Yoast SEO plugin v27.2 - https:\/\/yoast.com\/product\/yoast-seo-wordpress\/ -->\n<title>Salle \u00e0 manger 8 places en aluminium blanc et polypropyl\u00e8ne - Vermont &amp; Ontario - Kerama<\/title>\n<meta name=\"robots\" content=\"index, follow, max-snippet:-1, max-image-preview:large, max-video-preview:-1\" \/>\n<link rel=\"canonical\" href=\"https:\/\/keramamueblesdejardin.com\/fr\/diner-en-plein-air\/ensemble-table-et-chaises-de-jardin\/salle-a-manger-salle-a-manger-8-places-aluminium-blanc-et-polypropylene-vermontontario-2\/\" \/>\n<meta property=\"og:locale\" content=\"fr_FR\" \/>\n<meta property=\"og:type\" content=\"article\" \/>\n<meta property=\"og:title\" content=\"Salle \u00e0 manger 8 places en aluminium blanc et polypropyl\u00e8ne - Vermont &amp; Ontario - Kerama\" \/>\n<meta property=\"og:description\" content=\"Set de salle \u00e0 manger table extensible et 8 chaises  Table \u00e0 double extension en aluminium anthracite et teck  Chaises empilables polypropyl\u00e8ne anthracite  Table : 200\/260\/320x100cm, Chaise : 56.5x55x80.5cm\" \/>\n<meta property=\"og:url\" content=\"https:\/\/keramamueblesdejardin.com\/fr\/diner-en-plein-air\/ensemble-table-et-chaises-de-jardin\/salle-a-manger-salle-a-manger-8-places-aluminium-blanc-et-polypropylene-vermontontario-2\/\" \/>\n<meta property=\"og:site_name\" content=\"Kerama\" \/>\n<meta property=\"article:publisher\" content=\"https:\/\/www.facebook.com\/Kerama-Muebles-de-Jard%c3%adn-106209328312568\/\" \/>\n<meta property=\"article:modified_time\" content=\"2025-03-25T16:24:55+00:00\" \/>\n<meta property=\"og:image\" content=\"https:\/\/keramamueblesdejardin.com\/wp-content\/uploads\/2025\/03\/vermont_0012_set-de-comedor-jardin-extensible-8-plazas-antracita-9.jpg\" \/>\n\t<meta property=\"og:image:width\" content=\"1200\" \/>\n\t<meta property=\"og:image:height\" content=\"1200\" \/>\n\t<meta property=\"og:image:type\" content=\"image\/jpeg\" \/>\n<meta name=\"twitter:card\" content=\"summary_large_image\" \/>\n<meta name=\"twitter:label1\" content=\"Dur\u00e9e de lecture estim\u00e9e\" \/>\n\t<meta name=\"twitter:data1\" content=\"1 minute\" \/>\n<script type=\"application\/ld+json\" class=\"yoast-schema-graph\">{\"@context\":\"https:\/\/schema.org\",\"@graph\":[{\"@type\":\"WebPage\",\"@id\":\"https:\/\/keramamueblesdejardin.com\/fr\/diner-en-plein-air\/ensemble-table-et-chaises-de-jardin\/salle-a-manger-salle-a-manger-8-places-aluminium-blanc-et-polypropylene-vermontontario-2\/\",\"url\":\"https:\/\/keramamueblesdejardin.com\/fr\/diner-en-plein-air\/ensemble-table-et-chaises-de-jardin\/salle-a-manger-salle-a-manger-8-places-aluminium-blanc-et-polypropylene-vermontontario-2\/\",\"name\":\"Salle \u00e0 manger 8 places en aluminium blanc et polypropyl\u00e8ne - Vermont &amp; Ontario - Kerama\",\"isPartOf\":{\"@id\":\"https:\/\/keramamueblesdejardin.com\/fr\/#website\"},\"primaryImageOfPage\":{\"@id\":\"https:\/\/keramamueblesdejardin.com\/fr\/diner-en-plein-air\/ensemble-table-et-chaises-de-jardin\/salle-a-manger-salle-a-manger-8-places-aluminium-blanc-et-polypropylene-vermontontario-2\/#primaryimage\"},\"image\":{\"@id\":\"https:\/\/keramamueblesdejardin.com\/fr\/diner-en-plein-air\/ensemble-table-et-chaises-de-jardin\/salle-a-manger-salle-a-manger-8-places-aluminium-blanc-et-polypropylene-vermontontario-2\/#primaryimage\"},\"thumbnailUrl\":\"https:\/\/keramamueblesdejardin.com\/wp-content\/uploads\/2025\/03\/vermont_0012_set-de-comedor-jardin-extensible-8-plazas-antracita-9.jpg\",\"datePublished\":\"2025-03-25T15:24:55+00:00\",\"dateModified\":\"2025-03-25T16:24:55+00:00\",\"breadcrumb\":{\"@id\":\"https:\/\/keramamueblesdejardin.com\/fr\/diner-en-plein-air\/ensemble-table-et-chaises-de-jardin\/salle-a-manger-salle-a-manger-8-places-aluminium-blanc-et-polypropylene-vermontontario-2\/#breadcrumb\"},\"inLanguage\":\"fr-FR\",\"potentialAction\":[{\"@type\":\"ReadAction\",\"target\":[\"https:\/\/keramamueblesdejardin.com\/fr\/diner-en-plein-air\/ensemble-table-et-chaises-de-jardin\/salle-a-manger-salle-a-manger-8-places-aluminium-blanc-et-polypropylene-vermontontario-2\/\"]}]},{\"@type\":\"ImageObject\",\"inLanguage\":\"fr-FR\",\"@id\":\"https:\/\/keramamueblesdejardin.com\/fr\/diner-en-plein-air\/ensemble-table-et-chaises-de-jardin\/salle-a-manger-salle-a-manger-8-places-aluminium-blanc-et-polypropylene-vermontontario-2\/#primaryimage\",\"url\":\"https:\/\/keramamueblesdejardin.com\/wp-content\/uploads\/2025\/03\/vermont_0012_set-de-comedor-jardin-extensible-8-plazas-antracita-9.jpg\",\"contentUrl\":\"https:\/\/keramamueblesdejardin.com\/wp-content\/uploads\/2025\/03\/vermont_0012_set-de-comedor-jardin-extensible-8-plazas-antracita-9.jpg\",\"width\":1200,\"height\":1200},{\"@type\":\"BreadcrumbList\",\"@id\":\"https:\/\/keramamueblesdejardin.com\/fr\/diner-en-plein-air\/ensemble-table-et-chaises-de-jardin\/salle-a-manger-salle-a-manger-8-places-aluminium-blanc-et-polypropylene-vermontontario-2\/#breadcrumb\",\"itemListElement\":[{\"@type\":\"ListItem\",\"position\":1,\"name\":\"Home\",\"item\":\"https:\/\/keramamueblesdejardin.com\/fr\/\"},{\"@type\":\"ListItem\",\"position\":2,\"name\":\"Boutique\",\"item\":\"https:\/\/keramamueblesdejardin.com\/tienda\/\"},{\"@type\":\"ListItem\",\"position\":3,\"name\":\"D\u00eener en plein air\",\"item\":\"https:\/\/keramamueblesdejardin.com\/fr\/diner-en-plein-air\/\"},{\"@type\":\"ListItem\",\"position\":4,\"name\":\"Ensemble table et chaises de jardin\",\"item\":\"https:\/\/keramamueblesdejardin.com\/fr\/diner-en-plein-air\/ensemble-table-et-chaises-de-jardin\/\"},{\"@type\":\"ListItem\",\"position\":5,\"name\":\"Salle \u00e0 manger 8 places en aluminium blanc et polypropyl\u00e8ne &#8211; Vermont &amp; Ontario\"}]},{\"@type\":\"WebSite\",\"@id\":\"https:\/\/keramamueblesdejardin.com\/fr\/#website\",\"url\":\"https:\/\/keramamueblesdejardin.com\/fr\/\",\"name\":\"Kerama\",\"description\":\"muebles de jard\u00edn\",\"publisher\":{\"@id\":\"https:\/\/keramamueblesdejardin.com\/fr\/#organization\"},\"potentialAction\":[{\"@type\":\"SearchAction\",\"target\":{\"@type\":\"EntryPoint\",\"urlTemplate\":\"https:\/\/keramamueblesdejardin.com\/fr\/?s={search_term_string}\"},\"query-input\":{\"@type\":\"PropertyValueSpecification\",\"valueRequired\":true,\"valueName\":\"search_term_string\"}}],\"inLanguage\":\"fr-FR\"},{\"@type\":\"Organization\",\"@id\":\"https:\/\/keramamueblesdejardin.com\/fr\/#organization\",\"name\":\"kerama\",\"url\":\"https:\/\/keramamueblesdejardin.com\/fr\/\",\"logo\":{\"@type\":\"ImageObject\",\"inLanguage\":\"fr-FR\",\"@id\":\"https:\/\/keramamueblesdejardin.com\/fr\/#\/schema\/logo\/image\/\",\"url\":\"https:\/\/keramamueblesdejardin.com\/wp-content\/uploads\/2020\/12\/k.-scaled.jpg\",\"contentUrl\":\"https:\/\/keramamueblesdejardin.com\/wp-content\/uploads\/2020\/12\/k.-scaled.jpg\",\"width\":2560,\"height\":551,\"caption\":\"kerama\"},\"image\":{\"@id\":\"https:\/\/keramamueblesdejardin.com\/fr\/#\/schema\/logo\/image\/\"},\"sameAs\":[\"https:\/\/www.facebook.com\/Kerama-Muebles-de-Jard\u00edn-106209328312568\/\"]}]}<\/script>\n<!-- \/ Yoast SEO plugin. -->","yoast_head_json":{"title":"Salle \u00e0 manger 8 places en aluminium blanc et polypropyl\u00e8ne - Vermont &amp; Ontario - Kerama","robots":{"index":"index","follow":"follow","max-snippet":"max-snippet:-1","max-image-preview":"max-image-preview:large","max-video-preview":"max-video-preview:-1"},"canonical":"https:\/\/keramamueblesdejardin.com\/fr\/diner-en-plein-air\/ensemble-table-et-chaises-de-jardin\/salle-a-manger-salle-a-manger-8-places-aluminium-blanc-et-polypropylene-vermontontario-2\/","og_locale":"fr_FR","og_type":"article","og_title":"Salle \u00e0 manger 8 places en aluminium blanc et polypropyl\u00e8ne - Vermont &amp; Ontario - Kerama","og_description":"Set de salle \u00e0 manger table extensible et 8 chaises  Table \u00e0 double extension en aluminium anthracite et teck  Chaises empilables polypropyl\u00e8ne anthracite  Table : 200\/260\/320x100cm, Chaise : 56.5x55x80.5cm","og_url":"https:\/\/keramamueblesdejardin.com\/fr\/diner-en-plein-air\/ensemble-table-et-chaises-de-jardin\/salle-a-manger-salle-a-manger-8-places-aluminium-blanc-et-polypropylene-vermontontario-2\/","og_site_name":"Kerama","article_publisher":"https:\/\/www.facebook.com\/Kerama-Muebles-de-Jard%c3%adn-106209328312568\/","article_modified_time":"2025-03-25T16:24:55+00:00","og_image":[{"width":1200,"height":1200,"url":"https:\/\/keramamueblesdejardin.com\/wp-content\/uploads\/2025\/03\/vermont_0012_set-de-comedor-jardin-extensible-8-plazas-antracita-9.jpg","type":"image\/jpeg"}],"twitter_card":"summary_large_image","twitter_misc":{"Dur\u00e9e de lecture estim\u00e9e":"1 minute"},"schema":{"@context":"https:\/\/schema.org","@graph":[{"@type":"WebPage","@id":"https:\/\/keramamueblesdejardin.com\/fr\/diner-en-plein-air\/ensemble-table-et-chaises-de-jardin\/salle-a-manger-salle-a-manger-8-places-aluminium-blanc-et-polypropylene-vermontontario-2\/","url":"https:\/\/keramamueblesdejardin.com\/fr\/diner-en-plein-air\/ensemble-table-et-chaises-de-jardin\/salle-a-manger-salle-a-manger-8-places-aluminium-blanc-et-polypropylene-vermontontario-2\/","name":"Salle \u00e0 manger 8 places en aluminium blanc et polypropyl\u00e8ne - Vermont &amp; Ontario - Kerama","isPartOf":{"@id":"https:\/\/keramamueblesdejardin.com\/fr\/#website"},"primaryImageOfPage":{"@id":"https:\/\/keramamueblesdejardin.com\/fr\/diner-en-plein-air\/ensemble-table-et-chaises-de-jardin\/salle-a-manger-salle-a-manger-8-places-aluminium-blanc-et-polypropylene-vermontontario-2\/#primaryimage"},"image":{"@id":"https:\/\/keramamueblesdejardin.com\/fr\/diner-en-plein-air\/ensemble-table-et-chaises-de-jardin\/salle-a-manger-salle-a-manger-8-places-aluminium-blanc-et-polypropylene-vermontontario-2\/#primaryimage"},"thumbnailUrl":"https:\/\/keramamueblesdejardin.com\/wp-content\/uploads\/2025\/03\/vermont_0012_set-de-comedor-jardin-extensible-8-plazas-antracita-9.jpg","datePublished":"2025-03-25T15:24:55+00:00","dateModified":"2025-03-25T16:24:55+00:00","breadcrumb":{"@id":"https:\/\/keramamueblesdejardin.com\/fr\/diner-en-plein-air\/ensemble-table-et-chaises-de-jardin\/salle-a-manger-salle-a-manger-8-places-aluminium-blanc-et-polypropylene-vermontontario-2\/#breadcrumb"},"inLanguage":"fr-FR","potentialAction":[{"@type":"ReadAction","target":["https:\/\/keramamueblesdejardin.com\/fr\/diner-en-plein-air\/ensemble-table-et-chaises-de-jardin\/salle-a-manger-salle-a-manger-8-places-aluminium-blanc-et-polypropylene-vermontontario-2\/"]}]},{"@type":"ImageObject","inLanguage":"fr-FR","@id":"https:\/\/keramamueblesdejardin.com\/fr\/diner-en-plein-air\/ensemble-table-et-chaises-de-jardin\/salle-a-manger-salle-a-manger-8-places-aluminium-blanc-et-polypropylene-vermontontario-2\/#primaryimage","url":"https:\/\/keramamueblesdejardin.com\/wp-content\/uploads\/2025\/03\/vermont_0012_set-de-comedor-jardin-extensible-8-plazas-antracita-9.jpg","contentUrl":"https:\/\/keramamueblesdejardin.com\/wp-content\/uploads\/2025\/03\/vermont_0012_set-de-comedor-jardin-extensible-8-plazas-antracita-9.jpg","width":1200,"height":1200},{"@type":"BreadcrumbList","@id":"https:\/\/keramamueblesdejardin.com\/fr\/diner-en-plein-air\/ensemble-table-et-chaises-de-jardin\/salle-a-manger-salle-a-manger-8-places-aluminium-blanc-et-polypropylene-vermontontario-2\/#breadcrumb","itemListElement":[{"@type":"ListItem","position":1,"name":"Home","item":"https:\/\/keramamueblesdejardin.com\/fr\/"},{"@type":"ListItem","position":2,"name":"Boutique","item":"https:\/\/keramamueblesdejardin.com\/tienda\/"},{"@type":"ListItem","position":3,"name":"D\u00eener en plein air","item":"https:\/\/keramamueblesdejardin.com\/fr\/diner-en-plein-air\/"},{"@type":"ListItem","position":4,"name":"Ensemble table et chaises de jardin","item":"https:\/\/keramamueblesdejardin.com\/fr\/diner-en-plein-air\/ensemble-table-et-chaises-de-jardin\/"},{"@type":"ListItem","position":5,"name":"Salle \u00e0 manger 8 places en aluminium blanc et polypropyl\u00e8ne &#8211; Vermont &amp; Ontario"}]},{"@type":"WebSite","@id":"https:\/\/keramamueblesdejardin.com\/fr\/#website","url":"https:\/\/keramamueblesdejardin.com\/fr\/","name":"Kerama","description":"muebles de jard\u00edn","publisher":{"@id":"https:\/\/keramamueblesdejardin.com\/fr\/#organization"},"potentialAction":[{"@type":"SearchAction","target":{"@type":"EntryPoint","urlTemplate":"https:\/\/keramamueblesdejardin.com\/fr\/?s={search_term_string}"},"query-input":{"@type":"PropertyValueSpecification","valueRequired":true,"valueName":"search_term_string"}}],"inLanguage":"fr-FR"},{"@type":"Organization","@id":"https:\/\/keramamueblesdejardin.com\/fr\/#organization","name":"kerama","url":"https:\/\/keramamueblesdejardin.com\/fr\/","logo":{"@type":"ImageObject","inLanguage":"fr-FR","@id":"https:\/\/keramamueblesdejardin.com\/fr\/#\/schema\/logo\/image\/","url":"https:\/\/keramamueblesdejardin.com\/wp-content\/uploads\/2020\/12\/k.-scaled.jpg","contentUrl":"https:\/\/keramamueblesdejardin.com\/wp-content\/uploads\/2020\/12\/k.-scaled.jpg","width":2560,"height":551,"caption":"kerama"},"image":{"@id":"https:\/\/keramamueblesdejardin.com\/fr\/#\/schema\/logo\/image\/"},"sameAs":["https:\/\/www.facebook.com\/Kerama-Muebles-de-Jard\u00edn-106209328312568\/"]}]}},"df_price":2029,"df_sale_price":2029,"df_regular_price":2417,"df_image_link":"https:\/\/keramamueblesdejardin.com\/wp-content\/uploads\/2025\/03\/vermont_0012_set-de-comedor-jardin-extensible-8-plazas-antracita-9-300x300.jpg","custom_tabs":[{"title":"MESURES","id":"mesures","content":"<div class=\"list\">\n<div class=\"list\"><strong>Haut: <\/strong>Table 76cm \/ Chaise 80cm<\/div>\n<div class=\"list\"><strong>Large: <\/strong>Table 200\/260\/320cm \/ Chaise 56.5cm<\/div>\n<div class=\"list\"><strong>Fond: <\/strong>Table 100cm \/ Chaise 55cm<\/div>\n<\/div>"},{"title":"D\u00c9BALLAGE ET MONTAGE","id":"deballage-et-montage","content":"<div class=\"list\"><strong style=\"font-weight: bold; color: #282828;\">Recommandations pour le d\u00e9ballage :<\/strong><span style=\"color: #282828;\"> N'utilisez pas d'outils tranchants lors du d\u00e9ballage du meuble, car cela pourrait l'endommager.<\/span><br style=\"color: #282828;\"><strong style=\"font-weight: bold; color: #282828;\">Montage requis (O\/N) :<\/strong><span style=\"color: #282828;\"> Oui<\/span><br style=\"color: #282828;\"><strong style=\"font-weight: bold; color: #282828;\">Difficult\u00e9 de montage:<\/strong><span style=\"color: #282828;\"> Facile<\/span><br style=\"color: #282828;\"><strong style=\"font-weight: bold; color: #282828;\">Temps de montage :<\/strong><span style=\"color: #282828;\"> 20 minutes<\/span><br style=\"color: #282828;\"><strong style=\"font-weight: bold; color: #282828;\">Personnes recommand\u00e9es pour le montage :<\/strong><span style=\"color: #282828;\"> 2<\/span><br style=\"color: #282828;\"><strong style=\"font-weight: bold; color: #282828;\">Suggestions de montage :<\/strong><span style=\"color: #282828;\">  Pr\u00e9parez une zone de montage propre et s\u00e8che, v\u00e9rifiez qu'aucune des pi\u00e8ces \u00e9num\u00e9r\u00e9es dans le manuel ne manque. Nous recommandons l'utilisation de gants appropri\u00e9s pour le montage. N'utilisez que les pi\u00e8ces et les raccords fournis.<\/span><\/div>"},{"title":"ENTRETIEN ET GARANTIES","id":"entretien-et-garanties","content":"<div class=\"moz-signature\">\n<div class=\"list\"><strong>Recommandations g\u00e9n\u00e9rales :<\/strong>\n\u2022 Les pannes ou dommages caus\u00e9s par :\n\u2022 Les causes accidentelles telles que les chutes, les coups, le d\u00e9versement de liquides, l\u2019introduction de corps \u00e9trangers, ainsi que tout autre cas de force majeure sont exclues de la garantie.\n\u2022 Utilisation n\u00e9gligente, inappropri\u00e9e ou non domestique.\n\u2022 Dommages, corrosion et\/ou oxydation acc\u00e9l\u00e9r\u00e9s par des conditions environnementales d\u00e9favorables\n\u2022 Taches et d\u00e9coloration dues au non-respect de nos instructions de nettoyage\n\u2022 Dommages survenant lors du montage et de la manipulation sans avoir suivi les instructions de montage indiqu\u00e9es.\n<strong>Mode d\u2019emploi et d\u2019entretien :<\/strong>\n\u2022 Nettoyez d\u00e9licatement \u00e0 l\u2019aide d\u2019un chiffon ou utilisez un savon liquide neutre, en rin\u00e7ant abondamment \u00e0 l\u2019eau.\n\u2022 Enlevez r\u00e9guli\u00e8rement la poussi\u00e8re \u00e0 l\u2019aide d\u2019un chiffon doux et d\u2019eau claire.\n\u2022 N\u2019utilisez pas de d\u00e9tergents ou de produits abrasifs pour le nettoyage.\n<strong>Ann\u00e9es de garantie :<\/strong> 3 ans\n<strong>Fabriqu\u00e9 conform\u00e9ment \u00e0 la norme :<\/strong> 581-1,581-2,581-3<\/div>\n<\/div>"}],"_links":{"self":[{"href":"https:\/\/keramamueblesdejardin.com\/fr\/wp-json\/wp\/v2\/product\/177666","targetHints":{"allow":["GET"]}}],"collection":[{"href":"https:\/\/keramamueblesdejardin.com\/fr\/wp-json\/wp\/v2\/product"}],"about":[{"href":"https:\/\/keramamueblesdejardin.com\/fr\/wp-json\/wp\/v2\/types\/product"}],"replies":[{"embeddable":true,"href":"https:\/\/keramamueblesdejardin.com\/fr\/wp-json\/wp\/v2\/comments?post=177666"}],"wp:featuredmedia":[{"embeddable":true,"href":"https:\/\/keramamueblesdejardin.com\/fr\/wp-json\/wp\/v2\/media\/177255"}],"wp:attachment":[{"href":"https:\/\/keramamueblesdejardin.com\/fr\/wp-json\/wp\/v2\/media?parent=177666"}],"wp:term":[{"taxonomy":"product_brand","embeddable":true,"href":"https:\/\/keramamueblesdejardin.com\/fr\/wp-json\/wp\/v2\/product_brand?post=177666"},{"taxonomy":"product_cat","embeddable":true,"href":"https:\/\/keramamueblesdejardin.com\/fr\/wp-json\/wp\/v2\/product_cat?post=177666"},{"taxonomy":"product_tag","embeddable":true,"href":"https:\/\/keramamueblesdejardin.com\/fr\/wp-json\/wp\/v2\/product_tag?post=177666"}],"curies":[{"name":"wp","href":"https:\/\/api.w.org\/{rel}","templated":true}]}}