{"id":177054,"date":"2025-03-21T13:37:47","date_gmt":"2025-03-21T12:37:47","guid":{"rendered":"https:\/\/keramamueblesdejardin.com\/non class\u00e9\/salle-de-jardin-8-places-en-aluminium-beige-et-bois-vermont\/"},"modified":"2025-03-21T14:37:47","modified_gmt":"2025-03-21T13:37:47","slug":"jardin-salle-a-manger-8-places-aluminium-beige-et-bois-vermont","status":"publish","type":"product","link":"https:\/\/keramamueblesdejardin.com\/fr\/diner-en-plein-air\/ensemble-table-et-chaises-de-jardin\/jardin-salle-a-manger-8-places-aluminium-beige-et-bois-vermont\/","title":{"rendered":"Salle de jardin 8 places en aluminium beige et bois &#8211; Vermont"},"content":{"rendered":"<p class=\"\" data-start=\"355\" data-end=\"639\"><strong data-start=\"358\" data-end=\"399\">L\u2019ensemble de salle \u00e0 manger de jardin Vermont<\/strong> est la combinaison id\u00e9ale d\u2019un design moderne, d\u2019un confort et de mat\u00e9riaux d\u2019ext\u00e9rieur durables. Cette collection \u00e9l\u00e9gante est maintenant pr\u00e9sent\u00e9e dans une finition <strong data-start=\"563\" data-end=\"572\">beige<\/strong> sophistiqu\u00e9e, apportant chaleur et harmonie \u00e0 n\u2019importe quelle terrasse, patio ou jardin. <\/p>\n<p class=\"\" data-start=\"641\" data-end=\"1013\">La <strong data-start=\"644\" data-end=\"671\">table extensible Vermont<\/strong>, fabriqu\u00e9e en aluminium beige et surface en teck certifi\u00e9 FSC, dispose d\u2019un syst\u00e8me de double extension \u00e0 l\u2019aide de rails qui lui permet d\u2019\u00eatre facilement adapt\u00e9e de 200&#215;100 cm \u00e0 260&#215;100 cm ou jusqu\u2019\u00e0 320&#215;100 cm. Sa structure est con\u00e7ue pour \u00e9viter que les jambes n\u2019interf\u00e8rent avec l\u2019espace des convives, assurant ainsi un confort maximal. <\/p>\n<p class=\"\" data-start=\"1015\" data-end=\"1295\">Les 8 chaises incluses, \u00e9galement en aluminium beige avec une assise en teck naturel, sont <strong data-start=\"1098\" data-end=\"1134\">l\u00e9g\u00e8res, r\u00e9sistantes et empilables<\/strong>, ce qui les rend faciles \u00e0 ranger sans sacrifier le style. Sa conception ergonomique garantit une exp\u00e9rience confortable, m\u00eame lors de longues conversations en plein air apr\u00e8s le d\u00eener. <\/p>\n<p class=\"\" data-start=\"1297\" data-end=\"1493\">Cet ensemble de <strong data-start=\"1302\" data-end=\"1335\">salle \u00e0 manger de jardin<\/strong> Vermont est parfait pour ceux qui recherchent durabilit\u00e9, design et fonctionnalit\u00e9 en un seul produit, con\u00e7u pour profiter pleinement des espaces ext\u00e9rieurs.<\/p>\n","protected":false},"excerpt":{"rendered":"<ul>\n<li>Set de salle \u00e0 manger table extensible et 8 chaises<\/li>\n<li>Table \u00e0 double extension en aluminium anthracite et teck<\/li>\n<li>Chaises empilables aluminium anthracite et teck<\/li>\n<li>Table : 200\/260\/320x100cm, Chaise : 57x62x76cm<\/li>\n<\/ul>\n","protected":false},"featured_media":177029,"comment_status":"closed","ping_status":"open","template":"","meta":{"_acf_changed":false},"product_brand":[],"product_cat":[578,579],"product_tag":[],"class_list":{"0":"post-177054","1":"product","2":"type-product","3":"status-publish","4":"has-post-thumbnail","6":"product_cat-diner-en-plein-air","7":"product_cat-ensemble-table-et-chaises-de-jardin","9":"first","10":"instock","11":"sale","12":"purchasable","13":"product-type-simple","14":"add-to-wishlist-before_image"},"acf":[],"yoast_head":"<!-- This site is optimized with the Yoast SEO plugin v27.2 - https:\/\/yoast.com\/product\/yoast-seo-wordpress\/ -->\n<title>Salle de jardin 8 places en aluminium beige et bois - Vermont - Kerama<\/title>\n<meta name=\"robots\" content=\"index, follow, max-snippet:-1, max-image-preview:large, max-video-preview:-1\" \/>\n<link rel=\"canonical\" href=\"https:\/\/keramamueblesdejardin.com\/fr\/diner-en-plein-air\/ensemble-table-et-chaises-de-jardin\/jardin-salle-a-manger-8-places-aluminium-beige-et-bois-vermont\/\" \/>\n<meta property=\"og:locale\" content=\"fr_FR\" \/>\n<meta property=\"og:type\" content=\"article\" \/>\n<meta property=\"og:title\" content=\"Salle de jardin 8 places en aluminium beige et bois - Vermont - Kerama\" \/>\n<meta property=\"og:description\" content=\"Set de salle \u00e0 manger table extensible et 8 chaises  Table \u00e0 double extension en aluminium anthracite et teck  Chaises empilables aluminium anthracite et teck  Table : 200\/260\/320x100cm, Chaise : 57x62x76cm\" \/>\n<meta property=\"og:url\" content=\"https:\/\/keramamueblesdejardin.com\/fr\/diner-en-plein-air\/ensemble-table-et-chaises-de-jardin\/jardin-salle-a-manger-8-places-aluminium-beige-et-bois-vermont\/\" \/>\n<meta property=\"og:site_name\" content=\"Kerama\" \/>\n<meta property=\"article:publisher\" content=\"https:\/\/www.facebook.com\/Kerama-Muebles-de-Jard%c3%adn-106209328312568\/\" \/>\n<meta property=\"article:modified_time\" content=\"2025-03-21T13:37:47+00:00\" \/>\n<meta property=\"og:image\" content=\"https:\/\/keramamueblesdejardin.com\/wp-content\/uploads\/2025\/03\/vermont-beige-2.jpg\" \/>\n\t<meta property=\"og:image:width\" content=\"1200\" \/>\n\t<meta property=\"og:image:height\" content=\"1200\" \/>\n\t<meta property=\"og:image:type\" content=\"image\/jpeg\" \/>\n<meta name=\"twitter:card\" content=\"summary_large_image\" \/>\n<meta name=\"twitter:label1\" content=\"Dur\u00e9e de lecture estim\u00e9e\" \/>\n\t<meta name=\"twitter:data1\" content=\"1 minute\" \/>\n<script type=\"application\/ld+json\" class=\"yoast-schema-graph\">{\"@context\":\"https:\/\/schema.org\",\"@graph\":[{\"@type\":\"WebPage\",\"@id\":\"https:\/\/keramamueblesdejardin.com\/fr\/diner-en-plein-air\/ensemble-table-et-chaises-de-jardin\/jardin-salle-a-manger-8-places-aluminium-beige-et-bois-vermont\/\",\"url\":\"https:\/\/keramamueblesdejardin.com\/fr\/diner-en-plein-air\/ensemble-table-et-chaises-de-jardin\/jardin-salle-a-manger-8-places-aluminium-beige-et-bois-vermont\/\",\"name\":\"Salle de jardin 8 places en aluminium beige et bois - Vermont - Kerama\",\"isPartOf\":{\"@id\":\"https:\/\/keramamueblesdejardin.com\/fr\/#website\"},\"primaryImageOfPage\":{\"@id\":\"https:\/\/keramamueblesdejardin.com\/fr\/diner-en-plein-air\/ensemble-table-et-chaises-de-jardin\/jardin-salle-a-manger-8-places-aluminium-beige-et-bois-vermont\/#primaryimage\"},\"image\":{\"@id\":\"https:\/\/keramamueblesdejardin.com\/fr\/diner-en-plein-air\/ensemble-table-et-chaises-de-jardin\/jardin-salle-a-manger-8-places-aluminium-beige-et-bois-vermont\/#primaryimage\"},\"thumbnailUrl\":\"https:\/\/keramamueblesdejardin.com\/wp-content\/uploads\/2025\/03\/vermont-beige-2.jpg\",\"datePublished\":\"2025-03-21T12:37:47+00:00\",\"dateModified\":\"2025-03-21T13:37:47+00:00\",\"breadcrumb\":{\"@id\":\"https:\/\/keramamueblesdejardin.com\/fr\/diner-en-plein-air\/ensemble-table-et-chaises-de-jardin\/jardin-salle-a-manger-8-places-aluminium-beige-et-bois-vermont\/#breadcrumb\"},\"inLanguage\":\"fr-FR\",\"potentialAction\":[{\"@type\":\"ReadAction\",\"target\":[\"https:\/\/keramamueblesdejardin.com\/fr\/diner-en-plein-air\/ensemble-table-et-chaises-de-jardin\/jardin-salle-a-manger-8-places-aluminium-beige-et-bois-vermont\/\"]}]},{\"@type\":\"ImageObject\",\"inLanguage\":\"fr-FR\",\"@id\":\"https:\/\/keramamueblesdejardin.com\/fr\/diner-en-plein-air\/ensemble-table-et-chaises-de-jardin\/jardin-salle-a-manger-8-places-aluminium-beige-et-bois-vermont\/#primaryimage\",\"url\":\"https:\/\/keramamueblesdejardin.com\/wp-content\/uploads\/2025\/03\/vermont-beige-2.jpg\",\"contentUrl\":\"https:\/\/keramamueblesdejardin.com\/wp-content\/uploads\/2025\/03\/vermont-beige-2.jpg\",\"width\":1200,\"height\":1200},{\"@type\":\"BreadcrumbList\",\"@id\":\"https:\/\/keramamueblesdejardin.com\/fr\/diner-en-plein-air\/ensemble-table-et-chaises-de-jardin\/jardin-salle-a-manger-8-places-aluminium-beige-et-bois-vermont\/#breadcrumb\",\"itemListElement\":[{\"@type\":\"ListItem\",\"position\":1,\"name\":\"Home\",\"item\":\"https:\/\/keramamueblesdejardin.com\/fr\/\"},{\"@type\":\"ListItem\",\"position\":2,\"name\":\"Boutique\",\"item\":\"https:\/\/keramamueblesdejardin.com\/tienda\/\"},{\"@type\":\"ListItem\",\"position\":3,\"name\":\"D\u00eener en plein air\",\"item\":\"https:\/\/keramamueblesdejardin.com\/fr\/diner-en-plein-air\/\"},{\"@type\":\"ListItem\",\"position\":4,\"name\":\"Ensemble table et chaises de jardin\",\"item\":\"https:\/\/keramamueblesdejardin.com\/fr\/diner-en-plein-air\/ensemble-table-et-chaises-de-jardin\/\"},{\"@type\":\"ListItem\",\"position\":5,\"name\":\"Salle de jardin 8 places en aluminium beige et bois &#8211; Vermont\"}]},{\"@type\":\"WebSite\",\"@id\":\"https:\/\/keramamueblesdejardin.com\/fr\/#website\",\"url\":\"https:\/\/keramamueblesdejardin.com\/fr\/\",\"name\":\"Kerama\",\"description\":\"muebles de jard\u00edn\",\"publisher\":{\"@id\":\"https:\/\/keramamueblesdejardin.com\/fr\/#organization\"},\"potentialAction\":[{\"@type\":\"SearchAction\",\"target\":{\"@type\":\"EntryPoint\",\"urlTemplate\":\"https:\/\/keramamueblesdejardin.com\/fr\/?s={search_term_string}\"},\"query-input\":{\"@type\":\"PropertyValueSpecification\",\"valueRequired\":true,\"valueName\":\"search_term_string\"}}],\"inLanguage\":\"fr-FR\"},{\"@type\":\"Organization\",\"@id\":\"https:\/\/keramamueblesdejardin.com\/fr\/#organization\",\"name\":\"kerama\",\"url\":\"https:\/\/keramamueblesdejardin.com\/fr\/\",\"logo\":{\"@type\":\"ImageObject\",\"inLanguage\":\"fr-FR\",\"@id\":\"https:\/\/keramamueblesdejardin.com\/fr\/#\/schema\/logo\/image\/\",\"url\":\"https:\/\/keramamueblesdejardin.com\/wp-content\/uploads\/2020\/12\/k.-scaled.jpg\",\"contentUrl\":\"https:\/\/keramamueblesdejardin.com\/wp-content\/uploads\/2020\/12\/k.-scaled.jpg\",\"width\":2560,\"height\":551,\"caption\":\"kerama\"},\"image\":{\"@id\":\"https:\/\/keramamueblesdejardin.com\/fr\/#\/schema\/logo\/image\/\"},\"sameAs\":[\"https:\/\/www.facebook.com\/Kerama-Muebles-de-Jard\u00edn-106209328312568\/\"]}]}<\/script>\n<!-- \/ Yoast SEO plugin. -->","yoast_head_json":{"title":"Salle de jardin 8 places en aluminium beige et bois - Vermont - Kerama","robots":{"index":"index","follow":"follow","max-snippet":"max-snippet:-1","max-image-preview":"max-image-preview:large","max-video-preview":"max-video-preview:-1"},"canonical":"https:\/\/keramamueblesdejardin.com\/fr\/diner-en-plein-air\/ensemble-table-et-chaises-de-jardin\/jardin-salle-a-manger-8-places-aluminium-beige-et-bois-vermont\/","og_locale":"fr_FR","og_type":"article","og_title":"Salle de jardin 8 places en aluminium beige et bois - Vermont - Kerama","og_description":"Set de salle \u00e0 manger table extensible et 8 chaises  Table \u00e0 double extension en aluminium anthracite et teck  Chaises empilables aluminium anthracite et teck  Table : 200\/260\/320x100cm, Chaise : 57x62x76cm","og_url":"https:\/\/keramamueblesdejardin.com\/fr\/diner-en-plein-air\/ensemble-table-et-chaises-de-jardin\/jardin-salle-a-manger-8-places-aluminium-beige-et-bois-vermont\/","og_site_name":"Kerama","article_publisher":"https:\/\/www.facebook.com\/Kerama-Muebles-de-Jard%c3%adn-106209328312568\/","article_modified_time":"2025-03-21T13:37:47+00:00","og_image":[{"width":1200,"height":1200,"url":"https:\/\/keramamueblesdejardin.com\/wp-content\/uploads\/2025\/03\/vermont-beige-2.jpg","type":"image\/jpeg"}],"twitter_card":"summary_large_image","twitter_misc":{"Dur\u00e9e de lecture estim\u00e9e":"1 minute"},"schema":{"@context":"https:\/\/schema.org","@graph":[{"@type":"WebPage","@id":"https:\/\/keramamueblesdejardin.com\/fr\/diner-en-plein-air\/ensemble-table-et-chaises-de-jardin\/jardin-salle-a-manger-8-places-aluminium-beige-et-bois-vermont\/","url":"https:\/\/keramamueblesdejardin.com\/fr\/diner-en-plein-air\/ensemble-table-et-chaises-de-jardin\/jardin-salle-a-manger-8-places-aluminium-beige-et-bois-vermont\/","name":"Salle de jardin 8 places en aluminium beige et bois - Vermont - Kerama","isPartOf":{"@id":"https:\/\/keramamueblesdejardin.com\/fr\/#website"},"primaryImageOfPage":{"@id":"https:\/\/keramamueblesdejardin.com\/fr\/diner-en-plein-air\/ensemble-table-et-chaises-de-jardin\/jardin-salle-a-manger-8-places-aluminium-beige-et-bois-vermont\/#primaryimage"},"image":{"@id":"https:\/\/keramamueblesdejardin.com\/fr\/diner-en-plein-air\/ensemble-table-et-chaises-de-jardin\/jardin-salle-a-manger-8-places-aluminium-beige-et-bois-vermont\/#primaryimage"},"thumbnailUrl":"https:\/\/keramamueblesdejardin.com\/wp-content\/uploads\/2025\/03\/vermont-beige-2.jpg","datePublished":"2025-03-21T12:37:47+00:00","dateModified":"2025-03-21T13:37:47+00:00","breadcrumb":{"@id":"https:\/\/keramamueblesdejardin.com\/fr\/diner-en-plein-air\/ensemble-table-et-chaises-de-jardin\/jardin-salle-a-manger-8-places-aluminium-beige-et-bois-vermont\/#breadcrumb"},"inLanguage":"fr-FR","potentialAction":[{"@type":"ReadAction","target":["https:\/\/keramamueblesdejardin.com\/fr\/diner-en-plein-air\/ensemble-table-et-chaises-de-jardin\/jardin-salle-a-manger-8-places-aluminium-beige-et-bois-vermont\/"]}]},{"@type":"ImageObject","inLanguage":"fr-FR","@id":"https:\/\/keramamueblesdejardin.com\/fr\/diner-en-plein-air\/ensemble-table-et-chaises-de-jardin\/jardin-salle-a-manger-8-places-aluminium-beige-et-bois-vermont\/#primaryimage","url":"https:\/\/keramamueblesdejardin.com\/wp-content\/uploads\/2025\/03\/vermont-beige-2.jpg","contentUrl":"https:\/\/keramamueblesdejardin.com\/wp-content\/uploads\/2025\/03\/vermont-beige-2.jpg","width":1200,"height":1200},{"@type":"BreadcrumbList","@id":"https:\/\/keramamueblesdejardin.com\/fr\/diner-en-plein-air\/ensemble-table-et-chaises-de-jardin\/jardin-salle-a-manger-8-places-aluminium-beige-et-bois-vermont\/#breadcrumb","itemListElement":[{"@type":"ListItem","position":1,"name":"Home","item":"https:\/\/keramamueblesdejardin.com\/fr\/"},{"@type":"ListItem","position":2,"name":"Boutique","item":"https:\/\/keramamueblesdejardin.com\/tienda\/"},{"@type":"ListItem","position":3,"name":"D\u00eener en plein air","item":"https:\/\/keramamueblesdejardin.com\/fr\/diner-en-plein-air\/"},{"@type":"ListItem","position":4,"name":"Ensemble table et chaises de jardin","item":"https:\/\/keramamueblesdejardin.com\/fr\/diner-en-plein-air\/ensemble-table-et-chaises-de-jardin\/"},{"@type":"ListItem","position":5,"name":"Salle de jardin 8 places en aluminium beige et bois &#8211; Vermont"}]},{"@type":"WebSite","@id":"https:\/\/keramamueblesdejardin.com\/fr\/#website","url":"https:\/\/keramamueblesdejardin.com\/fr\/","name":"Kerama","description":"muebles de jard\u00edn","publisher":{"@id":"https:\/\/keramamueblesdejardin.com\/fr\/#organization"},"potentialAction":[{"@type":"SearchAction","target":{"@type":"EntryPoint","urlTemplate":"https:\/\/keramamueblesdejardin.com\/fr\/?s={search_term_string}"},"query-input":{"@type":"PropertyValueSpecification","valueRequired":true,"valueName":"search_term_string"}}],"inLanguage":"fr-FR"},{"@type":"Organization","@id":"https:\/\/keramamueblesdejardin.com\/fr\/#organization","name":"kerama","url":"https:\/\/keramamueblesdejardin.com\/fr\/","logo":{"@type":"ImageObject","inLanguage":"fr-FR","@id":"https:\/\/keramamueblesdejardin.com\/fr\/#\/schema\/logo\/image\/","url":"https:\/\/keramamueblesdejardin.com\/wp-content\/uploads\/2020\/12\/k.-scaled.jpg","contentUrl":"https:\/\/keramamueblesdejardin.com\/wp-content\/uploads\/2020\/12\/k.-scaled.jpg","width":2560,"height":551,"caption":"kerama"},"image":{"@id":"https:\/\/keramamueblesdejardin.com\/fr\/#\/schema\/logo\/image\/"},"sameAs":["https:\/\/www.facebook.com\/Kerama-Muebles-de-Jard\u00edn-106209328312568\/"]}]}},"df_price":3069,"df_sale_price":3069,"df_regular_price":3690,"df_image_link":"https:\/\/keramamueblesdejardin.com\/wp-content\/uploads\/2025\/03\/vermont-beige-2-300x300.jpg","custom_tabs":[{"title":"MESURES","id":"mesures","content":"<div class=\"list\"><strong>Haut: <\/strong>Table 76cm \/ Chaise 76cm<\/div>\n<div class=\"list\"><strong>Large: <\/strong>Table 200\/260\/320cm \/ Chaise 57cm<\/div>\n<div class=\"list\"><strong>Fond: <\/strong>Table 100cm \/ Chaise 62cm<\/div>"},{"title":"D\u00c9BALLAGE ET MONTAGE","id":"deballage-et-montage","content":"<div class=\"list\"><strong style=\"font-weight: bold; color: #282828;\">Recommandations pour le d\u00e9ballage :<\/strong><span style=\"color: #282828;\"> N'utilisez pas d'outils tranchants lors du d\u00e9ballage du meuble, car cela pourrait l'endommager.<\/span><br style=\"color: #282828;\"><strong style=\"font-weight: bold; color: #282828;\">Montage requis (O\/N) :<\/strong><span style=\"color: #282828;\"> Oui<\/span><br style=\"color: #282828;\"><strong style=\"font-weight: bold; color: #282828;\">Difficult\u00e9 de montage:<\/strong><span style=\"color: #282828;\"> Facile<\/span><br style=\"color: #282828;\"><strong style=\"font-weight: bold; color: #282828;\">Temps de montage :<\/strong><span style=\"color: #282828;\"> 20 minutes<\/span><br style=\"color: #282828;\"><strong style=\"font-weight: bold; color: #282828;\">Personnes recommand\u00e9es pour le montage :<\/strong><span style=\"color: #282828;\"> 2<\/span><br style=\"color: #282828;\"><strong style=\"font-weight: bold; color: #282828;\">Suggestions de montage :<\/strong><span style=\"color: #282828;\">  Pr\u00e9parez une zone de montage propre et s\u00e8che, v\u00e9rifiez qu'aucune des pi\u00e8ces \u00e9num\u00e9r\u00e9es dans le manuel ne manque. Nous recommandons l'utilisation de gants appropri\u00e9s pour le montage. N'utilisez que les pi\u00e8ces et les raccords fournis.<\/span><\/div>"},{"title":"ENTRETIEN ET GARANTIES","id":"entretien-et-garanties","content":"<strong>Recommandations g\u00e9n\u00e9rales :<\/strong>\n\u2022 Les pannes ou dommages caus\u00e9s par :\n\u2022 Les causes accidentelles telles que les chutes, les coups, le d\u00e9versement de liquides, l\u2019introduction de corps \u00e9trangers, ainsi que tout autre cas de force majeure sont exclues de la garantie.\n\u2022 Utilisation n\u00e9gligente, inappropri\u00e9e ou non domestique.\n\u2022 Dommages, corrosion et\/ou oxydation acc\u00e9l\u00e9r\u00e9s par des conditions environnementales d\u00e9favorables\n\u2022 Taches et d\u00e9coloration dues au non-respect de nos instructions de nettoyage\n\u2022 Dommages survenant lors du montage et de la manipulation sans avoir suivi les instructions de montage indiqu\u00e9es.\n<strong>Mode d\u2019emploi et d\u2019entretien :<\/strong>\n\u2022 Nettoyez d\u00e9licatement \u00e0 l\u2019aide d\u2019un chiffon ou utilisez un savon liquide neutre, en rin\u00e7ant abondamment \u00e0 l\u2019eau.\n\u2022 Enlevez r\u00e9guli\u00e8rement la poussi\u00e8re \u00e0 l\u2019aide d\u2019un chiffon doux et d\u2019eau claire.\n\u2022 N\u2019utilisez pas de d\u00e9tergents ou de produits abrasifs pour le nettoyage.\n\u2022 Traitement \u00e0 l\u2019huile de lin : Avant d\u2019appliquer une couche d\u2019huile de lin sur le produit \u00e0 l\u2019\u00e9tat naturel, il est conseill\u00e9 de le laisser \u00e0 l\u2019ext\u00e9rieur pendant 2 ou 3 semaines, afin qu\u2019il prenne un aspect homog\u00e8ne et l\u2019a\u00e8re. Nettoyer \u00e0 l'eau claire \u00e0 l'aide d'une brosse et laisser s\u00e9cher. Une fois qu\u2019il est bien sec, il doit \u00eatre ponc\u00e9 avec un papier de verre d\u2019un grammage compris entre 120 et 150 avec soin et sans serrer, en suivant, dans la mesure du possible, le sens des grains\u00a0; Cette op\u00e9ration ne doit jamais \u00eatre effectu\u00e9e aux premi\u00e8res heures de la journ\u00e9e.\nPour maintenir la couleur, il est conseill\u00e9 de r\u00e9p\u00e9ter le processus une ou deux fois par an.\nSi l\u2019huile de lin a d\u00e9j\u00e0 \u00e9t\u00e9 appliqu\u00e9e sur le meuble, il est conseill\u00e9 de la poncer tous les trois ans afin que les couches successives d\u2019huile n\u2019emp\u00eachent pas le bois de transpirer.\n<strong>Ann\u00e9es de garantie :<\/strong> 3 ans\n<strong>Fabriqu\u00e9 conform\u00e9ment \u00e0 la norme :<\/strong> 581-1,581-2,581-3\n<strong>Certifi\u00e9 FSC (O\/N) :<\/strong> Oui"}],"_links":{"self":[{"href":"https:\/\/keramamueblesdejardin.com\/fr\/wp-json\/wp\/v2\/product\/177054","targetHints":{"allow":["GET"]}}],"collection":[{"href":"https:\/\/keramamueblesdejardin.com\/fr\/wp-json\/wp\/v2\/product"}],"about":[{"href":"https:\/\/keramamueblesdejardin.com\/fr\/wp-json\/wp\/v2\/types\/product"}],"replies":[{"embeddable":true,"href":"https:\/\/keramamueblesdejardin.com\/fr\/wp-json\/wp\/v2\/comments?post=177054"}],"wp:featuredmedia":[{"embeddable":true,"href":"https:\/\/keramamueblesdejardin.com\/fr\/wp-json\/wp\/v2\/media\/177029"}],"wp:attachment":[{"href":"https:\/\/keramamueblesdejardin.com\/fr\/wp-json\/wp\/v2\/media?parent=177054"}],"wp:term":[{"taxonomy":"product_brand","embeddable":true,"href":"https:\/\/keramamueblesdejardin.com\/fr\/wp-json\/wp\/v2\/product_brand?post=177054"},{"taxonomy":"product_cat","embeddable":true,"href":"https:\/\/keramamueblesdejardin.com\/fr\/wp-json\/wp\/v2\/product_cat?post=177054"},{"taxonomy":"product_tag","embeddable":true,"href":"https:\/\/keramamueblesdejardin.com\/fr\/wp-json\/wp\/v2\/product_tag?post=177054"}],"curies":[{"name":"wp","href":"https:\/\/api.w.org\/{rel}","templated":true}]}}