{"id":177003,"date":"2025-03-21T13:04:13","date_gmt":"2025-03-21T12:04:13","guid":{"rendered":"https:\/\/keramamueblesdejardin.com\/non%20class\u00e9\/salle-a-manger-de-jardin-8-places-aluminium-anthracite-et-bois-vermont\/"},"modified":"2025-03-28T14:19:06","modified_gmt":"2025-03-28T13:19:06","slug":"jardin-salle-a-manger-8-places-aluminium-anthracite-et-bois-vermont","status":"publish","type":"product","link":"https:\/\/keramamueblesdejardin.com\/fr\/diner-en-plein-air\/ensemble-table-et-chaises-de-jardin\/jardin-salle-a-manger-8-places-aluminium-anthracite-et-bois-vermont\/","title":{"rendered":"Salle \u00e0 manger de jardin 8 places aluminium anthracite et bois &#8211; Vermont"},"content":{"rendered":"<p class=\"\" data-start=\"285\" data-end=\"664\">Profitez de vos rassemblements en plein air avec <strong data-start=\"353\" data-end=\"393\">l\u2019ensemble de salle \u00e0 manger de jardin Vermont<\/strong> \u00e9l\u00e9gant et fonctionnel, con\u00e7u pour offrir confort, durabilit\u00e9 et style contemporain. Fabriqu\u00e9 avec des mat\u00e9riaux de haute qualit\u00e9 tels que <strong data-start=\"511\" data-end=\"544\">l\u2019aluminium finition anthracite<\/strong> et le <strong data-start=\"550\" data-end=\"574\">teck certifi\u00e9 FSC<\/strong>, cet ensemble combine la r\u00e9sistance aux intemp\u00e9ries avec une esth\u00e9tique moderne et ergonomique. <\/p>\n<p class=\"\" data-start=\"666\" data-end=\"947\">La table \u00e0 manger extensible Vermont dispose d\u2019un syst\u00e8me de double extension \u00e0 l\u2019aide de rails qui permet d\u2019\u00e9tendre sa taille de 200&#215;100 cm \u00e0 260&#215;100 cm ou m\u00eame \u00e0 320&#215;100 cm, id\u00e9al pour s\u2019adapter \u00e0 toutes les occasions sans d\u00e9ranger les convives avec les pieds dans des positions inconfortables.<\/p>\n<p class=\"\" data-start=\"949\" data-end=\"1186\">Les 8 chaises incluses sont en aluminium anthracite avec une assise en teck et sont <strong data-start=\"1037\" data-end=\"1050\">empilables<\/strong>, ce qui facilite leur rangement lorsqu\u2019elles ne sont pas utilis\u00e9es. Sa conception l\u00e9g\u00e8re mais robuste assure une grande stabilit\u00e9 et un grand confort. <\/p>\n<p class=\"\" data-start=\"1188\" data-end=\"1335\">Cet <strong data-start=\"1193\" data-end=\"1226\">ensemble de salle \u00e0 manger de jardin<\/strong> est parfait pour les terrasses, les patios ou les jardins, apportant fonctionnalit\u00e9 et \u00e9l\u00e9gance \u00e0 vos espaces ext\u00e9rieurs.<\/p>\n","protected":false},"excerpt":{"rendered":"<ul>\n<li>Set de salle \u00e0 manger table extensible et 8 chaises<\/li>\n<li>Table \u00e0 double extension en aluminium anthracite et teck<\/li>\n<li>Chaises empilables aluminium anthracite et teck<\/li>\n<li>Table : 200\/260\/320x100cm, Chaise : 57x62x76cm<\/li>\n<\/ul>\n","protected":false},"featured_media":176632,"comment_status":"closed","ping_status":"open","template":"","meta":{"_acf_changed":false},"product_brand":[],"product_cat":[578,579],"product_tag":[],"class_list":{"0":"post-177003","1":"product","2":"type-product","3":"status-publish","4":"has-post-thumbnail","6":"product_cat-diner-en-plein-air","7":"product_cat-ensemble-table-et-chaises-de-jardin","8":"product_shipping_class-envio-gratuito-fr","10":"first","11":"instock","12":"sale","13":"purchasable","14":"product-type-simple","15":"add-to-wishlist-before_image"},"acf":[],"yoast_head":"<!-- This site is optimized with the Yoast SEO plugin v27.2 - https:\/\/yoast.com\/product\/yoast-seo-wordpress\/ -->\n<title>Salle \u00e0 manger de jardin 8 places aluminium anthracite et bois - Vermont - Kerama<\/title>\n<meta name=\"robots\" content=\"index, follow, max-snippet:-1, max-image-preview:large, max-video-preview:-1\" \/>\n<link rel=\"canonical\" href=\"https:\/\/keramamueblesdejardin.com\/fr\/diner-en-plein-air\/ensemble-table-et-chaises-de-jardin\/jardin-salle-a-manger-8-places-aluminium-anthracite-et-bois-vermont\/\" \/>\n<meta property=\"og:locale\" content=\"fr_FR\" \/>\n<meta property=\"og:type\" content=\"article\" \/>\n<meta property=\"og:title\" content=\"Salle \u00e0 manger de jardin 8 places aluminium anthracite et bois - Vermont - Kerama\" \/>\n<meta property=\"og:description\" content=\"Set de salle \u00e0 manger table extensible et 8 chaises  Table \u00e0 double extension en aluminium anthracite et teck  Chaises empilables aluminium anthracite et teck  Table : 200\/260\/320x100cm, Chaise : 57x62x76cm\" \/>\n<meta property=\"og:url\" content=\"https:\/\/keramamueblesdejardin.com\/fr\/diner-en-plein-air\/ensemble-table-et-chaises-de-jardin\/jardin-salle-a-manger-8-places-aluminium-anthracite-et-bois-vermont\/\" \/>\n<meta property=\"og:site_name\" content=\"Kerama\" \/>\n<meta property=\"article:publisher\" content=\"https:\/\/www.facebook.com\/Kerama-Muebles-de-Jard%c3%adn-106209328312568\/\" \/>\n<meta property=\"article:modified_time\" content=\"2025-03-28T13:19:06+00:00\" \/>\n<meta property=\"og:image\" content=\"https:\/\/keramamueblesdejardin.com\/wp-content\/uploads\/2025\/03\/vermont_0042_set-de-comedor-jardin-extensible-8-plazas-antracita-17.jpg\" \/>\n\t<meta property=\"og:image:width\" content=\"1200\" \/>\n\t<meta property=\"og:image:height\" content=\"1200\" \/>\n\t<meta property=\"og:image:type\" content=\"image\/jpeg\" \/>\n<meta name=\"twitter:card\" content=\"summary_large_image\" \/>\n<meta name=\"twitter:label1\" content=\"Dur\u00e9e de lecture estim\u00e9e\" \/>\n\t<meta name=\"twitter:data1\" content=\"1 minute\" \/>\n<script type=\"application\/ld+json\" class=\"yoast-schema-graph\">{\"@context\":\"https:\/\/schema.org\",\"@graph\":[{\"@type\":\"WebPage\",\"@id\":\"https:\/\/keramamueblesdejardin.com\/fr\/diner-en-plein-air\/ensemble-table-et-chaises-de-jardin\/jardin-salle-a-manger-8-places-aluminium-anthracite-et-bois-vermont\/\",\"url\":\"https:\/\/keramamueblesdejardin.com\/fr\/diner-en-plein-air\/ensemble-table-et-chaises-de-jardin\/jardin-salle-a-manger-8-places-aluminium-anthracite-et-bois-vermont\/\",\"name\":\"Salle \u00e0 manger de jardin 8 places aluminium anthracite et bois - Vermont - Kerama\",\"isPartOf\":{\"@id\":\"https:\/\/keramamueblesdejardin.com\/fr\/#website\"},\"primaryImageOfPage\":{\"@id\":\"https:\/\/keramamueblesdejardin.com\/fr\/diner-en-plein-air\/ensemble-table-et-chaises-de-jardin\/jardin-salle-a-manger-8-places-aluminium-anthracite-et-bois-vermont\/#primaryimage\"},\"image\":{\"@id\":\"https:\/\/keramamueblesdejardin.com\/fr\/diner-en-plein-air\/ensemble-table-et-chaises-de-jardin\/jardin-salle-a-manger-8-places-aluminium-anthracite-et-bois-vermont\/#primaryimage\"},\"thumbnailUrl\":\"https:\/\/keramamueblesdejardin.com\/wp-content\/uploads\/2025\/03\/vermont_0042_set-de-comedor-jardin-extensible-8-plazas-antracita-17.jpg\",\"datePublished\":\"2025-03-21T12:04:13+00:00\",\"dateModified\":\"2025-03-28T13:19:06+00:00\",\"breadcrumb\":{\"@id\":\"https:\/\/keramamueblesdejardin.com\/fr\/diner-en-plein-air\/ensemble-table-et-chaises-de-jardin\/jardin-salle-a-manger-8-places-aluminium-anthracite-et-bois-vermont\/#breadcrumb\"},\"inLanguage\":\"fr-FR\",\"potentialAction\":[{\"@type\":\"ReadAction\",\"target\":[\"https:\/\/keramamueblesdejardin.com\/fr\/diner-en-plein-air\/ensemble-table-et-chaises-de-jardin\/jardin-salle-a-manger-8-places-aluminium-anthracite-et-bois-vermont\/\"]}]},{\"@type\":\"ImageObject\",\"inLanguage\":\"fr-FR\",\"@id\":\"https:\/\/keramamueblesdejardin.com\/fr\/diner-en-plein-air\/ensemble-table-et-chaises-de-jardin\/jardin-salle-a-manger-8-places-aluminium-anthracite-et-bois-vermont\/#primaryimage\",\"url\":\"https:\/\/keramamueblesdejardin.com\/wp-content\/uploads\/2025\/03\/vermont_0042_set-de-comedor-jardin-extensible-8-plazas-antracita-17.jpg\",\"contentUrl\":\"https:\/\/keramamueblesdejardin.com\/wp-content\/uploads\/2025\/03\/vermont_0042_set-de-comedor-jardin-extensible-8-plazas-antracita-17.jpg\",\"width\":1200,\"height\":1200},{\"@type\":\"BreadcrumbList\",\"@id\":\"https:\/\/keramamueblesdejardin.com\/fr\/diner-en-plein-air\/ensemble-table-et-chaises-de-jardin\/jardin-salle-a-manger-8-places-aluminium-anthracite-et-bois-vermont\/#breadcrumb\",\"itemListElement\":[{\"@type\":\"ListItem\",\"position\":1,\"name\":\"Home\",\"item\":\"https:\/\/keramamueblesdejardin.com\/fr\/\"},{\"@type\":\"ListItem\",\"position\":2,\"name\":\"Boutique\",\"item\":\"https:\/\/keramamueblesdejardin.com\/tienda\/\"},{\"@type\":\"ListItem\",\"position\":3,\"name\":\"D\u00eener en plein air\",\"item\":\"https:\/\/keramamueblesdejardin.com\/fr\/diner-en-plein-air\/\"},{\"@type\":\"ListItem\",\"position\":4,\"name\":\"Ensemble table et chaises de jardin\",\"item\":\"https:\/\/keramamueblesdejardin.com\/fr\/diner-en-plein-air\/ensemble-table-et-chaises-de-jardin\/\"},{\"@type\":\"ListItem\",\"position\":5,\"name\":\"Salle \u00e0 manger de jardin 8 places aluminium anthracite et bois &#8211; Vermont\"}]},{\"@type\":\"WebSite\",\"@id\":\"https:\/\/keramamueblesdejardin.com\/fr\/#website\",\"url\":\"https:\/\/keramamueblesdejardin.com\/fr\/\",\"name\":\"Kerama\",\"description\":\"muebles de jard\u00edn\",\"publisher\":{\"@id\":\"https:\/\/keramamueblesdejardin.com\/fr\/#organization\"},\"potentialAction\":[{\"@type\":\"SearchAction\",\"target\":{\"@type\":\"EntryPoint\",\"urlTemplate\":\"https:\/\/keramamueblesdejardin.com\/fr\/?s={search_term_string}\"},\"query-input\":{\"@type\":\"PropertyValueSpecification\",\"valueRequired\":true,\"valueName\":\"search_term_string\"}}],\"inLanguage\":\"fr-FR\"},{\"@type\":\"Organization\",\"@id\":\"https:\/\/keramamueblesdejardin.com\/fr\/#organization\",\"name\":\"kerama\",\"url\":\"https:\/\/keramamueblesdejardin.com\/fr\/\",\"logo\":{\"@type\":\"ImageObject\",\"inLanguage\":\"fr-FR\",\"@id\":\"https:\/\/keramamueblesdejardin.com\/fr\/#\/schema\/logo\/image\/\",\"url\":\"https:\/\/keramamueblesdejardin.com\/wp-content\/uploads\/2020\/12\/k.-scaled.jpg\",\"contentUrl\":\"https:\/\/keramamueblesdejardin.com\/wp-content\/uploads\/2020\/12\/k.-scaled.jpg\",\"width\":2560,\"height\":551,\"caption\":\"kerama\"},\"image\":{\"@id\":\"https:\/\/keramamueblesdejardin.com\/fr\/#\/schema\/logo\/image\/\"},\"sameAs\":[\"https:\/\/www.facebook.com\/Kerama-Muebles-de-Jard\u00edn-106209328312568\/\"]}]}<\/script>\n<!-- \/ Yoast SEO plugin. -->","yoast_head_json":{"title":"Salle \u00e0 manger de jardin 8 places aluminium anthracite et bois - Vermont - Kerama","robots":{"index":"index","follow":"follow","max-snippet":"max-snippet:-1","max-image-preview":"max-image-preview:large","max-video-preview":"max-video-preview:-1"},"canonical":"https:\/\/keramamueblesdejardin.com\/fr\/diner-en-plein-air\/ensemble-table-et-chaises-de-jardin\/jardin-salle-a-manger-8-places-aluminium-anthracite-et-bois-vermont\/","og_locale":"fr_FR","og_type":"article","og_title":"Salle \u00e0 manger de jardin 8 places aluminium anthracite et bois - Vermont - Kerama","og_description":"Set de salle \u00e0 manger table extensible et 8 chaises  Table \u00e0 double extension en aluminium anthracite et teck  Chaises empilables aluminium anthracite et teck  Table : 200\/260\/320x100cm, Chaise : 57x62x76cm","og_url":"https:\/\/keramamueblesdejardin.com\/fr\/diner-en-plein-air\/ensemble-table-et-chaises-de-jardin\/jardin-salle-a-manger-8-places-aluminium-anthracite-et-bois-vermont\/","og_site_name":"Kerama","article_publisher":"https:\/\/www.facebook.com\/Kerama-Muebles-de-Jard%c3%adn-106209328312568\/","article_modified_time":"2025-03-28T13:19:06+00:00","og_image":[{"width":1200,"height":1200,"url":"https:\/\/keramamueblesdejardin.com\/wp-content\/uploads\/2025\/03\/vermont_0042_set-de-comedor-jardin-extensible-8-plazas-antracita-17.jpg","type":"image\/jpeg"}],"twitter_card":"summary_large_image","twitter_misc":{"Dur\u00e9e de lecture estim\u00e9e":"1 minute"},"schema":{"@context":"https:\/\/schema.org","@graph":[{"@type":"WebPage","@id":"https:\/\/keramamueblesdejardin.com\/fr\/diner-en-plein-air\/ensemble-table-et-chaises-de-jardin\/jardin-salle-a-manger-8-places-aluminium-anthracite-et-bois-vermont\/","url":"https:\/\/keramamueblesdejardin.com\/fr\/diner-en-plein-air\/ensemble-table-et-chaises-de-jardin\/jardin-salle-a-manger-8-places-aluminium-anthracite-et-bois-vermont\/","name":"Salle \u00e0 manger de jardin 8 places aluminium anthracite et bois - Vermont - Kerama","isPartOf":{"@id":"https:\/\/keramamueblesdejardin.com\/fr\/#website"},"primaryImageOfPage":{"@id":"https:\/\/keramamueblesdejardin.com\/fr\/diner-en-plein-air\/ensemble-table-et-chaises-de-jardin\/jardin-salle-a-manger-8-places-aluminium-anthracite-et-bois-vermont\/#primaryimage"},"image":{"@id":"https:\/\/keramamueblesdejardin.com\/fr\/diner-en-plein-air\/ensemble-table-et-chaises-de-jardin\/jardin-salle-a-manger-8-places-aluminium-anthracite-et-bois-vermont\/#primaryimage"},"thumbnailUrl":"https:\/\/keramamueblesdejardin.com\/wp-content\/uploads\/2025\/03\/vermont_0042_set-de-comedor-jardin-extensible-8-plazas-antracita-17.jpg","datePublished":"2025-03-21T12:04:13+00:00","dateModified":"2025-03-28T13:19:06+00:00","breadcrumb":{"@id":"https:\/\/keramamueblesdejardin.com\/fr\/diner-en-plein-air\/ensemble-table-et-chaises-de-jardin\/jardin-salle-a-manger-8-places-aluminium-anthracite-et-bois-vermont\/#breadcrumb"},"inLanguage":"fr-FR","potentialAction":[{"@type":"ReadAction","target":["https:\/\/keramamueblesdejardin.com\/fr\/diner-en-plein-air\/ensemble-table-et-chaises-de-jardin\/jardin-salle-a-manger-8-places-aluminium-anthracite-et-bois-vermont\/"]}]},{"@type":"ImageObject","inLanguage":"fr-FR","@id":"https:\/\/keramamueblesdejardin.com\/fr\/diner-en-plein-air\/ensemble-table-et-chaises-de-jardin\/jardin-salle-a-manger-8-places-aluminium-anthracite-et-bois-vermont\/#primaryimage","url":"https:\/\/keramamueblesdejardin.com\/wp-content\/uploads\/2025\/03\/vermont_0042_set-de-comedor-jardin-extensible-8-plazas-antracita-17.jpg","contentUrl":"https:\/\/keramamueblesdejardin.com\/wp-content\/uploads\/2025\/03\/vermont_0042_set-de-comedor-jardin-extensible-8-plazas-antracita-17.jpg","width":1200,"height":1200},{"@type":"BreadcrumbList","@id":"https:\/\/keramamueblesdejardin.com\/fr\/diner-en-plein-air\/ensemble-table-et-chaises-de-jardin\/jardin-salle-a-manger-8-places-aluminium-anthracite-et-bois-vermont\/#breadcrumb","itemListElement":[{"@type":"ListItem","position":1,"name":"Home","item":"https:\/\/keramamueblesdejardin.com\/fr\/"},{"@type":"ListItem","position":2,"name":"Boutique","item":"https:\/\/keramamueblesdejardin.com\/tienda\/"},{"@type":"ListItem","position":3,"name":"D\u00eener en plein air","item":"https:\/\/keramamueblesdejardin.com\/fr\/diner-en-plein-air\/"},{"@type":"ListItem","position":4,"name":"Ensemble table et chaises de jardin","item":"https:\/\/keramamueblesdejardin.com\/fr\/diner-en-plein-air\/ensemble-table-et-chaises-de-jardin\/"},{"@type":"ListItem","position":5,"name":"Salle \u00e0 manger de jardin 8 places aluminium anthracite et bois &#8211; Vermont"}]},{"@type":"WebSite","@id":"https:\/\/keramamueblesdejardin.com\/fr\/#website","url":"https:\/\/keramamueblesdejardin.com\/fr\/","name":"Kerama","description":"muebles de jard\u00edn","publisher":{"@id":"https:\/\/keramamueblesdejardin.com\/fr\/#organization"},"potentialAction":[{"@type":"SearchAction","target":{"@type":"EntryPoint","urlTemplate":"https:\/\/keramamueblesdejardin.com\/fr\/?s={search_term_string}"},"query-input":{"@type":"PropertyValueSpecification","valueRequired":true,"valueName":"search_term_string"}}],"inLanguage":"fr-FR"},{"@type":"Organization","@id":"https:\/\/keramamueblesdejardin.com\/fr\/#organization","name":"kerama","url":"https:\/\/keramamueblesdejardin.com\/fr\/","logo":{"@type":"ImageObject","inLanguage":"fr-FR","@id":"https:\/\/keramamueblesdejardin.com\/fr\/#\/schema\/logo\/image\/","url":"https:\/\/keramamueblesdejardin.com\/wp-content\/uploads\/2020\/12\/k.-scaled.jpg","contentUrl":"https:\/\/keramamueblesdejardin.com\/wp-content\/uploads\/2020\/12\/k.-scaled.jpg","width":2560,"height":551,"caption":"kerama"},"image":{"@id":"https:\/\/keramamueblesdejardin.com\/fr\/#\/schema\/logo\/image\/"},"sameAs":["https:\/\/www.facebook.com\/Kerama-Muebles-de-Jard\u00edn-106209328312568\/"]}]}},"df_price":3069,"df_sale_price":3069,"df_regular_price":3690,"df_image_link":"https:\/\/keramamueblesdejardin.com\/wp-content\/uploads\/2025\/03\/vermont_0042_set-de-comedor-jardin-extensible-8-plazas-antracita-17-300x300.jpg","custom_tabs":[{"title":"MESURES","id":"mesures","content":"<div class=\"list\"><strong>Haut: <\/strong>Table 76cm \/ Chaise 76cm<\/div>\n<div class=\"list\"><strong>Large: <\/strong>Table 200\/260\/320cm \/ Chaise 57cm<\/div>\n<div class=\"list\"><strong>Fond: <\/strong>Table 100cm \/ Chaise 62cm<\/div>"},{"title":"D\u00c9BALLAGE ET MONTAGE","id":"deballage-et-montage","content":"<div class=\"list\"><strong style=\"font-weight: bold; color: #282828;\">Recommandations pour le d\u00e9ballage :<\/strong><span style=\"color: #282828;\"> N'utilisez pas d'outils tranchants lors du d\u00e9ballage du meuble, car cela pourrait l'endommager.<\/span><br style=\"color: #282828;\"><strong style=\"font-weight: bold; color: #282828;\">Montage requis (O\/N) :<\/strong><span style=\"color: #282828;\"> Oui<\/span><br style=\"color: #282828;\"><strong style=\"font-weight: bold; color: #282828;\">Difficult\u00e9 de montage:<\/strong><span style=\"color: #282828;\"> Facile<\/span><br style=\"color: #282828;\"><strong style=\"font-weight: bold; color: #282828;\">Temps de montage :<\/strong><span style=\"color: #282828;\"> 20 minutes<\/span><br style=\"color: #282828;\"><strong style=\"font-weight: bold; color: #282828;\">Personnes recommand\u00e9es pour le montage :<\/strong><span style=\"color: #282828;\"> 2<\/span><br style=\"color: #282828;\"><strong style=\"font-weight: bold; color: #282828;\">Suggestions de montage :<\/strong><span style=\"color: #282828;\">  Pr\u00e9parez une zone de montage propre et s\u00e8che, v\u00e9rifiez qu'aucune des pi\u00e8ces \u00e9num\u00e9r\u00e9es dans le manuel ne manque. Nous recommandons l'utilisation de gants appropri\u00e9s pour le montage. N'utilisez que les pi\u00e8ces et les raccords fournis.<\/span><\/div>"},{"title":"ENTRETIEN ET GARANTIES","id":"entretien-et-garanties","content":"<div class=\"moz-signature\">\n<div class=\"list\"><strong>Recommandations g\u00e9n\u00e9rales :<\/strong>\n\u2022 Les pannes ou dommages caus\u00e9s par :\n\u2022 Les causes accidentelles telles que les chutes, les coups, le d\u00e9versement de liquides, l\u2019introduction de corps \u00e9trangers, ainsi que tout autre cas de force majeure sont exclues de la garantie.\n\u2022 Utilisation n\u00e9gligente, inappropri\u00e9e ou non domestique.\n\u2022 Dommages, corrosion et\/ou oxydation acc\u00e9l\u00e9r\u00e9s par des conditions environnementales d\u00e9favorables\n\u2022 Taches et d\u00e9coloration dues au non-respect de nos instructions de nettoyage\n\u2022 Dommages survenant lors du montage et de la manipulation sans avoir suivi les instructions de montage indiqu\u00e9es.\n<strong>Mode d\u2019emploi et d\u2019entretien :<\/strong>\n\u2022 Nettoyez d\u00e9licatement \u00e0 l\u2019aide d\u2019un chiffon ou utilisez un savon liquide neutre, en rin\u00e7ant abondamment \u00e0 l\u2019eau.\n\u2022 Enlevez r\u00e9guli\u00e8rement la poussi\u00e8re \u00e0 l\u2019aide d\u2019un chiffon doux et d\u2019eau claire.\n\u2022 N\u2019utilisez pas de d\u00e9tergents ou de produits abrasifs pour le nettoyage.\n<strong>Ann\u00e9es de garantie :<\/strong> 3 ans\n<strong>Fabriqu\u00e9 conform\u00e9ment \u00e0 la norme :<\/strong> 581-1,581-2,581-3<\/div>\n<\/div>"}],"_links":{"self":[{"href":"https:\/\/keramamueblesdejardin.com\/fr\/wp-json\/wp\/v2\/product\/177003","targetHints":{"allow":["GET"]}}],"collection":[{"href":"https:\/\/keramamueblesdejardin.com\/fr\/wp-json\/wp\/v2\/product"}],"about":[{"href":"https:\/\/keramamueblesdejardin.com\/fr\/wp-json\/wp\/v2\/types\/product"}],"replies":[{"embeddable":true,"href":"https:\/\/keramamueblesdejardin.com\/fr\/wp-json\/wp\/v2\/comments?post=177003"}],"wp:featuredmedia":[{"embeddable":true,"href":"https:\/\/keramamueblesdejardin.com\/fr\/wp-json\/wp\/v2\/media\/176632"}],"wp:attachment":[{"href":"https:\/\/keramamueblesdejardin.com\/fr\/wp-json\/wp\/v2\/media?parent=177003"}],"wp:term":[{"taxonomy":"product_brand","embeddable":true,"href":"https:\/\/keramamueblesdejardin.com\/fr\/wp-json\/wp\/v2\/product_brand?post=177003"},{"taxonomy":"product_cat","embeddable":true,"href":"https:\/\/keramamueblesdejardin.com\/fr\/wp-json\/wp\/v2\/product_cat?post=177003"},{"taxonomy":"product_tag","embeddable":true,"href":"https:\/\/keramamueblesdejardin.com\/fr\/wp-json\/wp\/v2\/product_tag?post=177003"}],"curies":[{"name":"wp","href":"https:\/\/api.w.org\/{rel}","templated":true}]}}