{"id":176437,"date":"2024-04-02T16:05:09","date_gmt":"2024-04-02T14:05:09","guid":{"rendered":"https:\/\/keramamueblesdejardin.com\/non class\u00e9\/malle-de-jardin-a-roulettes-141x73x74cm-aluminium-moka-protech\/"},"modified":"2024-04-02T16:05:09","modified_gmt":"2024-04-02T14:05:09","slug":"malle-de-jardin-avec-les-roues-141x73x74cm-aluminium-moka-protech","status":"publish","type":"product","link":"https:\/\/keramamueblesdejardin.com\/fr\/accessoires-dexterieur\/malle-de-jardin-avec-les-roues-141x73x74cm-aluminium-moka-protech\/","title":{"rendered":"Malle de jardin \u00e0 roulettes 141x73x74cm aluminium moka &#8211; protech"},"content":{"rendered":"<p>Coffre de jardin en aluminium de couleur mocca. Il est dot\u00e9 de roues et d\u2019une poign\u00e9e pour faciliter le transport et le d\u00e9placement, ainsi que d\u2019un cadenas pour incorporer un cadenas. Il dispose \u00e9galement d\u2019un syst\u00e8me de charni\u00e8res hydrauliques pour l\u2019ouverture et la fermeture. Vous pouvez ranger tout type d\u2019objets, il est id\u00e9al pour ranger des coussins d\u2019assise, des chaises longues, des chaises pliantes, des jouets, du mat\u00e9riel de sport et de camping, des outils&#8230; Mesures&nbsp;: 141x43x74cm    <\/p>\n","protected":false},"excerpt":{"rendered":"<ul>\n<li>Malle de jardin \u00e0 roulettes<\/li>\n<li>Cadre en aluminium de couleur moka<\/li>\n<li>R\u00e9sistant \u00e0 l\u2019ext\u00e9rieur gr\u00e2ce aux charni\u00e8res \u00e0 ouverture hydraulique<\/li>\n<li>Mesures&nbsp;: 141x43x74cm<\/li>\n<\/ul>\n","protected":false},"featured_media":157772,"comment_status":"closed","ping_status":"closed","template":"","meta":{"_acf_changed":false},"product_brand":[],"product_cat":[589],"product_tag":[565],"class_list":{"0":"post-176437","1":"product","2":"type-product","3":"status-publish","4":"has-post-thumbnail","6":"product_cat-accessoires-dexterieur","7":"product_tag-aluminium","8":"product_shipping_class-envio-gratuito-fr","9":"pa_alto-74-fr","10":"pa_ancho-73-fr","11":"pa_coleccion-protech-fr","12":"pa_forma-rectangulaire","13":"pa_largo-141-fr","14":"pa_material-aluminio-fr","16":"first","17":"instock","18":"sale","19":"purchasable","20":"product-type-simple","21":"add-to-wishlist-before_image"},"acf":[],"yoast_head":"<!-- This site is optimized with the Yoast SEO plugin v27.2 - https:\/\/yoast.com\/product\/yoast-seo-wordpress\/ -->\n<title>Malle de jardin \u00e0 roulettes 141x73x74cm aluminium moka - protech - Kerama<\/title>\n<meta name=\"robots\" content=\"index, follow, max-snippet:-1, max-image-preview:large, max-video-preview:-1\" \/>\n<link rel=\"canonical\" href=\"https:\/\/keramamueblesdejardin.com\/fr\/accessoires-dexterieur\/malle-de-jardin-avec-les-roues-141x73x74cm-aluminium-moka-protech\/\" \/>\n<meta property=\"og:locale\" content=\"fr_FR\" \/>\n<meta property=\"og:type\" content=\"article\" \/>\n<meta property=\"og:title\" content=\"Malle de jardin \u00e0 roulettes 141x73x74cm aluminium moka - protech - Kerama\" \/>\n<meta property=\"og:description\" content=\"Malle de jardin \u00e0 roulettes  Cadre en aluminium de couleur moka  R\u00e9sistant \u00e0 l\u2019ext\u00e9rieur gr\u00e2ce aux charni\u00e8res \u00e0 ouverture hydraulique  Mesures&nbsp;: 141x43x74cm\" \/>\n<meta property=\"og:url\" content=\"https:\/\/keramamueblesdejardin.com\/fr\/accessoires-dexterieur\/malle-de-jardin-avec-les-roues-141x73x74cm-aluminium-moka-protech\/\" \/>\n<meta property=\"og:site_name\" content=\"Kerama\" \/>\n<meta property=\"article:publisher\" content=\"https:\/\/www.facebook.com\/Kerama-Muebles-de-Jard%c3%adn-106209328312568\/\" \/>\n<meta property=\"og:image\" content=\"https:\/\/keramamueblesdejardin.com\/wp-content\/uploads\/2024\/04\/baul-beige-2.jpg\" \/>\n\t<meta property=\"og:image:width\" content=\"1600\" \/>\n\t<meta property=\"og:image:height\" content=\"1600\" \/>\n\t<meta property=\"og:image:type\" content=\"image\/jpeg\" \/>\n<meta name=\"twitter:card\" content=\"summary_large_image\" \/>\n<script type=\"application\/ld+json\" class=\"yoast-schema-graph\">{\"@context\":\"https:\/\/schema.org\",\"@graph\":[{\"@type\":\"WebPage\",\"@id\":\"https:\/\/keramamueblesdejardin.com\/fr\/accessoires-dexterieur\/malle-de-jardin-avec-les-roues-141x73x74cm-aluminium-moka-protech\/\",\"url\":\"https:\/\/keramamueblesdejardin.com\/fr\/accessoires-dexterieur\/malle-de-jardin-avec-les-roues-141x73x74cm-aluminium-moka-protech\/\",\"name\":\"Malle de jardin \u00e0 roulettes 141x73x74cm aluminium moka - protech - Kerama\",\"isPartOf\":{\"@id\":\"https:\/\/keramamueblesdejardin.com\/fr\/#website\"},\"primaryImageOfPage\":{\"@id\":\"https:\/\/keramamueblesdejardin.com\/fr\/accessoires-dexterieur\/malle-de-jardin-avec-les-roues-141x73x74cm-aluminium-moka-protech\/#primaryimage\"},\"image\":{\"@id\":\"https:\/\/keramamueblesdejardin.com\/fr\/accessoires-dexterieur\/malle-de-jardin-avec-les-roues-141x73x74cm-aluminium-moka-protech\/#primaryimage\"},\"thumbnailUrl\":\"https:\/\/keramamueblesdejardin.com\/wp-content\/uploads\/2024\/04\/baul-beige-2.jpg\",\"datePublished\":\"2024-04-02T14:05:09+00:00\",\"breadcrumb\":{\"@id\":\"https:\/\/keramamueblesdejardin.com\/fr\/accessoires-dexterieur\/malle-de-jardin-avec-les-roues-141x73x74cm-aluminium-moka-protech\/#breadcrumb\"},\"inLanguage\":\"fr-FR\",\"potentialAction\":[{\"@type\":\"ReadAction\",\"target\":[\"https:\/\/keramamueblesdejardin.com\/fr\/accessoires-dexterieur\/malle-de-jardin-avec-les-roues-141x73x74cm-aluminium-moka-protech\/\"]}]},{\"@type\":\"ImageObject\",\"inLanguage\":\"fr-FR\",\"@id\":\"https:\/\/keramamueblesdejardin.com\/fr\/accessoires-dexterieur\/malle-de-jardin-avec-les-roues-141x73x74cm-aluminium-moka-protech\/#primaryimage\",\"url\":\"https:\/\/keramamueblesdejardin.com\/wp-content\/uploads\/2024\/04\/baul-beige-2.jpg\",\"contentUrl\":\"https:\/\/keramamueblesdejardin.com\/wp-content\/uploads\/2024\/04\/baul-beige-2.jpg\",\"width\":1600,\"height\":1600},{\"@type\":\"BreadcrumbList\",\"@id\":\"https:\/\/keramamueblesdejardin.com\/fr\/accessoires-dexterieur\/malle-de-jardin-avec-les-roues-141x73x74cm-aluminium-moka-protech\/#breadcrumb\",\"itemListElement\":[{\"@type\":\"ListItem\",\"position\":1,\"name\":\"Home\",\"item\":\"https:\/\/keramamueblesdejardin.com\/fr\/\"},{\"@type\":\"ListItem\",\"position\":2,\"name\":\"Boutique\",\"item\":\"https:\/\/keramamueblesdejardin.com\/tienda\/\"},{\"@type\":\"ListItem\",\"position\":3,\"name\":\"Accessoires d'ext\u00e9rieur\",\"item\":\"https:\/\/keramamueblesdejardin.com\/fr\/accessoires-dexterieur\/\"},{\"@type\":\"ListItem\",\"position\":4,\"name\":\"Malle de jardin \u00e0 roulettes 141x73x74cm aluminium moka &#8211; protech\"}]},{\"@type\":\"WebSite\",\"@id\":\"https:\/\/keramamueblesdejardin.com\/fr\/#website\",\"url\":\"https:\/\/keramamueblesdejardin.com\/fr\/\",\"name\":\"Kerama\",\"description\":\"muebles de jard\u00edn\",\"publisher\":{\"@id\":\"https:\/\/keramamueblesdejardin.com\/fr\/#organization\"},\"potentialAction\":[{\"@type\":\"SearchAction\",\"target\":{\"@type\":\"EntryPoint\",\"urlTemplate\":\"https:\/\/keramamueblesdejardin.com\/fr\/?s={search_term_string}\"},\"query-input\":{\"@type\":\"PropertyValueSpecification\",\"valueRequired\":true,\"valueName\":\"search_term_string\"}}],\"inLanguage\":\"fr-FR\"},{\"@type\":\"Organization\",\"@id\":\"https:\/\/keramamueblesdejardin.com\/fr\/#organization\",\"name\":\"kerama\",\"url\":\"https:\/\/keramamueblesdejardin.com\/fr\/\",\"logo\":{\"@type\":\"ImageObject\",\"inLanguage\":\"fr-FR\",\"@id\":\"https:\/\/keramamueblesdejardin.com\/fr\/#\/schema\/logo\/image\/\",\"url\":\"https:\/\/keramamueblesdejardin.com\/wp-content\/uploads\/2020\/12\/k.-scaled.jpg\",\"contentUrl\":\"https:\/\/keramamueblesdejardin.com\/wp-content\/uploads\/2020\/12\/k.-scaled.jpg\",\"width\":2560,\"height\":551,\"caption\":\"kerama\"},\"image\":{\"@id\":\"https:\/\/keramamueblesdejardin.com\/fr\/#\/schema\/logo\/image\/\"},\"sameAs\":[\"https:\/\/www.facebook.com\/Kerama-Muebles-de-Jard\u00edn-106209328312568\/\"]}]}<\/script>\n<!-- \/ Yoast SEO plugin. -->","yoast_head_json":{"title":"Malle de jardin \u00e0 roulettes 141x73x74cm aluminium moka - protech - Kerama","robots":{"index":"index","follow":"follow","max-snippet":"max-snippet:-1","max-image-preview":"max-image-preview:large","max-video-preview":"max-video-preview:-1"},"canonical":"https:\/\/keramamueblesdejardin.com\/fr\/accessoires-dexterieur\/malle-de-jardin-avec-les-roues-141x73x74cm-aluminium-moka-protech\/","og_locale":"fr_FR","og_type":"article","og_title":"Malle de jardin \u00e0 roulettes 141x73x74cm aluminium moka - protech - Kerama","og_description":"Malle de jardin \u00e0 roulettes  Cadre en aluminium de couleur moka  R\u00e9sistant \u00e0 l\u2019ext\u00e9rieur gr\u00e2ce aux charni\u00e8res \u00e0 ouverture hydraulique  Mesures&nbsp;: 141x43x74cm","og_url":"https:\/\/keramamueblesdejardin.com\/fr\/accessoires-dexterieur\/malle-de-jardin-avec-les-roues-141x73x74cm-aluminium-moka-protech\/","og_site_name":"Kerama","article_publisher":"https:\/\/www.facebook.com\/Kerama-Muebles-de-Jard%c3%adn-106209328312568\/","og_image":[{"width":1600,"height":1600,"url":"https:\/\/keramamueblesdejardin.com\/wp-content\/uploads\/2024\/04\/baul-beige-2.jpg","type":"image\/jpeg"}],"twitter_card":"summary_large_image","schema":{"@context":"https:\/\/schema.org","@graph":[{"@type":"WebPage","@id":"https:\/\/keramamueblesdejardin.com\/fr\/accessoires-dexterieur\/malle-de-jardin-avec-les-roues-141x73x74cm-aluminium-moka-protech\/","url":"https:\/\/keramamueblesdejardin.com\/fr\/accessoires-dexterieur\/malle-de-jardin-avec-les-roues-141x73x74cm-aluminium-moka-protech\/","name":"Malle de jardin \u00e0 roulettes 141x73x74cm aluminium moka - protech - Kerama","isPartOf":{"@id":"https:\/\/keramamueblesdejardin.com\/fr\/#website"},"primaryImageOfPage":{"@id":"https:\/\/keramamueblesdejardin.com\/fr\/accessoires-dexterieur\/malle-de-jardin-avec-les-roues-141x73x74cm-aluminium-moka-protech\/#primaryimage"},"image":{"@id":"https:\/\/keramamueblesdejardin.com\/fr\/accessoires-dexterieur\/malle-de-jardin-avec-les-roues-141x73x74cm-aluminium-moka-protech\/#primaryimage"},"thumbnailUrl":"https:\/\/keramamueblesdejardin.com\/wp-content\/uploads\/2024\/04\/baul-beige-2.jpg","datePublished":"2024-04-02T14:05:09+00:00","breadcrumb":{"@id":"https:\/\/keramamueblesdejardin.com\/fr\/accessoires-dexterieur\/malle-de-jardin-avec-les-roues-141x73x74cm-aluminium-moka-protech\/#breadcrumb"},"inLanguage":"fr-FR","potentialAction":[{"@type":"ReadAction","target":["https:\/\/keramamueblesdejardin.com\/fr\/accessoires-dexterieur\/malle-de-jardin-avec-les-roues-141x73x74cm-aluminium-moka-protech\/"]}]},{"@type":"ImageObject","inLanguage":"fr-FR","@id":"https:\/\/keramamueblesdejardin.com\/fr\/accessoires-dexterieur\/malle-de-jardin-avec-les-roues-141x73x74cm-aluminium-moka-protech\/#primaryimage","url":"https:\/\/keramamueblesdejardin.com\/wp-content\/uploads\/2024\/04\/baul-beige-2.jpg","contentUrl":"https:\/\/keramamueblesdejardin.com\/wp-content\/uploads\/2024\/04\/baul-beige-2.jpg","width":1600,"height":1600},{"@type":"BreadcrumbList","@id":"https:\/\/keramamueblesdejardin.com\/fr\/accessoires-dexterieur\/malle-de-jardin-avec-les-roues-141x73x74cm-aluminium-moka-protech\/#breadcrumb","itemListElement":[{"@type":"ListItem","position":1,"name":"Home","item":"https:\/\/keramamueblesdejardin.com\/fr\/"},{"@type":"ListItem","position":2,"name":"Boutique","item":"https:\/\/keramamueblesdejardin.com\/tienda\/"},{"@type":"ListItem","position":3,"name":"Accessoires d'ext\u00e9rieur","item":"https:\/\/keramamueblesdejardin.com\/fr\/accessoires-dexterieur\/"},{"@type":"ListItem","position":4,"name":"Malle de jardin \u00e0 roulettes 141x73x74cm aluminium moka &#8211; protech"}]},{"@type":"WebSite","@id":"https:\/\/keramamueblesdejardin.com\/fr\/#website","url":"https:\/\/keramamueblesdejardin.com\/fr\/","name":"Kerama","description":"muebles de jard\u00edn","publisher":{"@id":"https:\/\/keramamueblesdejardin.com\/fr\/#organization"},"potentialAction":[{"@type":"SearchAction","target":{"@type":"EntryPoint","urlTemplate":"https:\/\/keramamueblesdejardin.com\/fr\/?s={search_term_string}"},"query-input":{"@type":"PropertyValueSpecification","valueRequired":true,"valueName":"search_term_string"}}],"inLanguage":"fr-FR"},{"@type":"Organization","@id":"https:\/\/keramamueblesdejardin.com\/fr\/#organization","name":"kerama","url":"https:\/\/keramamueblesdejardin.com\/fr\/","logo":{"@type":"ImageObject","inLanguage":"fr-FR","@id":"https:\/\/keramamueblesdejardin.com\/fr\/#\/schema\/logo\/image\/","url":"https:\/\/keramamueblesdejardin.com\/wp-content\/uploads\/2020\/12\/k.-scaled.jpg","contentUrl":"https:\/\/keramamueblesdejardin.com\/wp-content\/uploads\/2020\/12\/k.-scaled.jpg","width":2560,"height":551,"caption":"kerama"},"image":{"@id":"https:\/\/keramamueblesdejardin.com\/fr\/#\/schema\/logo\/image\/"},"sameAs":["https:\/\/www.facebook.com\/Kerama-Muebles-de-Jard\u00edn-106209328312568\/"]}]}},"df_price":389,"df_sale_price":389,"df_regular_price":473,"df_image_link":"https:\/\/keramamueblesdejardin.com\/wp-content\/uploads\/2024\/04\/baul-beige-2-300x300.jpg","custom_tabs":"","_links":{"self":[{"href":"https:\/\/keramamueblesdejardin.com\/fr\/wp-json\/wp\/v2\/product\/176437","targetHints":{"allow":["GET"]}}],"collection":[{"href":"https:\/\/keramamueblesdejardin.com\/fr\/wp-json\/wp\/v2\/product"}],"about":[{"href":"https:\/\/keramamueblesdejardin.com\/fr\/wp-json\/wp\/v2\/types\/product"}],"replies":[{"embeddable":true,"href":"https:\/\/keramamueblesdejardin.com\/fr\/wp-json\/wp\/v2\/comments?post=176437"}],"wp:featuredmedia":[{"embeddable":true,"href":"https:\/\/keramamueblesdejardin.com\/fr\/wp-json\/wp\/v2\/media\/157772"}],"wp:attachment":[{"href":"https:\/\/keramamueblesdejardin.com\/fr\/wp-json\/wp\/v2\/media?parent=176437"}],"wp:term":[{"taxonomy":"product_brand","embeddable":true,"href":"https:\/\/keramamueblesdejardin.com\/fr\/wp-json\/wp\/v2\/product_brand?post=176437"},{"taxonomy":"product_cat","embeddable":true,"href":"https:\/\/keramamueblesdejardin.com\/fr\/wp-json\/wp\/v2\/product_cat?post=176437"},{"taxonomy":"product_tag","embeddable":true,"href":"https:\/\/keramamueblesdejardin.com\/fr\/wp-json\/wp\/v2\/product_tag?post=176437"}],"curies":[{"name":"wp","href":"https:\/\/api.w.org\/{rel}","templated":true}]}}