{"id":176423,"date":"2024-05-23T17:08:30","date_gmt":"2024-05-23T15:08:30","guid":{"rendered":"https:\/\/keramamueblesdejardin.com\/non class\u00e9\/set-de-housse-impermeable-taille-jardin-xl-300x150x80-gris-protech\/"},"modified":"2024-05-23T17:08:30","modified_gmt":"2024-05-23T15:08:30","slug":"couverture-set-waterproof-size-xl-300x150x80-gray-protech-2","status":"publish","type":"product","link":"https:\/\/keramamueblesdejardin.com\/fr\/uncategorized-fr\/couverture-set-waterproof-size-xl-300x150x80-gray-protech-2\/","title":{"rendered":"Set de housse imperm\u00e9able taille jardin XL 300x150x80 gris &#8211; Protech"},"content":{"rendered":"<p>Housse pour meubles de jardin de couleur grise de 300x150x80 cm, id\u00e9ale pour les ensembles de salle \u00e0 manger ou les tr\u00e8s grands meubles d\u2019ext\u00e9rieur. Le tissu utilis\u00e9 est de qualit\u00e9 sup\u00e9rieure, il a un traitement lamin\u00e9 qui le rend r\u00e9sistant aux intemp\u00e9ries ainsi qu\u2019imperm\u00e9able. Il comprend un cordon de serrage pour ajuster la housse au meuble. Nous recommandons de toujours placer un objet sous la couverture afin que la surface de la couverture soit toujours sur\u00e9lev\u00e9e pour \u00e9viter de cr\u00e9er des poches d&rsquo;eau en cas de pluie. De plus, nous recommandons \u00e9galement que les meubles ne soient pas compl\u00e8tement recouverts afin de permettre aux meubles couverts de respirer.<br \/>\nHousse de mobilier de jardin<br \/>\nCouleur grise<br \/>\nDimensions&nbsp;: 300x150x80 cm<br \/>\nPour les ensembles de salle \u00e0 manger ou les tr\u00e8s grands meubles d\u2019ext\u00e9rieur<\/p>\n","protected":false},"excerpt":{"rendered":"<ul>\n<li>Housse pour mobilier de jardin<\/li>\n<li>Gris<\/li>\n<li>Dimensions&nbsp;: 300x150x80 cm<\/li>\n<li>Pour les tr\u00e8s grands ensembles de salle \u00e0 manger ou les meubles d\u2019ext\u00e9rieur<\/li>\n<\/ul>\n","protected":false},"featured_media":0,"comment_status":"closed","ping_status":"closed","template":"","meta":{"_acf_changed":false},"product_brand":[],"product_cat":[820],"product_tag":[],"class_list":{"0":"post-176423","1":"product","2":"type-product","3":"status-publish","5":"product_cat-uncategorized-fr","7":"first","8":"instock","9":"shipping-taxable","10":"product-type-simple","11":"add-to-wishlist-before_image"},"acf":[],"yoast_head":"<!-- This site is optimized with the Yoast SEO plugin v27.4 - https:\/\/yoast.com\/product\/yoast-seo-wordpress\/ -->\n<title>Set de housse imperm\u00e9able taille jardin XL 300x150x80 gris - Protech - Kerama<\/title>\n<meta name=\"robots\" content=\"index, follow, max-snippet:-1, max-image-preview:large, max-video-preview:-1\" \/>\n<link rel=\"canonical\" href=\"https:\/\/keramamueblesdejardin.com\/fr\/uncategorized-fr\/couverture-set-waterproof-size-xl-300x150x80-gray-protech-2\/\" \/>\n<meta property=\"og:locale\" content=\"fr_FR\" \/>\n<meta property=\"og:type\" content=\"article\" \/>\n<meta property=\"og:title\" content=\"Set de housse imperm\u00e9able taille jardin XL 300x150x80 gris - Protech - Kerama\" \/>\n<meta property=\"og:description\" content=\"Housse pour mobilier de jardin  Gris  Dimensions&nbsp;: 300x150x80 cm  Pour les tr\u00e8s grands ensembles de salle \u00e0 manger ou les meubles d\u2019ext\u00e9rieur\" \/>\n<meta property=\"og:url\" content=\"https:\/\/keramamueblesdejardin.com\/fr\/uncategorized-fr\/couverture-set-waterproof-size-xl-300x150x80-gray-protech-2\/\" \/>\n<meta property=\"og:site_name\" content=\"Kerama\" \/>\n<meta property=\"article:publisher\" content=\"https:\/\/www.facebook.com\/Kerama-Muebles-de-Jard%c3%adn-106209328312568\/\" \/>\n<meta name=\"twitter:card\" content=\"summary_large_image\" \/>\n<meta name=\"twitter:label1\" content=\"Dur\u00e9e de lecture estim\u00e9e\" \/>\n\t<meta name=\"twitter:data1\" content=\"1 minute\" \/>\n<script type=\"application\/ld+json\" class=\"yoast-schema-graph\">{\"@context\":\"https:\\\/\\\/schema.org\",\"@graph\":[{\"@type\":\"WebPage\",\"@id\":\"https:\\\/\\\/keramamueblesdejardin.com\\\/fr\\\/uncategorized-fr\\\/couverture-set-waterproof-size-xl-300x150x80-gray-protech-2\\\/\",\"url\":\"https:\\\/\\\/keramamueblesdejardin.com\\\/fr\\\/uncategorized-fr\\\/couverture-set-waterproof-size-xl-300x150x80-gray-protech-2\\\/\",\"name\":\"Set de housse imperm\u00e9able taille jardin XL 300x150x80 gris - Protech - Kerama\",\"isPartOf\":{\"@id\":\"https:\\\/\\\/keramamueblesdejardin.com\\\/fr\\\/#website\"},\"datePublished\":\"2024-05-23T15:08:30+00:00\",\"breadcrumb\":{\"@id\":\"https:\\\/\\\/keramamueblesdejardin.com\\\/fr\\\/uncategorized-fr\\\/couverture-set-waterproof-size-xl-300x150x80-gray-protech-2\\\/#breadcrumb\"},\"inLanguage\":\"fr-FR\",\"potentialAction\":[{\"@type\":\"ReadAction\",\"target\":[\"https:\\\/\\\/keramamueblesdejardin.com\\\/fr\\\/uncategorized-fr\\\/couverture-set-waterproof-size-xl-300x150x80-gray-protech-2\\\/\"]}]},{\"@type\":\"BreadcrumbList\",\"@id\":\"https:\\\/\\\/keramamueblesdejardin.com\\\/fr\\\/uncategorized-fr\\\/couverture-set-waterproof-size-xl-300x150x80-gray-protech-2\\\/#breadcrumb\",\"itemListElement\":[{\"@type\":\"ListItem\",\"position\":1,\"name\":\"Home\",\"item\":\"https:\\\/\\\/keramamueblesdejardin.com\\\/fr\\\/\"},{\"@type\":\"ListItem\",\"position\":2,\"name\":\"Boutique\",\"item\":\"https:\\\/\\\/keramamueblesdejardin.com\\\/tienda\\\/\"},{\"@type\":\"ListItem\",\"position\":3,\"name\":\"Uncategorized\",\"item\":\"https:\\\/\\\/keramamueblesdejardin.com\\\/fr\\\/uncategorized-fr\\\/\"},{\"@type\":\"ListItem\",\"position\":4,\"name\":\"Set de housse imperm\u00e9able taille jardin XL 300x150x80 gris &#8211; Protech\"}]},{\"@type\":\"WebSite\",\"@id\":\"https:\\\/\\\/keramamueblesdejardin.com\\\/fr\\\/#website\",\"url\":\"https:\\\/\\\/keramamueblesdejardin.com\\\/fr\\\/\",\"name\":\"Kerama\",\"description\":\"muebles de jard\u00edn\",\"publisher\":{\"@id\":\"https:\\\/\\\/keramamueblesdejardin.com\\\/fr\\\/#organization\"},\"potentialAction\":[{\"@type\":\"SearchAction\",\"target\":{\"@type\":\"EntryPoint\",\"urlTemplate\":\"https:\\\/\\\/keramamueblesdejardin.com\\\/fr\\\/?s={search_term_string}\"},\"query-input\":{\"@type\":\"PropertyValueSpecification\",\"valueRequired\":true,\"valueName\":\"search_term_string\"}}],\"inLanguage\":\"fr-FR\"},{\"@type\":\"Organization\",\"@id\":\"https:\\\/\\\/keramamueblesdejardin.com\\\/fr\\\/#organization\",\"name\":\"kerama\",\"url\":\"https:\\\/\\\/keramamueblesdejardin.com\\\/fr\\\/\",\"logo\":{\"@type\":\"ImageObject\",\"inLanguage\":\"fr-FR\",\"@id\":\"https:\\\/\\\/keramamueblesdejardin.com\\\/fr\\\/#\\\/schema\\\/logo\\\/image\\\/\",\"url\":\"https:\\\/\\\/keramamueblesdejardin.com\\\/wp-content\\\/uploads\\\/2020\\\/12\\\/k.-scaled.jpg\",\"contentUrl\":\"https:\\\/\\\/keramamueblesdejardin.com\\\/wp-content\\\/uploads\\\/2020\\\/12\\\/k.-scaled.jpg\",\"width\":2560,\"height\":551,\"caption\":\"kerama\"},\"image\":{\"@id\":\"https:\\\/\\\/keramamueblesdejardin.com\\\/fr\\\/#\\\/schema\\\/logo\\\/image\\\/\"},\"sameAs\":[\"https:\\\/\\\/www.facebook.com\\\/Kerama-Muebles-de-Jard\u00edn-106209328312568\\\/\"]}]}<\/script>\n<!-- \/ Yoast SEO plugin. -->","yoast_head_json":{"title":"Set de housse imperm\u00e9able taille jardin XL 300x150x80 gris - Protech - Kerama","robots":{"index":"index","follow":"follow","max-snippet":"max-snippet:-1","max-image-preview":"max-image-preview:large","max-video-preview":"max-video-preview:-1"},"canonical":"https:\/\/keramamueblesdejardin.com\/fr\/uncategorized-fr\/couverture-set-waterproof-size-xl-300x150x80-gray-protech-2\/","og_locale":"fr_FR","og_type":"article","og_title":"Set de housse imperm\u00e9able taille jardin XL 300x150x80 gris - Protech - Kerama","og_description":"Housse pour mobilier de jardin  Gris  Dimensions&nbsp;: 300x150x80 cm  Pour les tr\u00e8s grands ensembles de salle \u00e0 manger ou les meubles d\u2019ext\u00e9rieur","og_url":"https:\/\/keramamueblesdejardin.com\/fr\/uncategorized-fr\/couverture-set-waterproof-size-xl-300x150x80-gray-protech-2\/","og_site_name":"Kerama","article_publisher":"https:\/\/www.facebook.com\/Kerama-Muebles-de-Jard%c3%adn-106209328312568\/","twitter_card":"summary_large_image","twitter_misc":{"Dur\u00e9e de lecture estim\u00e9e":"1 minute"},"schema":{"@context":"https:\/\/schema.org","@graph":[{"@type":"WebPage","@id":"https:\/\/keramamueblesdejardin.com\/fr\/uncategorized-fr\/couverture-set-waterproof-size-xl-300x150x80-gray-protech-2\/","url":"https:\/\/keramamueblesdejardin.com\/fr\/uncategorized-fr\/couverture-set-waterproof-size-xl-300x150x80-gray-protech-2\/","name":"Set de housse imperm\u00e9able taille jardin XL 300x150x80 gris - Protech - Kerama","isPartOf":{"@id":"https:\/\/keramamueblesdejardin.com\/fr\/#website"},"datePublished":"2024-05-23T15:08:30+00:00","breadcrumb":{"@id":"https:\/\/keramamueblesdejardin.com\/fr\/uncategorized-fr\/couverture-set-waterproof-size-xl-300x150x80-gray-protech-2\/#breadcrumb"},"inLanguage":"fr-FR","potentialAction":[{"@type":"ReadAction","target":["https:\/\/keramamueblesdejardin.com\/fr\/uncategorized-fr\/couverture-set-waterproof-size-xl-300x150x80-gray-protech-2\/"]}]},{"@type":"BreadcrumbList","@id":"https:\/\/keramamueblesdejardin.com\/fr\/uncategorized-fr\/couverture-set-waterproof-size-xl-300x150x80-gray-protech-2\/#breadcrumb","itemListElement":[{"@type":"ListItem","position":1,"name":"Home","item":"https:\/\/keramamueblesdejardin.com\/fr\/"},{"@type":"ListItem","position":2,"name":"Boutique","item":"https:\/\/keramamueblesdejardin.com\/tienda\/"},{"@type":"ListItem","position":3,"name":"Uncategorized","item":"https:\/\/keramamueblesdejardin.com\/fr\/uncategorized-fr\/"},{"@type":"ListItem","position":4,"name":"Set de housse imperm\u00e9able taille jardin XL 300x150x80 gris &#8211; Protech"}]},{"@type":"WebSite","@id":"https:\/\/keramamueblesdejardin.com\/fr\/#website","url":"https:\/\/keramamueblesdejardin.com\/fr\/","name":"Kerama","description":"muebles de jard\u00edn","publisher":{"@id":"https:\/\/keramamueblesdejardin.com\/fr\/#organization"},"potentialAction":[{"@type":"SearchAction","target":{"@type":"EntryPoint","urlTemplate":"https:\/\/keramamueblesdejardin.com\/fr\/?s={search_term_string}"},"query-input":{"@type":"PropertyValueSpecification","valueRequired":true,"valueName":"search_term_string"}}],"inLanguage":"fr-FR"},{"@type":"Organization","@id":"https:\/\/keramamueblesdejardin.com\/fr\/#organization","name":"kerama","url":"https:\/\/keramamueblesdejardin.com\/fr\/","logo":{"@type":"ImageObject","inLanguage":"fr-FR","@id":"https:\/\/keramamueblesdejardin.com\/fr\/#\/schema\/logo\/image\/","url":"https:\/\/keramamueblesdejardin.com\/wp-content\/uploads\/2020\/12\/k.-scaled.jpg","contentUrl":"https:\/\/keramamueblesdejardin.com\/wp-content\/uploads\/2020\/12\/k.-scaled.jpg","width":2560,"height":551,"caption":"kerama"},"image":{"@id":"https:\/\/keramamueblesdejardin.com\/fr\/#\/schema\/logo\/image\/"},"sameAs":["https:\/\/www.facebook.com\/Kerama-Muebles-de-Jard\u00edn-106209328312568\/"]}]}},"df_price":"","df_sale_price":"","df_regular_price":"","df_image_link":"https:\/\/keramamueblesdejardin.com\/wp-content\/uploads\/woocommerce-placeholder-300x300.png","custom_tabs":[""],"_links":{"self":[{"href":"https:\/\/keramamueblesdejardin.com\/fr\/wp-json\/wp\/v2\/product\/176423","targetHints":{"allow":["GET"]}}],"collection":[{"href":"https:\/\/keramamueblesdejardin.com\/fr\/wp-json\/wp\/v2\/product"}],"about":[{"href":"https:\/\/keramamueblesdejardin.com\/fr\/wp-json\/wp\/v2\/types\/product"}],"replies":[{"embeddable":true,"href":"https:\/\/keramamueblesdejardin.com\/fr\/wp-json\/wp\/v2\/comments?post=176423"}],"wp:attachment":[{"href":"https:\/\/keramamueblesdejardin.com\/fr\/wp-json\/wp\/v2\/media?parent=176423"}],"wp:term":[{"taxonomy":"product_brand","embeddable":true,"href":"https:\/\/keramamueblesdejardin.com\/fr\/wp-json\/wp\/v2\/product_brand?post=176423"},{"taxonomy":"product_cat","embeddable":true,"href":"https:\/\/keramamueblesdejardin.com\/fr\/wp-json\/wp\/v2\/product_cat?post=176423"},{"taxonomy":"product_tag","embeddable":true,"href":"https:\/\/keramamueblesdejardin.com\/fr\/wp-json\/wp\/v2\/product_tag?post=176423"}],"curies":[{"name":"wp","href":"https:\/\/api.w.org\/{rel}","templated":true}]}}