{"id":175319,"date":"2024-10-24T17:19:12","date_gmt":"2024-10-24T15:19:12","guid":{"rendered":"https:\/\/keramamueblesdejardin.com\/non%20class\u00e9\/ensemble-de-jardin-4-places-en-bois-terracotta-corde-et-ceramique-ceramik-riviera\/"},"modified":"2025-01-31T08:45:30","modified_gmt":"2025-01-31T07:45:30","slug":"ensemble-4-places-en-bois-bois-et-ceramique-terracotta-4-places-en-ceramik-riviera","status":"publish","type":"product","link":"https:\/\/keramamueblesdejardin.com\/fr\/uncategorized-fr\/ensemble-4-places-en-bois-bois-et-ceramique-terracotta-4-places-en-ceramik-riviera\/","title":{"rendered":"Ensemble de jardin 4 places en bois terracotta, corde et c\u00e9ramique &#8211; Ceramik | Riviera"},"content":{"rendered":"<p>Ensemble de jardin 4 places et table basse Ceramik. Les tables de la famille Ceramik sont fabriqu\u00e9es avec une structure robuste en bois d\u2019acacia de couleur claire et avec un plateau en c\u00e9ramique \u00e9maill\u00e9e faite \u00e0 la main de dimensions 20x20cm. Les c\u00e9ramiques artisanales fabriqu\u00e9es \u00e0 G\u00e9rone sont la raison d\u2019\u00eatre de la collection Ceramik. La combinaison de ces deux \u00e9l\u00e9ments donne naissance \u00e0 des pi\u00e8ces uniques capables de s\u2019int\u00e9grer dans toutes sortes de styles de d\u00e9coration et d\u2019habiller votre terrasse ou votre jardin avec go\u00fbt. Les meubles Riviera sont fabriqu\u00e9s dans un beau bois d\u2019acacia de couleur claire, avec une finition rustique, qui est accompagn\u00e9 d\u2019une corde en polyester tress\u00e9e \u00e0 la main par nos artisans en beige et de coussins amovibles en beige imitant le lin. Fauteuil&nbsp;: 73x79x68.5cm, Canap\u00e9 2&nbsp;: 138x79x68.5cm, Table&nbsp;: 125x65x40cm<\/p>\n","protected":false},"excerpt":{"rendered":"<ul>\n<li>Set de jardin en bois 4 places<\/li>\n<li>  Corde tress\u00e9e beige et coussins amovibles<\/li>\n<li>  Table basse en c\u00e9ramique \u00e9maill\u00e9e en terre cuite<\/li>\n<li>  Fauteuil&nbsp;: 73x79x68.5cm, Canap\u00e9 2&nbsp;: 138x79x68.5cm, Table&nbsp;: 125x65x40cm<\/li>\n<\/ul>\n","protected":false},"featured_media":170622,"comment_status":"open","ping_status":"closed","template":"","meta":{"_acf_changed":false},"product_brand":[],"product_cat":[820],"product_tag":[],"class_list":{"0":"post-175319","1":"product","2":"type-product","3":"status-publish","4":"has-post-thumbnail","6":"product_cat-uncategorized-fr","7":"product_shipping_class-envio-gratuito-fr","8":"pa_asientos-4-fr-2","9":"pa_coleccion-ceramik-fr","10":"pa_coleccion-riviera-fr","11":"pa_material-madera-fr","12":"pa_material-ceramique","13":"pa_material-cuerda-fr","15":"first","16":"instock","17":"sale","18":"shipping-taxable","19":"purchasable","20":"product-type-simple","21":"add-to-wishlist-before_image"},"acf":[],"yoast_head":"<!-- This site is optimized with the Yoast SEO plugin v27.2 - https:\/\/yoast.com\/product\/yoast-seo-wordpress\/ -->\n<title>Ensemble de jardin 4 places en bois terracotta, corde et c\u00e9ramique - Ceramik | Riviera - Kerama<\/title>\n<meta name=\"robots\" content=\"index, follow, max-snippet:-1, max-image-preview:large, max-video-preview:-1\" \/>\n<link rel=\"canonical\" href=\"https:\/\/keramamueblesdejardin.com\/fr\/uncategorized-fr\/ensemble-4-places-en-bois-bois-et-ceramique-terracotta-4-places-en-ceramik-riviera\/\" \/>\n<meta property=\"og:locale\" content=\"fr_FR\" \/>\n<meta property=\"og:type\" content=\"article\" \/>\n<meta property=\"og:title\" content=\"Ensemble de jardin 4 places en bois terracotta, corde et c\u00e9ramique - Ceramik | Riviera - Kerama\" \/>\n<meta property=\"og:description\" content=\"Set de jardin en bois 4 places  Corde tress\u00e9e beige et coussins amovibles  Table basse en c\u00e9ramique \u00e9maill\u00e9e en terre cuite  Fauteuil&nbsp;: 73x79x68.5cm, Canap\u00e9 2&nbsp;: 138x79x68.5cm, Table&nbsp;: 125x65x40cm\" \/>\n<meta property=\"og:url\" content=\"https:\/\/keramamueblesdejardin.com\/fr\/uncategorized-fr\/ensemble-4-places-en-bois-bois-et-ceramique-terracotta-4-places-en-ceramik-riviera\/\" \/>\n<meta property=\"og:site_name\" content=\"Kerama\" \/>\n<meta property=\"article:publisher\" content=\"https:\/\/www.facebook.com\/Kerama-Muebles-de-Jard%c3%adn-106209328312568\/\" \/>\n<meta property=\"article:modified_time\" content=\"2025-01-31T07:45:30+00:00\" \/>\n<meta property=\"og:image\" content=\"https:\/\/keramamueblesdejardin.com\/wp-content\/uploads\/2024\/04\/Conjunto-riviera-4-rojo.jpg\" \/>\n\t<meta property=\"og:image:width\" content=\"1200\" \/>\n\t<meta property=\"og:image:height\" content=\"1200\" \/>\n\t<meta property=\"og:image:type\" content=\"image\/jpeg\" \/>\n<meta name=\"twitter:card\" content=\"summary_large_image\" \/>\n<meta name=\"twitter:label1\" content=\"Dur\u00e9e de lecture estim\u00e9e\" \/>\n\t<meta name=\"twitter:data1\" content=\"1 minute\" \/>\n<script type=\"application\/ld+json\" class=\"yoast-schema-graph\">{\"@context\":\"https:\/\/schema.org\",\"@graph\":[{\"@type\":\"WebPage\",\"@id\":\"https:\/\/keramamueblesdejardin.com\/fr\/uncategorized-fr\/ensemble-4-places-en-bois-bois-et-ceramique-terracotta-4-places-en-ceramik-riviera\/\",\"url\":\"https:\/\/keramamueblesdejardin.com\/fr\/uncategorized-fr\/ensemble-4-places-en-bois-bois-et-ceramique-terracotta-4-places-en-ceramik-riviera\/\",\"name\":\"Ensemble de jardin 4 places en bois terracotta, corde et c\u00e9ramique - Ceramik | Riviera - Kerama\",\"isPartOf\":{\"@id\":\"https:\/\/keramamueblesdejardin.com\/fr\/#website\"},\"primaryImageOfPage\":{\"@id\":\"https:\/\/keramamueblesdejardin.com\/fr\/uncategorized-fr\/ensemble-4-places-en-bois-bois-et-ceramique-terracotta-4-places-en-ceramik-riviera\/#primaryimage\"},\"image\":{\"@id\":\"https:\/\/keramamueblesdejardin.com\/fr\/uncategorized-fr\/ensemble-4-places-en-bois-bois-et-ceramique-terracotta-4-places-en-ceramik-riviera\/#primaryimage\"},\"thumbnailUrl\":\"https:\/\/keramamueblesdejardin.com\/wp-content\/uploads\/2024\/04\/Conjunto-riviera-4-rojo.jpg\",\"datePublished\":\"2024-10-24T15:19:12+00:00\",\"dateModified\":\"2025-01-31T07:45:30+00:00\",\"breadcrumb\":{\"@id\":\"https:\/\/keramamueblesdejardin.com\/fr\/uncategorized-fr\/ensemble-4-places-en-bois-bois-et-ceramique-terracotta-4-places-en-ceramik-riviera\/#breadcrumb\"},\"inLanguage\":\"fr-FR\",\"potentialAction\":[{\"@type\":\"ReadAction\",\"target\":[\"https:\/\/keramamueblesdejardin.com\/fr\/uncategorized-fr\/ensemble-4-places-en-bois-bois-et-ceramique-terracotta-4-places-en-ceramik-riviera\/\"]}]},{\"@type\":\"ImageObject\",\"inLanguage\":\"fr-FR\",\"@id\":\"https:\/\/keramamueblesdejardin.com\/fr\/uncategorized-fr\/ensemble-4-places-en-bois-bois-et-ceramique-terracotta-4-places-en-ceramik-riviera\/#primaryimage\",\"url\":\"https:\/\/keramamueblesdejardin.com\/wp-content\/uploads\/2024\/04\/Conjunto-riviera-4-rojo.jpg\",\"contentUrl\":\"https:\/\/keramamueblesdejardin.com\/wp-content\/uploads\/2024\/04\/Conjunto-riviera-4-rojo.jpg\",\"width\":1200,\"height\":1200},{\"@type\":\"BreadcrumbList\",\"@id\":\"https:\/\/keramamueblesdejardin.com\/fr\/uncategorized-fr\/ensemble-4-places-en-bois-bois-et-ceramique-terracotta-4-places-en-ceramik-riviera\/#breadcrumb\",\"itemListElement\":[{\"@type\":\"ListItem\",\"position\":1,\"name\":\"Home\",\"item\":\"https:\/\/keramamueblesdejardin.com\/fr\/\"},{\"@type\":\"ListItem\",\"position\":2,\"name\":\"Boutique\",\"item\":\"https:\/\/keramamueblesdejardin.com\/tienda\/\"},{\"@type\":\"ListItem\",\"position\":3,\"name\":\"Uncategorized\",\"item\":\"https:\/\/keramamueblesdejardin.com\/fr\/uncategorized-fr\/\"},{\"@type\":\"ListItem\",\"position\":4,\"name\":\"Ensemble de jardin 4 places en bois terracotta, corde et c\u00e9ramique &#8211; Ceramik | Riviera\"}]},{\"@type\":\"WebSite\",\"@id\":\"https:\/\/keramamueblesdejardin.com\/fr\/#website\",\"url\":\"https:\/\/keramamueblesdejardin.com\/fr\/\",\"name\":\"Kerama\",\"description\":\"muebles de jard\u00edn\",\"publisher\":{\"@id\":\"https:\/\/keramamueblesdejardin.com\/fr\/#organization\"},\"potentialAction\":[{\"@type\":\"SearchAction\",\"target\":{\"@type\":\"EntryPoint\",\"urlTemplate\":\"https:\/\/keramamueblesdejardin.com\/fr\/?s={search_term_string}\"},\"query-input\":{\"@type\":\"PropertyValueSpecification\",\"valueRequired\":true,\"valueName\":\"search_term_string\"}}],\"inLanguage\":\"fr-FR\"},{\"@type\":\"Organization\",\"@id\":\"https:\/\/keramamueblesdejardin.com\/fr\/#organization\",\"name\":\"kerama\",\"url\":\"https:\/\/keramamueblesdejardin.com\/fr\/\",\"logo\":{\"@type\":\"ImageObject\",\"inLanguage\":\"fr-FR\",\"@id\":\"https:\/\/keramamueblesdejardin.com\/fr\/#\/schema\/logo\/image\/\",\"url\":\"https:\/\/keramamueblesdejardin.com\/wp-content\/uploads\/2020\/12\/k.-scaled.jpg\",\"contentUrl\":\"https:\/\/keramamueblesdejardin.com\/wp-content\/uploads\/2020\/12\/k.-scaled.jpg\",\"width\":2560,\"height\":551,\"caption\":\"kerama\"},\"image\":{\"@id\":\"https:\/\/keramamueblesdejardin.com\/fr\/#\/schema\/logo\/image\/\"},\"sameAs\":[\"https:\/\/www.facebook.com\/Kerama-Muebles-de-Jard\u00edn-106209328312568\/\"]}]}<\/script>\n<!-- \/ Yoast SEO plugin. -->","yoast_head_json":{"title":"Ensemble de jardin 4 places en bois terracotta, corde et c\u00e9ramique - Ceramik | Riviera - Kerama","robots":{"index":"index","follow":"follow","max-snippet":"max-snippet:-1","max-image-preview":"max-image-preview:large","max-video-preview":"max-video-preview:-1"},"canonical":"https:\/\/keramamueblesdejardin.com\/fr\/uncategorized-fr\/ensemble-4-places-en-bois-bois-et-ceramique-terracotta-4-places-en-ceramik-riviera\/","og_locale":"fr_FR","og_type":"article","og_title":"Ensemble de jardin 4 places en bois terracotta, corde et c\u00e9ramique - Ceramik | Riviera - Kerama","og_description":"Set de jardin en bois 4 places  Corde tress\u00e9e beige et coussins amovibles  Table basse en c\u00e9ramique \u00e9maill\u00e9e en terre cuite  Fauteuil&nbsp;: 73x79x68.5cm, Canap\u00e9 2&nbsp;: 138x79x68.5cm, Table&nbsp;: 125x65x40cm","og_url":"https:\/\/keramamueblesdejardin.com\/fr\/uncategorized-fr\/ensemble-4-places-en-bois-bois-et-ceramique-terracotta-4-places-en-ceramik-riviera\/","og_site_name":"Kerama","article_publisher":"https:\/\/www.facebook.com\/Kerama-Muebles-de-Jard%c3%adn-106209328312568\/","article_modified_time":"2025-01-31T07:45:30+00:00","og_image":[{"width":1200,"height":1200,"url":"https:\/\/keramamueblesdejardin.com\/wp-content\/uploads\/2024\/04\/Conjunto-riviera-4-rojo.jpg","type":"image\/jpeg"}],"twitter_card":"summary_large_image","twitter_misc":{"Dur\u00e9e de lecture estim\u00e9e":"1 minute"},"schema":{"@context":"https:\/\/schema.org","@graph":[{"@type":"WebPage","@id":"https:\/\/keramamueblesdejardin.com\/fr\/uncategorized-fr\/ensemble-4-places-en-bois-bois-et-ceramique-terracotta-4-places-en-ceramik-riviera\/","url":"https:\/\/keramamueblesdejardin.com\/fr\/uncategorized-fr\/ensemble-4-places-en-bois-bois-et-ceramique-terracotta-4-places-en-ceramik-riviera\/","name":"Ensemble de jardin 4 places en bois terracotta, corde et c\u00e9ramique - Ceramik | Riviera - Kerama","isPartOf":{"@id":"https:\/\/keramamueblesdejardin.com\/fr\/#website"},"primaryImageOfPage":{"@id":"https:\/\/keramamueblesdejardin.com\/fr\/uncategorized-fr\/ensemble-4-places-en-bois-bois-et-ceramique-terracotta-4-places-en-ceramik-riviera\/#primaryimage"},"image":{"@id":"https:\/\/keramamueblesdejardin.com\/fr\/uncategorized-fr\/ensemble-4-places-en-bois-bois-et-ceramique-terracotta-4-places-en-ceramik-riviera\/#primaryimage"},"thumbnailUrl":"https:\/\/keramamueblesdejardin.com\/wp-content\/uploads\/2024\/04\/Conjunto-riviera-4-rojo.jpg","datePublished":"2024-10-24T15:19:12+00:00","dateModified":"2025-01-31T07:45:30+00:00","breadcrumb":{"@id":"https:\/\/keramamueblesdejardin.com\/fr\/uncategorized-fr\/ensemble-4-places-en-bois-bois-et-ceramique-terracotta-4-places-en-ceramik-riviera\/#breadcrumb"},"inLanguage":"fr-FR","potentialAction":[{"@type":"ReadAction","target":["https:\/\/keramamueblesdejardin.com\/fr\/uncategorized-fr\/ensemble-4-places-en-bois-bois-et-ceramique-terracotta-4-places-en-ceramik-riviera\/"]}]},{"@type":"ImageObject","inLanguage":"fr-FR","@id":"https:\/\/keramamueblesdejardin.com\/fr\/uncategorized-fr\/ensemble-4-places-en-bois-bois-et-ceramique-terracotta-4-places-en-ceramik-riviera\/#primaryimage","url":"https:\/\/keramamueblesdejardin.com\/wp-content\/uploads\/2024\/04\/Conjunto-riviera-4-rojo.jpg","contentUrl":"https:\/\/keramamueblesdejardin.com\/wp-content\/uploads\/2024\/04\/Conjunto-riviera-4-rojo.jpg","width":1200,"height":1200},{"@type":"BreadcrumbList","@id":"https:\/\/keramamueblesdejardin.com\/fr\/uncategorized-fr\/ensemble-4-places-en-bois-bois-et-ceramique-terracotta-4-places-en-ceramik-riviera\/#breadcrumb","itemListElement":[{"@type":"ListItem","position":1,"name":"Home","item":"https:\/\/keramamueblesdejardin.com\/fr\/"},{"@type":"ListItem","position":2,"name":"Boutique","item":"https:\/\/keramamueblesdejardin.com\/tienda\/"},{"@type":"ListItem","position":3,"name":"Uncategorized","item":"https:\/\/keramamueblesdejardin.com\/fr\/uncategorized-fr\/"},{"@type":"ListItem","position":4,"name":"Ensemble de jardin 4 places en bois terracotta, corde et c\u00e9ramique &#8211; Ceramik | Riviera"}]},{"@type":"WebSite","@id":"https:\/\/keramamueblesdejardin.com\/fr\/#website","url":"https:\/\/keramamueblesdejardin.com\/fr\/","name":"Kerama","description":"muebles de jard\u00edn","publisher":{"@id":"https:\/\/keramamueblesdejardin.com\/fr\/#organization"},"potentialAction":[{"@type":"SearchAction","target":{"@type":"EntryPoint","urlTemplate":"https:\/\/keramamueblesdejardin.com\/fr\/?s={search_term_string}"},"query-input":{"@type":"PropertyValueSpecification","valueRequired":true,"valueName":"search_term_string"}}],"inLanguage":"fr-FR"},{"@type":"Organization","@id":"https:\/\/keramamueblesdejardin.com\/fr\/#organization","name":"kerama","url":"https:\/\/keramamueblesdejardin.com\/fr\/","logo":{"@type":"ImageObject","inLanguage":"fr-FR","@id":"https:\/\/keramamueblesdejardin.com\/fr\/#\/schema\/logo\/image\/","url":"https:\/\/keramamueblesdejardin.com\/wp-content\/uploads\/2020\/12\/k.-scaled.jpg","contentUrl":"https:\/\/keramamueblesdejardin.com\/wp-content\/uploads\/2020\/12\/k.-scaled.jpg","width":2560,"height":551,"caption":"kerama"},"image":{"@id":"https:\/\/keramamueblesdejardin.com\/fr\/#\/schema\/logo\/image\/"},"sameAs":["https:\/\/www.facebook.com\/Kerama-Muebles-de-Jard\u00edn-106209328312568\/"]}]}},"df_price":1539,"df_sale_price":1539,"df_regular_price":1892,"df_image_link":"https:\/\/keramamueblesdejardin.com\/wp-content\/uploads\/2024\/04\/Conjunto-riviera-4-rojo-300x300.jpg","custom_tabs":[{"title":"MESURES","id":"mesures","content":"<div class=\"list\">\n<div class=\"list\"><strong>Haut: <\/strong>Fauteuil : 68,5 cm, Canap\u00e9 2 : 68,5 cm, Table : 40 cm<\/div>\n<div class=\"list\"><strong>Large: <\/strong>Fauteuil\u00a0: 73, Canap\u00e9 2\u00a0: 138cm, Table\u00a0: 125cm<\/div>\n<div class=\"list\"><strong>Fond: <\/strong>Fauteuil\u00a0: 79cm, Canap\u00e9 2\u00a0: 79cm, Table\u00a0: 65Cm<\/div>\n<\/div>"},{"title":"D\u00c9BALLAGE ET MONTAGE","id":"deballage-et-montage","content":"<div class=\"list\"><strong style=\"font-weight: bold; color: #282828;\">Recommandations pour le d\u00e9ballage :<\/strong><span style=\"color: #282828;\"> N'utilisez pas d'outils tranchants lors du d\u00e9ballage du meuble, car cela pourrait l'endommager.<\/span><br style=\"color: #282828;\"><strong style=\"font-weight: bold; color: #282828;\">Montage requis (O\/N) :<\/strong><span style=\"color: #282828;\"> Oui<\/span><br style=\"color: #282828;\"><strong style=\"font-weight: bold; color: #282828;\">Difficult\u00e9 de montage :<\/strong><span style=\"color: #282828;\"> Faible<\/span><br style=\"color: #282828;\"><strong style=\"font-weight: bold; color: #282828;\">Temps de montage :<\/strong><span style=\"color: #282828;\"> 60 minutes<\/span><br style=\"color: #282828;\"><strong style=\"font-weight: bold; color: #282828;\">Personnes recommand\u00e9es pour le montage :<\/strong><span style=\"color: #282828;\"> 2<\/span><br style=\"color: #282828;\"><strong style=\"font-weight: bold; color: #282828;\">Suggestions de montage :<\/strong><span style=\"color: #282828;\">  Pr\u00e9parez une zone de montage propre et s\u00e8che, v\u00e9rifiez qu'aucune des pi\u00e8ces \u00e9num\u00e9r\u00e9es dans le manuel ne manque. Nous recommandons l'utilisation de gants appropri\u00e9s pour le montage. N'utilisez que les pi\u00e8ces et les raccords fournis.<\/span><\/div>"},{"title":"ENTRETIEN ET GARANTIES","id":"entretien-et-garanties","content":"<strong>Recommandations g\u00e9n\u00e9rales :<\/strong> \u2022 Les pannes ou dommages caus\u00e9s par : \u2022 Les causes accidentelles telles que les chutes, les coups, le d\u00e9versement de liquides, l\u2019introduction de corps \u00e9trangers, ainsi que tout autre cas de force majeure sont exclues de la garantie. - Utilisation n\u00e9gligente, inappropri\u00e9e ou non domestique. \u2022 Dommages, corrosion et\/ou oxydation acc\u00e9l\u00e9r\u00e9s par des conditions environnementales d\u00e9favorables \u2022 Taches et d\u00e9coloration dues au non-respect de nos instructions de nettoyage \u2022 Dommages survenant lors du montage et de la manipulation sans avoir suivi les instructions de montage indiqu\u00e9es. <strong>Mode d\u2019emploi et d\u2019entretien :<\/strong> \u2022 Nettoyez d\u00e9licatement \u00e0 l\u2019aide d\u2019un chiffon ou utilisez un savon liquide neutre, en rin\u00e7ant abondamment \u00e0 l\u2019eau. - Enlevez r\u00e9guli\u00e8rement la poussi\u00e8re avec un chiffon doux et de l'eau claire. - N'utilisez pas de d\u00e9tergents ou de produits abrasifs pour le nettoyage. - Traitement \u00e0 l'huile de lin : Avant d'appliquer une couche d'huile de lin sur le produit \u00e0 l'\u00e9tat naturel, il est conseill\u00e9 de le laisser \u00e0 l'ext\u00e9rieur pendant 2 \u00e0 3 semaines afin de lui donner un aspect homog\u00e8ne et de l'a\u00e9rer. Nettoyer \u00e0 l'eau claire \u00e0 l'aide d'une brosse et laisser s\u00e9cher. Une fois qu'elle est bien s\u00e8che, poncez-la avec une feuille de papier de verre d'un grammage compris entre 120 et 150, avec pr\u00e9caution et sans appuyer, en suivant, autant que possible, le sens des veines ; cette op\u00e9ration ne doit jamais \u00eatre effectu\u00e9e aux premi\u00e8res heures du jour. Pour conserver la couleur, il est conseill\u00e9 de r\u00e9p\u00e9ter le processus une ou deux fois par an. Si l\u2019huile de lin a d\u00e9j\u00e0 \u00e9t\u00e9 appliqu\u00e9e sur le meuble, il est conseill\u00e9 de la poncer tous les trois ans afin que les couches successives d\u2019huile n\u2019emp\u00eachent pas le bois de transpirer. <strong>Ann\u00e9es de garantie :<\/strong> 3 ans <strong>Fabriqu\u00e9 selon la norme :<\/strong> 581-1,581-2,581-3 <strong>Certification FSC (oui\/non) :<\/strong> Oui"}],"_links":{"self":[{"href":"https:\/\/keramamueblesdejardin.com\/fr\/wp-json\/wp\/v2\/product\/175319","targetHints":{"allow":["GET"]}}],"collection":[{"href":"https:\/\/keramamueblesdejardin.com\/fr\/wp-json\/wp\/v2\/product"}],"about":[{"href":"https:\/\/keramamueblesdejardin.com\/fr\/wp-json\/wp\/v2\/types\/product"}],"replies":[{"embeddable":true,"href":"https:\/\/keramamueblesdejardin.com\/fr\/wp-json\/wp\/v2\/comments?post=175319"}],"wp:featuredmedia":[{"embeddable":true,"href":"https:\/\/keramamueblesdejardin.com\/fr\/wp-json\/wp\/v2\/media\/170622"}],"wp:attachment":[{"href":"https:\/\/keramamueblesdejardin.com\/fr\/wp-json\/wp\/v2\/media?parent=175319"}],"wp:term":[{"taxonomy":"product_brand","embeddable":true,"href":"https:\/\/keramamueblesdejardin.com\/fr\/wp-json\/wp\/v2\/product_brand?post=175319"},{"taxonomy":"product_cat","embeddable":true,"href":"https:\/\/keramamueblesdejardin.com\/fr\/wp-json\/wp\/v2\/product_cat?post=175319"},{"taxonomy":"product_tag","embeddable":true,"href":"https:\/\/keramamueblesdejardin.com\/fr\/wp-json\/wp\/v2\/product_tag?post=175319"}],"curies":[{"name":"wp","href":"https:\/\/api.w.org\/{rel}","templated":true}]}}