{"id":175289,"date":"2024-12-03T12:10:22","date_gmt":"2024-12-03T11:10:22","guid":{"rendered":"https:\/\/keramamueblesdejardin.com\/non class\u00e9\/ensemble-de-canapes-de-jardin-incurves-6-places-soho-avec-2-tables-de-chevet\/"},"modified":"2024-12-03T12:10:22","modified_gmt":"2024-12-03T11:10:22","slug":"canape-de-jardin-6-places-curv-et-2-tables-de-chevet-soho","status":"publish","type":"product","link":"https:\/\/keramamueblesdejardin.com\/fr\/non class\u00e9\/canape-de-jardin-6-places-curv-et-2-tables-de-chevet-soho\/","title":{"rendered":"Ensemble de canap\u00e9s de jardin incurv\u00e9s 6 places Soho avec 2 tables de chevet"},"content":{"rendered":"<p><span data-sheets-root=\"1\">Le design de la collection Soho combine des formes arrondies avec des lignes organiques et ergonomiques ainsi qu\u2019un excellent confort d\u2019assise. La collection est fabriqu\u00e9e en bois de teck certifi\u00e9 FSC et en aluminium modulaire peint \u00e0 l\u2019\u00e9poxy et peut \u00eatre combin\u00e9e \u00e0 votre guise et interchangeable en position avec de simples changements de pieds, en faisant pivoter les cadres et le dossier. En plus de ces pi\u00e8ces principales, la collection comprend des tables d\u2019appoint mobiles. Ces tables sont con\u00e7ues pour s\u2019adapter n\u2019importe o\u00f9 le long des c\u00f4t\u00e9s ou \u00e0 l\u2019avant des \u00e9l\u00e9ments, offrant ainsi plus de flexibilit\u00e9. Les pieds sont r\u00e9glables en hauteur.    <\/span>  L\u2019ensemble comprend des housses pour les ranger pendant l\u2019hiver. Canap\u00e9 : 174.5x116x72.5 cm Canap\u00e9 : 188.5&#215;155.5&#215;72.5 cm Fauteuil : 80x80x72.5 Table en teck : 60&#215;22 cm Table en c\u00e9ramique : 80&#215;22 cm Table d\u2019appoint : 44&#215;34 cm Hauteur d\u2019assise 38cm Structure en aluminium beige Bois de teck FSC Modulaire et polyvalent Dimensions : Canap\u00e9 : 174.5x116x72.5cm, Canap\u00e9 : 188.5&#215;155.5&#215;72.5cm, Fauteuil : 80x80x72.5, Table en teck : 60x22cm, Table en c\u00e9ramique : 80x22cm, Table d\u2019appoint :  44x34cm <\/p>\n","protected":false},"excerpt":{"rendered":"<ul>\n<li>Structure en aluminium beige<\/li>\n<li>Bois de teck FSC<\/li>\n<li>Modulaire et polyvalent<\/li>\n<li>Dimensions&nbsp;: Canap\u00e9&nbsp;: 174.5x116x72.5cm, Canap\u00e9&nbsp;: 188.5\u00d7155.5\u00d772.5cm, Fauteuil&nbsp;: 80x80x72.5cm, Table en teck&nbsp;: 60x22cm, Table en c\u00e9ramique&nbsp;: 80x22cm, Table d\u2019appoint&nbsp;: 44x34cm<\/li>\n<\/ul>\n","protected":false},"featured_media":171626,"comment_status":"open","ping_status":"closed","template":"","meta":{"_acf_changed":false},"product_brand":[],"product_cat":[],"product_tag":[],"class_list":{"0":"post-175289","1":"product","2":"type-product","3":"status-publish","4":"has-post-thumbnail","7":"first","8":"instock","9":"sale","10":"shipping-taxable","11":"purchasable","12":"product-type-simple","13":"add-to-wishlist-before_image"},"acf":[],"yoast_head":"<!-- This site is optimized with the Yoast SEO plugin v27.4 - https:\/\/yoast.com\/product\/yoast-seo-wordpress\/ -->\n<title>Ensemble de canap\u00e9s de jardin incurv\u00e9s 6 places Soho avec 2 tables de chevet - Kerama<\/title>\n<meta name=\"robots\" content=\"index, follow, max-snippet:-1, max-image-preview:large, max-video-preview:-1\" \/>\n<link rel=\"canonical\" href=\"https:\/\/keramamueblesdejardin.com\/fr\/non%20class\u00e9\/canape-de-jardin-6-places-curv-et-2-tables-de-chevet-soho\/\" \/>\n<meta property=\"og:locale\" content=\"fr_FR\" \/>\n<meta property=\"og:type\" content=\"article\" \/>\n<meta property=\"og:title\" content=\"Ensemble de canap\u00e9s de jardin incurv\u00e9s 6 places Soho avec 2 tables de chevet - Kerama\" \/>\n<meta property=\"og:description\" content=\"Structure en aluminium beige  Bois de teck FSC  Modulaire et polyvalent  Dimensions&nbsp;: Canap\u00e9&nbsp;: 174.5x116x72.5cm, Canap\u00e9&nbsp;: 188.5\u00d7155.5\u00d772.5cm, Fauteuil&nbsp;: 80x80x72.5cm, Table en teck&nbsp;: 60x22cm, Table en c\u00e9ramique&nbsp;: 80x22cm, Table d\u2019appoint&nbsp;: 44x34cm\" \/>\n<meta property=\"og:url\" content=\"https:\/\/keramamueblesdejardin.com\/fr\/non class\u00e9\/canape-de-jardin-6-places-curv-et-2-tables-de-chevet-soho\/\" \/>\n<meta property=\"og:site_name\" content=\"Kerama\" \/>\n<meta property=\"article:publisher\" content=\"https:\/\/www.facebook.com\/Kerama-Muebles-de-Jard%c3%adn-106209328312568\/\" \/>\n<meta property=\"og:image\" content=\"https:\/\/keramamueblesdejardin.com\/wp-content\/uploads\/2024\/10\/conjunto-saona.jpg\" \/>\n\t<meta property=\"og:image:width\" content=\"1200\" \/>\n\t<meta property=\"og:image:height\" content=\"1200\" \/>\n\t<meta property=\"og:image:type\" content=\"image\/jpeg\" \/>\n<meta name=\"twitter:card\" content=\"summary_large_image\" \/>\n<meta name=\"twitter:label1\" content=\"Dur\u00e9e de lecture estim\u00e9e\" \/>\n\t<meta name=\"twitter:data1\" content=\"1 minute\" \/>\n<script type=\"application\/ld+json\" class=\"yoast-schema-graph\">{\"@context\":\"https:\\\/\\\/schema.org\",\"@graph\":[{\"@type\":\"WebPage\",\"@id\":\"https:\\\/\\\/keramamueblesdejardin.com\\\/fr\\\/non class\u00e9\\\/canape-de-jardin-6-places-curv-et-2-tables-de-chevet-soho\\\/\",\"url\":\"https:\\\/\\\/keramamueblesdejardin.com\\\/fr\\\/non class\u00e9\\\/canape-de-jardin-6-places-curv-et-2-tables-de-chevet-soho\\\/\",\"name\":\"Ensemble de canap\u00e9s de jardin incurv\u00e9s 6 places Soho avec 2 tables de chevet - Kerama\",\"isPartOf\":{\"@id\":\"https:\\\/\\\/keramamueblesdejardin.com\\\/fr\\\/#website\"},\"primaryImageOfPage\":{\"@id\":\"https:\\\/\\\/keramamueblesdejardin.com\\\/fr\\\/non class\u00e9\\\/canape-de-jardin-6-places-curv-et-2-tables-de-chevet-soho\\\/#primaryimage\"},\"image\":{\"@id\":\"https:\\\/\\\/keramamueblesdejardin.com\\\/fr\\\/non class\u00e9\\\/canape-de-jardin-6-places-curv-et-2-tables-de-chevet-soho\\\/#primaryimage\"},\"thumbnailUrl\":\"https:\\\/\\\/keramamueblesdejardin.com\\\/wp-content\\\/uploads\\\/2024\\\/10\\\/conjunto-saona.jpg\",\"datePublished\":\"2024-12-03T11:10:22+00:00\",\"breadcrumb\":{\"@id\":\"https:\\\/\\\/keramamueblesdejardin.com\\\/fr\\\/non class\u00e9\\\/canape-de-jardin-6-places-curv-et-2-tables-de-chevet-soho\\\/#breadcrumb\"},\"inLanguage\":\"fr-FR\",\"potentialAction\":[{\"@type\":\"ReadAction\",\"target\":[\"https:\\\/\\\/keramamueblesdejardin.com\\\/fr\\\/non class\u00e9\\\/canape-de-jardin-6-places-curv-et-2-tables-de-chevet-soho\\\/\"]}]},{\"@type\":\"ImageObject\",\"inLanguage\":\"fr-FR\",\"@id\":\"https:\\\/\\\/keramamueblesdejardin.com\\\/fr\\\/non class\u00e9\\\/canape-de-jardin-6-places-curv-et-2-tables-de-chevet-soho\\\/#primaryimage\",\"url\":\"https:\\\/\\\/keramamueblesdejardin.com\\\/wp-content\\\/uploads\\\/2024\\\/10\\\/conjunto-saona.jpg\",\"contentUrl\":\"https:\\\/\\\/keramamueblesdejardin.com\\\/wp-content\\\/uploads\\\/2024\\\/10\\\/conjunto-saona.jpg\",\"width\":1200,\"height\":1200},{\"@type\":\"BreadcrumbList\",\"@id\":\"https:\\\/\\\/keramamueblesdejardin.com\\\/fr\\\/non class\u00e9\\\/canape-de-jardin-6-places-curv-et-2-tables-de-chevet-soho\\\/#breadcrumb\",\"itemListElement\":[{\"@type\":\"ListItem\",\"position\":1,\"name\":\"Home\",\"item\":\"https:\\\/\\\/keramamueblesdejardin.com\\\/fr\\\/\"},{\"@type\":\"ListItem\",\"position\":2,\"name\":\"Boutique\",\"item\":\"https:\\\/\\\/keramamueblesdejardin.com\\\/tienda\\\/\"},{\"@type\":\"ListItem\",\"position\":3,\"name\":\"Salles ext\u00e9rieures\",\"item\":\"https:\\\/\\\/keramamueblesdejardin.com\\\/fr\\\/salles-exterieures\\\/\"},{\"@type\":\"ListItem\",\"position\":4,\"name\":\"Ensembles de jardin\",\"item\":\"https:\\\/\\\/keramamueblesdejardin.com\\\/fr\\\/salles-exterieures\\\/ensembles-de-jardin\\\/\"},{\"@type\":\"ListItem\",\"position\":5,\"name\":\"Ensemble de canap\u00e9s de jardin incurv\u00e9s 6 places Soho avec 2 tables de chevet\"}]},{\"@type\":\"WebSite\",\"@id\":\"https:\\\/\\\/keramamueblesdejardin.com\\\/fr\\\/#website\",\"url\":\"https:\\\/\\\/keramamueblesdejardin.com\\\/fr\\\/\",\"name\":\"Kerama\",\"description\":\"muebles de jard\u00edn\",\"publisher\":{\"@id\":\"https:\\\/\\\/keramamueblesdejardin.com\\\/fr\\\/#organization\"},\"potentialAction\":[{\"@type\":\"SearchAction\",\"target\":{\"@type\":\"EntryPoint\",\"urlTemplate\":\"https:\\\/\\\/keramamueblesdejardin.com\\\/fr\\\/?s={search_term_string}\"},\"query-input\":{\"@type\":\"PropertyValueSpecification\",\"valueRequired\":true,\"valueName\":\"search_term_string\"}}],\"inLanguage\":\"fr-FR\"},{\"@type\":\"Organization\",\"@id\":\"https:\\\/\\\/keramamueblesdejardin.com\\\/fr\\\/#organization\",\"name\":\"kerama\",\"url\":\"https:\\\/\\\/keramamueblesdejardin.com\\\/fr\\\/\",\"logo\":{\"@type\":\"ImageObject\",\"inLanguage\":\"fr-FR\",\"@id\":\"https:\\\/\\\/keramamueblesdejardin.com\\\/fr\\\/#\\\/schema\\\/logo\\\/image\\\/\",\"url\":\"https:\\\/\\\/keramamueblesdejardin.com\\\/wp-content\\\/uploads\\\/2020\\\/12\\\/k.-scaled.jpg\",\"contentUrl\":\"https:\\\/\\\/keramamueblesdejardin.com\\\/wp-content\\\/uploads\\\/2020\\\/12\\\/k.-scaled.jpg\",\"width\":2560,\"height\":551,\"caption\":\"kerama\"},\"image\":{\"@id\":\"https:\\\/\\\/keramamueblesdejardin.com\\\/fr\\\/#\\\/schema\\\/logo\\\/image\\\/\"},\"sameAs\":[\"https:\\\/\\\/www.facebook.com\\\/Kerama-Muebles-de-Jard\u00edn-106209328312568\\\/\"]}]}<\/script>\n<!-- \/ Yoast SEO plugin. -->","yoast_head_json":{"title":"Ensemble de canap\u00e9s de jardin incurv\u00e9s 6 places Soho avec 2 tables de chevet - Kerama","robots":{"index":"index","follow":"follow","max-snippet":"max-snippet:-1","max-image-preview":"max-image-preview:large","max-video-preview":"max-video-preview:-1"},"canonical":"https:\/\/keramamueblesdejardin.com\/fr\/non class\u00e9\/canape-de-jardin-6-places-curv-et-2-tables-de-chevet-soho\/","og_locale":"fr_FR","og_type":"article","og_title":"Ensemble de canap\u00e9s de jardin incurv\u00e9s 6 places Soho avec 2 tables de chevet - Kerama","og_description":"Structure en aluminium beige  Bois de teck FSC  Modulaire et polyvalent  Dimensions&nbsp;: Canap\u00e9&nbsp;: 174.5x116x72.5cm, Canap\u00e9&nbsp;: 188.5\u00d7155.5\u00d772.5cm, Fauteuil&nbsp;: 80x80x72.5cm, Table en teck&nbsp;: 60x22cm, Table en c\u00e9ramique&nbsp;: 80x22cm, Table d\u2019appoint&nbsp;: 44x34cm","og_url":"https:\/\/keramamueblesdejardin.com\/fr\/non class\u00e9\/canape-de-jardin-6-places-curv-et-2-tables-de-chevet-soho\/","og_site_name":"Kerama","article_publisher":"https:\/\/www.facebook.com\/Kerama-Muebles-de-Jard%c3%adn-106209328312568\/","og_image":[{"width":1200,"height":1200,"url":"https:\/\/keramamueblesdejardin.com\/wp-content\/uploads\/2024\/10\/conjunto-saona.jpg","type":"image\/jpeg"}],"twitter_card":"summary_large_image","twitter_misc":{"Dur\u00e9e de lecture estim\u00e9e":"1 minute"},"schema":{"@context":"https:\/\/schema.org","@graph":[{"@type":"WebPage","@id":"https:\/\/keramamueblesdejardin.com\/fr\/non class\u00e9\/canape-de-jardin-6-places-curv-et-2-tables-de-chevet-soho\/","url":"https:\/\/keramamueblesdejardin.com\/fr\/non class\u00e9\/canape-de-jardin-6-places-curv-et-2-tables-de-chevet-soho\/","name":"Ensemble de canap\u00e9s de jardin incurv\u00e9s 6 places Soho avec 2 tables de chevet - Kerama","isPartOf":{"@id":"https:\/\/keramamueblesdejardin.com\/fr\/#website"},"primaryImageOfPage":{"@id":"https:\/\/keramamueblesdejardin.com\/fr\/non class\u00e9\/canape-de-jardin-6-places-curv-et-2-tables-de-chevet-soho\/#primaryimage"},"image":{"@id":"https:\/\/keramamueblesdejardin.com\/fr\/non class\u00e9\/canape-de-jardin-6-places-curv-et-2-tables-de-chevet-soho\/#primaryimage"},"thumbnailUrl":"https:\/\/keramamueblesdejardin.com\/wp-content\/uploads\/2024\/10\/conjunto-saona.jpg","datePublished":"2024-12-03T11:10:22+00:00","breadcrumb":{"@id":"https:\/\/keramamueblesdejardin.com\/fr\/non class\u00e9\/canape-de-jardin-6-places-curv-et-2-tables-de-chevet-soho\/#breadcrumb"},"inLanguage":"fr-FR","potentialAction":[{"@type":"ReadAction","target":["https:\/\/keramamueblesdejardin.com\/fr\/non class\u00e9\/canape-de-jardin-6-places-curv-et-2-tables-de-chevet-soho\/"]}]},{"@type":"ImageObject","inLanguage":"fr-FR","@id":"https:\/\/keramamueblesdejardin.com\/fr\/non class\u00e9\/canape-de-jardin-6-places-curv-et-2-tables-de-chevet-soho\/#primaryimage","url":"https:\/\/keramamueblesdejardin.com\/wp-content\/uploads\/2024\/10\/conjunto-saona.jpg","contentUrl":"https:\/\/keramamueblesdejardin.com\/wp-content\/uploads\/2024\/10\/conjunto-saona.jpg","width":1200,"height":1200},{"@type":"BreadcrumbList","@id":"https:\/\/keramamueblesdejardin.com\/fr\/non class\u00e9\/canape-de-jardin-6-places-curv-et-2-tables-de-chevet-soho\/#breadcrumb","itemListElement":[{"@type":"ListItem","position":1,"name":"Home","item":"https:\/\/keramamueblesdejardin.com\/fr\/"},{"@type":"ListItem","position":2,"name":"Boutique","item":"https:\/\/keramamueblesdejardin.com\/tienda\/"},{"@type":"ListItem","position":3,"name":"Salles ext\u00e9rieures","item":"https:\/\/keramamueblesdejardin.com\/fr\/salles-exterieures\/"},{"@type":"ListItem","position":4,"name":"Ensembles de jardin","item":"https:\/\/keramamueblesdejardin.com\/fr\/salles-exterieures\/ensembles-de-jardin\/"},{"@type":"ListItem","position":5,"name":"Ensemble de canap\u00e9s de jardin incurv\u00e9s 6 places Soho avec 2 tables de chevet"}]},{"@type":"WebSite","@id":"https:\/\/keramamueblesdejardin.com\/fr\/#website","url":"https:\/\/keramamueblesdejardin.com\/fr\/","name":"Kerama","description":"muebles de jard\u00edn","publisher":{"@id":"https:\/\/keramamueblesdejardin.com\/fr\/#organization"},"potentialAction":[{"@type":"SearchAction","target":{"@type":"EntryPoint","urlTemplate":"https:\/\/keramamueblesdejardin.com\/fr\/?s={search_term_string}"},"query-input":{"@type":"PropertyValueSpecification","valueRequired":true,"valueName":"search_term_string"}}],"inLanguage":"fr-FR"},{"@type":"Organization","@id":"https:\/\/keramamueblesdejardin.com\/fr\/#organization","name":"kerama","url":"https:\/\/keramamueblesdejardin.com\/fr\/","logo":{"@type":"ImageObject","inLanguage":"fr-FR","@id":"https:\/\/keramamueblesdejardin.com\/fr\/#\/schema\/logo\/image\/","url":"https:\/\/keramamueblesdejardin.com\/wp-content\/uploads\/2020\/12\/k.-scaled.jpg","contentUrl":"https:\/\/keramamueblesdejardin.com\/wp-content\/uploads\/2020\/12\/k.-scaled.jpg","width":2560,"height":551,"caption":"kerama"},"image":{"@id":"https:\/\/keramamueblesdejardin.com\/fr\/#\/schema\/logo\/image\/"},"sameAs":["https:\/\/www.facebook.com\/Kerama-Muebles-de-Jard\u00edn-106209328312568\/"]}]}},"df_price":5415,"df_sale_price":5415,"df_regular_price":6823,"df_image_link":"https:\/\/keramamueblesdejardin.com\/wp-content\/uploads\/2024\/10\/conjunto-saona-300x300.jpg","custom_tabs":[{"title":"MESURES","id":"mesures","content":"<div class=\"list\"><span data-sheets-root=\"1\"><strong>Canap\u00e9 :<\/strong> 174.5x116x72.5 cm <strong>Canap\u00e9 :<\/strong> 188.5x155.5x72.5 cm <strong>Fauteuil :<\/strong> 80x80x72.5cm <strong>Table en teck :<\/strong> 60x22 cm <strong>Table en c\u00e9ramique :<\/strong> 80x22 cm <strong>Table d\u2019appoint :<\/strong> 44x34 cm <strong>Hauteur d\u2019assise :<\/strong> 38cm  <\/span><\/div>"},{"title":"D\u00c9BALLAGE ET MONTAGE","id":"deballage-et-montage","content":"<div class=\"list\"><strong style=\"font-weight: bold; color: #282828;\">Recommandations pour le d\u00e9ballage :<\/strong><span style=\"color: #282828;\"> N'utilisez pas d'outils tranchants lors du d\u00e9ballage du meuble, car cela pourrait l'endommager.<\/span><br style=\"color: #282828;\"><strong style=\"font-weight: bold; color: #282828;\">Montage requis (O\/N) :<\/strong><span style=\"color: #282828;\"> Oui<\/span><br style=\"color: #282828;\"><strong style=\"font-weight: bold; color: #282828;\">Difficult\u00e9 de montage :<\/strong><span style=\"color: #282828;\"> Faible<\/span><br style=\"color: #282828;\"><strong style=\"font-weight: bold; color: #282828;\">Temps de montage :<\/strong><span style=\"color: #282828;\"> 20 minutes<\/span><br style=\"color: #282828;\"><strong style=\"font-weight: bold; color: #282828;\">Personnes recommand\u00e9es pour le montage :<\/strong><span style=\"color: #282828;\"> 2<\/span><br style=\"color: #282828;\"><strong style=\"font-weight: bold; color: #282828;\">Suggestions de montage :<\/strong><span style=\"color: #282828;\">  Pr\u00e9parez une zone de montage propre et s\u00e8che, v\u00e9rifiez qu'aucune des pi\u00e8ces \u00e9num\u00e9r\u00e9es dans le manuel ne manque. Nous recommandons l'utilisation de gants appropri\u00e9s pour le montage. N'utilisez que les pi\u00e8ces et les raccords fournis.<\/span><\/div>"},{"title":"ENTRETIEN ET GARANTIES","id":"entretien-et-garanties","content":"<div class=\"moz-signature\">\n<div class=\"list\"><strong>Recommandations g\u00e9n\u00e9rales :<\/strong> \u2022 Les pannes ou dommages caus\u00e9s par : \u2022 Les causes accidentelles telles que les chutes, les coups, le d\u00e9versement de liquides, l\u2019introduction de corps \u00e9trangers, ainsi que tout autre cas de force majeure sont exclues de la garantie. - Utilisation n\u00e9gligente, inappropri\u00e9e ou non domestique. \u2022 Dommages, corrosion et\/ou oxydation acc\u00e9l\u00e9r\u00e9s par des conditions environnementales d\u00e9favorables \u2022 Taches et d\u00e9coloration dues au non-respect de nos instructions de nettoyage \u2022 Dommages survenant lors du montage et de la manipulation sans avoir suivi les instructions de montage indiqu\u00e9es. <strong>Mode d\u2019emploi et d\u2019entretien :<\/strong> \u2022 Nettoyez d\u00e9licatement \u00e0 l\u2019aide d\u2019un chiffon ou utilisez un savon liquide neutre, en rin\u00e7ant abondamment \u00e0 l\u2019eau. - Enlevez r\u00e9guli\u00e8rement la poussi\u00e8re avec un chiffon doux et de l'eau claire. \u2022 N\u2019utilisez pas de d\u00e9tergents ou de produits abrasifs pour le nettoyage. <strong>Ann\u00e9es de garantie :<\/strong> 3 ans <strong>Fabriqu\u00e9 selon la norme :<\/strong> 581-1,581-2,581-3<\/div>\n<\/div>"}],"_links":{"self":[{"href":"https:\/\/keramamueblesdejardin.com\/fr\/wp-json\/wp\/v2\/product\/175289","targetHints":{"allow":["GET"]}}],"collection":[{"href":"https:\/\/keramamueblesdejardin.com\/fr\/wp-json\/wp\/v2\/product"}],"about":[{"href":"https:\/\/keramamueblesdejardin.com\/fr\/wp-json\/wp\/v2\/types\/product"}],"replies":[{"embeddable":true,"href":"https:\/\/keramamueblesdejardin.com\/fr\/wp-json\/wp\/v2\/comments?post=175289"}],"wp:featuredmedia":[{"embeddable":true,"href":"https:\/\/keramamueblesdejardin.com\/fr\/wp-json\/wp\/v2\/media\/171626"}],"wp:attachment":[{"href":"https:\/\/keramamueblesdejardin.com\/fr\/wp-json\/wp\/v2\/media?parent=175289"}],"wp:term":[{"taxonomy":"product_brand","embeddable":true,"href":"https:\/\/keramamueblesdejardin.com\/fr\/wp-json\/wp\/v2\/product_brand?post=175289"},{"taxonomy":"product_cat","embeddable":true,"href":"https:\/\/keramamueblesdejardin.com\/fr\/wp-json\/wp\/v2\/product_cat?post=175289"},{"taxonomy":"product_tag","embeddable":true,"href":"https:\/\/keramamueblesdejardin.com\/fr\/wp-json\/wp\/v2\/product_tag?post=175289"}],"curies":[{"name":"wp","href":"https:\/\/api.w.org\/{rel}","templated":true}]}}