{"id":175262,"date":"2025-01-13T18:38:00","date_gmt":"2025-01-13T17:38:00","guid":{"rendered":"https:\/\/keramamueblesdejardin.com\/non class\u00e9\/chaise-longue-en-aluminium-blanc-avec-coussin-et-table-dappoint-cabrera\/"},"modified":"2025-01-13T19:38:00","modified_gmt":"2025-01-13T18:38:00","slug":"chaise-longue-en-aluminium-blanc-avec-coussin-et-table-de-chevet-cabrera","status":"publish","type":"product","link":"https:\/\/keramamueblesdejardin.com\/fr\/chaises-longues-et-detente\/chaises-longues\/chaise-longue-en-aluminium-blanc-avec-coussin-et-table-de-chevet-cabrera\/","title":{"rendered":"Chaise longue en aluminium blanc avec coussin et table d\u2019appoint &#8211; Cabrera"},"content":{"rendered":"<div class=\"flex-shrink-0 flex flex-col relative items-end\">\n<div class=\"pt-0\">\n<div class=\"gizmo-bot-avatar flex h-8 w-8 items-center justify-center overflow-hidden rounded-full\">\n<div class=\"relative p-1 rounded-sm flex items-center justify-center bg-token-main-surface-primary text-token-text-primary h-8 w-8\">La chaise longue Cabrera se distingue par son design contemporain, qui allie style et praticit\u00e9. Son dossier s\u2019incline dans diff\u00e9rentes positions pour offrir un confort personnalis\u00e9, tandis que les roues permettent de le d\u00e9placer facilement, offrant ainsi un plus grand confort. Le coussin, en polyester doux et amovible, est facile \u00e0 retirer et \u00e0 laver. \u00c0 l\u2019int\u00e9rieur, il est recouvert de mousse et son ext\u00e9rieur est recouvert de textil\u00e8ne avec un traitement hydrofuge. La chaise longue est accompagn\u00e9e d\u2019une petite table enti\u00e8rement en aluminium, ce qui donne un confort suppl\u00e9mentaire \u00e0 la chaise longue pour profiter de longs s\u00e9jours dans votre jardin ou espace ext\u00e9rieur en toute tranquillit\u00e9.    <\/div>\n<div><\/div>\n<\/div>\n<\/div>\n<div>Dimensions&nbsp;: chaise longue 206x81x34cm table de chevet&nbsp;: 46x44x46cm<\/div>\n<\/div>\n","protected":false},"excerpt":{"rendered":"<ul>\n<li>Chaise longue et table d\u2019appoint en aluminium blanc<\/li>\n<li>Coussin amovible et lavable<\/li>\n<li>Mousse enduite de textil\u00e8ne avec traitement hydrofuge<\/li>\n<li>Mesures&nbsp;: 206x81x34cm table de chevet 46x44x46cm<\/li>\n<\/ul>\n","protected":false},"featured_media":174978,"comment_status":"closed","ping_status":"open","template":"","meta":{"_acf_changed":false},"product_brand":[],"product_cat":[576,563],"product_tag":[],"class_list":{"0":"post-175262","1":"product","2":"type-product","3":"status-publish","4":"has-post-thumbnail","6":"product_cat-chaises-longues","7":"product_cat-chaises-longues-et-detente","8":"product_shipping_class-envio-gratuito-fr","9":"pa_caracteristicas-housses-lavables","10":"pa_caracteristicas-pliant","11":"pa_material-aluminio-fr","13":"first","14":"instock","15":"sale","16":"purchasable","17":"product-type-simple","18":"add-to-wishlist-before_image"},"acf":[],"yoast_head":"<!-- This site is optimized with the Yoast SEO plugin v27.2 - https:\/\/yoast.com\/product\/yoast-seo-wordpress\/ -->\n<title>Chaise longue en aluminium blanc avec coussin et table d\u2019appoint - Cabrera - Kerama<\/title>\n<meta name=\"robots\" content=\"index, follow, max-snippet:-1, max-image-preview:large, max-video-preview:-1\" \/>\n<link rel=\"canonical\" href=\"https:\/\/keramamueblesdejardin.com\/fr\/chaises-longues-et-detente\/chaises-longues\/chaise-longue-en-aluminium-blanc-avec-coussin-et-table-de-chevet-cabrera\/\" \/>\n<meta property=\"og:locale\" content=\"fr_FR\" \/>\n<meta property=\"og:type\" content=\"article\" \/>\n<meta property=\"og:title\" content=\"Chaise longue en aluminium blanc avec coussin et table d\u2019appoint - Cabrera - Kerama\" \/>\n<meta property=\"og:description\" content=\"Chaise longue et table d\u2019appoint en aluminium blanc  Coussin amovible et lavable  Mousse enduite de textil\u00e8ne avec traitement hydrofuge  Mesures&nbsp;: 206x81x34cm table de chevet 46x44x46cm\" \/>\n<meta property=\"og:url\" content=\"https:\/\/keramamueblesdejardin.com\/fr\/chaises-longues-et-detente\/chaises-longues\/chaise-longue-en-aluminium-blanc-avec-coussin-et-table-de-chevet-cabrera\/\" \/>\n<meta property=\"og:site_name\" content=\"Kerama\" \/>\n<meta property=\"article:publisher\" content=\"https:\/\/www.facebook.com\/Kerama-Muebles-de-Jard%c3%adn-106209328312568\/\" \/>\n<meta property=\"article:modified_time\" content=\"2025-01-13T18:38:00+00:00\" \/>\n<meta property=\"og:image\" content=\"https:\/\/keramamueblesdejardin.com\/wp-content\/uploads\/2025\/01\/tumbona-cabrera-con-mesita.jpg\" \/>\n\t<meta property=\"og:image:width\" content=\"1200\" \/>\n\t<meta property=\"og:image:height\" content=\"1200\" \/>\n\t<meta property=\"og:image:type\" content=\"image\/jpeg\" \/>\n<meta name=\"twitter:card\" content=\"summary_large_image\" \/>\n<meta name=\"twitter:label1\" content=\"Dur\u00e9e de lecture estim\u00e9e\" \/>\n\t<meta name=\"twitter:data1\" content=\"1 minute\" \/>\n<script type=\"application\/ld+json\" class=\"yoast-schema-graph\">{\"@context\":\"https:\/\/schema.org\",\"@graph\":[{\"@type\":\"WebPage\",\"@id\":\"https:\/\/keramamueblesdejardin.com\/fr\/chaises-longues-et-detente\/chaises-longues\/chaise-longue-en-aluminium-blanc-avec-coussin-et-table-de-chevet-cabrera\/\",\"url\":\"https:\/\/keramamueblesdejardin.com\/fr\/chaises-longues-et-detente\/chaises-longues\/chaise-longue-en-aluminium-blanc-avec-coussin-et-table-de-chevet-cabrera\/\",\"name\":\"Chaise longue en aluminium blanc avec coussin et table d\u2019appoint - Cabrera - Kerama\",\"isPartOf\":{\"@id\":\"https:\/\/keramamueblesdejardin.com\/fr\/#website\"},\"primaryImageOfPage\":{\"@id\":\"https:\/\/keramamueblesdejardin.com\/fr\/chaises-longues-et-detente\/chaises-longues\/chaise-longue-en-aluminium-blanc-avec-coussin-et-table-de-chevet-cabrera\/#primaryimage\"},\"image\":{\"@id\":\"https:\/\/keramamueblesdejardin.com\/fr\/chaises-longues-et-detente\/chaises-longues\/chaise-longue-en-aluminium-blanc-avec-coussin-et-table-de-chevet-cabrera\/#primaryimage\"},\"thumbnailUrl\":\"https:\/\/keramamueblesdejardin.com\/wp-content\/uploads\/2025\/01\/tumbona-cabrera-con-mesita.jpg\",\"datePublished\":\"2025-01-13T17:38:00+00:00\",\"dateModified\":\"2025-01-13T18:38:00+00:00\",\"breadcrumb\":{\"@id\":\"https:\/\/keramamueblesdejardin.com\/fr\/chaises-longues-et-detente\/chaises-longues\/chaise-longue-en-aluminium-blanc-avec-coussin-et-table-de-chevet-cabrera\/#breadcrumb\"},\"inLanguage\":\"fr-FR\",\"potentialAction\":[{\"@type\":\"ReadAction\",\"target\":[\"https:\/\/keramamueblesdejardin.com\/fr\/chaises-longues-et-detente\/chaises-longues\/chaise-longue-en-aluminium-blanc-avec-coussin-et-table-de-chevet-cabrera\/\"]}]},{\"@type\":\"ImageObject\",\"inLanguage\":\"fr-FR\",\"@id\":\"https:\/\/keramamueblesdejardin.com\/fr\/chaises-longues-et-detente\/chaises-longues\/chaise-longue-en-aluminium-blanc-avec-coussin-et-table-de-chevet-cabrera\/#primaryimage\",\"url\":\"https:\/\/keramamueblesdejardin.com\/wp-content\/uploads\/2025\/01\/tumbona-cabrera-con-mesita.jpg\",\"contentUrl\":\"https:\/\/keramamueblesdejardin.com\/wp-content\/uploads\/2025\/01\/tumbona-cabrera-con-mesita.jpg\",\"width\":1200,\"height\":1200},{\"@type\":\"BreadcrumbList\",\"@id\":\"https:\/\/keramamueblesdejardin.com\/fr\/chaises-longues-et-detente\/chaises-longues\/chaise-longue-en-aluminium-blanc-avec-coussin-et-table-de-chevet-cabrera\/#breadcrumb\",\"itemListElement\":[{\"@type\":\"ListItem\",\"position\":1,\"name\":\"Home\",\"item\":\"https:\/\/keramamueblesdejardin.com\/fr\/\"},{\"@type\":\"ListItem\",\"position\":2,\"name\":\"Boutique\",\"item\":\"https:\/\/keramamueblesdejardin.com\/tienda\/\"},{\"@type\":\"ListItem\",\"position\":3,\"name\":\"Chaises longues et d\u00e9tente\",\"item\":\"https:\/\/keramamueblesdejardin.com\/fr\/chaises-longues-et-detente\/\"},{\"@type\":\"ListItem\",\"position\":4,\"name\":\"Chaises longues\",\"item\":\"https:\/\/keramamueblesdejardin.com\/fr\/chaises-longues-et-detente\/chaises-longues\/\"},{\"@type\":\"ListItem\",\"position\":5,\"name\":\"Chaise longue en aluminium blanc avec coussin et table d\u2019appoint &#8211; Cabrera\"}]},{\"@type\":\"WebSite\",\"@id\":\"https:\/\/keramamueblesdejardin.com\/fr\/#website\",\"url\":\"https:\/\/keramamueblesdejardin.com\/fr\/\",\"name\":\"Kerama\",\"description\":\"muebles de jard\u00edn\",\"publisher\":{\"@id\":\"https:\/\/keramamueblesdejardin.com\/fr\/#organization\"},\"potentialAction\":[{\"@type\":\"SearchAction\",\"target\":{\"@type\":\"EntryPoint\",\"urlTemplate\":\"https:\/\/keramamueblesdejardin.com\/fr\/?s={search_term_string}\"},\"query-input\":{\"@type\":\"PropertyValueSpecification\",\"valueRequired\":true,\"valueName\":\"search_term_string\"}}],\"inLanguage\":\"fr-FR\"},{\"@type\":\"Organization\",\"@id\":\"https:\/\/keramamueblesdejardin.com\/fr\/#organization\",\"name\":\"kerama\",\"url\":\"https:\/\/keramamueblesdejardin.com\/fr\/\",\"logo\":{\"@type\":\"ImageObject\",\"inLanguage\":\"fr-FR\",\"@id\":\"https:\/\/keramamueblesdejardin.com\/fr\/#\/schema\/logo\/image\/\",\"url\":\"https:\/\/keramamueblesdejardin.com\/wp-content\/uploads\/2020\/12\/k.-scaled.jpg\",\"contentUrl\":\"https:\/\/keramamueblesdejardin.com\/wp-content\/uploads\/2020\/12\/k.-scaled.jpg\",\"width\":2560,\"height\":551,\"caption\":\"kerama\"},\"image\":{\"@id\":\"https:\/\/keramamueblesdejardin.com\/fr\/#\/schema\/logo\/image\/\"},\"sameAs\":[\"https:\/\/www.facebook.com\/Kerama-Muebles-de-Jard\u00edn-106209328312568\/\"]}]}<\/script>\n<!-- \/ Yoast SEO plugin. -->","yoast_head_json":{"title":"Chaise longue en aluminium blanc avec coussin et table d\u2019appoint - Cabrera - Kerama","robots":{"index":"index","follow":"follow","max-snippet":"max-snippet:-1","max-image-preview":"max-image-preview:large","max-video-preview":"max-video-preview:-1"},"canonical":"https:\/\/keramamueblesdejardin.com\/fr\/chaises-longues-et-detente\/chaises-longues\/chaise-longue-en-aluminium-blanc-avec-coussin-et-table-de-chevet-cabrera\/","og_locale":"fr_FR","og_type":"article","og_title":"Chaise longue en aluminium blanc avec coussin et table d\u2019appoint - Cabrera - Kerama","og_description":"Chaise longue et table d\u2019appoint en aluminium blanc  Coussin amovible et lavable  Mousse enduite de textil\u00e8ne avec traitement hydrofuge  Mesures&nbsp;: 206x81x34cm table de chevet 46x44x46cm","og_url":"https:\/\/keramamueblesdejardin.com\/fr\/chaises-longues-et-detente\/chaises-longues\/chaise-longue-en-aluminium-blanc-avec-coussin-et-table-de-chevet-cabrera\/","og_site_name":"Kerama","article_publisher":"https:\/\/www.facebook.com\/Kerama-Muebles-de-Jard%c3%adn-106209328312568\/","article_modified_time":"2025-01-13T18:38:00+00:00","og_image":[{"width":1200,"height":1200,"url":"https:\/\/keramamueblesdejardin.com\/wp-content\/uploads\/2025\/01\/tumbona-cabrera-con-mesita.jpg","type":"image\/jpeg"}],"twitter_card":"summary_large_image","twitter_misc":{"Dur\u00e9e de lecture estim\u00e9e":"1 minute"},"schema":{"@context":"https:\/\/schema.org","@graph":[{"@type":"WebPage","@id":"https:\/\/keramamueblesdejardin.com\/fr\/chaises-longues-et-detente\/chaises-longues\/chaise-longue-en-aluminium-blanc-avec-coussin-et-table-de-chevet-cabrera\/","url":"https:\/\/keramamueblesdejardin.com\/fr\/chaises-longues-et-detente\/chaises-longues\/chaise-longue-en-aluminium-blanc-avec-coussin-et-table-de-chevet-cabrera\/","name":"Chaise longue en aluminium blanc avec coussin et table d\u2019appoint - Cabrera - Kerama","isPartOf":{"@id":"https:\/\/keramamueblesdejardin.com\/fr\/#website"},"primaryImageOfPage":{"@id":"https:\/\/keramamueblesdejardin.com\/fr\/chaises-longues-et-detente\/chaises-longues\/chaise-longue-en-aluminium-blanc-avec-coussin-et-table-de-chevet-cabrera\/#primaryimage"},"image":{"@id":"https:\/\/keramamueblesdejardin.com\/fr\/chaises-longues-et-detente\/chaises-longues\/chaise-longue-en-aluminium-blanc-avec-coussin-et-table-de-chevet-cabrera\/#primaryimage"},"thumbnailUrl":"https:\/\/keramamueblesdejardin.com\/wp-content\/uploads\/2025\/01\/tumbona-cabrera-con-mesita.jpg","datePublished":"2025-01-13T17:38:00+00:00","dateModified":"2025-01-13T18:38:00+00:00","breadcrumb":{"@id":"https:\/\/keramamueblesdejardin.com\/fr\/chaises-longues-et-detente\/chaises-longues\/chaise-longue-en-aluminium-blanc-avec-coussin-et-table-de-chevet-cabrera\/#breadcrumb"},"inLanguage":"fr-FR","potentialAction":[{"@type":"ReadAction","target":["https:\/\/keramamueblesdejardin.com\/fr\/chaises-longues-et-detente\/chaises-longues\/chaise-longue-en-aluminium-blanc-avec-coussin-et-table-de-chevet-cabrera\/"]}]},{"@type":"ImageObject","inLanguage":"fr-FR","@id":"https:\/\/keramamueblesdejardin.com\/fr\/chaises-longues-et-detente\/chaises-longues\/chaise-longue-en-aluminium-blanc-avec-coussin-et-table-de-chevet-cabrera\/#primaryimage","url":"https:\/\/keramamueblesdejardin.com\/wp-content\/uploads\/2025\/01\/tumbona-cabrera-con-mesita.jpg","contentUrl":"https:\/\/keramamueblesdejardin.com\/wp-content\/uploads\/2025\/01\/tumbona-cabrera-con-mesita.jpg","width":1200,"height":1200},{"@type":"BreadcrumbList","@id":"https:\/\/keramamueblesdejardin.com\/fr\/chaises-longues-et-detente\/chaises-longues\/chaise-longue-en-aluminium-blanc-avec-coussin-et-table-de-chevet-cabrera\/#breadcrumb","itemListElement":[{"@type":"ListItem","position":1,"name":"Home","item":"https:\/\/keramamueblesdejardin.com\/fr\/"},{"@type":"ListItem","position":2,"name":"Boutique","item":"https:\/\/keramamueblesdejardin.com\/tienda\/"},{"@type":"ListItem","position":3,"name":"Chaises longues et d\u00e9tente","item":"https:\/\/keramamueblesdejardin.com\/fr\/chaises-longues-et-detente\/"},{"@type":"ListItem","position":4,"name":"Chaises longues","item":"https:\/\/keramamueblesdejardin.com\/fr\/chaises-longues-et-detente\/chaises-longues\/"},{"@type":"ListItem","position":5,"name":"Chaise longue en aluminium blanc avec coussin et table d\u2019appoint &#8211; Cabrera"}]},{"@type":"WebSite","@id":"https:\/\/keramamueblesdejardin.com\/fr\/#website","url":"https:\/\/keramamueblesdejardin.com\/fr\/","name":"Kerama","description":"muebles de jard\u00edn","publisher":{"@id":"https:\/\/keramamueblesdejardin.com\/fr\/#organization"},"potentialAction":[{"@type":"SearchAction","target":{"@type":"EntryPoint","urlTemplate":"https:\/\/keramamueblesdejardin.com\/fr\/?s={search_term_string}"},"query-input":{"@type":"PropertyValueSpecification","valueRequired":true,"valueName":"search_term_string"}}],"inLanguage":"fr-FR"},{"@type":"Organization","@id":"https:\/\/keramamueblesdejardin.com\/fr\/#organization","name":"kerama","url":"https:\/\/keramamueblesdejardin.com\/fr\/","logo":{"@type":"ImageObject","inLanguage":"fr-FR","@id":"https:\/\/keramamueblesdejardin.com\/fr\/#\/schema\/logo\/image\/","url":"https:\/\/keramamueblesdejardin.com\/wp-content\/uploads\/2020\/12\/k.-scaled.jpg","contentUrl":"https:\/\/keramamueblesdejardin.com\/wp-content\/uploads\/2020\/12\/k.-scaled.jpg","width":2560,"height":551,"caption":"kerama"},"image":{"@id":"https:\/\/keramamueblesdejardin.com\/fr\/#\/schema\/logo\/image\/"},"sameAs":["https:\/\/www.facebook.com\/Kerama-Muebles-de-Jard\u00edn-106209328312568\/"]}]}},"df_price":689,"df_sale_price":689,"df_regular_price":878,"df_image_link":"https:\/\/keramamueblesdejardin.com\/wp-content\/uploads\/2025\/01\/tumbona-cabrera-con-mesita-300x300.jpg","custom_tabs":[{"title":"MESURES","id":"mesures","content":"<div class=\"list\">\n<div class=\"list\"><strong>Hauteur: <\/strong>34cm<\/div>\n<div class=\"list\"><strong>Largeur\u00a0: <\/strong>206cm<\/div>\n<div class=\"list\"><strong>Profondeur : <\/strong>81 cm<\/div>\n<\/div>"},{"title":"D\u00c9BALLAGE ET MONTAGE","id":"deballage-et-montage","content":"<div class=\"list\"><strong style=\"font-weight: bold; color: #282828;\">Recommandations pour le d\u00e9ballage :<\/strong><span style=\"color: #282828;\"> N\u2019utilisez pas d\u2019ustensiles tranchants lors du d\u00e9ballage des meubles, car cela pourrait causer des dommages<\/span><br style=\"color: #282828;\"><strong style=\"font-weight: bold; color: #282828;\">Assemblage requis (oui\/non) :<\/strong><span style=\"color: #282828;\"> Non<\/span><\/div>"},{"title":"ENTRETIEN ET GARANTIES","id":"entretien-et-garanties","content":"<div class=\"moz-signature\">\n<div class=\"list\"><strong>Recommandations g\u00e9n\u00e9rales :<\/strong> \u2022 Les pannes ou dommages caus\u00e9s par : \u2022 Les causes accidentelles telles que les chutes, les coups, le d\u00e9versement de liquides, l\u2019introduction de corps \u00e9trangers, ainsi que tout autre cas de force majeure sont exclues de la garantie. - Utilisation n\u00e9gligente, inappropri\u00e9e ou non domestique. \u2022 Dommages, corrosion et\/ou oxydation acc\u00e9l\u00e9r\u00e9s par des conditions environnementales d\u00e9favorables \u2022 Taches et d\u00e9coloration dues au non-respect de nos instructions de nettoyage \u2022 Dommages survenant lors du montage et de la manipulation sans avoir suivi les instructions de montage indiqu\u00e9es. <strong>Mode d\u2019emploi et d\u2019entretien :<\/strong> \u2022 Nettoyez d\u00e9licatement \u00e0 l\u2019aide d\u2019un chiffon ou utilisez un savon liquide neutre, en rin\u00e7ant abondamment \u00e0 l\u2019eau. - Enlevez r\u00e9guli\u00e8rement la poussi\u00e8re avec un chiffon doux et de l'eau claire. \u2022 N\u2019utilisez pas de d\u00e9tergents ou de produits abrasifs pour le nettoyage. <strong>Ann\u00e9es de garantie :<\/strong> 3 ans <strong>Fabriqu\u00e9 selon la norme :<\/strong> 581-1,581-2,581-3<\/div>\n<\/div>"}],"_links":{"self":[{"href":"https:\/\/keramamueblesdejardin.com\/fr\/wp-json\/wp\/v2\/product\/175262","targetHints":{"allow":["GET"]}}],"collection":[{"href":"https:\/\/keramamueblesdejardin.com\/fr\/wp-json\/wp\/v2\/product"}],"about":[{"href":"https:\/\/keramamueblesdejardin.com\/fr\/wp-json\/wp\/v2\/types\/product"}],"replies":[{"embeddable":true,"href":"https:\/\/keramamueblesdejardin.com\/fr\/wp-json\/wp\/v2\/comments?post=175262"}],"wp:featuredmedia":[{"embeddable":true,"href":"https:\/\/keramamueblesdejardin.com\/fr\/wp-json\/wp\/v2\/media\/174978"}],"wp:attachment":[{"href":"https:\/\/keramamueblesdejardin.com\/fr\/wp-json\/wp\/v2\/media?parent=175262"}],"wp:term":[{"taxonomy":"product_brand","embeddable":true,"href":"https:\/\/keramamueblesdejardin.com\/fr\/wp-json\/wp\/v2\/product_brand?post=175262"},{"taxonomy":"product_cat","embeddable":true,"href":"https:\/\/keramamueblesdejardin.com\/fr\/wp-json\/wp\/v2\/product_cat?post=175262"},{"taxonomy":"product_tag","embeddable":true,"href":"https:\/\/keramamueblesdejardin.com\/fr\/wp-json\/wp\/v2\/product_tag?post=175262"}],"curies":[{"name":"wp","href":"https:\/\/api.w.org\/{rel}","templated":true}]}}