{"id":175261,"date":"2025-01-13T18:18:42","date_gmt":"2025-01-13T17:18:42","guid":{"rendered":"https:\/\/keramamueblesdejardin.com\/non class\u00e9\/chaise-longue-double-en-aluminium-blanc-avec-coussin-et-tables-de-chevet-cabrera\/"},"modified":"2025-01-13T19:18:42","modified_gmt":"2025-01-13T18:18:42","slug":"tables-de-chevet-doubles-en-aluminium-blanc-avec-coussin-et-cabrera","status":"publish","type":"product","link":"https:\/\/keramamueblesdejardin.com\/fr\/chaises-longues-et-detente\/chaises-longues\/tables-de-chevet-doubles-en-aluminium-blanc-avec-coussin-et-cabrera\/","title":{"rendered":"Chaise longue double en aluminium blanc avec coussin et tables de chevet &#8211; Cabrera"},"content":{"rendered":"<div class=\"flex-shrink-0 flex flex-col relative items-end\">\n<div class=\"pt-0\">\n<div class=\"gizmo-bot-avatar flex h-8 w-8 items-center justify-center overflow-hidden rounded-full\">\n<div class=\"relative p-1 rounded-sm flex items-center justify-center bg-token-main-surface-primary text-token-text-primary h-8 w-8\">\n<div class=\"flex-1 overflow-hidden @container\/thread\">\n<div class=\"h-full\">\n<div class=\"react-scroll-to-bottom--css-pqtpp-79elbk h-full\">\n<div class=\"react-scroll-to-bottom--css-pqtpp-1n7m0yu\">\n<div class=\"flex flex-col text-sm md:pb-9\">\n<article class=\"w-full scroll-mb-[var(--thread-trailing-height,150px)] text-token-text-primary focus-visible:outline-2 focus-visible:outline-offset-[-4px]\" dir=\"auto\" data-testid=\"conversation-turn-7\" data-scroll-anchor=\"true\">\n<div class=\"m-auto text-base py-[18px] px-3 md:px-4 w-full md:px-5 lg:px-4 xl:px-5\">\n<div class=\"mx-auto flex flex-1 gap-4 text-base md:gap-5 lg:gap-6 md:max-w-3xl\">\n<div class=\"group\/conversation-turn relative flex w-full min-w-0 flex-col agent-turn\">\n<div class=\"flex-col gap-1 md:gap-3\">\n<div class=\"flex max-w-full flex-col flex-grow\">\n<div class=\"min-h-8 text-message flex w-full flex-col items-end gap-2 whitespace-normal break-words text-start [.text-message+&amp;]:mt-5\" dir=\"auto\" data-message-author-role=\"assistant\" data-message-id=\"e5c36dab-8d82-4c77-a720-3e96f5969b16\" data-message-model-slug=\"gpt-4o-mini\">\n<div class=\"flex w-full flex-col gap-1 empty:hidden first:pt-[3px]\">\n<div class=\"markdown prose w-full break-words dark:prose-invert dark\">  La chaise longue double Cabrera allie parfaitement style et fonctionnalit\u00e9. Son dossier s\u2019incline dans diff\u00e9rentes positions \u00e0 la demande de l\u2019utilisateur, permet un r\u00e9glage personnalis\u00e9 pour plus de confort, il dispose \u00e9galement de roues sur les pieds, ce qui facilite le placement \u00e0 l\u2019aise. Le coussin, en polyester souple et amovible, a un int\u00e9rieur en mousse recouvert de textil\u00e8ne avec traitement hydrofuge. Accompagnant la chaise longue, les tables d\u2019appoint de la m\u00eame collection Cabrera sont enti\u00e8rement en aluminium, offrant un compl\u00e9ment absolument fonctionnel, apportant un confort suppl\u00e9mentaire \u00e0 la pi\u00e8ce.     <\/div>\n<\/div>\n<\/div>\n<\/div>\n<\/div>\n<\/div>\n<\/div>\n<\/div>\n<\/article>\n<\/div>\n<\/div>\n<\/div>\n<\/div>\n<\/div>\n<\/div>\n<\/div>\n<\/div>\n<div>Dimensions&nbsp;: chaise longue 206x152x34cm table de chevet&nbsp;: 46x44x46cm<\/div>\n<\/div>\n","protected":false},"excerpt":{"rendered":"<ul>\n<li>Bain de soleil double en aluminium blanc avec roulettes<\/li>\n<li>Coussin amovible et lavable<\/li>\n<li>Mousse enduite de textil\u00e8ne avec traitement hydrofuge<\/li>\n<li>Dimensions&nbsp;: chaise longue 206x152x34cm table de chevet 46x44x46cm<\/li>\n<\/ul>\n","protected":false},"featured_media":174970,"comment_status":"closed","ping_status":"open","template":"","meta":{"_acf_changed":false},"product_brand":[],"product_cat":[576,563],"product_tag":[],"class_list":{"0":"post-175261","1":"product","2":"type-product","3":"status-publish","4":"has-post-thumbnail","6":"product_cat-chaises-longues","7":"product_cat-chaises-longues-et-detente","8":"product_shipping_class-envio-gratuito-fr","9":"pa_asientos-2-fr-2","10":"pa_caracteristicas-housses-lavables","11":"pa_caracteristicas-pliant","12":"pa_caracteristicas-resistant-a-l-eau","13":"pa_material-aluminio-fr","15":"first","16":"instock","17":"sale","18":"purchasable","19":"product-type-simple","20":"add-to-wishlist-before_image"},"acf":[],"yoast_head":"<!-- This site is optimized with the Yoast SEO plugin v27.2 - https:\/\/yoast.com\/product\/yoast-seo-wordpress\/ -->\n<title>Chaise longue double en aluminium blanc avec coussin et tables de chevet - Cabrera - Kerama<\/title>\n<meta name=\"robots\" content=\"index, follow, max-snippet:-1, max-image-preview:large, max-video-preview:-1\" \/>\n<link rel=\"canonical\" href=\"https:\/\/keramamueblesdejardin.com\/fr\/chaises-longues-et-detente\/chaises-longues\/tables-de-chevet-doubles-en-aluminium-blanc-avec-coussin-et-cabrera\/\" \/>\n<meta property=\"og:locale\" content=\"fr_FR\" \/>\n<meta property=\"og:type\" content=\"article\" \/>\n<meta property=\"og:title\" content=\"Chaise longue double en aluminium blanc avec coussin et tables de chevet - Cabrera - Kerama\" \/>\n<meta property=\"og:description\" content=\"Bain de soleil double en aluminium blanc avec roulettes  Coussin amovible et lavable  Mousse enduite de textil\u00e8ne avec traitement hydrofuge  Dimensions&nbsp;: chaise longue 206x152x34cm table de chevet 46x44x46cm\" \/>\n<meta property=\"og:url\" content=\"https:\/\/keramamueblesdejardin.com\/fr\/chaises-longues-et-detente\/chaises-longues\/tables-de-chevet-doubles-en-aluminium-blanc-avec-coussin-et-cabrera\/\" \/>\n<meta property=\"og:site_name\" content=\"Kerama\" \/>\n<meta property=\"article:publisher\" content=\"https:\/\/www.facebook.com\/Kerama-Muebles-de-Jard%c3%adn-106209328312568\/\" \/>\n<meta property=\"article:modified_time\" content=\"2025-01-13T18:18:42+00:00\" \/>\n<meta property=\"og:image\" content=\"https:\/\/keramamueblesdejardin.com\/wp-content\/uploads\/2025\/01\/tumbona-doble-cabrera-con-mesitas.jpg\" \/>\n\t<meta property=\"og:image:width\" content=\"1200\" \/>\n\t<meta property=\"og:image:height\" content=\"1200\" \/>\n\t<meta property=\"og:image:type\" content=\"image\/jpeg\" \/>\n<meta name=\"twitter:card\" content=\"summary_large_image\" \/>\n<meta name=\"twitter:label1\" content=\"Dur\u00e9e de lecture estim\u00e9e\" \/>\n\t<meta name=\"twitter:data1\" content=\"1 minute\" \/>\n<script type=\"application\/ld+json\" class=\"yoast-schema-graph\">{\"@context\":\"https:\/\/schema.org\",\"@graph\":[{\"@type\":\"WebPage\",\"@id\":\"https:\/\/keramamueblesdejardin.com\/fr\/chaises-longues-et-detente\/chaises-longues\/tables-de-chevet-doubles-en-aluminium-blanc-avec-coussin-et-cabrera\/\",\"url\":\"https:\/\/keramamueblesdejardin.com\/fr\/chaises-longues-et-detente\/chaises-longues\/tables-de-chevet-doubles-en-aluminium-blanc-avec-coussin-et-cabrera\/\",\"name\":\"Chaise longue double en aluminium blanc avec coussin et tables de chevet - Cabrera - Kerama\",\"isPartOf\":{\"@id\":\"https:\/\/keramamueblesdejardin.com\/fr\/#website\"},\"primaryImageOfPage\":{\"@id\":\"https:\/\/keramamueblesdejardin.com\/fr\/chaises-longues-et-detente\/chaises-longues\/tables-de-chevet-doubles-en-aluminium-blanc-avec-coussin-et-cabrera\/#primaryimage\"},\"image\":{\"@id\":\"https:\/\/keramamueblesdejardin.com\/fr\/chaises-longues-et-detente\/chaises-longues\/tables-de-chevet-doubles-en-aluminium-blanc-avec-coussin-et-cabrera\/#primaryimage\"},\"thumbnailUrl\":\"https:\/\/keramamueblesdejardin.com\/wp-content\/uploads\/2025\/01\/tumbona-doble-cabrera-con-mesitas.jpg\",\"datePublished\":\"2025-01-13T17:18:42+00:00\",\"dateModified\":\"2025-01-13T18:18:42+00:00\",\"breadcrumb\":{\"@id\":\"https:\/\/keramamueblesdejardin.com\/fr\/chaises-longues-et-detente\/chaises-longues\/tables-de-chevet-doubles-en-aluminium-blanc-avec-coussin-et-cabrera\/#breadcrumb\"},\"inLanguage\":\"fr-FR\",\"potentialAction\":[{\"@type\":\"ReadAction\",\"target\":[\"https:\/\/keramamueblesdejardin.com\/fr\/chaises-longues-et-detente\/chaises-longues\/tables-de-chevet-doubles-en-aluminium-blanc-avec-coussin-et-cabrera\/\"]}]},{\"@type\":\"ImageObject\",\"inLanguage\":\"fr-FR\",\"@id\":\"https:\/\/keramamueblesdejardin.com\/fr\/chaises-longues-et-detente\/chaises-longues\/tables-de-chevet-doubles-en-aluminium-blanc-avec-coussin-et-cabrera\/#primaryimage\",\"url\":\"https:\/\/keramamueblesdejardin.com\/wp-content\/uploads\/2025\/01\/tumbona-doble-cabrera-con-mesitas.jpg\",\"contentUrl\":\"https:\/\/keramamueblesdejardin.com\/wp-content\/uploads\/2025\/01\/tumbona-doble-cabrera-con-mesitas.jpg\",\"width\":1200,\"height\":1200},{\"@type\":\"BreadcrumbList\",\"@id\":\"https:\/\/keramamueblesdejardin.com\/fr\/chaises-longues-et-detente\/chaises-longues\/tables-de-chevet-doubles-en-aluminium-blanc-avec-coussin-et-cabrera\/#breadcrumb\",\"itemListElement\":[{\"@type\":\"ListItem\",\"position\":1,\"name\":\"Home\",\"item\":\"https:\/\/keramamueblesdejardin.com\/fr\/\"},{\"@type\":\"ListItem\",\"position\":2,\"name\":\"Boutique\",\"item\":\"https:\/\/keramamueblesdejardin.com\/tienda\/\"},{\"@type\":\"ListItem\",\"position\":3,\"name\":\"Chaises longues et d\u00e9tente\",\"item\":\"https:\/\/keramamueblesdejardin.com\/fr\/chaises-longues-et-detente\/\"},{\"@type\":\"ListItem\",\"position\":4,\"name\":\"Chaises longues\",\"item\":\"https:\/\/keramamueblesdejardin.com\/fr\/chaises-longues-et-detente\/chaises-longues\/\"},{\"@type\":\"ListItem\",\"position\":5,\"name\":\"Chaise longue double en aluminium blanc avec coussin et tables de chevet &#8211; Cabrera\"}]},{\"@type\":\"WebSite\",\"@id\":\"https:\/\/keramamueblesdejardin.com\/fr\/#website\",\"url\":\"https:\/\/keramamueblesdejardin.com\/fr\/\",\"name\":\"Kerama\",\"description\":\"muebles de jard\u00edn\",\"publisher\":{\"@id\":\"https:\/\/keramamueblesdejardin.com\/fr\/#organization\"},\"potentialAction\":[{\"@type\":\"SearchAction\",\"target\":{\"@type\":\"EntryPoint\",\"urlTemplate\":\"https:\/\/keramamueblesdejardin.com\/fr\/?s={search_term_string}\"},\"query-input\":{\"@type\":\"PropertyValueSpecification\",\"valueRequired\":true,\"valueName\":\"search_term_string\"}}],\"inLanguage\":\"fr-FR\"},{\"@type\":\"Organization\",\"@id\":\"https:\/\/keramamueblesdejardin.com\/fr\/#organization\",\"name\":\"kerama\",\"url\":\"https:\/\/keramamueblesdejardin.com\/fr\/\",\"logo\":{\"@type\":\"ImageObject\",\"inLanguage\":\"fr-FR\",\"@id\":\"https:\/\/keramamueblesdejardin.com\/fr\/#\/schema\/logo\/image\/\",\"url\":\"https:\/\/keramamueblesdejardin.com\/wp-content\/uploads\/2020\/12\/k.-scaled.jpg\",\"contentUrl\":\"https:\/\/keramamueblesdejardin.com\/wp-content\/uploads\/2020\/12\/k.-scaled.jpg\",\"width\":2560,\"height\":551,\"caption\":\"kerama\"},\"image\":{\"@id\":\"https:\/\/keramamueblesdejardin.com\/fr\/#\/schema\/logo\/image\/\"},\"sameAs\":[\"https:\/\/www.facebook.com\/Kerama-Muebles-de-Jard\u00edn-106209328312568\/\"]}]}<\/script>\n<!-- \/ Yoast SEO plugin. -->","yoast_head_json":{"title":"Chaise longue double en aluminium blanc avec coussin et tables de chevet - Cabrera - Kerama","robots":{"index":"index","follow":"follow","max-snippet":"max-snippet:-1","max-image-preview":"max-image-preview:large","max-video-preview":"max-video-preview:-1"},"canonical":"https:\/\/keramamueblesdejardin.com\/fr\/chaises-longues-et-detente\/chaises-longues\/tables-de-chevet-doubles-en-aluminium-blanc-avec-coussin-et-cabrera\/","og_locale":"fr_FR","og_type":"article","og_title":"Chaise longue double en aluminium blanc avec coussin et tables de chevet - Cabrera - Kerama","og_description":"Bain de soleil double en aluminium blanc avec roulettes  Coussin amovible et lavable  Mousse enduite de textil\u00e8ne avec traitement hydrofuge  Dimensions&nbsp;: chaise longue 206x152x34cm table de chevet 46x44x46cm","og_url":"https:\/\/keramamueblesdejardin.com\/fr\/chaises-longues-et-detente\/chaises-longues\/tables-de-chevet-doubles-en-aluminium-blanc-avec-coussin-et-cabrera\/","og_site_name":"Kerama","article_publisher":"https:\/\/www.facebook.com\/Kerama-Muebles-de-Jard%c3%adn-106209328312568\/","article_modified_time":"2025-01-13T18:18:42+00:00","og_image":[{"width":1200,"height":1200,"url":"https:\/\/keramamueblesdejardin.com\/wp-content\/uploads\/2025\/01\/tumbona-doble-cabrera-con-mesitas.jpg","type":"image\/jpeg"}],"twitter_card":"summary_large_image","twitter_misc":{"Dur\u00e9e de lecture estim\u00e9e":"1 minute"},"schema":{"@context":"https:\/\/schema.org","@graph":[{"@type":"WebPage","@id":"https:\/\/keramamueblesdejardin.com\/fr\/chaises-longues-et-detente\/chaises-longues\/tables-de-chevet-doubles-en-aluminium-blanc-avec-coussin-et-cabrera\/","url":"https:\/\/keramamueblesdejardin.com\/fr\/chaises-longues-et-detente\/chaises-longues\/tables-de-chevet-doubles-en-aluminium-blanc-avec-coussin-et-cabrera\/","name":"Chaise longue double en aluminium blanc avec coussin et tables de chevet - Cabrera - Kerama","isPartOf":{"@id":"https:\/\/keramamueblesdejardin.com\/fr\/#website"},"primaryImageOfPage":{"@id":"https:\/\/keramamueblesdejardin.com\/fr\/chaises-longues-et-detente\/chaises-longues\/tables-de-chevet-doubles-en-aluminium-blanc-avec-coussin-et-cabrera\/#primaryimage"},"image":{"@id":"https:\/\/keramamueblesdejardin.com\/fr\/chaises-longues-et-detente\/chaises-longues\/tables-de-chevet-doubles-en-aluminium-blanc-avec-coussin-et-cabrera\/#primaryimage"},"thumbnailUrl":"https:\/\/keramamueblesdejardin.com\/wp-content\/uploads\/2025\/01\/tumbona-doble-cabrera-con-mesitas.jpg","datePublished":"2025-01-13T17:18:42+00:00","dateModified":"2025-01-13T18:18:42+00:00","breadcrumb":{"@id":"https:\/\/keramamueblesdejardin.com\/fr\/chaises-longues-et-detente\/chaises-longues\/tables-de-chevet-doubles-en-aluminium-blanc-avec-coussin-et-cabrera\/#breadcrumb"},"inLanguage":"fr-FR","potentialAction":[{"@type":"ReadAction","target":["https:\/\/keramamueblesdejardin.com\/fr\/chaises-longues-et-detente\/chaises-longues\/tables-de-chevet-doubles-en-aluminium-blanc-avec-coussin-et-cabrera\/"]}]},{"@type":"ImageObject","inLanguage":"fr-FR","@id":"https:\/\/keramamueblesdejardin.com\/fr\/chaises-longues-et-detente\/chaises-longues\/tables-de-chevet-doubles-en-aluminium-blanc-avec-coussin-et-cabrera\/#primaryimage","url":"https:\/\/keramamueblesdejardin.com\/wp-content\/uploads\/2025\/01\/tumbona-doble-cabrera-con-mesitas.jpg","contentUrl":"https:\/\/keramamueblesdejardin.com\/wp-content\/uploads\/2025\/01\/tumbona-doble-cabrera-con-mesitas.jpg","width":1200,"height":1200},{"@type":"BreadcrumbList","@id":"https:\/\/keramamueblesdejardin.com\/fr\/chaises-longues-et-detente\/chaises-longues\/tables-de-chevet-doubles-en-aluminium-blanc-avec-coussin-et-cabrera\/#breadcrumb","itemListElement":[{"@type":"ListItem","position":1,"name":"Home","item":"https:\/\/keramamueblesdejardin.com\/fr\/"},{"@type":"ListItem","position":2,"name":"Boutique","item":"https:\/\/keramamueblesdejardin.com\/tienda\/"},{"@type":"ListItem","position":3,"name":"Chaises longues et d\u00e9tente","item":"https:\/\/keramamueblesdejardin.com\/fr\/chaises-longues-et-detente\/"},{"@type":"ListItem","position":4,"name":"Chaises longues","item":"https:\/\/keramamueblesdejardin.com\/fr\/chaises-longues-et-detente\/chaises-longues\/"},{"@type":"ListItem","position":5,"name":"Chaise longue double en aluminium blanc avec coussin et tables de chevet &#8211; Cabrera"}]},{"@type":"WebSite","@id":"https:\/\/keramamueblesdejardin.com\/fr\/#website","url":"https:\/\/keramamueblesdejardin.com\/fr\/","name":"Kerama","description":"muebles de jard\u00edn","publisher":{"@id":"https:\/\/keramamueblesdejardin.com\/fr\/#organization"},"potentialAction":[{"@type":"SearchAction","target":{"@type":"EntryPoint","urlTemplate":"https:\/\/keramamueblesdejardin.com\/fr\/?s={search_term_string}"},"query-input":{"@type":"PropertyValueSpecification","valueRequired":true,"valueName":"search_term_string"}}],"inLanguage":"fr-FR"},{"@type":"Organization","@id":"https:\/\/keramamueblesdejardin.com\/fr\/#organization","name":"kerama","url":"https:\/\/keramamueblesdejardin.com\/fr\/","logo":{"@type":"ImageObject","inLanguage":"fr-FR","@id":"https:\/\/keramamueblesdejardin.com\/fr\/#\/schema\/logo\/image\/","url":"https:\/\/keramamueblesdejardin.com\/wp-content\/uploads\/2020\/12\/k.-scaled.jpg","contentUrl":"https:\/\/keramamueblesdejardin.com\/wp-content\/uploads\/2020\/12\/k.-scaled.jpg","width":2560,"height":551,"caption":"kerama"},"image":{"@id":"https:\/\/keramamueblesdejardin.com\/fr\/#\/schema\/logo\/image\/"},"sameAs":["https:\/\/www.facebook.com\/Kerama-Muebles-de-Jard\u00edn-106209328312568\/"]}]}},"df_price":1295,"df_sale_price":1295,"df_regular_price":1659,"df_image_link":"https:\/\/keramamueblesdejardin.com\/wp-content\/uploads\/2025\/01\/tumbona-doble-cabrera-con-mesitas-300x300.jpg","custom_tabs":[{"title":"MESURES","id":"mesures","content":"<div class=\"list\">\n<div class=\"list\"><strong>Haut: <\/strong>Chaise longue 34cm \/ Table basse 46cm<\/div>\n<div class=\"list\"><strong>Large: <\/strong>Chaise longue 206cm \/ Table basse 46cm<\/div>\n<div class=\"list\"><strong>Fond: <\/strong>Chaise longue 152cm \/ Table basse 44cm<\/div>\n<\/div>"},{"title":"D\u00c9BALLAGE ET MONTAGE","id":"deballage-et-montage","content":"<div class=\"list\"><strong style=\"font-weight: bold; color: #282828;\">Recommandations pour le d\u00e9ballage :<\/strong><span style=\"color: #282828;\"> N\u2019utilisez pas d\u2019ustensiles tranchants lors du d\u00e9ballage des meubles, car cela pourrait causer des dommages<\/span><br style=\"color: #282828;\"><strong style=\"font-weight: bold; color: #282828;\">Assemblage requis (oui\/non) :<\/strong><span style=\"color: #282828;\"> Non<\/span><\/div>"},{"title":"ENTRETIEN ET GARANTIES","id":"entretien-et-garanties","content":"<div class=\"moz-signature\">\n<div class=\"list\"><strong>Recommandations g\u00e9n\u00e9rales :<\/strong> \u2022 Les pannes ou dommages caus\u00e9s par : \u2022 Les causes accidentelles telles que les chutes, les coups, le d\u00e9versement de liquides, l\u2019introduction de corps \u00e9trangers, ainsi que tout autre cas de force majeure sont exclues de la garantie. - Utilisation n\u00e9gligente, inappropri\u00e9e ou non domestique. \u2022 Dommages, corrosion et\/ou oxydation acc\u00e9l\u00e9r\u00e9s par des conditions environnementales d\u00e9favorables \u2022 Taches et d\u00e9coloration dues au non-respect de nos instructions de nettoyage \u2022 Dommages survenant lors du montage et de la manipulation sans avoir suivi les instructions de montage indiqu\u00e9es. <strong>Mode d\u2019emploi et d\u2019entretien :<\/strong> \u2022 Nettoyez d\u00e9licatement \u00e0 l\u2019aide d\u2019un chiffon ou utilisez un savon liquide neutre, en rin\u00e7ant abondamment \u00e0 l\u2019eau. - Enlevez r\u00e9guli\u00e8rement la poussi\u00e8re avec un chiffon doux et de l'eau claire. \u2022 N\u2019utilisez pas de d\u00e9tergents ou de produits abrasifs pour le nettoyage. <strong>Ann\u00e9es de garantie :<\/strong> 3 ans <strong>Fabriqu\u00e9 selon la norme :<\/strong> 581-1,581-2,581-3<\/div>\n<\/div>"}],"_links":{"self":[{"href":"https:\/\/keramamueblesdejardin.com\/fr\/wp-json\/wp\/v2\/product\/175261","targetHints":{"allow":["GET"]}}],"collection":[{"href":"https:\/\/keramamueblesdejardin.com\/fr\/wp-json\/wp\/v2\/product"}],"about":[{"href":"https:\/\/keramamueblesdejardin.com\/fr\/wp-json\/wp\/v2\/types\/product"}],"replies":[{"embeddable":true,"href":"https:\/\/keramamueblesdejardin.com\/fr\/wp-json\/wp\/v2\/comments?post=175261"}],"wp:featuredmedia":[{"embeddable":true,"href":"https:\/\/keramamueblesdejardin.com\/fr\/wp-json\/wp\/v2\/media\/174970"}],"wp:attachment":[{"href":"https:\/\/keramamueblesdejardin.com\/fr\/wp-json\/wp\/v2\/media?parent=175261"}],"wp:term":[{"taxonomy":"product_brand","embeddable":true,"href":"https:\/\/keramamueblesdejardin.com\/fr\/wp-json\/wp\/v2\/product_brand?post=175261"},{"taxonomy":"product_cat","embeddable":true,"href":"https:\/\/keramamueblesdejardin.com\/fr\/wp-json\/wp\/v2\/product_cat?post=175261"},{"taxonomy":"product_tag","embeddable":true,"href":"https:\/\/keramamueblesdejardin.com\/fr\/wp-json\/wp\/v2\/product_tag?post=175261"}],"curies":[{"name":"wp","href":"https:\/\/api.w.org\/{rel}","templated":true}]}}