{"id":165799,"date":"2024-05-23T17:05:08","date_gmt":"2024-05-23T15:05:08","guid":{"rendered":"https:\/\/keramamueblesdejardin.com\/non%20class\u00e9\/fauteuil-de-jardin-en-rotin-synthetique-gris-zimbabwe\/"},"modified":"2024-10-04T12:19:07","modified_gmt":"2024-10-04T10:19:07","slug":"fauteuil-jardin-rotin-synthetique-gris-zimbabwe","status":"publish","type":"product","link":"https:\/\/keramamueblesdejardin.com\/fr\/salles-exterieures\/canapes-de-jardin\/fauteuil-jardin-rotin-synthetique-gris-zimbabwe\/","title":{"rendered":"Fauteuil de jardin en rotin synth\u00e9tique gris &#8211; Zimbabwe"},"content":{"rendered":"<p>Fauteuil de jardin en rotin synth\u00e9tique de couleur grise. Les pi\u00e8ces de la collection Zimbabwe sont fabriqu\u00e9es avec une structure en aluminium peint \u00e9poxy pour augmenter leur durabilit\u00e9, cette structure est envelopp\u00e9e d\u2019un tressage \u00e0 la main d\u2019\u00e9pais rotin synth\u00e9tique en gris. Les coussins de la collection Zimbabwe sont de couleur grise et b\u00e9n\u00e9ficient d\u2019un traitement d\u00e9perlant, en plus d\u2019\u00eatre amovibles et lavables.<br \/>\nLa collection Zimbabwe ne n\u00e9cessite pas d\u2019assemblage, il suffira donc de la d\u00e9baller et de la d\u00e9guster.<\/p>\n<p>Mesures&nbsp;: 110x92x64 cm<\/p>\n","protected":false},"excerpt":{"rendered":"<ul>\n<li>Fauteuil 1 place en rotin synth\u00e9tique gris<\/li>\n<li>Structure en aluminium sans assemblage<\/li>\n<li>Coussins amovibles et lavables en gebi<\/li>\n<li>Mesures&nbsp;: 110x92x64 cm<\/li>\n<\/ul>\n","protected":false},"featured_media":160360,"comment_status":"closed","ping_status":"closed","template":"","meta":{"_acf_changed":false},"product_brand":[],"product_cat":[643,604],"product_tag":[581,3678,6034],"class_list":{"0":"post-165799","1":"product","2":"type-product","3":"status-publish","4":"has-post-thumbnail","6":"product_cat-canapes-de-jardin","7":"product_cat-salles-exterieures","8":"product_tag-bois","9":"product_tag-corde","10":"product_tag-zimbabwe-fr","11":"product_shipping_class-envio-gratuito-fr","12":"pa_alto-64-fr","13":"pa_ancho-92-fr","14":"pa_asientos-1-fr-2","15":"pa_caracteristicas-housses-lavables","16":"pa_caracteristicas-hydrofuge","17":"pa_coleccion-zimbabwe-fr","18":"pa_largo-110-fr","19":"pa_material-ratan-fr","21":"first","22":"instock","23":"sale","24":"purchasable","25":"product-type-simple","26":"add-to-wishlist-before_image"},"acf":[],"yoast_head":"<!-- This site is optimized with the Yoast SEO plugin v27.4 - https:\/\/yoast.com\/product\/yoast-seo-wordpress\/ -->\n<title>Fauteuil de jardin en rotin synth\u00e9tique gris - Zimbabwe - Kerama<\/title>\n<meta name=\"robots\" content=\"index, follow, max-snippet:-1, max-image-preview:large, max-video-preview:-1\" \/>\n<link rel=\"canonical\" href=\"https:\/\/keramamueblesdejardin.com\/fr\/salles-exterieures\/canapes-de-jardin\/fauteuil-jardin-rotin-synthetique-gris-zimbabwe\/\" \/>\n<meta property=\"og:locale\" content=\"fr_FR\" \/>\n<meta property=\"og:type\" content=\"article\" \/>\n<meta property=\"og:title\" content=\"Fauteuil de jardin en rotin synth\u00e9tique gris - Zimbabwe - Kerama\" \/>\n<meta property=\"og:description\" content=\"Fauteuil 1 place en rotin synth\u00e9tique gris  Structure en aluminium sans assemblage  Coussins amovibles et lavables en gebi  Mesures&nbsp;: 110x92x64 cm\" \/>\n<meta property=\"og:url\" content=\"https:\/\/keramamueblesdejardin.com\/fr\/salles-exterieures\/canapes-de-jardin\/fauteuil-jardin-rotin-synthetique-gris-zimbabwe\/\" \/>\n<meta property=\"og:site_name\" content=\"Kerama\" \/>\n<meta property=\"article:publisher\" content=\"https:\/\/www.facebook.com\/Kerama-Muebles-de-Jard%c3%adn-106209328312568\/\" \/>\n<meta property=\"article:modified_time\" content=\"2024-10-04T10:19:07+00:00\" \/>\n<meta property=\"og:image\" content=\"https:\/\/keramamueblesdejardin.com\/wp-content\/uploads\/2024\/05\/Pro-Capture-One-1852-e1723116861184.jpg\" \/>\n\t<meta property=\"og:image:width\" content=\"1200\" \/>\n\t<meta property=\"og:image:height\" content=\"1200\" \/>\n\t<meta property=\"og:image:type\" content=\"image\/jpeg\" \/>\n<meta name=\"twitter:card\" content=\"summary_large_image\" \/>\n<meta name=\"twitter:label1\" content=\"Dur\u00e9e de lecture estim\u00e9e\" \/>\n\t<meta name=\"twitter:data1\" content=\"1 minute\" \/>\n<script type=\"application\/ld+json\" class=\"yoast-schema-graph\">{\"@context\":\"https:\\\/\\\/schema.org\",\"@graph\":[{\"@type\":\"WebPage\",\"@id\":\"https:\\\/\\\/keramamueblesdejardin.com\\\/fr\\\/salles-exterieures\\\/canapes-de-jardin\\\/fauteuil-jardin-rotin-synthetique-gris-zimbabwe\\\/\",\"url\":\"https:\\\/\\\/keramamueblesdejardin.com\\\/fr\\\/salles-exterieures\\\/canapes-de-jardin\\\/fauteuil-jardin-rotin-synthetique-gris-zimbabwe\\\/\",\"name\":\"Fauteuil de jardin en rotin synth\u00e9tique gris - Zimbabwe - Kerama\",\"isPartOf\":{\"@id\":\"https:\\\/\\\/keramamueblesdejardin.com\\\/fr\\\/#website\"},\"primaryImageOfPage\":{\"@id\":\"https:\\\/\\\/keramamueblesdejardin.com\\\/fr\\\/salles-exterieures\\\/canapes-de-jardin\\\/fauteuil-jardin-rotin-synthetique-gris-zimbabwe\\\/#primaryimage\"},\"image\":{\"@id\":\"https:\\\/\\\/keramamueblesdejardin.com\\\/fr\\\/salles-exterieures\\\/canapes-de-jardin\\\/fauteuil-jardin-rotin-synthetique-gris-zimbabwe\\\/#primaryimage\"},\"thumbnailUrl\":\"https:\\\/\\\/keramamueblesdejardin.com\\\/wp-content\\\/uploads\\\/2024\\\/05\\\/Pro-Capture-One-1852-e1723116861184.jpg\",\"datePublished\":\"2024-05-23T15:05:08+00:00\",\"dateModified\":\"2024-10-04T10:19:07+00:00\",\"breadcrumb\":{\"@id\":\"https:\\\/\\\/keramamueblesdejardin.com\\\/fr\\\/salles-exterieures\\\/canapes-de-jardin\\\/fauteuil-jardin-rotin-synthetique-gris-zimbabwe\\\/#breadcrumb\"},\"inLanguage\":\"fr-FR\",\"potentialAction\":[{\"@type\":\"ReadAction\",\"target\":[\"https:\\\/\\\/keramamueblesdejardin.com\\\/fr\\\/salles-exterieures\\\/canapes-de-jardin\\\/fauteuil-jardin-rotin-synthetique-gris-zimbabwe\\\/\"]}]},{\"@type\":\"ImageObject\",\"inLanguage\":\"fr-FR\",\"@id\":\"https:\\\/\\\/keramamueblesdejardin.com\\\/fr\\\/salles-exterieures\\\/canapes-de-jardin\\\/fauteuil-jardin-rotin-synthetique-gris-zimbabwe\\\/#primaryimage\",\"url\":\"https:\\\/\\\/keramamueblesdejardin.com\\\/wp-content\\\/uploads\\\/2024\\\/05\\\/Pro-Capture-One-1852-e1723116861184.jpg\",\"contentUrl\":\"https:\\\/\\\/keramamueblesdejardin.com\\\/wp-content\\\/uploads\\\/2024\\\/05\\\/Pro-Capture-One-1852-e1723116861184.jpg\",\"width\":1200,\"height\":1200,\"caption\":\"Zimbabwe Fauteuil de jardin\"},{\"@type\":\"BreadcrumbList\",\"@id\":\"https:\\\/\\\/keramamueblesdejardin.com\\\/fr\\\/salles-exterieures\\\/canapes-de-jardin\\\/fauteuil-jardin-rotin-synthetique-gris-zimbabwe\\\/#breadcrumb\",\"itemListElement\":[{\"@type\":\"ListItem\",\"position\":1,\"name\":\"Home\",\"item\":\"https:\\\/\\\/keramamueblesdejardin.com\\\/fr\\\/\"},{\"@type\":\"ListItem\",\"position\":2,\"name\":\"Boutique\",\"item\":\"https:\\\/\\\/keramamueblesdejardin.com\\\/tienda\\\/\"},{\"@type\":\"ListItem\",\"position\":3,\"name\":\"Salles ext\u00e9rieures\",\"item\":\"https:\\\/\\\/keramamueblesdejardin.com\\\/fr\\\/salles-exterieures\\\/\"},{\"@type\":\"ListItem\",\"position\":4,\"name\":\"Canap\u00e9s de jardin\",\"item\":\"https:\\\/\\\/keramamueblesdejardin.com\\\/fr\\\/salles-exterieures\\\/canapes-de-jardin\\\/\"},{\"@type\":\"ListItem\",\"position\":5,\"name\":\"Fauteuil de jardin en rotin synth\u00e9tique gris &#8211; Zimbabwe\"}]},{\"@type\":\"WebSite\",\"@id\":\"https:\\\/\\\/keramamueblesdejardin.com\\\/fr\\\/#website\",\"url\":\"https:\\\/\\\/keramamueblesdejardin.com\\\/fr\\\/\",\"name\":\"Kerama\",\"description\":\"muebles de jard\u00edn\",\"publisher\":{\"@id\":\"https:\\\/\\\/keramamueblesdejardin.com\\\/fr\\\/#organization\"},\"potentialAction\":[{\"@type\":\"SearchAction\",\"target\":{\"@type\":\"EntryPoint\",\"urlTemplate\":\"https:\\\/\\\/keramamueblesdejardin.com\\\/fr\\\/?s={search_term_string}\"},\"query-input\":{\"@type\":\"PropertyValueSpecification\",\"valueRequired\":true,\"valueName\":\"search_term_string\"}}],\"inLanguage\":\"fr-FR\"},{\"@type\":\"Organization\",\"@id\":\"https:\\\/\\\/keramamueblesdejardin.com\\\/fr\\\/#organization\",\"name\":\"kerama\",\"url\":\"https:\\\/\\\/keramamueblesdejardin.com\\\/fr\\\/\",\"logo\":{\"@type\":\"ImageObject\",\"inLanguage\":\"fr-FR\",\"@id\":\"https:\\\/\\\/keramamueblesdejardin.com\\\/fr\\\/#\\\/schema\\\/logo\\\/image\\\/\",\"url\":\"https:\\\/\\\/keramamueblesdejardin.com\\\/wp-content\\\/uploads\\\/2020\\\/12\\\/k.-scaled.jpg\",\"contentUrl\":\"https:\\\/\\\/keramamueblesdejardin.com\\\/wp-content\\\/uploads\\\/2020\\\/12\\\/k.-scaled.jpg\",\"width\":2560,\"height\":551,\"caption\":\"kerama\"},\"image\":{\"@id\":\"https:\\\/\\\/keramamueblesdejardin.com\\\/fr\\\/#\\\/schema\\\/logo\\\/image\\\/\"},\"sameAs\":[\"https:\\\/\\\/www.facebook.com\\\/Kerama-Muebles-de-Jard\u00edn-106209328312568\\\/\"]}]}<\/script>\n<!-- \/ Yoast SEO plugin. -->","yoast_head_json":{"title":"Fauteuil de jardin en rotin synth\u00e9tique gris - Zimbabwe - Kerama","robots":{"index":"index","follow":"follow","max-snippet":"max-snippet:-1","max-image-preview":"max-image-preview:large","max-video-preview":"max-video-preview:-1"},"canonical":"https:\/\/keramamueblesdejardin.com\/fr\/salles-exterieures\/canapes-de-jardin\/fauteuil-jardin-rotin-synthetique-gris-zimbabwe\/","og_locale":"fr_FR","og_type":"article","og_title":"Fauteuil de jardin en rotin synth\u00e9tique gris - Zimbabwe - Kerama","og_description":"Fauteuil 1 place en rotin synth\u00e9tique gris  Structure en aluminium sans assemblage  Coussins amovibles et lavables en gebi  Mesures&nbsp;: 110x92x64 cm","og_url":"https:\/\/keramamueblesdejardin.com\/fr\/salles-exterieures\/canapes-de-jardin\/fauteuil-jardin-rotin-synthetique-gris-zimbabwe\/","og_site_name":"Kerama","article_publisher":"https:\/\/www.facebook.com\/Kerama-Muebles-de-Jard%c3%adn-106209328312568\/","article_modified_time":"2024-10-04T10:19:07+00:00","og_image":[{"width":1200,"height":1200,"url":"https:\/\/keramamueblesdejardin.com\/wp-content\/uploads\/2024\/05\/Pro-Capture-One-1852-e1723116861184.jpg","type":"image\/jpeg"}],"twitter_card":"summary_large_image","twitter_misc":{"Dur\u00e9e de lecture estim\u00e9e":"1 minute"},"schema":{"@context":"https:\/\/schema.org","@graph":[{"@type":"WebPage","@id":"https:\/\/keramamueblesdejardin.com\/fr\/salles-exterieures\/canapes-de-jardin\/fauteuil-jardin-rotin-synthetique-gris-zimbabwe\/","url":"https:\/\/keramamueblesdejardin.com\/fr\/salles-exterieures\/canapes-de-jardin\/fauteuil-jardin-rotin-synthetique-gris-zimbabwe\/","name":"Fauteuil de jardin en rotin synth\u00e9tique gris - Zimbabwe - Kerama","isPartOf":{"@id":"https:\/\/keramamueblesdejardin.com\/fr\/#website"},"primaryImageOfPage":{"@id":"https:\/\/keramamueblesdejardin.com\/fr\/salles-exterieures\/canapes-de-jardin\/fauteuil-jardin-rotin-synthetique-gris-zimbabwe\/#primaryimage"},"image":{"@id":"https:\/\/keramamueblesdejardin.com\/fr\/salles-exterieures\/canapes-de-jardin\/fauteuil-jardin-rotin-synthetique-gris-zimbabwe\/#primaryimage"},"thumbnailUrl":"https:\/\/keramamueblesdejardin.com\/wp-content\/uploads\/2024\/05\/Pro-Capture-One-1852-e1723116861184.jpg","datePublished":"2024-05-23T15:05:08+00:00","dateModified":"2024-10-04T10:19:07+00:00","breadcrumb":{"@id":"https:\/\/keramamueblesdejardin.com\/fr\/salles-exterieures\/canapes-de-jardin\/fauteuil-jardin-rotin-synthetique-gris-zimbabwe\/#breadcrumb"},"inLanguage":"fr-FR","potentialAction":[{"@type":"ReadAction","target":["https:\/\/keramamueblesdejardin.com\/fr\/salles-exterieures\/canapes-de-jardin\/fauteuil-jardin-rotin-synthetique-gris-zimbabwe\/"]}]},{"@type":"ImageObject","inLanguage":"fr-FR","@id":"https:\/\/keramamueblesdejardin.com\/fr\/salles-exterieures\/canapes-de-jardin\/fauteuil-jardin-rotin-synthetique-gris-zimbabwe\/#primaryimage","url":"https:\/\/keramamueblesdejardin.com\/wp-content\/uploads\/2024\/05\/Pro-Capture-One-1852-e1723116861184.jpg","contentUrl":"https:\/\/keramamueblesdejardin.com\/wp-content\/uploads\/2024\/05\/Pro-Capture-One-1852-e1723116861184.jpg","width":1200,"height":1200,"caption":"Zimbabwe Fauteuil de jardin"},{"@type":"BreadcrumbList","@id":"https:\/\/keramamueblesdejardin.com\/fr\/salles-exterieures\/canapes-de-jardin\/fauteuil-jardin-rotin-synthetique-gris-zimbabwe\/#breadcrumb","itemListElement":[{"@type":"ListItem","position":1,"name":"Home","item":"https:\/\/keramamueblesdejardin.com\/fr\/"},{"@type":"ListItem","position":2,"name":"Boutique","item":"https:\/\/keramamueblesdejardin.com\/tienda\/"},{"@type":"ListItem","position":3,"name":"Salles ext\u00e9rieures","item":"https:\/\/keramamueblesdejardin.com\/fr\/salles-exterieures\/"},{"@type":"ListItem","position":4,"name":"Canap\u00e9s de jardin","item":"https:\/\/keramamueblesdejardin.com\/fr\/salles-exterieures\/canapes-de-jardin\/"},{"@type":"ListItem","position":5,"name":"Fauteuil de jardin en rotin synth\u00e9tique gris &#8211; Zimbabwe"}]},{"@type":"WebSite","@id":"https:\/\/keramamueblesdejardin.com\/fr\/#website","url":"https:\/\/keramamueblesdejardin.com\/fr\/","name":"Kerama","description":"muebles de jard\u00edn","publisher":{"@id":"https:\/\/keramamueblesdejardin.com\/fr\/#organization"},"potentialAction":[{"@type":"SearchAction","target":{"@type":"EntryPoint","urlTemplate":"https:\/\/keramamueblesdejardin.com\/fr\/?s={search_term_string}"},"query-input":{"@type":"PropertyValueSpecification","valueRequired":true,"valueName":"search_term_string"}}],"inLanguage":"fr-FR"},{"@type":"Organization","@id":"https:\/\/keramamueblesdejardin.com\/fr\/#organization","name":"kerama","url":"https:\/\/keramamueblesdejardin.com\/fr\/","logo":{"@type":"ImageObject","inLanguage":"fr-FR","@id":"https:\/\/keramamueblesdejardin.com\/fr\/#\/schema\/logo\/image\/","url":"https:\/\/keramamueblesdejardin.com\/wp-content\/uploads\/2020\/12\/k.-scaled.jpg","contentUrl":"https:\/\/keramamueblesdejardin.com\/wp-content\/uploads\/2020\/12\/k.-scaled.jpg","width":2560,"height":551,"caption":"kerama"},"image":{"@id":"https:\/\/keramamueblesdejardin.com\/fr\/#\/schema\/logo\/image\/"},"sameAs":["https:\/\/www.facebook.com\/Kerama-Muebles-de-Jard\u00edn-106209328312568\/"]}]}},"df_price":669,"df_sale_price":669,"df_regular_price":793,"df_image_link":"https:\/\/keramamueblesdejardin.com\/wp-content\/uploads\/2024\/05\/Pro-Capture-One-1852-300x300.jpg","custom_tabs":[{"title":"MESURES","id":"mesures","content":"<div class=\"list\">\n<div class=\"list\"><strong>Haut: <\/strong> Fauteuil : 64cm<\/div>\n<div class=\"list\"><strong>Large: <\/strong>Fauteuil : 110cm<\/div>\n<div class=\"list\"><strong>Fond: <\/strong>Fauteuil : 92cm<\/div>\n<\/div>"},{"title":"D\u00c9BALLAGE ET MONTAGE","id":"deballage-et-montage","content":"<div class=\"list\"><strong style=\"font-weight: bold; color: #282828;\">Recommandations pour le d\u00e9ballage :<\/strong><span style=\"color: #282828;\"> N'utilisez pas d'outils tranchants lors du d\u00e9ballage du meuble, car cela pourrait l'endommager.<\/span><br style=\"color: #282828;\"><strong style=\"font-weight: bold; color: #282828;\">Montage requis (O\/N) :<\/strong><span style=\"color: #282828;\"> Non<\/span><\/div>"},{"title":"ENTRETIEN ET GARANTIES","id":"entretien-et-garanties","content":"<div class=\"moz-signature\">\n<div class=\"list\"><strong>Recommandations g\u00e9n\u00e9rales :<\/strong>\n- Les d\u00e9faillances ou les dommages caus\u00e9s par les \u00e9l\u00e9ments suivants sont exclus de la garantie :\n- Les causes accidentelles telles que chutes, coups, d\u00e9versement de liquides, introduction de corps \u00e9trangers, ainsi que toute autre force majeure.\n- Utilisation n\u00e9gligente, inappropri\u00e9e ou non domestique.\n- Dommages, corrosion et\/ou oxydation acc\u00e9l\u00e9r\u00e9s par des conditions environnementales d\u00e9favorables.\n- Taches et d\u00e9coloration dues au non-respect de nos instructions de nettoyage.\n- Dommages survenus lors du montage et de la manipulation sans respecter les instructions de montage.\n<strong>Instructions d'utilisation et d'entretien :<\/strong>\n- Essuyez doucement avec un chiffon ou utilisez un savon liquide neutre, puis rincez abondamment \u00e0 l'eau.\n- Enlevez r\u00e9guli\u00e8rement la poussi\u00e8re avec un chiffon doux et de l'eau claire.\n- N'utilisez pas de d\u00e9tergents ou de produits abrasifs pour le nettoyage.\n<strong>Ann\u00e9es de garantie :<\/strong> 3 ans\n<strong>Fabriqu\u00e9 conform\u00e9ment \u00e0 la norme :<\/strong> 581-1,581-2,581-3<\/div>\n<\/div>"}],"_links":{"self":[{"href":"https:\/\/keramamueblesdejardin.com\/fr\/wp-json\/wp\/v2\/product\/165799","targetHints":{"allow":["GET"]}}],"collection":[{"href":"https:\/\/keramamueblesdejardin.com\/fr\/wp-json\/wp\/v2\/product"}],"about":[{"href":"https:\/\/keramamueblesdejardin.com\/fr\/wp-json\/wp\/v2\/types\/product"}],"replies":[{"embeddable":true,"href":"https:\/\/keramamueblesdejardin.com\/fr\/wp-json\/wp\/v2\/comments?post=165799"}],"wp:featuredmedia":[{"embeddable":true,"href":"https:\/\/keramamueblesdejardin.com\/fr\/wp-json\/wp\/v2\/media\/160360"}],"wp:attachment":[{"href":"https:\/\/keramamueblesdejardin.com\/fr\/wp-json\/wp\/v2\/media?parent=165799"}],"wp:term":[{"taxonomy":"product_brand","embeddable":true,"href":"https:\/\/keramamueblesdejardin.com\/fr\/wp-json\/wp\/v2\/product_brand?post=165799"},{"taxonomy":"product_cat","embeddable":true,"href":"https:\/\/keramamueblesdejardin.com\/fr\/wp-json\/wp\/v2\/product_cat?post=165799"},{"taxonomy":"product_tag","embeddable":true,"href":"https:\/\/keramamueblesdejardin.com\/fr\/wp-json\/wp\/v2\/product_tag?post=165799"}],"curies":[{"name":"wp","href":"https:\/\/api.w.org\/{rel}","templated":true}]}}