{"id":161318,"date":"2024-05-23T17:07:56","date_gmt":"2024-05-23T15:07:56","guid":{"rendered":"https:\/\/keramamueblesdejardin.com\/non%20class\u00e9\/canape-de-jardin-bois-et-coussins-bruts-3-places-portland\/"},"modified":"2024-10-04T13:06:35","modified_gmt":"2024-10-04T11:06:35","slug":"canape-de-jardin-3-places-en-bois-et-coussins","status":"publish","type":"product","link":"https:\/\/keramamueblesdejardin.com\/fr\/salles-exterieures\/canapes-de-jardin\/canape-de-jardin-3-places-en-bois-et-coussins\/","title":{"rendered":"Canap\u00e9 de jardin bois et coussins bruts 3 places &#8211; Portland"},"content":{"rendered":"<p>Canap\u00e9 de jardin en bois brut et coussins 3 places. Les pi\u00e8ces de la collection Portland sont cr\u00e9\u00e9es sous une structure en bois d\u2019acacia de style am\u00e9ricain avec de larges lattes. Les coussins sont amovibles et lavables, de couleur brute.<\/p>\n<p>Mesures&nbsp;: 204,5x77x78cm<\/p>\n","protected":false},"excerpt":{"rendered":"<ul>\n<li>Canap\u00e9 3 places en bois d\u2019acacia FSC<\/li>\n<li>Coussins amovibles \u00e9crus<\/li>\n<li>Avec velcro pour fixer le coussin<\/li>\n<li>Mesures&nbsp;: 204,5x77x78cm<\/li>\n<\/ul>\n","protected":false},"featured_media":161238,"comment_status":"closed","ping_status":"closed","template":"","meta":{"_acf_changed":false},"product_brand":[],"product_cat":[643,604],"product_tag":[581,5847],"class_list":{"0":"post-161318","1":"product","2":"type-product","3":"status-publish","4":"has-post-thumbnail","6":"product_cat-canapes-de-jardin","7":"product_cat-salles-exterieures","8":"product_tag-bois","9":"product_tag-portland-fr-2","10":"product_shipping_class-envio-gratuito-fr","11":"pa_alto-78-fr","12":"pa_ancho-77-fr","13":"pa_asientos-3-fr","14":"pa_caracteristicas-housses-lavables","15":"pa_coleccion-portland-fr","16":"pa_largo-208-fr","17":"pa_material-madera-fr","19":"first","20":"instock","21":"sale","22":"purchasable","23":"product-type-simple","24":"add-to-wishlist-before_image"},"acf":[],"yoast_head":"<!-- This site is optimized with the Yoast SEO plugin v27.2 - https:\/\/yoast.com\/product\/yoast-seo-wordpress\/ -->\n<title>Canap\u00e9 de jardin bois et coussins bruts 3 places - Portland - Kerama<\/title>\n<meta name=\"robots\" content=\"index, follow, max-snippet:-1, max-image-preview:large, max-video-preview:-1\" \/>\n<link rel=\"canonical\" href=\"https:\/\/keramamueblesdejardin.com\/fr\/salles-exterieures\/canapes-de-jardin\/canape-de-jardin-3-places-en-bois-et-coussins\/\" \/>\n<meta property=\"og:locale\" content=\"fr_FR\" \/>\n<meta property=\"og:type\" content=\"article\" \/>\n<meta property=\"og:title\" content=\"Canap\u00e9 de jardin bois et coussins bruts 3 places - Portland - Kerama\" \/>\n<meta property=\"og:description\" content=\"Canap\u00e9 3 places en bois d\u2019acacia FSC  Coussins amovibles \u00e9crus  Avec velcro pour fixer le coussin  Mesures&nbsp;: 204,5x77x78cm\" \/>\n<meta property=\"og:url\" content=\"https:\/\/keramamueblesdejardin.com\/fr\/salles-exterieures\/canapes-de-jardin\/canape-de-jardin-3-places-en-bois-et-coussins\/\" \/>\n<meta property=\"og:site_name\" content=\"Kerama\" \/>\n<meta property=\"article:publisher\" content=\"https:\/\/www.facebook.com\/Kerama-Muebles-de-Jard%c3%adn-106209328312568\/\" \/>\n<meta property=\"article:modified_time\" content=\"2024-10-04T11:06:35+00:00\" \/>\n<meta property=\"og:image\" content=\"https:\/\/keramamueblesdejardin.com\/wp-content\/uploads\/2024\/05\/sofa-portland-3-e1723116470654.jpg\" \/>\n\t<meta property=\"og:image:width\" content=\"1200\" \/>\n\t<meta property=\"og:image:height\" content=\"1200\" \/>\n\t<meta property=\"og:image:type\" content=\"image\/jpeg\" \/>\n<meta name=\"twitter:card\" content=\"summary_large_image\" \/>\n<script type=\"application\/ld+json\" class=\"yoast-schema-graph\">{\"@context\":\"https:\/\/schema.org\",\"@graph\":[{\"@type\":\"WebPage\",\"@id\":\"https:\/\/keramamueblesdejardin.com\/fr\/salles-exterieures\/canapes-de-jardin\/canape-de-jardin-3-places-en-bois-et-coussins\/\",\"url\":\"https:\/\/keramamueblesdejardin.com\/fr\/salles-exterieures\/canapes-de-jardin\/canape-de-jardin-3-places-en-bois-et-coussins\/\",\"name\":\"Canap\u00e9 de jardin bois et coussins bruts 3 places - Portland - Kerama\",\"isPartOf\":{\"@id\":\"https:\/\/keramamueblesdejardin.com\/fr\/#website\"},\"primaryImageOfPage\":{\"@id\":\"https:\/\/keramamueblesdejardin.com\/fr\/salles-exterieures\/canapes-de-jardin\/canape-de-jardin-3-places-en-bois-et-coussins\/#primaryimage\"},\"image\":{\"@id\":\"https:\/\/keramamueblesdejardin.com\/fr\/salles-exterieures\/canapes-de-jardin\/canape-de-jardin-3-places-en-bois-et-coussins\/#primaryimage\"},\"thumbnailUrl\":\"https:\/\/keramamueblesdejardin.com\/wp-content\/uploads\/2024\/05\/sofa-portland-3-e1723116470654.jpg\",\"datePublished\":\"2024-05-23T15:07:56+00:00\",\"dateModified\":\"2024-10-04T11:06:35+00:00\",\"breadcrumb\":{\"@id\":\"https:\/\/keramamueblesdejardin.com\/fr\/salles-exterieures\/canapes-de-jardin\/canape-de-jardin-3-places-en-bois-et-coussins\/#breadcrumb\"},\"inLanguage\":\"fr-FR\",\"potentialAction\":[{\"@type\":\"ReadAction\",\"target\":[\"https:\/\/keramamueblesdejardin.com\/fr\/salles-exterieures\/canapes-de-jardin\/canape-de-jardin-3-places-en-bois-et-coussins\/\"]}]},{\"@type\":\"ImageObject\",\"inLanguage\":\"fr-FR\",\"@id\":\"https:\/\/keramamueblesdejardin.com\/fr\/salles-exterieures\/canapes-de-jardin\/canape-de-jardin-3-places-en-bois-et-coussins\/#primaryimage\",\"url\":\"https:\/\/keramamueblesdejardin.com\/wp-content\/uploads\/2024\/05\/sofa-portland-3-e1723116470654.jpg\",\"contentUrl\":\"https:\/\/keramamueblesdejardin.com\/wp-content\/uploads\/2024\/05\/sofa-portland-3-e1723116470654.jpg\",\"width\":1200,\"height\":1200},{\"@type\":\"BreadcrumbList\",\"@id\":\"https:\/\/keramamueblesdejardin.com\/fr\/salles-exterieures\/canapes-de-jardin\/canape-de-jardin-3-places-en-bois-et-coussins\/#breadcrumb\",\"itemListElement\":[{\"@type\":\"ListItem\",\"position\":1,\"name\":\"Home\",\"item\":\"https:\/\/keramamueblesdejardin.com\/fr\/\"},{\"@type\":\"ListItem\",\"position\":2,\"name\":\"Boutique\",\"item\":\"https:\/\/keramamueblesdejardin.com\/tienda\/\"},{\"@type\":\"ListItem\",\"position\":3,\"name\":\"Salles ext\u00e9rieures\",\"item\":\"https:\/\/keramamueblesdejardin.com\/fr\/salles-exterieures\/\"},{\"@type\":\"ListItem\",\"position\":4,\"name\":\"Canap\u00e9s de jardin\",\"item\":\"https:\/\/keramamueblesdejardin.com\/fr\/salles-exterieures\/canapes-de-jardin\/\"},{\"@type\":\"ListItem\",\"position\":5,\"name\":\"Canap\u00e9 de jardin bois et coussins bruts 3 places &#8211; Portland\"}]},{\"@type\":\"WebSite\",\"@id\":\"https:\/\/keramamueblesdejardin.com\/fr\/#website\",\"url\":\"https:\/\/keramamueblesdejardin.com\/fr\/\",\"name\":\"Kerama\",\"description\":\"muebles de jard\u00edn\",\"publisher\":{\"@id\":\"https:\/\/keramamueblesdejardin.com\/fr\/#organization\"},\"potentialAction\":[{\"@type\":\"SearchAction\",\"target\":{\"@type\":\"EntryPoint\",\"urlTemplate\":\"https:\/\/keramamueblesdejardin.com\/fr\/?s={search_term_string}\"},\"query-input\":{\"@type\":\"PropertyValueSpecification\",\"valueRequired\":true,\"valueName\":\"search_term_string\"}}],\"inLanguage\":\"fr-FR\"},{\"@type\":\"Organization\",\"@id\":\"https:\/\/keramamueblesdejardin.com\/fr\/#organization\",\"name\":\"kerama\",\"url\":\"https:\/\/keramamueblesdejardin.com\/fr\/\",\"logo\":{\"@type\":\"ImageObject\",\"inLanguage\":\"fr-FR\",\"@id\":\"https:\/\/keramamueblesdejardin.com\/fr\/#\/schema\/logo\/image\/\",\"url\":\"https:\/\/keramamueblesdejardin.com\/wp-content\/uploads\/2020\/12\/k.-scaled.jpg\",\"contentUrl\":\"https:\/\/keramamueblesdejardin.com\/wp-content\/uploads\/2020\/12\/k.-scaled.jpg\",\"width\":2560,\"height\":551,\"caption\":\"kerama\"},\"image\":{\"@id\":\"https:\/\/keramamueblesdejardin.com\/fr\/#\/schema\/logo\/image\/\"},\"sameAs\":[\"https:\/\/www.facebook.com\/Kerama-Muebles-de-Jard\u00edn-106209328312568\/\"]}]}<\/script>\n<!-- \/ Yoast SEO plugin. -->","yoast_head_json":{"title":"Canap\u00e9 de jardin bois et coussins bruts 3 places - Portland - Kerama","robots":{"index":"index","follow":"follow","max-snippet":"max-snippet:-1","max-image-preview":"max-image-preview:large","max-video-preview":"max-video-preview:-1"},"canonical":"https:\/\/keramamueblesdejardin.com\/fr\/salles-exterieures\/canapes-de-jardin\/canape-de-jardin-3-places-en-bois-et-coussins\/","og_locale":"fr_FR","og_type":"article","og_title":"Canap\u00e9 de jardin bois et coussins bruts 3 places - Portland - Kerama","og_description":"Canap\u00e9 3 places en bois d\u2019acacia FSC  Coussins amovibles \u00e9crus  Avec velcro pour fixer le coussin  Mesures&nbsp;: 204,5x77x78cm","og_url":"https:\/\/keramamueblesdejardin.com\/fr\/salles-exterieures\/canapes-de-jardin\/canape-de-jardin-3-places-en-bois-et-coussins\/","og_site_name":"Kerama","article_publisher":"https:\/\/www.facebook.com\/Kerama-Muebles-de-Jard%c3%adn-106209328312568\/","article_modified_time":"2024-10-04T11:06:35+00:00","og_image":[{"width":1200,"height":1200,"url":"https:\/\/keramamueblesdejardin.com\/wp-content\/uploads\/2024\/05\/sofa-portland-3-e1723116470654.jpg","type":"image\/jpeg"}],"twitter_card":"summary_large_image","schema":{"@context":"https:\/\/schema.org","@graph":[{"@type":"WebPage","@id":"https:\/\/keramamueblesdejardin.com\/fr\/salles-exterieures\/canapes-de-jardin\/canape-de-jardin-3-places-en-bois-et-coussins\/","url":"https:\/\/keramamueblesdejardin.com\/fr\/salles-exterieures\/canapes-de-jardin\/canape-de-jardin-3-places-en-bois-et-coussins\/","name":"Canap\u00e9 de jardin bois et coussins bruts 3 places - Portland - Kerama","isPartOf":{"@id":"https:\/\/keramamueblesdejardin.com\/fr\/#website"},"primaryImageOfPage":{"@id":"https:\/\/keramamueblesdejardin.com\/fr\/salles-exterieures\/canapes-de-jardin\/canape-de-jardin-3-places-en-bois-et-coussins\/#primaryimage"},"image":{"@id":"https:\/\/keramamueblesdejardin.com\/fr\/salles-exterieures\/canapes-de-jardin\/canape-de-jardin-3-places-en-bois-et-coussins\/#primaryimage"},"thumbnailUrl":"https:\/\/keramamueblesdejardin.com\/wp-content\/uploads\/2024\/05\/sofa-portland-3-e1723116470654.jpg","datePublished":"2024-05-23T15:07:56+00:00","dateModified":"2024-10-04T11:06:35+00:00","breadcrumb":{"@id":"https:\/\/keramamueblesdejardin.com\/fr\/salles-exterieures\/canapes-de-jardin\/canape-de-jardin-3-places-en-bois-et-coussins\/#breadcrumb"},"inLanguage":"fr-FR","potentialAction":[{"@type":"ReadAction","target":["https:\/\/keramamueblesdejardin.com\/fr\/salles-exterieures\/canapes-de-jardin\/canape-de-jardin-3-places-en-bois-et-coussins\/"]}]},{"@type":"ImageObject","inLanguage":"fr-FR","@id":"https:\/\/keramamueblesdejardin.com\/fr\/salles-exterieures\/canapes-de-jardin\/canape-de-jardin-3-places-en-bois-et-coussins\/#primaryimage","url":"https:\/\/keramamueblesdejardin.com\/wp-content\/uploads\/2024\/05\/sofa-portland-3-e1723116470654.jpg","contentUrl":"https:\/\/keramamueblesdejardin.com\/wp-content\/uploads\/2024\/05\/sofa-portland-3-e1723116470654.jpg","width":1200,"height":1200},{"@type":"BreadcrumbList","@id":"https:\/\/keramamueblesdejardin.com\/fr\/salles-exterieures\/canapes-de-jardin\/canape-de-jardin-3-places-en-bois-et-coussins\/#breadcrumb","itemListElement":[{"@type":"ListItem","position":1,"name":"Home","item":"https:\/\/keramamueblesdejardin.com\/fr\/"},{"@type":"ListItem","position":2,"name":"Boutique","item":"https:\/\/keramamueblesdejardin.com\/tienda\/"},{"@type":"ListItem","position":3,"name":"Salles ext\u00e9rieures","item":"https:\/\/keramamueblesdejardin.com\/fr\/salles-exterieures\/"},{"@type":"ListItem","position":4,"name":"Canap\u00e9s de jardin","item":"https:\/\/keramamueblesdejardin.com\/fr\/salles-exterieures\/canapes-de-jardin\/"},{"@type":"ListItem","position":5,"name":"Canap\u00e9 de jardin bois et coussins bruts 3 places &#8211; Portland"}]},{"@type":"WebSite","@id":"https:\/\/keramamueblesdejardin.com\/fr\/#website","url":"https:\/\/keramamueblesdejardin.com\/fr\/","name":"Kerama","description":"muebles de jard\u00edn","publisher":{"@id":"https:\/\/keramamueblesdejardin.com\/fr\/#organization"},"potentialAction":[{"@type":"SearchAction","target":{"@type":"EntryPoint","urlTemplate":"https:\/\/keramamueblesdejardin.com\/fr\/?s={search_term_string}"},"query-input":{"@type":"PropertyValueSpecification","valueRequired":true,"valueName":"search_term_string"}}],"inLanguage":"fr-FR"},{"@type":"Organization","@id":"https:\/\/keramamueblesdejardin.com\/fr\/#organization","name":"kerama","url":"https:\/\/keramamueblesdejardin.com\/fr\/","logo":{"@type":"ImageObject","inLanguage":"fr-FR","@id":"https:\/\/keramamueblesdejardin.com\/fr\/#\/schema\/logo\/image\/","url":"https:\/\/keramamueblesdejardin.com\/wp-content\/uploads\/2020\/12\/k.-scaled.jpg","contentUrl":"https:\/\/keramamueblesdejardin.com\/wp-content\/uploads\/2020\/12\/k.-scaled.jpg","width":2560,"height":551,"caption":"kerama"},"image":{"@id":"https:\/\/keramamueblesdejardin.com\/fr\/#\/schema\/logo\/image\/"},"sameAs":["https:\/\/www.facebook.com\/Kerama-Muebles-de-Jard\u00edn-106209328312568\/"]}]}},"df_price":839,"df_sale_price":839,"df_regular_price":994,"df_image_link":"https:\/\/keramamueblesdejardin.com\/wp-content\/uploads\/2024\/05\/sofa-portland-3-300x300.jpg","custom_tabs":[{"title":"MESURES","id":"mesures","content":"<div class=\"list\">\n<div class=\"list\"><strong>Haut: <\/strong>Canap\u00e9 3:78cm<\/div>\n<div class=\"list\"><strong>Large:<\/strong> Canap\u00e9 3 : 204,5 cm<\/div>\n<div class=\"list\"><strong>Fond: <\/strong>Canap\u00e9 3 : 77cm<\/div>\n<div class=\"list\"><\/div>\n<\/div>"},{"title":"D\u00c9BALLAGE ET MONTAGE","id":"deballage-et-montage","content":"<strong style=\"font-weight: bold; color: #282828;\">Conditions de d\u00e9ballage :<\/strong><span style=\"color: #282828;\"> N'utilisez pas d'outils tranchants lorsque vous d\u00e9ballez le meuble, car cela pourrait l'endommager.<\/span><br style=\"color: #282828;\"><strong style=\"font-weight: bold; color: #282828;\">Montage requis (O\/N) :<\/strong><span style=\"color: #282828;\"> Oui<\/span><br style=\"color: #282828;\"><strong style=\"font-weight: bold; color: #282828;\">Difficult\u00e9 de montage :<\/strong><span style=\"color: #282828;\"> Faible<\/span><br style=\"color: #282828;\"><strong style=\"font-weight: bold; color: #282828;\">Temps de montage :<\/strong><span style=\"color: #282828;\"> 20 minutes<\/span><br style=\"color: #282828;\"><strong style=\"font-weight: bold; color: #282828;\">Personnes recommand\u00e9es pour le montage :<\/strong><span style=\"color: #282828;\"> 2<\/span><br style=\"color: #282828;\"><strong style=\"font-weight: bold; color: #282828;\">Suggestions de montage :<\/strong><span style=\"color: #282828;\">  Pr\u00e9parez une zone de montage propre et s\u00e8che, v\u00e9rifiez qu'aucune des pi\u00e8ces \u00e9num\u00e9r\u00e9es dans le manuel ne manque. Nous recommandons l'utilisation de gants appropri\u00e9s pour le montage. N'utilisez que les pi\u00e8ces et les raccords fournis.<\/span>"}],"_links":{"self":[{"href":"https:\/\/keramamueblesdejardin.com\/fr\/wp-json\/wp\/v2\/product\/161318","targetHints":{"allow":["GET"]}}],"collection":[{"href":"https:\/\/keramamueblesdejardin.com\/fr\/wp-json\/wp\/v2\/product"}],"about":[{"href":"https:\/\/keramamueblesdejardin.com\/fr\/wp-json\/wp\/v2\/types\/product"}],"replies":[{"embeddable":true,"href":"https:\/\/keramamueblesdejardin.com\/fr\/wp-json\/wp\/v2\/comments?post=161318"}],"wp:featuredmedia":[{"embeddable":true,"href":"https:\/\/keramamueblesdejardin.com\/fr\/wp-json\/wp\/v2\/media\/161238"}],"wp:attachment":[{"href":"https:\/\/keramamueblesdejardin.com\/fr\/wp-json\/wp\/v2\/media?parent=161318"}],"wp:term":[{"taxonomy":"product_brand","embeddable":true,"href":"https:\/\/keramamueblesdejardin.com\/fr\/wp-json\/wp\/v2\/product_brand?post=161318"},{"taxonomy":"product_cat","embeddable":true,"href":"https:\/\/keramamueblesdejardin.com\/fr\/wp-json\/wp\/v2\/product_cat?post=161318"},{"taxonomy":"product_tag","embeddable":true,"href":"https:\/\/keramamueblesdejardin.com\/fr\/wp-json\/wp\/v2\/product_tag?post=161318"}],"curies":[{"name":"wp","href":"https:\/\/api.w.org\/{rel}","templated":true}]}}