{"id":161312,"date":"2024-05-23T17:08:32","date_gmt":"2024-05-23T15:08:32","guid":{"rendered":"https:\/\/keramamueblesdejardin.com\/non%20class\u00e9\/ensemble-de-housses-impermeables-taille-jardin-xxl-320x250x80-gris-protech\/"},"modified":"2025-01-28T12:43:26","modified_gmt":"2025-01-28T11:43:26","slug":"couverture-ensemble-de-jardin-etanche-taille-xxl-320x250x80-gris-protech","status":"publish","type":"product","link":"https:\/\/keramamueblesdejardin.com\/fr\/accessoires-dexterieur\/housses-pour-meubles-de-jardin\/couverture-ensemble-de-jardin-etanche-taille-xxl-320x250x80-gris-protech\/","title":{"rendered":"Ensemble de housses imperm\u00e9ables taille jardin XXL 320x250x80 gris &#8211; Protech"},"content":{"rendered":"<p>Housse de salon de jardin grise 320x150x80 cm, id\u00e9ale pour les ensembles de salle \u00e0 manger ou les meubles d\u2019ext\u00e9rieur extra-larges. Le tissu utilis\u00e9 est de qualit\u00e9 sup\u00e9rieure, il a un traitement lamin\u00e9 qui le rend r\u00e9sistant aux intemp\u00e9ries ainsi qu\u2019imperm\u00e9able. Il comprend un cordon de serrage pour ajuster la housse au meuble. Nous recommandons de toujours placer un objet sous la couverture afin que la surface de la couverture soit toujours sur\u00e9lev\u00e9e pour \u00e9viter de cr\u00e9er des poches d&rsquo;eau en cas de pluie. En outre, nous recommandons \u00e9galement de ne pas recouvrir enti\u00e8rement les meubles afin de permettre aux meubles couverts de respirer.<br \/>\nHousse pour mobilier de jardin<br \/>\nGris<br \/>\nDimensions : 320x250x80 cm<br \/>\nPour les tr\u00e8s grands ensembles de salle \u00e0 manger ou les meubles d\u2019ext\u00e9rieur<\/p>\n","protected":false},"excerpt":{"rendered":"<ul>\n<li>Housse pour mobilier de jardin<\/li>\n<li>Gris<\/li>\n<li>Dimensions : 320x250x80 cm<\/li>\n<li>Pour les tr\u00e8s grands ensembles de salle \u00e0 manger ou les meubles d\u2019ext\u00e9rieur<\/li>\n<\/ul>\n","protected":false},"featured_media":159385,"comment_status":"closed","ping_status":"closed","template":"","meta":{"_acf_changed":false},"product_brand":[],"product_cat":[589,591],"product_tag":[5839],"class_list":{"0":"post-161312","1":"product","2":"type-product","3":"status-publish","4":"has-post-thumbnail","6":"product_cat-accessoires-dexterieur","7":"product_cat-housses-pour-meubles-de-jardin","8":"product_tag-protech-fr","9":"product_shipping_class-envio-gratuito-fr","10":"pa_caracteristicas-impermeable-fr","11":"pa_coleccion-protech-fr","12":"pa_material-impermeable-fr","14":"first","15":"instock","16":"sale","17":"purchasable","18":"product-type-simple","19":"add-to-wishlist-before_image"},"acf":[],"yoast_head":"<!-- This site is optimized with the Yoast SEO plugin v27.2 - https:\/\/yoast.com\/product\/yoast-seo-wordpress\/ -->\n<title>Ensemble de housses imperm\u00e9ables taille jardin XXL 320x250x80 gris - Protech - Kerama<\/title>\n<meta name=\"robots\" content=\"index, follow, max-snippet:-1, max-image-preview:large, max-video-preview:-1\" \/>\n<link rel=\"canonical\" href=\"https:\/\/keramamueblesdejardin.com\/fr\/accessoires-dexterieur\/housses-pour-meubles-de-jardin\/couverture-ensemble-de-jardin-etanche-taille-xxl-320x250x80-gris-protech\/\" \/>\n<meta property=\"og:locale\" content=\"fr_FR\" \/>\n<meta property=\"og:type\" content=\"article\" \/>\n<meta property=\"og:title\" content=\"Ensemble de housses imperm\u00e9ables taille jardin XXL 320x250x80 gris - Protech - Kerama\" \/>\n<meta property=\"og:description\" content=\"Housse pour mobilier de jardin  Gris  Dimensions : 320x250x80 cm  Pour les tr\u00e8s grands ensembles de salle \u00e0 manger ou les meubles d\u2019ext\u00e9rieur\" \/>\n<meta property=\"og:url\" content=\"https:\/\/keramamueblesdejardin.com\/fr\/accessoires-dexterieur\/housses-pour-meubles-de-jardin\/couverture-ensemble-de-jardin-etanche-taille-xxl-320x250x80-gris-protech\/\" \/>\n<meta property=\"og:site_name\" content=\"Kerama\" \/>\n<meta property=\"article:publisher\" content=\"https:\/\/www.facebook.com\/Kerama-Muebles-de-Jard%c3%adn-106209328312568\/\" \/>\n<meta property=\"article:modified_time\" content=\"2025-01-28T11:43:26+00:00\" \/>\n<meta property=\"og:image\" content=\"https:\/\/keramamueblesdejardin.com\/wp-content\/uploads\/2024\/05\/SET-XXL.jpg\" \/>\n\t<meta property=\"og:image:width\" content=\"1500\" \/>\n\t<meta property=\"og:image:height\" content=\"1500\" \/>\n\t<meta property=\"og:image:type\" content=\"image\/jpeg\" \/>\n<meta name=\"twitter:card\" content=\"summary_large_image\" \/>\n<meta name=\"twitter:label1\" content=\"Dur\u00e9e de lecture estim\u00e9e\" \/>\n\t<meta name=\"twitter:data1\" content=\"1 minute\" \/>\n<script type=\"application\/ld+json\" class=\"yoast-schema-graph\">{\"@context\":\"https:\/\/schema.org\",\"@graph\":[{\"@type\":\"WebPage\",\"@id\":\"https:\/\/keramamueblesdejardin.com\/fr\/accessoires-dexterieur\/housses-pour-meubles-de-jardin\/couverture-ensemble-de-jardin-etanche-taille-xxl-320x250x80-gris-protech\/\",\"url\":\"https:\/\/keramamueblesdejardin.com\/fr\/accessoires-dexterieur\/housses-pour-meubles-de-jardin\/couverture-ensemble-de-jardin-etanche-taille-xxl-320x250x80-gris-protech\/\",\"name\":\"Ensemble de housses imperm\u00e9ables taille jardin XXL 320x250x80 gris - Protech - Kerama\",\"isPartOf\":{\"@id\":\"https:\/\/keramamueblesdejardin.com\/fr\/#website\"},\"primaryImageOfPage\":{\"@id\":\"https:\/\/keramamueblesdejardin.com\/fr\/accessoires-dexterieur\/housses-pour-meubles-de-jardin\/couverture-ensemble-de-jardin-etanche-taille-xxl-320x250x80-gris-protech\/#primaryimage\"},\"image\":{\"@id\":\"https:\/\/keramamueblesdejardin.com\/fr\/accessoires-dexterieur\/housses-pour-meubles-de-jardin\/couverture-ensemble-de-jardin-etanche-taille-xxl-320x250x80-gris-protech\/#primaryimage\"},\"thumbnailUrl\":\"https:\/\/keramamueblesdejardin.com\/wp-content\/uploads\/2024\/05\/SET-XXL.jpg\",\"datePublished\":\"2024-05-23T15:08:32+00:00\",\"dateModified\":\"2025-01-28T11:43:26+00:00\",\"breadcrumb\":{\"@id\":\"https:\/\/keramamueblesdejardin.com\/fr\/accessoires-dexterieur\/housses-pour-meubles-de-jardin\/couverture-ensemble-de-jardin-etanche-taille-xxl-320x250x80-gris-protech\/#breadcrumb\"},\"inLanguage\":\"fr-FR\",\"potentialAction\":[{\"@type\":\"ReadAction\",\"target\":[\"https:\/\/keramamueblesdejardin.com\/fr\/accessoires-dexterieur\/housses-pour-meubles-de-jardin\/couverture-ensemble-de-jardin-etanche-taille-xxl-320x250x80-gris-protech\/\"]}]},{\"@type\":\"ImageObject\",\"inLanguage\":\"fr-FR\",\"@id\":\"https:\/\/keramamueblesdejardin.com\/fr\/accessoires-dexterieur\/housses-pour-meubles-de-jardin\/couverture-ensemble-de-jardin-etanche-taille-xxl-320x250x80-gris-protech\/#primaryimage\",\"url\":\"https:\/\/keramamueblesdejardin.com\/wp-content\/uploads\/2024\/05\/SET-XXL.jpg\",\"contentUrl\":\"https:\/\/keramamueblesdejardin.com\/wp-content\/uploads\/2024\/05\/SET-XXL.jpg\",\"width\":1500,\"height\":1500},{\"@type\":\"BreadcrumbList\",\"@id\":\"https:\/\/keramamueblesdejardin.com\/fr\/accessoires-dexterieur\/housses-pour-meubles-de-jardin\/couverture-ensemble-de-jardin-etanche-taille-xxl-320x250x80-gris-protech\/#breadcrumb\",\"itemListElement\":[{\"@type\":\"ListItem\",\"position\":1,\"name\":\"Home\",\"item\":\"https:\/\/keramamueblesdejardin.com\/fr\/\"},{\"@type\":\"ListItem\",\"position\":2,\"name\":\"Boutique\",\"item\":\"https:\/\/keramamueblesdejardin.com\/tienda\/\"},{\"@type\":\"ListItem\",\"position\":3,\"name\":\"Accessoires d'ext\u00e9rieur\",\"item\":\"https:\/\/keramamueblesdejardin.com\/fr\/accessoires-dexterieur\/\"},{\"@type\":\"ListItem\",\"position\":4,\"name\":\"Housses pour meubles de jardin\",\"item\":\"https:\/\/keramamueblesdejardin.com\/fr\/accessoires-dexterieur\/housses-pour-meubles-de-jardin\/\"},{\"@type\":\"ListItem\",\"position\":5,\"name\":\"Ensemble de housses imperm\u00e9ables taille jardin XXL 320x250x80 gris &#8211; Protech\"}]},{\"@type\":\"WebSite\",\"@id\":\"https:\/\/keramamueblesdejardin.com\/fr\/#website\",\"url\":\"https:\/\/keramamueblesdejardin.com\/fr\/\",\"name\":\"Kerama\",\"description\":\"muebles de jard\u00edn\",\"publisher\":{\"@id\":\"https:\/\/keramamueblesdejardin.com\/fr\/#organization\"},\"potentialAction\":[{\"@type\":\"SearchAction\",\"target\":{\"@type\":\"EntryPoint\",\"urlTemplate\":\"https:\/\/keramamueblesdejardin.com\/fr\/?s={search_term_string}\"},\"query-input\":{\"@type\":\"PropertyValueSpecification\",\"valueRequired\":true,\"valueName\":\"search_term_string\"}}],\"inLanguage\":\"fr-FR\"},{\"@type\":\"Organization\",\"@id\":\"https:\/\/keramamueblesdejardin.com\/fr\/#organization\",\"name\":\"kerama\",\"url\":\"https:\/\/keramamueblesdejardin.com\/fr\/\",\"logo\":{\"@type\":\"ImageObject\",\"inLanguage\":\"fr-FR\",\"@id\":\"https:\/\/keramamueblesdejardin.com\/fr\/#\/schema\/logo\/image\/\",\"url\":\"https:\/\/keramamueblesdejardin.com\/wp-content\/uploads\/2020\/12\/k.-scaled.jpg\",\"contentUrl\":\"https:\/\/keramamueblesdejardin.com\/wp-content\/uploads\/2020\/12\/k.-scaled.jpg\",\"width\":2560,\"height\":551,\"caption\":\"kerama\"},\"image\":{\"@id\":\"https:\/\/keramamueblesdejardin.com\/fr\/#\/schema\/logo\/image\/\"},\"sameAs\":[\"https:\/\/www.facebook.com\/Kerama-Muebles-de-Jard\u00edn-106209328312568\/\"]}]}<\/script>\n<!-- \/ Yoast SEO plugin. -->","yoast_head_json":{"title":"Ensemble de housses imperm\u00e9ables taille jardin XXL 320x250x80 gris - Protech - Kerama","robots":{"index":"index","follow":"follow","max-snippet":"max-snippet:-1","max-image-preview":"max-image-preview:large","max-video-preview":"max-video-preview:-1"},"canonical":"https:\/\/keramamueblesdejardin.com\/fr\/accessoires-dexterieur\/housses-pour-meubles-de-jardin\/couverture-ensemble-de-jardin-etanche-taille-xxl-320x250x80-gris-protech\/","og_locale":"fr_FR","og_type":"article","og_title":"Ensemble de housses imperm\u00e9ables taille jardin XXL 320x250x80 gris - Protech - Kerama","og_description":"Housse pour mobilier de jardin  Gris  Dimensions : 320x250x80 cm  Pour les tr\u00e8s grands ensembles de salle \u00e0 manger ou les meubles d\u2019ext\u00e9rieur","og_url":"https:\/\/keramamueblesdejardin.com\/fr\/accessoires-dexterieur\/housses-pour-meubles-de-jardin\/couverture-ensemble-de-jardin-etanche-taille-xxl-320x250x80-gris-protech\/","og_site_name":"Kerama","article_publisher":"https:\/\/www.facebook.com\/Kerama-Muebles-de-Jard%c3%adn-106209328312568\/","article_modified_time":"2025-01-28T11:43:26+00:00","og_image":[{"width":1500,"height":1500,"url":"https:\/\/keramamueblesdejardin.com\/wp-content\/uploads\/2024\/05\/SET-XXL.jpg","type":"image\/jpeg"}],"twitter_card":"summary_large_image","twitter_misc":{"Dur\u00e9e de lecture estim\u00e9e":"1 minute"},"schema":{"@context":"https:\/\/schema.org","@graph":[{"@type":"WebPage","@id":"https:\/\/keramamueblesdejardin.com\/fr\/accessoires-dexterieur\/housses-pour-meubles-de-jardin\/couverture-ensemble-de-jardin-etanche-taille-xxl-320x250x80-gris-protech\/","url":"https:\/\/keramamueblesdejardin.com\/fr\/accessoires-dexterieur\/housses-pour-meubles-de-jardin\/couverture-ensemble-de-jardin-etanche-taille-xxl-320x250x80-gris-protech\/","name":"Ensemble de housses imperm\u00e9ables taille jardin XXL 320x250x80 gris - Protech - Kerama","isPartOf":{"@id":"https:\/\/keramamueblesdejardin.com\/fr\/#website"},"primaryImageOfPage":{"@id":"https:\/\/keramamueblesdejardin.com\/fr\/accessoires-dexterieur\/housses-pour-meubles-de-jardin\/couverture-ensemble-de-jardin-etanche-taille-xxl-320x250x80-gris-protech\/#primaryimage"},"image":{"@id":"https:\/\/keramamueblesdejardin.com\/fr\/accessoires-dexterieur\/housses-pour-meubles-de-jardin\/couverture-ensemble-de-jardin-etanche-taille-xxl-320x250x80-gris-protech\/#primaryimage"},"thumbnailUrl":"https:\/\/keramamueblesdejardin.com\/wp-content\/uploads\/2024\/05\/SET-XXL.jpg","datePublished":"2024-05-23T15:08:32+00:00","dateModified":"2025-01-28T11:43:26+00:00","breadcrumb":{"@id":"https:\/\/keramamueblesdejardin.com\/fr\/accessoires-dexterieur\/housses-pour-meubles-de-jardin\/couverture-ensemble-de-jardin-etanche-taille-xxl-320x250x80-gris-protech\/#breadcrumb"},"inLanguage":"fr-FR","potentialAction":[{"@type":"ReadAction","target":["https:\/\/keramamueblesdejardin.com\/fr\/accessoires-dexterieur\/housses-pour-meubles-de-jardin\/couverture-ensemble-de-jardin-etanche-taille-xxl-320x250x80-gris-protech\/"]}]},{"@type":"ImageObject","inLanguage":"fr-FR","@id":"https:\/\/keramamueblesdejardin.com\/fr\/accessoires-dexterieur\/housses-pour-meubles-de-jardin\/couverture-ensemble-de-jardin-etanche-taille-xxl-320x250x80-gris-protech\/#primaryimage","url":"https:\/\/keramamueblesdejardin.com\/wp-content\/uploads\/2024\/05\/SET-XXL.jpg","contentUrl":"https:\/\/keramamueblesdejardin.com\/wp-content\/uploads\/2024\/05\/SET-XXL.jpg","width":1500,"height":1500},{"@type":"BreadcrumbList","@id":"https:\/\/keramamueblesdejardin.com\/fr\/accessoires-dexterieur\/housses-pour-meubles-de-jardin\/couverture-ensemble-de-jardin-etanche-taille-xxl-320x250x80-gris-protech\/#breadcrumb","itemListElement":[{"@type":"ListItem","position":1,"name":"Home","item":"https:\/\/keramamueblesdejardin.com\/fr\/"},{"@type":"ListItem","position":2,"name":"Boutique","item":"https:\/\/keramamueblesdejardin.com\/tienda\/"},{"@type":"ListItem","position":3,"name":"Accessoires d'ext\u00e9rieur","item":"https:\/\/keramamueblesdejardin.com\/fr\/accessoires-dexterieur\/"},{"@type":"ListItem","position":4,"name":"Housses pour meubles de jardin","item":"https:\/\/keramamueblesdejardin.com\/fr\/accessoires-dexterieur\/housses-pour-meubles-de-jardin\/"},{"@type":"ListItem","position":5,"name":"Ensemble de housses imperm\u00e9ables taille jardin XXL 320x250x80 gris &#8211; Protech"}]},{"@type":"WebSite","@id":"https:\/\/keramamueblesdejardin.com\/fr\/#website","url":"https:\/\/keramamueblesdejardin.com\/fr\/","name":"Kerama","description":"muebles de jard\u00edn","publisher":{"@id":"https:\/\/keramamueblesdejardin.com\/fr\/#organization"},"potentialAction":[{"@type":"SearchAction","target":{"@type":"EntryPoint","urlTemplate":"https:\/\/keramamueblesdejardin.com\/fr\/?s={search_term_string}"},"query-input":{"@type":"PropertyValueSpecification","valueRequired":true,"valueName":"search_term_string"}}],"inLanguage":"fr-FR"},{"@type":"Organization","@id":"https:\/\/keramamueblesdejardin.com\/fr\/#organization","name":"kerama","url":"https:\/\/keramamueblesdejardin.com\/fr\/","logo":{"@type":"ImageObject","inLanguage":"fr-FR","@id":"https:\/\/keramamueblesdejardin.com\/fr\/#\/schema\/logo\/image\/","url":"https:\/\/keramamueblesdejardin.com\/wp-content\/uploads\/2020\/12\/k.-scaled.jpg","contentUrl":"https:\/\/keramamueblesdejardin.com\/wp-content\/uploads\/2020\/12\/k.-scaled.jpg","width":2560,"height":551,"caption":"kerama"},"image":{"@id":"https:\/\/keramamueblesdejardin.com\/fr\/#\/schema\/logo\/image\/"},"sameAs":["https:\/\/www.facebook.com\/Kerama-Muebles-de-Jard\u00edn-106209328312568\/"]}]}},"df_price":139,"df_sale_price":139,"df_regular_price":175,"df_image_link":"https:\/\/keramamueblesdejardin.com\/wp-content\/uploads\/2024\/05\/SET-XXL-300x300.jpg","custom_tabs":[],"_links":{"self":[{"href":"https:\/\/keramamueblesdejardin.com\/fr\/wp-json\/wp\/v2\/product\/161312","targetHints":{"allow":["GET"]}}],"collection":[{"href":"https:\/\/keramamueblesdejardin.com\/fr\/wp-json\/wp\/v2\/product"}],"about":[{"href":"https:\/\/keramamueblesdejardin.com\/fr\/wp-json\/wp\/v2\/types\/product"}],"replies":[{"embeddable":true,"href":"https:\/\/keramamueblesdejardin.com\/fr\/wp-json\/wp\/v2\/comments?post=161312"}],"wp:featuredmedia":[{"embeddable":true,"href":"https:\/\/keramamueblesdejardin.com\/fr\/wp-json\/wp\/v2\/media\/159385"}],"wp:attachment":[{"href":"https:\/\/keramamueblesdejardin.com\/fr\/wp-json\/wp\/v2\/media?parent=161312"}],"wp:term":[{"taxonomy":"product_brand","embeddable":true,"href":"https:\/\/keramamueblesdejardin.com\/fr\/wp-json\/wp\/v2\/product_brand?post=161312"},{"taxonomy":"product_cat","embeddable":true,"href":"https:\/\/keramamueblesdejardin.com\/fr\/wp-json\/wp\/v2\/product_cat?post=161312"},{"taxonomy":"product_tag","embeddable":true,"href":"https:\/\/keramamueblesdejardin.com\/fr\/wp-json\/wp\/v2\/product_tag?post=161312"}],"curies":[{"name":"wp","href":"https:\/\/api.w.org\/{rel}","templated":true}]}}