{"id":155477,"date":"2024-03-05T13:18:11","date_gmt":"2024-03-05T12:18:11","guid":{"rendered":"https:\/\/keramamueblesdejardin.com\/non%20class\u00e9\/bain-de-soleil-en-aluminium-blanc-avec-coussins-impermeables-lugano\/"},"modified":"2025-01-28T12:28:02","modified_gmt":"2025-01-28T11:28:02","slug":"chaise-longue-aluminium-coussins-blancs-et-impermeables-lugano","status":"publish","type":"product","link":"https:\/\/keramamueblesdejardin.com\/fr\/chaises-longues-et-detente\/chaises-longues\/chaise-longue-aluminium-coussins-blancs-et-impermeables-lugano\/","title":{"rendered":"Bain de soleil en aluminium blanc avec coussins imperm\u00e9ables &#8211; Lugano"},"content":{"rendered":"<p>Bain de soleil d\u2019ext\u00e9rieur pour jardin ou terrasse compos\u00e9 d\u2019une structure en aluminium et de coussins en mousse recouverts d\u2019un tissu nautique imperm\u00e9able. Dossier r\u00e9glable en plusieurs positions pour le mettre \u00e0 votre go\u00fbt, de la position allong\u00e9e \u00e0 la position semi-assise. Il a des roues pour le d\u00e9placer facilement.<br \/>\nMesures\u00a0: 200x80x30cm<\/p>\n","protected":false},"excerpt":{"rendered":"<ul>\n<li>Structure en aluminium de couleur blanche<\/li>\n<li>Tissu nautique imperm\u00e9able<\/li>\n<li>Dossier rabattable multi-positions<\/li>\n<li>Mesures\u00a0: 200x80x30cm<\/li>\n<\/ul>\n","protected":false},"featured_media":145406,"comment_status":"closed","ping_status":"closed","template":"","meta":{"_acf_changed":false},"product_brand":[],"product_cat":[576,563],"product_tag":[565,602],"class_list":{"0":"post-155477","1":"product","2":"type-product","3":"status-publish","4":"has-post-thumbnail","6":"product_cat-chaises-longues","7":"product_cat-chaises-longues-et-detente","8":"product_tag-aluminium","9":"product_tag-etanche-3","10":"product_shipping_class-envio-gratuito-fr","11":"pa_alto-30-fr","12":"pa_ancho-80-fr","13":"pa_asientos-1-fr-2","14":"pa_caracteristicas-impermeable-fr","15":"pa_coleccion-lugano-fr","16":"pa_largo-200-fr","17":"pa_material-aluminio-fr","18":"pa_tamano-espacio-grand","20":"first","21":"instock","22":"sale","23":"purchasable","24":"product-type-simple","25":"add-to-wishlist-before_image"},"acf":[],"yoast_head":"<!-- This site is optimized with the Yoast SEO plugin v27.4 - https:\/\/yoast.com\/product\/yoast-seo-wordpress\/ -->\n<title>Bain de soleil en aluminium blanc avec coussins imperm\u00e9ables - Lugano - Kerama<\/title>\n<meta name=\"robots\" content=\"index, follow, max-snippet:-1, max-image-preview:large, max-video-preview:-1\" \/>\n<link rel=\"canonical\" href=\"https:\/\/keramamueblesdejardin.com\/fr\/chaises-longues-et-detente\/chaises-longues\/chaise-longue-aluminium-coussins-blancs-et-impermeables-lugano\/\" \/>\n<meta property=\"og:locale\" content=\"fr_FR\" \/>\n<meta property=\"og:type\" content=\"article\" \/>\n<meta property=\"og:title\" content=\"Bain de soleil en aluminium blanc avec coussins imperm\u00e9ables - Lugano - Kerama\" \/>\n<meta property=\"og:description\" content=\"Structure en aluminium de couleur blanche  Tissu nautique imperm\u00e9able  Dossier rabattable multi-positions  Mesures\u00a0: 200x80x30cm\" \/>\n<meta property=\"og:url\" content=\"https:\/\/keramamueblesdejardin.com\/fr\/chaises-longues-et-detente\/chaises-longues\/chaise-longue-aluminium-coussins-blancs-et-impermeables-lugano\/\" \/>\n<meta property=\"og:site_name\" content=\"Kerama\" \/>\n<meta property=\"article:publisher\" content=\"https:\/\/www.facebook.com\/Kerama-Muebles-de-Jard%c3%adn-106209328312568\/\" \/>\n<meta property=\"article:modified_time\" content=\"2025-01-28T11:28:02+00:00\" \/>\n<meta property=\"og:image\" content=\"https:\/\/keramamueblesdejardin.com\/wp-content\/uploads\/2024\/03\/tumbona.jpg\" \/>\n\t<meta property=\"og:image:width\" content=\"1200\" \/>\n\t<meta property=\"og:image:height\" content=\"1200\" \/>\n\t<meta property=\"og:image:type\" content=\"image\/jpeg\" \/>\n<meta name=\"twitter:card\" content=\"summary_large_image\" \/>\n<script type=\"application\/ld+json\" class=\"yoast-schema-graph\">{\"@context\":\"https:\\\/\\\/schema.org\",\"@graph\":[{\"@type\":\"WebPage\",\"@id\":\"https:\\\/\\\/keramamueblesdejardin.com\\\/fr\\\/chaises-longues-et-detente\\\/chaises-longues\\\/chaise-longue-aluminium-coussins-blancs-et-impermeables-lugano\\\/\",\"url\":\"https:\\\/\\\/keramamueblesdejardin.com\\\/fr\\\/chaises-longues-et-detente\\\/chaises-longues\\\/chaise-longue-aluminium-coussins-blancs-et-impermeables-lugano\\\/\",\"name\":\"Bain de soleil en aluminium blanc avec coussins imperm\u00e9ables - Lugano - Kerama\",\"isPartOf\":{\"@id\":\"https:\\\/\\\/keramamueblesdejardin.com\\\/fr\\\/#website\"},\"primaryImageOfPage\":{\"@id\":\"https:\\\/\\\/keramamueblesdejardin.com\\\/fr\\\/chaises-longues-et-detente\\\/chaises-longues\\\/chaise-longue-aluminium-coussins-blancs-et-impermeables-lugano\\\/#primaryimage\"},\"image\":{\"@id\":\"https:\\\/\\\/keramamueblesdejardin.com\\\/fr\\\/chaises-longues-et-detente\\\/chaises-longues\\\/chaise-longue-aluminium-coussins-blancs-et-impermeables-lugano\\\/#primaryimage\"},\"thumbnailUrl\":\"https:\\\/\\\/keramamueblesdejardin.com\\\/wp-content\\\/uploads\\\/2024\\\/03\\\/tumbona.jpg\",\"datePublished\":\"2024-03-05T12:18:11+00:00\",\"dateModified\":\"2025-01-28T11:28:02+00:00\",\"breadcrumb\":{\"@id\":\"https:\\\/\\\/keramamueblesdejardin.com\\\/fr\\\/chaises-longues-et-detente\\\/chaises-longues\\\/chaise-longue-aluminium-coussins-blancs-et-impermeables-lugano\\\/#breadcrumb\"},\"inLanguage\":\"fr-FR\",\"potentialAction\":[{\"@type\":\"ReadAction\",\"target\":[\"https:\\\/\\\/keramamueblesdejardin.com\\\/fr\\\/chaises-longues-et-detente\\\/chaises-longues\\\/chaise-longue-aluminium-coussins-blancs-et-impermeables-lugano\\\/\"]}]},{\"@type\":\"ImageObject\",\"inLanguage\":\"fr-FR\",\"@id\":\"https:\\\/\\\/keramamueblesdejardin.com\\\/fr\\\/chaises-longues-et-detente\\\/chaises-longues\\\/chaise-longue-aluminium-coussins-blancs-et-impermeables-lugano\\\/#primaryimage\",\"url\":\"https:\\\/\\\/keramamueblesdejardin.com\\\/wp-content\\\/uploads\\\/2024\\\/03\\\/tumbona.jpg\",\"contentUrl\":\"https:\\\/\\\/keramamueblesdejardin.com\\\/wp-content\\\/uploads\\\/2024\\\/03\\\/tumbona.jpg\",\"width\":1200,\"height\":1200},{\"@type\":\"BreadcrumbList\",\"@id\":\"https:\\\/\\\/keramamueblesdejardin.com\\\/fr\\\/chaises-longues-et-detente\\\/chaises-longues\\\/chaise-longue-aluminium-coussins-blancs-et-impermeables-lugano\\\/#breadcrumb\",\"itemListElement\":[{\"@type\":\"ListItem\",\"position\":1,\"name\":\"Home\",\"item\":\"https:\\\/\\\/keramamueblesdejardin.com\\\/fr\\\/\"},{\"@type\":\"ListItem\",\"position\":2,\"name\":\"Boutique\",\"item\":\"https:\\\/\\\/keramamueblesdejardin.com\\\/tienda\\\/\"},{\"@type\":\"ListItem\",\"position\":3,\"name\":\"Chaises longues et d\u00e9tente\",\"item\":\"https:\\\/\\\/keramamueblesdejardin.com\\\/fr\\\/chaises-longues-et-detente\\\/\"},{\"@type\":\"ListItem\",\"position\":4,\"name\":\"Chaises longues\",\"item\":\"https:\\\/\\\/keramamueblesdejardin.com\\\/fr\\\/chaises-longues-et-detente\\\/chaises-longues\\\/\"},{\"@type\":\"ListItem\",\"position\":5,\"name\":\"Bain de soleil en aluminium blanc avec coussins imperm\u00e9ables &#8211; Lugano\"}]},{\"@type\":\"WebSite\",\"@id\":\"https:\\\/\\\/keramamueblesdejardin.com\\\/fr\\\/#website\",\"url\":\"https:\\\/\\\/keramamueblesdejardin.com\\\/fr\\\/\",\"name\":\"Kerama\",\"description\":\"muebles de jard\u00edn\",\"publisher\":{\"@id\":\"https:\\\/\\\/keramamueblesdejardin.com\\\/fr\\\/#organization\"},\"potentialAction\":[{\"@type\":\"SearchAction\",\"target\":{\"@type\":\"EntryPoint\",\"urlTemplate\":\"https:\\\/\\\/keramamueblesdejardin.com\\\/fr\\\/?s={search_term_string}\"},\"query-input\":{\"@type\":\"PropertyValueSpecification\",\"valueRequired\":true,\"valueName\":\"search_term_string\"}}],\"inLanguage\":\"fr-FR\"},{\"@type\":\"Organization\",\"@id\":\"https:\\\/\\\/keramamueblesdejardin.com\\\/fr\\\/#organization\",\"name\":\"kerama\",\"url\":\"https:\\\/\\\/keramamueblesdejardin.com\\\/fr\\\/\",\"logo\":{\"@type\":\"ImageObject\",\"inLanguage\":\"fr-FR\",\"@id\":\"https:\\\/\\\/keramamueblesdejardin.com\\\/fr\\\/#\\\/schema\\\/logo\\\/image\\\/\",\"url\":\"https:\\\/\\\/keramamueblesdejardin.com\\\/wp-content\\\/uploads\\\/2020\\\/12\\\/k.-scaled.jpg\",\"contentUrl\":\"https:\\\/\\\/keramamueblesdejardin.com\\\/wp-content\\\/uploads\\\/2020\\\/12\\\/k.-scaled.jpg\",\"width\":2560,\"height\":551,\"caption\":\"kerama\"},\"image\":{\"@id\":\"https:\\\/\\\/keramamueblesdejardin.com\\\/fr\\\/#\\\/schema\\\/logo\\\/image\\\/\"},\"sameAs\":[\"https:\\\/\\\/www.facebook.com\\\/Kerama-Muebles-de-Jard\u00edn-106209328312568\\\/\"]}]}<\/script>\n<!-- \/ Yoast SEO plugin. -->","yoast_head_json":{"title":"Bain de soleil en aluminium blanc avec coussins imperm\u00e9ables - Lugano - Kerama","robots":{"index":"index","follow":"follow","max-snippet":"max-snippet:-1","max-image-preview":"max-image-preview:large","max-video-preview":"max-video-preview:-1"},"canonical":"https:\/\/keramamueblesdejardin.com\/fr\/chaises-longues-et-detente\/chaises-longues\/chaise-longue-aluminium-coussins-blancs-et-impermeables-lugano\/","og_locale":"fr_FR","og_type":"article","og_title":"Bain de soleil en aluminium blanc avec coussins imperm\u00e9ables - Lugano - Kerama","og_description":"Structure en aluminium de couleur blanche  Tissu nautique imperm\u00e9able  Dossier rabattable multi-positions  Mesures\u00a0: 200x80x30cm","og_url":"https:\/\/keramamueblesdejardin.com\/fr\/chaises-longues-et-detente\/chaises-longues\/chaise-longue-aluminium-coussins-blancs-et-impermeables-lugano\/","og_site_name":"Kerama","article_publisher":"https:\/\/www.facebook.com\/Kerama-Muebles-de-Jard%c3%adn-106209328312568\/","article_modified_time":"2025-01-28T11:28:02+00:00","og_image":[{"width":1200,"height":1200,"url":"https:\/\/keramamueblesdejardin.com\/wp-content\/uploads\/2024\/03\/tumbona.jpg","type":"image\/jpeg"}],"twitter_card":"summary_large_image","schema":{"@context":"https:\/\/schema.org","@graph":[{"@type":"WebPage","@id":"https:\/\/keramamueblesdejardin.com\/fr\/chaises-longues-et-detente\/chaises-longues\/chaise-longue-aluminium-coussins-blancs-et-impermeables-lugano\/","url":"https:\/\/keramamueblesdejardin.com\/fr\/chaises-longues-et-detente\/chaises-longues\/chaise-longue-aluminium-coussins-blancs-et-impermeables-lugano\/","name":"Bain de soleil en aluminium blanc avec coussins imperm\u00e9ables - Lugano - Kerama","isPartOf":{"@id":"https:\/\/keramamueblesdejardin.com\/fr\/#website"},"primaryImageOfPage":{"@id":"https:\/\/keramamueblesdejardin.com\/fr\/chaises-longues-et-detente\/chaises-longues\/chaise-longue-aluminium-coussins-blancs-et-impermeables-lugano\/#primaryimage"},"image":{"@id":"https:\/\/keramamueblesdejardin.com\/fr\/chaises-longues-et-detente\/chaises-longues\/chaise-longue-aluminium-coussins-blancs-et-impermeables-lugano\/#primaryimage"},"thumbnailUrl":"https:\/\/keramamueblesdejardin.com\/wp-content\/uploads\/2024\/03\/tumbona.jpg","datePublished":"2024-03-05T12:18:11+00:00","dateModified":"2025-01-28T11:28:02+00:00","breadcrumb":{"@id":"https:\/\/keramamueblesdejardin.com\/fr\/chaises-longues-et-detente\/chaises-longues\/chaise-longue-aluminium-coussins-blancs-et-impermeables-lugano\/#breadcrumb"},"inLanguage":"fr-FR","potentialAction":[{"@type":"ReadAction","target":["https:\/\/keramamueblesdejardin.com\/fr\/chaises-longues-et-detente\/chaises-longues\/chaise-longue-aluminium-coussins-blancs-et-impermeables-lugano\/"]}]},{"@type":"ImageObject","inLanguage":"fr-FR","@id":"https:\/\/keramamueblesdejardin.com\/fr\/chaises-longues-et-detente\/chaises-longues\/chaise-longue-aluminium-coussins-blancs-et-impermeables-lugano\/#primaryimage","url":"https:\/\/keramamueblesdejardin.com\/wp-content\/uploads\/2024\/03\/tumbona.jpg","contentUrl":"https:\/\/keramamueblesdejardin.com\/wp-content\/uploads\/2024\/03\/tumbona.jpg","width":1200,"height":1200},{"@type":"BreadcrumbList","@id":"https:\/\/keramamueblesdejardin.com\/fr\/chaises-longues-et-detente\/chaises-longues\/chaise-longue-aluminium-coussins-blancs-et-impermeables-lugano\/#breadcrumb","itemListElement":[{"@type":"ListItem","position":1,"name":"Home","item":"https:\/\/keramamueblesdejardin.com\/fr\/"},{"@type":"ListItem","position":2,"name":"Boutique","item":"https:\/\/keramamueblesdejardin.com\/tienda\/"},{"@type":"ListItem","position":3,"name":"Chaises longues et d\u00e9tente","item":"https:\/\/keramamueblesdejardin.com\/fr\/chaises-longues-et-detente\/"},{"@type":"ListItem","position":4,"name":"Chaises longues","item":"https:\/\/keramamueblesdejardin.com\/fr\/chaises-longues-et-detente\/chaises-longues\/"},{"@type":"ListItem","position":5,"name":"Bain de soleil en aluminium blanc avec coussins imperm\u00e9ables &#8211; Lugano"}]},{"@type":"WebSite","@id":"https:\/\/keramamueblesdejardin.com\/fr\/#website","url":"https:\/\/keramamueblesdejardin.com\/fr\/","name":"Kerama","description":"muebles de jard\u00edn","publisher":{"@id":"https:\/\/keramamueblesdejardin.com\/fr\/#organization"},"potentialAction":[{"@type":"SearchAction","target":{"@type":"EntryPoint","urlTemplate":"https:\/\/keramamueblesdejardin.com\/fr\/?s={search_term_string}"},"query-input":{"@type":"PropertyValueSpecification","valueRequired":true,"valueName":"search_term_string"}}],"inLanguage":"fr-FR"},{"@type":"Organization","@id":"https:\/\/keramamueblesdejardin.com\/fr\/#organization","name":"kerama","url":"https:\/\/keramamueblesdejardin.com\/fr\/","logo":{"@type":"ImageObject","inLanguage":"fr-FR","@id":"https:\/\/keramamueblesdejardin.com\/fr\/#\/schema\/logo\/image\/","url":"https:\/\/keramamueblesdejardin.com\/wp-content\/uploads\/2020\/12\/k.-scaled.jpg","contentUrl":"https:\/\/keramamueblesdejardin.com\/wp-content\/uploads\/2020\/12\/k.-scaled.jpg","width":2560,"height":551,"caption":"kerama"},"image":{"@id":"https:\/\/keramamueblesdejardin.com\/fr\/#\/schema\/logo\/image\/"},"sameAs":["https:\/\/www.facebook.com\/Kerama-Muebles-de-Jard\u00edn-106209328312568\/"]}]}},"df_price":669,"df_sale_price":669,"df_regular_price":849,"df_image_link":"https:\/\/keramamueblesdejardin.com\/wp-content\/uploads\/2024\/03\/tumbona-300x300.jpg","custom_tabs":[{"title":"MESURES","id":"mesures","content":"<div class=\"list\"><strong>Hauteur\u00a0: <\/strong>30cm<\/div>\r\n<div class=\"list\"><strong>Largeur: <\/strong>200cm<\/div>\r\n<div class=\"list\"><strong>Profondeur: <\/strong>80cm<\/div>"},{"title":"D\u00c9BALLAGE ET MONTAGE","id":"deballage-et-montage","content":"<div class=\"list\"><strong style=\"font-weight: bold; color: #282828;\">Recommandations pour le d\u00e9ballage :<\/strong><span style=\"color: #282828;\"> N'utilisez pas d'outils tranchants lors du d\u00e9ballage du meuble, car cela pourrait l'endommager.<\/span><br style=\"color: #282828;\" \/><strong style=\"font-weight: bold; color: #282828;\">Montage requis (O\/N) :<\/strong><span style=\"color: #282828;\"> Non<\/span><\/div>"},{"title":"ENTRETIEN ET GARANTIES","id":"entretien-et-garanties","content":"<div class=\"moz-signature\">\r\n<div class=\"list\"><strong>Recommandations g\u00e9n\u00e9rales :<\/strong>\r\n- Les d\u00e9faillances ou les dommages caus\u00e9s par les \u00e9l\u00e9ments suivants sont exclus de la garantie :\r\n- Les causes accidentelles telles que chutes, coups, d\u00e9versement de liquides, introduction de corps \u00e9trangers, ainsi que toute autre force majeure.\r\n- Utilisation n\u00e9gligente, inappropri\u00e9e ou non domestique.\r\n- Dommages, corrosion et\/ou oxydation acc\u00e9l\u00e9r\u00e9s par des conditions environnementales d\u00e9favorables.\r\n- Taches et d\u00e9coloration dues au non-respect de nos instructions de nettoyage.\r\n- Dommages survenus lors du montage et de la manipulation sans respecter les instructions de montage.\r\n<strong>Instructions d'utilisation et d'entretien :<\/strong>\r\n- Essuyez doucement avec un chiffon ou utilisez un savon liquide neutre, puis rincez abondamment \u00e0 l'eau.\r\n- Enlevez r\u00e9guli\u00e8rement la poussi\u00e8re avec un chiffon doux et de l'eau claire.\r\n- N'utilisez pas de d\u00e9tergents ou de produits abrasifs pour le nettoyage.\r\n<strong>Ann\u00e9es de garantie :<\/strong> 3 ans\r\n<strong>Fabriqu\u00e9 conform\u00e9ment \u00e0 la norme :<\/strong> 581-1,581-2,581-3<\/div>\r\n<\/div>"}],"_links":{"self":[{"href":"https:\/\/keramamueblesdejardin.com\/fr\/wp-json\/wp\/v2\/product\/155477","targetHints":{"allow":["GET"]}}],"collection":[{"href":"https:\/\/keramamueblesdejardin.com\/fr\/wp-json\/wp\/v2\/product"}],"about":[{"href":"https:\/\/keramamueblesdejardin.com\/fr\/wp-json\/wp\/v2\/types\/product"}],"replies":[{"embeddable":true,"href":"https:\/\/keramamueblesdejardin.com\/fr\/wp-json\/wp\/v2\/comments?post=155477"}],"wp:featuredmedia":[{"embeddable":true,"href":"https:\/\/keramamueblesdejardin.com\/fr\/wp-json\/wp\/v2\/media\/145406"}],"wp:attachment":[{"href":"https:\/\/keramamueblesdejardin.com\/fr\/wp-json\/wp\/v2\/media?parent=155477"}],"wp:term":[{"taxonomy":"product_brand","embeddable":true,"href":"https:\/\/keramamueblesdejardin.com\/fr\/wp-json\/wp\/v2\/product_brand?post=155477"},{"taxonomy":"product_cat","embeddable":true,"href":"https:\/\/keramamueblesdejardin.com\/fr\/wp-json\/wp\/v2\/product_cat?post=155477"},{"taxonomy":"product_tag","embeddable":true,"href":"https:\/\/keramamueblesdejardin.com\/fr\/wp-json\/wp\/v2\/product_tag?post=155477"}],"curies":[{"name":"wp","href":"https:\/\/api.w.org\/{rel}","templated":true}]}}