{"id":155404,"date":"2024-04-02T16:04:16","date_gmt":"2024-04-02T14:04:16","guid":{"rendered":"https:\/\/keramamueblesdejardin.com\/non%20class\u00e9\/salon-de-jardin-en-aluminium-et-corde-beige-palerme\/"},"modified":"2024-10-02T16:29:01","modified_gmt":"2024-10-02T14:29:01","slug":"salon-jardin-aluminium-et-corde-beige-palerme","status":"publish","type":"product","link":"https:\/\/keramamueblesdejardin.com\/fr\/salles-exterieures\/canapes-de-jardin\/salon-jardin-aluminium-et-corde-beige-palerme\/","title":{"rendered":"Salon de jardin en aluminium et corde beige &#8211; Palerme"},"content":{"rendered":"<p>Lounge de la collection Palermo. La collection Palermo est compos\u00e9e d\u2019une structure en aluminium beige avec une corde en polyester tress\u00e9e \u00e0 la main en gris. La collection a \u00e9t\u00e9 con\u00e7ue pour offrir des dimensions spacieuses et une qualit\u00e9 d\u2019assise haut de gamme. Les coussins sont en polyester avec de la mousse sur l\u2019assise et un rembourrage en polyester doux sur le dossier. Dimensions : 149x124x68cm<\/p>\n","protected":false},"excerpt":{"rendered":"<ul>\n<li>Salon en aluminium avec corde beige<\/li>\n<li>Coussins en polyester amovibles et lavables<\/li>\n<li>Corde en polyester tress\u00e9e \u00e0 la main<\/li>\n<li>Mesures&nbsp;: 149x124x68cm<\/li>\n<\/ul>\n","protected":false},"featured_media":153977,"comment_status":"closed","ping_status":"closed","template":"","meta":{"_acf_changed":false},"product_brand":[],"product_cat":[643,604],"product_tag":[565,3678,567,4764],"class_list":{"0":"post-155404","1":"product","2":"type-product","3":"status-publish","4":"has-post-thumbnail","6":"product_cat-canapes-de-jardin","7":"product_cat-salles-exterieures","8":"product_tag-aluminium","9":"product_tag-corde","10":"product_tag-grands-espaces","11":"product_tag-palerme","12":"product_shipping_class-envio-gratuito-fr","13":"pa_alto-68-fr","14":"pa_ancho-124-fr","15":"pa_asientos-2-fr-2","16":"pa_caracteristicas-housses-lavables","17":"pa_coleccion-palerme","18":"pa_largo-149-fr","19":"pa_material-aluminio-fr","20":"pa_material-cuerda-fr","21":"pa_tamano-espacio-grand","23":"first","24":"instock","25":"sale","26":"purchasable","27":"product-type-simple","28":"add-to-wishlist-before_image"},"acf":[],"yoast_head":"<!-- This site is optimized with the Yoast SEO plugin v27.2 - https:\/\/yoast.com\/product\/yoast-seo-wordpress\/ -->\n<title>Salon de jardin en aluminium et corde beige - Palerme - Kerama<\/title>\n<meta name=\"robots\" content=\"index, follow, max-snippet:-1, max-image-preview:large, max-video-preview:-1\" \/>\n<link rel=\"canonical\" href=\"https:\/\/keramamueblesdejardin.com\/fr\/salles-exterieures\/canapes-de-jardin\/salon-jardin-aluminium-et-corde-beige-palerme\/\" \/>\n<meta property=\"og:locale\" content=\"fr_FR\" \/>\n<meta property=\"og:type\" content=\"article\" \/>\n<meta property=\"og:title\" content=\"Salon de jardin en aluminium et corde beige - Palerme - Kerama\" \/>\n<meta property=\"og:description\" content=\"Salon en aluminium avec corde beige  Coussins en polyester amovibles et lavables  Corde en polyester tress\u00e9e \u00e0 la main  Mesures&nbsp;: 149x124x68cm\" \/>\n<meta property=\"og:url\" content=\"https:\/\/keramamueblesdejardin.com\/fr\/salles-exterieures\/canapes-de-jardin\/salon-jardin-aluminium-et-corde-beige-palerme\/\" \/>\n<meta property=\"og:site_name\" content=\"Kerama\" \/>\n<meta property=\"article:publisher\" content=\"https:\/\/www.facebook.com\/Kerama-Muebles-de-Jard%c3%adn-106209328312568\/\" \/>\n<meta property=\"article:modified_time\" content=\"2024-10-02T14:29:01+00:00\" \/>\n<meta property=\"og:image\" content=\"https:\/\/keramamueblesdejardin.com\/wp-content\/uploads\/2024\/04\/lounge-palermo.jpg\" \/>\n\t<meta property=\"og:image:width\" content=\"1200\" \/>\n\t<meta property=\"og:image:height\" content=\"1200\" \/>\n\t<meta property=\"og:image:type\" content=\"image\/jpeg\" \/>\n<meta name=\"twitter:card\" content=\"summary_large_image\" \/>\n<script type=\"application\/ld+json\" class=\"yoast-schema-graph\">{\"@context\":\"https:\/\/schema.org\",\"@graph\":[{\"@type\":\"WebPage\",\"@id\":\"https:\/\/keramamueblesdejardin.com\/fr\/salles-exterieures\/canapes-de-jardin\/salon-jardin-aluminium-et-corde-beige-palerme\/\",\"url\":\"https:\/\/keramamueblesdejardin.com\/fr\/salles-exterieures\/canapes-de-jardin\/salon-jardin-aluminium-et-corde-beige-palerme\/\",\"name\":\"Salon de jardin en aluminium et corde beige - Palerme - Kerama\",\"isPartOf\":{\"@id\":\"https:\/\/keramamueblesdejardin.com\/fr\/#website\"},\"primaryImageOfPage\":{\"@id\":\"https:\/\/keramamueblesdejardin.com\/fr\/salles-exterieures\/canapes-de-jardin\/salon-jardin-aluminium-et-corde-beige-palerme\/#primaryimage\"},\"image\":{\"@id\":\"https:\/\/keramamueblesdejardin.com\/fr\/salles-exterieures\/canapes-de-jardin\/salon-jardin-aluminium-et-corde-beige-palerme\/#primaryimage\"},\"thumbnailUrl\":\"https:\/\/keramamueblesdejardin.com\/wp-content\/uploads\/2024\/04\/lounge-palermo.jpg\",\"datePublished\":\"2024-04-02T14:04:16+00:00\",\"dateModified\":\"2024-10-02T14:29:01+00:00\",\"breadcrumb\":{\"@id\":\"https:\/\/keramamueblesdejardin.com\/fr\/salles-exterieures\/canapes-de-jardin\/salon-jardin-aluminium-et-corde-beige-palerme\/#breadcrumb\"},\"inLanguage\":\"fr-FR\",\"potentialAction\":[{\"@type\":\"ReadAction\",\"target\":[\"https:\/\/keramamueblesdejardin.com\/fr\/salles-exterieures\/canapes-de-jardin\/salon-jardin-aluminium-et-corde-beige-palerme\/\"]}]},{\"@type\":\"ImageObject\",\"inLanguage\":\"fr-FR\",\"@id\":\"https:\/\/keramamueblesdejardin.com\/fr\/salles-exterieures\/canapes-de-jardin\/salon-jardin-aluminium-et-corde-beige-palerme\/#primaryimage\",\"url\":\"https:\/\/keramamueblesdejardin.com\/wp-content\/uploads\/2024\/04\/lounge-palermo.jpg\",\"contentUrl\":\"https:\/\/keramamueblesdejardin.com\/wp-content\/uploads\/2024\/04\/lounge-palermo.jpg\",\"width\":1200,\"height\":1200},{\"@type\":\"BreadcrumbList\",\"@id\":\"https:\/\/keramamueblesdejardin.com\/fr\/salles-exterieures\/canapes-de-jardin\/salon-jardin-aluminium-et-corde-beige-palerme\/#breadcrumb\",\"itemListElement\":[{\"@type\":\"ListItem\",\"position\":1,\"name\":\"Home\",\"item\":\"https:\/\/keramamueblesdejardin.com\/fr\/\"},{\"@type\":\"ListItem\",\"position\":2,\"name\":\"Boutique\",\"item\":\"https:\/\/keramamueblesdejardin.com\/tienda\/\"},{\"@type\":\"ListItem\",\"position\":3,\"name\":\"Salles ext\u00e9rieures\",\"item\":\"https:\/\/keramamueblesdejardin.com\/fr\/salles-exterieures\/\"},{\"@type\":\"ListItem\",\"position\":4,\"name\":\"Canap\u00e9s de jardin\",\"item\":\"https:\/\/keramamueblesdejardin.com\/fr\/salles-exterieures\/canapes-de-jardin\/\"},{\"@type\":\"ListItem\",\"position\":5,\"name\":\"Salon de jardin en aluminium et corde beige &#8211; Palerme\"}]},{\"@type\":\"WebSite\",\"@id\":\"https:\/\/keramamueblesdejardin.com\/fr\/#website\",\"url\":\"https:\/\/keramamueblesdejardin.com\/fr\/\",\"name\":\"Kerama\",\"description\":\"muebles de jard\u00edn\",\"publisher\":{\"@id\":\"https:\/\/keramamueblesdejardin.com\/fr\/#organization\"},\"potentialAction\":[{\"@type\":\"SearchAction\",\"target\":{\"@type\":\"EntryPoint\",\"urlTemplate\":\"https:\/\/keramamueblesdejardin.com\/fr\/?s={search_term_string}\"},\"query-input\":{\"@type\":\"PropertyValueSpecification\",\"valueRequired\":true,\"valueName\":\"search_term_string\"}}],\"inLanguage\":\"fr-FR\"},{\"@type\":\"Organization\",\"@id\":\"https:\/\/keramamueblesdejardin.com\/fr\/#organization\",\"name\":\"kerama\",\"url\":\"https:\/\/keramamueblesdejardin.com\/fr\/\",\"logo\":{\"@type\":\"ImageObject\",\"inLanguage\":\"fr-FR\",\"@id\":\"https:\/\/keramamueblesdejardin.com\/fr\/#\/schema\/logo\/image\/\",\"url\":\"https:\/\/keramamueblesdejardin.com\/wp-content\/uploads\/2020\/12\/k.-scaled.jpg\",\"contentUrl\":\"https:\/\/keramamueblesdejardin.com\/wp-content\/uploads\/2020\/12\/k.-scaled.jpg\",\"width\":2560,\"height\":551,\"caption\":\"kerama\"},\"image\":{\"@id\":\"https:\/\/keramamueblesdejardin.com\/fr\/#\/schema\/logo\/image\/\"},\"sameAs\":[\"https:\/\/www.facebook.com\/Kerama-Muebles-de-Jard\u00edn-106209328312568\/\"]}]}<\/script>\n<!-- \/ Yoast SEO plugin. -->","yoast_head_json":{"title":"Salon de jardin en aluminium et corde beige - Palerme - Kerama","robots":{"index":"index","follow":"follow","max-snippet":"max-snippet:-1","max-image-preview":"max-image-preview:large","max-video-preview":"max-video-preview:-1"},"canonical":"https:\/\/keramamueblesdejardin.com\/fr\/salles-exterieures\/canapes-de-jardin\/salon-jardin-aluminium-et-corde-beige-palerme\/","og_locale":"fr_FR","og_type":"article","og_title":"Salon de jardin en aluminium et corde beige - Palerme - Kerama","og_description":"Salon en aluminium avec corde beige  Coussins en polyester amovibles et lavables  Corde en polyester tress\u00e9e \u00e0 la main  Mesures&nbsp;: 149x124x68cm","og_url":"https:\/\/keramamueblesdejardin.com\/fr\/salles-exterieures\/canapes-de-jardin\/salon-jardin-aluminium-et-corde-beige-palerme\/","og_site_name":"Kerama","article_publisher":"https:\/\/www.facebook.com\/Kerama-Muebles-de-Jard%c3%adn-106209328312568\/","article_modified_time":"2024-10-02T14:29:01+00:00","og_image":[{"width":1200,"height":1200,"url":"https:\/\/keramamueblesdejardin.com\/wp-content\/uploads\/2024\/04\/lounge-palermo.jpg","type":"image\/jpeg"}],"twitter_card":"summary_large_image","schema":{"@context":"https:\/\/schema.org","@graph":[{"@type":"WebPage","@id":"https:\/\/keramamueblesdejardin.com\/fr\/salles-exterieures\/canapes-de-jardin\/salon-jardin-aluminium-et-corde-beige-palerme\/","url":"https:\/\/keramamueblesdejardin.com\/fr\/salles-exterieures\/canapes-de-jardin\/salon-jardin-aluminium-et-corde-beige-palerme\/","name":"Salon de jardin en aluminium et corde beige - Palerme - Kerama","isPartOf":{"@id":"https:\/\/keramamueblesdejardin.com\/fr\/#website"},"primaryImageOfPage":{"@id":"https:\/\/keramamueblesdejardin.com\/fr\/salles-exterieures\/canapes-de-jardin\/salon-jardin-aluminium-et-corde-beige-palerme\/#primaryimage"},"image":{"@id":"https:\/\/keramamueblesdejardin.com\/fr\/salles-exterieures\/canapes-de-jardin\/salon-jardin-aluminium-et-corde-beige-palerme\/#primaryimage"},"thumbnailUrl":"https:\/\/keramamueblesdejardin.com\/wp-content\/uploads\/2024\/04\/lounge-palermo.jpg","datePublished":"2024-04-02T14:04:16+00:00","dateModified":"2024-10-02T14:29:01+00:00","breadcrumb":{"@id":"https:\/\/keramamueblesdejardin.com\/fr\/salles-exterieures\/canapes-de-jardin\/salon-jardin-aluminium-et-corde-beige-palerme\/#breadcrumb"},"inLanguage":"fr-FR","potentialAction":[{"@type":"ReadAction","target":["https:\/\/keramamueblesdejardin.com\/fr\/salles-exterieures\/canapes-de-jardin\/salon-jardin-aluminium-et-corde-beige-palerme\/"]}]},{"@type":"ImageObject","inLanguage":"fr-FR","@id":"https:\/\/keramamueblesdejardin.com\/fr\/salles-exterieures\/canapes-de-jardin\/salon-jardin-aluminium-et-corde-beige-palerme\/#primaryimage","url":"https:\/\/keramamueblesdejardin.com\/wp-content\/uploads\/2024\/04\/lounge-palermo.jpg","contentUrl":"https:\/\/keramamueblesdejardin.com\/wp-content\/uploads\/2024\/04\/lounge-palermo.jpg","width":1200,"height":1200},{"@type":"BreadcrumbList","@id":"https:\/\/keramamueblesdejardin.com\/fr\/salles-exterieures\/canapes-de-jardin\/salon-jardin-aluminium-et-corde-beige-palerme\/#breadcrumb","itemListElement":[{"@type":"ListItem","position":1,"name":"Home","item":"https:\/\/keramamueblesdejardin.com\/fr\/"},{"@type":"ListItem","position":2,"name":"Boutique","item":"https:\/\/keramamueblesdejardin.com\/tienda\/"},{"@type":"ListItem","position":3,"name":"Salles ext\u00e9rieures","item":"https:\/\/keramamueblesdejardin.com\/fr\/salles-exterieures\/"},{"@type":"ListItem","position":4,"name":"Canap\u00e9s de jardin","item":"https:\/\/keramamueblesdejardin.com\/fr\/salles-exterieures\/canapes-de-jardin\/"},{"@type":"ListItem","position":5,"name":"Salon de jardin en aluminium et corde beige &#8211; Palerme"}]},{"@type":"WebSite","@id":"https:\/\/keramamueblesdejardin.com\/fr\/#website","url":"https:\/\/keramamueblesdejardin.com\/fr\/","name":"Kerama","description":"muebles de jard\u00edn","publisher":{"@id":"https:\/\/keramamueblesdejardin.com\/fr\/#organization"},"potentialAction":[{"@type":"SearchAction","target":{"@type":"EntryPoint","urlTemplate":"https:\/\/keramamueblesdejardin.com\/fr\/?s={search_term_string}"},"query-input":{"@type":"PropertyValueSpecification","valueRequired":true,"valueName":"search_term_string"}}],"inLanguage":"fr-FR"},{"@type":"Organization","@id":"https:\/\/keramamueblesdejardin.com\/fr\/#organization","name":"kerama","url":"https:\/\/keramamueblesdejardin.com\/fr\/","logo":{"@type":"ImageObject","inLanguage":"fr-FR","@id":"https:\/\/keramamueblesdejardin.com\/fr\/#\/schema\/logo\/image\/","url":"https:\/\/keramamueblesdejardin.com\/wp-content\/uploads\/2020\/12\/k.-scaled.jpg","contentUrl":"https:\/\/keramamueblesdejardin.com\/wp-content\/uploads\/2020\/12\/k.-scaled.jpg","width":2560,"height":551,"caption":"kerama"},"image":{"@id":"https:\/\/keramamueblesdejardin.com\/fr\/#\/schema\/logo\/image\/"},"sameAs":["https:\/\/www.facebook.com\/Kerama-Muebles-de-Jard\u00edn-106209328312568\/"]}]}},"df_price":949,"df_sale_price":949,"df_regular_price":1082,"df_image_link":"https:\/\/keramamueblesdejardin.com\/wp-content\/uploads\/2024\/04\/lounge-palermo-300x300.jpg","custom_tabs":[{"title":"MESURES","id":"mesures","content":"<div class=\"list\"><strong>Hauteur: <\/strong>68cm<\/div>\n<div class=\"list\"><strong>Largeur\u00a0: <\/strong>149cm<\/div>\n<div class=\"list\"><strong>Profondeur : <\/strong>124 cm<\/div>\n<div><\/div>"},{"title":"D\u00c9BALLAGE ET MONTAGE","id":"deballage-et-montage","content":"<div class=\"list\"><strong>Conditions de d\u00e9ballage :<\/strong> N'utilisez pas d'outils tranchants lors du d\u00e9ballage du meuble car cela pourrait l'endommager.\n<strong>Montage requis (O\/N) :<\/strong> Oui\n<strong>Difficult\u00e9 de montage :<\/strong> faible\n<strong>Temps de montage :<\/strong> 10 minutes\n<strong>Personnes recommand\u00e9es pour le montage :<\/strong> 2\n<strong>Suggestions de montage :<\/strong> Pr\u00e9parez une zone de montage propre et s\u00e8che, v\u00e9rifiez qu'aucune des pi\u00e8ces list\u00e9es dans le manuel ne manque. Nous recommandons l'utilisation de gants appropri\u00e9s pour le montage. N'utilisez que les pi\u00e8ces et les raccords fournis.<\/div>"},{"title":"ENTRETIEN ET GARANTIES","id":"entretien-et-garanties","content":"<div class=\"moz-signature\">\n<div class=\"list\"><strong>Recommandations g\u00e9n\u00e9rales :<\/strong>\n- Les d\u00e9faillances ou les dommages caus\u00e9s par les \u00e9l\u00e9ments suivants sont exclus de la garantie :\n- Les causes accidentelles telles que chutes, coups, d\u00e9versement de liquides, introduction de corps \u00e9trangers, ainsi que toute autre force majeure.\n- Utilisation n\u00e9gligente, inappropri\u00e9e ou non domestique.\n- Dommages, corrosion et\/ou oxydation acc\u00e9l\u00e9r\u00e9s par des conditions environnementales d\u00e9favorables.\n- Taches et d\u00e9coloration dues au non-respect de nos instructions de nettoyage.\n- Dommages survenus lors du montage et de la manipulation sans respecter les instructions de montage.\n<strong>Instructions d'utilisation et d'entretien :<\/strong>\n- Essuyez doucement avec un chiffon ou utilisez un savon liquide neutre, puis rincez abondamment \u00e0 l'eau.\n- Enlevez r\u00e9guli\u00e8rement la poussi\u00e8re avec un chiffon doux et de l'eau claire.\n- N'utilisez pas de d\u00e9tergents ou de produits abrasifs pour le nettoyage.\n<strong>Ann\u00e9es de garantie :<\/strong> 3 ans\n<strong>Fabriqu\u00e9 conform\u00e9ment \u00e0 la norme :<\/strong> 581-1,581-2,581-3<\/div>\n<\/div>"}],"_links":{"self":[{"href":"https:\/\/keramamueblesdejardin.com\/fr\/wp-json\/wp\/v2\/product\/155404","targetHints":{"allow":["GET"]}}],"collection":[{"href":"https:\/\/keramamueblesdejardin.com\/fr\/wp-json\/wp\/v2\/product"}],"about":[{"href":"https:\/\/keramamueblesdejardin.com\/fr\/wp-json\/wp\/v2\/types\/product"}],"replies":[{"embeddable":true,"href":"https:\/\/keramamueblesdejardin.com\/fr\/wp-json\/wp\/v2\/comments?post=155404"}],"wp:featuredmedia":[{"embeddable":true,"href":"https:\/\/keramamueblesdejardin.com\/fr\/wp-json\/wp\/v2\/media\/153977"}],"wp:attachment":[{"href":"https:\/\/keramamueblesdejardin.com\/fr\/wp-json\/wp\/v2\/media?parent=155404"}],"wp:term":[{"taxonomy":"product_brand","embeddable":true,"href":"https:\/\/keramamueblesdejardin.com\/fr\/wp-json\/wp\/v2\/product_brand?post=155404"},{"taxonomy":"product_cat","embeddable":true,"href":"https:\/\/keramamueblesdejardin.com\/fr\/wp-json\/wp\/v2\/product_cat?post=155404"},{"taxonomy":"product_tag","embeddable":true,"href":"https:\/\/keramamueblesdejardin.com\/fr\/wp-json\/wp\/v2\/product_tag?post=155404"}],"curies":[{"name":"wp","href":"https:\/\/api.w.org\/{rel}","templated":true}]}}