{"id":155402,"date":"2024-04-02T16:04:19","date_gmt":"2024-04-02T14:04:19","guid":{"rendered":"https:\/\/keramamueblesdejardin.com\/non%20class\u00e9\/table-basse-de-jardin-ronde-50cm-imitee-de-pierre-palerme\/"},"modified":"2024-10-02T16:29:13","modified_gmt":"2024-10-02T14:29:13","slug":"table-basse-ronde-jardin-50cm-imiter-pierre-palerme","status":"publish","type":"product","link":"https:\/\/keramamueblesdejardin.com\/fr\/salles-exterieures\/tables-dappoint-de-jardin\/table-basse-ronde-jardin-50cm-imiter-pierre-palerme\/","title":{"rendered":"Table basse de jardin ronde 50cm imit\u00e9e de pierre &#8211; Palerme"},"content":{"rendered":"<p>Table de la collection Palerme. La collection Palermo est compos\u00e9e d\u2019une structure en aluminium aux lignes \u00e9l\u00e9gantes en beige avec un plateau avec une finition imitation pierre. Taille 84&#215;52<\/p>\n","protected":false},"excerpt":{"rendered":"<ul>\n<li>Table basse de jardin ronde en aluminium beige<\/li>\n<li>Plateau imitation pierre de couleur grise<\/li>\n<li>Mesures\u00a0: 50x52cm<\/li>\n<\/ul>\n","protected":false},"featured_media":154013,"comment_status":"closed","ping_status":"closed","template":"","meta":{"_acf_changed":false},"product_brand":[],"product_cat":[604,611],"product_tag":[565,567,4764],"class_list":{"0":"post-155402","1":"product","2":"type-product","3":"status-publish","4":"has-post-thumbnail","6":"product_cat-salles-exterieures","7":"product_cat-tables-dappoint-de-jardin","8":"product_tag-aluminium","9":"product_tag-grands-espaces","10":"product_tag-palerme","11":"product_shipping_class-envio-gratuito-fr","12":"pa_alto-52-fr","13":"pa_ancho-50-fr","14":"pa_coleccion-palerme","15":"pa_forma-cercle","16":"pa_largo-50-fr","17":"pa_material-aluminio-fr","18":"pa_material-cuerda-fr","20":"first","21":"instock","22":"sale","23":"purchasable","24":"product-type-simple","25":"add-to-wishlist-before_image"},"acf":[],"yoast_head":"<!-- This site is optimized with the Yoast SEO plugin v27.2 - https:\/\/yoast.com\/product\/yoast-seo-wordpress\/ -->\n<title>Table basse de jardin ronde 50cm imit\u00e9e de pierre - Palerme - Kerama<\/title>\n<meta name=\"robots\" content=\"index, follow, max-snippet:-1, max-image-preview:large, max-video-preview:-1\" \/>\n<link rel=\"canonical\" href=\"https:\/\/keramamueblesdejardin.com\/fr\/salles-exterieures\/tables-dappoint-de-jardin\/table-basse-ronde-jardin-50cm-imiter-pierre-palerme\/\" \/>\n<meta property=\"og:locale\" content=\"fr_FR\" \/>\n<meta property=\"og:type\" content=\"article\" \/>\n<meta property=\"og:title\" content=\"Table basse de jardin ronde 50cm imit\u00e9e de pierre - Palerme - Kerama\" \/>\n<meta property=\"og:description\" content=\"Table basse de jardin ronde en aluminium beige  Plateau imitation pierre de couleur grise  Mesures\u00a0: 50x52cm\" \/>\n<meta property=\"og:url\" content=\"https:\/\/keramamueblesdejardin.com\/fr\/salles-exterieures\/tables-dappoint-de-jardin\/table-basse-ronde-jardin-50cm-imiter-pierre-palerme\/\" \/>\n<meta property=\"og:site_name\" content=\"Kerama\" \/>\n<meta property=\"article:publisher\" content=\"https:\/\/www.facebook.com\/Kerama-Muebles-de-Jard%c3%adn-106209328312568\/\" \/>\n<meta property=\"article:modified_time\" content=\"2024-10-02T14:29:13+00:00\" \/>\n<meta property=\"og:image\" content=\"https:\/\/keramamueblesdejardin.com\/wp-content\/uploads\/2024\/04\/palermo-mesa-pequena.jpg\" \/>\n\t<meta property=\"og:image:width\" content=\"1200\" \/>\n\t<meta property=\"og:image:height\" content=\"1200\" \/>\n\t<meta property=\"og:image:type\" content=\"image\/jpeg\" \/>\n<meta name=\"twitter:card\" content=\"summary_large_image\" \/>\n<script type=\"application\/ld+json\" class=\"yoast-schema-graph\">{\"@context\":\"https:\/\/schema.org\",\"@graph\":[{\"@type\":\"WebPage\",\"@id\":\"https:\/\/keramamueblesdejardin.com\/fr\/salles-exterieures\/tables-dappoint-de-jardin\/table-basse-ronde-jardin-50cm-imiter-pierre-palerme\/\",\"url\":\"https:\/\/keramamueblesdejardin.com\/fr\/salles-exterieures\/tables-dappoint-de-jardin\/table-basse-ronde-jardin-50cm-imiter-pierre-palerme\/\",\"name\":\"Table basse de jardin ronde 50cm imit\u00e9e de pierre - Palerme - Kerama\",\"isPartOf\":{\"@id\":\"https:\/\/keramamueblesdejardin.com\/fr\/#website\"},\"primaryImageOfPage\":{\"@id\":\"https:\/\/keramamueblesdejardin.com\/fr\/salles-exterieures\/tables-dappoint-de-jardin\/table-basse-ronde-jardin-50cm-imiter-pierre-palerme\/#primaryimage\"},\"image\":{\"@id\":\"https:\/\/keramamueblesdejardin.com\/fr\/salles-exterieures\/tables-dappoint-de-jardin\/table-basse-ronde-jardin-50cm-imiter-pierre-palerme\/#primaryimage\"},\"thumbnailUrl\":\"https:\/\/keramamueblesdejardin.com\/wp-content\/uploads\/2024\/04\/palermo-mesa-pequena.jpg\",\"datePublished\":\"2024-04-02T14:04:19+00:00\",\"dateModified\":\"2024-10-02T14:29:13+00:00\",\"breadcrumb\":{\"@id\":\"https:\/\/keramamueblesdejardin.com\/fr\/salles-exterieures\/tables-dappoint-de-jardin\/table-basse-ronde-jardin-50cm-imiter-pierre-palerme\/#breadcrumb\"},\"inLanguage\":\"fr-FR\",\"potentialAction\":[{\"@type\":\"ReadAction\",\"target\":[\"https:\/\/keramamueblesdejardin.com\/fr\/salles-exterieures\/tables-dappoint-de-jardin\/table-basse-ronde-jardin-50cm-imiter-pierre-palerme\/\"]}]},{\"@type\":\"ImageObject\",\"inLanguage\":\"fr-FR\",\"@id\":\"https:\/\/keramamueblesdejardin.com\/fr\/salles-exterieures\/tables-dappoint-de-jardin\/table-basse-ronde-jardin-50cm-imiter-pierre-palerme\/#primaryimage\",\"url\":\"https:\/\/keramamueblesdejardin.com\/wp-content\/uploads\/2024\/04\/palermo-mesa-pequena.jpg\",\"contentUrl\":\"https:\/\/keramamueblesdejardin.com\/wp-content\/uploads\/2024\/04\/palermo-mesa-pequena.jpg\",\"width\":1200,\"height\":1200},{\"@type\":\"BreadcrumbList\",\"@id\":\"https:\/\/keramamueblesdejardin.com\/fr\/salles-exterieures\/tables-dappoint-de-jardin\/table-basse-ronde-jardin-50cm-imiter-pierre-palerme\/#breadcrumb\",\"itemListElement\":[{\"@type\":\"ListItem\",\"position\":1,\"name\":\"Home\",\"item\":\"https:\/\/keramamueblesdejardin.com\/fr\/\"},{\"@type\":\"ListItem\",\"position\":2,\"name\":\"Boutique\",\"item\":\"https:\/\/keramamueblesdejardin.com\/tienda\/\"},{\"@type\":\"ListItem\",\"position\":3,\"name\":\"Salles ext\u00e9rieures\",\"item\":\"https:\/\/keramamueblesdejardin.com\/fr\/salles-exterieures\/\"},{\"@type\":\"ListItem\",\"position\":4,\"name\":\"Tables d'appoint de jardin\",\"item\":\"https:\/\/keramamueblesdejardin.com\/fr\/salles-exterieures\/tables-dappoint-de-jardin\/\"},{\"@type\":\"ListItem\",\"position\":5,\"name\":\"Table basse de jardin ronde 50cm imit\u00e9e de pierre &#8211; Palerme\"}]},{\"@type\":\"WebSite\",\"@id\":\"https:\/\/keramamueblesdejardin.com\/fr\/#website\",\"url\":\"https:\/\/keramamueblesdejardin.com\/fr\/\",\"name\":\"Kerama\",\"description\":\"muebles de jard\u00edn\",\"publisher\":{\"@id\":\"https:\/\/keramamueblesdejardin.com\/fr\/#organization\"},\"potentialAction\":[{\"@type\":\"SearchAction\",\"target\":{\"@type\":\"EntryPoint\",\"urlTemplate\":\"https:\/\/keramamueblesdejardin.com\/fr\/?s={search_term_string}\"},\"query-input\":{\"@type\":\"PropertyValueSpecification\",\"valueRequired\":true,\"valueName\":\"search_term_string\"}}],\"inLanguage\":\"fr-FR\"},{\"@type\":\"Organization\",\"@id\":\"https:\/\/keramamueblesdejardin.com\/fr\/#organization\",\"name\":\"kerama\",\"url\":\"https:\/\/keramamueblesdejardin.com\/fr\/\",\"logo\":{\"@type\":\"ImageObject\",\"inLanguage\":\"fr-FR\",\"@id\":\"https:\/\/keramamueblesdejardin.com\/fr\/#\/schema\/logo\/image\/\",\"url\":\"https:\/\/keramamueblesdejardin.com\/wp-content\/uploads\/2020\/12\/k.-scaled.jpg\",\"contentUrl\":\"https:\/\/keramamueblesdejardin.com\/wp-content\/uploads\/2020\/12\/k.-scaled.jpg\",\"width\":2560,\"height\":551,\"caption\":\"kerama\"},\"image\":{\"@id\":\"https:\/\/keramamueblesdejardin.com\/fr\/#\/schema\/logo\/image\/\"},\"sameAs\":[\"https:\/\/www.facebook.com\/Kerama-Muebles-de-Jard\u00edn-106209328312568\/\"]}]}<\/script>\n<!-- \/ Yoast SEO plugin. -->","yoast_head_json":{"title":"Table basse de jardin ronde 50cm imit\u00e9e de pierre - Palerme - Kerama","robots":{"index":"index","follow":"follow","max-snippet":"max-snippet:-1","max-image-preview":"max-image-preview:large","max-video-preview":"max-video-preview:-1"},"canonical":"https:\/\/keramamueblesdejardin.com\/fr\/salles-exterieures\/tables-dappoint-de-jardin\/table-basse-ronde-jardin-50cm-imiter-pierre-palerme\/","og_locale":"fr_FR","og_type":"article","og_title":"Table basse de jardin ronde 50cm imit\u00e9e de pierre - Palerme - Kerama","og_description":"Table basse de jardin ronde en aluminium beige  Plateau imitation pierre de couleur grise  Mesures\u00a0: 50x52cm","og_url":"https:\/\/keramamueblesdejardin.com\/fr\/salles-exterieures\/tables-dappoint-de-jardin\/table-basse-ronde-jardin-50cm-imiter-pierre-palerme\/","og_site_name":"Kerama","article_publisher":"https:\/\/www.facebook.com\/Kerama-Muebles-de-Jard%c3%adn-106209328312568\/","article_modified_time":"2024-10-02T14:29:13+00:00","og_image":[{"width":1200,"height":1200,"url":"https:\/\/keramamueblesdejardin.com\/wp-content\/uploads\/2024\/04\/palermo-mesa-pequena.jpg","type":"image\/jpeg"}],"twitter_card":"summary_large_image","schema":{"@context":"https:\/\/schema.org","@graph":[{"@type":"WebPage","@id":"https:\/\/keramamueblesdejardin.com\/fr\/salles-exterieures\/tables-dappoint-de-jardin\/table-basse-ronde-jardin-50cm-imiter-pierre-palerme\/","url":"https:\/\/keramamueblesdejardin.com\/fr\/salles-exterieures\/tables-dappoint-de-jardin\/table-basse-ronde-jardin-50cm-imiter-pierre-palerme\/","name":"Table basse de jardin ronde 50cm imit\u00e9e de pierre - Palerme - Kerama","isPartOf":{"@id":"https:\/\/keramamueblesdejardin.com\/fr\/#website"},"primaryImageOfPage":{"@id":"https:\/\/keramamueblesdejardin.com\/fr\/salles-exterieures\/tables-dappoint-de-jardin\/table-basse-ronde-jardin-50cm-imiter-pierre-palerme\/#primaryimage"},"image":{"@id":"https:\/\/keramamueblesdejardin.com\/fr\/salles-exterieures\/tables-dappoint-de-jardin\/table-basse-ronde-jardin-50cm-imiter-pierre-palerme\/#primaryimage"},"thumbnailUrl":"https:\/\/keramamueblesdejardin.com\/wp-content\/uploads\/2024\/04\/palermo-mesa-pequena.jpg","datePublished":"2024-04-02T14:04:19+00:00","dateModified":"2024-10-02T14:29:13+00:00","breadcrumb":{"@id":"https:\/\/keramamueblesdejardin.com\/fr\/salles-exterieures\/tables-dappoint-de-jardin\/table-basse-ronde-jardin-50cm-imiter-pierre-palerme\/#breadcrumb"},"inLanguage":"fr-FR","potentialAction":[{"@type":"ReadAction","target":["https:\/\/keramamueblesdejardin.com\/fr\/salles-exterieures\/tables-dappoint-de-jardin\/table-basse-ronde-jardin-50cm-imiter-pierre-palerme\/"]}]},{"@type":"ImageObject","inLanguage":"fr-FR","@id":"https:\/\/keramamueblesdejardin.com\/fr\/salles-exterieures\/tables-dappoint-de-jardin\/table-basse-ronde-jardin-50cm-imiter-pierre-palerme\/#primaryimage","url":"https:\/\/keramamueblesdejardin.com\/wp-content\/uploads\/2024\/04\/palermo-mesa-pequena.jpg","contentUrl":"https:\/\/keramamueblesdejardin.com\/wp-content\/uploads\/2024\/04\/palermo-mesa-pequena.jpg","width":1200,"height":1200},{"@type":"BreadcrumbList","@id":"https:\/\/keramamueblesdejardin.com\/fr\/salles-exterieures\/tables-dappoint-de-jardin\/table-basse-ronde-jardin-50cm-imiter-pierre-palerme\/#breadcrumb","itemListElement":[{"@type":"ListItem","position":1,"name":"Home","item":"https:\/\/keramamueblesdejardin.com\/fr\/"},{"@type":"ListItem","position":2,"name":"Boutique","item":"https:\/\/keramamueblesdejardin.com\/tienda\/"},{"@type":"ListItem","position":3,"name":"Salles ext\u00e9rieures","item":"https:\/\/keramamueblesdejardin.com\/fr\/salles-exterieures\/"},{"@type":"ListItem","position":4,"name":"Tables d'appoint de jardin","item":"https:\/\/keramamueblesdejardin.com\/fr\/salles-exterieures\/tables-dappoint-de-jardin\/"},{"@type":"ListItem","position":5,"name":"Table basse de jardin ronde 50cm imit\u00e9e de pierre &#8211; Palerme"}]},{"@type":"WebSite","@id":"https:\/\/keramamueblesdejardin.com\/fr\/#website","url":"https:\/\/keramamueblesdejardin.com\/fr\/","name":"Kerama","description":"muebles de jard\u00edn","publisher":{"@id":"https:\/\/keramamueblesdejardin.com\/fr\/#organization"},"potentialAction":[{"@type":"SearchAction","target":{"@type":"EntryPoint","urlTemplate":"https:\/\/keramamueblesdejardin.com\/fr\/?s={search_term_string}"},"query-input":{"@type":"PropertyValueSpecification","valueRequired":true,"valueName":"search_term_string"}}],"inLanguage":"fr-FR"},{"@type":"Organization","@id":"https:\/\/keramamueblesdejardin.com\/fr\/#organization","name":"kerama","url":"https:\/\/keramamueblesdejardin.com\/fr\/","logo":{"@type":"ImageObject","inLanguage":"fr-FR","@id":"https:\/\/keramamueblesdejardin.com\/fr\/#\/schema\/logo\/image\/","url":"https:\/\/keramamueblesdejardin.com\/wp-content\/uploads\/2020\/12\/k.-scaled.jpg","contentUrl":"https:\/\/keramamueblesdejardin.com\/wp-content\/uploads\/2020\/12\/k.-scaled.jpg","width":2560,"height":551,"caption":"kerama"},"image":{"@id":"https:\/\/keramamueblesdejardin.com\/fr\/#\/schema\/logo\/image\/"},"sameAs":["https:\/\/www.facebook.com\/Kerama-Muebles-de-Jard\u00edn-106209328312568\/"]}]}},"df_price":119,"df_sale_price":119,"df_regular_price":136,"df_image_link":"https:\/\/keramamueblesdejardin.com\/wp-content\/uploads\/2024\/04\/palermo-mesa-pequena-300x300.jpg","custom_tabs":[{"title":"MESURES","id":"mesures","content":"<div class=\"list\"><strong style=\"font-weight: bold; color: #282828;\">Hauteur\u00a0:<\/strong><span style=\"color: #282828;\"> table 52cm <\/span> <br style=\"color: #282828;\" \/><strong>Largeur:<\/strong> table 50cm<br style=\"color: #282828;\" \/><strong>Fond:<\/strong> table 50cm<\/div>"},{"title":"D\u00c9BALLAGE ET MONTAGE","id":"deballage-et-montage","content":"<div class=\"list\"><strong style=\"font-weight: bold; color: #282828;\">Recommandations pour le d\u00e9ballage :<\/strong><span style=\"color: #282828;\"> N'utilisez pas d'outils tranchants lors du d\u00e9ballage du meuble, car cela pourrait l'endommager.<\/span><br style=\"color: #282828;\" \/><strong>Montage requis (O\/N) :<\/strong>\u00a0Oui\r\n<strong>Difficult\u00e9 de montage :<\/strong>\u00a0Faible\r\n<strong>Temps de montage :<\/strong>\u00a030 minutes\r\n<strong>Personnes recommand\u00e9es pour le montage :<\/strong>\u00a02\r\n<strong>Suggestions de montage :<\/strong>\u00a0Pr\u00e9parez une zone de montage propre et s\u00e8che, v\u00e9rifiez qu\u2019aucune des pi\u00e8ces \u00e9num\u00e9r\u00e9es dans le manuel ne manque. Nous recommandons l\u2019utilisation de gants appropri\u00e9s pour le montage. N\u2019utilisez que les pi\u00e8ces et les raccords fournis.<\/div>"},{"title":"ENTRETIEN ET GARANTIES","id":"entretien-et-garanties","content":"<div class=\"moz-signature\">\r\n<div class=\"list\"><strong>Recommandations g\u00e9n\u00e9rales :<\/strong>\r\n- Les d\u00e9faillances ou les dommages caus\u00e9s par les \u00e9l\u00e9ments suivants sont exclus de la garantie :\r\n- Les causes accidentelles telles que chutes, coups, d\u00e9versement de liquides, introduction de corps \u00e9trangers, ainsi que toute autre force majeure.\r\n- Utilisation n\u00e9gligente, inappropri\u00e9e ou non domestique.\r\n- Dommages, corrosion et\/ou oxydation acc\u00e9l\u00e9r\u00e9s par des conditions environnementales d\u00e9favorables.\r\n- Taches et d\u00e9coloration dues au non-respect de nos instructions de nettoyage.\r\n- Dommages survenus lors du montage et de la manipulation sans respecter les instructions de montage.\r\n<strong>Instructions d'utilisation et d'entretien :<\/strong>\r\n- Essuyez doucement avec un chiffon ou utilisez un savon liquide neutre, puis rincez abondamment \u00e0 l'eau.\r\n- Enlevez r\u00e9guli\u00e8rement la poussi\u00e8re avec un chiffon doux et de l'eau claire.\r\n- N'utilisez pas de d\u00e9tergents ou de produits abrasifs pour le nettoyage.\r\n<strong>Ann\u00e9es de garantie :<\/strong> 3 ans\r\n<strong>Fabriqu\u00e9 conform\u00e9ment \u00e0 la norme :<\/strong> 581-1,581-2,581-3<\/div>\r\n<\/div>"}],"_links":{"self":[{"href":"https:\/\/keramamueblesdejardin.com\/fr\/wp-json\/wp\/v2\/product\/155402","targetHints":{"allow":["GET"]}}],"collection":[{"href":"https:\/\/keramamueblesdejardin.com\/fr\/wp-json\/wp\/v2\/product"}],"about":[{"href":"https:\/\/keramamueblesdejardin.com\/fr\/wp-json\/wp\/v2\/types\/product"}],"replies":[{"embeddable":true,"href":"https:\/\/keramamueblesdejardin.com\/fr\/wp-json\/wp\/v2\/comments?post=155402"}],"wp:featuredmedia":[{"embeddable":true,"href":"https:\/\/keramamueblesdejardin.com\/fr\/wp-json\/wp\/v2\/media\/154013"}],"wp:attachment":[{"href":"https:\/\/keramamueblesdejardin.com\/fr\/wp-json\/wp\/v2\/media?parent=155402"}],"wp:term":[{"taxonomy":"product_brand","embeddable":true,"href":"https:\/\/keramamueblesdejardin.com\/fr\/wp-json\/wp\/v2\/product_brand?post=155402"},{"taxonomy":"product_cat","embeddable":true,"href":"https:\/\/keramamueblesdejardin.com\/fr\/wp-json\/wp\/v2\/product_cat?post=155402"},{"taxonomy":"product_tag","embeddable":true,"href":"https:\/\/keramamueblesdejardin.com\/fr\/wp-json\/wp\/v2\/product_tag?post=155402"}],"curies":[{"name":"wp","href":"https:\/\/api.w.org\/{rel}","templated":true}]}}