{"id":155336,"date":"2024-04-02T16:05:13","date_gmt":"2024-04-02T14:05:13","guid":{"rendered":"https:\/\/keramamueblesdejardin.com\/non%20class\u00e9\/canape-de-jardin-3-places-en-rotin-synthetique-zanica\/"},"modified":"2025-01-02T13:08:37","modified_gmt":"2025-01-02T12:08:37","slug":"canape-3-places-en-rotin-rotin-synthetique-zanica-jardin","status":"publish","type":"product","link":"https:\/\/keramamueblesdejardin.com\/fr\/salles-exterieures\/canape-3-places-en-rotin-rotin-synthetique-zanica-jardin\/","title":{"rendered":"Canap\u00e9 de jardin 3 places en rotin synth\u00e9tique &#8211; Zanica"},"content":{"rendered":"<p>Canap\u00e9 de jardin 3 places de la collection Zanica. La collection Zanica est r\u00e9alis\u00e9e avec une structure en aluminium et rotin synth\u00e9tique beige avec des coussins extra-\u00e9pais en \u00e9cru amovibles et lavables. La collection Zanica gravite autour de ses lignes organiques sans ar\u00eates et sans l\u00e9g\u00e8res courbes accompagn\u00e9es de la corde tress\u00e9e \u00e0 la main par nos artisans. Les coussins \u00e9pais offrent un confort haut de gamme pour profiter de vos journ\u00e9es \u00e0 l\u2019ext\u00e9rieur avec vos proches Mesures&nbsp;: 225x83x73cm<\/p>\n","protected":false},"excerpt":{"rendered":"<ul>\n<li>Canap\u00e9 de jardin 3 places<\/li>\n<li>Cadre en aluminium et rotin synth\u00e9tique<\/li>\n<li>Coussins amovibles et lavables<\/li>\n<li>Mesures&nbsp;: 225x83x73cm<\/li>\n<\/ul>\n","protected":false},"featured_media":151241,"comment_status":"closed","ping_status":"closed","template":"","meta":{"_acf_changed":false},"product_brand":[],"product_cat":[643,604],"product_tag":[565,567,628,5545],"class_list":{"0":"post-155336","1":"product","2":"type-product","3":"status-publish","4":"has-post-thumbnail","6":"product_cat-canapes-de-jardin","7":"product_cat-salles-exterieures","8":"product_tag-aluminium","9":"product_tag-grands-espaces","10":"product_tag-rotin","11":"product_tag-zanica-fr","12":"product_shipping_class-envio-gratuito-fr","13":"pa_alto-73-fr","14":"pa_ancho-83-fr","15":"pa_asientos-3-fr","16":"pa_coleccion-zanica-fr","17":"pa_largo-225-fr","18":"pa_material-ratan-fr","20":"first","21":"instock","22":"sale","23":"purchasable","24":"product-type-simple","25":"add-to-wishlist-before_image"},"acf":[],"yoast_head":"<!-- This site is optimized with the Yoast SEO plugin v27.4 - https:\/\/yoast.com\/product\/yoast-seo-wordpress\/ -->\n<title>Canap\u00e9 de jardin 3 places en rotin synth\u00e9tique - Zanica - Kerama<\/title>\n<meta name=\"robots\" content=\"index, follow, max-snippet:-1, max-image-preview:large, max-video-preview:-1\" \/>\n<link rel=\"canonical\" href=\"https:\/\/keramamueblesdejardin.com\/fr\/salles-exterieures\/canape-3-places-en-rotin-rotin-synthetique-zanica-jardin\/\" \/>\n<meta property=\"og:locale\" content=\"fr_FR\" \/>\n<meta property=\"og:type\" content=\"article\" \/>\n<meta property=\"og:title\" content=\"Canap\u00e9 de jardin 3 places en rotin synth\u00e9tique - Zanica - Kerama\" \/>\n<meta property=\"og:description\" content=\"Canap\u00e9 de jardin 3 places  Cadre en aluminium et rotin synth\u00e9tique  Coussins amovibles et lavables  Mesures&nbsp;: 225x83x73cm\" \/>\n<meta property=\"og:url\" content=\"https:\/\/keramamueblesdejardin.com\/fr\/salles-exterieures\/canape-3-places-en-rotin-rotin-synthetique-zanica-jardin\/\" \/>\n<meta property=\"og:site_name\" content=\"Kerama\" \/>\n<meta property=\"article:publisher\" content=\"https:\/\/www.facebook.com\/Kerama-Muebles-de-Jard%c3%adn-106209328312568\/\" \/>\n<meta property=\"article:modified_time\" content=\"2025-01-02T12:08:37+00:00\" \/>\n<meta property=\"og:image\" content=\"https:\/\/keramamueblesdejardin.com\/wp-content\/uploads\/2024\/04\/sofa-palma-3.jpg\" \/>\n\t<meta property=\"og:image:width\" content=\"1200\" \/>\n\t<meta property=\"og:image:height\" content=\"1200\" \/>\n\t<meta property=\"og:image:type\" content=\"image\/jpeg\" \/>\n<meta name=\"twitter:card\" content=\"summary_large_image\" \/>\n<script type=\"application\/ld+json\" class=\"yoast-schema-graph\">{\"@context\":\"https:\\\/\\\/schema.org\",\"@graph\":[{\"@type\":\"WebPage\",\"@id\":\"https:\\\/\\\/keramamueblesdejardin.com\\\/fr\\\/salles-exterieures\\\/canape-3-places-en-rotin-rotin-synthetique-zanica-jardin\\\/\",\"url\":\"https:\\\/\\\/keramamueblesdejardin.com\\\/fr\\\/salles-exterieures\\\/canape-3-places-en-rotin-rotin-synthetique-zanica-jardin\\\/\",\"name\":\"Canap\u00e9 de jardin 3 places en rotin synth\u00e9tique - Zanica - Kerama\",\"isPartOf\":{\"@id\":\"https:\\\/\\\/keramamueblesdejardin.com\\\/fr\\\/#website\"},\"primaryImageOfPage\":{\"@id\":\"https:\\\/\\\/keramamueblesdejardin.com\\\/fr\\\/salles-exterieures\\\/canape-3-places-en-rotin-rotin-synthetique-zanica-jardin\\\/#primaryimage\"},\"image\":{\"@id\":\"https:\\\/\\\/keramamueblesdejardin.com\\\/fr\\\/salles-exterieures\\\/canape-3-places-en-rotin-rotin-synthetique-zanica-jardin\\\/#primaryimage\"},\"thumbnailUrl\":\"https:\\\/\\\/keramamueblesdejardin.com\\\/wp-content\\\/uploads\\\/2024\\\/04\\\/sofa-palma-3.jpg\",\"datePublished\":\"2024-04-02T14:05:13+00:00\",\"dateModified\":\"2025-01-02T12:08:37+00:00\",\"breadcrumb\":{\"@id\":\"https:\\\/\\\/keramamueblesdejardin.com\\\/fr\\\/salles-exterieures\\\/canape-3-places-en-rotin-rotin-synthetique-zanica-jardin\\\/#breadcrumb\"},\"inLanguage\":\"fr-FR\",\"potentialAction\":[{\"@type\":\"ReadAction\",\"target\":[\"https:\\\/\\\/keramamueblesdejardin.com\\\/fr\\\/salles-exterieures\\\/canape-3-places-en-rotin-rotin-synthetique-zanica-jardin\\\/\"]}]},{\"@type\":\"ImageObject\",\"inLanguage\":\"fr-FR\",\"@id\":\"https:\\\/\\\/keramamueblesdejardin.com\\\/fr\\\/salles-exterieures\\\/canape-3-places-en-rotin-rotin-synthetique-zanica-jardin\\\/#primaryimage\",\"url\":\"https:\\\/\\\/keramamueblesdejardin.com\\\/wp-content\\\/uploads\\\/2024\\\/04\\\/sofa-palma-3.jpg\",\"contentUrl\":\"https:\\\/\\\/keramamueblesdejardin.com\\\/wp-content\\\/uploads\\\/2024\\\/04\\\/sofa-palma-3.jpg\",\"width\":1200,\"height\":1200},{\"@type\":\"BreadcrumbList\",\"@id\":\"https:\\\/\\\/keramamueblesdejardin.com\\\/fr\\\/salles-exterieures\\\/canape-3-places-en-rotin-rotin-synthetique-zanica-jardin\\\/#breadcrumb\",\"itemListElement\":[{\"@type\":\"ListItem\",\"position\":1,\"name\":\"Home\",\"item\":\"https:\\\/\\\/keramamueblesdejardin.com\\\/fr\\\/\"},{\"@type\":\"ListItem\",\"position\":2,\"name\":\"Boutique\",\"item\":\"https:\\\/\\\/keramamueblesdejardin.com\\\/tienda\\\/\"},{\"@type\":\"ListItem\",\"position\":3,\"name\":\"Salles ext\u00e9rieures\",\"item\":\"https:\\\/\\\/keramamueblesdejardin.com\\\/fr\\\/salles-exterieures\\\/\"},{\"@type\":\"ListItem\",\"position\":4,\"name\":\"Canap\u00e9 de jardin 3 places en rotin synth\u00e9tique &#8211; Zanica\"}]},{\"@type\":\"WebSite\",\"@id\":\"https:\\\/\\\/keramamueblesdejardin.com\\\/fr\\\/#website\",\"url\":\"https:\\\/\\\/keramamueblesdejardin.com\\\/fr\\\/\",\"name\":\"Kerama\",\"description\":\"muebles de jard\u00edn\",\"publisher\":{\"@id\":\"https:\\\/\\\/keramamueblesdejardin.com\\\/fr\\\/#organization\"},\"potentialAction\":[{\"@type\":\"SearchAction\",\"target\":{\"@type\":\"EntryPoint\",\"urlTemplate\":\"https:\\\/\\\/keramamueblesdejardin.com\\\/fr\\\/?s={search_term_string}\"},\"query-input\":{\"@type\":\"PropertyValueSpecification\",\"valueRequired\":true,\"valueName\":\"search_term_string\"}}],\"inLanguage\":\"fr-FR\"},{\"@type\":\"Organization\",\"@id\":\"https:\\\/\\\/keramamueblesdejardin.com\\\/fr\\\/#organization\",\"name\":\"kerama\",\"url\":\"https:\\\/\\\/keramamueblesdejardin.com\\\/fr\\\/\",\"logo\":{\"@type\":\"ImageObject\",\"inLanguage\":\"fr-FR\",\"@id\":\"https:\\\/\\\/keramamueblesdejardin.com\\\/fr\\\/#\\\/schema\\\/logo\\\/image\\\/\",\"url\":\"https:\\\/\\\/keramamueblesdejardin.com\\\/wp-content\\\/uploads\\\/2020\\\/12\\\/k.-scaled.jpg\",\"contentUrl\":\"https:\\\/\\\/keramamueblesdejardin.com\\\/wp-content\\\/uploads\\\/2020\\\/12\\\/k.-scaled.jpg\",\"width\":2560,\"height\":551,\"caption\":\"kerama\"},\"image\":{\"@id\":\"https:\\\/\\\/keramamueblesdejardin.com\\\/fr\\\/#\\\/schema\\\/logo\\\/image\\\/\"},\"sameAs\":[\"https:\\\/\\\/www.facebook.com\\\/Kerama-Muebles-de-Jard\u00edn-106209328312568\\\/\"]}]}<\/script>\n<!-- \/ Yoast SEO plugin. -->","yoast_head_json":{"title":"Canap\u00e9 de jardin 3 places en rotin synth\u00e9tique - Zanica - Kerama","robots":{"index":"index","follow":"follow","max-snippet":"max-snippet:-1","max-image-preview":"max-image-preview:large","max-video-preview":"max-video-preview:-1"},"canonical":"https:\/\/keramamueblesdejardin.com\/fr\/salles-exterieures\/canape-3-places-en-rotin-rotin-synthetique-zanica-jardin\/","og_locale":"fr_FR","og_type":"article","og_title":"Canap\u00e9 de jardin 3 places en rotin synth\u00e9tique - Zanica - Kerama","og_description":"Canap\u00e9 de jardin 3 places  Cadre en aluminium et rotin synth\u00e9tique  Coussins amovibles et lavables  Mesures&nbsp;: 225x83x73cm","og_url":"https:\/\/keramamueblesdejardin.com\/fr\/salles-exterieures\/canape-3-places-en-rotin-rotin-synthetique-zanica-jardin\/","og_site_name":"Kerama","article_publisher":"https:\/\/www.facebook.com\/Kerama-Muebles-de-Jard%c3%adn-106209328312568\/","article_modified_time":"2025-01-02T12:08:37+00:00","og_image":[{"width":1200,"height":1200,"url":"https:\/\/keramamueblesdejardin.com\/wp-content\/uploads\/2024\/04\/sofa-palma-3.jpg","type":"image\/jpeg"}],"twitter_card":"summary_large_image","schema":{"@context":"https:\/\/schema.org","@graph":[{"@type":"WebPage","@id":"https:\/\/keramamueblesdejardin.com\/fr\/salles-exterieures\/canape-3-places-en-rotin-rotin-synthetique-zanica-jardin\/","url":"https:\/\/keramamueblesdejardin.com\/fr\/salles-exterieures\/canape-3-places-en-rotin-rotin-synthetique-zanica-jardin\/","name":"Canap\u00e9 de jardin 3 places en rotin synth\u00e9tique - Zanica - Kerama","isPartOf":{"@id":"https:\/\/keramamueblesdejardin.com\/fr\/#website"},"primaryImageOfPage":{"@id":"https:\/\/keramamueblesdejardin.com\/fr\/salles-exterieures\/canape-3-places-en-rotin-rotin-synthetique-zanica-jardin\/#primaryimage"},"image":{"@id":"https:\/\/keramamueblesdejardin.com\/fr\/salles-exterieures\/canape-3-places-en-rotin-rotin-synthetique-zanica-jardin\/#primaryimage"},"thumbnailUrl":"https:\/\/keramamueblesdejardin.com\/wp-content\/uploads\/2024\/04\/sofa-palma-3.jpg","datePublished":"2024-04-02T14:05:13+00:00","dateModified":"2025-01-02T12:08:37+00:00","breadcrumb":{"@id":"https:\/\/keramamueblesdejardin.com\/fr\/salles-exterieures\/canape-3-places-en-rotin-rotin-synthetique-zanica-jardin\/#breadcrumb"},"inLanguage":"fr-FR","potentialAction":[{"@type":"ReadAction","target":["https:\/\/keramamueblesdejardin.com\/fr\/salles-exterieures\/canape-3-places-en-rotin-rotin-synthetique-zanica-jardin\/"]}]},{"@type":"ImageObject","inLanguage":"fr-FR","@id":"https:\/\/keramamueblesdejardin.com\/fr\/salles-exterieures\/canape-3-places-en-rotin-rotin-synthetique-zanica-jardin\/#primaryimage","url":"https:\/\/keramamueblesdejardin.com\/wp-content\/uploads\/2024\/04\/sofa-palma-3.jpg","contentUrl":"https:\/\/keramamueblesdejardin.com\/wp-content\/uploads\/2024\/04\/sofa-palma-3.jpg","width":1200,"height":1200},{"@type":"BreadcrumbList","@id":"https:\/\/keramamueblesdejardin.com\/fr\/salles-exterieures\/canape-3-places-en-rotin-rotin-synthetique-zanica-jardin\/#breadcrumb","itemListElement":[{"@type":"ListItem","position":1,"name":"Home","item":"https:\/\/keramamueblesdejardin.com\/fr\/"},{"@type":"ListItem","position":2,"name":"Boutique","item":"https:\/\/keramamueblesdejardin.com\/tienda\/"},{"@type":"ListItem","position":3,"name":"Salles ext\u00e9rieures","item":"https:\/\/keramamueblesdejardin.com\/fr\/salles-exterieures\/"},{"@type":"ListItem","position":4,"name":"Canap\u00e9 de jardin 3 places en rotin synth\u00e9tique &#8211; Zanica"}]},{"@type":"WebSite","@id":"https:\/\/keramamueblesdejardin.com\/fr\/#website","url":"https:\/\/keramamueblesdejardin.com\/fr\/","name":"Kerama","description":"muebles de jard\u00edn","publisher":{"@id":"https:\/\/keramamueblesdejardin.com\/fr\/#organization"},"potentialAction":[{"@type":"SearchAction","target":{"@type":"EntryPoint","urlTemplate":"https:\/\/keramamueblesdejardin.com\/fr\/?s={search_term_string}"},"query-input":{"@type":"PropertyValueSpecification","valueRequired":true,"valueName":"search_term_string"}}],"inLanguage":"fr-FR"},{"@type":"Organization","@id":"https:\/\/keramamueblesdejardin.com\/fr\/#organization","name":"kerama","url":"https:\/\/keramamueblesdejardin.com\/fr\/","logo":{"@type":"ImageObject","inLanguage":"fr-FR","@id":"https:\/\/keramamueblesdejardin.com\/fr\/#\/schema\/logo\/image\/","url":"https:\/\/keramamueblesdejardin.com\/wp-content\/uploads\/2020\/12\/k.-scaled.jpg","contentUrl":"https:\/\/keramamueblesdejardin.com\/wp-content\/uploads\/2020\/12\/k.-scaled.jpg","width":2560,"height":551,"caption":"kerama"},"image":{"@id":"https:\/\/keramamueblesdejardin.com\/fr\/#\/schema\/logo\/image\/"},"sameAs":["https:\/\/www.facebook.com\/Kerama-Muebles-de-Jard\u00edn-106209328312568\/"]}]}},"df_price":1199,"df_sale_price":1199,"df_regular_price":1430,"df_image_link":"https:\/\/keramamueblesdejardin.com\/wp-content\/uploads\/2024\/04\/sofa-palma-3-300x300.jpg","custom_tabs":[{"title":"MESURES","id":"mesures","content":"<div class=\"list\">\n<div class=\"list\"><strong>Hauteur: <\/strong>73cm<\/div>\n<div class=\"list\"><strong>Largeur\u00a0: <\/strong>225cm<\/div>\n<div class=\"list\">Profondeur : 83 cm<\/div>\n<\/div>"},{"title":"D\u00c9BALLAGE ET MONTAGE","id":"deballage-et-montage","content":"<div class=\"list\"><strong style=\"font-weight: bold; color: #282828;\">Recommandations pour le d\u00e9ballage :<\/strong><span style=\"color: #282828;\"> N'utilisez pas d'outils tranchants lors du d\u00e9ballage du meuble, car cela pourrait l'endommager.<\/span><br style=\"color: #282828;\"><strong style=\"font-weight: bold; color: #282828;\">Montage requis (O\/N) :<\/strong><span style=\"color: #282828;\"> Non<\/span><\/div>"},{"title":"ENTRETIEN ET GARANTIES","id":"entretien-et-garanties","content":"<div class=\"moz-signature\">\n<div class=\"list\"><strong>Recommandations g\u00e9n\u00e9rales :<\/strong>\n- Les d\u00e9faillances ou les dommages caus\u00e9s par les \u00e9l\u00e9ments suivants sont exclus de la garantie :\n- Les causes accidentelles telles que chutes, coups, d\u00e9versement de liquides, introduction de corps \u00e9trangers, ainsi que toute autre force majeure.\n- Utilisation n\u00e9gligente, inappropri\u00e9e ou non domestique.\n- Dommages, corrosion et\/ou oxydation acc\u00e9l\u00e9r\u00e9s par des conditions environnementales d\u00e9favorables.\n- Taches et d\u00e9coloration dues au non-respect de nos instructions de nettoyage.\n- Dommages survenus lors du montage et de la manipulation sans respecter les instructions de montage.\n<strong>Instructions d'utilisation et d'entretien :<\/strong>\n- Essuyez doucement avec un chiffon ou utilisez un savon liquide neutre, puis rincez abondamment \u00e0 l'eau.\n- Enlevez r\u00e9guli\u00e8rement la poussi\u00e8re avec un chiffon doux et de l'eau claire.\n- N'utilisez pas de d\u00e9tergents ou de produits abrasifs pour le nettoyage.\n<strong>Ann\u00e9es de garantie :<\/strong> 3 ans\n<strong>Fabriqu\u00e9 conform\u00e9ment \u00e0 la norme :<\/strong> 581-1,581-2,581-3<\/div>\n<\/div>"}],"_links":{"self":[{"href":"https:\/\/keramamueblesdejardin.com\/fr\/wp-json\/wp\/v2\/product\/155336","targetHints":{"allow":["GET"]}}],"collection":[{"href":"https:\/\/keramamueblesdejardin.com\/fr\/wp-json\/wp\/v2\/product"}],"about":[{"href":"https:\/\/keramamueblesdejardin.com\/fr\/wp-json\/wp\/v2\/types\/product"}],"replies":[{"embeddable":true,"href":"https:\/\/keramamueblesdejardin.com\/fr\/wp-json\/wp\/v2\/comments?post=155336"}],"wp:featuredmedia":[{"embeddable":true,"href":"https:\/\/keramamueblesdejardin.com\/fr\/wp-json\/wp\/v2\/media\/151241"}],"wp:attachment":[{"href":"https:\/\/keramamueblesdejardin.com\/fr\/wp-json\/wp\/v2\/media?parent=155336"}],"wp:term":[{"taxonomy":"product_brand","embeddable":true,"href":"https:\/\/keramamueblesdejardin.com\/fr\/wp-json\/wp\/v2\/product_brand?post=155336"},{"taxonomy":"product_cat","embeddable":true,"href":"https:\/\/keramamueblesdejardin.com\/fr\/wp-json\/wp\/v2\/product_cat?post=155336"},{"taxonomy":"product_tag","embeddable":true,"href":"https:\/\/keramamueblesdejardin.com\/fr\/wp-json\/wp\/v2\/product_tag?post=155336"}],"curies":[{"name":"wp","href":"https:\/\/api.w.org\/{rel}","templated":true}]}}