{"id":154567,"date":"2024-04-02T16:09:36","date_gmt":"2024-04-02T14:09:36","guid":{"rendered":"https:\/\/keramamueblesdejardin.com\/non%20class\u00e9\/set-de-jardin-6-places-table-en-ceramique-terre-cuite-168x87-ceramik-riviera\/"},"modified":"2025-01-28T10:04:27","modified_gmt":"2025-01-28T09:04:27","slug":"ensemble-salle-a-manger-jardin-table-6-places-ceramique-terracotta-168x87-ceramik-riviera","status":"publish","type":"product","link":"https:\/\/keramamueblesdejardin.com\/fr\/diner-en-plein-air\/ensemble-table-et-chaises-de-jardin\/ensemble-salle-a-manger-jardin-table-6-places-ceramique-terracotta-168x87-ceramik-riviera\/","title":{"rendered":"Set de jardin 6 places table en c\u00e9ramique terre cuite 168&#215;87 &#8211; Ceramik &amp; Riviera"},"content":{"rendered":"<p>Ensemble de table d\u2019ext\u00e9rieur et 6 chaises Riviera. Les tables de la famille Ceramik sont fabriqu\u00e9es avec une structure robuste en bois d\u2019acacia de couleur claire et avec un plateau en c\u00e9ramique \u00e9maill\u00e9e faite \u00e0 la main de dimensions 20x20cm. Les c\u00e9ramiques artisanales fabriqu\u00e9es \u00e0 G\u00e9rone sont la raison d\u2019\u00eatre de la collection Ceramik. La combinaison de ces deux \u00e9l\u00e9ments donne naissance \u00e0 des pi\u00e8ces uniques capables de s\u2019int\u00e9grer dans toutes sortes de styles de d\u00e9coration et d\u2019habiller votre terrasse ou votre jardin avec go\u00fbt. Les chaises Riviera sont faites d\u2019un beau bois d\u2019acacia de couleur claire accompagn\u00e9 d\u2019une corde de polyester tress\u00e9e \u00e0 la main en beige par nos artisans et de coussins amovibles en beige imitant le lin. Dimensions&nbsp;: Table : 168x87x75cm, Chaise : 58x66x75cm<\/p>\n","protected":false},"excerpt":{"rendered":"<ul>\n<li>Ensemble compos\u00e9 d\u2019une table et de 6 chaises en bois et corde<\/li>\n<li>Plateau de table en c\u00e9ramique terre cuite<\/li>\n<li>Coussins amovibles et lavables<\/li>\n<li>Dimensions : Table : 168x87x75 cm et Chaise : 58x66x75cm<\/li>\n<\/ul>\n","protected":false},"featured_media":149588,"comment_status":"closed","ping_status":"closed","template":"","meta":{"_acf_changed":false},"product_brand":[],"product_cat":[578,579],"product_tag":[581,5113,2747,595],"class_list":{"0":"post-154567","1":"product","2":"type-product","3":"status-publish","4":"has-post-thumbnail","6":"product_cat-diner-en-plein-air","7":"product_cat-ensemble-table-et-chaises-de-jardin","8":"product_tag-bois","9":"product_tag-ceramik-fr","10":"product_tag-ceramique","11":"product_tag-riviera-fr","12":"product_shipping_class-envio-gratuito-fr","13":"pa_alto-74-fr","14":"pa_ancho-167-fr","15":"pa_asientos-6-fr","16":"pa_caracteristicas-housses-lavables","17":"pa_coleccion-ceramik-fr","18":"pa_coleccion-riviera-fr","19":"pa_espacio-4008-fr","20":"pa_forma-rectangulaire","21":"pa_largo-240-fr","22":"pa_m2-4008-fr","23":"pa_material-madera-fr","24":"pa_material-ceramique","25":"pa_material-cuerda-fr","26":"pa_tamano-espacio-grand","28":"first","29":"instock","30":"sale","31":"purchasable","32":"product-type-simple","33":"add-to-wishlist-before_image"},"acf":[],"yoast_head":"<!-- This site is optimized with the Yoast SEO plugin v27.2 - https:\/\/yoast.com\/product\/yoast-seo-wordpress\/ -->\n<title>Set de jardin 6 places table en c\u00e9ramique terre cuite 168x87 - Ceramik &amp; Riviera - Kerama<\/title>\n<meta name=\"robots\" content=\"index, follow, max-snippet:-1, max-image-preview:large, max-video-preview:-1\" \/>\n<link rel=\"canonical\" href=\"https:\/\/keramamueblesdejardin.com\/fr\/diner-en-plein-air\/ensemble-table-et-chaises-de-jardin\/ensemble-salle-a-manger-jardin-table-6-places-ceramique-terracotta-168x87-ceramik-riviera\/\" \/>\n<meta property=\"og:locale\" content=\"fr_FR\" \/>\n<meta property=\"og:type\" content=\"article\" \/>\n<meta property=\"og:title\" content=\"Set de jardin 6 places table en c\u00e9ramique terre cuite 168x87 - Ceramik &amp; Riviera - Kerama\" \/>\n<meta property=\"og:description\" content=\"Ensemble compos\u00e9 d\u2019une table et de 6 chaises en bois et corde  Plateau de table en c\u00e9ramique terre cuite  Coussins amovibles et lavables  Dimensions : Table : 168x87x75 cm et Chaise : 58x66x75cm\" \/>\n<meta property=\"og:url\" content=\"https:\/\/keramamueblesdejardin.com\/fr\/diner-en-plein-air\/ensemble-table-et-chaises-de-jardin\/ensemble-salle-a-manger-jardin-table-6-places-ceramique-terracotta-168x87-ceramik-riviera\/\" \/>\n<meta property=\"og:site_name\" content=\"Kerama\" \/>\n<meta property=\"article:publisher\" content=\"https:\/\/www.facebook.com\/Kerama-Muebles-de-Jard%c3%adn-106209328312568\/\" \/>\n<meta property=\"article:modified_time\" content=\"2025-01-28T09:04:27+00:00\" \/>\n<meta property=\"og:image\" content=\"https:\/\/keramamueblesdejardin.com\/wp-content\/uploads\/2024\/04\/168-6-Riviera-terracota.jpg\" \/>\n\t<meta property=\"og:image:width\" content=\"1200\" \/>\n\t<meta property=\"og:image:height\" content=\"1200\" \/>\n\t<meta property=\"og:image:type\" content=\"image\/jpeg\" \/>\n<meta name=\"twitter:card\" content=\"summary_large_image\" \/>\n<meta name=\"twitter:label1\" content=\"Dur\u00e9e de lecture estim\u00e9e\" \/>\n\t<meta name=\"twitter:data1\" content=\"1 minute\" \/>\n<script type=\"application\/ld+json\" class=\"yoast-schema-graph\">{\"@context\":\"https:\/\/schema.org\",\"@graph\":[{\"@type\":\"WebPage\",\"@id\":\"https:\/\/keramamueblesdejardin.com\/fr\/diner-en-plein-air\/ensemble-table-et-chaises-de-jardin\/ensemble-salle-a-manger-jardin-table-6-places-ceramique-terracotta-168x87-ceramik-riviera\/\",\"url\":\"https:\/\/keramamueblesdejardin.com\/fr\/diner-en-plein-air\/ensemble-table-et-chaises-de-jardin\/ensemble-salle-a-manger-jardin-table-6-places-ceramique-terracotta-168x87-ceramik-riviera\/\",\"name\":\"Set de jardin 6 places table en c\u00e9ramique terre cuite 168x87 - Ceramik &amp; Riviera - Kerama\",\"isPartOf\":{\"@id\":\"https:\/\/keramamueblesdejardin.com\/fr\/#website\"},\"primaryImageOfPage\":{\"@id\":\"https:\/\/keramamueblesdejardin.com\/fr\/diner-en-plein-air\/ensemble-table-et-chaises-de-jardin\/ensemble-salle-a-manger-jardin-table-6-places-ceramique-terracotta-168x87-ceramik-riviera\/#primaryimage\"},\"image\":{\"@id\":\"https:\/\/keramamueblesdejardin.com\/fr\/diner-en-plein-air\/ensemble-table-et-chaises-de-jardin\/ensemble-salle-a-manger-jardin-table-6-places-ceramique-terracotta-168x87-ceramik-riviera\/#primaryimage\"},\"thumbnailUrl\":\"https:\/\/keramamueblesdejardin.com\/wp-content\/uploads\/2024\/04\/168-6-Riviera-terracota.jpg\",\"datePublished\":\"2024-04-02T14:09:36+00:00\",\"dateModified\":\"2025-01-28T09:04:27+00:00\",\"breadcrumb\":{\"@id\":\"https:\/\/keramamueblesdejardin.com\/fr\/diner-en-plein-air\/ensemble-table-et-chaises-de-jardin\/ensemble-salle-a-manger-jardin-table-6-places-ceramique-terracotta-168x87-ceramik-riviera\/#breadcrumb\"},\"inLanguage\":\"fr-FR\",\"potentialAction\":[{\"@type\":\"ReadAction\",\"target\":[\"https:\/\/keramamueblesdejardin.com\/fr\/diner-en-plein-air\/ensemble-table-et-chaises-de-jardin\/ensemble-salle-a-manger-jardin-table-6-places-ceramique-terracotta-168x87-ceramik-riviera\/\"]}]},{\"@type\":\"ImageObject\",\"inLanguage\":\"fr-FR\",\"@id\":\"https:\/\/keramamueblesdejardin.com\/fr\/diner-en-plein-air\/ensemble-table-et-chaises-de-jardin\/ensemble-salle-a-manger-jardin-table-6-places-ceramique-terracotta-168x87-ceramik-riviera\/#primaryimage\",\"url\":\"https:\/\/keramamueblesdejardin.com\/wp-content\/uploads\/2024\/04\/168-6-Riviera-terracota.jpg\",\"contentUrl\":\"https:\/\/keramamueblesdejardin.com\/wp-content\/uploads\/2024\/04\/168-6-Riviera-terracota.jpg\",\"width\":1200,\"height\":1200},{\"@type\":\"BreadcrumbList\",\"@id\":\"https:\/\/keramamueblesdejardin.com\/fr\/diner-en-plein-air\/ensemble-table-et-chaises-de-jardin\/ensemble-salle-a-manger-jardin-table-6-places-ceramique-terracotta-168x87-ceramik-riviera\/#breadcrumb\",\"itemListElement\":[{\"@type\":\"ListItem\",\"position\":1,\"name\":\"Home\",\"item\":\"https:\/\/keramamueblesdejardin.com\/fr\/\"},{\"@type\":\"ListItem\",\"position\":2,\"name\":\"Boutique\",\"item\":\"https:\/\/keramamueblesdejardin.com\/tienda\/\"},{\"@type\":\"ListItem\",\"position\":3,\"name\":\"D\u00eener en plein air\",\"item\":\"https:\/\/keramamueblesdejardin.com\/fr\/diner-en-plein-air\/\"},{\"@type\":\"ListItem\",\"position\":4,\"name\":\"Ensemble table et chaises de jardin\",\"item\":\"https:\/\/keramamueblesdejardin.com\/fr\/diner-en-plein-air\/ensemble-table-et-chaises-de-jardin\/\"},{\"@type\":\"ListItem\",\"position\":5,\"name\":\"Set de jardin 6 places table en c\u00e9ramique terre cuite 168&#215;87 &#8211; Ceramik &amp; Riviera\"}]},{\"@type\":\"WebSite\",\"@id\":\"https:\/\/keramamueblesdejardin.com\/fr\/#website\",\"url\":\"https:\/\/keramamueblesdejardin.com\/fr\/\",\"name\":\"Kerama\",\"description\":\"muebles de jard\u00edn\",\"publisher\":{\"@id\":\"https:\/\/keramamueblesdejardin.com\/fr\/#organization\"},\"potentialAction\":[{\"@type\":\"SearchAction\",\"target\":{\"@type\":\"EntryPoint\",\"urlTemplate\":\"https:\/\/keramamueblesdejardin.com\/fr\/?s={search_term_string}\"},\"query-input\":{\"@type\":\"PropertyValueSpecification\",\"valueRequired\":true,\"valueName\":\"search_term_string\"}}],\"inLanguage\":\"fr-FR\"},{\"@type\":\"Organization\",\"@id\":\"https:\/\/keramamueblesdejardin.com\/fr\/#organization\",\"name\":\"kerama\",\"url\":\"https:\/\/keramamueblesdejardin.com\/fr\/\",\"logo\":{\"@type\":\"ImageObject\",\"inLanguage\":\"fr-FR\",\"@id\":\"https:\/\/keramamueblesdejardin.com\/fr\/#\/schema\/logo\/image\/\",\"url\":\"https:\/\/keramamueblesdejardin.com\/wp-content\/uploads\/2020\/12\/k.-scaled.jpg\",\"contentUrl\":\"https:\/\/keramamueblesdejardin.com\/wp-content\/uploads\/2020\/12\/k.-scaled.jpg\",\"width\":2560,\"height\":551,\"caption\":\"kerama\"},\"image\":{\"@id\":\"https:\/\/keramamueblesdejardin.com\/fr\/#\/schema\/logo\/image\/\"},\"sameAs\":[\"https:\/\/www.facebook.com\/Kerama-Muebles-de-Jard\u00edn-106209328312568\/\"]}]}<\/script>\n<!-- \/ Yoast SEO plugin. -->","yoast_head_json":{"title":"Set de jardin 6 places table en c\u00e9ramique terre cuite 168x87 - Ceramik &amp; Riviera - Kerama","robots":{"index":"index","follow":"follow","max-snippet":"max-snippet:-1","max-image-preview":"max-image-preview:large","max-video-preview":"max-video-preview:-1"},"canonical":"https:\/\/keramamueblesdejardin.com\/fr\/diner-en-plein-air\/ensemble-table-et-chaises-de-jardin\/ensemble-salle-a-manger-jardin-table-6-places-ceramique-terracotta-168x87-ceramik-riviera\/","og_locale":"fr_FR","og_type":"article","og_title":"Set de jardin 6 places table en c\u00e9ramique terre cuite 168x87 - Ceramik &amp; Riviera - Kerama","og_description":"Ensemble compos\u00e9 d\u2019une table et de 6 chaises en bois et corde  Plateau de table en c\u00e9ramique terre cuite  Coussins amovibles et lavables  Dimensions : Table : 168x87x75 cm et Chaise : 58x66x75cm","og_url":"https:\/\/keramamueblesdejardin.com\/fr\/diner-en-plein-air\/ensemble-table-et-chaises-de-jardin\/ensemble-salle-a-manger-jardin-table-6-places-ceramique-terracotta-168x87-ceramik-riviera\/","og_site_name":"Kerama","article_publisher":"https:\/\/www.facebook.com\/Kerama-Muebles-de-Jard%c3%adn-106209328312568\/","article_modified_time":"2025-01-28T09:04:27+00:00","og_image":[{"width":1200,"height":1200,"url":"https:\/\/keramamueblesdejardin.com\/wp-content\/uploads\/2024\/04\/168-6-Riviera-terracota.jpg","type":"image\/jpeg"}],"twitter_card":"summary_large_image","twitter_misc":{"Dur\u00e9e de lecture estim\u00e9e":"1 minute"},"schema":{"@context":"https:\/\/schema.org","@graph":[{"@type":"WebPage","@id":"https:\/\/keramamueblesdejardin.com\/fr\/diner-en-plein-air\/ensemble-table-et-chaises-de-jardin\/ensemble-salle-a-manger-jardin-table-6-places-ceramique-terracotta-168x87-ceramik-riviera\/","url":"https:\/\/keramamueblesdejardin.com\/fr\/diner-en-plein-air\/ensemble-table-et-chaises-de-jardin\/ensemble-salle-a-manger-jardin-table-6-places-ceramique-terracotta-168x87-ceramik-riviera\/","name":"Set de jardin 6 places table en c\u00e9ramique terre cuite 168x87 - Ceramik &amp; Riviera - Kerama","isPartOf":{"@id":"https:\/\/keramamueblesdejardin.com\/fr\/#website"},"primaryImageOfPage":{"@id":"https:\/\/keramamueblesdejardin.com\/fr\/diner-en-plein-air\/ensemble-table-et-chaises-de-jardin\/ensemble-salle-a-manger-jardin-table-6-places-ceramique-terracotta-168x87-ceramik-riviera\/#primaryimage"},"image":{"@id":"https:\/\/keramamueblesdejardin.com\/fr\/diner-en-plein-air\/ensemble-table-et-chaises-de-jardin\/ensemble-salle-a-manger-jardin-table-6-places-ceramique-terracotta-168x87-ceramik-riviera\/#primaryimage"},"thumbnailUrl":"https:\/\/keramamueblesdejardin.com\/wp-content\/uploads\/2024\/04\/168-6-Riviera-terracota.jpg","datePublished":"2024-04-02T14:09:36+00:00","dateModified":"2025-01-28T09:04:27+00:00","breadcrumb":{"@id":"https:\/\/keramamueblesdejardin.com\/fr\/diner-en-plein-air\/ensemble-table-et-chaises-de-jardin\/ensemble-salle-a-manger-jardin-table-6-places-ceramique-terracotta-168x87-ceramik-riviera\/#breadcrumb"},"inLanguage":"fr-FR","potentialAction":[{"@type":"ReadAction","target":["https:\/\/keramamueblesdejardin.com\/fr\/diner-en-plein-air\/ensemble-table-et-chaises-de-jardin\/ensemble-salle-a-manger-jardin-table-6-places-ceramique-terracotta-168x87-ceramik-riviera\/"]}]},{"@type":"ImageObject","inLanguage":"fr-FR","@id":"https:\/\/keramamueblesdejardin.com\/fr\/diner-en-plein-air\/ensemble-table-et-chaises-de-jardin\/ensemble-salle-a-manger-jardin-table-6-places-ceramique-terracotta-168x87-ceramik-riviera\/#primaryimage","url":"https:\/\/keramamueblesdejardin.com\/wp-content\/uploads\/2024\/04\/168-6-Riviera-terracota.jpg","contentUrl":"https:\/\/keramamueblesdejardin.com\/wp-content\/uploads\/2024\/04\/168-6-Riviera-terracota.jpg","width":1200,"height":1200},{"@type":"BreadcrumbList","@id":"https:\/\/keramamueblesdejardin.com\/fr\/diner-en-plein-air\/ensemble-table-et-chaises-de-jardin\/ensemble-salle-a-manger-jardin-table-6-places-ceramique-terracotta-168x87-ceramik-riviera\/#breadcrumb","itemListElement":[{"@type":"ListItem","position":1,"name":"Home","item":"https:\/\/keramamueblesdejardin.com\/fr\/"},{"@type":"ListItem","position":2,"name":"Boutique","item":"https:\/\/keramamueblesdejardin.com\/tienda\/"},{"@type":"ListItem","position":3,"name":"D\u00eener en plein air","item":"https:\/\/keramamueblesdejardin.com\/fr\/diner-en-plein-air\/"},{"@type":"ListItem","position":4,"name":"Ensemble table et chaises de jardin","item":"https:\/\/keramamueblesdejardin.com\/fr\/diner-en-plein-air\/ensemble-table-et-chaises-de-jardin\/"},{"@type":"ListItem","position":5,"name":"Set de jardin 6 places table en c\u00e9ramique terre cuite 168&#215;87 &#8211; Ceramik &amp; Riviera"}]},{"@type":"WebSite","@id":"https:\/\/keramamueblesdejardin.com\/fr\/#website","url":"https:\/\/keramamueblesdejardin.com\/fr\/","name":"Kerama","description":"muebles de jard\u00edn","publisher":{"@id":"https:\/\/keramamueblesdejardin.com\/fr\/#organization"},"potentialAction":[{"@type":"SearchAction","target":{"@type":"EntryPoint","urlTemplate":"https:\/\/keramamueblesdejardin.com\/fr\/?s={search_term_string}"},"query-input":{"@type":"PropertyValueSpecification","valueRequired":true,"valueName":"search_term_string"}}],"inLanguage":"fr-FR"},{"@type":"Organization","@id":"https:\/\/keramamueblesdejardin.com\/fr\/#organization","name":"kerama","url":"https:\/\/keramamueblesdejardin.com\/fr\/","logo":{"@type":"ImageObject","inLanguage":"fr-FR","@id":"https:\/\/keramamueblesdejardin.com\/fr\/#\/schema\/logo\/image\/","url":"https:\/\/keramamueblesdejardin.com\/wp-content\/uploads\/2020\/12\/k.-scaled.jpg","contentUrl":"https:\/\/keramamueblesdejardin.com\/wp-content\/uploads\/2020\/12\/k.-scaled.jpg","width":2560,"height":551,"caption":"kerama"},"image":{"@id":"https:\/\/keramamueblesdejardin.com\/fr\/#\/schema\/logo\/image\/"},"sameAs":["https:\/\/www.facebook.com\/Kerama-Muebles-de-Jard\u00edn-106209328312568\/"]}]}},"df_price":1739,"df_sale_price":1739,"df_regular_price":2065,"df_image_link":"https:\/\/keramamueblesdejardin.com\/wp-content\/uploads\/2024\/04\/168-6-Riviera-terracota-300x300.jpg","custom_tabs":[{"title":"MESURES","id":"mesures","content":"<div class=\"list\"><strong style=\"font-weight: bold; color: #282828;\">Hauteur :<\/strong><span style=\"color: #282828;\"> Chaise 75 cm \/ Table 75 cm<\/span><br style=\"color: #282828;\"><strong style=\"font-weight: bold; color: #282828;\">Largeur :<\/strong><span style=\"color: #282828;\"> Chaise 58 cm \/ Table 168 cm<\/span><br style=\"color: #282828;\"><strong style=\"font-weight: bold; color: #282828;\">Bas<\/strong> <span style=\"color: #282828;\">: Chaise 66 cm \/ Table 87 cm<\/span><br style=\"color: #282828;\">Profondeur d\u2019assise sans coussin: 71cm<br style=\"color: #282828;\">Profondeur d\u2019assise avec coussin: 51cm<br style=\"color: #282828;\">Hauteur d\u2019assise: 45cm<\/div>"},{"title":"D\u00c9BALLAGE ET MONTAGE","id":"deballage-et-montage","content":"<div class=\"list\"><strong style=\"font-weight: bold; color: #282828;\">Recommandations pour le d\u00e9ballage :<\/strong><span style=\"color: #282828;\"> N'utilisez pas d'outils tranchants lors du d\u00e9ballage du meuble, car cela pourrait l'endommager.<\/span><br style=\"color: #282828;\"><strong style=\"font-weight: bold; color: #282828;\">Montage requis (O\/N) :<\/strong><span style=\"color: #282828;\"> Oui<\/span><br style=\"color: #282828;\"><strong style=\"font-weight: bold; color: #282828;\">Difficult\u00e9 de montage :<\/strong><span style=\"color: #282828;\"> Faible<\/span><br style=\"color: #282828;\"><strong style=\"font-weight: bold; color: #282828;\">Temps de montage :<\/strong><span style=\"color: #282828;\"> 60 minutes<\/span><br style=\"color: #282828;\"><strong style=\"font-weight: bold; color: #282828;\">Personnes recommand\u00e9es pour le montage :<\/strong><span style=\"color: #282828;\"> 2<\/span><br style=\"color: #282828;\"><strong style=\"font-weight: bold; color: #282828;\">Suggestions de montage :<\/strong><span style=\"color: #282828;\">  Pr\u00e9parez une zone de montage propre et s\u00e8che, v\u00e9rifiez qu'aucune des pi\u00e8ces \u00e9num\u00e9r\u00e9es dans le manuel ne manque. Nous recommandons l'utilisation de gants appropri\u00e9s pour le montage. N'utilisez que les pi\u00e8ces et les raccords fournis.<\/span><\/div>"}],"_links":{"self":[{"href":"https:\/\/keramamueblesdejardin.com\/fr\/wp-json\/wp\/v2\/product\/154567","targetHints":{"allow":["GET"]}}],"collection":[{"href":"https:\/\/keramamueblesdejardin.com\/fr\/wp-json\/wp\/v2\/product"}],"about":[{"href":"https:\/\/keramamueblesdejardin.com\/fr\/wp-json\/wp\/v2\/types\/product"}],"replies":[{"embeddable":true,"href":"https:\/\/keramamueblesdejardin.com\/fr\/wp-json\/wp\/v2\/comments?post=154567"}],"wp:featuredmedia":[{"embeddable":true,"href":"https:\/\/keramamueblesdejardin.com\/fr\/wp-json\/wp\/v2\/media\/149588"}],"wp:attachment":[{"href":"https:\/\/keramamueblesdejardin.com\/fr\/wp-json\/wp\/v2\/media?parent=154567"}],"wp:term":[{"taxonomy":"product_brand","embeddable":true,"href":"https:\/\/keramamueblesdejardin.com\/fr\/wp-json\/wp\/v2\/product_brand?post=154567"},{"taxonomy":"product_cat","embeddable":true,"href":"https:\/\/keramamueblesdejardin.com\/fr\/wp-json\/wp\/v2\/product_cat?post=154567"},{"taxonomy":"product_tag","embeddable":true,"href":"https:\/\/keramamueblesdejardin.com\/fr\/wp-json\/wp\/v2\/product_tag?post=154567"}],"curies":[{"name":"wp","href":"https:\/\/api.w.org\/{rel}","templated":true}]}}