{"id":153088,"date":"2024-04-02T16:04:52","date_gmt":"2024-04-02T14:04:52","guid":{"rendered":"https:\/\/keramamueblesdejardin.com\/non%20class\u00e9\/salon-de-jardin-7-places-gris-avec-2-tables-rondes-en-ciment-bergamo\/"},"modified":"2025-01-02T13:12:16","modified_gmt":"2025-01-02T12:12:16","slug":"ensemble-jardin-corde-7-places-gris-avec-2-tables-rondes-ciment-bergame","status":"publish","type":"product","link":"https:\/\/keramamueblesdejardin.com\/fr\/salles-exterieures\/ensembles-de-jardin\/ensemble-jardin-corde-7-places-gris-avec-2-tables-rondes-ciment-bergame\/","title":{"rendered":"Salon de jardin 7 places gris avec 2 tables rondes en ciment &#8211; Bergamo"},"content":{"rendered":"<p>Ensemble de jardin de 7 places et 2 tables avec plateau en ciment de la collection Corf u. Structure en aluminium et corde grise. La collection Corfu gravite autour de ses lignes organiques sans ar\u00eates et sans l\u00e9g\u00e8res courbes accompagn\u00e9es de cordes tress\u00e9es \u00e0 la main par nos artisans. La table basse, \u00e9galement dot\u00e9e d\u2019une structure en aluminium et d\u2019une corde, est dot\u00e9e d\u2019un plateau en ciment avec une finition effet pierre. Les coussins extra-\u00e9pais offrent un confort haut de gamme pour profiter de vos journ\u00e9es \u00e0 l\u2019ext\u00e9rieur avec vos proches. Fauteuil&nbsp;: 94x83x69cm, Canap\u00e9 2&nbsp;: 167x83x69cm, Canap\u00e9 3&nbsp;: 213x83x69cm, Table 1&nbsp;: 70Dx50cm, Table 2&nbsp;: 105Dx37cm<\/p>\n","protected":false},"excerpt":{"rendered":"<ul>\n<li>Ensemble de 2 fauteuils, canap\u00e9s 2 et 3 places et 2 tables de jardin<\/li>\n<li>Cadre en aluminium et corde grise<\/li>\n<li>Coussins amovibles et lavables<\/li>\n<li>Plateau de table avec finition pierre grise<\/li>\n<li>Dimensions&nbsp;: canap\u00e9s 167x83x69cm et 213x83x69cm, table 70&#215;37 et 105&#215;37, fauteuil canap\u00e9 85x78x68<\/li>\n<\/ul>\n","protected":false},"featured_media":151299,"comment_status":"closed","ping_status":"closed","template":"","meta":{"_acf_changed":false},"product_brand":[],"product_cat":[599,604],"product_tag":[565,5153,3678,567],"class_list":{"0":"post-153088","1":"product","2":"type-product","3":"status-publish","4":"has-post-thumbnail","6":"product_cat-ensembles-de-jardin","7":"product_cat-salles-exterieures","8":"product_tag-aluminium","9":"product_tag-bergame","10":"product_tag-corde","11":"product_tag-grands-espaces","12":"product_shipping_class-envio-gratuito-fr","13":"pa_alto-69-fr","14":"pa_ancho-290-fr","15":"pa_asientos-7-fr","16":"pa_caracteristicas-housses-lavables","17":"pa_coleccion-bergame","18":"pa_espacio-1131-fr","19":"pa_largo-390-fr","20":"pa_m2-1131-fr","21":"pa_material-aluminio-fr","22":"pa_material-cuerda-fr","23":"pa_tamano-espacio-grand","25":"first","26":"instock","27":"sale","28":"purchasable","29":"product-type-simple","30":"add-to-wishlist-before_image"},"acf":[],"yoast_head":"<!-- This site is optimized with the Yoast SEO plugin v27.2 - https:\/\/yoast.com\/product\/yoast-seo-wordpress\/ -->\n<title>Salon de jardin 7 places gris avec 2 tables rondes en ciment - Bergamo - Kerama<\/title>\n<meta name=\"robots\" content=\"index, follow, max-snippet:-1, max-image-preview:large, max-video-preview:-1\" \/>\n<link rel=\"canonical\" href=\"https:\/\/keramamueblesdejardin.com\/fr\/salles-exterieures\/ensembles-de-jardin\/ensemble-jardin-corde-7-places-gris-avec-2-tables-rondes-ciment-bergame\/\" \/>\n<meta property=\"og:locale\" content=\"fr_FR\" \/>\n<meta property=\"og:type\" content=\"article\" \/>\n<meta property=\"og:title\" content=\"Salon de jardin 7 places gris avec 2 tables rondes en ciment - Bergamo - Kerama\" \/>\n<meta property=\"og:description\" content=\"Ensemble de 2 fauteuils, canap\u00e9s 2 et 3 places et 2 tables de jardin  Cadre en aluminium et corde grise  Coussins amovibles et lavables  Plateau de table avec finition pierre grise  Dimensions&nbsp;: canap\u00e9s 167x83x69cm et 213x83x69cm, table 70x37 et 105x37, fauteuil canap\u00e9 85x78x68\" \/>\n<meta property=\"og:url\" content=\"https:\/\/keramamueblesdejardin.com\/fr\/salles-exterieures\/ensembles-de-jardin\/ensemble-jardin-corde-7-places-gris-avec-2-tables-rondes-ciment-bergame\/\" \/>\n<meta property=\"og:site_name\" content=\"Kerama\" \/>\n<meta property=\"article:publisher\" content=\"https:\/\/www.facebook.com\/Kerama-Muebles-de-Jard%c3%adn-106209328312568\/\" \/>\n<meta property=\"article:modified_time\" content=\"2025-01-02T12:12:16+00:00\" \/>\n<meta property=\"og:image\" content=\"https:\/\/keramamueblesdejardin.com\/wp-content\/uploads\/2024\/04\/conmjunto-corfu-7.jpg\" \/>\n\t<meta property=\"og:image:width\" content=\"1200\" \/>\n\t<meta property=\"og:image:height\" content=\"1200\" \/>\n\t<meta property=\"og:image:type\" content=\"image\/jpeg\" \/>\n<meta name=\"twitter:card\" content=\"summary_large_image\" \/>\n<meta name=\"twitter:label1\" content=\"Dur\u00e9e de lecture estim\u00e9e\" \/>\n\t<meta name=\"twitter:data1\" content=\"1 minute\" \/>\n<script type=\"application\/ld+json\" class=\"yoast-schema-graph\">{\"@context\":\"https:\/\/schema.org\",\"@graph\":[{\"@type\":\"WebPage\",\"@id\":\"https:\/\/keramamueblesdejardin.com\/fr\/salles-exterieures\/ensembles-de-jardin\/ensemble-jardin-corde-7-places-gris-avec-2-tables-rondes-ciment-bergame\/\",\"url\":\"https:\/\/keramamueblesdejardin.com\/fr\/salles-exterieures\/ensembles-de-jardin\/ensemble-jardin-corde-7-places-gris-avec-2-tables-rondes-ciment-bergame\/\",\"name\":\"Salon de jardin 7 places gris avec 2 tables rondes en ciment - Bergamo - Kerama\",\"isPartOf\":{\"@id\":\"https:\/\/keramamueblesdejardin.com\/fr\/#website\"},\"primaryImageOfPage\":{\"@id\":\"https:\/\/keramamueblesdejardin.com\/fr\/salles-exterieures\/ensembles-de-jardin\/ensemble-jardin-corde-7-places-gris-avec-2-tables-rondes-ciment-bergame\/#primaryimage\"},\"image\":{\"@id\":\"https:\/\/keramamueblesdejardin.com\/fr\/salles-exterieures\/ensembles-de-jardin\/ensemble-jardin-corde-7-places-gris-avec-2-tables-rondes-ciment-bergame\/#primaryimage\"},\"thumbnailUrl\":\"https:\/\/keramamueblesdejardin.com\/wp-content\/uploads\/2024\/04\/conmjunto-corfu-7.jpg\",\"datePublished\":\"2024-04-02T14:04:52+00:00\",\"dateModified\":\"2025-01-02T12:12:16+00:00\",\"breadcrumb\":{\"@id\":\"https:\/\/keramamueblesdejardin.com\/fr\/salles-exterieures\/ensembles-de-jardin\/ensemble-jardin-corde-7-places-gris-avec-2-tables-rondes-ciment-bergame\/#breadcrumb\"},\"inLanguage\":\"fr-FR\",\"potentialAction\":[{\"@type\":\"ReadAction\",\"target\":[\"https:\/\/keramamueblesdejardin.com\/fr\/salles-exterieures\/ensembles-de-jardin\/ensemble-jardin-corde-7-places-gris-avec-2-tables-rondes-ciment-bergame\/\"]}]},{\"@type\":\"ImageObject\",\"inLanguage\":\"fr-FR\",\"@id\":\"https:\/\/keramamueblesdejardin.com\/fr\/salles-exterieures\/ensembles-de-jardin\/ensemble-jardin-corde-7-places-gris-avec-2-tables-rondes-ciment-bergame\/#primaryimage\",\"url\":\"https:\/\/keramamueblesdejardin.com\/wp-content\/uploads\/2024\/04\/conmjunto-corfu-7.jpg\",\"contentUrl\":\"https:\/\/keramamueblesdejardin.com\/wp-content\/uploads\/2024\/04\/conmjunto-corfu-7.jpg\",\"width\":1200,\"height\":1200},{\"@type\":\"BreadcrumbList\",\"@id\":\"https:\/\/keramamueblesdejardin.com\/fr\/salles-exterieures\/ensembles-de-jardin\/ensemble-jardin-corde-7-places-gris-avec-2-tables-rondes-ciment-bergame\/#breadcrumb\",\"itemListElement\":[{\"@type\":\"ListItem\",\"position\":1,\"name\":\"Home\",\"item\":\"https:\/\/keramamueblesdejardin.com\/fr\/\"},{\"@type\":\"ListItem\",\"position\":2,\"name\":\"Boutique\",\"item\":\"https:\/\/keramamueblesdejardin.com\/tienda\/\"},{\"@type\":\"ListItem\",\"position\":3,\"name\":\"Salles ext\u00e9rieures\",\"item\":\"https:\/\/keramamueblesdejardin.com\/fr\/salles-exterieures\/\"},{\"@type\":\"ListItem\",\"position\":4,\"name\":\"Ensembles de jardin\",\"item\":\"https:\/\/keramamueblesdejardin.com\/fr\/salles-exterieures\/ensembles-de-jardin\/\"},{\"@type\":\"ListItem\",\"position\":5,\"name\":\"Salon de jardin 7 places gris avec 2 tables rondes en ciment &#8211; Bergamo\"}]},{\"@type\":\"WebSite\",\"@id\":\"https:\/\/keramamueblesdejardin.com\/fr\/#website\",\"url\":\"https:\/\/keramamueblesdejardin.com\/fr\/\",\"name\":\"Kerama\",\"description\":\"muebles de jard\u00edn\",\"publisher\":{\"@id\":\"https:\/\/keramamueblesdejardin.com\/fr\/#organization\"},\"potentialAction\":[{\"@type\":\"SearchAction\",\"target\":{\"@type\":\"EntryPoint\",\"urlTemplate\":\"https:\/\/keramamueblesdejardin.com\/fr\/?s={search_term_string}\"},\"query-input\":{\"@type\":\"PropertyValueSpecification\",\"valueRequired\":true,\"valueName\":\"search_term_string\"}}],\"inLanguage\":\"fr-FR\"},{\"@type\":\"Organization\",\"@id\":\"https:\/\/keramamueblesdejardin.com\/fr\/#organization\",\"name\":\"kerama\",\"url\":\"https:\/\/keramamueblesdejardin.com\/fr\/\",\"logo\":{\"@type\":\"ImageObject\",\"inLanguage\":\"fr-FR\",\"@id\":\"https:\/\/keramamueblesdejardin.com\/fr\/#\/schema\/logo\/image\/\",\"url\":\"https:\/\/keramamueblesdejardin.com\/wp-content\/uploads\/2020\/12\/k.-scaled.jpg\",\"contentUrl\":\"https:\/\/keramamueblesdejardin.com\/wp-content\/uploads\/2020\/12\/k.-scaled.jpg\",\"width\":2560,\"height\":551,\"caption\":\"kerama\"},\"image\":{\"@id\":\"https:\/\/keramamueblesdejardin.com\/fr\/#\/schema\/logo\/image\/\"},\"sameAs\":[\"https:\/\/www.facebook.com\/Kerama-Muebles-de-Jard\u00edn-106209328312568\/\"]}]}<\/script>\n<!-- \/ Yoast SEO plugin. -->","yoast_head_json":{"title":"Salon de jardin 7 places gris avec 2 tables rondes en ciment - Bergamo - Kerama","robots":{"index":"index","follow":"follow","max-snippet":"max-snippet:-1","max-image-preview":"max-image-preview:large","max-video-preview":"max-video-preview:-1"},"canonical":"https:\/\/keramamueblesdejardin.com\/fr\/salles-exterieures\/ensembles-de-jardin\/ensemble-jardin-corde-7-places-gris-avec-2-tables-rondes-ciment-bergame\/","og_locale":"fr_FR","og_type":"article","og_title":"Salon de jardin 7 places gris avec 2 tables rondes en ciment - Bergamo - Kerama","og_description":"Ensemble de 2 fauteuils, canap\u00e9s 2 et 3 places et 2 tables de jardin  Cadre en aluminium et corde grise  Coussins amovibles et lavables  Plateau de table avec finition pierre grise  Dimensions&nbsp;: canap\u00e9s 167x83x69cm et 213x83x69cm, table 70x37 et 105x37, fauteuil canap\u00e9 85x78x68","og_url":"https:\/\/keramamueblesdejardin.com\/fr\/salles-exterieures\/ensembles-de-jardin\/ensemble-jardin-corde-7-places-gris-avec-2-tables-rondes-ciment-bergame\/","og_site_name":"Kerama","article_publisher":"https:\/\/www.facebook.com\/Kerama-Muebles-de-Jard%c3%adn-106209328312568\/","article_modified_time":"2025-01-02T12:12:16+00:00","og_image":[{"width":1200,"height":1200,"url":"https:\/\/keramamueblesdejardin.com\/wp-content\/uploads\/2024\/04\/conmjunto-corfu-7.jpg","type":"image\/jpeg"}],"twitter_card":"summary_large_image","twitter_misc":{"Dur\u00e9e de lecture estim\u00e9e":"1 minute"},"schema":{"@context":"https:\/\/schema.org","@graph":[{"@type":"WebPage","@id":"https:\/\/keramamueblesdejardin.com\/fr\/salles-exterieures\/ensembles-de-jardin\/ensemble-jardin-corde-7-places-gris-avec-2-tables-rondes-ciment-bergame\/","url":"https:\/\/keramamueblesdejardin.com\/fr\/salles-exterieures\/ensembles-de-jardin\/ensemble-jardin-corde-7-places-gris-avec-2-tables-rondes-ciment-bergame\/","name":"Salon de jardin 7 places gris avec 2 tables rondes en ciment - Bergamo - Kerama","isPartOf":{"@id":"https:\/\/keramamueblesdejardin.com\/fr\/#website"},"primaryImageOfPage":{"@id":"https:\/\/keramamueblesdejardin.com\/fr\/salles-exterieures\/ensembles-de-jardin\/ensemble-jardin-corde-7-places-gris-avec-2-tables-rondes-ciment-bergame\/#primaryimage"},"image":{"@id":"https:\/\/keramamueblesdejardin.com\/fr\/salles-exterieures\/ensembles-de-jardin\/ensemble-jardin-corde-7-places-gris-avec-2-tables-rondes-ciment-bergame\/#primaryimage"},"thumbnailUrl":"https:\/\/keramamueblesdejardin.com\/wp-content\/uploads\/2024\/04\/conmjunto-corfu-7.jpg","datePublished":"2024-04-02T14:04:52+00:00","dateModified":"2025-01-02T12:12:16+00:00","breadcrumb":{"@id":"https:\/\/keramamueblesdejardin.com\/fr\/salles-exterieures\/ensembles-de-jardin\/ensemble-jardin-corde-7-places-gris-avec-2-tables-rondes-ciment-bergame\/#breadcrumb"},"inLanguage":"fr-FR","potentialAction":[{"@type":"ReadAction","target":["https:\/\/keramamueblesdejardin.com\/fr\/salles-exterieures\/ensembles-de-jardin\/ensemble-jardin-corde-7-places-gris-avec-2-tables-rondes-ciment-bergame\/"]}]},{"@type":"ImageObject","inLanguage":"fr-FR","@id":"https:\/\/keramamueblesdejardin.com\/fr\/salles-exterieures\/ensembles-de-jardin\/ensemble-jardin-corde-7-places-gris-avec-2-tables-rondes-ciment-bergame\/#primaryimage","url":"https:\/\/keramamueblesdejardin.com\/wp-content\/uploads\/2024\/04\/conmjunto-corfu-7.jpg","contentUrl":"https:\/\/keramamueblesdejardin.com\/wp-content\/uploads\/2024\/04\/conmjunto-corfu-7.jpg","width":1200,"height":1200},{"@type":"BreadcrumbList","@id":"https:\/\/keramamueblesdejardin.com\/fr\/salles-exterieures\/ensembles-de-jardin\/ensemble-jardin-corde-7-places-gris-avec-2-tables-rondes-ciment-bergame\/#breadcrumb","itemListElement":[{"@type":"ListItem","position":1,"name":"Home","item":"https:\/\/keramamueblesdejardin.com\/fr\/"},{"@type":"ListItem","position":2,"name":"Boutique","item":"https:\/\/keramamueblesdejardin.com\/tienda\/"},{"@type":"ListItem","position":3,"name":"Salles ext\u00e9rieures","item":"https:\/\/keramamueblesdejardin.com\/fr\/salles-exterieures\/"},{"@type":"ListItem","position":4,"name":"Ensembles de jardin","item":"https:\/\/keramamueblesdejardin.com\/fr\/salles-exterieures\/ensembles-de-jardin\/"},{"@type":"ListItem","position":5,"name":"Salon de jardin 7 places gris avec 2 tables rondes en ciment &#8211; Bergamo"}]},{"@type":"WebSite","@id":"https:\/\/keramamueblesdejardin.com\/fr\/#website","url":"https:\/\/keramamueblesdejardin.com\/fr\/","name":"Kerama","description":"muebles de jard\u00edn","publisher":{"@id":"https:\/\/keramamueblesdejardin.com\/fr\/#organization"},"potentialAction":[{"@type":"SearchAction","target":{"@type":"EntryPoint","urlTemplate":"https:\/\/keramamueblesdejardin.com\/fr\/?s={search_term_string}"},"query-input":{"@type":"PropertyValueSpecification","valueRequired":true,"valueName":"search_term_string"}}],"inLanguage":"fr-FR"},{"@type":"Organization","@id":"https:\/\/keramamueblesdejardin.com\/fr\/#organization","name":"kerama","url":"https:\/\/keramamueblesdejardin.com\/fr\/","logo":{"@type":"ImageObject","inLanguage":"fr-FR","@id":"https:\/\/keramamueblesdejardin.com\/fr\/#\/schema\/logo\/image\/","url":"https:\/\/keramamueblesdejardin.com\/wp-content\/uploads\/2020\/12\/k.-scaled.jpg","contentUrl":"https:\/\/keramamueblesdejardin.com\/wp-content\/uploads\/2020\/12\/k.-scaled.jpg","width":2560,"height":551,"caption":"kerama"},"image":{"@id":"https:\/\/keramamueblesdejardin.com\/fr\/#\/schema\/logo\/image\/"},"sameAs":["https:\/\/www.facebook.com\/Kerama-Muebles-de-Jard\u00edn-106209328312568\/"]}]}},"df_price":3869,"df_sale_price":3869,"df_regular_price":4598,"df_image_link":"https:\/\/keramamueblesdejardin.com\/wp-content\/uploads\/2024\/04\/conmjunto-corfu-7-300x300.jpg","custom_tabs":[{"title":"MESURES","id":"mesures","content":"<div class=\"list\"><strong>Hauteur : <\/strong>fauteuil 69cm \/ canap\u00e9 3 places 69cm \/ canap\u00e9 2 places 69cm \/ table 1 37cm \/ table 2 37cm<\/div>\n<div class=\"list\"><strong>Largeur : <\/strong>fauteuil 94cm \/ canap\u00e9 3 places 213cm \/ canap\u00e9 2 places 167cm \/ table 1 105cm \/ table 2 70cm<\/div>\n<div class=\"list\"><strong>Bas : <\/strong>fauteuil 83cm \/ canap\u00e9 3 places 83cm \/ canap\u00e9 2 places 83cm \/ table 1 105cm \/ table 2 70cm<\/div>"},{"title":"D\u00c9BALLAGE ET MONTAGE","id":"deballage-et-montage","content":"<div class=\"list\"><strong style=\"font-weight: bold; color: #282828;\">Recommandations pour le d\u00e9ballage :<\/strong><span style=\"color: #282828;\"> N'utilisez pas d'outils tranchants lors du d\u00e9ballage du meuble, car cela pourrait l'endommager.<\/span><br style=\"color: #282828;\"><strong style=\"font-weight: bold; color: #282828;\">Montage requis (O\/N) :<\/strong><span style=\"color: #282828;\"> Non<\/span><\/div>"},{"title":"ENTRETIEN ET GARANTIES","id":"entretien-et-garanties","content":"<div class=\"moz-signature\">\n<div class=\"list\"><strong>Recommandations g\u00e9n\u00e9rales :<\/strong>\n- Les d\u00e9faillances ou les dommages caus\u00e9s par les \u00e9l\u00e9ments suivants sont exclus de la garantie :\n- Les causes accidentelles telles que chutes, coups, d\u00e9versement de liquides, introduction de corps \u00e9trangers, ainsi que toute autre force majeure.\n- Utilisation n\u00e9gligente, inappropri\u00e9e ou non domestique.\n- Dommages, corrosion et\/ou oxydation acc\u00e9l\u00e9r\u00e9s par des conditions environnementales d\u00e9favorables.\n- Taches et d\u00e9coloration dues au non-respect de nos instructions de nettoyage.\n- Dommages survenus lors du montage et de la manipulation sans respecter les instructions de montage.\n<strong>Instructions d'utilisation et d'entretien :<\/strong>\n- Essuyez doucement avec un chiffon ou utilisez un savon liquide neutre, puis rincez abondamment \u00e0 l'eau.\n- Enlevez r\u00e9guli\u00e8rement la poussi\u00e8re avec un chiffon doux et de l'eau claire.\n- N'utilisez pas de d\u00e9tergents ou de produits abrasifs pour le nettoyage.\n<strong>Ann\u00e9es de garantie :<\/strong> 3 ans\n<strong>Fabriqu\u00e9 conform\u00e9ment \u00e0 la norme :<\/strong> 581-1,581-2,581-3<\/div>\n<\/div>"}],"_links":{"self":[{"href":"https:\/\/keramamueblesdejardin.com\/fr\/wp-json\/wp\/v2\/product\/153088","targetHints":{"allow":["GET"]}}],"collection":[{"href":"https:\/\/keramamueblesdejardin.com\/fr\/wp-json\/wp\/v2\/product"}],"about":[{"href":"https:\/\/keramamueblesdejardin.com\/fr\/wp-json\/wp\/v2\/types\/product"}],"replies":[{"embeddable":true,"href":"https:\/\/keramamueblesdejardin.com\/fr\/wp-json\/wp\/v2\/comments?post=153088"}],"wp:featuredmedia":[{"embeddable":true,"href":"https:\/\/keramamueblesdejardin.com\/fr\/wp-json\/wp\/v2\/media\/151299"}],"wp:attachment":[{"href":"https:\/\/keramamueblesdejardin.com\/fr\/wp-json\/wp\/v2\/media?parent=153088"}],"wp:term":[{"taxonomy":"product_brand","embeddable":true,"href":"https:\/\/keramamueblesdejardin.com\/fr\/wp-json\/wp\/v2\/product_brand?post=153088"},{"taxonomy":"product_cat","embeddable":true,"href":"https:\/\/keramamueblesdejardin.com\/fr\/wp-json\/wp\/v2\/product_cat?post=153088"},{"taxonomy":"product_tag","embeddable":true,"href":"https:\/\/keramamueblesdejardin.com\/fr\/wp-json\/wp\/v2\/product_tag?post=153088"}],"curies":[{"name":"wp","href":"https:\/\/api.w.org\/{rel}","templated":true}]}}