{"id":143383,"date":"2024-01-25T10:12:49","date_gmt":"2024-01-25T09:12:49","guid":{"rendered":"https:\/\/keramamueblesdejardin.com\/non%20class\u00e9\/ensemble-de-jardin-4-places-en-aluminium-beige-et-corde-salerne\/"},"modified":"2025-03-24T17:00:05","modified_gmt":"2025-03-24T16:00:05","slug":"ensemble-de-jardin-4-places-aluminium-et-corde-gris-salerne-2-places","status":"publish","type":"product","link":"https:\/\/keramamueblesdejardin.com\/fr\/salles-exterieures\/ensembles-de-jardin\/ensemble-de-jardin-4-places-aluminium-et-corde-gris-salerne-2-places\/","title":{"rendered":"Ensemble de jardin 4 places en aluminium beige et corde &#8211; Salerne"},"content":{"rendered":"<p>Ensemble de jardin 4 places en aluminium blanc avec corde ol\u00e9fine beige et coussins polyester beige. L\u2019ensemble se compose de 2 fauteuils, d\u2019un canap\u00e9 2 places et d\u2019une table basse avec un cadre en aluminium et un verre c\u00e9ramique beige. Dimensions de la table : 100x55x45 Canap\u00e9 2 places : 152x80x73 Fauteuil : 75x80x73<\/p>\n","protected":false},"excerpt":{"rendered":"<ul>\n<li>Structure en aluminium de couleur blanche<\/li>\n<li>Corde polyester beige<\/li>\n<li>Coussins gris qui peuvent \u00eatre retir\u00e9s et lav\u00e9s<\/li>\n<li>Table\u00a0: 100x55x45 Fauteuil\u00a0: 75x80x73cm Canap\u00e9\u00a0: 152x80x73<\/li>\n<\/ul>\n<h4>LIVRAISONS AU D\u00c9BUT DU MOIS DE SEPTEMBRE<\/h4>\n","protected":false},"featured_media":177132,"comment_status":"closed","ping_status":"closed","template":"","meta":{"_acf_changed":false},"product_brand":[],"product_cat":[599,604],"product_tag":[565,3678,4480],"class_list":{"0":"post-143383","1":"product","2":"type-product","3":"status-publish","4":"has-post-thumbnail","6":"product_cat-ensembles-de-jardin","7":"product_cat-salles-exterieures","8":"product_tag-aluminium","9":"product_tag-corde","10":"product_tag-salerne","11":"product_shipping_class-envio-gratuito-fr","12":"pa_alto-73-fr","13":"pa_ancho-160-fr","14":"pa_asientos-4-fr-2","15":"pa_caracteristicas-accoudoirs","16":"pa_coleccion-salerne","17":"pa_espacio-56-fr","18":"pa_largo-300-fr","19":"pa_m2-480-fr","20":"pa_material-aluminium-corde","21":"pa_tamano-espacio-grand","23":"first","24":"instock","25":"sale","26":"purchasable","27":"product-type-simple","28":"add-to-wishlist-before_image"},"acf":[],"yoast_head":"<!-- This site is optimized with the Yoast SEO plugin v27.2 - https:\/\/yoast.com\/product\/yoast-seo-wordpress\/ -->\n<title>Ensemble de jardin 4 places en aluminium beige et corde - Salerne - Kerama<\/title>\n<meta name=\"robots\" content=\"index, follow, max-snippet:-1, max-image-preview:large, max-video-preview:-1\" \/>\n<link rel=\"canonical\" href=\"https:\/\/keramamueblesdejardin.com\/fr\/salles-exterieures\/ensembles-de-jardin\/ensemble-de-jardin-4-places-aluminium-et-corde-gris-salerne-2-places\/\" \/>\n<meta property=\"og:locale\" content=\"fr_FR\" \/>\n<meta property=\"og:type\" content=\"article\" \/>\n<meta property=\"og:title\" content=\"Ensemble de jardin 4 places en aluminium beige et corde - Salerne - Kerama\" \/>\n<meta property=\"og:description\" content=\"Structure en aluminium de couleur blanche  Corde polyester beige  Coussins gris qui peuvent \u00eatre retir\u00e9s et lav\u00e9s  Table\u00a0: 100x55x45 Fauteuil\u00a0: 75x80x73cm Canap\u00e9\u00a0: 152x80x73  LIVRAISONS AU D\u00c9BUT DU MOIS DE SEPTEMBRE\" \/>\n<meta property=\"og:url\" content=\"https:\/\/keramamueblesdejardin.com\/fr\/salles-exterieures\/ensembles-de-jardin\/ensemble-de-jardin-4-places-aluminium-et-corde-gris-salerne-2-places\/\" \/>\n<meta property=\"og:site_name\" content=\"Kerama\" \/>\n<meta property=\"article:publisher\" content=\"https:\/\/www.facebook.com\/Kerama-Muebles-de-Jard%c3%adn-106209328312568\/\" \/>\n<meta property=\"article:modified_time\" content=\"2025-03-24T16:00:05+00:00\" \/>\n<meta property=\"og:image\" content=\"https:\/\/keramamueblesdejardin.com\/wp-content\/uploads\/2024\/01\/salerno-blanco.jpg\" \/>\n\t<meta property=\"og:image:width\" content=\"1200\" \/>\n\t<meta property=\"og:image:height\" content=\"1200\" \/>\n\t<meta property=\"og:image:type\" content=\"image\/jpeg\" \/>\n<meta name=\"twitter:card\" content=\"summary_large_image\" \/>\n<script type=\"application\/ld+json\" class=\"yoast-schema-graph\">{\"@context\":\"https:\/\/schema.org\",\"@graph\":[{\"@type\":\"WebPage\",\"@id\":\"https:\/\/keramamueblesdejardin.com\/fr\/salles-exterieures\/ensembles-de-jardin\/ensemble-de-jardin-4-places-aluminium-et-corde-gris-salerne-2-places\/\",\"url\":\"https:\/\/keramamueblesdejardin.com\/fr\/salles-exterieures\/ensembles-de-jardin\/ensemble-de-jardin-4-places-aluminium-et-corde-gris-salerne-2-places\/\",\"name\":\"Ensemble de jardin 4 places en aluminium beige et corde - Salerne - Kerama\",\"isPartOf\":{\"@id\":\"https:\/\/keramamueblesdejardin.com\/fr\/#website\"},\"primaryImageOfPage\":{\"@id\":\"https:\/\/keramamueblesdejardin.com\/fr\/salles-exterieures\/ensembles-de-jardin\/ensemble-de-jardin-4-places-aluminium-et-corde-gris-salerne-2-places\/#primaryimage\"},\"image\":{\"@id\":\"https:\/\/keramamueblesdejardin.com\/fr\/salles-exterieures\/ensembles-de-jardin\/ensemble-de-jardin-4-places-aluminium-et-corde-gris-salerne-2-places\/#primaryimage\"},\"thumbnailUrl\":\"https:\/\/keramamueblesdejardin.com\/wp-content\/uploads\/2024\/01\/salerno-blanco.jpg\",\"datePublished\":\"2024-01-25T09:12:49+00:00\",\"dateModified\":\"2025-03-24T16:00:05+00:00\",\"breadcrumb\":{\"@id\":\"https:\/\/keramamueblesdejardin.com\/fr\/salles-exterieures\/ensembles-de-jardin\/ensemble-de-jardin-4-places-aluminium-et-corde-gris-salerne-2-places\/#breadcrumb\"},\"inLanguage\":\"fr-FR\",\"potentialAction\":[{\"@type\":\"ReadAction\",\"target\":[\"https:\/\/keramamueblesdejardin.com\/fr\/salles-exterieures\/ensembles-de-jardin\/ensemble-de-jardin-4-places-aluminium-et-corde-gris-salerne-2-places\/\"]}]},{\"@type\":\"ImageObject\",\"inLanguage\":\"fr-FR\",\"@id\":\"https:\/\/keramamueblesdejardin.com\/fr\/salles-exterieures\/ensembles-de-jardin\/ensemble-de-jardin-4-places-aluminium-et-corde-gris-salerne-2-places\/#primaryimage\",\"url\":\"https:\/\/keramamueblesdejardin.com\/wp-content\/uploads\/2024\/01\/salerno-blanco.jpg\",\"contentUrl\":\"https:\/\/keramamueblesdejardin.com\/wp-content\/uploads\/2024\/01\/salerno-blanco.jpg\",\"width\":1200,\"height\":1200},{\"@type\":\"BreadcrumbList\",\"@id\":\"https:\/\/keramamueblesdejardin.com\/fr\/salles-exterieures\/ensembles-de-jardin\/ensemble-de-jardin-4-places-aluminium-et-corde-gris-salerne-2-places\/#breadcrumb\",\"itemListElement\":[{\"@type\":\"ListItem\",\"position\":1,\"name\":\"Home\",\"item\":\"https:\/\/keramamueblesdejardin.com\/fr\/\"},{\"@type\":\"ListItem\",\"position\":2,\"name\":\"Boutique\",\"item\":\"https:\/\/keramamueblesdejardin.com\/tienda\/\"},{\"@type\":\"ListItem\",\"position\":3,\"name\":\"Salles ext\u00e9rieures\",\"item\":\"https:\/\/keramamueblesdejardin.com\/fr\/salles-exterieures\/\"},{\"@type\":\"ListItem\",\"position\":4,\"name\":\"Ensembles de jardin\",\"item\":\"https:\/\/keramamueblesdejardin.com\/fr\/salles-exterieures\/ensembles-de-jardin\/\"},{\"@type\":\"ListItem\",\"position\":5,\"name\":\"Ensemble de jardin 4 places en aluminium beige et corde &#8211; Salerne\"}]},{\"@type\":\"WebSite\",\"@id\":\"https:\/\/keramamueblesdejardin.com\/fr\/#website\",\"url\":\"https:\/\/keramamueblesdejardin.com\/fr\/\",\"name\":\"Kerama\",\"description\":\"muebles de jard\u00edn\",\"publisher\":{\"@id\":\"https:\/\/keramamueblesdejardin.com\/fr\/#organization\"},\"potentialAction\":[{\"@type\":\"SearchAction\",\"target\":{\"@type\":\"EntryPoint\",\"urlTemplate\":\"https:\/\/keramamueblesdejardin.com\/fr\/?s={search_term_string}\"},\"query-input\":{\"@type\":\"PropertyValueSpecification\",\"valueRequired\":true,\"valueName\":\"search_term_string\"}}],\"inLanguage\":\"fr-FR\"},{\"@type\":\"Organization\",\"@id\":\"https:\/\/keramamueblesdejardin.com\/fr\/#organization\",\"name\":\"kerama\",\"url\":\"https:\/\/keramamueblesdejardin.com\/fr\/\",\"logo\":{\"@type\":\"ImageObject\",\"inLanguage\":\"fr-FR\",\"@id\":\"https:\/\/keramamueblesdejardin.com\/fr\/#\/schema\/logo\/image\/\",\"url\":\"https:\/\/keramamueblesdejardin.com\/wp-content\/uploads\/2020\/12\/k.-scaled.jpg\",\"contentUrl\":\"https:\/\/keramamueblesdejardin.com\/wp-content\/uploads\/2020\/12\/k.-scaled.jpg\",\"width\":2560,\"height\":551,\"caption\":\"kerama\"},\"image\":{\"@id\":\"https:\/\/keramamueblesdejardin.com\/fr\/#\/schema\/logo\/image\/\"},\"sameAs\":[\"https:\/\/www.facebook.com\/Kerama-Muebles-de-Jard\u00edn-106209328312568\/\"]}]}<\/script>\n<!-- \/ Yoast SEO plugin. -->","yoast_head_json":{"title":"Ensemble de jardin 4 places en aluminium beige et corde - Salerne - Kerama","robots":{"index":"index","follow":"follow","max-snippet":"max-snippet:-1","max-image-preview":"max-image-preview:large","max-video-preview":"max-video-preview:-1"},"canonical":"https:\/\/keramamueblesdejardin.com\/fr\/salles-exterieures\/ensembles-de-jardin\/ensemble-de-jardin-4-places-aluminium-et-corde-gris-salerne-2-places\/","og_locale":"fr_FR","og_type":"article","og_title":"Ensemble de jardin 4 places en aluminium beige et corde - Salerne - Kerama","og_description":"Structure en aluminium de couleur blanche  Corde polyester beige  Coussins gris qui peuvent \u00eatre retir\u00e9s et lav\u00e9s  Table\u00a0: 100x55x45 Fauteuil\u00a0: 75x80x73cm Canap\u00e9\u00a0: 152x80x73  LIVRAISONS AU D\u00c9BUT DU MOIS DE SEPTEMBRE","og_url":"https:\/\/keramamueblesdejardin.com\/fr\/salles-exterieures\/ensembles-de-jardin\/ensemble-de-jardin-4-places-aluminium-et-corde-gris-salerne-2-places\/","og_site_name":"Kerama","article_publisher":"https:\/\/www.facebook.com\/Kerama-Muebles-de-Jard%c3%adn-106209328312568\/","article_modified_time":"2025-03-24T16:00:05+00:00","og_image":[{"width":1200,"height":1200,"url":"https:\/\/keramamueblesdejardin.com\/wp-content\/uploads\/2024\/01\/salerno-blanco.jpg","type":"image\/jpeg"}],"twitter_card":"summary_large_image","schema":{"@context":"https:\/\/schema.org","@graph":[{"@type":"WebPage","@id":"https:\/\/keramamueblesdejardin.com\/fr\/salles-exterieures\/ensembles-de-jardin\/ensemble-de-jardin-4-places-aluminium-et-corde-gris-salerne-2-places\/","url":"https:\/\/keramamueblesdejardin.com\/fr\/salles-exterieures\/ensembles-de-jardin\/ensemble-de-jardin-4-places-aluminium-et-corde-gris-salerne-2-places\/","name":"Ensemble de jardin 4 places en aluminium beige et corde - Salerne - Kerama","isPartOf":{"@id":"https:\/\/keramamueblesdejardin.com\/fr\/#website"},"primaryImageOfPage":{"@id":"https:\/\/keramamueblesdejardin.com\/fr\/salles-exterieures\/ensembles-de-jardin\/ensemble-de-jardin-4-places-aluminium-et-corde-gris-salerne-2-places\/#primaryimage"},"image":{"@id":"https:\/\/keramamueblesdejardin.com\/fr\/salles-exterieures\/ensembles-de-jardin\/ensemble-de-jardin-4-places-aluminium-et-corde-gris-salerne-2-places\/#primaryimage"},"thumbnailUrl":"https:\/\/keramamueblesdejardin.com\/wp-content\/uploads\/2024\/01\/salerno-blanco.jpg","datePublished":"2024-01-25T09:12:49+00:00","dateModified":"2025-03-24T16:00:05+00:00","breadcrumb":{"@id":"https:\/\/keramamueblesdejardin.com\/fr\/salles-exterieures\/ensembles-de-jardin\/ensemble-de-jardin-4-places-aluminium-et-corde-gris-salerne-2-places\/#breadcrumb"},"inLanguage":"fr-FR","potentialAction":[{"@type":"ReadAction","target":["https:\/\/keramamueblesdejardin.com\/fr\/salles-exterieures\/ensembles-de-jardin\/ensemble-de-jardin-4-places-aluminium-et-corde-gris-salerne-2-places\/"]}]},{"@type":"ImageObject","inLanguage":"fr-FR","@id":"https:\/\/keramamueblesdejardin.com\/fr\/salles-exterieures\/ensembles-de-jardin\/ensemble-de-jardin-4-places-aluminium-et-corde-gris-salerne-2-places\/#primaryimage","url":"https:\/\/keramamueblesdejardin.com\/wp-content\/uploads\/2024\/01\/salerno-blanco.jpg","contentUrl":"https:\/\/keramamueblesdejardin.com\/wp-content\/uploads\/2024\/01\/salerno-blanco.jpg","width":1200,"height":1200},{"@type":"BreadcrumbList","@id":"https:\/\/keramamueblesdejardin.com\/fr\/salles-exterieures\/ensembles-de-jardin\/ensemble-de-jardin-4-places-aluminium-et-corde-gris-salerne-2-places\/#breadcrumb","itemListElement":[{"@type":"ListItem","position":1,"name":"Home","item":"https:\/\/keramamueblesdejardin.com\/fr\/"},{"@type":"ListItem","position":2,"name":"Boutique","item":"https:\/\/keramamueblesdejardin.com\/tienda\/"},{"@type":"ListItem","position":3,"name":"Salles ext\u00e9rieures","item":"https:\/\/keramamueblesdejardin.com\/fr\/salles-exterieures\/"},{"@type":"ListItem","position":4,"name":"Ensembles de jardin","item":"https:\/\/keramamueblesdejardin.com\/fr\/salles-exterieures\/ensembles-de-jardin\/"},{"@type":"ListItem","position":5,"name":"Ensemble de jardin 4 places en aluminium beige et corde &#8211; Salerne"}]},{"@type":"WebSite","@id":"https:\/\/keramamueblesdejardin.com\/fr\/#website","url":"https:\/\/keramamueblesdejardin.com\/fr\/","name":"Kerama","description":"muebles de jard\u00edn","publisher":{"@id":"https:\/\/keramamueblesdejardin.com\/fr\/#organization"},"potentialAction":[{"@type":"SearchAction","target":{"@type":"EntryPoint","urlTemplate":"https:\/\/keramamueblesdejardin.com\/fr\/?s={search_term_string}"},"query-input":{"@type":"PropertyValueSpecification","valueRequired":true,"valueName":"search_term_string"}}],"inLanguage":"fr-FR"},{"@type":"Organization","@id":"https:\/\/keramamueblesdejardin.com\/fr\/#organization","name":"kerama","url":"https:\/\/keramamueblesdejardin.com\/fr\/","logo":{"@type":"ImageObject","inLanguage":"fr-FR","@id":"https:\/\/keramamueblesdejardin.com\/fr\/#\/schema\/logo\/image\/","url":"https:\/\/keramamueblesdejardin.com\/wp-content\/uploads\/2020\/12\/k.-scaled.jpg","contentUrl":"https:\/\/keramamueblesdejardin.com\/wp-content\/uploads\/2020\/12\/k.-scaled.jpg","width":2560,"height":551,"caption":"kerama"},"image":{"@id":"https:\/\/keramamueblesdejardin.com\/fr\/#\/schema\/logo\/image\/"},"sameAs":["https:\/\/www.facebook.com\/Kerama-Muebles-de-Jard\u00edn-106209328312568\/"]}]}},"df_price":1279,"df_sale_price":1279,"df_regular_price":1919,"df_image_link":"https:\/\/keramamueblesdejardin.com\/wp-content\/uploads\/2024\/01\/salerno-blanco-300x300.jpg","custom_tabs":[{"title":"MESURES","id":"mesures","content":"<div class=\"list\"><strong>Hauteur :<\/strong> table 45cm \/\/ fauteuil 73cm \/\/ canap\u00e9 2 places 73cm\r\n<strong>Largeur :<\/strong> table 100cm \/\/ fauteuil 71cm \/\/ canap\u00e9 2 places 152cm\r\n<strong>Bas :<\/strong> table 55cm \/\/ fauteuil 80cm \/\/ canap\u00e9 2 places 80cm<\/div>"},{"title":"D\u00c9BALLAGE ET MONTAGE","id":"deballage-et-montage","content":"<div class=\"list\"><strong style=\"font-weight: bold; color: #282828;\">Recommandations pour le d\u00e9ballage :<\/strong><span style=\"color: #282828;\"> N'utilisez pas d'outils tranchants lors du d\u00e9ballage du meuble, car cela pourrait l'endommager.<\/span><br style=\"color: #282828;\" \/><strong style=\"font-weight: bold; color: #282828;\">Montage requis (O\/N) :<\/strong><span style=\"color: #282828;\"> Non<\/span><\/div>"},{"title":"ENTRETIEN ET GARANTIES","id":"entretien-et-garanties","content":"<div class=\"moz-signature\">\r\n<div class=\"list\"><strong>Recommandations g\u00e9n\u00e9rales :<\/strong>\r\n- Les d\u00e9faillances ou les dommages caus\u00e9s par les \u00e9l\u00e9ments suivants sont exclus de la garantie :\r\n- Les causes accidentelles telles que chutes, coups, d\u00e9versement de liquides, introduction de corps \u00e9trangers, ainsi que toute autre force majeure.\r\n- Utilisation n\u00e9gligente, inappropri\u00e9e ou non domestique.\r\n- Dommages, corrosion et\/ou oxydation acc\u00e9l\u00e9r\u00e9s par des conditions environnementales d\u00e9favorables.\r\n- Taches et d\u00e9coloration dues au non-respect de nos instructions de nettoyage.\r\n- Dommages survenus lors du montage et de la manipulation sans respecter les instructions de montage.\r\n<strong>Instructions d'utilisation et d'entretien :<\/strong>\r\n- Essuyez doucement avec un chiffon ou utilisez un savon liquide neutre, puis rincez abondamment \u00e0 l'eau.\r\n- Enlevez r\u00e9guli\u00e8rement la poussi\u00e8re avec un chiffon doux et de l'eau claire.\r\n- N'utilisez pas de d\u00e9tergents ou de produits abrasifs pour le nettoyage.\r\n<strong>Ann\u00e9es de garantie :<\/strong> 3 ans\r\n<strong>Fabriqu\u00e9 conform\u00e9ment \u00e0 la norme :<\/strong> 581-1,581-2,581-3<\/div>\r\n<\/div>"}],"_links":{"self":[{"href":"https:\/\/keramamueblesdejardin.com\/fr\/wp-json\/wp\/v2\/product\/143383","targetHints":{"allow":["GET"]}}],"collection":[{"href":"https:\/\/keramamueblesdejardin.com\/fr\/wp-json\/wp\/v2\/product"}],"about":[{"href":"https:\/\/keramamueblesdejardin.com\/fr\/wp-json\/wp\/v2\/types\/product"}],"replies":[{"embeddable":true,"href":"https:\/\/keramamueblesdejardin.com\/fr\/wp-json\/wp\/v2\/comments?post=143383"}],"wp:featuredmedia":[{"embeddable":true,"href":"https:\/\/keramamueblesdejardin.com\/fr\/wp-json\/wp\/v2\/media\/177132"}],"wp:attachment":[{"href":"https:\/\/keramamueblesdejardin.com\/fr\/wp-json\/wp\/v2\/media?parent=143383"}],"wp:term":[{"taxonomy":"product_brand","embeddable":true,"href":"https:\/\/keramamueblesdejardin.com\/fr\/wp-json\/wp\/v2\/product_brand?post=143383"},{"taxonomy":"product_cat","embeddable":true,"href":"https:\/\/keramamueblesdejardin.com\/fr\/wp-json\/wp\/v2\/product_cat?post=143383"},{"taxonomy":"product_tag","embeddable":true,"href":"https:\/\/keramamueblesdejardin.com\/fr\/wp-json\/wp\/v2\/product_tag?post=143383"}],"curies":[{"name":"wp","href":"https:\/\/api.w.org\/{rel}","templated":true}]}}