{"id":142124,"date":"2022-09-13T15:24:15","date_gmt":"2022-09-13T13:24:15","guid":{"rendered":"https:\/\/keramamueblesdejardin.com\/non%20class\u00e9\/table-de-balcon-pour-accrocher-sur-garde-corps-pliant-en-bois-couleur-lumiere-60x44-5-java-light\/"},"modified":"2025-03-07T12:41:49","modified_gmt":"2025-03-07T11:41:49","slug":"table-de-balcon-pour-co-dans-pliage-garde-en-bois-lumiere-couleur-60x445-java-light","status":"publish","type":"product","link":"https:\/\/keramamueblesdejardin.com\/fr\/diner-en-plein-air\/tables-de-jardin\/table-de-balcon-pour-co-dans-pliage-garde-en-bois-lumiere-couleur-60x445-java-light\/","title":{"rendered":"Table de balcon pour accrocher sur garde-corps pliant en bois couleur lumi\u00e8re 60&#215;44.5 &#8211; Java Light"},"content":{"rendered":"<p>Table de balcon sp\u00e9ciale pour prendre sur la balustrade en bois pliante couleur claire 60&#215;44,5&#215;70 cm. Comprend des crochets pour cpgar sur le balcon. Il est fabriqu\u00e9 en finition de couleur claire en bois d\u2019acacia FSC. Id\u00e9al pour les balcons et les petits espaces.<\/p>\n","protected":false},"excerpt":{"rendered":"<ul>\n<li>Mesures : 60&#215;44,5&#215;70 cm<\/li>\n<li>Fabriqu\u00e9 en bois d\u2019acacia certifi\u00e9 FSC. Finition en bois clair<\/li>\n<li>avec crochets pour accrocher \u00e0 la balustrade du balcon<\/li>\n<li>Pliable.<\/li>\n<\/ul>\n","protected":false},"featured_media":139959,"comment_status":"closed","ping_status":"closed","template":"","meta":{"_acf_changed":false},"product_brand":[],"product_cat":[578,627],"product_tag":[582,581,583,584],"class_list":{"0":"post-142124","1":"product","2":"type-product","3":"status-publish","4":"has-post-thumbnail","6":"product_cat-diner-en-plein-air","7":"product_cat-tables-de-jardin","8":"product_tag-acacia-fr","9":"product_tag-bois","10":"product_tag-java-fr","11":"product_tag-pliable","12":"product_shipping_class-envio-gratuito-fr","13":"pa_caracteristicas-pliant-fr","14":"pa_coleccion-java-light-fr","15":"pa_material-madera-clara-fr","17":"first","18":"instock","19":"sale","20":"purchasable","21":"product-type-simple","22":"add-to-wishlist-before_image"},"acf":[],"yoast_head":"<!-- This site is optimized with the Yoast SEO plugin v27.2 - https:\/\/yoast.com\/product\/yoast-seo-wordpress\/ -->\n<title>Table de balcon pour accrocher sur garde-corps pliant en bois couleur lumi\u00e8re 60x44.5 - Java Light - Kerama<\/title>\n<meta name=\"robots\" content=\"index, follow, max-snippet:-1, max-image-preview:large, max-video-preview:-1\" \/>\n<link rel=\"canonical\" href=\"https:\/\/keramamueblesdejardin.com\/fr\/diner-en-plein-air\/tables-de-jardin\/table-de-balcon-pour-co-dans-pliage-garde-en-bois-lumiere-couleur-60x445-java-light\/\" \/>\n<meta property=\"og:locale\" content=\"fr_FR\" \/>\n<meta property=\"og:type\" content=\"article\" \/>\n<meta property=\"og:title\" content=\"Table de balcon pour accrocher sur garde-corps pliant en bois couleur lumi\u00e8re 60x44.5 - Java Light - Kerama\" \/>\n<meta property=\"og:description\" content=\"Mesures : 60x44,5x70 cm  Fabriqu\u00e9 en bois d\u2019acacia certifi\u00e9 FSC. Finition en bois clair  avec crochets pour accrocher \u00e0 la balustrade du balcon  Pliable.\" \/>\n<meta property=\"og:url\" content=\"https:\/\/keramamueblesdejardin.com\/fr\/diner-en-plein-air\/tables-de-jardin\/table-de-balcon-pour-co-dans-pliage-garde-en-bois-lumiere-couleur-60x445-java-light\/\" \/>\n<meta property=\"og:site_name\" content=\"Kerama\" \/>\n<meta property=\"article:publisher\" content=\"https:\/\/www.facebook.com\/Kerama-Muebles-de-Jard%c3%adn-106209328312568\/\" \/>\n<meta property=\"article:modified_time\" content=\"2025-03-07T11:41:49+00:00\" \/>\n<meta property=\"og:image\" content=\"https:\/\/keramamueblesdejardin.com\/wp-content\/uploads\/2022\/09\/mesa-de-balcon-barandilla-plegable-de-madera-color-claro-60x44-5-scaled.jpg\" \/>\n\t<meta property=\"og:image:width\" content=\"2560\" \/>\n\t<meta property=\"og:image:height\" content=\"2560\" \/>\n\t<meta property=\"og:image:type\" content=\"image\/jpeg\" \/>\n<meta name=\"twitter:card\" content=\"summary_large_image\" \/>\n<script type=\"application\/ld+json\" class=\"yoast-schema-graph\">{\"@context\":\"https:\/\/schema.org\",\"@graph\":[{\"@type\":\"WebPage\",\"@id\":\"https:\/\/keramamueblesdejardin.com\/fr\/diner-en-plein-air\/tables-de-jardin\/table-de-balcon-pour-co-dans-pliage-garde-en-bois-lumiere-couleur-60x445-java-light\/\",\"url\":\"https:\/\/keramamueblesdejardin.com\/fr\/diner-en-plein-air\/tables-de-jardin\/table-de-balcon-pour-co-dans-pliage-garde-en-bois-lumiere-couleur-60x445-java-light\/\",\"name\":\"Table de balcon pour accrocher sur garde-corps pliant en bois couleur lumi\u00e8re 60x44.5 - Java Light - Kerama\",\"isPartOf\":{\"@id\":\"https:\/\/keramamueblesdejardin.com\/fr\/#website\"},\"primaryImageOfPage\":{\"@id\":\"https:\/\/keramamueblesdejardin.com\/fr\/diner-en-plein-air\/tables-de-jardin\/table-de-balcon-pour-co-dans-pliage-garde-en-bois-lumiere-couleur-60x445-java-light\/#primaryimage\"},\"image\":{\"@id\":\"https:\/\/keramamueblesdejardin.com\/fr\/diner-en-plein-air\/tables-de-jardin\/table-de-balcon-pour-co-dans-pliage-garde-en-bois-lumiere-couleur-60x445-java-light\/#primaryimage\"},\"thumbnailUrl\":\"https:\/\/keramamueblesdejardin.com\/wp-content\/uploads\/2022\/09\/mesa-de-balcon-barandilla-plegable-de-madera-color-claro-60x44-5-scaled.jpg\",\"datePublished\":\"2022-09-13T13:24:15+00:00\",\"dateModified\":\"2025-03-07T11:41:49+00:00\",\"breadcrumb\":{\"@id\":\"https:\/\/keramamueblesdejardin.com\/fr\/diner-en-plein-air\/tables-de-jardin\/table-de-balcon-pour-co-dans-pliage-garde-en-bois-lumiere-couleur-60x445-java-light\/#breadcrumb\"},\"inLanguage\":\"fr-FR\",\"potentialAction\":[{\"@type\":\"ReadAction\",\"target\":[\"https:\/\/keramamueblesdejardin.com\/fr\/diner-en-plein-air\/tables-de-jardin\/table-de-balcon-pour-co-dans-pliage-garde-en-bois-lumiere-couleur-60x445-java-light\/\"]}]},{\"@type\":\"ImageObject\",\"inLanguage\":\"fr-FR\",\"@id\":\"https:\/\/keramamueblesdejardin.com\/fr\/diner-en-plein-air\/tables-de-jardin\/table-de-balcon-pour-co-dans-pliage-garde-en-bois-lumiere-couleur-60x445-java-light\/#primaryimage\",\"url\":\"https:\/\/keramamueblesdejardin.com\/wp-content\/uploads\/2022\/09\/mesa-de-balcon-barandilla-plegable-de-madera-color-claro-60x44-5-scaled.jpg\",\"contentUrl\":\"https:\/\/keramamueblesdejardin.com\/wp-content\/uploads\/2022\/09\/mesa-de-balcon-barandilla-plegable-de-madera-color-claro-60x44-5-scaled.jpg\",\"width\":2560,\"height\":2560},{\"@type\":\"BreadcrumbList\",\"@id\":\"https:\/\/keramamueblesdejardin.com\/fr\/diner-en-plein-air\/tables-de-jardin\/table-de-balcon-pour-co-dans-pliage-garde-en-bois-lumiere-couleur-60x445-java-light\/#breadcrumb\",\"itemListElement\":[{\"@type\":\"ListItem\",\"position\":1,\"name\":\"Home\",\"item\":\"https:\/\/keramamueblesdejardin.com\/fr\/\"},{\"@type\":\"ListItem\",\"position\":2,\"name\":\"Boutique\",\"item\":\"https:\/\/keramamueblesdejardin.com\/tienda\/\"},{\"@type\":\"ListItem\",\"position\":3,\"name\":\"D\u00eener en plein air\",\"item\":\"https:\/\/keramamueblesdejardin.com\/fr\/diner-en-plein-air\/\"},{\"@type\":\"ListItem\",\"position\":4,\"name\":\"Tables de jardin\",\"item\":\"https:\/\/keramamueblesdejardin.com\/fr\/diner-en-plein-air\/tables-de-jardin\/\"},{\"@type\":\"ListItem\",\"position\":5,\"name\":\"Table de balcon pour accrocher sur garde-corps pliant en bois couleur lumi\u00e8re 60&#215;44.5 &#8211; Java Light\"}]},{\"@type\":\"WebSite\",\"@id\":\"https:\/\/keramamueblesdejardin.com\/fr\/#website\",\"url\":\"https:\/\/keramamueblesdejardin.com\/fr\/\",\"name\":\"Kerama\",\"description\":\"muebles de jard\u00edn\",\"publisher\":{\"@id\":\"https:\/\/keramamueblesdejardin.com\/fr\/#organization\"},\"potentialAction\":[{\"@type\":\"SearchAction\",\"target\":{\"@type\":\"EntryPoint\",\"urlTemplate\":\"https:\/\/keramamueblesdejardin.com\/fr\/?s={search_term_string}\"},\"query-input\":{\"@type\":\"PropertyValueSpecification\",\"valueRequired\":true,\"valueName\":\"search_term_string\"}}],\"inLanguage\":\"fr-FR\"},{\"@type\":\"Organization\",\"@id\":\"https:\/\/keramamueblesdejardin.com\/fr\/#organization\",\"name\":\"kerama\",\"url\":\"https:\/\/keramamueblesdejardin.com\/fr\/\",\"logo\":{\"@type\":\"ImageObject\",\"inLanguage\":\"fr-FR\",\"@id\":\"https:\/\/keramamueblesdejardin.com\/fr\/#\/schema\/logo\/image\/\",\"url\":\"https:\/\/keramamueblesdejardin.com\/wp-content\/uploads\/2020\/12\/k.-scaled.jpg\",\"contentUrl\":\"https:\/\/keramamueblesdejardin.com\/wp-content\/uploads\/2020\/12\/k.-scaled.jpg\",\"width\":2560,\"height\":551,\"caption\":\"kerama\"},\"image\":{\"@id\":\"https:\/\/keramamueblesdejardin.com\/fr\/#\/schema\/logo\/image\/\"},\"sameAs\":[\"https:\/\/www.facebook.com\/Kerama-Muebles-de-Jard\u00edn-106209328312568\/\"]}]}<\/script>\n<!-- \/ Yoast SEO plugin. -->","yoast_head_json":{"title":"Table de balcon pour accrocher sur garde-corps pliant en bois couleur lumi\u00e8re 60x44.5 - Java Light - Kerama","robots":{"index":"index","follow":"follow","max-snippet":"max-snippet:-1","max-image-preview":"max-image-preview:large","max-video-preview":"max-video-preview:-1"},"canonical":"https:\/\/keramamueblesdejardin.com\/fr\/diner-en-plein-air\/tables-de-jardin\/table-de-balcon-pour-co-dans-pliage-garde-en-bois-lumiere-couleur-60x445-java-light\/","og_locale":"fr_FR","og_type":"article","og_title":"Table de balcon pour accrocher sur garde-corps pliant en bois couleur lumi\u00e8re 60x44.5 - Java Light - Kerama","og_description":"Mesures : 60x44,5x70 cm  Fabriqu\u00e9 en bois d\u2019acacia certifi\u00e9 FSC. Finition en bois clair  avec crochets pour accrocher \u00e0 la balustrade du balcon  Pliable.","og_url":"https:\/\/keramamueblesdejardin.com\/fr\/diner-en-plein-air\/tables-de-jardin\/table-de-balcon-pour-co-dans-pliage-garde-en-bois-lumiere-couleur-60x445-java-light\/","og_site_name":"Kerama","article_publisher":"https:\/\/www.facebook.com\/Kerama-Muebles-de-Jard%c3%adn-106209328312568\/","article_modified_time":"2025-03-07T11:41:49+00:00","og_image":[{"width":2560,"height":2560,"url":"https:\/\/keramamueblesdejardin.com\/wp-content\/uploads\/2022\/09\/mesa-de-balcon-barandilla-plegable-de-madera-color-claro-60x44-5-scaled.jpg","type":"image\/jpeg"}],"twitter_card":"summary_large_image","schema":{"@context":"https:\/\/schema.org","@graph":[{"@type":"WebPage","@id":"https:\/\/keramamueblesdejardin.com\/fr\/diner-en-plein-air\/tables-de-jardin\/table-de-balcon-pour-co-dans-pliage-garde-en-bois-lumiere-couleur-60x445-java-light\/","url":"https:\/\/keramamueblesdejardin.com\/fr\/diner-en-plein-air\/tables-de-jardin\/table-de-balcon-pour-co-dans-pliage-garde-en-bois-lumiere-couleur-60x445-java-light\/","name":"Table de balcon pour accrocher sur garde-corps pliant en bois couleur lumi\u00e8re 60x44.5 - Java Light - Kerama","isPartOf":{"@id":"https:\/\/keramamueblesdejardin.com\/fr\/#website"},"primaryImageOfPage":{"@id":"https:\/\/keramamueblesdejardin.com\/fr\/diner-en-plein-air\/tables-de-jardin\/table-de-balcon-pour-co-dans-pliage-garde-en-bois-lumiere-couleur-60x445-java-light\/#primaryimage"},"image":{"@id":"https:\/\/keramamueblesdejardin.com\/fr\/diner-en-plein-air\/tables-de-jardin\/table-de-balcon-pour-co-dans-pliage-garde-en-bois-lumiere-couleur-60x445-java-light\/#primaryimage"},"thumbnailUrl":"https:\/\/keramamueblesdejardin.com\/wp-content\/uploads\/2022\/09\/mesa-de-balcon-barandilla-plegable-de-madera-color-claro-60x44-5-scaled.jpg","datePublished":"2022-09-13T13:24:15+00:00","dateModified":"2025-03-07T11:41:49+00:00","breadcrumb":{"@id":"https:\/\/keramamueblesdejardin.com\/fr\/diner-en-plein-air\/tables-de-jardin\/table-de-balcon-pour-co-dans-pliage-garde-en-bois-lumiere-couleur-60x445-java-light\/#breadcrumb"},"inLanguage":"fr-FR","potentialAction":[{"@type":"ReadAction","target":["https:\/\/keramamueblesdejardin.com\/fr\/diner-en-plein-air\/tables-de-jardin\/table-de-balcon-pour-co-dans-pliage-garde-en-bois-lumiere-couleur-60x445-java-light\/"]}]},{"@type":"ImageObject","inLanguage":"fr-FR","@id":"https:\/\/keramamueblesdejardin.com\/fr\/diner-en-plein-air\/tables-de-jardin\/table-de-balcon-pour-co-dans-pliage-garde-en-bois-lumiere-couleur-60x445-java-light\/#primaryimage","url":"https:\/\/keramamueblesdejardin.com\/wp-content\/uploads\/2022\/09\/mesa-de-balcon-barandilla-plegable-de-madera-color-claro-60x44-5-scaled.jpg","contentUrl":"https:\/\/keramamueblesdejardin.com\/wp-content\/uploads\/2022\/09\/mesa-de-balcon-barandilla-plegable-de-madera-color-claro-60x44-5-scaled.jpg","width":2560,"height":2560},{"@type":"BreadcrumbList","@id":"https:\/\/keramamueblesdejardin.com\/fr\/diner-en-plein-air\/tables-de-jardin\/table-de-balcon-pour-co-dans-pliage-garde-en-bois-lumiere-couleur-60x445-java-light\/#breadcrumb","itemListElement":[{"@type":"ListItem","position":1,"name":"Home","item":"https:\/\/keramamueblesdejardin.com\/fr\/"},{"@type":"ListItem","position":2,"name":"Boutique","item":"https:\/\/keramamueblesdejardin.com\/tienda\/"},{"@type":"ListItem","position":3,"name":"D\u00eener en plein air","item":"https:\/\/keramamueblesdejardin.com\/fr\/diner-en-plein-air\/"},{"@type":"ListItem","position":4,"name":"Tables de jardin","item":"https:\/\/keramamueblesdejardin.com\/fr\/diner-en-plein-air\/tables-de-jardin\/"},{"@type":"ListItem","position":5,"name":"Table de balcon pour accrocher sur garde-corps pliant en bois couleur lumi\u00e8re 60&#215;44.5 &#8211; Java Light"}]},{"@type":"WebSite","@id":"https:\/\/keramamueblesdejardin.com\/fr\/#website","url":"https:\/\/keramamueblesdejardin.com\/fr\/","name":"Kerama","description":"muebles de jard\u00edn","publisher":{"@id":"https:\/\/keramamueblesdejardin.com\/fr\/#organization"},"potentialAction":[{"@type":"SearchAction","target":{"@type":"EntryPoint","urlTemplate":"https:\/\/keramamueblesdejardin.com\/fr\/?s={search_term_string}"},"query-input":{"@type":"PropertyValueSpecification","valueRequired":true,"valueName":"search_term_string"}}],"inLanguage":"fr-FR"},{"@type":"Organization","@id":"https:\/\/keramamueblesdejardin.com\/fr\/#organization","name":"kerama","url":"https:\/\/keramamueblesdejardin.com\/fr\/","logo":{"@type":"ImageObject","inLanguage":"fr-FR","@id":"https:\/\/keramamueblesdejardin.com\/fr\/#\/schema\/logo\/image\/","url":"https:\/\/keramamueblesdejardin.com\/wp-content\/uploads\/2020\/12\/k.-scaled.jpg","contentUrl":"https:\/\/keramamueblesdejardin.com\/wp-content\/uploads\/2020\/12\/k.-scaled.jpg","width":2560,"height":551,"caption":"kerama"},"image":{"@id":"https:\/\/keramamueblesdejardin.com\/fr\/#\/schema\/logo\/image\/"},"sameAs":["https:\/\/www.facebook.com\/Kerama-Muebles-de-Jard\u00edn-106209328312568\/"]}]}},"df_price":69,"df_sale_price":69,"df_regular_price":88,"df_image_link":"https:\/\/keramamueblesdejardin.com\/wp-content\/uploads\/2022\/09\/mesa-de-balcon-barandilla-plegable-de-madera-color-claro-60x44-5-300x300.jpg","custom_tabs":[{"title":"MESURES","id":"mesures","content":"<div class=\"list\"><strong>Hauteur: <\/strong>60cm<\/div>\n<div class=\"list\"><strong>Largeur : <\/strong>44,5 cm<\/div>\n<div class=\"list\"><strong>Profondeur: <\/strong>70cm<\/div>\n<div class=\"list\"><\/div>"},{"title":"ENTRETIEN ET GARANTIES","id":"entretien-et-garanties","content":"<strong>Recommandations g\u00e9n\u00e9rales :<\/strong>\n- Les d\u00e9faillances ou les dommages caus\u00e9s par les \u00e9l\u00e9ments suivants sont exclus de la garantie :\n- Les causes accidentelles telles que chutes, coups, d\u00e9versement de liquides, introduction de corps \u00e9trangers, ainsi que toute autre force majeure.\n- Utilisation n\u00e9gligente, inappropri\u00e9e ou non domestique.\n- Dommages, corrosion et\/ou oxydation acc\u00e9l\u00e9r\u00e9s par des conditions environnementales d\u00e9favorables.\n- Taches et d\u00e9coloration dues au non-respect de nos instructions de nettoyage.\n- Dommages survenus lors du montage et de la manipulation sans respecter les instructions de montage.\n<strong>Instructions d'utilisation et d'entretien :<\/strong>\n- Essuyez doucement avec un chiffon ou utilisez un savon liquide neutre, puis rincez abondamment \u00e0 l'eau.\n- Enlevez r\u00e9guli\u00e8rement la poussi\u00e8re avec un chiffon doux et de l'eau claire.\n- N'utilisez pas de d\u00e9tergents ou de produits abrasifs pour le nettoyage.\n- Traitement \u00e0 l'huile de lin : Avant d'appliquer une couche d'huile de lin sur le produit \u00e0 l'\u00e9tat naturel, il est conseill\u00e9 de le laisser \u00e0 l'ext\u00e9rieur pendant 2 \u00e0 3 semaines afin de lui donner un aspect homog\u00e8ne et de l'a\u00e9rer. Nettoyer \u00e0 l'eau claire \u00e0 l'aide d'une brosse et laisser s\u00e9cher. Une fois qu'elle est bien s\u00e8che, poncez-la avec une feuille de papier de verre d'un grammage compris entre 120 et 150, avec pr\u00e9caution et sans appuyer, en suivant, autant que possible, le sens des veines ; cette op\u00e9ration ne doit jamais \u00eatre effectu\u00e9e aux premi\u00e8res heures du jour.\nPour conserver la couleur, il est conseill\u00e9 de r\u00e9p\u00e9ter le processus une ou deux fois par an.\nSi l'huile de lin a d\u00e9j\u00e0 \u00e9t\u00e9 appliqu\u00e9e sur le meuble, il est conseill\u00e9 de le poncer tous les trois ans afin que les couches successives d'huile n'emp\u00eachent pas le bois de transpirer.\n<strong>Ann\u00e9es de garantie :<\/strong> 3 ans\n<strong>Fabriqu\u00e9 conform\u00e9ment \u00e0 la norme :<\/strong> 581-1,581-2,581-3\n<strong>Certifi\u00e9 FSC (O\/N) :<\/strong> Oui"}],"_links":{"self":[{"href":"https:\/\/keramamueblesdejardin.com\/fr\/wp-json\/wp\/v2\/product\/142124","targetHints":{"allow":["GET"]}}],"collection":[{"href":"https:\/\/keramamueblesdejardin.com\/fr\/wp-json\/wp\/v2\/product"}],"about":[{"href":"https:\/\/keramamueblesdejardin.com\/fr\/wp-json\/wp\/v2\/types\/product"}],"replies":[{"embeddable":true,"href":"https:\/\/keramamueblesdejardin.com\/fr\/wp-json\/wp\/v2\/comments?post=142124"}],"wp:featuredmedia":[{"embeddable":true,"href":"https:\/\/keramamueblesdejardin.com\/fr\/wp-json\/wp\/v2\/media\/139959"}],"wp:attachment":[{"href":"https:\/\/keramamueblesdejardin.com\/fr\/wp-json\/wp\/v2\/media?parent=142124"}],"wp:term":[{"taxonomy":"product_brand","embeddable":true,"href":"https:\/\/keramamueblesdejardin.com\/fr\/wp-json\/wp\/v2\/product_brand?post=142124"},{"taxonomy":"product_cat","embeddable":true,"href":"https:\/\/keramamueblesdejardin.com\/fr\/wp-json\/wp\/v2\/product_cat?post=142124"},{"taxonomy":"product_tag","embeddable":true,"href":"https:\/\/keramamueblesdejardin.com\/fr\/wp-json\/wp\/v2\/product_tag?post=142124"}],"curies":[{"name":"wp","href":"https:\/\/api.w.org\/{rel}","templated":true}]}}