{"id":142014,"date":"2024-01-02T12:34:03","date_gmt":"2024-01-02T11:34:03","guid":{"rendered":"https:\/\/keramamueblesdejardin.com\/non%20class\u00e9\/cuisine-dexterieur-en-aluminium-noir-et-teck-127x53cm-ambre\/"},"modified":"2024-07-09T11:59:32","modified_gmt":"2024-07-09T09:59:32","slug":"cuisine-de-deterieur-aluminium-noir-et-teck-127x53cm-ambre","status":"publish","type":"product","link":"https:\/\/keramamueblesdejardin.com\/fr\/sin-categoria\/cuisine-de-deterieur-aluminium-noir-et-teck-127x53cm-ambre\/","title":{"rendered":"Cuisine d\u2019ext\u00e9rieur en aluminium noir et teck 127x53cm &#8211; Ambre"},"content":{"rendered":"<p>Cuisine d\u2019ext\u00e9rieur ambr\u00e9e en aluminium noir et teck de 127x53x95cm de hauteur. La cuisine de jardin dispose d\u2019un \u00e9vier en acier inoxydable avec robinet et d\u2019un plan de travail en teck. La cuisine Amber comprend 2 plateaux en bas pour vous offrir un espace suppl\u00e9mentaire, les mat\u00e9riaux utilis\u00e9s ont une grande durabilit\u00e9 et sont tr\u00e8s r\u00e9sistants aux climats d\u00e9favorables. Il a une couverture pour le couvrir.<\/p>\n","protected":false},"excerpt":{"rendered":"<p>\u00ab\u00a0<\/p>\n<ul>\n<li>Cuisine de jardin en aluminium et teck<\/li>\n<li>\u00c9vier en acier inoxydable, comptoir en teck et espace de rangement<\/li>\n<li>Tout le bois utilis\u00e9 est certifi\u00e9 FSC<\/li>\n<li>Mesures&nbsp;: 127x53x95cm<\/li>\n<\/ul>\n<p>\u00ab\u00a0<\/p>\n","protected":false},"featured_media":140695,"comment_status":"closed","ping_status":"closed","template":"","meta":{"_acf_changed":false},"product_brand":[],"product_cat":[41],"product_tag":[567,4232,4231],"class_list":{"0":"post-142014","1":"product","2":"type-product","3":"status-publish","4":"has-post-thumbnail","6":"product_cat-sin-categoria","7":"product_tag-grands-espaces","8":"product_tag-portails","9":"product_tag-teck","10":"product_shipping_class-envio-gratuito-fr","11":"pa_alto-95-fr","12":"pa_ancho-53-fr","13":"pa_coleccion-ambre","14":"pa_forma-rectangulaire","15":"pa_largo-127-fr","16":"pa_material-bois-de-teck-aluminium","17":"pa_tamano-espacio-grand","19":"first","20":"outofstock","21":"sale","22":"purchasable","23":"product-type-simple","24":"add-to-wishlist-before_image"},"acf":[],"yoast_head":"<!-- This site is optimized with the Yoast SEO plugin v27.2 - https:\/\/yoast.com\/product\/yoast-seo-wordpress\/ -->\n<title>Cuisine d\u2019ext\u00e9rieur en aluminium noir et teck 127x53cm - Ambre - Kerama<\/title>\n<meta name=\"robots\" content=\"index, follow, max-snippet:-1, max-image-preview:large, max-video-preview:-1\" \/>\n<link rel=\"canonical\" href=\"https:\/\/keramamueblesdejardin.com\/fr\/sin-categoria\/cuisine-de-deterieur-aluminium-noir-et-teck-127x53cm-ambre\/\" \/>\n<meta property=\"og:locale\" content=\"fr_FR\" \/>\n<meta property=\"og:type\" content=\"article\" \/>\n<meta property=\"og:title\" content=\"Cuisine d\u2019ext\u00e9rieur en aluminium noir et teck 127x53cm - Ambre - Kerama\" \/>\n<meta property=\"og:description\" content=\"&quot; Cuisine de jardin en aluminium et teck \u00c9vier en acier inoxydable, comptoir en teck et espace de rangement Tout le bois utilis\u00e9 est certifi\u00e9 FSC Mesures&nbsp;: 127x53x95cm &quot;\" \/>\n<meta property=\"og:url\" content=\"https:\/\/keramamueblesdejardin.com\/fr\/sin-categoria\/cuisine-de-deterieur-aluminium-noir-et-teck-127x53cm-ambre\/\" \/>\n<meta property=\"og:site_name\" content=\"Kerama\" \/>\n<meta property=\"article:publisher\" content=\"https:\/\/www.facebook.com\/Kerama-Muebles-de-Jard%c3%adn-106209328312568\/\" \/>\n<meta property=\"article:modified_time\" content=\"2024-07-09T09:59:32+00:00\" \/>\n<meta property=\"og:image\" content=\"https:\/\/keramamueblesdejardin.com\/wp-content\/uploads\/2024\/01\/amber-1.jpg\" \/>\n\t<meta property=\"og:image:width\" content=\"800\" \/>\n\t<meta property=\"og:image:height\" content=\"800\" \/>\n\t<meta property=\"og:image:type\" content=\"image\/jpeg\" \/>\n<meta name=\"twitter:card\" content=\"summary_large_image\" \/>\n<script type=\"application\/ld+json\" class=\"yoast-schema-graph\">{\"@context\":\"https:\/\/schema.org\",\"@graph\":[{\"@type\":\"WebPage\",\"@id\":\"https:\/\/keramamueblesdejardin.com\/fr\/sin-categoria\/cuisine-de-deterieur-aluminium-noir-et-teck-127x53cm-ambre\/\",\"url\":\"https:\/\/keramamueblesdejardin.com\/fr\/sin-categoria\/cuisine-de-deterieur-aluminium-noir-et-teck-127x53cm-ambre\/\",\"name\":\"Cuisine d\u2019ext\u00e9rieur en aluminium noir et teck 127x53cm - Ambre - Kerama\",\"isPartOf\":{\"@id\":\"https:\/\/keramamueblesdejardin.com\/fr\/#website\"},\"primaryImageOfPage\":{\"@id\":\"https:\/\/keramamueblesdejardin.com\/fr\/sin-categoria\/cuisine-de-deterieur-aluminium-noir-et-teck-127x53cm-ambre\/#primaryimage\"},\"image\":{\"@id\":\"https:\/\/keramamueblesdejardin.com\/fr\/sin-categoria\/cuisine-de-deterieur-aluminium-noir-et-teck-127x53cm-ambre\/#primaryimage\"},\"thumbnailUrl\":\"https:\/\/keramamueblesdejardin.com\/wp-content\/uploads\/2024\/01\/amber-1.jpg\",\"datePublished\":\"2024-01-02T11:34:03+00:00\",\"dateModified\":\"2024-07-09T09:59:32+00:00\",\"breadcrumb\":{\"@id\":\"https:\/\/keramamueblesdejardin.com\/fr\/sin-categoria\/cuisine-de-deterieur-aluminium-noir-et-teck-127x53cm-ambre\/#breadcrumb\"},\"inLanguage\":\"fr-FR\",\"potentialAction\":[{\"@type\":\"ReadAction\",\"target\":[\"https:\/\/keramamueblesdejardin.com\/fr\/sin-categoria\/cuisine-de-deterieur-aluminium-noir-et-teck-127x53cm-ambre\/\"]}]},{\"@type\":\"ImageObject\",\"inLanguage\":\"fr-FR\",\"@id\":\"https:\/\/keramamueblesdejardin.com\/fr\/sin-categoria\/cuisine-de-deterieur-aluminium-noir-et-teck-127x53cm-ambre\/#primaryimage\",\"url\":\"https:\/\/keramamueblesdejardin.com\/wp-content\/uploads\/2024\/01\/amber-1.jpg\",\"contentUrl\":\"https:\/\/keramamueblesdejardin.com\/wp-content\/uploads\/2024\/01\/amber-1.jpg\",\"width\":800,\"height\":800},{\"@type\":\"BreadcrumbList\",\"@id\":\"https:\/\/keramamueblesdejardin.com\/fr\/sin-categoria\/cuisine-de-deterieur-aluminium-noir-et-teck-127x53cm-ambre\/#breadcrumb\",\"itemListElement\":[{\"@type\":\"ListItem\",\"position\":1,\"name\":\"Home\",\"item\":\"https:\/\/keramamueblesdejardin.com\/fr\/\"},{\"@type\":\"ListItem\",\"position\":2,\"name\":\"Boutique\",\"item\":\"https:\/\/keramamueblesdejardin.com\/tienda\/\"},{\"@type\":\"ListItem\",\"position\":3,\"name\":\"Cuisines ext\u00e9rieures\",\"item\":\"https:\/\/keramamueblesdejardin.com\/fr\/cuisines-exterieures\/\"},{\"@type\":\"ListItem\",\"position\":4,\"name\":\"Cuisine d\u2019ext\u00e9rieur en aluminium noir et teck 127x53cm &#8211; Ambre\"}]},{\"@type\":\"WebSite\",\"@id\":\"https:\/\/keramamueblesdejardin.com\/fr\/#website\",\"url\":\"https:\/\/keramamueblesdejardin.com\/fr\/\",\"name\":\"Kerama\",\"description\":\"muebles de jard\u00edn\",\"publisher\":{\"@id\":\"https:\/\/keramamueblesdejardin.com\/fr\/#organization\"},\"potentialAction\":[{\"@type\":\"SearchAction\",\"target\":{\"@type\":\"EntryPoint\",\"urlTemplate\":\"https:\/\/keramamueblesdejardin.com\/fr\/?s={search_term_string}\"},\"query-input\":{\"@type\":\"PropertyValueSpecification\",\"valueRequired\":true,\"valueName\":\"search_term_string\"}}],\"inLanguage\":\"fr-FR\"},{\"@type\":\"Organization\",\"@id\":\"https:\/\/keramamueblesdejardin.com\/fr\/#organization\",\"name\":\"kerama\",\"url\":\"https:\/\/keramamueblesdejardin.com\/fr\/\",\"logo\":{\"@type\":\"ImageObject\",\"inLanguage\":\"fr-FR\",\"@id\":\"https:\/\/keramamueblesdejardin.com\/fr\/#\/schema\/logo\/image\/\",\"url\":\"https:\/\/keramamueblesdejardin.com\/wp-content\/uploads\/2020\/12\/k.-scaled.jpg\",\"contentUrl\":\"https:\/\/keramamueblesdejardin.com\/wp-content\/uploads\/2020\/12\/k.-scaled.jpg\",\"width\":2560,\"height\":551,\"caption\":\"kerama\"},\"image\":{\"@id\":\"https:\/\/keramamueblesdejardin.com\/fr\/#\/schema\/logo\/image\/\"},\"sameAs\":[\"https:\/\/www.facebook.com\/Kerama-Muebles-de-Jard\u00edn-106209328312568\/\"]}]}<\/script>\n<!-- \/ Yoast SEO plugin. -->","yoast_head_json":{"title":"Cuisine d\u2019ext\u00e9rieur en aluminium noir et teck 127x53cm - Ambre - Kerama","robots":{"index":"index","follow":"follow","max-snippet":"max-snippet:-1","max-image-preview":"max-image-preview:large","max-video-preview":"max-video-preview:-1"},"canonical":"https:\/\/keramamueblesdejardin.com\/fr\/sin-categoria\/cuisine-de-deterieur-aluminium-noir-et-teck-127x53cm-ambre\/","og_locale":"fr_FR","og_type":"article","og_title":"Cuisine d\u2019ext\u00e9rieur en aluminium noir et teck 127x53cm - Ambre - Kerama","og_description":"\" Cuisine de jardin en aluminium et teck \u00c9vier en acier inoxydable, comptoir en teck et espace de rangement Tout le bois utilis\u00e9 est certifi\u00e9 FSC Mesures&nbsp;: 127x53x95cm \"","og_url":"https:\/\/keramamueblesdejardin.com\/fr\/sin-categoria\/cuisine-de-deterieur-aluminium-noir-et-teck-127x53cm-ambre\/","og_site_name":"Kerama","article_publisher":"https:\/\/www.facebook.com\/Kerama-Muebles-de-Jard%c3%adn-106209328312568\/","article_modified_time":"2024-07-09T09:59:32+00:00","og_image":[{"width":800,"height":800,"url":"https:\/\/keramamueblesdejardin.com\/wp-content\/uploads\/2024\/01\/amber-1.jpg","type":"image\/jpeg"}],"twitter_card":"summary_large_image","schema":{"@context":"https:\/\/schema.org","@graph":[{"@type":"WebPage","@id":"https:\/\/keramamueblesdejardin.com\/fr\/sin-categoria\/cuisine-de-deterieur-aluminium-noir-et-teck-127x53cm-ambre\/","url":"https:\/\/keramamueblesdejardin.com\/fr\/sin-categoria\/cuisine-de-deterieur-aluminium-noir-et-teck-127x53cm-ambre\/","name":"Cuisine d\u2019ext\u00e9rieur en aluminium noir et teck 127x53cm - Ambre - Kerama","isPartOf":{"@id":"https:\/\/keramamueblesdejardin.com\/fr\/#website"},"primaryImageOfPage":{"@id":"https:\/\/keramamueblesdejardin.com\/fr\/sin-categoria\/cuisine-de-deterieur-aluminium-noir-et-teck-127x53cm-ambre\/#primaryimage"},"image":{"@id":"https:\/\/keramamueblesdejardin.com\/fr\/sin-categoria\/cuisine-de-deterieur-aluminium-noir-et-teck-127x53cm-ambre\/#primaryimage"},"thumbnailUrl":"https:\/\/keramamueblesdejardin.com\/wp-content\/uploads\/2024\/01\/amber-1.jpg","datePublished":"2024-01-02T11:34:03+00:00","dateModified":"2024-07-09T09:59:32+00:00","breadcrumb":{"@id":"https:\/\/keramamueblesdejardin.com\/fr\/sin-categoria\/cuisine-de-deterieur-aluminium-noir-et-teck-127x53cm-ambre\/#breadcrumb"},"inLanguage":"fr-FR","potentialAction":[{"@type":"ReadAction","target":["https:\/\/keramamueblesdejardin.com\/fr\/sin-categoria\/cuisine-de-deterieur-aluminium-noir-et-teck-127x53cm-ambre\/"]}]},{"@type":"ImageObject","inLanguage":"fr-FR","@id":"https:\/\/keramamueblesdejardin.com\/fr\/sin-categoria\/cuisine-de-deterieur-aluminium-noir-et-teck-127x53cm-ambre\/#primaryimage","url":"https:\/\/keramamueblesdejardin.com\/wp-content\/uploads\/2024\/01\/amber-1.jpg","contentUrl":"https:\/\/keramamueblesdejardin.com\/wp-content\/uploads\/2024\/01\/amber-1.jpg","width":800,"height":800},{"@type":"BreadcrumbList","@id":"https:\/\/keramamueblesdejardin.com\/fr\/sin-categoria\/cuisine-de-deterieur-aluminium-noir-et-teck-127x53cm-ambre\/#breadcrumb","itemListElement":[{"@type":"ListItem","position":1,"name":"Home","item":"https:\/\/keramamueblesdejardin.com\/fr\/"},{"@type":"ListItem","position":2,"name":"Boutique","item":"https:\/\/keramamueblesdejardin.com\/tienda\/"},{"@type":"ListItem","position":3,"name":"Cuisines ext\u00e9rieures","item":"https:\/\/keramamueblesdejardin.com\/fr\/cuisines-exterieures\/"},{"@type":"ListItem","position":4,"name":"Cuisine d\u2019ext\u00e9rieur en aluminium noir et teck 127x53cm &#8211; Ambre"}]},{"@type":"WebSite","@id":"https:\/\/keramamueblesdejardin.com\/fr\/#website","url":"https:\/\/keramamueblesdejardin.com\/fr\/","name":"Kerama","description":"muebles de jard\u00edn","publisher":{"@id":"https:\/\/keramamueblesdejardin.com\/fr\/#organization"},"potentialAction":[{"@type":"SearchAction","target":{"@type":"EntryPoint","urlTemplate":"https:\/\/keramamueblesdejardin.com\/fr\/?s={search_term_string}"},"query-input":{"@type":"PropertyValueSpecification","valueRequired":true,"valueName":"search_term_string"}}],"inLanguage":"fr-FR"},{"@type":"Organization","@id":"https:\/\/keramamueblesdejardin.com\/fr\/#organization","name":"kerama","url":"https:\/\/keramamueblesdejardin.com\/fr\/","logo":{"@type":"ImageObject","inLanguage":"fr-FR","@id":"https:\/\/keramamueblesdejardin.com\/fr\/#\/schema\/logo\/image\/","url":"https:\/\/keramamueblesdejardin.com\/wp-content\/uploads\/2020\/12\/k.-scaled.jpg","contentUrl":"https:\/\/keramamueblesdejardin.com\/wp-content\/uploads\/2020\/12\/k.-scaled.jpg","width":2560,"height":551,"caption":"kerama"},"image":{"@id":"https:\/\/keramamueblesdejardin.com\/fr\/#\/schema\/logo\/image\/"},"sameAs":["https:\/\/www.facebook.com\/Kerama-Muebles-de-Jard\u00edn-106209328312568\/"]}]}},"df_price":1999,"df_sale_price":1999,"df_regular_price":2859,"df_image_link":"https:\/\/keramamueblesdejardin.com\/wp-content\/uploads\/2024\/01\/amber-1-300x300.jpg","custom_tabs":[{"title":"MESURES","id":"mesures","content":"\"<div class=\"\" list=\"\">Hauteur : 95cm <\/div>\n<div class=\"\" list=\"\"><strong>Largeur\u00a0: <\/strong> 127cm<\/div>\n<div class=\"\" list=\"\"><strong>Profondeur : <\/strong>53 cm<\/div>\""},{"title":"D\u00c9BALLAGE ET MONTAGE","id":"deballage-et-montage","content":"<strong>Recommandations pour le d\u00e9ballage :<\/strong> Ne pas utiliser d'outils tranchants lors du d\u00e9ballage du meuble car cela pourrait l'endommager.\n<strong>Montage requis (O\/N) :<\/strong> Non"},{"title":"ENTRETIEN ET GARANTIES","id":"entretien-et-garanties","content":"<p><strong>Recommandations g\u00e9n\u00e9rales :<\/strong><br>- Les d\u00e9faillances ou les dommages caus\u00e9s par les \u00e9l\u00e9ments suivants sont exclus de la garantie :<br>- Les causes accidentelles telles que chutes, coups, d\u00e9versement de liquides, introduction de corps \u00e9trangers, ainsi que toute autre force majeure.<br>- Utilisation n\u00e9gligente, inappropri\u00e9e ou non domestique.<br>- Dommages, corrosion et\/ou oxydation acc\u00e9l\u00e9r\u00e9s par des conditions environnementales d\u00e9favorables.<br>- Taches et d\u00e9coloration dues au non-respect de nos instructions de nettoyage.<br>- Dommages survenus lors du montage et de la manipulation sans respecter les instructions de montage.<br><strong>Instructions d'utilisation et d'entretien :<\/strong><br>- Essuyez doucement avec un chiffon ou utilisez un savon liquide neutre, puis rincez abondamment \u00e0 l'eau.<br>- Enlevez r\u00e9guli\u00e8rement la poussi\u00e8re avec un chiffon doux et de l'eau claire.<br>- N'utilisez pas de d\u00e9tergents ou de produits abrasifs pour le nettoyage.<br>- Traitement \u00e0 l'huile de lin : Avant d'appliquer une couche d'huile de lin sur le produit \u00e0 l'\u00e9tat naturel, il est conseill\u00e9 de le laisser \u00e0 l'ext\u00e9rieur pendant 2 \u00e0 3 semaines afin de lui donner un aspect homog\u00e8ne et de l'a\u00e9rer. Nettoyer \u00e0 l'eau claire \u00e0 l'aide d'une brosse et laisser s\u00e9cher. Une fois qu'elle est bien s\u00e8che, poncez-la avec une feuille de papier de verre d'un grammage compris entre 120 et 150, avec pr\u00e9caution et sans appuyer, en suivant, autant que possible, le sens des veines ; cette op\u00e9ration ne doit jamais \u00eatre effectu\u00e9e aux premi\u00e8res heures du jour.<br>Pour conserver la couleur, il est conseill\u00e9 de r\u00e9p\u00e9ter le processus une ou deux fois par an.<br>Si l'huile de lin a d\u00e9j\u00e0 \u00e9t\u00e9 appliqu\u00e9e sur le meuble, il est conseill\u00e9 de le poncer tous les trois ans afin que les couches successives d'huile n'emp\u00eachent pas le bois de transpirer.<br><strong>Ann\u00e9es de garantie :<\/strong> 3 ans<br><strong>Fabriqu\u00e9 conform\u00e9ment \u00e0 la norme :<\/strong> 581-1,581-2,581-3<br><strong>Certifi\u00e9 FSC (O\/N) :<\/strong> Oui<\/p>"}],"_links":{"self":[{"href":"https:\/\/keramamueblesdejardin.com\/fr\/wp-json\/wp\/v2\/product\/142014","targetHints":{"allow":["GET"]}}],"collection":[{"href":"https:\/\/keramamueblesdejardin.com\/fr\/wp-json\/wp\/v2\/product"}],"about":[{"href":"https:\/\/keramamueblesdejardin.com\/fr\/wp-json\/wp\/v2\/types\/product"}],"replies":[{"embeddable":true,"href":"https:\/\/keramamueblesdejardin.com\/fr\/wp-json\/wp\/v2\/comments?post=142014"}],"wp:featuredmedia":[{"embeddable":true,"href":"https:\/\/keramamueblesdejardin.com\/fr\/wp-json\/wp\/v2\/media\/140695"}],"wp:attachment":[{"href":"https:\/\/keramamueblesdejardin.com\/fr\/wp-json\/wp\/v2\/media?parent=142014"}],"wp:term":[{"taxonomy":"product_brand","embeddable":true,"href":"https:\/\/keramamueblesdejardin.com\/fr\/wp-json\/wp\/v2\/product_brand?post=142014"},{"taxonomy":"product_cat","embeddable":true,"href":"https:\/\/keramamueblesdejardin.com\/fr\/wp-json\/wp\/v2\/product_cat?post=142014"},{"taxonomy":"product_tag","embeddable":true,"href":"https:\/\/keramamueblesdejardin.com\/fr\/wp-json\/wp\/v2\/product_tag?post=142014"}],"curies":[{"name":"wp","href":"https:\/\/api.w.org\/{rel}","templated":true}]}}