{"id":133190,"date":"2023-04-12T16:47:43","date_gmt":"2023-04-12T14:47:43","guid":{"rendered":"https:\/\/keramamueblesdejardin.com\/non%20class\u00e9\/ensemble-de-jardin-2-tables-rondes-auxiliaires-en-polypropylene-blanc-50-et-70-cm-murano\/"},"modified":"2024-10-07T11:34:50","modified_gmt":"2024-10-07T09:34:50","slug":"jardin-set-2-tables-rondes-auxiliaire-polypropylene-blanc-50-et-70-cm-murano","status":"publish","type":"product","link":"https:\/\/keramamueblesdejardin.com\/fr\/salles-exterieures\/tables-dappoint-de-jardin\/jardin-set-2-tables-rondes-auxiliaire-polypropylene-blanc-50-et-70-cm-murano\/","title":{"rendered":"Ensemble de jardin 2 tables rondes auxiliaires en polypropyl\u00e8ne blanc 50 et 70 cm &#8211; Murano"},"content":{"rendered":"<p>Ensemble de tables auxiliaires rondes en polypropyl\u00e8ne, une de 70 diam x 36 cm et une autre de 50 diam x 46,5 cm en blanc. Un ensemble tr\u00e8s polyvalent qui se combine parfaitement avec n\u2019importe quel meuble. C\u2019est le compl\u00e9ment id\u00e9al pour donner une touche sp\u00e9ciale \u00e0 n\u2019importe quelle pi\u00e8ce ou mobilier. Il est valable pour une utilisation int\u00e9rieure et ext\u00e9rieure.<\/p>\n","protected":false},"excerpt":{"rendered":"<ul>\n<li>Ensemble de tables auxiliaires rondes en polypropyl\u00e8ne de 50cm et 70cm de diam\u00e8tre<\/li>\n<li>Se combine avec tout type de mobilier<\/li>\n<li>Peut \u00eatre utilis\u00e9 \u00e0 l\u2019int\u00e9rieur et \u00e0 l\u2019ext\u00e9rieur<\/li>\n<\/ul>\n","protected":false},"featured_media":131722,"comment_status":"closed","ping_status":"closed","template":"","meta":{"_acf_changed":false},"product_brand":[],"product_cat":[604,611],"product_tag":[3798],"class_list":{"0":"post-133190","1":"product","2":"type-product","3":"status-publish","4":"has-post-thumbnail","6":"product_cat-salles-exterieures","7":"product_cat-tables-dappoint-de-jardin","8":"product_tag-murano-fr","9":"product_shipping_class-envio-gratuito-fr","10":"pa_material-polypropylene-fr","12":"first","13":"instock","14":"sale","15":"purchasable","16":"product-type-simple","17":"add-to-wishlist-before_image"},"acf":[],"yoast_head":"<!-- This site is optimized with the Yoast SEO plugin v27.2 - https:\/\/yoast.com\/product\/yoast-seo-wordpress\/ -->\n<title>Ensemble de jardin 2 tables rondes auxiliaires en polypropyl\u00e8ne blanc 50 et 70 cm - Murano - Kerama<\/title>\n<meta name=\"robots\" content=\"index, follow, max-snippet:-1, max-image-preview:large, max-video-preview:-1\" \/>\n<link rel=\"canonical\" href=\"https:\/\/keramamueblesdejardin.com\/fr\/salles-exterieures\/tables-dappoint-de-jardin\/jardin-set-2-tables-rondes-auxiliaire-polypropylene-blanc-50-et-70-cm-murano\/\" \/>\n<meta property=\"og:locale\" content=\"fr_FR\" \/>\n<meta property=\"og:type\" content=\"article\" \/>\n<meta property=\"og:title\" content=\"Ensemble de jardin 2 tables rondes auxiliaires en polypropyl\u00e8ne blanc 50 et 70 cm - Murano - Kerama\" \/>\n<meta property=\"og:description\" content=\"Ensemble de tables auxiliaires rondes en polypropyl\u00e8ne de 50cm et 70cm de diam\u00e8tre  Se combine avec tout type de mobilier  Peut \u00eatre utilis\u00e9 \u00e0 l\u2019int\u00e9rieur et \u00e0 l\u2019ext\u00e9rieur\" \/>\n<meta property=\"og:url\" content=\"https:\/\/keramamueblesdejardin.com\/fr\/salles-exterieures\/tables-dappoint-de-jardin\/jardin-set-2-tables-rondes-auxiliaire-polypropylene-blanc-50-et-70-cm-murano\/\" \/>\n<meta property=\"og:site_name\" content=\"Kerama\" \/>\n<meta property=\"article:publisher\" content=\"https:\/\/www.facebook.com\/Kerama-Muebles-de-Jard%c3%adn-106209328312568\/\" \/>\n<meta property=\"article:modified_time\" content=\"2024-10-07T09:34:50+00:00\" \/>\n<meta property=\"og:image\" content=\"https:\/\/keramamueblesdejardin.com\/wp-content\/uploads\/2022\/09\/murano_pack_5-1.jpg\" \/>\n\t<meta property=\"og:image:width\" content=\"1200\" \/>\n\t<meta property=\"og:image:height\" content=\"1200\" \/>\n\t<meta property=\"og:image:type\" content=\"image\/jpeg\" \/>\n<meta name=\"twitter:card\" content=\"summary_large_image\" \/>\n<script type=\"application\/ld+json\" class=\"yoast-schema-graph\">{\"@context\":\"https:\/\/schema.org\",\"@graph\":[{\"@type\":\"WebPage\",\"@id\":\"https:\/\/keramamueblesdejardin.com\/fr\/salles-exterieures\/tables-dappoint-de-jardin\/jardin-set-2-tables-rondes-auxiliaire-polypropylene-blanc-50-et-70-cm-murano\/\",\"url\":\"https:\/\/keramamueblesdejardin.com\/fr\/salles-exterieures\/tables-dappoint-de-jardin\/jardin-set-2-tables-rondes-auxiliaire-polypropylene-blanc-50-et-70-cm-murano\/\",\"name\":\"Ensemble de jardin 2 tables rondes auxiliaires en polypropyl\u00e8ne blanc 50 et 70 cm - Murano - Kerama\",\"isPartOf\":{\"@id\":\"https:\/\/keramamueblesdejardin.com\/fr\/#website\"},\"primaryImageOfPage\":{\"@id\":\"https:\/\/keramamueblesdejardin.com\/fr\/salles-exterieures\/tables-dappoint-de-jardin\/jardin-set-2-tables-rondes-auxiliaire-polypropylene-blanc-50-et-70-cm-murano\/#primaryimage\"},\"image\":{\"@id\":\"https:\/\/keramamueblesdejardin.com\/fr\/salles-exterieures\/tables-dappoint-de-jardin\/jardin-set-2-tables-rondes-auxiliaire-polypropylene-blanc-50-et-70-cm-murano\/#primaryimage\"},\"thumbnailUrl\":\"https:\/\/keramamueblesdejardin.com\/wp-content\/uploads\/2022\/09\/murano_pack_5-1.jpg\",\"datePublished\":\"2023-04-12T14:47:43+00:00\",\"dateModified\":\"2024-10-07T09:34:50+00:00\",\"breadcrumb\":{\"@id\":\"https:\/\/keramamueblesdejardin.com\/fr\/salles-exterieures\/tables-dappoint-de-jardin\/jardin-set-2-tables-rondes-auxiliaire-polypropylene-blanc-50-et-70-cm-murano\/#breadcrumb\"},\"inLanguage\":\"fr-FR\",\"potentialAction\":[{\"@type\":\"ReadAction\",\"target\":[\"https:\/\/keramamueblesdejardin.com\/fr\/salles-exterieures\/tables-dappoint-de-jardin\/jardin-set-2-tables-rondes-auxiliaire-polypropylene-blanc-50-et-70-cm-murano\/\"]}]},{\"@type\":\"ImageObject\",\"inLanguage\":\"fr-FR\",\"@id\":\"https:\/\/keramamueblesdejardin.com\/fr\/salles-exterieures\/tables-dappoint-de-jardin\/jardin-set-2-tables-rondes-auxiliaire-polypropylene-blanc-50-et-70-cm-murano\/#primaryimage\",\"url\":\"https:\/\/keramamueblesdejardin.com\/wp-content\/uploads\/2022\/09\/murano_pack_5-1.jpg\",\"contentUrl\":\"https:\/\/keramamueblesdejardin.com\/wp-content\/uploads\/2022\/09\/murano_pack_5-1.jpg\",\"width\":1200,\"height\":1200},{\"@type\":\"BreadcrumbList\",\"@id\":\"https:\/\/keramamueblesdejardin.com\/fr\/salles-exterieures\/tables-dappoint-de-jardin\/jardin-set-2-tables-rondes-auxiliaire-polypropylene-blanc-50-et-70-cm-murano\/#breadcrumb\",\"itemListElement\":[{\"@type\":\"ListItem\",\"position\":1,\"name\":\"Home\",\"item\":\"https:\/\/keramamueblesdejardin.com\/fr\/\"},{\"@type\":\"ListItem\",\"position\":2,\"name\":\"Boutique\",\"item\":\"https:\/\/keramamueblesdejardin.com\/tienda\/\"},{\"@type\":\"ListItem\",\"position\":3,\"name\":\"Salles ext\u00e9rieures\",\"item\":\"https:\/\/keramamueblesdejardin.com\/fr\/salles-exterieures\/\"},{\"@type\":\"ListItem\",\"position\":4,\"name\":\"Tables d'appoint de jardin\",\"item\":\"https:\/\/keramamueblesdejardin.com\/fr\/salles-exterieures\/tables-dappoint-de-jardin\/\"},{\"@type\":\"ListItem\",\"position\":5,\"name\":\"Ensemble de jardin 2 tables rondes auxiliaires en polypropyl\u00e8ne blanc 50 et 70 cm &#8211; Murano\"}]},{\"@type\":\"WebSite\",\"@id\":\"https:\/\/keramamueblesdejardin.com\/fr\/#website\",\"url\":\"https:\/\/keramamueblesdejardin.com\/fr\/\",\"name\":\"Kerama\",\"description\":\"muebles de jard\u00edn\",\"publisher\":{\"@id\":\"https:\/\/keramamueblesdejardin.com\/fr\/#organization\"},\"potentialAction\":[{\"@type\":\"SearchAction\",\"target\":{\"@type\":\"EntryPoint\",\"urlTemplate\":\"https:\/\/keramamueblesdejardin.com\/fr\/?s={search_term_string}\"},\"query-input\":{\"@type\":\"PropertyValueSpecification\",\"valueRequired\":true,\"valueName\":\"search_term_string\"}}],\"inLanguage\":\"fr-FR\"},{\"@type\":\"Organization\",\"@id\":\"https:\/\/keramamueblesdejardin.com\/fr\/#organization\",\"name\":\"kerama\",\"url\":\"https:\/\/keramamueblesdejardin.com\/fr\/\",\"logo\":{\"@type\":\"ImageObject\",\"inLanguage\":\"fr-FR\",\"@id\":\"https:\/\/keramamueblesdejardin.com\/fr\/#\/schema\/logo\/image\/\",\"url\":\"https:\/\/keramamueblesdejardin.com\/wp-content\/uploads\/2020\/12\/k.-scaled.jpg\",\"contentUrl\":\"https:\/\/keramamueblesdejardin.com\/wp-content\/uploads\/2020\/12\/k.-scaled.jpg\",\"width\":2560,\"height\":551,\"caption\":\"kerama\"},\"image\":{\"@id\":\"https:\/\/keramamueblesdejardin.com\/fr\/#\/schema\/logo\/image\/\"},\"sameAs\":[\"https:\/\/www.facebook.com\/Kerama-Muebles-de-Jard\u00edn-106209328312568\/\"]}]}<\/script>\n<!-- \/ Yoast SEO plugin. -->","yoast_head_json":{"title":"Ensemble de jardin 2 tables rondes auxiliaires en polypropyl\u00e8ne blanc 50 et 70 cm - Murano - Kerama","robots":{"index":"index","follow":"follow","max-snippet":"max-snippet:-1","max-image-preview":"max-image-preview:large","max-video-preview":"max-video-preview:-1"},"canonical":"https:\/\/keramamueblesdejardin.com\/fr\/salles-exterieures\/tables-dappoint-de-jardin\/jardin-set-2-tables-rondes-auxiliaire-polypropylene-blanc-50-et-70-cm-murano\/","og_locale":"fr_FR","og_type":"article","og_title":"Ensemble de jardin 2 tables rondes auxiliaires en polypropyl\u00e8ne blanc 50 et 70 cm - Murano - Kerama","og_description":"Ensemble de tables auxiliaires rondes en polypropyl\u00e8ne de 50cm et 70cm de diam\u00e8tre  Se combine avec tout type de mobilier  Peut \u00eatre utilis\u00e9 \u00e0 l\u2019int\u00e9rieur et \u00e0 l\u2019ext\u00e9rieur","og_url":"https:\/\/keramamueblesdejardin.com\/fr\/salles-exterieures\/tables-dappoint-de-jardin\/jardin-set-2-tables-rondes-auxiliaire-polypropylene-blanc-50-et-70-cm-murano\/","og_site_name":"Kerama","article_publisher":"https:\/\/www.facebook.com\/Kerama-Muebles-de-Jard%c3%adn-106209328312568\/","article_modified_time":"2024-10-07T09:34:50+00:00","og_image":[{"width":1200,"height":1200,"url":"https:\/\/keramamueblesdejardin.com\/wp-content\/uploads\/2022\/09\/murano_pack_5-1.jpg","type":"image\/jpeg"}],"twitter_card":"summary_large_image","schema":{"@context":"https:\/\/schema.org","@graph":[{"@type":"WebPage","@id":"https:\/\/keramamueblesdejardin.com\/fr\/salles-exterieures\/tables-dappoint-de-jardin\/jardin-set-2-tables-rondes-auxiliaire-polypropylene-blanc-50-et-70-cm-murano\/","url":"https:\/\/keramamueblesdejardin.com\/fr\/salles-exterieures\/tables-dappoint-de-jardin\/jardin-set-2-tables-rondes-auxiliaire-polypropylene-blanc-50-et-70-cm-murano\/","name":"Ensemble de jardin 2 tables rondes auxiliaires en polypropyl\u00e8ne blanc 50 et 70 cm - Murano - Kerama","isPartOf":{"@id":"https:\/\/keramamueblesdejardin.com\/fr\/#website"},"primaryImageOfPage":{"@id":"https:\/\/keramamueblesdejardin.com\/fr\/salles-exterieures\/tables-dappoint-de-jardin\/jardin-set-2-tables-rondes-auxiliaire-polypropylene-blanc-50-et-70-cm-murano\/#primaryimage"},"image":{"@id":"https:\/\/keramamueblesdejardin.com\/fr\/salles-exterieures\/tables-dappoint-de-jardin\/jardin-set-2-tables-rondes-auxiliaire-polypropylene-blanc-50-et-70-cm-murano\/#primaryimage"},"thumbnailUrl":"https:\/\/keramamueblesdejardin.com\/wp-content\/uploads\/2022\/09\/murano_pack_5-1.jpg","datePublished":"2023-04-12T14:47:43+00:00","dateModified":"2024-10-07T09:34:50+00:00","breadcrumb":{"@id":"https:\/\/keramamueblesdejardin.com\/fr\/salles-exterieures\/tables-dappoint-de-jardin\/jardin-set-2-tables-rondes-auxiliaire-polypropylene-blanc-50-et-70-cm-murano\/#breadcrumb"},"inLanguage":"fr-FR","potentialAction":[{"@type":"ReadAction","target":["https:\/\/keramamueblesdejardin.com\/fr\/salles-exterieures\/tables-dappoint-de-jardin\/jardin-set-2-tables-rondes-auxiliaire-polypropylene-blanc-50-et-70-cm-murano\/"]}]},{"@type":"ImageObject","inLanguage":"fr-FR","@id":"https:\/\/keramamueblesdejardin.com\/fr\/salles-exterieures\/tables-dappoint-de-jardin\/jardin-set-2-tables-rondes-auxiliaire-polypropylene-blanc-50-et-70-cm-murano\/#primaryimage","url":"https:\/\/keramamueblesdejardin.com\/wp-content\/uploads\/2022\/09\/murano_pack_5-1.jpg","contentUrl":"https:\/\/keramamueblesdejardin.com\/wp-content\/uploads\/2022\/09\/murano_pack_5-1.jpg","width":1200,"height":1200},{"@type":"BreadcrumbList","@id":"https:\/\/keramamueblesdejardin.com\/fr\/salles-exterieures\/tables-dappoint-de-jardin\/jardin-set-2-tables-rondes-auxiliaire-polypropylene-blanc-50-et-70-cm-murano\/#breadcrumb","itemListElement":[{"@type":"ListItem","position":1,"name":"Home","item":"https:\/\/keramamueblesdejardin.com\/fr\/"},{"@type":"ListItem","position":2,"name":"Boutique","item":"https:\/\/keramamueblesdejardin.com\/tienda\/"},{"@type":"ListItem","position":3,"name":"Salles ext\u00e9rieures","item":"https:\/\/keramamueblesdejardin.com\/fr\/salles-exterieures\/"},{"@type":"ListItem","position":4,"name":"Tables d'appoint de jardin","item":"https:\/\/keramamueblesdejardin.com\/fr\/salles-exterieures\/tables-dappoint-de-jardin\/"},{"@type":"ListItem","position":5,"name":"Ensemble de jardin 2 tables rondes auxiliaires en polypropyl\u00e8ne blanc 50 et 70 cm &#8211; Murano"}]},{"@type":"WebSite","@id":"https:\/\/keramamueblesdejardin.com\/fr\/#website","url":"https:\/\/keramamueblesdejardin.com\/fr\/","name":"Kerama","description":"muebles de jard\u00edn","publisher":{"@id":"https:\/\/keramamueblesdejardin.com\/fr\/#organization"},"potentialAction":[{"@type":"SearchAction","target":{"@type":"EntryPoint","urlTemplate":"https:\/\/keramamueblesdejardin.com\/fr\/?s={search_term_string}"},"query-input":{"@type":"PropertyValueSpecification","valueRequired":true,"valueName":"search_term_string"}}],"inLanguage":"fr-FR"},{"@type":"Organization","@id":"https:\/\/keramamueblesdejardin.com\/fr\/#organization","name":"kerama","url":"https:\/\/keramamueblesdejardin.com\/fr\/","logo":{"@type":"ImageObject","inLanguage":"fr-FR","@id":"https:\/\/keramamueblesdejardin.com\/fr\/#\/schema\/logo\/image\/","url":"https:\/\/keramamueblesdejardin.com\/wp-content\/uploads\/2020\/12\/k.-scaled.jpg","contentUrl":"https:\/\/keramamueblesdejardin.com\/wp-content\/uploads\/2020\/12\/k.-scaled.jpg","width":2560,"height":551,"caption":"kerama"},"image":{"@id":"https:\/\/keramamueblesdejardin.com\/fr\/#\/schema\/logo\/image\/"},"sameAs":["https:\/\/www.facebook.com\/Kerama-Muebles-de-Jard\u00edn-106209328312568\/"]}]}},"df_price":169,"df_sale_price":169,"df_regular_price":220,"df_image_link":"https:\/\/keramamueblesdejardin.com\/wp-content\/uploads\/2022\/09\/murano_pack_5-1-300x300.jpg","custom_tabs":[{"title":"MESURES","id":"mesures","content":"<div class=\"list\">\n<div class=\"list\">\n<div class=\"list\"><strong>Hauteur : <\/strong>table 1 36cm \/ table 2 46,5 cm<\/div>\n<div class=\"list\"><strong>Largeur : <\/strong>table 1 70cm \/ table 2 50cm<\/div>\n<div class=\"list\"><strong>Profondeur : <\/strong>table 1 70cm \/ table 2 50cm<\/div>\n<\/div>\n<\/div>"},{"title":"ENTRETIEN ET GARANTIES","id":"entretien-et-garanties","content":"<div class=\"moz-signature\">\n<div class=\"list\"><strong>Recommandations g\u00e9n\u00e9rales :<\/strong>\n- Les d\u00e9faillances ou les dommages caus\u00e9s par les \u00e9l\u00e9ments suivants sont exclus de la garantie :\n- Les causes accidentelles telles que chutes, coups, d\u00e9versement de liquides, introduction de corps \u00e9trangers, ainsi que toute autre force majeure.\n- Utilisation n\u00e9gligente, inappropri\u00e9e ou non domestique.\n- Dommages, corrosion et\/ou oxydation acc\u00e9l\u00e9r\u00e9s par des conditions environnementales d\u00e9favorables.\n- Taches et d\u00e9coloration dues au non-respect de nos instructions de nettoyage.\n- Dommages survenus lors du montage et de la manipulation sans respecter les instructions de montage.\n<strong>Instructions d'utilisation et d'entretien :<\/strong>\n- Essuyez doucement avec un chiffon ou utilisez un savon liquide neutre, puis rincez abondamment \u00e0 l'eau.\n- Enlevez r\u00e9guli\u00e8rement la poussi\u00e8re avec un chiffon doux et de l'eau claire.\n- N'utilisez pas de d\u00e9tergents ou de produits abrasifs pour le nettoyage.\n<strong>Ann\u00e9es de garantie :<\/strong> 3 ans\n<strong>Fabriqu\u00e9 conform\u00e9ment \u00e0 la norme :<\/strong> 581-1,581-2,581-3<\/div>\n<\/div>"}],"_links":{"self":[{"href":"https:\/\/keramamueblesdejardin.com\/fr\/wp-json\/wp\/v2\/product\/133190","targetHints":{"allow":["GET"]}}],"collection":[{"href":"https:\/\/keramamueblesdejardin.com\/fr\/wp-json\/wp\/v2\/product"}],"about":[{"href":"https:\/\/keramamueblesdejardin.com\/fr\/wp-json\/wp\/v2\/types\/product"}],"replies":[{"embeddable":true,"href":"https:\/\/keramamueblesdejardin.com\/fr\/wp-json\/wp\/v2\/comments?post=133190"}],"wp:featuredmedia":[{"embeddable":true,"href":"https:\/\/keramamueblesdejardin.com\/fr\/wp-json\/wp\/v2\/media\/131722"}],"wp:attachment":[{"href":"https:\/\/keramamueblesdejardin.com\/fr\/wp-json\/wp\/v2\/media?parent=133190"}],"wp:term":[{"taxonomy":"product_brand","embeddable":true,"href":"https:\/\/keramamueblesdejardin.com\/fr\/wp-json\/wp\/v2\/product_brand?post=133190"},{"taxonomy":"product_cat","embeddable":true,"href":"https:\/\/keramamueblesdejardin.com\/fr\/wp-json\/wp\/v2\/product_cat?post=133190"},{"taxonomy":"product_tag","embeddable":true,"href":"https:\/\/keramamueblesdejardin.com\/fr\/wp-json\/wp\/v2\/product_tag?post=133190"}],"curies":[{"name":"wp","href":"https:\/\/api.w.org\/{rel}","templated":true}]}}