{"id":122507,"date":"2023-06-13T15:39:00","date_gmt":"2023-06-13T13:39:00","guid":{"rendered":"https:\/\/keramamueblesdejardin.com\/non%20class\u00e9\/pack-de-2-coussins-pour-chaise-de-jardin-ronde-40-cm-rayures-bleues-deco\/"},"modified":"2023-08-31T11:44:55","modified_gmt":"2023-08-31T09:44:55","slug":"paquet-de-2-coussins-pour-chaise-de-jardin-ronde-40-cm-rayures-bleu-deco","status":"publish","type":"product","link":"https:\/\/keramamueblesdejardin.com\/fr\/accessoires-dexterieur\/coussins-dexterieur\/paquet-de-2-coussins-pour-chaise-de-jardin-ronde-40-cm-rayures-bleu-deco\/","title":{"rendered":"Pack de 2 coussins pour chaise de jardin ronde 40 cm rayures bleues &#8211; D\u00e9co"},"content":{"rendered":"<p>Pack de 2 coussins ronds pour chaise de 40cm de diam\u00e8tre et 6cm d\u2019\u00e9paisseur. Les coussins sont en polyester recycl\u00e9 et le remplissage est en fibre de polyester recycl\u00e9e, c\u2019est un produit fabriqu\u00e9 \u00e0 partir de mat\u00e9riaux 100% recycl\u00e9s. Le coussin a des sangles \u00e0 attacher \u00e0 la chaise.<\/p>\n","protected":false},"excerpt":{"rendered":"<ul>\n<li>Pack de 2 coussins ext\u00e9rieurs ronds pour chaise<\/li>\n<li>40cm de diam\u00e8tre et 6 cm d\u2019\u00e9paisseur<\/li>\n<li>Fait de polyester 100% recycl\u00e9<\/li>\n<li>Comprend des sangles \u00e0 attacher \u00e0 la chaise<\/li>\n<\/ul>\n","protected":false},"featured_media":126201,"comment_status":"closed","ping_status":"closed","template":"","meta":{"_acf_changed":false},"product_brand":[],"product_cat":[589,624],"product_tag":[625,3689],"class_list":{"0":"post-122507","1":"product","2":"type-product","3":"status-publish","4":"has-post-thumbnail","6":"product_cat-accessoires-dexterieur","7":"product_cat-coussins-dexterieur","8":"product_tag-deco-fr","9":"product_tag-tissu","10":"product_shipping_class-envio-gratuito-fr","11":"pa_ancho-40-fr","12":"pa_caracteristicas-amovible-lavable","13":"pa_coleccion-deco-fr","14":"pa_forma-cercle","15":"pa_largo-40-fr","16":"pa_material-poliester-fr","18":"first","19":"instock","20":"sale","21":"purchasable","22":"product-type-simple","23":"add-to-wishlist-before_image"},"acf":[],"yoast_head":"<!-- This site is optimized with the Yoast SEO plugin v27.4 - https:\/\/yoast.com\/product\/yoast-seo-wordpress\/ -->\n<title>Pack de 2 coussins pour chaise de jardin ronde 40 cm rayures bleues - D\u00e9co - Kerama<\/title>\n<meta name=\"robots\" content=\"index, follow, max-snippet:-1, max-image-preview:large, max-video-preview:-1\" \/>\n<link rel=\"canonical\" href=\"https:\/\/keramamueblesdejardin.com\/fr\/accessoires-dexterieur\/coussins-dexterieur\/paquet-de-2-coussins-pour-chaise-de-jardin-ronde-40-cm-rayures-bleu-deco\/\" \/>\n<meta property=\"og:locale\" content=\"fr_FR\" \/>\n<meta property=\"og:type\" content=\"article\" \/>\n<meta property=\"og:title\" content=\"Pack de 2 coussins pour chaise de jardin ronde 40 cm rayures bleues - D\u00e9co - Kerama\" \/>\n<meta property=\"og:description\" content=\"Pack de 2 coussins ext\u00e9rieurs ronds pour chaise  40cm de diam\u00e8tre et 6 cm d\u2019\u00e9paisseur  Fait de polyester 100% recycl\u00e9  Comprend des sangles \u00e0 attacher \u00e0 la chaise\" \/>\n<meta property=\"og:url\" content=\"https:\/\/keramamueblesdejardin.com\/fr\/accessoires-dexterieur\/coussins-dexterieur\/paquet-de-2-coussins-pour-chaise-de-jardin-ronde-40-cm-rayures-bleu-deco\/\" \/>\n<meta property=\"og:site_name\" content=\"Kerama\" \/>\n<meta property=\"article:publisher\" content=\"https:\/\/www.facebook.com\/Kerama-Muebles-de-Jard%c3%adn-106209328312568\/\" \/>\n<meta property=\"article:modified_time\" content=\"2023-08-31T09:44:55+00:00\" \/>\n<meta property=\"og:image\" content=\"https:\/\/keramamueblesdejardin.com\/wp-content\/uploads\/2023\/06\/6.jpg\" \/>\n\t<meta property=\"og:image:width\" content=\"1200\" \/>\n\t<meta property=\"og:image:height\" content=\"1200\" \/>\n\t<meta property=\"og:image:type\" content=\"image\/jpeg\" \/>\n<meta name=\"twitter:card\" content=\"summary_large_image\" \/>\n<script type=\"application\/ld+json\" class=\"yoast-schema-graph\">{\"@context\":\"https:\\\/\\\/schema.org\",\"@graph\":[{\"@type\":\"WebPage\",\"@id\":\"https:\\\/\\\/keramamueblesdejardin.com\\\/fr\\\/accessoires-dexterieur\\\/coussins-dexterieur\\\/paquet-de-2-coussins-pour-chaise-de-jardin-ronde-40-cm-rayures-bleu-deco\\\/\",\"url\":\"https:\\\/\\\/keramamueblesdejardin.com\\\/fr\\\/accessoires-dexterieur\\\/coussins-dexterieur\\\/paquet-de-2-coussins-pour-chaise-de-jardin-ronde-40-cm-rayures-bleu-deco\\\/\",\"name\":\"Pack de 2 coussins pour chaise de jardin ronde 40 cm rayures bleues - D\u00e9co - Kerama\",\"isPartOf\":{\"@id\":\"https:\\\/\\\/keramamueblesdejardin.com\\\/fr\\\/#website\"},\"primaryImageOfPage\":{\"@id\":\"https:\\\/\\\/keramamueblesdejardin.com\\\/fr\\\/accessoires-dexterieur\\\/coussins-dexterieur\\\/paquet-de-2-coussins-pour-chaise-de-jardin-ronde-40-cm-rayures-bleu-deco\\\/#primaryimage\"},\"image\":{\"@id\":\"https:\\\/\\\/keramamueblesdejardin.com\\\/fr\\\/accessoires-dexterieur\\\/coussins-dexterieur\\\/paquet-de-2-coussins-pour-chaise-de-jardin-ronde-40-cm-rayures-bleu-deco\\\/#primaryimage\"},\"thumbnailUrl\":\"https:\\\/\\\/keramamueblesdejardin.com\\\/wp-content\\\/uploads\\\/2023\\\/06\\\/6.jpg\",\"datePublished\":\"2023-06-13T13:39:00+00:00\",\"dateModified\":\"2023-08-31T09:44:55+00:00\",\"breadcrumb\":{\"@id\":\"https:\\\/\\\/keramamueblesdejardin.com\\\/fr\\\/accessoires-dexterieur\\\/coussins-dexterieur\\\/paquet-de-2-coussins-pour-chaise-de-jardin-ronde-40-cm-rayures-bleu-deco\\\/#breadcrumb\"},\"inLanguage\":\"fr-FR\",\"potentialAction\":[{\"@type\":\"ReadAction\",\"target\":[\"https:\\\/\\\/keramamueblesdejardin.com\\\/fr\\\/accessoires-dexterieur\\\/coussins-dexterieur\\\/paquet-de-2-coussins-pour-chaise-de-jardin-ronde-40-cm-rayures-bleu-deco\\\/\"]}]},{\"@type\":\"ImageObject\",\"inLanguage\":\"fr-FR\",\"@id\":\"https:\\\/\\\/keramamueblesdejardin.com\\\/fr\\\/accessoires-dexterieur\\\/coussins-dexterieur\\\/paquet-de-2-coussins-pour-chaise-de-jardin-ronde-40-cm-rayures-bleu-deco\\\/#primaryimage\",\"url\":\"https:\\\/\\\/keramamueblesdejardin.com\\\/wp-content\\\/uploads\\\/2023\\\/06\\\/6.jpg\",\"contentUrl\":\"https:\\\/\\\/keramamueblesdejardin.com\\\/wp-content\\\/uploads\\\/2023\\\/06\\\/6.jpg\",\"width\":1200,\"height\":1200},{\"@type\":\"BreadcrumbList\",\"@id\":\"https:\\\/\\\/keramamueblesdejardin.com\\\/fr\\\/accessoires-dexterieur\\\/coussins-dexterieur\\\/paquet-de-2-coussins-pour-chaise-de-jardin-ronde-40-cm-rayures-bleu-deco\\\/#breadcrumb\",\"itemListElement\":[{\"@type\":\"ListItem\",\"position\":1,\"name\":\"Home\",\"item\":\"https:\\\/\\\/keramamueblesdejardin.com\\\/fr\\\/\"},{\"@type\":\"ListItem\",\"position\":2,\"name\":\"Boutique\",\"item\":\"https:\\\/\\\/keramamueblesdejardin.com\\\/tienda\\\/\"},{\"@type\":\"ListItem\",\"position\":3,\"name\":\"Accessoires d'ext\u00e9rieur\",\"item\":\"https:\\\/\\\/keramamueblesdejardin.com\\\/fr\\\/accessoires-dexterieur\\\/\"},{\"@type\":\"ListItem\",\"position\":4,\"name\":\"Coussins d'ext\u00e9rieur\",\"item\":\"https:\\\/\\\/keramamueblesdejardin.com\\\/fr\\\/accessoires-dexterieur\\\/coussins-dexterieur\\\/\"},{\"@type\":\"ListItem\",\"position\":5,\"name\":\"Pack de 2 coussins pour chaise de jardin ronde 40 cm rayures bleues &#8211; D\u00e9co\"}]},{\"@type\":\"WebSite\",\"@id\":\"https:\\\/\\\/keramamueblesdejardin.com\\\/fr\\\/#website\",\"url\":\"https:\\\/\\\/keramamueblesdejardin.com\\\/fr\\\/\",\"name\":\"Kerama\",\"description\":\"muebles de jard\u00edn\",\"publisher\":{\"@id\":\"https:\\\/\\\/keramamueblesdejardin.com\\\/fr\\\/#organization\"},\"potentialAction\":[{\"@type\":\"SearchAction\",\"target\":{\"@type\":\"EntryPoint\",\"urlTemplate\":\"https:\\\/\\\/keramamueblesdejardin.com\\\/fr\\\/?s={search_term_string}\"},\"query-input\":{\"@type\":\"PropertyValueSpecification\",\"valueRequired\":true,\"valueName\":\"search_term_string\"}}],\"inLanguage\":\"fr-FR\"},{\"@type\":\"Organization\",\"@id\":\"https:\\\/\\\/keramamueblesdejardin.com\\\/fr\\\/#organization\",\"name\":\"kerama\",\"url\":\"https:\\\/\\\/keramamueblesdejardin.com\\\/fr\\\/\",\"logo\":{\"@type\":\"ImageObject\",\"inLanguage\":\"fr-FR\",\"@id\":\"https:\\\/\\\/keramamueblesdejardin.com\\\/fr\\\/#\\\/schema\\\/logo\\\/image\\\/\",\"url\":\"https:\\\/\\\/keramamueblesdejardin.com\\\/wp-content\\\/uploads\\\/2020\\\/12\\\/k.-scaled.jpg\",\"contentUrl\":\"https:\\\/\\\/keramamueblesdejardin.com\\\/wp-content\\\/uploads\\\/2020\\\/12\\\/k.-scaled.jpg\",\"width\":2560,\"height\":551,\"caption\":\"kerama\"},\"image\":{\"@id\":\"https:\\\/\\\/keramamueblesdejardin.com\\\/fr\\\/#\\\/schema\\\/logo\\\/image\\\/\"},\"sameAs\":[\"https:\\\/\\\/www.facebook.com\\\/Kerama-Muebles-de-Jard\u00edn-106209328312568\\\/\"]}]}<\/script>\n<!-- \/ Yoast SEO plugin. -->","yoast_head_json":{"title":"Pack de 2 coussins pour chaise de jardin ronde 40 cm rayures bleues - D\u00e9co - Kerama","robots":{"index":"index","follow":"follow","max-snippet":"max-snippet:-1","max-image-preview":"max-image-preview:large","max-video-preview":"max-video-preview:-1"},"canonical":"https:\/\/keramamueblesdejardin.com\/fr\/accessoires-dexterieur\/coussins-dexterieur\/paquet-de-2-coussins-pour-chaise-de-jardin-ronde-40-cm-rayures-bleu-deco\/","og_locale":"fr_FR","og_type":"article","og_title":"Pack de 2 coussins pour chaise de jardin ronde 40 cm rayures bleues - D\u00e9co - Kerama","og_description":"Pack de 2 coussins ext\u00e9rieurs ronds pour chaise  40cm de diam\u00e8tre et 6 cm d\u2019\u00e9paisseur  Fait de polyester 100% recycl\u00e9  Comprend des sangles \u00e0 attacher \u00e0 la chaise","og_url":"https:\/\/keramamueblesdejardin.com\/fr\/accessoires-dexterieur\/coussins-dexterieur\/paquet-de-2-coussins-pour-chaise-de-jardin-ronde-40-cm-rayures-bleu-deco\/","og_site_name":"Kerama","article_publisher":"https:\/\/www.facebook.com\/Kerama-Muebles-de-Jard%c3%adn-106209328312568\/","article_modified_time":"2023-08-31T09:44:55+00:00","og_image":[{"width":1200,"height":1200,"url":"https:\/\/keramamueblesdejardin.com\/wp-content\/uploads\/2023\/06\/6.jpg","type":"image\/jpeg"}],"twitter_card":"summary_large_image","schema":{"@context":"https:\/\/schema.org","@graph":[{"@type":"WebPage","@id":"https:\/\/keramamueblesdejardin.com\/fr\/accessoires-dexterieur\/coussins-dexterieur\/paquet-de-2-coussins-pour-chaise-de-jardin-ronde-40-cm-rayures-bleu-deco\/","url":"https:\/\/keramamueblesdejardin.com\/fr\/accessoires-dexterieur\/coussins-dexterieur\/paquet-de-2-coussins-pour-chaise-de-jardin-ronde-40-cm-rayures-bleu-deco\/","name":"Pack de 2 coussins pour chaise de jardin ronde 40 cm rayures bleues - D\u00e9co - Kerama","isPartOf":{"@id":"https:\/\/keramamueblesdejardin.com\/fr\/#website"},"primaryImageOfPage":{"@id":"https:\/\/keramamueblesdejardin.com\/fr\/accessoires-dexterieur\/coussins-dexterieur\/paquet-de-2-coussins-pour-chaise-de-jardin-ronde-40-cm-rayures-bleu-deco\/#primaryimage"},"image":{"@id":"https:\/\/keramamueblesdejardin.com\/fr\/accessoires-dexterieur\/coussins-dexterieur\/paquet-de-2-coussins-pour-chaise-de-jardin-ronde-40-cm-rayures-bleu-deco\/#primaryimage"},"thumbnailUrl":"https:\/\/keramamueblesdejardin.com\/wp-content\/uploads\/2023\/06\/6.jpg","datePublished":"2023-06-13T13:39:00+00:00","dateModified":"2023-08-31T09:44:55+00:00","breadcrumb":{"@id":"https:\/\/keramamueblesdejardin.com\/fr\/accessoires-dexterieur\/coussins-dexterieur\/paquet-de-2-coussins-pour-chaise-de-jardin-ronde-40-cm-rayures-bleu-deco\/#breadcrumb"},"inLanguage":"fr-FR","potentialAction":[{"@type":"ReadAction","target":["https:\/\/keramamueblesdejardin.com\/fr\/accessoires-dexterieur\/coussins-dexterieur\/paquet-de-2-coussins-pour-chaise-de-jardin-ronde-40-cm-rayures-bleu-deco\/"]}]},{"@type":"ImageObject","inLanguage":"fr-FR","@id":"https:\/\/keramamueblesdejardin.com\/fr\/accessoires-dexterieur\/coussins-dexterieur\/paquet-de-2-coussins-pour-chaise-de-jardin-ronde-40-cm-rayures-bleu-deco\/#primaryimage","url":"https:\/\/keramamueblesdejardin.com\/wp-content\/uploads\/2023\/06\/6.jpg","contentUrl":"https:\/\/keramamueblesdejardin.com\/wp-content\/uploads\/2023\/06\/6.jpg","width":1200,"height":1200},{"@type":"BreadcrumbList","@id":"https:\/\/keramamueblesdejardin.com\/fr\/accessoires-dexterieur\/coussins-dexterieur\/paquet-de-2-coussins-pour-chaise-de-jardin-ronde-40-cm-rayures-bleu-deco\/#breadcrumb","itemListElement":[{"@type":"ListItem","position":1,"name":"Home","item":"https:\/\/keramamueblesdejardin.com\/fr\/"},{"@type":"ListItem","position":2,"name":"Boutique","item":"https:\/\/keramamueblesdejardin.com\/tienda\/"},{"@type":"ListItem","position":3,"name":"Accessoires d'ext\u00e9rieur","item":"https:\/\/keramamueblesdejardin.com\/fr\/accessoires-dexterieur\/"},{"@type":"ListItem","position":4,"name":"Coussins d'ext\u00e9rieur","item":"https:\/\/keramamueblesdejardin.com\/fr\/accessoires-dexterieur\/coussins-dexterieur\/"},{"@type":"ListItem","position":5,"name":"Pack de 2 coussins pour chaise de jardin ronde 40 cm rayures bleues &#8211; D\u00e9co"}]},{"@type":"WebSite","@id":"https:\/\/keramamueblesdejardin.com\/fr\/#website","url":"https:\/\/keramamueblesdejardin.com\/fr\/","name":"Kerama","description":"muebles de jard\u00edn","publisher":{"@id":"https:\/\/keramamueblesdejardin.com\/fr\/#organization"},"potentialAction":[{"@type":"SearchAction","target":{"@type":"EntryPoint","urlTemplate":"https:\/\/keramamueblesdejardin.com\/fr\/?s={search_term_string}"},"query-input":{"@type":"PropertyValueSpecification","valueRequired":true,"valueName":"search_term_string"}}],"inLanguage":"fr-FR"},{"@type":"Organization","@id":"https:\/\/keramamueblesdejardin.com\/fr\/#organization","name":"kerama","url":"https:\/\/keramamueblesdejardin.com\/fr\/","logo":{"@type":"ImageObject","inLanguage":"fr-FR","@id":"https:\/\/keramamueblesdejardin.com\/fr\/#\/schema\/logo\/image\/","url":"https:\/\/keramamueblesdejardin.com\/wp-content\/uploads\/2020\/12\/k.-scaled.jpg","contentUrl":"https:\/\/keramamueblesdejardin.com\/wp-content\/uploads\/2020\/12\/k.-scaled.jpg","width":2560,"height":551,"caption":"kerama"},"image":{"@id":"https:\/\/keramamueblesdejardin.com\/fr\/#\/schema\/logo\/image\/"},"sameAs":["https:\/\/www.facebook.com\/Kerama-Muebles-de-Jard\u00edn-106209328312568\/"]}]}},"df_price":39,"df_sale_price":39,"df_regular_price":51,"df_image_link":"https:\/\/keramamueblesdejardin.com\/wp-content\/uploads\/2023\/06\/6-300x300.jpg","custom_tabs":[{"title":"MESURES","id":"mesures","content":"<div class=\"list\">\n<div class=\"list\"><strong>Hauteur: <\/strong>40cm<\/div>\n<div class=\"list\"><strong>Largeur: <\/strong>40cm<\/div>\n<div class=\"list\"><b>\u00c9paisseur: <\/b>6cm<\/div>\n<\/div>"},{"title":"ENTRETIEN ET GARANTIES","id":"entretien-et-garanties","content":"<div class=\"moz-signature\">\n<div class=\"list\"><strong>Recommandations g\u00e9n\u00e9rales :<\/strong>\n- Les d\u00e9faillances ou les dommages caus\u00e9s par les \u00e9l\u00e9ments suivants sont exclus de la garantie :\n- Les causes accidentelles telles que chutes, coups, d\u00e9versement de liquides, introduction de corps \u00e9trangers, ainsi que toute autre force majeure.\n- Utilisation n\u00e9gligente, inappropri\u00e9e ou non domestique.\n- Dommages, corrosion et\/ou oxydation acc\u00e9l\u00e9r\u00e9s par des conditions environnementales d\u00e9favorables.\n- Taches et d\u00e9coloration dues au non-respect de nos instructions de nettoyage.\n- Dommages survenus lors du montage et de la manipulation sans respecter les instructions de montage.\n<strong>Instructions d'utilisation et d'entretien :<\/strong>\n- Essuyez doucement avec un chiffon ou utilisez un savon liquide neutre, puis rincez abondamment \u00e0 l'eau.\n- Enlevez r\u00e9guli\u00e8rement la poussi\u00e8re avec un chiffon doux et de l'eau claire.\n- N'utilisez pas de d\u00e9tergents ou de produits abrasifs pour le nettoyage.\n<strong>Ann\u00e9es de garantie :<\/strong> 3 ans\n<strong>Fabriqu\u00e9 conform\u00e9ment \u00e0 la norme :<\/strong> 581-1,581-2,581-3<\/div>\n<\/div>"}],"_links":{"self":[{"href":"https:\/\/keramamueblesdejardin.com\/fr\/wp-json\/wp\/v2\/product\/122507","targetHints":{"allow":["GET"]}}],"collection":[{"href":"https:\/\/keramamueblesdejardin.com\/fr\/wp-json\/wp\/v2\/product"}],"about":[{"href":"https:\/\/keramamueblesdejardin.com\/fr\/wp-json\/wp\/v2\/types\/product"}],"replies":[{"embeddable":true,"href":"https:\/\/keramamueblesdejardin.com\/fr\/wp-json\/wp\/v2\/comments?post=122507"}],"wp:featuredmedia":[{"embeddable":true,"href":"https:\/\/keramamueblesdejardin.com\/fr\/wp-json\/wp\/v2\/media\/126201"}],"wp:attachment":[{"href":"https:\/\/keramamueblesdejardin.com\/fr\/wp-json\/wp\/v2\/media?parent=122507"}],"wp:term":[{"taxonomy":"product_brand","embeddable":true,"href":"https:\/\/keramamueblesdejardin.com\/fr\/wp-json\/wp\/v2\/product_brand?post=122507"},{"taxonomy":"product_cat","embeddable":true,"href":"https:\/\/keramamueblesdejardin.com\/fr\/wp-json\/wp\/v2\/product_cat?post=122507"},{"taxonomy":"product_tag","embeddable":true,"href":"https:\/\/keramamueblesdejardin.com\/fr\/wp-json\/wp\/v2\/product_tag?post=122507"}],"curies":[{"name":"wp","href":"https:\/\/api.w.org\/{rel}","templated":true}]}}