{"id":108403,"date":"2023-04-17T16:33:06","date_gmt":"2023-04-17T14:33:06","guid":{"rendered":"https:\/\/keramamueblesdejardin.com\/non%20class\u00e9\/pack-de-4-chaises-cordes-sicile\/"},"modified":"2024-10-18T13:50:21","modified_gmt":"2024-10-18T11:50:21","slug":"paquet-de-4-chaises-corde-sicile","status":"publish","type":"product","link":"https:\/\/keramamueblesdejardin.com\/fr\/diner-en-plein-air\/chaises-de-jardin\/paquet-de-4-chaises-corde-sicile\/","title":{"rendered":"Pack de 4 chaises cordes &#8211; Sicile"},"content":{"rendered":"<p>Pack de 4 chaises de jardin Sicilia est fabriqu\u00e9 avec une structure en bois d\u2019acacia de couleur claire, une corde en polyester tress\u00e9e \u00e0 la main et des coussins beiges. Le bois est certifi\u00e9 FSC, garantissant une bonne gestion foresti\u00e8re, \u00e9conomique et sociale des ressources.<\/p>\n","protected":false},"excerpt":{"rendered":"<ul>\n<li>Pack de 4 chaises de salle \u00e0 manger d\u2019ext\u00e9rieur<\/li>\n<li>Fabriqu\u00e9 avec une structure en bois avec certificat FSC d\u2019acacia de couleur claire<\/li>\n<li>Corde en polyester tress\u00e9e \u00e0 la main et coussins beiges<\/li>\n<li>Vous pouvez les combiner avec les autres \u00e9l\u00e9ments de la famille de produits Sicilia<\/li>\n<\/ul>\n","protected":false},"featured_media":105538,"comment_status":"closed","ping_status":"closed","template":"","meta":{"_acf_changed":false},"product_brand":[],"product_cat":[593,578],"product_tag":[823],"class_list":{"0":"post-108403","1":"product","2":"type-product","3":"status-publish","4":"has-post-thumbnail","6":"product_cat-chaises-de-jardin","7":"product_cat-diner-en-plein-air","8":"product_tag-sicile","9":"product_shipping_class-envio-gratuito-fr","10":"pa_material-madera-clara-fr","12":"first","13":"instock","14":"sale","15":"purchasable","16":"product-type-simple","17":"add-to-wishlist-before_image"},"acf":[],"yoast_head":"<!-- This site is optimized with the Yoast SEO plugin v27.2 - https:\/\/yoast.com\/product\/yoast-seo-wordpress\/ -->\n<title>Pack de 4 chaises cordes - Sicile - Kerama<\/title>\n<meta name=\"robots\" content=\"index, follow, max-snippet:-1, max-image-preview:large, max-video-preview:-1\" \/>\n<link rel=\"canonical\" href=\"https:\/\/keramamueblesdejardin.com\/fr\/diner-en-plein-air\/chaises-de-jardin\/paquet-de-4-chaises-corde-sicile\/\" \/>\n<meta property=\"og:locale\" content=\"fr_FR\" \/>\n<meta property=\"og:type\" content=\"article\" \/>\n<meta property=\"og:title\" content=\"Pack de 4 chaises cordes - Sicile - Kerama\" \/>\n<meta property=\"og:description\" content=\"Pack de 4 chaises de salle \u00e0 manger d\u2019ext\u00e9rieur  Fabriqu\u00e9 avec une structure en bois avec certificat FSC d\u2019acacia de couleur claire  Corde en polyester tress\u00e9e \u00e0 la main et coussins beiges  Vous pouvez les combiner avec les autres \u00e9l\u00e9ments de la famille de produits Sicilia\" \/>\n<meta property=\"og:url\" content=\"https:\/\/keramamueblesdejardin.com\/fr\/diner-en-plein-air\/chaises-de-jardin\/paquet-de-4-chaises-corde-sicile\/\" \/>\n<meta property=\"og:site_name\" content=\"Kerama\" \/>\n<meta property=\"article:publisher\" content=\"https:\/\/www.facebook.com\/Kerama-Muebles-de-Jard%c3%adn-106209328312568\/\" \/>\n<meta property=\"article:modified_time\" content=\"2024-10-18T11:50:21+00:00\" \/>\n<meta property=\"og:image\" content=\"https:\/\/keramamueblesdejardin.com\/wp-content\/uploads\/2023\/04\/siclia-x4.jpg\" \/>\n\t<meta property=\"og:image:width\" content=\"1200\" \/>\n\t<meta property=\"og:image:height\" content=\"1200\" \/>\n\t<meta property=\"og:image:type\" content=\"image\/jpeg\" \/>\n<meta name=\"twitter:card\" content=\"summary_large_image\" \/>\n<script type=\"application\/ld+json\" class=\"yoast-schema-graph\">{\"@context\":\"https:\/\/schema.org\",\"@graph\":[{\"@type\":\"WebPage\",\"@id\":\"https:\/\/keramamueblesdejardin.com\/fr\/diner-en-plein-air\/chaises-de-jardin\/paquet-de-4-chaises-corde-sicile\/\",\"url\":\"https:\/\/keramamueblesdejardin.com\/fr\/diner-en-plein-air\/chaises-de-jardin\/paquet-de-4-chaises-corde-sicile\/\",\"name\":\"Pack de 4 chaises cordes - Sicile - Kerama\",\"isPartOf\":{\"@id\":\"https:\/\/keramamueblesdejardin.com\/fr\/#website\"},\"primaryImageOfPage\":{\"@id\":\"https:\/\/keramamueblesdejardin.com\/fr\/diner-en-plein-air\/chaises-de-jardin\/paquet-de-4-chaises-corde-sicile\/#primaryimage\"},\"image\":{\"@id\":\"https:\/\/keramamueblesdejardin.com\/fr\/diner-en-plein-air\/chaises-de-jardin\/paquet-de-4-chaises-corde-sicile\/#primaryimage\"},\"thumbnailUrl\":\"https:\/\/keramamueblesdejardin.com\/wp-content\/uploads\/2023\/04\/siclia-x4.jpg\",\"datePublished\":\"2023-04-17T14:33:06+00:00\",\"dateModified\":\"2024-10-18T11:50:21+00:00\",\"breadcrumb\":{\"@id\":\"https:\/\/keramamueblesdejardin.com\/fr\/diner-en-plein-air\/chaises-de-jardin\/paquet-de-4-chaises-corde-sicile\/#breadcrumb\"},\"inLanguage\":\"fr-FR\",\"potentialAction\":[{\"@type\":\"ReadAction\",\"target\":[\"https:\/\/keramamueblesdejardin.com\/fr\/diner-en-plein-air\/chaises-de-jardin\/paquet-de-4-chaises-corde-sicile\/\"]}]},{\"@type\":\"ImageObject\",\"inLanguage\":\"fr-FR\",\"@id\":\"https:\/\/keramamueblesdejardin.com\/fr\/diner-en-plein-air\/chaises-de-jardin\/paquet-de-4-chaises-corde-sicile\/#primaryimage\",\"url\":\"https:\/\/keramamueblesdejardin.com\/wp-content\/uploads\/2023\/04\/siclia-x4.jpg\",\"contentUrl\":\"https:\/\/keramamueblesdejardin.com\/wp-content\/uploads\/2023\/04\/siclia-x4.jpg\",\"width\":1200,\"height\":1200},{\"@type\":\"BreadcrumbList\",\"@id\":\"https:\/\/keramamueblesdejardin.com\/fr\/diner-en-plein-air\/chaises-de-jardin\/paquet-de-4-chaises-corde-sicile\/#breadcrumb\",\"itemListElement\":[{\"@type\":\"ListItem\",\"position\":1,\"name\":\"Home\",\"item\":\"https:\/\/keramamueblesdejardin.com\/fr\/\"},{\"@type\":\"ListItem\",\"position\":2,\"name\":\"Boutique\",\"item\":\"https:\/\/keramamueblesdejardin.com\/tienda\/\"},{\"@type\":\"ListItem\",\"position\":3,\"name\":\"D\u00eener en plein air\",\"item\":\"https:\/\/keramamueblesdejardin.com\/fr\/diner-en-plein-air\/\"},{\"@type\":\"ListItem\",\"position\":4,\"name\":\"Chaises de jardin\",\"item\":\"https:\/\/keramamueblesdejardin.com\/fr\/diner-en-plein-air\/chaises-de-jardin\/\"},{\"@type\":\"ListItem\",\"position\":5,\"name\":\"Pack de 4 chaises cordes &#8211; Sicile\"}]},{\"@type\":\"WebSite\",\"@id\":\"https:\/\/keramamueblesdejardin.com\/fr\/#website\",\"url\":\"https:\/\/keramamueblesdejardin.com\/fr\/\",\"name\":\"Kerama\",\"description\":\"muebles de jard\u00edn\",\"publisher\":{\"@id\":\"https:\/\/keramamueblesdejardin.com\/fr\/#organization\"},\"potentialAction\":[{\"@type\":\"SearchAction\",\"target\":{\"@type\":\"EntryPoint\",\"urlTemplate\":\"https:\/\/keramamueblesdejardin.com\/fr\/?s={search_term_string}\"},\"query-input\":{\"@type\":\"PropertyValueSpecification\",\"valueRequired\":true,\"valueName\":\"search_term_string\"}}],\"inLanguage\":\"fr-FR\"},{\"@type\":\"Organization\",\"@id\":\"https:\/\/keramamueblesdejardin.com\/fr\/#organization\",\"name\":\"kerama\",\"url\":\"https:\/\/keramamueblesdejardin.com\/fr\/\",\"logo\":{\"@type\":\"ImageObject\",\"inLanguage\":\"fr-FR\",\"@id\":\"https:\/\/keramamueblesdejardin.com\/fr\/#\/schema\/logo\/image\/\",\"url\":\"https:\/\/keramamueblesdejardin.com\/wp-content\/uploads\/2020\/12\/k.-scaled.jpg\",\"contentUrl\":\"https:\/\/keramamueblesdejardin.com\/wp-content\/uploads\/2020\/12\/k.-scaled.jpg\",\"width\":2560,\"height\":551,\"caption\":\"kerama\"},\"image\":{\"@id\":\"https:\/\/keramamueblesdejardin.com\/fr\/#\/schema\/logo\/image\/\"},\"sameAs\":[\"https:\/\/www.facebook.com\/Kerama-Muebles-de-Jard\u00edn-106209328312568\/\"]}]}<\/script>\n<!-- \/ Yoast SEO plugin. -->","yoast_head_json":{"title":"Pack de 4 chaises cordes - Sicile - Kerama","robots":{"index":"index","follow":"follow","max-snippet":"max-snippet:-1","max-image-preview":"max-image-preview:large","max-video-preview":"max-video-preview:-1"},"canonical":"https:\/\/keramamueblesdejardin.com\/fr\/diner-en-plein-air\/chaises-de-jardin\/paquet-de-4-chaises-corde-sicile\/","og_locale":"fr_FR","og_type":"article","og_title":"Pack de 4 chaises cordes - Sicile - Kerama","og_description":"Pack de 4 chaises de salle \u00e0 manger d\u2019ext\u00e9rieur  Fabriqu\u00e9 avec une structure en bois avec certificat FSC d\u2019acacia de couleur claire  Corde en polyester tress\u00e9e \u00e0 la main et coussins beiges  Vous pouvez les combiner avec les autres \u00e9l\u00e9ments de la famille de produits Sicilia","og_url":"https:\/\/keramamueblesdejardin.com\/fr\/diner-en-plein-air\/chaises-de-jardin\/paquet-de-4-chaises-corde-sicile\/","og_site_name":"Kerama","article_publisher":"https:\/\/www.facebook.com\/Kerama-Muebles-de-Jard%c3%adn-106209328312568\/","article_modified_time":"2024-10-18T11:50:21+00:00","og_image":[{"width":1200,"height":1200,"url":"https:\/\/keramamueblesdejardin.com\/wp-content\/uploads\/2023\/04\/siclia-x4.jpg","type":"image\/jpeg"}],"twitter_card":"summary_large_image","schema":{"@context":"https:\/\/schema.org","@graph":[{"@type":"WebPage","@id":"https:\/\/keramamueblesdejardin.com\/fr\/diner-en-plein-air\/chaises-de-jardin\/paquet-de-4-chaises-corde-sicile\/","url":"https:\/\/keramamueblesdejardin.com\/fr\/diner-en-plein-air\/chaises-de-jardin\/paquet-de-4-chaises-corde-sicile\/","name":"Pack de 4 chaises cordes - Sicile - Kerama","isPartOf":{"@id":"https:\/\/keramamueblesdejardin.com\/fr\/#website"},"primaryImageOfPage":{"@id":"https:\/\/keramamueblesdejardin.com\/fr\/diner-en-plein-air\/chaises-de-jardin\/paquet-de-4-chaises-corde-sicile\/#primaryimage"},"image":{"@id":"https:\/\/keramamueblesdejardin.com\/fr\/diner-en-plein-air\/chaises-de-jardin\/paquet-de-4-chaises-corde-sicile\/#primaryimage"},"thumbnailUrl":"https:\/\/keramamueblesdejardin.com\/wp-content\/uploads\/2023\/04\/siclia-x4.jpg","datePublished":"2023-04-17T14:33:06+00:00","dateModified":"2024-10-18T11:50:21+00:00","breadcrumb":{"@id":"https:\/\/keramamueblesdejardin.com\/fr\/diner-en-plein-air\/chaises-de-jardin\/paquet-de-4-chaises-corde-sicile\/#breadcrumb"},"inLanguage":"fr-FR","potentialAction":[{"@type":"ReadAction","target":["https:\/\/keramamueblesdejardin.com\/fr\/diner-en-plein-air\/chaises-de-jardin\/paquet-de-4-chaises-corde-sicile\/"]}]},{"@type":"ImageObject","inLanguage":"fr-FR","@id":"https:\/\/keramamueblesdejardin.com\/fr\/diner-en-plein-air\/chaises-de-jardin\/paquet-de-4-chaises-corde-sicile\/#primaryimage","url":"https:\/\/keramamueblesdejardin.com\/wp-content\/uploads\/2023\/04\/siclia-x4.jpg","contentUrl":"https:\/\/keramamueblesdejardin.com\/wp-content\/uploads\/2023\/04\/siclia-x4.jpg","width":1200,"height":1200},{"@type":"BreadcrumbList","@id":"https:\/\/keramamueblesdejardin.com\/fr\/diner-en-plein-air\/chaises-de-jardin\/paquet-de-4-chaises-corde-sicile\/#breadcrumb","itemListElement":[{"@type":"ListItem","position":1,"name":"Home","item":"https:\/\/keramamueblesdejardin.com\/fr\/"},{"@type":"ListItem","position":2,"name":"Boutique","item":"https:\/\/keramamueblesdejardin.com\/tienda\/"},{"@type":"ListItem","position":3,"name":"D\u00eener en plein air","item":"https:\/\/keramamueblesdejardin.com\/fr\/diner-en-plein-air\/"},{"@type":"ListItem","position":4,"name":"Chaises de jardin","item":"https:\/\/keramamueblesdejardin.com\/fr\/diner-en-plein-air\/chaises-de-jardin\/"},{"@type":"ListItem","position":5,"name":"Pack de 4 chaises cordes &#8211; Sicile"}]},{"@type":"WebSite","@id":"https:\/\/keramamueblesdejardin.com\/fr\/#website","url":"https:\/\/keramamueblesdejardin.com\/fr\/","name":"Kerama","description":"muebles de jard\u00edn","publisher":{"@id":"https:\/\/keramamueblesdejardin.com\/fr\/#organization"},"potentialAction":[{"@type":"SearchAction","target":{"@type":"EntryPoint","urlTemplate":"https:\/\/keramamueblesdejardin.com\/fr\/?s={search_term_string}"},"query-input":{"@type":"PropertyValueSpecification","valueRequired":true,"valueName":"search_term_string"}}],"inLanguage":"fr-FR"},{"@type":"Organization","@id":"https:\/\/keramamueblesdejardin.com\/fr\/#organization","name":"kerama","url":"https:\/\/keramamueblesdejardin.com\/fr\/","logo":{"@type":"ImageObject","inLanguage":"fr-FR","@id":"https:\/\/keramamueblesdejardin.com\/fr\/#\/schema\/logo\/image\/","url":"https:\/\/keramamueblesdejardin.com\/wp-content\/uploads\/2020\/12\/k.-scaled.jpg","contentUrl":"https:\/\/keramamueblesdejardin.com\/wp-content\/uploads\/2020\/12\/k.-scaled.jpg","width":2560,"height":551,"caption":"kerama"},"image":{"@id":"https:\/\/keramamueblesdejardin.com\/fr\/#\/schema\/logo\/image\/"},"sameAs":["https:\/\/www.facebook.com\/Kerama-Muebles-de-Jard\u00edn-106209328312568\/"]}]}},"df_price":879,"df_sale_price":879,"df_regular_price":1078,"df_image_link":"https:\/\/keramamueblesdejardin.com\/wp-content\/uploads\/2023\/04\/siclia-x4-300x300.jpg","custom_tabs":[{"title":"MESURES","id":"mesures","content":"<div class=\"list\">\r\n<div class=\"list\"><strong>Hauteur: <\/strong>80cm<\/div>\r\n<div class=\"list\"><strong>Largeur: <\/strong>53cm<\/div>\r\n<div class=\"list\"><strong>Profondeur: <\/strong>60cm<\/div>\r\n<\/div>"},{"title":"D\u00c9BALLAGE ET MONTAGE","id":"deballage-et-montage","content":"<div class=\"list\"><strong style=\"font-weight: bold; color: #282828;\">Conditions de d\u00e9ballage :<\/strong><span style=\"color: #282828;\"> N'utilisez pas d'outils tranchants lorsque vous d\u00e9ballez le meuble, car cela pourrait l'endommager.<\/span><br style=\"color: #282828;\" \/><strong style=\"font-weight: bold; color: #282828;\">Montage requis (O\/N) :<\/strong><span style=\"color: #282828;\"> Oui<\/span><br style=\"color: #282828;\" \/><strong style=\"font-weight: bold; color: #282828;\">Difficult\u00e9 de montage :<\/strong><span style=\"color: #282828;\"> Faible<\/span><br style=\"color: #282828;\" \/><strong style=\"font-weight: bold; color: #282828;\">Temps de montage :<\/strong><span style=\"color: #282828;\"> 30 minutes<\/span><br style=\"color: #282828;\" \/><strong style=\"font-weight: bold; color: #282828;\">Personnes recommand\u00e9es pour le montage :<\/strong><span style=\"color: #282828;\"> 2<\/span><br style=\"color: #282828;\" \/><strong style=\"font-weight: bold; color: #282828;\">Suggestions de montage :<\/strong><span style=\"color: #282828;\"> Pr\u00e9parez une zone de montage propre et s\u00e8che, v\u00e9rifiez qu'aucune des pi\u00e8ces \u00e9num\u00e9r\u00e9es dans le manuel ne manque. Nous recommandons l'utilisation de gants appropri\u00e9s pour le montage. N'utilisez que les pi\u00e8ces et les raccords fournis.<\/span><\/div>"},{"title":"ENTRETIEN ET GARANTIES","id":"entretien-et-garanties","content":"<strong>Recommandations g\u00e9n\u00e9rales :<\/strong>\r\n- Les d\u00e9faillances ou les dommages caus\u00e9s par les \u00e9l\u00e9ments suivants sont exclus de la garantie :\r\n- Les causes accidentelles telles que chutes, coups, d\u00e9versement de liquides, introduction de corps \u00e9trangers, ainsi que toute autre force majeure.\r\n- Utilisation n\u00e9gligente, inappropri\u00e9e ou non domestique.\r\n- Dommages, corrosion et\/ou oxydation acc\u00e9l\u00e9r\u00e9s par des conditions environnementales d\u00e9favorables.\r\n- Taches et d\u00e9coloration dues au non-respect de nos instructions de nettoyage.\r\n- Dommages survenus lors du montage et de la manipulation sans respecter les instructions de montage.\r\n<strong>Instructions d'utilisation et d'entretien :<\/strong>\r\n- Essuyez doucement avec un chiffon ou utilisez un savon liquide neutre, puis rincez abondamment \u00e0 l'eau.\r\n- Enlevez r\u00e9guli\u00e8rement la poussi\u00e8re avec un chiffon doux et de l'eau claire.\r\n- N'utilisez pas de d\u00e9tergents ou de produits abrasifs pour le nettoyage.\r\n- Traitement \u00e0 l'huile de lin : Avant d'appliquer une couche d'huile de lin sur le produit \u00e0 l'\u00e9tat naturel, il est conseill\u00e9 de le laisser \u00e0 l'ext\u00e9rieur pendant 2 \u00e0 3 semaines afin de lui donner un aspect homog\u00e8ne et de l'a\u00e9rer. Nettoyer \u00e0 l'eau claire \u00e0 l'aide d'une brosse et laisser s\u00e9cher. Une fois qu'elle est bien s\u00e8che, poncez-la avec une feuille de papier de verre d'un grammage compris entre 120 et 150, avec pr\u00e9caution et sans appuyer, en suivant, autant que possible, le sens des veines ; cette op\u00e9ration ne doit jamais \u00eatre effectu\u00e9e aux premi\u00e8res heures du jour.\r\nPour conserver la couleur, il est conseill\u00e9 de r\u00e9p\u00e9ter le processus une ou deux fois par an.\r\nSi l'huile de lin a d\u00e9j\u00e0 \u00e9t\u00e9 appliqu\u00e9e sur le meuble, il est conseill\u00e9 de le poncer tous les trois ans afin que les couches successives d'huile n'emp\u00eachent pas le bois de transpirer.\r\n<strong>Ann\u00e9es de garantie :<\/strong> 3 ans\r\n<strong>Fabriqu\u00e9 conform\u00e9ment \u00e0 la norme :<\/strong> 581-1,581-2,581-3\r\n<strong>Certifi\u00e9 FSC (O\/N) :<\/strong> Oui"}],"_links":{"self":[{"href":"https:\/\/keramamueblesdejardin.com\/fr\/wp-json\/wp\/v2\/product\/108403","targetHints":{"allow":["GET"]}}],"collection":[{"href":"https:\/\/keramamueblesdejardin.com\/fr\/wp-json\/wp\/v2\/product"}],"about":[{"href":"https:\/\/keramamueblesdejardin.com\/fr\/wp-json\/wp\/v2\/types\/product"}],"replies":[{"embeddable":true,"href":"https:\/\/keramamueblesdejardin.com\/fr\/wp-json\/wp\/v2\/comments?post=108403"}],"wp:featuredmedia":[{"embeddable":true,"href":"https:\/\/keramamueblesdejardin.com\/fr\/wp-json\/wp\/v2\/media\/105538"}],"wp:attachment":[{"href":"https:\/\/keramamueblesdejardin.com\/fr\/wp-json\/wp\/v2\/media?parent=108403"}],"wp:term":[{"taxonomy":"product_brand","embeddable":true,"href":"https:\/\/keramamueblesdejardin.com\/fr\/wp-json\/wp\/v2\/product_brand?post=108403"},{"taxonomy":"product_cat","embeddable":true,"href":"https:\/\/keramamueblesdejardin.com\/fr\/wp-json\/wp\/v2\/product_cat?post=108403"},{"taxonomy":"product_tag","embeddable":true,"href":"https:\/\/keramamueblesdejardin.com\/fr\/wp-json\/wp\/v2\/product_tag?post=108403"}],"curies":[{"name":"wp","href":"https:\/\/api.w.org\/{rel}","templated":true}]}}