{"id":63763,"date":"2021-04-13T11:06:33","date_gmt":"2021-04-13T09:06:33","guid":{"rendered":"https:\/\/keramamueblesdejardin.com\/avis-juridique\/"},"modified":"2026-02-11T16:09:58","modified_gmt":"2026-02-11T15:09:58","slug":"avis-juridique","status":"publish","type":"page","link":"https:\/\/keramamueblesdejardin.com\/fr\/avis-juridique\/","title":{"rendered":"Avis juridique"},"content":{"rendered":"\t\t<div data-elementor-type=\"wp-page\" data-elementor-id=\"63763\" class=\"elementor elementor-63763 elementor-8545\" data-elementor-post-type=\"page\">\n\t\t\t\t<div class=\"elementor-element elementor-element-f1896e9 e-flex e-con-boxed e-con e-parent\" data-id=\"f1896e9\" data-element_type=\"container\" data-e-type=\"container\" data-settings=\"{&quot;background_background&quot;:&quot;classic&quot;}\">\n\t\t\t\t\t<div class=\"e-con-inner\">\n\t\t\t\t<div class=\"elementor-element elementor-element-c099a77 elementor-widget elementor-widget-image\" data-id=\"c099a77\" data-element_type=\"widget\" data-e-type=\"widget\" data-widget_type=\"image.default\">\n\t\t\t\t<div class=\"elementor-widget-container\">\n\t\t\t\t\t\t\t\t\t\t\t\t\t\t\t<img fetchpriority=\"high\" decoding=\"async\" width=\"800\" height=\"174\" src=\"https:\/\/keramamueblesdejardin.com\/wp-content\/uploads\/2025\/05\/logo-kerama.png\" class=\"attachment-large size-large wp-image-178529\" alt=\"\" srcset=\"https:\/\/keramamueblesdejardin.com\/wp-content\/uploads\/2025\/05\/logo-kerama.png 800w, https:\/\/keramamueblesdejardin.com\/wp-content\/uploads\/2025\/05\/logo-kerama-300x65.png 300w, https:\/\/keramamueblesdejardin.com\/wp-content\/uploads\/2025\/05\/logo-kerama-768x167.png 768w\" sizes=\"(max-width: 800px) 100vw, 800px\" \/>\t\t\t\t\t\t\t\t\t\t\t\t\t\t\t<\/div>\n\t\t\t\t<\/div>\n\t\t\t\t<div class=\"elementor-element elementor-element-5c51b4e elementor-widget__width-initial elementor-widget elementor-widget-heading\" data-id=\"5c51b4e\" data-element_type=\"widget\" data-e-type=\"widget\" data-widget_type=\"heading.default\">\n\t\t\t\t<div class=\"elementor-widget-container\">\n\t\t\t\t\t<div class=\"elementor-heading-title elementor-size-default\">Avis juridique<\/div>\t\t\t\t<\/div>\n\t\t\t\t<\/div>\n\t\t\t\t<div class=\"elementor-element elementor-element-19fd7f0 elementor-widget elementor-widget-image\" data-id=\"19fd7f0\" data-element_type=\"widget\" data-e-type=\"widget\" data-widget_type=\"image.default\">\n\t\t\t\t<div class=\"elementor-widget-container\">\n\t\t\t\t\t\t\t\t\t\t\t\t\t\t\t<img decoding=\"async\" width=\"48\" height=\"48\" src=\"https:\/\/keramamueblesdejardin.com\/wp-content\/uploads\/2025\/12\/arrow_cool_down.svg\" class=\"attachment-full size-full wp-image-192082\" alt=\"\" \/>\t\t\t\t\t\t\t\t\t\t\t\t\t\t\t<\/div>\n\t\t\t\t<\/div>\n\t\t\t\t\t<\/div>\n\t\t\t\t<\/div>\n\t\t<div class=\"elementor-element elementor-element-7a7b6c01 e-flex e-con-boxed e-con e-parent\" data-id=\"7a7b6c01\" data-element_type=\"container\" data-e-type=\"container\">\n\t\t\t\t\t<div class=\"e-con-inner\">\n\t\t\t\t<div class=\"elementor-element elementor-element-1c8f544 elementor-widget elementor-widget-text-editor\" data-id=\"1c8f544\" data-element_type=\"widget\" data-e-type=\"widget\" data-widget_type=\"text-editor.default\">\n\t\t\t\t<div class=\"elementor-widget-container\">\n\t\t\t\t\t\t\t\t\t<p><b>PROPRI\u00c9TAIRE DU SITE WEB ET COORDONN\u00c9ES<\/b><\/p><div class=\"container\"><div class=\"row\"><div class=\"main-content col-sm-12\"><div class=\"page-main-content\"><p class=\"p3\">keramamueblesdejardin.com est un domaine appartenant \u00e0 GREENBROWNBLUE S.L., NIF ESB67405811, avec adresse fiscale au Passatge De Roma, 6, nef 17, Pol\u00edgono industrial Cova Solera, 08191 Rub\u00ed, Barcelone (ESPAGNE).<br>Le but du site est de vendre des produits de jardinage sur Internet.<br>Vous pouvez nous contacter :<\/p><ul class=\"ul1\"><li class=\"li3\">Par t\u00e9l\u00e9phone au <a href=\"tel:+34663971257\">+34 663 971 257<\/a><\/li><li class=\"li3\">Par e-mail, en \u00e9crivant <a href=\"mailto:hola@keramamueblesdejardin.com\">\u00e0 hola@keramamueblesdejardin.com<\/a><\/li><\/ul><ul class=\"ul1\"><li class=\"li3\"><a class=\"external no-external-link\" href=\"mailto:admin@aquafunboards.com\" target=\"_blank\" rel=\"noopener noreferrer\"><span class=\"show-for-sr\">Ouvre une nouvelle fen\u00eatre<\/span><\/a><br><ul class=\"ul1\"><li class=\"li3\">Par \u00e9crit, par \u00e9crit \u00e0 keramamueblesdejardin.com Passatge De Roma, 6, nef 17, Pol\u00edgono industrial Cova Solera, 08191 Rub\u00ed, Barcelone (ESPAGNE).<\/li><\/ul><\/li><\/ul><p class=\"p3\">Pour toute information compl\u00e9mentaire, n&rsquo;h\u00e9sitez pas \u00e0 nous contacter.<\/p><p class=\"p2\"><b>CONDITIONS D&rsquo;UTILISATION DU SITE WEB<\/b><\/p><p class=\"p3\">Ces conditions d\u2019utilisation r\u00e9gissent l\u2019acc\u00e8s \u00e0 ce site web par keramamueblesdejardin.com clients et autres internautes. Par la simple utilisation de ce site web, en tant qu\u2019utilisateur, vous signifiez votre acceptation sans r\u00e9serve de ces conditions d\u2019utilisation.<br>keramamueblesdejardin.com se r\u00e9serve le droit unilat\u00e9ral de modifier ces conditions d\u2019acc\u00e8s au site web, ainsi que le contenu qui y est inclus. <\/p><p class=\"p2\"><b>LIMITATION ET EXCLUSION DE LA RESPONSABILIT\u00c9<\/b><\/p><p class=\"p3\">Le contenu de ce site web est de nature g\u00e9n\u00e9rale et n&rsquo;a qu&rsquo;un but informatif. keramamueblesdejardin.com rejette toute responsabilit\u00e9 pour toute information non pr\u00e9par\u00e9e par elle ou publi\u00e9e en son nom d\u2019une mani\u00e8re non autoris\u00e9e par elle, ainsi que toute responsabilit\u00e9 r\u00e9sultant d\u2019une mauvaise utilisation du contenu par des tiers.<br>L\u2019utilisateur exon\u00e8re keramamueblesdejardin.com de toute responsabilit\u00e9 pouvant d\u00e9couler d\u2019interruptions dans la disponibilit\u00e9 du site web, que ce soit en raison d\u2019un dysfonctionnement du serveur web ou des applications, des infrastructures de communication, ou des logiciels et mat\u00e9riels utilis\u00e9s pour la navigation.<br>En cas d\u2019inclusion de liens vers d\u2019autres sites web, toute responsabilit\u00e9 li\u00e9e \u00e0 l\u2019acc\u00e8s et \u00e0 l\u2019utilisation de ces liens keramamueblesdejardin.com refus\u00e9e.<\/p><p class=\"p2\"><b>PROPRI\u00c9T\u00c9 INTELLECTUELLE ET INDUSTRIELLE<\/b><\/p><p class=\"p3\">L&rsquo;ensemble de ce site est prot\u00e9g\u00e9 par les lois sur la propri\u00e9t\u00e9 intellectuelle et industrielle. Sauf indication contraire, les droits de propri\u00e9t\u00e9 intellectuelle sur ce contenu correspondent exclusivement \u00e0 keramamueblesdejardin.com. L\u2019utilisateur reconna\u00eet que l\u2019utilisation du contenu est strictement limit\u00e9e \u00e0 ses propres usages personnels et que la reproduction, la distribution, la communication ou la transformation de ces \u0153uvres sans autorisation expresse constitue une violation des droits de propri\u00e9t\u00e9 intellectuelle.<br>De m\u00eame, l\u2019utilisateur s\u2019abstiendra d\u2019utiliser le contenu et, en particulier, les informations de tout type obtenues via le site web pour envoyer de la publicit\u00e9, des communications \u00e0 des fins de vente directe ou \u00e0 tout autre usage commercial, des messages non sollicit\u00e9s adress\u00e9s \u00e0 une pluralit\u00e9 de personnes, quel que soit leur objectif. Vous vous abstiendrez \u00e9galement de faire de la promotion ou de divulguer de telles informations.<br>keramamueblesdejardin.com est un domaine de GREENBROWNBLUE S.L. Il ne peut \u00eatre utilis\u00e9, sauf autorisation expresse, en lien avec d\u2019autres produits ou services qui ne sont pas keramamueblesdejardin.com d\u2019une mani\u00e8re qui pourrait causer de la confusion chez nos clients ou discr\u00e9diter keramamueblesdejardin.com.  <\/p><p class=\"p2\"><b>POLITIQUE EN MATI\u00c8RE DE LIENS VERS CE SITE WEB<\/b><\/p><p class=\"p3\">Si un utilisateur, une entit\u00e9 ou un site web souhaite \u00e9tablir un quelconque type de lien vers ce site, il doit demander une autorisation pr\u00e9alable et \u00e9crite pour cr\u00e9er ce lien.<br>De plus, il n\u2019est permis que de faire des liens vers la page d\u2019accueil du site web. Le lien doit \u00eatre absolu et complet, c\u2019est-\u00e0-dire qu\u2019il doit emmener l\u2019utilisateur \u00e0 l\u2019adresse de keramamueblesdejardin.com couvrant enti\u00e8rement l\u2019extension de l\u2019\u00e9cran de la page contenant le lien. En aucun cas, sauf autorisation \u00e9crite expresse de keramamueblesdejardin.com, la page qui fait le lien ne peut reproduire de quelque mani\u00e8re que ce soit le site web keramamueblesdejardin.com, l\u2019inclure dans son site ou dans l\u2019un de ses cadres sur l\u2019une des pages ou contenus de ce site.  <br>Aucune d\u00e9claration fausse, inexacte ou incorrecte ne doit \u00eatre faite au sujet des pages de ce site web ou des services qui y sont propos\u00e9s.<br>Le lien ne doit contenir aucune marque, nom commercial, enseigne d\u2019\u00e9tablissement, d\u00e9nomination, logo, slogan ou autres panneaux distinctifs appartenant \u00e0 keramamueblesdejardin.com<br>En aucun cas keramamueblesdejardin.com ne sera responsable du contenu ou des services mis \u00e0 disposition du public sur le site web d\u2019o\u00f9 provient le lien, ni des informations ou d\u00e9clarations qui y sont incluses.<\/p><p class=\"p2\"><b>PROTECTION DES DONN\u00c9ES PERSONNELLES<\/b><\/p><p class=\"p3\">L\u2019utilisation de ce site web et de ses formulaires n\u00e9cessite l\u2019acceptation du traitement des donn\u00e9es de l\u2019utilisateur conform\u00e9ment \u00e0 notre <span class=\"s2\">politique de confidentialit\u00e9 (lien),<\/span> y compris la collecte des donn\u00e9es d\u2019acc\u00e8s et l\u2019envoi \u00e9lectronique des informations commerciales.<br>Veuillez lire <span class=\"s2\">attentivement notre politique de confidentialit\u00e9 pour<\/span> savoir comment nous utilisons les donn\u00e9es des utilisateurs et comment exercer vos droits d\u2019acc\u00e8s, de rectification, d\u2019annulation et d\u2019opposition.<\/p><p class=\"p2\"><b>COOKIES<\/b><\/p><p class=\"p3\">Ce site web utilise ses propres cookies et ceux de tiers \u00e0 des fins diverses, notamment pour l&rsquo;analyse et la publicit\u00e9 adapt\u00e9e aux int\u00e9r\u00eats de l&rsquo;utilisateur. La simple utilisation de ce site web avec les cookies activ\u00e9s dans le navigateur implique l\u2019acceptation de leur traitement conform\u00e9ment \u00e0 notre <span class=\"s2\">politique sur les cookies (lien).<\/span><br>Veuillez lire attentivement notre politique sur les cookies pour en savoir plus sur les types de cookies utilis\u00e9s, ainsi que sur la mani\u00e8re de les bloquer et de les supprimer dans votre navigateur.<\/p><p class=\"p2\"><b>PR\u00c9VALENCE DE LA VERSION ESPAGNOLE<\/b><\/p><p class=\"p3\">Dans le cas o\u00f9 cet avis juridique est traduit dans d&rsquo;autres langues, en cas de divergence, la version espagnole pr\u00e9vaudra.<\/p><p class=\"p2\"><b>LOI ET JURIDICTION APPLICABLE<\/b><\/p><p class=\"p3\">Cet avis l\u00e9gal, ainsi que les relations entre keramamueblesdejardin.com et utilisateurs, seront r\u00e9gis par la r\u00e9glementation espagnole en vigueur et tout litige sera soumis aux Tribunaux et Juridictions d\u2019Espagne, sauf dans le cas des consommateurs et des utilisateurs, o\u00f9 la comp\u00e9tence obligatoire des tribunaux correspondant \u00e0 leur domicile s\u2019appliquera.<br>\u00a9 keramamueblesdejardin.com 2021<\/p><\/div><\/div><\/div><\/div>\t\t\t\t\t\t\t\t<\/div>\n\t\t\t\t<\/div>\n\t\t\t\t\t<\/div>\n\t\t\t\t<\/div>\n\t\t\t\t<\/div>\n\t\t","protected":false},"excerpt":{"rendered":"<p>Avis juridique PROPRI\u00c9TAIRE DU SITE WEB ET COORDONN\u00c9ES keramamueblesdejardin.com est un domaine appartenant \u00e0 GREENBROWNBLUE S.L., NIF ESB67405811, avec adresse fiscale au Passatge De Roma, 6, nef 17, Pol\u00edgono industrial Cova Solera, 08191 Rub\u00ed, Barcelone (ESPAGNE).Le but du site est de vendre des produits de jardinage sur Internet.Vous pouvez nous contacter : Par t\u00e9l\u00e9phone au [&hellip;]<\/p>\n","protected":false},"author":1,"featured_media":0,"parent":0,"menu_order":0,"comment_status":"closed","ping_status":"closed","template":"","meta":{"_acf_changed":false,"footnotes":""},"class_list":["post-63763","page","type-page","status-publish","hentry"],"acf":[],"yoast_head":"<!-- This site is optimized with the Yoast SEO plugin v27.2 - https:\/\/yoast.com\/product\/yoast-seo-wordpress\/ -->\n<title>Avis juridique - Kerama<\/title>\n<meta name=\"robots\" content=\"noindex, follow\" \/>\n<meta property=\"og:locale\" content=\"fr_FR\" \/>\n<meta property=\"og:type\" content=\"article\" \/>\n<meta property=\"og:title\" content=\"Avis juridique - Kerama\" \/>\n<meta property=\"og:description\" content=\"Avis juridique PROPRI\u00c9TAIRE DU SITE WEB ET COORDONN\u00c9ES keramamueblesdejardin.com est un domaine appartenant \u00e0 GREENBROWNBLUE S.L., NIF ESB67405811, avec adresse fiscale au Passatge De Roma, 6, nef 17, Pol\u00edgono industrial Cova Solera, 08191 Rub\u00ed, Barcelone (ESPAGNE).Le but du site est de vendre des produits de jardinage sur Internet.Vous pouvez nous contacter : Par t\u00e9l\u00e9phone au [&hellip;]\" \/>\n<meta property=\"og:url\" content=\"https:\/\/keramamueblesdejardin.com\/fr\/avis-juridique\/\" \/>\n<meta property=\"og:site_name\" content=\"Kerama\" \/>\n<meta property=\"article:publisher\" content=\"https:\/\/www.facebook.com\/Kerama-Muebles-de-Jard%c3%adn-106209328312568\/\" \/>\n<meta property=\"article:modified_time\" content=\"2026-02-11T15:09:58+00:00\" \/>\n<meta property=\"og:image\" content=\"https:\/\/keramamueblesdejardin.com\/wp-content\/uploads\/2025\/05\/logo-kerama.png\" \/>\n<meta name=\"twitter:card\" content=\"summary_large_image\" \/>\n<meta name=\"twitter:label1\" content=\"Dur\u00e9e de lecture estim\u00e9e\" \/>\n\t<meta name=\"twitter:data1\" content=\"5 minutes\" \/>\n<script type=\"application\/ld+json\" class=\"yoast-schema-graph\">{\"@context\":\"https:\/\/schema.org\",\"@graph\":[{\"@type\":\"WebPage\",\"@id\":\"https:\/\/keramamueblesdejardin.com\/fr\/avis-juridique\/\",\"url\":\"https:\/\/keramamueblesdejardin.com\/fr\/avis-juridique\/\",\"name\":\"Avis juridique - Kerama\",\"isPartOf\":{\"@id\":\"https:\/\/keramamueblesdejardin.com\/fr\/#website\"},\"primaryImageOfPage\":{\"@id\":\"https:\/\/keramamueblesdejardin.com\/fr\/avis-juridique\/#primaryimage\"},\"image\":{\"@id\":\"https:\/\/keramamueblesdejardin.com\/fr\/avis-juridique\/#primaryimage\"},\"thumbnailUrl\":\"https:\/\/keramamueblesdejardin.com\/wp-content\/uploads\/2025\/05\/logo-kerama.png\",\"datePublished\":\"2021-04-13T09:06:33+00:00\",\"dateModified\":\"2026-02-11T15:09:58+00:00\",\"breadcrumb\":{\"@id\":\"https:\/\/keramamueblesdejardin.com\/fr\/avis-juridique\/#breadcrumb\"},\"inLanguage\":\"fr-FR\",\"potentialAction\":[{\"@type\":\"ReadAction\",\"target\":[\"https:\/\/keramamueblesdejardin.com\/fr\/avis-juridique\/\"]}]},{\"@type\":\"ImageObject\",\"inLanguage\":\"fr-FR\",\"@id\":\"https:\/\/keramamueblesdejardin.com\/fr\/avis-juridique\/#primaryimage\",\"url\":\"https:\/\/keramamueblesdejardin.com\/wp-content\/uploads\/2025\/05\/logo-kerama.png\",\"contentUrl\":\"https:\/\/keramamueblesdejardin.com\/wp-content\/uploads\/2025\/05\/logo-kerama.png\"},{\"@type\":\"BreadcrumbList\",\"@id\":\"https:\/\/keramamueblesdejardin.com\/fr\/avis-juridique\/#breadcrumb\",\"itemListElement\":[{\"@type\":\"ListItem\",\"position\":1,\"name\":\"Home\",\"item\":\"https:\/\/keramamueblesdejardin.com\/fr\/\"},{\"@type\":\"ListItem\",\"position\":2,\"name\":\"Avis juridique\"}]},{\"@type\":\"WebSite\",\"@id\":\"https:\/\/keramamueblesdejardin.com\/fr\/#website\",\"url\":\"https:\/\/keramamueblesdejardin.com\/fr\/\",\"name\":\"Kerama\",\"description\":\"muebles de jard\u00edn\",\"publisher\":{\"@id\":\"https:\/\/keramamueblesdejardin.com\/fr\/#organization\"},\"potentialAction\":[{\"@type\":\"SearchAction\",\"target\":{\"@type\":\"EntryPoint\",\"urlTemplate\":\"https:\/\/keramamueblesdejardin.com\/fr\/?s={search_term_string}\"},\"query-input\":{\"@type\":\"PropertyValueSpecification\",\"valueRequired\":true,\"valueName\":\"search_term_string\"}}],\"inLanguage\":\"fr-FR\"},{\"@type\":\"Organization\",\"@id\":\"https:\/\/keramamueblesdejardin.com\/fr\/#organization\",\"name\":\"kerama\",\"url\":\"https:\/\/keramamueblesdejardin.com\/fr\/\",\"logo\":{\"@type\":\"ImageObject\",\"inLanguage\":\"fr-FR\",\"@id\":\"https:\/\/keramamueblesdejardin.com\/fr\/#\/schema\/logo\/image\/\",\"url\":\"https:\/\/keramamueblesdejardin.com\/wp-content\/uploads\/2020\/12\/k.-scaled.jpg\",\"contentUrl\":\"https:\/\/keramamueblesdejardin.com\/wp-content\/uploads\/2020\/12\/k.-scaled.jpg\",\"width\":2560,\"height\":551,\"caption\":\"kerama\"},\"image\":{\"@id\":\"https:\/\/keramamueblesdejardin.com\/fr\/#\/schema\/logo\/image\/\"},\"sameAs\":[\"https:\/\/www.facebook.com\/Kerama-Muebles-de-Jard\u00edn-106209328312568\/\"]}]}<\/script>\n<!-- \/ Yoast SEO plugin. -->","yoast_head_json":{"title":"Avis juridique - Kerama","robots":{"index":"noindex","follow":"follow"},"og_locale":"fr_FR","og_type":"article","og_title":"Avis juridique - Kerama","og_description":"Avis juridique PROPRI\u00c9TAIRE DU SITE WEB ET COORDONN\u00c9ES keramamueblesdejardin.com est un domaine appartenant \u00e0 GREENBROWNBLUE S.L., NIF ESB67405811, avec adresse fiscale au Passatge De Roma, 6, nef 17, Pol\u00edgono industrial Cova Solera, 08191 Rub\u00ed, Barcelone (ESPAGNE).Le but du site est de vendre des produits de jardinage sur Internet.Vous pouvez nous contacter : Par t\u00e9l\u00e9phone au [&hellip;]","og_url":"https:\/\/keramamueblesdejardin.com\/fr\/avis-juridique\/","og_site_name":"Kerama","article_publisher":"https:\/\/www.facebook.com\/Kerama-Muebles-de-Jard%c3%adn-106209328312568\/","article_modified_time":"2026-02-11T15:09:58+00:00","og_image":[{"url":"https:\/\/keramamueblesdejardin.com\/wp-content\/uploads\/2025\/05\/logo-kerama.png","type":"","width":"","height":""}],"twitter_card":"summary_large_image","twitter_misc":{"Dur\u00e9e de lecture estim\u00e9e":"5 minutes"},"schema":{"@context":"https:\/\/schema.org","@graph":[{"@type":"WebPage","@id":"https:\/\/keramamueblesdejardin.com\/fr\/avis-juridique\/","url":"https:\/\/keramamueblesdejardin.com\/fr\/avis-juridique\/","name":"Avis juridique - Kerama","isPartOf":{"@id":"https:\/\/keramamueblesdejardin.com\/fr\/#website"},"primaryImageOfPage":{"@id":"https:\/\/keramamueblesdejardin.com\/fr\/avis-juridique\/#primaryimage"},"image":{"@id":"https:\/\/keramamueblesdejardin.com\/fr\/avis-juridique\/#primaryimage"},"thumbnailUrl":"https:\/\/keramamueblesdejardin.com\/wp-content\/uploads\/2025\/05\/logo-kerama.png","datePublished":"2021-04-13T09:06:33+00:00","dateModified":"2026-02-11T15:09:58+00:00","breadcrumb":{"@id":"https:\/\/keramamueblesdejardin.com\/fr\/avis-juridique\/#breadcrumb"},"inLanguage":"fr-FR","potentialAction":[{"@type":"ReadAction","target":["https:\/\/keramamueblesdejardin.com\/fr\/avis-juridique\/"]}]},{"@type":"ImageObject","inLanguage":"fr-FR","@id":"https:\/\/keramamueblesdejardin.com\/fr\/avis-juridique\/#primaryimage","url":"https:\/\/keramamueblesdejardin.com\/wp-content\/uploads\/2025\/05\/logo-kerama.png","contentUrl":"https:\/\/keramamueblesdejardin.com\/wp-content\/uploads\/2025\/05\/logo-kerama.png"},{"@type":"BreadcrumbList","@id":"https:\/\/keramamueblesdejardin.com\/fr\/avis-juridique\/#breadcrumb","itemListElement":[{"@type":"ListItem","position":1,"name":"Home","item":"https:\/\/keramamueblesdejardin.com\/fr\/"},{"@type":"ListItem","position":2,"name":"Avis juridique"}]},{"@type":"WebSite","@id":"https:\/\/keramamueblesdejardin.com\/fr\/#website","url":"https:\/\/keramamueblesdejardin.com\/fr\/","name":"Kerama","description":"muebles de jard\u00edn","publisher":{"@id":"https:\/\/keramamueblesdejardin.com\/fr\/#organization"},"potentialAction":[{"@type":"SearchAction","target":{"@type":"EntryPoint","urlTemplate":"https:\/\/keramamueblesdejardin.com\/fr\/?s={search_term_string}"},"query-input":{"@type":"PropertyValueSpecification","valueRequired":true,"valueName":"search_term_string"}}],"inLanguage":"fr-FR"},{"@type":"Organization","@id":"https:\/\/keramamueblesdejardin.com\/fr\/#organization","name":"kerama","url":"https:\/\/keramamueblesdejardin.com\/fr\/","logo":{"@type":"ImageObject","inLanguage":"fr-FR","@id":"https:\/\/keramamueblesdejardin.com\/fr\/#\/schema\/logo\/image\/","url":"https:\/\/keramamueblesdejardin.com\/wp-content\/uploads\/2020\/12\/k.-scaled.jpg","contentUrl":"https:\/\/keramamueblesdejardin.com\/wp-content\/uploads\/2020\/12\/k.-scaled.jpg","width":2560,"height":551,"caption":"kerama"},"image":{"@id":"https:\/\/keramamueblesdejardin.com\/fr\/#\/schema\/logo\/image\/"},"sameAs":["https:\/\/www.facebook.com\/Kerama-Muebles-de-Jard\u00edn-106209328312568\/"]}]}},"_links":{"self":[{"href":"https:\/\/keramamueblesdejardin.com\/fr\/wp-json\/wp\/v2\/pages\/63763","targetHints":{"allow":["GET"]}}],"collection":[{"href":"https:\/\/keramamueblesdejardin.com\/fr\/wp-json\/wp\/v2\/pages"}],"about":[{"href":"https:\/\/keramamueblesdejardin.com\/fr\/wp-json\/wp\/v2\/types\/page"}],"author":[{"embeddable":true,"href":"https:\/\/keramamueblesdejardin.com\/fr\/wp-json\/wp\/v2\/users\/1"}],"replies":[{"embeddable":true,"href":"https:\/\/keramamueblesdejardin.com\/fr\/wp-json\/wp\/v2\/comments?post=63763"}],"version-history":[{"count":20,"href":"https:\/\/keramamueblesdejardin.com\/fr\/wp-json\/wp\/v2\/pages\/63763\/revisions"}],"predecessor-version":[{"id":192189,"href":"https:\/\/keramamueblesdejardin.com\/fr\/wp-json\/wp\/v2\/pages\/63763\/revisions\/192189"}],"wp:attachment":[{"href":"https:\/\/keramamueblesdejardin.com\/fr\/wp-json\/wp\/v2\/media?parent=63763"}],"curies":[{"name":"wp","href":"https:\/\/api.w.org\/{rel}","templated":true}]}}