{"id":63753,"date":"2021-01-19T12:37:15","date_gmt":"2021-01-19T11:37:15","guid":{"rendered":"https:\/\/keramamueblesdejardin.com\/methodes-de-paiement\/"},"modified":"2026-02-11T14:51:08","modified_gmt":"2026-02-11T13:51:08","slug":"methodes-de-paiement","status":"publish","type":"page","link":"https:\/\/keramamueblesdejardin.com\/fr\/methodes-de-paiement\/","title":{"rendered":"M\u00e9thodes de paiement"},"content":{"rendered":"\t\t<div data-elementor-type=\"wp-page\" data-elementor-id=\"63753\" class=\"elementor elementor-63753 elementor-7277\" data-elementor-post-type=\"page\">\n\t\t\t\t<div class=\"elementor-element elementor-element-c7bb200 e-flex e-con-boxed e-con e-parent\" data-id=\"c7bb200\" data-element_type=\"container\" data-e-type=\"container\" data-settings=\"{&quot;background_background&quot;:&quot;classic&quot;}\">\n\t\t\t\t\t<div class=\"e-con-inner\">\n\t\t\t\t<div class=\"elementor-element elementor-element-c2d1d4f elementor-widget elementor-widget-image\" data-id=\"c2d1d4f\" data-element_type=\"widget\" data-e-type=\"widget\" data-widget_type=\"image.default\">\n\t\t\t\t<div class=\"elementor-widget-container\">\n\t\t\t\t\t\t\t\t\t\t\t\t\t\t\t<img fetchpriority=\"high\" decoding=\"async\" width=\"800\" height=\"174\" src=\"https:\/\/keramamueblesdejardin.com\/wp-content\/uploads\/2025\/05\/logo-kerama.png\" class=\"attachment-large size-large wp-image-178529\" alt=\"\" srcset=\"https:\/\/keramamueblesdejardin.com\/wp-content\/uploads\/2025\/05\/logo-kerama.png 800w, https:\/\/keramamueblesdejardin.com\/wp-content\/uploads\/2025\/05\/logo-kerama-300x65.png 300w, https:\/\/keramamueblesdejardin.com\/wp-content\/uploads\/2025\/05\/logo-kerama-768x167.png 768w\" sizes=\"(max-width: 800px) 100vw, 800px\" \/>\t\t\t\t\t\t\t\t\t\t\t\t\t\t\t<\/div>\n\t\t\t\t<\/div>\n\t\t\t\t<div class=\"elementor-element elementor-element-ffcd1fe elementor-widget__width-initial elementor-widget elementor-widget-heading\" data-id=\"ffcd1fe\" data-element_type=\"widget\" data-e-type=\"widget\" data-widget_type=\"heading.default\">\n\t\t\t\t<div class=\"elementor-widget-container\">\n\t\t\t\t\t<div class=\"elementor-heading-title elementor-size-default\">M\u00e9thodes de paiement<\/div>\t\t\t\t<\/div>\n\t\t\t\t<\/div>\n\t\t\t\t<div class=\"elementor-element elementor-element-204e963 elementor-widget elementor-widget-image\" data-id=\"204e963\" data-element_type=\"widget\" data-e-type=\"widget\" data-widget_type=\"image.default\">\n\t\t\t\t<div class=\"elementor-widget-container\">\n\t\t\t\t\t\t\t\t\t\t\t\t\t\t\t<img decoding=\"async\" width=\"48\" height=\"48\" src=\"https:\/\/keramamueblesdejardin.com\/wp-content\/uploads\/2025\/12\/arrow_cool_down.svg\" class=\"attachment-full size-full wp-image-192082\" alt=\"\" \/>\t\t\t\t\t\t\t\t\t\t\t\t\t\t\t<\/div>\n\t\t\t\t<\/div>\n\t\t\t\t\t<\/div>\n\t\t\t\t<\/div>\n\t\t<div class=\"elementor-element elementor-element-2566afed e-flex e-con-boxed e-con e-parent\" data-id=\"2566afed\" data-element_type=\"container\" data-e-type=\"container\">\n\t\t\t\t\t<div class=\"e-con-inner\">\n\t\t\t\t<div class=\"elementor-element elementor-element-597ff982 elementor-widget elementor-widget-text-editor\" data-id=\"597ff982\" data-element_type=\"widget\" data-e-type=\"widget\" data-widget_type=\"text-editor.default\">\n\t\t\t\t<div class=\"elementor-widget-container\">\n\t\t\t\t\t\t\t\t\t<h3>PAIEMENT \u00c9CHELONN\u00c9<\/h3><p>R\u00e9partissez le paiement de votre commande sur 3, 6 ou 12 mois pour un faible montant mensuel fixe. Seulement avec votre carte d&rsquo;identit\u00e9, votre t\u00e9l\u00e9phone portable et votre carte bancaire. Vous pouvez compl\u00e9ter le paiement \u00e0 tout moment sans frais suppl\u00e9mentaires.<\/p><p>Par exemple, si vous choisissez de payer une commande de 180 \u20ac sur 3 mois, vous paierez 63 \u20ac par mois (seulement 3 \u20ac par mois par versement).<\/p><p>C&rsquo;est aussi simple et rapide que de payer en plusieurs fois avec SeQura :<\/p><p>1. S\u00e9lectionnez Fractionner votre paiement comme m\u00e9thode de paiement au moment du paiement.<br>2. Saisissez vos donn\u00e9es (ID et mobile), choisissez votre plan de paiement et payez le premier paiement mensuel.<br>3. Profitez de votre achat ! Tous les autres paiements seront effectu\u00e9s automatiquement chaque mois.<\/p><p>Si vous avez des questions, vous pouvez les poser <a href=\"https:\/\/www.sequra.es\/preguntas-frecuentes\/?utm_source=merchant&amp;utm_medium=paginainfo&amp;utm_term=faqs&amp;utm_content=descripci%C3%B3n_PP3_SQ&amp;utm_campaign=paginainfometodosdepago\" target=\"_blank\" rel=\"noopener noreferrer\">ici<\/a>.<\/p><h3 class=\"font_3\">CARTE DE CR\u00c9DIT<\/h3><p class=\"font_8\">Nous garantissons que chaque transaction effectu\u00e9e sur KERAMA est 100% s\u00e9curis\u00e9e. Toutes les op\u00e9rations impliquant la transmission de donn\u00e9es personnelles ou bancaires sont effectu\u00e9es dans un environnement s\u00e9curis\u00e9. Notre boutique kerama.co.uk utilise un serveur bas\u00e9 sur la technologie de s\u00e9curit\u00e9 standard SSL (Secure Socket Layer). Toutes les informations que vous nous transmettez voyagent crypt\u00e9es sur le r\u00e9seau.<\/p><p class=\"font_8\">De m\u00eame, les d\u00e9tails de votre carte de cr\u00e9dit ne sont pas enregistr\u00e9s dans une base de donn\u00e9es mais vont directement au TPV (terminal de point de vente) de la banque.<\/p><p class=\"font_8\">Nous tenons \u00e9galement \u00e0 vous informer que, dans le but d&rsquo;offrir une plus grande s\u00e9curit\u00e9 aux d\u00e9tenteurs de cartes de cr\u00e9dit, nous avons int\u00e9gr\u00e9 le syst\u00e8me de paiement s\u00e9curis\u00e9 appel\u00e9 CES (Secure Electronic Commerce) dans notre passerelle de paiement. Cela signifie que si vous \u00eates titulaire d\u2019une carte \u00ab s\u00e9curis\u00e9e \u00bb, vous pouvez toujours effectuer des paiements via VISA, MASTERCARD ou AMERICAN EXPRESS dans notre boutique.<\/p><p class=\"font_8\">Dans le cas o\u00f9 votre carte n\u2019est pas respect\u00e9e \u00e0 ce syst\u00e8me de paiement, le paiement par carte de cr\u00e9dit VISA, MASTERCARD ou AMERICAN EXPRESS ne kerama.es accept\u00e9 que pour les clients ayant d\u00e9j\u00e0 prouv\u00e9 leur anciennet\u00e9 et leur fiabilit\u00e9.<\/p><p class=\"font_8\">Dans tous les cas, lorsque vous payez par carte VISA, MASTERCARD ou AMERICAN EXPRESS, on vous demandera toujours les informations suivantes : le num\u00e9ro de carte, la date d\u2019expiration, et un code de validation correspondant aux 3 derniers chiffres du num\u00e9ro imprim\u00e9s en italique au verso de votre carte VISA, MASTERCARD ou AMERICAN EXPRESS,  offrant ainsi davantage de garanties sur la s\u00e9curit\u00e9 de la transaction.<\/p><h3 class=\"font_3\">TRANSFERT BANCAIRE<\/h3><p class=\"font_8\">Nous garantissons que chaque transaction effectu\u00e9e sur KERAMA est 100% s\u00e9curis\u00e9e. Toutes les op\u00e9rations impliquant la transmission de donn\u00e9es personnelles ou bancaires sont effectu\u00e9es dans un environnement s\u00e9curis\u00e9. Notre boutique kerama.co.uk utilise un serveur bas\u00e9 sur la technologie de s\u00e9curit\u00e9 standard SSL (Secure Socket Layer). Toutes les informations que vous nous transmettez voyagent crypt\u00e9es sur le r\u00e9seau.<\/p><p class=\"font_8\">Dans ce cas, le montant total de la commande est vers\u00e9 dans le num\u00e9ro de compte indiqu\u00e9. Une fois le paiement effectu\u00e9, la commande est pr\u00e9par\u00e9e et l\u2019envoi est g\u00e9r\u00e9. <\/p><p class=\"font_8\">Si, pour quelque raison que ce soit, vous n&rsquo;\u00eates pas satisfait de votre commande, vous disposez d&rsquo;un d\u00e9lai de 14 jours civils \u00e0 compter de la date de livraison de la commande pour un remboursement et d&rsquo;un mois pour un \u00e9change. Il vous suffit de nous envoyer le produit en parfait \u00e9tat et dans son emballage d&rsquo;origine, y compris les garanties, les \u00e9tiquettes et le mode d&#8217;emploi. Dans le cas d&rsquo;un \u00e9change, vous devrez payer les frais de retour et le co\u00fbt du nouvel envoi.<\/p><p class=\"font_8\">Il est tr\u00e8s important que vous retourniez le(s) produit(s) pour \u00e9change ou remboursement parfaitement emball\u00e9(s). Si les produits sont endommag\u00e9s en raison d&rsquo;un emballage inad\u00e9quat, nous n&rsquo;accepterons pas le retour. Les articles sans leur sceau d&rsquo;origine ne seront pas accept\u00e9s pour le retour.<\/p><p class=\"font_8\">Une fois que nous aurons re\u00e7u la marchandise dans nos entrep\u00f4ts et v\u00e9rifi\u00e9 que toutes les conditions ci-dessus sont remplies, KERAMA acceptera le retour du produit et proc\u00e9dera au remboursement du montant selon le mode de paiement effectu\u00e9, et le cas \u00e9ch\u00e9ant, \u00e0 l&rsquo;envoi du nouveau produit :<\/p><ul><li class=\"font_8\">Si vous avez pay\u00e9 par carte de cr\u00e9dit, le montant sera cr\u00e9dit\u00e9 sur la m\u00eame carte de cr\u00e9dit.<\/li><li class=\"font_8\">Si vous avez pay\u00e9 par virement bancaire, nous vous demanderons un num\u00e9ro de compte sur lequel vous pourrez verser le montant.<br><br><\/li><\/ul><p class=\"font_8\">Note. Vous recevrez un remboursement dans un d\u00e9lai maximum de 10 jours \u00e0 compter de la r\u00e9ception du produit retourn\u00e9 ou \u00e9chang\u00e9 dans notre entrep\u00f4t. Veuillez noter que si vous avez pay\u00e9 par carte de cr\u00e9dit, votre banque ne fera probablement appara\u00eetre le montant du remboursement dans votre solde que le mois suivant.<\/p><p class=\"font_8\">En cas de produits d\u00e9fectueux ou de livraisons incorrectes, tous les frais d&rsquo;exp\u00e9dition sont \u00e0 la charge de KERAMA.<\/p>\t\t\t\t\t\t\t\t<\/div>\n\t\t\t\t<\/div>\n\t\t\t\t\t<\/div>\n\t\t\t\t<\/div>\n\t\t\t\t<\/div>\n\t\t","protected":false},"excerpt":{"rendered":"<p>M\u00e9thodes de paiement PAIEMENT \u00c9CHELONN\u00c9 R\u00e9partissez le paiement de votre commande sur 3, 6 ou 12 mois pour un faible montant mensuel fixe. Seulement avec votre carte d&rsquo;identit\u00e9, votre t\u00e9l\u00e9phone portable et votre carte bancaire. Vous pouvez compl\u00e9ter le paiement \u00e0 tout moment sans frais suppl\u00e9mentaires. Par exemple, si vous choisissez de payer une commande [&hellip;]<\/p>\n","protected":false},"author":1,"featured_media":0,"parent":0,"menu_order":0,"comment_status":"closed","ping_status":"open","template":"","meta":{"_acf_changed":false,"footnotes":""},"class_list":["post-63753","page","type-page","status-publish","hentry"],"acf":[],"yoast_head":"<!-- This site is optimized with the Yoast SEO plugin v27.2 - https:\/\/yoast.com\/product\/yoast-seo-wordpress\/ -->\n<title>Modes de paiement - Kerama<\/title>\n<meta name=\"description\" content=\"Modes de paiement du site Kerama, sp\u00e9cialis\u00e9 dans la vente de mobilier d&#039;ext\u00e9rieur pour jardins, terrasses et balcons.\" \/>\n<meta name=\"robots\" content=\"noindex, follow\" \/>\n<meta property=\"og:locale\" content=\"fr_FR\" \/>\n<meta property=\"og:type\" content=\"article\" \/>\n<meta property=\"og:title\" content=\"Modes de paiement - Kerama\" \/>\n<meta property=\"og:description\" content=\"Modes de paiement du site Kerama, sp\u00e9cialis\u00e9 dans la vente de mobilier d&#039;ext\u00e9rieur pour jardins, terrasses et balcons.\" \/>\n<meta property=\"og:url\" content=\"https:\/\/keramamueblesdejardin.com\/fr\/methodes-de-paiement\/\" \/>\n<meta property=\"og:site_name\" content=\"Kerama\" \/>\n<meta property=\"article:publisher\" content=\"https:\/\/www.facebook.com\/Kerama-Muebles-de-Jard%c3%adn-106209328312568\/\" \/>\n<meta property=\"article:modified_time\" content=\"2026-02-11T13:51:08+00:00\" \/>\n<meta property=\"og:image\" content=\"https:\/\/keramamueblesdejardin.com\/wp-content\/uploads\/2025\/05\/logo-kerama.png\" \/>\n\t<meta property=\"og:image:width\" content=\"800\" \/>\n\t<meta property=\"og:image:height\" content=\"174\" \/>\n\t<meta property=\"og:image:type\" content=\"image\/png\" \/>\n<meta name=\"twitter:card\" content=\"summary_large_image\" \/>\n<meta name=\"twitter:label1\" content=\"Dur\u00e9e de lecture estim\u00e9e\" \/>\n\t<meta name=\"twitter:data1\" content=\"4 minutes\" \/>\n<script type=\"application\/ld+json\" class=\"yoast-schema-graph\">{\"@context\":\"https:\/\/schema.org\",\"@graph\":[{\"@type\":\"WebPage\",\"@id\":\"https:\/\/keramamueblesdejardin.com\/fr\/methodes-de-paiement\/\",\"url\":\"https:\/\/keramamueblesdejardin.com\/fr\/methodes-de-paiement\/\",\"name\":\"Modes de paiement - Kerama\",\"isPartOf\":{\"@id\":\"https:\/\/keramamueblesdejardin.com\/fr\/#website\"},\"primaryImageOfPage\":{\"@id\":\"https:\/\/keramamueblesdejardin.com\/fr\/methodes-de-paiement\/#primaryimage\"},\"image\":{\"@id\":\"https:\/\/keramamueblesdejardin.com\/fr\/methodes-de-paiement\/#primaryimage\"},\"thumbnailUrl\":\"https:\/\/keramamueblesdejardin.com\/wp-content\/uploads\/2025\/05\/logo-kerama.png\",\"datePublished\":\"2021-01-19T11:37:15+00:00\",\"dateModified\":\"2026-02-11T13:51:08+00:00\",\"description\":\"Modes de paiement du site Kerama, sp\u00e9cialis\u00e9 dans la vente de mobilier d'ext\u00e9rieur pour jardins, terrasses et balcons.\",\"breadcrumb\":{\"@id\":\"https:\/\/keramamueblesdejardin.com\/fr\/methodes-de-paiement\/#breadcrumb\"},\"inLanguage\":\"fr-FR\",\"potentialAction\":[{\"@type\":\"ReadAction\",\"target\":[\"https:\/\/keramamueblesdejardin.com\/fr\/methodes-de-paiement\/\"]}]},{\"@type\":\"ImageObject\",\"inLanguage\":\"fr-FR\",\"@id\":\"https:\/\/keramamueblesdejardin.com\/fr\/methodes-de-paiement\/#primaryimage\",\"url\":\"https:\/\/keramamueblesdejardin.com\/wp-content\/uploads\/2025\/05\/logo-kerama.png\",\"contentUrl\":\"https:\/\/keramamueblesdejardin.com\/wp-content\/uploads\/2025\/05\/logo-kerama.png\"},{\"@type\":\"BreadcrumbList\",\"@id\":\"https:\/\/keramamueblesdejardin.com\/fr\/methodes-de-paiement\/#breadcrumb\",\"itemListElement\":[{\"@type\":\"ListItem\",\"position\":1,\"name\":\"Home\",\"item\":\"https:\/\/keramamueblesdejardin.com\/fr\/\"},{\"@type\":\"ListItem\",\"position\":2,\"name\":\"M\u00e9thodes de paiement\"}]},{\"@type\":\"WebSite\",\"@id\":\"https:\/\/keramamueblesdejardin.com\/fr\/#website\",\"url\":\"https:\/\/keramamueblesdejardin.com\/fr\/\",\"name\":\"Kerama\",\"description\":\"muebles de jard\u00edn\",\"publisher\":{\"@id\":\"https:\/\/keramamueblesdejardin.com\/fr\/#organization\"},\"potentialAction\":[{\"@type\":\"SearchAction\",\"target\":{\"@type\":\"EntryPoint\",\"urlTemplate\":\"https:\/\/keramamueblesdejardin.com\/fr\/?s={search_term_string}\"},\"query-input\":{\"@type\":\"PropertyValueSpecification\",\"valueRequired\":true,\"valueName\":\"search_term_string\"}}],\"inLanguage\":\"fr-FR\"},{\"@type\":\"Organization\",\"@id\":\"https:\/\/keramamueblesdejardin.com\/fr\/#organization\",\"name\":\"kerama\",\"url\":\"https:\/\/keramamueblesdejardin.com\/fr\/\",\"logo\":{\"@type\":\"ImageObject\",\"inLanguage\":\"fr-FR\",\"@id\":\"https:\/\/keramamueblesdejardin.com\/fr\/#\/schema\/logo\/image\/\",\"url\":\"https:\/\/keramamueblesdejardin.com\/wp-content\/uploads\/2020\/12\/k.-scaled.jpg\",\"contentUrl\":\"https:\/\/keramamueblesdejardin.com\/wp-content\/uploads\/2020\/12\/k.-scaled.jpg\",\"width\":2560,\"height\":551,\"caption\":\"kerama\"},\"image\":{\"@id\":\"https:\/\/keramamueblesdejardin.com\/fr\/#\/schema\/logo\/image\/\"},\"sameAs\":[\"https:\/\/www.facebook.com\/Kerama-Muebles-de-Jard\u00edn-106209328312568\/\"]}]}<\/script>\n<!-- \/ Yoast SEO plugin. -->","yoast_head_json":{"title":"Modes de paiement - Kerama","description":"Modes de paiement du site Kerama, sp\u00e9cialis\u00e9 dans la vente de mobilier d'ext\u00e9rieur pour jardins, terrasses et balcons.","robots":{"index":"noindex","follow":"follow"},"og_locale":"fr_FR","og_type":"article","og_title":"Modes de paiement - Kerama","og_description":"Modes de paiement du site Kerama, sp\u00e9cialis\u00e9 dans la vente de mobilier d'ext\u00e9rieur pour jardins, terrasses et balcons.","og_url":"https:\/\/keramamueblesdejardin.com\/fr\/methodes-de-paiement\/","og_site_name":"Kerama","article_publisher":"https:\/\/www.facebook.com\/Kerama-Muebles-de-Jard%c3%adn-106209328312568\/","article_modified_time":"2026-02-11T13:51:08+00:00","og_image":[{"width":800,"height":174,"url":"https:\/\/keramamueblesdejardin.com\/wp-content\/uploads\/2025\/05\/logo-kerama.png","type":"image\/png"}],"twitter_card":"summary_large_image","twitter_misc":{"Dur\u00e9e de lecture estim\u00e9e":"4 minutes"},"schema":{"@context":"https:\/\/schema.org","@graph":[{"@type":"WebPage","@id":"https:\/\/keramamueblesdejardin.com\/fr\/methodes-de-paiement\/","url":"https:\/\/keramamueblesdejardin.com\/fr\/methodes-de-paiement\/","name":"Modes de paiement - Kerama","isPartOf":{"@id":"https:\/\/keramamueblesdejardin.com\/fr\/#website"},"primaryImageOfPage":{"@id":"https:\/\/keramamueblesdejardin.com\/fr\/methodes-de-paiement\/#primaryimage"},"image":{"@id":"https:\/\/keramamueblesdejardin.com\/fr\/methodes-de-paiement\/#primaryimage"},"thumbnailUrl":"https:\/\/keramamueblesdejardin.com\/wp-content\/uploads\/2025\/05\/logo-kerama.png","datePublished":"2021-01-19T11:37:15+00:00","dateModified":"2026-02-11T13:51:08+00:00","description":"Modes de paiement du site Kerama, sp\u00e9cialis\u00e9 dans la vente de mobilier d'ext\u00e9rieur pour jardins, terrasses et balcons.","breadcrumb":{"@id":"https:\/\/keramamueblesdejardin.com\/fr\/methodes-de-paiement\/#breadcrumb"},"inLanguage":"fr-FR","potentialAction":[{"@type":"ReadAction","target":["https:\/\/keramamueblesdejardin.com\/fr\/methodes-de-paiement\/"]}]},{"@type":"ImageObject","inLanguage":"fr-FR","@id":"https:\/\/keramamueblesdejardin.com\/fr\/methodes-de-paiement\/#primaryimage","url":"https:\/\/keramamueblesdejardin.com\/wp-content\/uploads\/2025\/05\/logo-kerama.png","contentUrl":"https:\/\/keramamueblesdejardin.com\/wp-content\/uploads\/2025\/05\/logo-kerama.png"},{"@type":"BreadcrumbList","@id":"https:\/\/keramamueblesdejardin.com\/fr\/methodes-de-paiement\/#breadcrumb","itemListElement":[{"@type":"ListItem","position":1,"name":"Home","item":"https:\/\/keramamueblesdejardin.com\/fr\/"},{"@type":"ListItem","position":2,"name":"M\u00e9thodes de paiement"}]},{"@type":"WebSite","@id":"https:\/\/keramamueblesdejardin.com\/fr\/#website","url":"https:\/\/keramamueblesdejardin.com\/fr\/","name":"Kerama","description":"muebles de jard\u00edn","publisher":{"@id":"https:\/\/keramamueblesdejardin.com\/fr\/#organization"},"potentialAction":[{"@type":"SearchAction","target":{"@type":"EntryPoint","urlTemplate":"https:\/\/keramamueblesdejardin.com\/fr\/?s={search_term_string}"},"query-input":{"@type":"PropertyValueSpecification","valueRequired":true,"valueName":"search_term_string"}}],"inLanguage":"fr-FR"},{"@type":"Organization","@id":"https:\/\/keramamueblesdejardin.com\/fr\/#organization","name":"kerama","url":"https:\/\/keramamueblesdejardin.com\/fr\/","logo":{"@type":"ImageObject","inLanguage":"fr-FR","@id":"https:\/\/keramamueblesdejardin.com\/fr\/#\/schema\/logo\/image\/","url":"https:\/\/keramamueblesdejardin.com\/wp-content\/uploads\/2020\/12\/k.-scaled.jpg","contentUrl":"https:\/\/keramamueblesdejardin.com\/wp-content\/uploads\/2020\/12\/k.-scaled.jpg","width":2560,"height":551,"caption":"kerama"},"image":{"@id":"https:\/\/keramamueblesdejardin.com\/fr\/#\/schema\/logo\/image\/"},"sameAs":["https:\/\/www.facebook.com\/Kerama-Muebles-de-Jard\u00edn-106209328312568\/"]}]}},"_links":{"self":[{"href":"https:\/\/keramamueblesdejardin.com\/fr\/wp-json\/wp\/v2\/pages\/63753","targetHints":{"allow":["GET"]}}],"collection":[{"href":"https:\/\/keramamueblesdejardin.com\/fr\/wp-json\/wp\/v2\/pages"}],"about":[{"href":"https:\/\/keramamueblesdejardin.com\/fr\/wp-json\/wp\/v2\/types\/page"}],"author":[{"embeddable":true,"href":"https:\/\/keramamueblesdejardin.com\/fr\/wp-json\/wp\/v2\/users\/1"}],"replies":[{"embeddable":true,"href":"https:\/\/keramamueblesdejardin.com\/fr\/wp-json\/wp\/v2\/comments?post=63753"}],"version-history":[{"count":4,"href":"https:\/\/keramamueblesdejardin.com\/fr\/wp-json\/wp\/v2\/pages\/63753\/revisions"}],"predecessor-version":[{"id":192138,"href":"https:\/\/keramamueblesdejardin.com\/fr\/wp-json\/wp\/v2\/pages\/63753\/revisions\/192138"}],"wp:attachment":[{"href":"https:\/\/keramamueblesdejardin.com\/fr\/wp-json\/wp\/v2\/media?parent=63753"}],"curies":[{"name":"wp","href":"https:\/\/api.w.org\/{rel}","templated":true}]}}