{"id":63749,"date":"2021-08-17T13:24:41","date_gmt":"2021-08-17T11:24:41","guid":{"rendered":"https:\/\/keramamueblesdejardin.com\/pare-soleil\/"},"modified":"2023-06-07T13:01:08","modified_gmt":"2023-06-07T11:01:08","slug":"pare-soleil","status":"publish","type":"page","link":"https:\/\/keramamueblesdejardin.com\/fr\/pare-soleil\/","title":{"rendered":"Pare-soleil"},"content":{"rendered":"<p>[vc_row][vc_column][cislen_title style=\u00a0\u00bbstyle1&Prime; title=\u00a0\u00bbPARASOLS EXCENTRIQUES\u00a0\u00bb size_title=\u00a0\u00bb28px\u00a0\u00bb title_custom_id=\u00a0\u00bbcislen_custom_css_2024253922&Prime; responsive_js_composer_custom_id=\u00a0\u00bbresponsive_js_composer_custom_css_780368359&Prime; css=\u00a0\u00bb.vc_custom_1629271995230{padding-bottom: 30px !important;}\u00a0\u00bb][\/vc_column][\/vc_row][vc_row css=\u00a0\u00bb.vc_custom_1629198591748{padding-top: 30px !important;padding-bottom: 30px !important;}\u00a0\u00bb responsive_js_composer_custom_id=\u00a0\u00bbresponsive_js_composer_custom_css_1177573393&Prime;][vc_column][cislen_tabs style=\u00a0\u00bb`{`object Object`}`\u00a0\u00bb][vc_tta_section title=\u00a0\u00bbANTRACITE 3x3M\u00a0\u00bb tab_id=\u00a0\u00bb1659341355320-bfd4d5da-7955&Prime; responsive_js_composer_custom_id=\u00a0\u00bbresponsive_js_composer_custom_css_2002505891&Prime;][cislen_products productsliststyle=\u00a0\u00bbowl\u00a0\u00bb product_style=\u00a0\u00bb1&Prime; product_image_size=\u00a0\u00bbcustom\u00a0\u00bb product_custom_thumb_width=\u00a0\u00bb360&Prime; product_custom_thumb_height=\u00a0\u00bb360&Prime; target=\u00a0\u00bbproducts\u00a0\u00bb autoplay=\u00a0\u00bbtrue\u00a0\u00bb navigation=\u00a0\u00bbtrue\u00a0\u00bb dots=\u00a0\u00bbtrue\u00a0\u00bb dots_style=\u00a0\u00bbdots-style2&Prime; loop=\u00a0\u00bbtrue\u00a0\u00bb ls_items=\u00a0\u00bb4&Prime; products_custom_id=\u00a0\u00bbcislen_custom_css_592467620&Prime; responsive_js_composer_custom_id=\u00a0\u00bbresponsive_js_composer_custom_css_645709561&Prime; ids=\u00a0\u00bb7959, 7961, 35386, 18909&Prime;][\/vc_tta_section][vc_tta_section title=\u00a0\u00bbANTHRACITE 2,5&#215;2,5M\u00a0\u00bb tab_id=\u00a0\u00bb1659341576370-48598a65-7a48&Prime; responsive_js_composer_custom_id=\u00a0\u00bbresponsive_js_composer_custom_css_289055495&Prime;][cislen_products productsliststyle=\u00a0\u00bbowl\u00a0\u00bb product_style=\u00a0\u00bb1&Prime; product_image_size=\u00a0\u00bbcustom\u00a0\u00bb product_custom_thumb_width=\u00a0\u00bb360&Prime; product_custom_thumb_height=\u00a0\u00bb360&Prime; target=\u00a0\u00bbproducts\u00a0\u00bb autoplay=\u00a0\u00bbtrue\u00a0\u00bb navigation=\u00a0\u00bbtrue\u00a0\u00bb dots=\u00a0\u00bbtrue\u00a0\u00bb dots_style=\u00a0\u00bbdots-style2&Prime; loop=\u00a0\u00bbfalse\u00a0\u00bb ls_items=\u00a0\u00bb4&Prime; products_custom_id=\u00a0\u00bbcislen_custom_css_2135496832&Prime; responsive_js_composer_custom_id=\u00a0\u00bbresponsive_js_composer_custom_css_105776054&Prime; ids=\u00a0\u00bb35391, 35392, 35393, 18922&Prime;][\/vc_tta_section][vc_tta_section title=\u00a0\u00bbANTHRACITE 3M ROND\u00a0\u00bb tab_id=\u00a0\u00bb1659341355370-f8736a35-af03&Prime; responsive_js_composer_custom_id=\u00a0\u00bbresponsive_js_composer_custom_css_531178018&Prime;][cislen_products productsliststyle=\u00a0\u00bbowl\u00a0\u00bb product_style=\u00a0\u00bb1&Prime; product_image_size=\u00a0\u00bbcustom\u00a0\u00bb product_custom_thumb_width=\u00a0\u00bb360&Prime; product_custom_thumb_height=\u00a0\u00bb360&Prime; target=\u00a0\u00bbproducts\u00a0\u00bb autoplay=\u00a0\u00bbtrue\u00a0\u00bb navigation=\u00a0\u00bbtrue\u00a0\u00bb dots=\u00a0\u00bbtrue\u00a0\u00bb dots_style=\u00a0\u00bbdots-style2&Prime; loop=\u00a0\u00bbfalse\u00a0\u00bb ls_items=\u00a0\u00bb4&Prime; products_custom_id=\u00a0\u00bbcislen_custom_css_2021154720&Prime; responsive_js_composer_custom_id=\u00a0\u00bbresponsive_js_composer_custom_css_2082369386&Prime; ids=\u00a0\u00bb35388, 35389, 35390, 18917&Prime;][\/vc_tta_section][vc_tta_section title=\u00a0\u00bbBOIS D&rsquo;IMITATION 3x3M\u00a0\u00bb tab_id=\u00a0\u00bb1659341596241-f0cd0344-9e4c\u00a0\u00bb responsive_js_composer_custom_id=\u00a0\u00bbresponsive_js_composer_custom_css_187591306&Prime;][cislen_products productsliststyle=\u00a0\u00bbowl\u00a0\u00bb product_style=\u00a0\u00bb1&Prime; product_image_size=\u00a0\u00bbcustom\u00a0\u00bb product_custom_thumb_width=\u00a0\u00bb360&Prime; product_custom_thumb_height=\u00a0\u00bb360&Prime; target=\u00a0\u00bbproducts\u00a0\u00bb autoplay=\u00a0\u00bbtrue\u00a0\u00bb navigation=\u00a0\u00bbtrue\u00a0\u00bb dots=\u00a0\u00bbtrue\u00a0\u00bb dots_style=\u00a0\u00bbdots-style2&Prime; loop=\u00a0\u00bbfalse\u00a0\u00bb ls_items=\u00a0\u00bb4&Prime; products_custom_id=\u00a0\u00bbcislen_custom_css_220687465&Prime; responsive_js_composer_custom_id=\u00a0\u00bbresponsive_js_composer_custom_css_1185842118&Prime; ids=\u00a0\u00bb35394, 35395, 35396, 18927&Prime;][\/vc_tta_section][\/cislen_tabs][\/vc_column][\/vc_row][vc_row css=\u00a0\u00bb.vc_custom_1629198576728{padding-top: 30px !important;padding-bottom: 30px !important;}\u00a0\u00bb responsive_js_composer_custom_id=\u00a0\u00bbresponsive_js_composer_custom_css_1319680525&Prime;][vc_column][cislen_title style=\u00a0\u00bbstyle1&Prime; title=\u00a0\u00bbPARASOLS DU M\u00c2T CENTRAL\u00a0\u00bb size_title=\u00a0\u00bb28px\u00a0\u00bb title_custom_id=\u00a0\u00bbcislen_custom_css_928313830&Prime; responsive_js_composer_custom_id=\u00a0\u00bbresponsive_js_composer_custom_css_501913057&Prime;][\/vc_column][\/vc_row][vc_row css=\u00a0\u00bb.vc_custom_1629198591748{padding-top: 30px !important;padding-bottom: 30px !important;}\u00a0\u00bb responsive_js_composer_custom_id=\u00a0\u00bbresponsive_js_composer_custom_css_1246382322&Prime;][vc_column][cislen_tabs style=\u00a0\u00bb`{`object Object`}`\u00a0\u00bb][vc_tta_section title=\u00a0\u00bbALUMINIUM\u00a0\u00bb tab_id=\u00a0\u00bb1659341537287-da89de65-533f\u00a0\u00bb responsive_js_composer_custom_id=\u00a0\u00bbresponsive_js_composer_custom_css_621966458&Prime;][cislen_products productsliststyle=\u00a0\u00bbowl\u00a0\u00bb product_style=\u00a0\u00bb1&Prime; product_image_size=\u00a0\u00bbcustom\u00a0\u00bb product_custom_thumb_width=\u00a0\u00bb360&Prime; product_custom_thumb_height=\u00a0\u00bb360&Prime; target=\u00a0\u00bbproducts\u00a0\u00bb autoplay=\u00a0\u00bbtrue\u00a0\u00bb navigation=\u00a0\u00bbtrue\u00a0\u00bb dots=\u00a0\u00bbtrue\u00a0\u00bb dots_style=\u00a0\u00bbdots-style2&Prime; loop=\u00a0\u00bbtrue\u00a0\u00bb ls_items=\u00a0\u00bb4&Prime; products_custom_id=\u00a0\u00bbcislen_custom_css_399225731&Prime; responsive_js_composer_custom_id=\u00a0\u00bbresponsive_js_composer_custom_css_1905377243&Prime; ids=\u00a0\u00bb7908, 16364, 7904, 16360, 7906, 16357, 16352, 16347&Prime;][\/vc_tta_section][vc_tta_section title=\u00a0\u00bbBOIS\u00a0\u00bb tab_id=\u00a0\u00bb1659341537333-d32fea89-9363&Prime; responsive_js_composer_custom_id=\u00a0\u00bbresponsive_js_composer_custom_css_1771550148&Prime;][cislen_products productsliststyle=\u00a0\u00bbowl\u00a0\u00bb product_style=\u00a0\u00bb1&Prime; product_image_size=\u00a0\u00bbcustom\u00a0\u00bb product_custom_thumb_width=\u00a0\u00bb360&Prime; product_custom_thumb_height=\u00a0\u00bb360&Prime; target=\u00a0\u00bbproducts\u00a0\u00bb autoplay=\u00a0\u00bbtrue\u00a0\u00bb navigation=\u00a0\u00bbtrue\u00a0\u00bb dots=\u00a0\u00bbtrue\u00a0\u00bb dots_style=\u00a0\u00bbdots-style2&Prime; loop=\u00a0\u00bbfalse\u00a0\u00bb ls_items=\u00a0\u00bb4&Prime; products_custom_id=\u00a0\u00bbcislen_custom_css_1438219538&Prime; responsive_js_composer_custom_id=\u00a0\u00bbresponsive_js_composer_custom_css_2032361148&Prime; ids=\u00a0\u00bb7743, 7745, 7747, 16402&Prime;][\/vc_tta_section][\/cislen_tabs][\/vc_column][\/vc_row][vc_row css=\u00a0\u00bb.vc_custom_1629198603539{padding-top: 30px !important;padding-bottom: 30px !important;}\u00a0\u00bb responsive_js_composer_custom_id=\u00a0\u00bbresponsive_js_composer_custom_css_1439923631&Prime;][vc_column][cislen_title style=\u00a0\u00bbstyle1&Prime; title=\u00a0\u00bbPARASOLS POUR PETITS ESPACES ET PLAGE\u00a0\u00bb size_title=\u00a0\u00bb28px\u00a0\u00bb title_custom_id=\u00a0\u00bbcislen_custom_css_1002277502&Prime; responsive_js_composer_custom_id=\u00a0\u00bbresponsive_js_composer_custom_css_1019879220&Prime;][\/vc_column][\/vc_row][vc_row equal_height=\u00a0\u00bbyes\u00a0\u00bb responsive_js_composer_custom_id=\u00a0\u00bbresponsive_js_composer_custom_css_1868566260&Prime; css=\u00a0\u00bb.vc_custom_1629198615236{padding-top: 30px !important;padding-bottom: 30px !important;}\u00a0\u00bb][vc_column][cislen_products product_style=\u00a0\u00bb1&Prime; product_image_size=\u00a0\u00bbcustom\u00a0\u00bb product_custom_thumb_width=\u00a0\u00bb360&Prime; product_custom_thumb_height=\u00a0\u00bb360&Prime; taxonomy=\u00a0\u00bb\u00a0\u00bb target=\u00a0\u00bbproducts\u00a0\u00bb boostrap_bg_items=\u00a0\u00bb4&Prime; boostrap_lg_items=\u00a0\u00bb4&Prime; boostrap_md_items=\u00a0\u00bb4&Prime; products_custom_id=\u00a0\u00bbcislen_custom_css_2022741722&Prime; responsive_js_composer_custom_id=\u00a0\u00bbresponsive_js_composer_custom_css_178957982&Prime; ids=\u00a0\u00bb16784, 8853, 8854, 8255, 8256, 12845, 12859&Prime;][vc_btn title=\u00a0\u00bbVoir tous les parasols\u00a0\u00bb style=\u00a0\u00bbcustom\u00a0\u00bb custom_background=\u00a0\u00bb#944b58&Prime; custom_text=\u00a0\u00bb#ffffff\u00a0\u00bb shape=\u00a0\u00bbsquare\u00a0\u00bb align=\u00a0\u00bbcenter\u00a0\u00bb link=\u00a0\u00bburl:https%3A%2F%2Fkeramamueblesdejardin.com%2Ffr%2Fparasols-et-pergolas%2Fpare-soleil%2F|\u00a0\u00bb responsive_js_composer_custom_id=\u00a0\u00bbresponsive_js_composer_custom_css_874688215&Prime;][\/vc_column][\/vc_row][vc_row][vc_column][vc_column_text responsive_js_composer_custom_id=\u00a0\u00bbresponsive_js_composer_custom_css_1109824041&Prime;]<strong>Parasols et bases de parasols Kerama pour jardins ou terrasses.<\/strong><\/p>\n<p>Nous savons que les bains de soleil peuvent \u00eatre b\u00e9n\u00e9fiques pour notre sant\u00e9, \u00e0 condition de prendre des pr\u00e9cautions.<\/p>\n<p>Dans cette cat\u00e9gorie, vous pouvez choisir parmi une vari\u00e9t\u00e9 de produits, afin de vous d\u00e9tendre et de profiter des activit\u00e9s de plein air \u00e0 l&rsquo;abri du soleil. Nos mod\u00e8les sont fabriqu\u00e9s dans diff\u00e9rents types de mat\u00e9riaux, par exemple des bases de parasol en b\u00e9ton, ainsi que des parasols en bois, en imitation bois et en aluminium. De plus, certains produits sont disponibles en plusieurs couleurs, ce qui vous permet de trouver celle qui correspond le mieux \u00e0 vos go\u00fbts et \u00e0 vos besoins.<\/p>\n<p>Nous esp\u00e9rons que vous trouverez le parasol et tout ce dont vous avez besoin, afin de profiter de longues journ\u00e9es en plein air.[\/vc_column_text][\/vc_column][\/vc_row]<\/p>\n","protected":false},"excerpt":{"rendered":"<p>[vc_row][vc_column][cislen_title style=\u00a0\u00bbstyle1&Prime; title=\u00a0\u00bbPARASOLS EXCENTRIQUES\u00a0\u00bb size_title=\u00a0\u00bb28px\u00a0\u00bb title_custom_id=\u00a0\u00bbcislen_custom_css_2024253922&Prime; responsive_js_composer_custom_id=\u00a0\u00bbresponsive_js_composer_custom_css_780368359&Prime; css=\u00a0\u00bb.vc_custom_1629271995230{padding-bottom: 30px !important;}\u00a0\u00bb][\/vc_column][\/vc_row][vc_row css=\u00a0\u00bb.vc_custom_1629198591748{padding-top: 30px !important;padding-bottom: 30px !important;}\u00a0\u00bb responsive_js_composer_custom_id=\u00a0\u00bbresponsive_js_composer_custom_css_1177573393&Prime;][vc_column][cislen_tabs style=\u00a0\u00bb`{`object Object`}`\u00a0\u00bb][vc_tta_section title=\u00a0\u00bbANTRACITE 3x3M\u00a0\u00bb tab_id=\u00a0\u00bb1659341355320-bfd4d5da-7955&Prime; responsive_js_composer_custom_id=\u00a0\u00bbresponsive_js_composer_custom_css_2002505891&Prime;][cislen_products productsliststyle=\u00a0\u00bbowl\u00a0\u00bb product_style=\u00a0\u00bb1&Prime; product_image_size=\u00a0\u00bbcustom\u00a0\u00bb product_custom_thumb_width=\u00a0\u00bb360&Prime; product_custom_thumb_height=\u00a0\u00bb360&Prime; target=\u00a0\u00bbproducts\u00a0\u00bb autoplay=\u00a0\u00bbtrue\u00a0\u00bb navigation=\u00a0\u00bbtrue\u00a0\u00bb dots=\u00a0\u00bbtrue\u00a0\u00bb dots_style=\u00a0\u00bbdots-style2&Prime; loop=\u00a0\u00bbtrue\u00a0\u00bb ls_items=\u00a0\u00bb4&Prime; products_custom_id=\u00a0\u00bbcislen_custom_css_592467620&Prime; responsive_js_composer_custom_id=\u00a0\u00bbresponsive_js_composer_custom_css_645709561&Prime; ids=\u00a0\u00bb7959, 7961, 35386, 18909&Prime;][\/vc_tta_section][vc_tta_section title=\u00a0\u00bbANTHRACITE 2,5&#215;2,5M\u00a0\u00bb tab_id=\u00a0\u00bb1659341576370-48598a65-7a48&Prime; responsive_js_composer_custom_id=\u00a0\u00bbresponsive_js_composer_custom_css_289055495&Prime;][cislen_products productsliststyle=\u00a0\u00bbowl\u00a0\u00bb product_style=\u00a0\u00bb1&Prime; product_image_size=\u00a0\u00bbcustom\u00a0\u00bb product_custom_thumb_width=\u00a0\u00bb360&Prime; product_custom_thumb_height=\u00a0\u00bb360&Prime; target=\u00a0\u00bbproducts\u00a0\u00bb autoplay=\u00a0\u00bbtrue\u00a0\u00bb navigation=\u00a0\u00bbtrue\u00a0\u00bb dots=\u00a0\u00bbtrue\u00a0\u00bb dots_style=\u00a0\u00bbdots-style2&Prime; loop=\u00a0\u00bbfalse\u00a0\u00bb [&hellip;]<\/p>\n","protected":false},"author":1,"featured_media":0,"parent":0,"menu_order":0,"comment_status":"closed","ping_status":"closed","template":"","meta":{"_acf_changed":false,"footnotes":""},"class_list":["post-63749","page","type-page","status-publish","hentry"],"acf":[],"yoast_head":"<!-- This site is optimized with the Yoast SEO plugin v27.2 - https:\/\/yoast.com\/product\/yoast-seo-wordpress\/ -->\n<title>Pare-soleil - Kerama<\/title>\n<meta name=\"robots\" content=\"index, follow, max-snippet:-1, max-image-preview:large, max-video-preview:-1\" \/>\n<link rel=\"canonical\" href=\"https:\/\/keramamueblesdejardin.com\/fr\/pare-soleil\/\" \/>\n<meta property=\"og:locale\" content=\"fr_FR\" \/>\n<meta property=\"og:type\" content=\"article\" \/>\n<meta property=\"og:title\" content=\"Pare-soleil - Kerama\" \/>\n<meta property=\"og:description\" content=\"[vc_row][vc_column][cislen_title style=\u00a0\u00bbstyle1&Prime; title=\u00a0\u00bbPARASOLS EXCENTRIQUES\u00a0\u00bb size_title=\u00a0\u00bb28px\u00a0\u00bb title_custom_id=\u00a0\u00bbcislen_custom_css_2024253922&Prime; responsive_js_composer_custom_id=\u00a0\u00bbresponsive_js_composer_custom_css_780368359&Prime; css=\u00a0\u00bb.vc_custom_1629271995230{padding-bottom: 30px !important;}\u00a0\u00bb][\/vc_column][\/vc_row][vc_row css=\u00a0\u00bb.vc_custom_1629198591748{padding-top: 30px !important;padding-bottom: 30px !important;}\u00a0\u00bb responsive_js_composer_custom_id=\u00a0\u00bbresponsive_js_composer_custom_css_1177573393&Prime;][vc_column][cislen_tabs style=\u00a0\u00bb`{`object Object`}`\u00a0\u00bb][vc_tta_section title=\u00a0\u00bbANTRACITE 3x3M\u00a0\u00bb tab_id=\u00a0\u00bb1659341355320-bfd4d5da-7955&Prime; responsive_js_composer_custom_id=\u00a0\u00bbresponsive_js_composer_custom_css_2002505891&Prime;][cislen_products productsliststyle=\u00a0\u00bbowl\u00a0\u00bb product_style=\u00a0\u00bb1&Prime; product_image_size=\u00a0\u00bbcustom\u00a0\u00bb product_custom_thumb_width=\u00a0\u00bb360&Prime; product_custom_thumb_height=\u00a0\u00bb360&Prime; target=\u00a0\u00bbproducts\u00a0\u00bb autoplay=\u00a0\u00bbtrue\u00a0\u00bb navigation=\u00a0\u00bbtrue\u00a0\u00bb dots=\u00a0\u00bbtrue\u00a0\u00bb dots_style=\u00a0\u00bbdots-style2&Prime; loop=\u00a0\u00bbtrue\u00a0\u00bb ls_items=\u00a0\u00bb4&Prime; products_custom_id=\u00a0\u00bbcislen_custom_css_592467620&Prime; responsive_js_composer_custom_id=\u00a0\u00bbresponsive_js_composer_custom_css_645709561&Prime; ids=\u00a0\u00bb7959, 7961, 35386, 18909&Prime;][\/vc_tta_section][vc_tta_section title=\u00a0\u00bbANTHRACITE 2,5&#215;2,5M\u00a0\u00bb tab_id=\u00a0\u00bb1659341576370-48598a65-7a48&Prime; responsive_js_composer_custom_id=\u00a0\u00bbresponsive_js_composer_custom_css_289055495&Prime;][cislen_products productsliststyle=\u00a0\u00bbowl\u00a0\u00bb product_style=\u00a0\u00bb1&Prime; product_image_size=\u00a0\u00bbcustom\u00a0\u00bb product_custom_thumb_width=\u00a0\u00bb360&Prime; product_custom_thumb_height=\u00a0\u00bb360&Prime; target=\u00a0\u00bbproducts\u00a0\u00bb autoplay=\u00a0\u00bbtrue\u00a0\u00bb navigation=\u00a0\u00bbtrue\u00a0\u00bb dots=\u00a0\u00bbtrue\u00a0\u00bb dots_style=\u00a0\u00bbdots-style2&Prime; loop=\u00a0\u00bbfalse\u00a0\u00bb [&hellip;]\" \/>\n<meta property=\"og:url\" content=\"https:\/\/keramamueblesdejardin.com\/fr\/pare-soleil\/\" \/>\n<meta property=\"og:site_name\" content=\"Kerama\" \/>\n<meta property=\"article:publisher\" content=\"https:\/\/www.facebook.com\/Kerama-Muebles-de-Jard%c3%adn-106209328312568\/\" \/>\n<meta property=\"article:modified_time\" content=\"2023-06-07T11:01:08+00:00\" \/>\n<meta name=\"twitter:card\" content=\"summary_large_image\" \/>\n<meta name=\"twitter:label1\" content=\"Dur\u00e9e de lecture estim\u00e9e\" \/>\n\t<meta name=\"twitter:data1\" content=\"5 minutes\" \/>\n<script type=\"application\/ld+json\" class=\"yoast-schema-graph\">{\"@context\":\"https:\/\/schema.org\",\"@graph\":[{\"@type\":\"WebPage\",\"@id\":\"https:\/\/keramamueblesdejardin.com\/fr\/pare-soleil\/\",\"url\":\"https:\/\/keramamueblesdejardin.com\/fr\/pare-soleil\/\",\"name\":\"Pare-soleil - Kerama\",\"isPartOf\":{\"@id\":\"https:\/\/keramamueblesdejardin.com\/fr\/#website\"},\"datePublished\":\"2021-08-17T11:24:41+00:00\",\"dateModified\":\"2023-06-07T11:01:08+00:00\",\"breadcrumb\":{\"@id\":\"https:\/\/keramamueblesdejardin.com\/fr\/pare-soleil\/#breadcrumb\"},\"inLanguage\":\"fr-FR\",\"potentialAction\":[{\"@type\":\"ReadAction\",\"target\":[\"https:\/\/keramamueblesdejardin.com\/fr\/pare-soleil\/\"]}]},{\"@type\":\"BreadcrumbList\",\"@id\":\"https:\/\/keramamueblesdejardin.com\/fr\/pare-soleil\/#breadcrumb\",\"itemListElement\":[{\"@type\":\"ListItem\",\"position\":1,\"name\":\"Home\",\"item\":\"https:\/\/keramamueblesdejardin.com\/fr\/\"},{\"@type\":\"ListItem\",\"position\":2,\"name\":\"Pare-soleil\"}]},{\"@type\":\"WebSite\",\"@id\":\"https:\/\/keramamueblesdejardin.com\/fr\/#website\",\"url\":\"https:\/\/keramamueblesdejardin.com\/fr\/\",\"name\":\"Kerama\",\"description\":\"muebles de jard\u00edn\",\"publisher\":{\"@id\":\"https:\/\/keramamueblesdejardin.com\/fr\/#organization\"},\"potentialAction\":[{\"@type\":\"SearchAction\",\"target\":{\"@type\":\"EntryPoint\",\"urlTemplate\":\"https:\/\/keramamueblesdejardin.com\/fr\/?s={search_term_string}\"},\"query-input\":{\"@type\":\"PropertyValueSpecification\",\"valueRequired\":true,\"valueName\":\"search_term_string\"}}],\"inLanguage\":\"fr-FR\"},{\"@type\":\"Organization\",\"@id\":\"https:\/\/keramamueblesdejardin.com\/fr\/#organization\",\"name\":\"kerama\",\"url\":\"https:\/\/keramamueblesdejardin.com\/fr\/\",\"logo\":{\"@type\":\"ImageObject\",\"inLanguage\":\"fr-FR\",\"@id\":\"https:\/\/keramamueblesdejardin.com\/fr\/#\/schema\/logo\/image\/\",\"url\":\"https:\/\/keramamueblesdejardin.com\/wp-content\/uploads\/2020\/12\/k.-scaled.jpg\",\"contentUrl\":\"https:\/\/keramamueblesdejardin.com\/wp-content\/uploads\/2020\/12\/k.-scaled.jpg\",\"width\":2560,\"height\":551,\"caption\":\"kerama\"},\"image\":{\"@id\":\"https:\/\/keramamueblesdejardin.com\/fr\/#\/schema\/logo\/image\/\"},\"sameAs\":[\"https:\/\/www.facebook.com\/Kerama-Muebles-de-Jard\u00edn-106209328312568\/\"]}]}<\/script>\n<!-- \/ Yoast SEO plugin. -->","yoast_head_json":{"title":"Pare-soleil - Kerama","robots":{"index":"index","follow":"follow","max-snippet":"max-snippet:-1","max-image-preview":"max-image-preview:large","max-video-preview":"max-video-preview:-1"},"canonical":"https:\/\/keramamueblesdejardin.com\/fr\/pare-soleil\/","og_locale":"fr_FR","og_type":"article","og_title":"Pare-soleil - Kerama","og_description":"[vc_row][vc_column][cislen_title style=\u00a0\u00bbstyle1&Prime; title=\u00a0\u00bbPARASOLS EXCENTRIQUES\u00a0\u00bb size_title=\u00a0\u00bb28px\u00a0\u00bb title_custom_id=\u00a0\u00bbcislen_custom_css_2024253922&Prime; responsive_js_composer_custom_id=\u00a0\u00bbresponsive_js_composer_custom_css_780368359&Prime; css=\u00a0\u00bb.vc_custom_1629271995230{padding-bottom: 30px !important;}\u00a0\u00bb][\/vc_column][\/vc_row][vc_row css=\u00a0\u00bb.vc_custom_1629198591748{padding-top: 30px !important;padding-bottom: 30px !important;}\u00a0\u00bb responsive_js_composer_custom_id=\u00a0\u00bbresponsive_js_composer_custom_css_1177573393&Prime;][vc_column][cislen_tabs style=\u00a0\u00bb`{`object Object`}`\u00a0\u00bb][vc_tta_section title=\u00a0\u00bbANTRACITE 3x3M\u00a0\u00bb tab_id=\u00a0\u00bb1659341355320-bfd4d5da-7955&Prime; responsive_js_composer_custom_id=\u00a0\u00bbresponsive_js_composer_custom_css_2002505891&Prime;][cislen_products productsliststyle=\u00a0\u00bbowl\u00a0\u00bb product_style=\u00a0\u00bb1&Prime; product_image_size=\u00a0\u00bbcustom\u00a0\u00bb product_custom_thumb_width=\u00a0\u00bb360&Prime; product_custom_thumb_height=\u00a0\u00bb360&Prime; target=\u00a0\u00bbproducts\u00a0\u00bb autoplay=\u00a0\u00bbtrue\u00a0\u00bb navigation=\u00a0\u00bbtrue\u00a0\u00bb dots=\u00a0\u00bbtrue\u00a0\u00bb dots_style=\u00a0\u00bbdots-style2&Prime; loop=\u00a0\u00bbtrue\u00a0\u00bb ls_items=\u00a0\u00bb4&Prime; products_custom_id=\u00a0\u00bbcislen_custom_css_592467620&Prime; responsive_js_composer_custom_id=\u00a0\u00bbresponsive_js_composer_custom_css_645709561&Prime; ids=\u00a0\u00bb7959, 7961, 35386, 18909&Prime;][\/vc_tta_section][vc_tta_section title=\u00a0\u00bbANTHRACITE 2,5&#215;2,5M\u00a0\u00bb tab_id=\u00a0\u00bb1659341576370-48598a65-7a48&Prime; responsive_js_composer_custom_id=\u00a0\u00bbresponsive_js_composer_custom_css_289055495&Prime;][cislen_products productsliststyle=\u00a0\u00bbowl\u00a0\u00bb product_style=\u00a0\u00bb1&Prime; product_image_size=\u00a0\u00bbcustom\u00a0\u00bb product_custom_thumb_width=\u00a0\u00bb360&Prime; product_custom_thumb_height=\u00a0\u00bb360&Prime; target=\u00a0\u00bbproducts\u00a0\u00bb autoplay=\u00a0\u00bbtrue\u00a0\u00bb navigation=\u00a0\u00bbtrue\u00a0\u00bb dots=\u00a0\u00bbtrue\u00a0\u00bb dots_style=\u00a0\u00bbdots-style2&Prime; loop=\u00a0\u00bbfalse\u00a0\u00bb [&hellip;]","og_url":"https:\/\/keramamueblesdejardin.com\/fr\/pare-soleil\/","og_site_name":"Kerama","article_publisher":"https:\/\/www.facebook.com\/Kerama-Muebles-de-Jard%c3%adn-106209328312568\/","article_modified_time":"2023-06-07T11:01:08+00:00","twitter_card":"summary_large_image","twitter_misc":{"Dur\u00e9e de lecture estim\u00e9e":"5 minutes"},"schema":{"@context":"https:\/\/schema.org","@graph":[{"@type":"WebPage","@id":"https:\/\/keramamueblesdejardin.com\/fr\/pare-soleil\/","url":"https:\/\/keramamueblesdejardin.com\/fr\/pare-soleil\/","name":"Pare-soleil - Kerama","isPartOf":{"@id":"https:\/\/keramamueblesdejardin.com\/fr\/#website"},"datePublished":"2021-08-17T11:24:41+00:00","dateModified":"2023-06-07T11:01:08+00:00","breadcrumb":{"@id":"https:\/\/keramamueblesdejardin.com\/fr\/pare-soleil\/#breadcrumb"},"inLanguage":"fr-FR","potentialAction":[{"@type":"ReadAction","target":["https:\/\/keramamueblesdejardin.com\/fr\/pare-soleil\/"]}]},{"@type":"BreadcrumbList","@id":"https:\/\/keramamueblesdejardin.com\/fr\/pare-soleil\/#breadcrumb","itemListElement":[{"@type":"ListItem","position":1,"name":"Home","item":"https:\/\/keramamueblesdejardin.com\/fr\/"},{"@type":"ListItem","position":2,"name":"Pare-soleil"}]},{"@type":"WebSite","@id":"https:\/\/keramamueblesdejardin.com\/fr\/#website","url":"https:\/\/keramamueblesdejardin.com\/fr\/","name":"Kerama","description":"muebles de jard\u00edn","publisher":{"@id":"https:\/\/keramamueblesdejardin.com\/fr\/#organization"},"potentialAction":[{"@type":"SearchAction","target":{"@type":"EntryPoint","urlTemplate":"https:\/\/keramamueblesdejardin.com\/fr\/?s={search_term_string}"},"query-input":{"@type":"PropertyValueSpecification","valueRequired":true,"valueName":"search_term_string"}}],"inLanguage":"fr-FR"},{"@type":"Organization","@id":"https:\/\/keramamueblesdejardin.com\/fr\/#organization","name":"kerama","url":"https:\/\/keramamueblesdejardin.com\/fr\/","logo":{"@type":"ImageObject","inLanguage":"fr-FR","@id":"https:\/\/keramamueblesdejardin.com\/fr\/#\/schema\/logo\/image\/","url":"https:\/\/keramamueblesdejardin.com\/wp-content\/uploads\/2020\/12\/k.-scaled.jpg","contentUrl":"https:\/\/keramamueblesdejardin.com\/wp-content\/uploads\/2020\/12\/k.-scaled.jpg","width":2560,"height":551,"caption":"kerama"},"image":{"@id":"https:\/\/keramamueblesdejardin.com\/fr\/#\/schema\/logo\/image\/"},"sameAs":["https:\/\/www.facebook.com\/Kerama-Muebles-de-Jard\u00edn-106209328312568\/"]}]}},"_links":{"self":[{"href":"https:\/\/keramamueblesdejardin.com\/fr\/wp-json\/wp\/v2\/pages\/63749","targetHints":{"allow":["GET"]}}],"collection":[{"href":"https:\/\/keramamueblesdejardin.com\/fr\/wp-json\/wp\/v2\/pages"}],"about":[{"href":"https:\/\/keramamueblesdejardin.com\/fr\/wp-json\/wp\/v2\/types\/page"}],"author":[{"embeddable":true,"href":"https:\/\/keramamueblesdejardin.com\/fr\/wp-json\/wp\/v2\/users\/1"}],"replies":[{"embeddable":true,"href":"https:\/\/keramamueblesdejardin.com\/fr\/wp-json\/wp\/v2\/comments?post=63749"}],"version-history":[{"count":12,"href":"https:\/\/keramamueblesdejardin.com\/fr\/wp-json\/wp\/v2\/pages\/63749\/revisions"}],"predecessor-version":[{"id":108528,"href":"https:\/\/keramamueblesdejardin.com\/fr\/wp-json\/wp\/v2\/pages\/63749\/revisions\/108528"}],"wp:attachment":[{"href":"https:\/\/keramamueblesdejardin.com\/fr\/wp-json\/wp\/v2\/media?parent=63749"}],"curies":[{"name":"wp","href":"https:\/\/api.w.org\/{rel}","templated":true}]}}