{"id":71730,"date":"2022-03-09T13:26:40","date_gmt":"2022-03-09T12:26:40","guid":{"rendered":"https:\/\/keramamueblesdejardin.com\/uncategorized\/set-garden-table-and-chairs-6-seats-wood-and-rope-riviera\/"},"modified":"2025-03-19T12:31:39","modified_gmt":"2025-03-19T11:31:39","slug":"garden-table-and-chairs-set-6-seat-table-wood-and-string-riviera","status":"publish","type":"product","link":"https:\/\/keramamueblesdejardin.com\/en\/uncategorized\/garden-table-and-chairs-set-6-seat-table-wood-and-string-riviera\/","title":{"rendered":"Set garden table and chairs 6 seats wood and rope &#8211; Riviera"},"content":{"rendered":"<p><span style=\"font-weight: 400;\">The <strong>Riviera garden or terrace table and chairs set<\/strong> is made from <strong>FSC-certified eucalyptus wood<\/strong>. It comes from sustainable forests to contribute to environmental conservation.  <\/span><\/p>\n<p><span style=\"font-weight: 400;\">This set consists of a <strong>170\u00d790 cm table and 6 chairs<\/strong> with armrests. The <strong>cushions have removable covers<\/strong> for easy washing. Earth tones bring<strong> tranquility and comfort to the home<\/strong>.<\/span><\/p>\n<p><span style=\"font-weight: 400;\">You can <strong>combine the set with other products in the <a href=\"https:\/\/keramamueblesdejardin.com\/etiqueta\/riviera\/\" target=\"_blank\" rel=\"noopener\">Riviera range<\/a><\/strong><\/span><span style=\"font-weight: 400;\"> and protect it with a cover from our <\/span><a href=\"https:\/\/keramamueblesdejardin.com\/complementos-exterior\/fundas-muebles-jardin\/\" target=\"_blank\" rel=\"noopener\"><br \/>\n  <span style=\"font-weight: 400;\">range of garden furniture<\/span><br \/>\n<\/a><span style=\"font-weight: 400;\"> garden furniture when it is not in use.<\/span><\/p>\n<p><span style=\"font-weight: 400;\">Consult others <a href=\"https:\/\/keramamueblesdejardin.com\/comedores-exterior\/conjunto-mesa-y-sillas-jardin\/\" target=\"_blank\" rel=\"noopener\"><br \/>\n  <strong>sets of table and chairs for garden or terrace<\/strong><br \/>\n<\/a>.<\/span><\/p>\n","protected":false},"excerpt":{"rendered":"<ul>\n<li>Acacia wood dining table<span data-sheets-value=\"{\"1\":2,\"2\":\"Conjunto formado por una mesa jard\u00edn de madera de eucal\u00edpto acabado color claro 170x90 cm y 6 sillas jard\u00edn con brazos de eucal\u00edpto y cuerda con cojines. Los sillones son apilables.\"}\" data-sheets-userformat=\"{\"2\":515,\"3\":{\"1\":0},\"4\":{\"1\":2,\"2\":16776960},\"12\":0}\"> <\/span>light colored<\/li>\n<li>6 garden chairs with acacia armrests and rope with cushions<\/li>\n<li>FSC certified wood<\/li>\n<li>You can combine it with the different elements of the Riviera family.<\/li>\n<\/ul>\n","protected":false},"featured_media":176456,"comment_status":"closed","ping_status":"closed","template":"","meta":{"_acf_changed":false},"product_brand":[],"product_cat":[],"product_tag":[],"class_list":{"0":"post-71730","1":"product","2":"type-product","3":"status-publish","4":"has-post-thumbnail","7":"first","8":"instock","9":"sale","10":"featured","11":"purchasable","12":"product-type-simple","13":"add-to-wishlist-before_image"},"acf":[],"yoast_head":"<!-- This site is optimized with the Yoast SEO plugin v27.4 - https:\/\/yoast.com\/product\/yoast-seo-wordpress\/ -->\n<title>Set garden table and chairs 6 seats wood and rope - Riviera - Kerama<\/title>\n<meta name=\"robots\" content=\"index, follow, max-snippet:-1, max-image-preview:large, max-video-preview:-1\" \/>\n<link rel=\"canonical\" href=\"https:\/\/keramamueblesdejardin.com\/en\/uncategorized\/garden-table-and-chairs-set-6-seat-table-wood-and-string-riviera\/\" \/>\n<meta property=\"og:locale\" content=\"en_US\" \/>\n<meta property=\"og:type\" content=\"article\" \/>\n<meta property=\"og:title\" content=\"Set garden table and chairs 6 seats wood and rope - Riviera - Kerama\" \/>\n<meta property=\"og:description\" content=\"Acacia wood dining table light colored  6 garden chairs with acacia armrests and rope with cushions  FSC certified wood  You can combine it with the different elements of the Riviera family.\" \/>\n<meta property=\"og:url\" content=\"https:\/\/keramamueblesdejardin.com\/en\/uncategorized\/garden-table-and-chairs-set-6-seat-table-wood-and-string-riviera\/\" \/>\n<meta property=\"og:site_name\" content=\"Kerama\" \/>\n<meta property=\"article:publisher\" content=\"https:\/\/www.facebook.com\/Kerama-Muebles-de-Jard%c3%adn-106209328312568\/\" \/>\n<meta property=\"article:modified_time\" content=\"2025-03-19T11:31:39+00:00\" \/>\n<meta property=\"og:image\" content=\"https:\/\/keramamueblesdejardin.com\/wp-content\/uploads\/2022\/03\/riviera-6.jpg\" \/>\n\t<meta property=\"og:image:width\" content=\"1200\" \/>\n\t<meta property=\"og:image:height\" content=\"1200\" \/>\n\t<meta property=\"og:image:type\" content=\"image\/jpeg\" \/>\n<meta name=\"twitter:card\" content=\"summary_large_image\" \/>\n<script type=\"application\/ld+json\" class=\"yoast-schema-graph\">{\"@context\":\"https:\\\/\\\/schema.org\",\"@graph\":[{\"@type\":\"WebPage\",\"@id\":\"https:\\\/\\\/keramamueblesdejardin.com\\\/en\\\/uncategorized\\\/garden-table-and-chairs-set-6-seat-table-wood-and-string-riviera\\\/\",\"url\":\"https:\\\/\\\/keramamueblesdejardin.com\\\/en\\\/uncategorized\\\/garden-table-and-chairs-set-6-seat-table-wood-and-string-riviera\\\/\",\"name\":\"Set garden table and chairs 6 seats wood and rope - Riviera - Kerama\",\"isPartOf\":{\"@id\":\"https:\\\/\\\/keramamueblesdejardin.com\\\/en\\\/#website\"},\"primaryImageOfPage\":{\"@id\":\"https:\\\/\\\/keramamueblesdejardin.com\\\/en\\\/uncategorized\\\/garden-table-and-chairs-set-6-seat-table-wood-and-string-riviera\\\/#primaryimage\"},\"image\":{\"@id\":\"https:\\\/\\\/keramamueblesdejardin.com\\\/en\\\/uncategorized\\\/garden-table-and-chairs-set-6-seat-table-wood-and-string-riviera\\\/#primaryimage\"},\"thumbnailUrl\":\"https:\\\/\\\/keramamueblesdejardin.com\\\/wp-content\\\/uploads\\\/2022\\\/03\\\/riviera-6.jpg\",\"datePublished\":\"2022-03-09T12:26:40+00:00\",\"dateModified\":\"2025-03-19T11:31:39+00:00\",\"breadcrumb\":{\"@id\":\"https:\\\/\\\/keramamueblesdejardin.com\\\/en\\\/uncategorized\\\/garden-table-and-chairs-set-6-seat-table-wood-and-string-riviera\\\/#breadcrumb\"},\"inLanguage\":\"en-US\",\"potentialAction\":[{\"@type\":\"ReadAction\",\"target\":[\"https:\\\/\\\/keramamueblesdejardin.com\\\/en\\\/uncategorized\\\/garden-table-and-chairs-set-6-seat-table-wood-and-string-riviera\\\/\"]}]},{\"@type\":\"ImageObject\",\"inLanguage\":\"en-US\",\"@id\":\"https:\\\/\\\/keramamueblesdejardin.com\\\/en\\\/uncategorized\\\/garden-table-and-chairs-set-6-seat-table-wood-and-string-riviera\\\/#primaryimage\",\"url\":\"https:\\\/\\\/keramamueblesdejardin.com\\\/wp-content\\\/uploads\\\/2022\\\/03\\\/riviera-6.jpg\",\"contentUrl\":\"https:\\\/\\\/keramamueblesdejardin.com\\\/wp-content\\\/uploads\\\/2022\\\/03\\\/riviera-6.jpg\",\"width\":1200,\"height\":1200,\"caption\":\"conjunto de comedor de jard\u00edn 6 plazas Riviera\"},{\"@type\":\"BreadcrumbList\",\"@id\":\"https:\\\/\\\/keramamueblesdejardin.com\\\/en\\\/uncategorized\\\/garden-table-and-chairs-set-6-seat-table-wood-and-string-riviera\\\/#breadcrumb\",\"itemListElement\":[{\"@type\":\"ListItem\",\"position\":1,\"name\":\"Home\",\"item\":\"https:\\\/\\\/keramamueblesdejardin.com\\\/en\\\/\"},{\"@type\":\"ListItem\",\"position\":2,\"name\":\"Shop\",\"item\":\"https:\\\/\\\/keramamueblesdejardin.com\\\/tienda\\\/\"},{\"@type\":\"ListItem\",\"position\":3,\"name\":\"Outdoor dining areas\",\"item\":\"https:\\\/\\\/keramamueblesdejardin.com\\\/en\\\/outdoor-dining-areas\\\/\"},{\"@type\":\"ListItem\",\"position\":4,\"name\":\"Garden table and chairs set\",\"item\":\"https:\\\/\\\/keramamueblesdejardin.com\\\/en\\\/outdoor-dining-areas\\\/garden-table-and-chairs-set\\\/\"},{\"@type\":\"ListItem\",\"position\":5,\"name\":\"Set garden table and chairs 6 seats wood and rope &#8211; Riviera\"}]},{\"@type\":\"WebSite\",\"@id\":\"https:\\\/\\\/keramamueblesdejardin.com\\\/en\\\/#website\",\"url\":\"https:\\\/\\\/keramamueblesdejardin.com\\\/en\\\/\",\"name\":\"Kerama\",\"description\":\"muebles de jard\u00edn\",\"publisher\":{\"@id\":\"https:\\\/\\\/keramamueblesdejardin.com\\\/en\\\/#organization\"},\"potentialAction\":[{\"@type\":\"SearchAction\",\"target\":{\"@type\":\"EntryPoint\",\"urlTemplate\":\"https:\\\/\\\/keramamueblesdejardin.com\\\/en\\\/?s={search_term_string}\"},\"query-input\":{\"@type\":\"PropertyValueSpecification\",\"valueRequired\":true,\"valueName\":\"search_term_string\"}}],\"inLanguage\":\"en-US\"},{\"@type\":\"Organization\",\"@id\":\"https:\\\/\\\/keramamueblesdejardin.com\\\/en\\\/#organization\",\"name\":\"kerama\",\"url\":\"https:\\\/\\\/keramamueblesdejardin.com\\\/en\\\/\",\"logo\":{\"@type\":\"ImageObject\",\"inLanguage\":\"en-US\",\"@id\":\"https:\\\/\\\/keramamueblesdejardin.com\\\/en\\\/#\\\/schema\\\/logo\\\/image\\\/\",\"url\":\"https:\\\/\\\/keramamueblesdejardin.com\\\/wp-content\\\/uploads\\\/2020\\\/12\\\/k.-scaled.jpg\",\"contentUrl\":\"https:\\\/\\\/keramamueblesdejardin.com\\\/wp-content\\\/uploads\\\/2020\\\/12\\\/k.-scaled.jpg\",\"width\":2560,\"height\":551,\"caption\":\"kerama\"},\"image\":{\"@id\":\"https:\\\/\\\/keramamueblesdejardin.com\\\/en\\\/#\\\/schema\\\/logo\\\/image\\\/\"},\"sameAs\":[\"https:\\\/\\\/www.facebook.com\\\/Kerama-Muebles-de-Jard\u00edn-106209328312568\\\/\"]}]}<\/script>\n<!-- \/ Yoast SEO plugin. -->","yoast_head_json":{"title":"Set garden table and chairs 6 seats wood and rope - Riviera - Kerama","robots":{"index":"index","follow":"follow","max-snippet":"max-snippet:-1","max-image-preview":"max-image-preview:large","max-video-preview":"max-video-preview:-1"},"canonical":"https:\/\/keramamueblesdejardin.com\/en\/uncategorized\/garden-table-and-chairs-set-6-seat-table-wood-and-string-riviera\/","og_locale":"en_US","og_type":"article","og_title":"Set garden table and chairs 6 seats wood and rope - Riviera - Kerama","og_description":"Acacia wood dining table light colored  6 garden chairs with acacia armrests and rope with cushions  FSC certified wood  You can combine it with the different elements of the Riviera family.","og_url":"https:\/\/keramamueblesdejardin.com\/en\/uncategorized\/garden-table-and-chairs-set-6-seat-table-wood-and-string-riviera\/","og_site_name":"Kerama","article_publisher":"https:\/\/www.facebook.com\/Kerama-Muebles-de-Jard%c3%adn-106209328312568\/","article_modified_time":"2025-03-19T11:31:39+00:00","og_image":[{"width":1200,"height":1200,"url":"https:\/\/keramamueblesdejardin.com\/wp-content\/uploads\/2022\/03\/riviera-6.jpg","type":"image\/jpeg"}],"twitter_card":"summary_large_image","schema":{"@context":"https:\/\/schema.org","@graph":[{"@type":"WebPage","@id":"https:\/\/keramamueblesdejardin.com\/en\/uncategorized\/garden-table-and-chairs-set-6-seat-table-wood-and-string-riviera\/","url":"https:\/\/keramamueblesdejardin.com\/en\/uncategorized\/garden-table-and-chairs-set-6-seat-table-wood-and-string-riviera\/","name":"Set garden table and chairs 6 seats wood and rope - Riviera - Kerama","isPartOf":{"@id":"https:\/\/keramamueblesdejardin.com\/en\/#website"},"primaryImageOfPage":{"@id":"https:\/\/keramamueblesdejardin.com\/en\/uncategorized\/garden-table-and-chairs-set-6-seat-table-wood-and-string-riviera\/#primaryimage"},"image":{"@id":"https:\/\/keramamueblesdejardin.com\/en\/uncategorized\/garden-table-and-chairs-set-6-seat-table-wood-and-string-riviera\/#primaryimage"},"thumbnailUrl":"https:\/\/keramamueblesdejardin.com\/wp-content\/uploads\/2022\/03\/riviera-6.jpg","datePublished":"2022-03-09T12:26:40+00:00","dateModified":"2025-03-19T11:31:39+00:00","breadcrumb":{"@id":"https:\/\/keramamueblesdejardin.com\/en\/uncategorized\/garden-table-and-chairs-set-6-seat-table-wood-and-string-riviera\/#breadcrumb"},"inLanguage":"en-US","potentialAction":[{"@type":"ReadAction","target":["https:\/\/keramamueblesdejardin.com\/en\/uncategorized\/garden-table-and-chairs-set-6-seat-table-wood-and-string-riviera\/"]}]},{"@type":"ImageObject","inLanguage":"en-US","@id":"https:\/\/keramamueblesdejardin.com\/en\/uncategorized\/garden-table-and-chairs-set-6-seat-table-wood-and-string-riviera\/#primaryimage","url":"https:\/\/keramamueblesdejardin.com\/wp-content\/uploads\/2022\/03\/riviera-6.jpg","contentUrl":"https:\/\/keramamueblesdejardin.com\/wp-content\/uploads\/2022\/03\/riviera-6.jpg","width":1200,"height":1200,"caption":"conjunto de comedor de jard\u00edn 6 plazas Riviera"},{"@type":"BreadcrumbList","@id":"https:\/\/keramamueblesdejardin.com\/en\/uncategorized\/garden-table-and-chairs-set-6-seat-table-wood-and-string-riviera\/#breadcrumb","itemListElement":[{"@type":"ListItem","position":1,"name":"Home","item":"https:\/\/keramamueblesdejardin.com\/en\/"},{"@type":"ListItem","position":2,"name":"Shop","item":"https:\/\/keramamueblesdejardin.com\/tienda\/"},{"@type":"ListItem","position":3,"name":"Outdoor dining areas","item":"https:\/\/keramamueblesdejardin.com\/en\/outdoor-dining-areas\/"},{"@type":"ListItem","position":4,"name":"Garden table and chairs set","item":"https:\/\/keramamueblesdejardin.com\/en\/outdoor-dining-areas\/garden-table-and-chairs-set\/"},{"@type":"ListItem","position":5,"name":"Set garden table and chairs 6 seats wood and rope &#8211; Riviera"}]},{"@type":"WebSite","@id":"https:\/\/keramamueblesdejardin.com\/en\/#website","url":"https:\/\/keramamueblesdejardin.com\/en\/","name":"Kerama","description":"muebles de jard\u00edn","publisher":{"@id":"https:\/\/keramamueblesdejardin.com\/en\/#organization"},"potentialAction":[{"@type":"SearchAction","target":{"@type":"EntryPoint","urlTemplate":"https:\/\/keramamueblesdejardin.com\/en\/?s={search_term_string}"},"query-input":{"@type":"PropertyValueSpecification","valueRequired":true,"valueName":"search_term_string"}}],"inLanguage":"en-US"},{"@type":"Organization","@id":"https:\/\/keramamueblesdejardin.com\/en\/#organization","name":"kerama","url":"https:\/\/keramamueblesdejardin.com\/en\/","logo":{"@type":"ImageObject","inLanguage":"en-US","@id":"https:\/\/keramamueblesdejardin.com\/en\/#\/schema\/logo\/image\/","url":"https:\/\/keramamueblesdejardin.com\/wp-content\/uploads\/2020\/12\/k.-scaled.jpg","contentUrl":"https:\/\/keramamueblesdejardin.com\/wp-content\/uploads\/2020\/12\/k.-scaled.jpg","width":2560,"height":551,"caption":"kerama"},"image":{"@id":"https:\/\/keramamueblesdejardin.com\/en\/#\/schema\/logo\/image\/"},"sameAs":["https:\/\/www.facebook.com\/Kerama-Muebles-de-Jard\u00edn-106209328312568\/"]}]}},"df_price":1549,"df_sale_price":1549,"df_regular_price":1905,"df_image_link":"https:\/\/keramamueblesdejardin.com\/wp-content\/uploads\/2022\/03\/riviera-6-300x300.jpg","custom_tabs":[{"title":"MEASUREMENT","id":"measurements","content":"<strong>Height:<\/strong> Chair 75 cm \/ Table 75 cm\n<strong>Width:<\/strong> Chair 58 cm \/ Table 90 cm\n<strong>Depth:<\/strong> Chair 66 cm \/ Table 170 cm\n<strong>Seat depth without cushion:<\/strong> 11cm\n<strong>Seat depth with cushion:<\/strong> 36cm\n<strong>Seat height:<\/strong> 51cm"},{"title":"UNPACKING AND ASSEMBLY","id":"unpacking-and-assembly","content":"<strong>Recommendations for unpacking:<\/strong> Do not use sharp utensils when unpacking the furniture as it could cause damage\n<strong>Requires mounting (yes\/no):<\/strong> Yes\n<strong>Difficulty of assembly:<\/strong> Casualty\n<strong>Assembly time:<\/strong> 40 minutes\n<strong>Recommended people for assembly:<\/strong> 2\n<strong>Assembly suggestions:<\/strong> Prepare a clean and dry mounting area, check that none of the parts indicated in the manual are missing. We recommend wearing gloves suitable for assembly. Use only the supplied parts and hardware."},{"title":"MAINTENANCE AND WARRANTIES","id":"maintenance-and-warranties","content":"<strong>General recommendations:<\/strong>\n\u2022 Breakdowns or damage caused by:\n\u2022 Accidental causes such as falls, blows, spillage of liquids, introduction of foreign bodies, as well as any other force majeure.\n\u2022 Negligent, improper, or non-domestic use.\n\u2022 Accelerated damage, corrosion and\/or oxidation due to adverse environmental conditions\n\u2022 Stains and discolorations due to non-respect of our cleaning instructions\n\u2022 Damage occurred during assembly and handling without having followed the indicated assembly instructions.\n<strong>Instructions for use and maintenance:<\/strong>\n\u2022 Clean with the help of a cloth gently or use a neutral liquid soap, rinsing with plenty of water.\n\u2022 Remove dust regularly with the help of a soft cloth and clear water.\n\u2022 Product color may vary depending on lighting and environmental conditions. Variation of veins and\/or tonality.\n\u2022 Do not use detergents or abrasive products for cleaning.\n- Linseed oil treatment: Before applying a layer of linseed oil on the product in its natural state, it is advisable to leave it outside for 2 or 3 weeks, so that it takes on a homogeneous appearance and aerate it. Clean with clean water using a brush and allow to dry. Once it is well dry, it should be sanded with a sheet of sandpaper between 120 and 150 grams, carefully and loosely, following, as far as possible, the direction of the veins; this operation should never be carried out in the early hours of the day.\nTo maintain the color, it is advisable to repeat the process once or twice a year.\nIf the linseed oil has already been applied to the furniture, it is advisable to sand it every three years so that the successive coats of oil do not prevent the wood from transpiring.\n<strong>Years warranty:<\/strong> 3 years\n<strong>Manufactured according to Standard:<\/strong> 581-1,581-2,581-3\n<strong>FSC certification (yes\/no):<\/strong> Yes"}],"_links":{"self":[{"href":"https:\/\/keramamueblesdejardin.com\/en\/wp-json\/wp\/v2\/product\/71730","targetHints":{"allow":["GET"]}}],"collection":[{"href":"https:\/\/keramamueblesdejardin.com\/en\/wp-json\/wp\/v2\/product"}],"about":[{"href":"https:\/\/keramamueblesdejardin.com\/en\/wp-json\/wp\/v2\/types\/product"}],"replies":[{"embeddable":true,"href":"https:\/\/keramamueblesdejardin.com\/en\/wp-json\/wp\/v2\/comments?post=71730"}],"wp:featuredmedia":[{"embeddable":true,"href":"https:\/\/keramamueblesdejardin.com\/en\/wp-json\/wp\/v2\/media\/176456"}],"wp:attachment":[{"href":"https:\/\/keramamueblesdejardin.com\/en\/wp-json\/wp\/v2\/media?parent=71730"}],"wp:term":[{"taxonomy":"product_brand","embeddable":true,"href":"https:\/\/keramamueblesdejardin.com\/en\/wp-json\/wp\/v2\/product_brand?post=71730"},{"taxonomy":"product_cat","embeddable":true,"href":"https:\/\/keramamueblesdejardin.com\/en\/wp-json\/wp\/v2\/product_cat?post=71730"},{"taxonomy":"product_tag","embeddable":true,"href":"https:\/\/keramamueblesdejardin.com\/en\/wp-json\/wp\/v2\/product_tag?post=71730"}],"curies":[{"name":"wp","href":"https:\/\/api.w.org\/{rel}","templated":true}]}}