{"id":121147,"date":"2023-06-07T13:01:57","date_gmt":"2023-06-07T11:01:57","guid":{"rendered":"https:\/\/keramamueblesdejardin.com\/uncategorized\/base-parasol-round-wood-15-kg-kilo\/"},"modified":"2024-08-05T15:00:27","modified_gmt":"2024-08-05T13:00:27","slug":"base-parasol-wood-round-15-kg-kilo","status":"publish","type":"product","link":"https:\/\/keramamueblesdejardin.com\/en\/parasols-and-pergolas\/parasol-bases\/base-parasol-wood-round-15-kg-kilo\/","title":{"rendered":"Base parasol round wood 15 kg &#8211; Kilo"},"content":{"rendered":"<p>Acacia wood parasol base 15 kg<br \/>\nMeasures 450\u00f8 x 60<br \/>\nTube dimensions 300 x 58\u00f8 x 1.2 Adapter 38\u00f8~48\u00f8<br \/>\nBox measures 520 x 480 x 75<br \/>\nDescription<br \/>\nWooden parasol base 15kg.<\/p>\n","protected":false},"excerpt":{"rendered":"<ul>\n<li>15kg round parasol base<\/li>\n<li>Made of FSC wood  <\/li>\n<\/ul>\n","protected":false},"featured_media":126269,"comment_status":"closed","ping_status":"closed","template":"","meta":{"_acf_changed":false},"product_brand":[],"product_cat":[712,711],"product_tag":[806],"class_list":{"0":"post-121147","1":"product","2":"type-product","3":"status-publish","4":"has-post-thumbnail","6":"product_cat-parasol-bases","7":"product_cat-parasols-and-pergolas","8":"product_tag-kilo-en","9":"product_shipping_class-envio-gratuito-en","10":"pa_coleccion-kilo-en","11":"pa_material-madera-en","13":"first","14":"outofstock","15":"sale","16":"purchasable","17":"product-type-simple","18":"add-to-wishlist-before_image"},"acf":[],"yoast_head":"<!-- This site is optimized with the Yoast SEO plugin v27.4 - https:\/\/yoast.com\/product\/yoast-seo-wordpress\/ -->\n<title>Base parasol round wood 15 kg - Kilo - Kerama<\/title>\n<meta name=\"robots\" content=\"index, follow, max-snippet:-1, max-image-preview:large, max-video-preview:-1\" \/>\n<link rel=\"canonical\" href=\"https:\/\/keramamueblesdejardin.com\/en\/parasols-and-pergolas\/parasol-bases\/base-parasol-wood-round-15-kg-kilo\/\" \/>\n<meta property=\"og:locale\" content=\"en_US\" \/>\n<meta property=\"og:type\" content=\"article\" \/>\n<meta property=\"og:title\" content=\"Base parasol round wood 15 kg - Kilo - Kerama\" \/>\n<meta property=\"og:description\" content=\"15kg round parasol base Made of FSC wood\" \/>\n<meta property=\"og:url\" content=\"https:\/\/keramamueblesdejardin.com\/en\/parasols-and-pergolas\/parasol-bases\/base-parasol-wood-round-15-kg-kilo\/\" \/>\n<meta property=\"og:site_name\" content=\"Kerama\" \/>\n<meta property=\"article:publisher\" content=\"https:\/\/www.facebook.com\/Kerama-Muebles-de-Jard%c3%adn-106209328312568\/\" \/>\n<meta property=\"article:modified_time\" content=\"2024-08-05T13:00:27+00:00\" \/>\n<meta property=\"og:image\" content=\"https:\/\/keramamueblesdejardin.com\/wp-content\/uploads\/2023\/06\/base-parasol-acacia.jpg\" \/>\n\t<meta property=\"og:image:width\" content=\"1200\" \/>\n\t<meta property=\"og:image:height\" content=\"1200\" \/>\n\t<meta property=\"og:image:type\" content=\"image\/jpeg\" \/>\n<meta name=\"twitter:card\" content=\"summary_large_image\" \/>\n<script type=\"application\/ld+json\" class=\"yoast-schema-graph\">{\"@context\":\"https:\\\/\\\/schema.org\",\"@graph\":[{\"@type\":\"WebPage\",\"@id\":\"https:\\\/\\\/keramamueblesdejardin.com\\\/en\\\/parasols-and-pergolas\\\/parasol-bases\\\/base-parasol-wood-round-15-kg-kilo\\\/\",\"url\":\"https:\\\/\\\/keramamueblesdejardin.com\\\/en\\\/parasols-and-pergolas\\\/parasol-bases\\\/base-parasol-wood-round-15-kg-kilo\\\/\",\"name\":\"Base parasol round wood 15 kg - Kilo - Kerama\",\"isPartOf\":{\"@id\":\"https:\\\/\\\/keramamueblesdejardin.com\\\/en\\\/#website\"},\"primaryImageOfPage\":{\"@id\":\"https:\\\/\\\/keramamueblesdejardin.com\\\/en\\\/parasols-and-pergolas\\\/parasol-bases\\\/base-parasol-wood-round-15-kg-kilo\\\/#primaryimage\"},\"image\":{\"@id\":\"https:\\\/\\\/keramamueblesdejardin.com\\\/en\\\/parasols-and-pergolas\\\/parasol-bases\\\/base-parasol-wood-round-15-kg-kilo\\\/#primaryimage\"},\"thumbnailUrl\":\"https:\\\/\\\/keramamueblesdejardin.com\\\/wp-content\\\/uploads\\\/2023\\\/06\\\/base-parasol-acacia.jpg\",\"datePublished\":\"2023-06-07T11:01:57+00:00\",\"dateModified\":\"2024-08-05T13:00:27+00:00\",\"breadcrumb\":{\"@id\":\"https:\\\/\\\/keramamueblesdejardin.com\\\/en\\\/parasols-and-pergolas\\\/parasol-bases\\\/base-parasol-wood-round-15-kg-kilo\\\/#breadcrumb\"},\"inLanguage\":\"en-US\",\"potentialAction\":[{\"@type\":\"ReadAction\",\"target\":[\"https:\\\/\\\/keramamueblesdejardin.com\\\/en\\\/parasols-and-pergolas\\\/parasol-bases\\\/base-parasol-wood-round-15-kg-kilo\\\/\"]}]},{\"@type\":\"ImageObject\",\"inLanguage\":\"en-US\",\"@id\":\"https:\\\/\\\/keramamueblesdejardin.com\\\/en\\\/parasols-and-pergolas\\\/parasol-bases\\\/base-parasol-wood-round-15-kg-kilo\\\/#primaryimage\",\"url\":\"https:\\\/\\\/keramamueblesdejardin.com\\\/wp-content\\\/uploads\\\/2023\\\/06\\\/base-parasol-acacia.jpg\",\"contentUrl\":\"https:\\\/\\\/keramamueblesdejardin.com\\\/wp-content\\\/uploads\\\/2023\\\/06\\\/base-parasol-acacia.jpg\",\"width\":1200,\"height\":1200},{\"@type\":\"BreadcrumbList\",\"@id\":\"https:\\\/\\\/keramamueblesdejardin.com\\\/en\\\/parasols-and-pergolas\\\/parasol-bases\\\/base-parasol-wood-round-15-kg-kilo\\\/#breadcrumb\",\"itemListElement\":[{\"@type\":\"ListItem\",\"position\":1,\"name\":\"Home\",\"item\":\"https:\\\/\\\/keramamueblesdejardin.com\\\/en\\\/\"},{\"@type\":\"ListItem\",\"position\":2,\"name\":\"Shop\",\"item\":\"https:\\\/\\\/keramamueblesdejardin.com\\\/tienda\\\/\"},{\"@type\":\"ListItem\",\"position\":3,\"name\":\"Parasols and pergolas\",\"item\":\"https:\\\/\\\/keramamueblesdejardin.com\\\/en\\\/parasols-and-pergolas\\\/\"},{\"@type\":\"ListItem\",\"position\":4,\"name\":\"Parasol bases\",\"item\":\"https:\\\/\\\/keramamueblesdejardin.com\\\/en\\\/parasols-and-pergolas\\\/parasol-bases\\\/\"},{\"@type\":\"ListItem\",\"position\":5,\"name\":\"Base parasol round wood 15 kg &#8211; Kilo\"}]},{\"@type\":\"WebSite\",\"@id\":\"https:\\\/\\\/keramamueblesdejardin.com\\\/en\\\/#website\",\"url\":\"https:\\\/\\\/keramamueblesdejardin.com\\\/en\\\/\",\"name\":\"Kerama\",\"description\":\"muebles de jard\u00edn\",\"publisher\":{\"@id\":\"https:\\\/\\\/keramamueblesdejardin.com\\\/en\\\/#organization\"},\"potentialAction\":[{\"@type\":\"SearchAction\",\"target\":{\"@type\":\"EntryPoint\",\"urlTemplate\":\"https:\\\/\\\/keramamueblesdejardin.com\\\/en\\\/?s={search_term_string}\"},\"query-input\":{\"@type\":\"PropertyValueSpecification\",\"valueRequired\":true,\"valueName\":\"search_term_string\"}}],\"inLanguage\":\"en-US\"},{\"@type\":\"Organization\",\"@id\":\"https:\\\/\\\/keramamueblesdejardin.com\\\/en\\\/#organization\",\"name\":\"kerama\",\"url\":\"https:\\\/\\\/keramamueblesdejardin.com\\\/en\\\/\",\"logo\":{\"@type\":\"ImageObject\",\"inLanguage\":\"en-US\",\"@id\":\"https:\\\/\\\/keramamueblesdejardin.com\\\/en\\\/#\\\/schema\\\/logo\\\/image\\\/\",\"url\":\"https:\\\/\\\/keramamueblesdejardin.com\\\/wp-content\\\/uploads\\\/2020\\\/12\\\/k.-scaled.jpg\",\"contentUrl\":\"https:\\\/\\\/keramamueblesdejardin.com\\\/wp-content\\\/uploads\\\/2020\\\/12\\\/k.-scaled.jpg\",\"width\":2560,\"height\":551,\"caption\":\"kerama\"},\"image\":{\"@id\":\"https:\\\/\\\/keramamueblesdejardin.com\\\/en\\\/#\\\/schema\\\/logo\\\/image\\\/\"},\"sameAs\":[\"https:\\\/\\\/www.facebook.com\\\/Kerama-Muebles-de-Jard\u00edn-106209328312568\\\/\"]}]}<\/script>\n<!-- \/ Yoast SEO plugin. -->","yoast_head_json":{"title":"Base parasol round wood 15 kg - Kilo - Kerama","robots":{"index":"index","follow":"follow","max-snippet":"max-snippet:-1","max-image-preview":"max-image-preview:large","max-video-preview":"max-video-preview:-1"},"canonical":"https:\/\/keramamueblesdejardin.com\/en\/parasols-and-pergolas\/parasol-bases\/base-parasol-wood-round-15-kg-kilo\/","og_locale":"en_US","og_type":"article","og_title":"Base parasol round wood 15 kg - Kilo - Kerama","og_description":"15kg round parasol base Made of FSC wood","og_url":"https:\/\/keramamueblesdejardin.com\/en\/parasols-and-pergolas\/parasol-bases\/base-parasol-wood-round-15-kg-kilo\/","og_site_name":"Kerama","article_publisher":"https:\/\/www.facebook.com\/Kerama-Muebles-de-Jard%c3%adn-106209328312568\/","article_modified_time":"2024-08-05T13:00:27+00:00","og_image":[{"width":1200,"height":1200,"url":"https:\/\/keramamueblesdejardin.com\/wp-content\/uploads\/2023\/06\/base-parasol-acacia.jpg","type":"image\/jpeg"}],"twitter_card":"summary_large_image","schema":{"@context":"https:\/\/schema.org","@graph":[{"@type":"WebPage","@id":"https:\/\/keramamueblesdejardin.com\/en\/parasols-and-pergolas\/parasol-bases\/base-parasol-wood-round-15-kg-kilo\/","url":"https:\/\/keramamueblesdejardin.com\/en\/parasols-and-pergolas\/parasol-bases\/base-parasol-wood-round-15-kg-kilo\/","name":"Base parasol round wood 15 kg - Kilo - Kerama","isPartOf":{"@id":"https:\/\/keramamueblesdejardin.com\/en\/#website"},"primaryImageOfPage":{"@id":"https:\/\/keramamueblesdejardin.com\/en\/parasols-and-pergolas\/parasol-bases\/base-parasol-wood-round-15-kg-kilo\/#primaryimage"},"image":{"@id":"https:\/\/keramamueblesdejardin.com\/en\/parasols-and-pergolas\/parasol-bases\/base-parasol-wood-round-15-kg-kilo\/#primaryimage"},"thumbnailUrl":"https:\/\/keramamueblesdejardin.com\/wp-content\/uploads\/2023\/06\/base-parasol-acacia.jpg","datePublished":"2023-06-07T11:01:57+00:00","dateModified":"2024-08-05T13:00:27+00:00","breadcrumb":{"@id":"https:\/\/keramamueblesdejardin.com\/en\/parasols-and-pergolas\/parasol-bases\/base-parasol-wood-round-15-kg-kilo\/#breadcrumb"},"inLanguage":"en-US","potentialAction":[{"@type":"ReadAction","target":["https:\/\/keramamueblesdejardin.com\/en\/parasols-and-pergolas\/parasol-bases\/base-parasol-wood-round-15-kg-kilo\/"]}]},{"@type":"ImageObject","inLanguage":"en-US","@id":"https:\/\/keramamueblesdejardin.com\/en\/parasols-and-pergolas\/parasol-bases\/base-parasol-wood-round-15-kg-kilo\/#primaryimage","url":"https:\/\/keramamueblesdejardin.com\/wp-content\/uploads\/2023\/06\/base-parasol-acacia.jpg","contentUrl":"https:\/\/keramamueblesdejardin.com\/wp-content\/uploads\/2023\/06\/base-parasol-acacia.jpg","width":1200,"height":1200},{"@type":"BreadcrumbList","@id":"https:\/\/keramamueblesdejardin.com\/en\/parasols-and-pergolas\/parasol-bases\/base-parasol-wood-round-15-kg-kilo\/#breadcrumb","itemListElement":[{"@type":"ListItem","position":1,"name":"Home","item":"https:\/\/keramamueblesdejardin.com\/en\/"},{"@type":"ListItem","position":2,"name":"Shop","item":"https:\/\/keramamueblesdejardin.com\/tienda\/"},{"@type":"ListItem","position":3,"name":"Parasols and pergolas","item":"https:\/\/keramamueblesdejardin.com\/en\/parasols-and-pergolas\/"},{"@type":"ListItem","position":4,"name":"Parasol bases","item":"https:\/\/keramamueblesdejardin.com\/en\/parasols-and-pergolas\/parasol-bases\/"},{"@type":"ListItem","position":5,"name":"Base parasol round wood 15 kg &#8211; Kilo"}]},{"@type":"WebSite","@id":"https:\/\/keramamueblesdejardin.com\/en\/#website","url":"https:\/\/keramamueblesdejardin.com\/en\/","name":"Kerama","description":"muebles de jard\u00edn","publisher":{"@id":"https:\/\/keramamueblesdejardin.com\/en\/#organization"},"potentialAction":[{"@type":"SearchAction","target":{"@type":"EntryPoint","urlTemplate":"https:\/\/keramamueblesdejardin.com\/en\/?s={search_term_string}"},"query-input":{"@type":"PropertyValueSpecification","valueRequired":true,"valueName":"search_term_string"}}],"inLanguage":"en-US"},{"@type":"Organization","@id":"https:\/\/keramamueblesdejardin.com\/en\/#organization","name":"kerama","url":"https:\/\/keramamueblesdejardin.com\/en\/","logo":{"@type":"ImageObject","inLanguage":"en-US","@id":"https:\/\/keramamueblesdejardin.com\/en\/#\/schema\/logo\/image\/","url":"https:\/\/keramamueblesdejardin.com\/wp-content\/uploads\/2020\/12\/k.-scaled.jpg","contentUrl":"https:\/\/keramamueblesdejardin.com\/wp-content\/uploads\/2020\/12\/k.-scaled.jpg","width":2560,"height":551,"caption":"kerama"},"image":{"@id":"https:\/\/keramamueblesdejardin.com\/en\/#\/schema\/logo\/image\/"},"sameAs":["https:\/\/www.facebook.com\/Kerama-Muebles-de-Jard\u00edn-106209328312568\/"]}]}},"df_price":89,"df_sale_price":89,"df_regular_price":116,"df_image_link":"https:\/\/keramamueblesdejardin.com\/wp-content\/uploads\/2023\/06\/base-parasol-acacia-300x300.jpg","custom_tabs":[{"title":"UNPACKING AND ASSEMBLY","id":"unpacking-and-assembly","content":"<div class=\"list\"><strong style=\"font-weight: bold; color: #282828;\">Recommendations for unpacking:<\/strong><span style=\"color: #282828;\"> Do not use sharp utensils when unpacking the furniture as this may cause damage.<\/span><br style=\"color: #282828;\"><strong style=\"font-weight: bold; color: #282828;\">Mounting required (Y\/N):<\/strong><span style=\"color: #282828;\"> No<\/span><\/div>"},{"title":"MAINTENANCE AND WARRANTIES","id":"maintenance-and-warranties","content":"<strong>General recommendations:<\/strong>\n\u2022 Breakdowns or damage caused by:\n\u2022 Accidental causes such as falls, blows, spillage of liquids, introduction of foreign bodies, as well as any other force majeure.\n\u2022 Negligent, improper, or non-domestic use.\n\u2022 Accelerated damage, corrosion and\/or oxidation due to adverse environmental conditions\n\u2022 Stains and discolorations due to non-respect of our cleaning instructions\n\u2022 Damage occurred during assembly and handling without having followed the indicated assembly instructions.\n<strong>Instructions for use and maintenance:<\/strong>\n\u2022 Clean with the help of a cloth gently or use a neutral liquid soap, rinsing with plenty of water.\n\u2022 Remove dust regularly with the help of a soft cloth and clear water.\n\u2022 Do not use detergents or abrasive products for cleaning.\n- Linseed oil treatment: Before applying a layer of linseed oil on the product in its natural state, it is advisable to leave it outside for 2 or 3 weeks, so that it takes on a homogeneous appearance and aerate it. Clean with clean water using a brush and allow to dry. Once it is well dry, it should be sanded with a sheet of sandpaper between 120 and 150 grams, carefully and loosely, following, as far as possible, the direction of the veins; this operation should never be carried out in the early hours of the day.\nTo maintain the color, it is advisable to repeat the process once or twice a year.\nIf the linseed oil has already been applied to the furniture, it is advisable to sand it every three years so that the successive coats of oil do not prevent the wood from transpiring.\n<strong>Years warranty:<\/strong> 3 years\n<strong>Manufactured according to Standard:<\/strong> 581-1,581-2,581-3\n<strong>FSC certification (yes\/no):<\/strong> Yes"}],"_links":{"self":[{"href":"https:\/\/keramamueblesdejardin.com\/en\/wp-json\/wp\/v2\/product\/121147","targetHints":{"allow":["GET"]}}],"collection":[{"href":"https:\/\/keramamueblesdejardin.com\/en\/wp-json\/wp\/v2\/product"}],"about":[{"href":"https:\/\/keramamueblesdejardin.com\/en\/wp-json\/wp\/v2\/types\/product"}],"replies":[{"embeddable":true,"href":"https:\/\/keramamueblesdejardin.com\/en\/wp-json\/wp\/v2\/comments?post=121147"}],"wp:featuredmedia":[{"embeddable":true,"href":"https:\/\/keramamueblesdejardin.com\/en\/wp-json\/wp\/v2\/media\/126269"}],"wp:attachment":[{"href":"https:\/\/keramamueblesdejardin.com\/en\/wp-json\/wp\/v2\/media?parent=121147"}],"wp:term":[{"taxonomy":"product_brand","embeddable":true,"href":"https:\/\/keramamueblesdejardin.com\/en\/wp-json\/wp\/v2\/product_brand?post=121147"},{"taxonomy":"product_cat","embeddable":true,"href":"https:\/\/keramamueblesdejardin.com\/en\/wp-json\/wp\/v2\/product_cat?post=121147"},{"taxonomy":"product_tag","embeddable":true,"href":"https:\/\/keramamueblesdejardin.com\/en\/wp-json\/wp\/v2\/product_tag?post=121147"}],"curies":[{"name":"wp","href":"https:\/\/api.w.org\/{rel}","templated":true}]}}