{"id":217772,"date":"2026-01-15T21:42:53","date_gmt":"2026-01-15T20:42:53","guid":{"rendered":"https:\/\/keramamueblesdejardin.com\/unkategorisiert\/set-2-sessel-mit-2-fussstuetzen-und-einen-beistelltisch-aus-teakholz-und-rattan-delfos\/"},"modified":"2026-05-12T16:32:13","modified_gmt":"2026-05-12T14:32:13","slug":"set-2-sessel-mit-2-fussstuetzen-und-einen-beistelltisch-aus-teakholz-und-rattan-delfos","status":"publish","type":"product","link":"https:\/\/keramamueblesdejardin.com\/de\/lounges-im-freien\/garten-sets\/set-2-sessel-mit-2-fussstuetzen-und-einen-beistelltisch-aus-teakholz-und-rattan-delfos\/","title":{"rendered":"Set 2 Sessel mit 2 Fu\u00dfst\u00fctzen und einen Beistelltisch aus Teakholz und Rattan \u2013 Delfos"},"content":{"rendered":"<p>0<\/p>\n","protected":false},"excerpt":{"rendered":"<ul>\n<li>2-Sitzer-Au\u00dfenset mit Fu\u00dfst\u00fctze<\/li>\n<li>Teakholzstruktur<\/li>\n<li>Handgeflochtenes synthetisches Rattanseil<\/li>\n<li>Abnehmbare Polster<\/li>\n<li>Sessel: 73x89x85cm, Fu\u00dfst\u00fctze: 55x41x41cm, Tisch: 45x40cm<\/li>\n<\/ul>\n","protected":false},"featured_media":217505,"comment_status":"closed","ping_status":"closed","template":"","meta":{"_acf_changed":false},"product_brand":[],"product_cat":[3233,3234],"product_tag":[6446,3264,3284],"class_list":{"0":"post-217772","1":"product","2":"type-product","3":"status-publish","4":"has-post-thumbnail","6":"product_cat-garten-sets","7":"product_cat-lounges-im-freien","8":"product_tag-delphi","9":"product_tag-holz","10":"product_tag-rattan-de","11":"product_shipping_class-envio-gratuito-de","13":"first","14":"instock","15":"sale","16":"purchasable","17":"product-type-simple","18":"add-to-wishlist-before_image"},"acf":[],"yoast_head":"<!-- This site is optimized with the Yoast SEO plugin v27.4 - https:\/\/yoast.com\/product\/yoast-seo-wordpress\/ -->\n<title>Set 2 Sessel mit 2 Fu\u00dfst\u00fctzen und einen Beistelltisch aus Teakholz und Rattan \u2013 Delfos - Kerama<\/title>\n<meta name=\"robots\" content=\"index, follow, max-snippet:-1, max-image-preview:large, max-video-preview:-1\" \/>\n<link rel=\"canonical\" href=\"https:\/\/keramamueblesdejardin.com\/de\/lounges-im-freien\/garten-sets\/set-2-sessel-mit-2-fussstuetzen-und-einen-beistelltisch-aus-teakholz-und-rattan-delfos\/\" \/>\n<meta property=\"og:locale\" content=\"de_DE\" \/>\n<meta property=\"og:type\" content=\"article\" \/>\n<meta property=\"og:title\" content=\"Set 2 Sessel mit 2 Fu\u00dfst\u00fctzen und einen Beistelltisch aus Teakholz und Rattan \u2013 Delfos - Kerama\" \/>\n<meta property=\"og:description\" content=\"2-Sitzer-Au\u00dfenset mit Fu\u00dfst\u00fctze  Teakholzstruktur  Handgeflochtenes synthetisches Rattanseil  Abnehmbare Polster  Sessel: 73x89x85cm, Fu\u00dfst\u00fctze: 55x41x41cm, Tisch: 45x40cm\" \/>\n<meta property=\"og:url\" content=\"https:\/\/keramamueblesdejardin.com\/de\/lounges-im-freien\/garten-sets\/set-2-sessel-mit-2-fussstuetzen-und-einen-beistelltisch-aus-teakholz-und-rattan-delfos\/\" \/>\n<meta property=\"og:site_name\" content=\"Kerama\" \/>\n<meta property=\"article:publisher\" content=\"https:\/\/www.facebook.com\/Kerama-Muebles-de-Jard%c3%adn-106209328312568\/\" \/>\n<meta property=\"article:modified_time\" content=\"2026-05-12T14:32:13+00:00\" \/>\n<meta property=\"og:image\" content=\"https:\/\/keramamueblesdejardin.com\/wp-content\/uploads\/2026\/01\/delfos.webp\" \/>\n\t<meta property=\"og:image:width\" content=\"1200\" \/>\n\t<meta property=\"og:image:height\" content=\"1200\" \/>\n\t<meta property=\"og:image:type\" content=\"image\/webp\" \/>\n<meta name=\"twitter:card\" content=\"summary_large_image\" \/>\n<meta name=\"twitter:label1\" content=\"Gesch\u00e4tzte Lesezeit\" \/>\n\t<meta name=\"twitter:data1\" content=\"1\u00a0Minute\" \/>\n<script type=\"application\/ld+json\" class=\"yoast-schema-graph\">{\"@context\":\"https:\\\/\\\/schema.org\",\"@graph\":[{\"@type\":\"WebPage\",\"@id\":\"https:\\\/\\\/keramamueblesdejardin.com\\\/de\\\/lounges-im-freien\\\/garten-sets\\\/set-2-sessel-mit-2-fussstuetzen-und-einen-beistelltisch-aus-teakholz-und-rattan-delfos\\\/\",\"url\":\"https:\\\/\\\/keramamueblesdejardin.com\\\/de\\\/lounges-im-freien\\\/garten-sets\\\/set-2-sessel-mit-2-fussstuetzen-und-einen-beistelltisch-aus-teakholz-und-rattan-delfos\\\/\",\"name\":\"Set 2 Sessel mit 2 Fu\u00dfst\u00fctzen und einen Beistelltisch aus Teakholz und Rattan \u2013 Delfos - Kerama\",\"isPartOf\":{\"@id\":\"https:\\\/\\\/keramamueblesdejardin.com\\\/de\\\/#website\"},\"primaryImageOfPage\":{\"@id\":\"https:\\\/\\\/keramamueblesdejardin.com\\\/de\\\/lounges-im-freien\\\/garten-sets\\\/set-2-sessel-mit-2-fussstuetzen-und-einen-beistelltisch-aus-teakholz-und-rattan-delfos\\\/#primaryimage\"},\"image\":{\"@id\":\"https:\\\/\\\/keramamueblesdejardin.com\\\/de\\\/lounges-im-freien\\\/garten-sets\\\/set-2-sessel-mit-2-fussstuetzen-und-einen-beistelltisch-aus-teakholz-und-rattan-delfos\\\/#primaryimage\"},\"thumbnailUrl\":\"https:\\\/\\\/keramamueblesdejardin.com\\\/wp-content\\\/uploads\\\/2026\\\/01\\\/delfos.webp\",\"datePublished\":\"2026-01-15T20:42:53+00:00\",\"dateModified\":\"2026-05-12T14:32:13+00:00\",\"breadcrumb\":{\"@id\":\"https:\\\/\\\/keramamueblesdejardin.com\\\/de\\\/lounges-im-freien\\\/garten-sets\\\/set-2-sessel-mit-2-fussstuetzen-und-einen-beistelltisch-aus-teakholz-und-rattan-delfos\\\/#breadcrumb\"},\"inLanguage\":\"de\",\"potentialAction\":[{\"@type\":\"ReadAction\",\"target\":[\"https:\\\/\\\/keramamueblesdejardin.com\\\/de\\\/lounges-im-freien\\\/garten-sets\\\/set-2-sessel-mit-2-fussstuetzen-und-einen-beistelltisch-aus-teakholz-und-rattan-delfos\\\/\"]}]},{\"@type\":\"ImageObject\",\"inLanguage\":\"de\",\"@id\":\"https:\\\/\\\/keramamueblesdejardin.com\\\/de\\\/lounges-im-freien\\\/garten-sets\\\/set-2-sessel-mit-2-fussstuetzen-und-einen-beistelltisch-aus-teakholz-und-rattan-delfos\\\/#primaryimage\",\"url\":\"https:\\\/\\\/keramamueblesdejardin.com\\\/wp-content\\\/uploads\\\/2026\\\/01\\\/delfos.webp\",\"contentUrl\":\"https:\\\/\\\/keramamueblesdejardin.com\\\/wp-content\\\/uploads\\\/2026\\\/01\\\/delfos.webp\",\"width\":1200,\"height\":1200},{\"@type\":\"BreadcrumbList\",\"@id\":\"https:\\\/\\\/keramamueblesdejardin.com\\\/de\\\/lounges-im-freien\\\/garten-sets\\\/set-2-sessel-mit-2-fussstuetzen-und-einen-beistelltisch-aus-teakholz-und-rattan-delfos\\\/#breadcrumb\",\"itemListElement\":[{\"@type\":\"ListItem\",\"position\":1,\"name\":\"Home\",\"item\":\"https:\\\/\\\/keramamueblesdejardin.com\\\/de\\\/\"},{\"@type\":\"ListItem\",\"position\":2,\"name\":\"Laden\",\"item\":\"https:\\\/\\\/keramamueblesdejardin.com\\\/de\\\/laden\\\/\"},{\"@type\":\"ListItem\",\"position\":3,\"name\":\"Lounges im Freien\",\"item\":\"https:\\\/\\\/keramamueblesdejardin.com\\\/de\\\/lounges-im-freien\\\/\"},{\"@type\":\"ListItem\",\"position\":4,\"name\":\"Garten-Sets\",\"item\":\"https:\\\/\\\/keramamueblesdejardin.com\\\/de\\\/lounges-im-freien\\\/garten-sets\\\/\"},{\"@type\":\"ListItem\",\"position\":5,\"name\":\"Set 2 Sessel mit 2 Fu\u00dfst\u00fctzen und einen Beistelltisch aus Teakholz und Rattan \u2013 Delfos\"}]},{\"@type\":\"WebSite\",\"@id\":\"https:\\\/\\\/keramamueblesdejardin.com\\\/de\\\/#website\",\"url\":\"https:\\\/\\\/keramamueblesdejardin.com\\\/de\\\/\",\"name\":\"Kerama\",\"description\":\"muebles de jard\u00edn\",\"publisher\":{\"@id\":\"https:\\\/\\\/keramamueblesdejardin.com\\\/de\\\/#organization\"},\"potentialAction\":[{\"@type\":\"SearchAction\",\"target\":{\"@type\":\"EntryPoint\",\"urlTemplate\":\"https:\\\/\\\/keramamueblesdejardin.com\\\/de\\\/?s={search_term_string}\"},\"query-input\":{\"@type\":\"PropertyValueSpecification\",\"valueRequired\":true,\"valueName\":\"search_term_string\"}}],\"inLanguage\":\"de\"},{\"@type\":\"Organization\",\"@id\":\"https:\\\/\\\/keramamueblesdejardin.com\\\/de\\\/#organization\",\"name\":\"kerama\",\"url\":\"https:\\\/\\\/keramamueblesdejardin.com\\\/de\\\/\",\"logo\":{\"@type\":\"ImageObject\",\"inLanguage\":\"de\",\"@id\":\"https:\\\/\\\/keramamueblesdejardin.com\\\/de\\\/#\\\/schema\\\/logo\\\/image\\\/\",\"url\":\"https:\\\/\\\/keramamueblesdejardin.com\\\/wp-content\\\/uploads\\\/2020\\\/12\\\/k.-scaled.jpg\",\"contentUrl\":\"https:\\\/\\\/keramamueblesdejardin.com\\\/wp-content\\\/uploads\\\/2020\\\/12\\\/k.-scaled.jpg\",\"width\":2560,\"height\":551,\"caption\":\"kerama\"},\"image\":{\"@id\":\"https:\\\/\\\/keramamueblesdejardin.com\\\/de\\\/#\\\/schema\\\/logo\\\/image\\\/\"},\"sameAs\":[\"https:\\\/\\\/www.facebook.com\\\/Kerama-Muebles-de-Jard\u00edn-106209328312568\\\/\"]}]}<\/script>\n<!-- \/ Yoast SEO plugin. -->","yoast_head_json":{"title":"Set 2 Sessel mit 2 Fu\u00dfst\u00fctzen und einen Beistelltisch aus Teakholz und Rattan \u2013 Delfos - Kerama","robots":{"index":"index","follow":"follow","max-snippet":"max-snippet:-1","max-image-preview":"max-image-preview:large","max-video-preview":"max-video-preview:-1"},"canonical":"https:\/\/keramamueblesdejardin.com\/de\/lounges-im-freien\/garten-sets\/set-2-sessel-mit-2-fussstuetzen-und-einen-beistelltisch-aus-teakholz-und-rattan-delfos\/","og_locale":"de_DE","og_type":"article","og_title":"Set 2 Sessel mit 2 Fu\u00dfst\u00fctzen und einen Beistelltisch aus Teakholz und Rattan \u2013 Delfos - Kerama","og_description":"2-Sitzer-Au\u00dfenset mit Fu\u00dfst\u00fctze  Teakholzstruktur  Handgeflochtenes synthetisches Rattanseil  Abnehmbare Polster  Sessel: 73x89x85cm, Fu\u00dfst\u00fctze: 55x41x41cm, Tisch: 45x40cm","og_url":"https:\/\/keramamueblesdejardin.com\/de\/lounges-im-freien\/garten-sets\/set-2-sessel-mit-2-fussstuetzen-und-einen-beistelltisch-aus-teakholz-und-rattan-delfos\/","og_site_name":"Kerama","article_publisher":"https:\/\/www.facebook.com\/Kerama-Muebles-de-Jard%c3%adn-106209328312568\/","article_modified_time":"2026-05-12T14:32:13+00:00","og_image":[{"width":1200,"height":1200,"url":"https:\/\/keramamueblesdejardin.com\/wp-content\/uploads\/2026\/01\/delfos.webp","type":"image\/webp"}],"twitter_card":"summary_large_image","twitter_misc":{"Gesch\u00e4tzte Lesezeit":"1\u00a0Minute"},"schema":{"@context":"https:\/\/schema.org","@graph":[{"@type":"WebPage","@id":"https:\/\/keramamueblesdejardin.com\/de\/lounges-im-freien\/garten-sets\/set-2-sessel-mit-2-fussstuetzen-und-einen-beistelltisch-aus-teakholz-und-rattan-delfos\/","url":"https:\/\/keramamueblesdejardin.com\/de\/lounges-im-freien\/garten-sets\/set-2-sessel-mit-2-fussstuetzen-und-einen-beistelltisch-aus-teakholz-und-rattan-delfos\/","name":"Set 2 Sessel mit 2 Fu\u00dfst\u00fctzen und einen Beistelltisch aus Teakholz und Rattan \u2013 Delfos - Kerama","isPartOf":{"@id":"https:\/\/keramamueblesdejardin.com\/de\/#website"},"primaryImageOfPage":{"@id":"https:\/\/keramamueblesdejardin.com\/de\/lounges-im-freien\/garten-sets\/set-2-sessel-mit-2-fussstuetzen-und-einen-beistelltisch-aus-teakholz-und-rattan-delfos\/#primaryimage"},"image":{"@id":"https:\/\/keramamueblesdejardin.com\/de\/lounges-im-freien\/garten-sets\/set-2-sessel-mit-2-fussstuetzen-und-einen-beistelltisch-aus-teakholz-und-rattan-delfos\/#primaryimage"},"thumbnailUrl":"https:\/\/keramamueblesdejardin.com\/wp-content\/uploads\/2026\/01\/delfos.webp","datePublished":"2026-01-15T20:42:53+00:00","dateModified":"2026-05-12T14:32:13+00:00","breadcrumb":{"@id":"https:\/\/keramamueblesdejardin.com\/de\/lounges-im-freien\/garten-sets\/set-2-sessel-mit-2-fussstuetzen-und-einen-beistelltisch-aus-teakholz-und-rattan-delfos\/#breadcrumb"},"inLanguage":"de","potentialAction":[{"@type":"ReadAction","target":["https:\/\/keramamueblesdejardin.com\/de\/lounges-im-freien\/garten-sets\/set-2-sessel-mit-2-fussstuetzen-und-einen-beistelltisch-aus-teakholz-und-rattan-delfos\/"]}]},{"@type":"ImageObject","inLanguage":"de","@id":"https:\/\/keramamueblesdejardin.com\/de\/lounges-im-freien\/garten-sets\/set-2-sessel-mit-2-fussstuetzen-und-einen-beistelltisch-aus-teakholz-und-rattan-delfos\/#primaryimage","url":"https:\/\/keramamueblesdejardin.com\/wp-content\/uploads\/2026\/01\/delfos.webp","contentUrl":"https:\/\/keramamueblesdejardin.com\/wp-content\/uploads\/2026\/01\/delfos.webp","width":1200,"height":1200},{"@type":"BreadcrumbList","@id":"https:\/\/keramamueblesdejardin.com\/de\/lounges-im-freien\/garten-sets\/set-2-sessel-mit-2-fussstuetzen-und-einen-beistelltisch-aus-teakholz-und-rattan-delfos\/#breadcrumb","itemListElement":[{"@type":"ListItem","position":1,"name":"Home","item":"https:\/\/keramamueblesdejardin.com\/de\/"},{"@type":"ListItem","position":2,"name":"Laden","item":"https:\/\/keramamueblesdejardin.com\/de\/laden\/"},{"@type":"ListItem","position":3,"name":"Lounges im Freien","item":"https:\/\/keramamueblesdejardin.com\/de\/lounges-im-freien\/"},{"@type":"ListItem","position":4,"name":"Garten-Sets","item":"https:\/\/keramamueblesdejardin.com\/de\/lounges-im-freien\/garten-sets\/"},{"@type":"ListItem","position":5,"name":"Set 2 Sessel mit 2 Fu\u00dfst\u00fctzen und einen Beistelltisch aus Teakholz und Rattan \u2013 Delfos"}]},{"@type":"WebSite","@id":"https:\/\/keramamueblesdejardin.com\/de\/#website","url":"https:\/\/keramamueblesdejardin.com\/de\/","name":"Kerama","description":"muebles de jard\u00edn","publisher":{"@id":"https:\/\/keramamueblesdejardin.com\/de\/#organization"},"potentialAction":[{"@type":"SearchAction","target":{"@type":"EntryPoint","urlTemplate":"https:\/\/keramamueblesdejardin.com\/de\/?s={search_term_string}"},"query-input":{"@type":"PropertyValueSpecification","valueRequired":true,"valueName":"search_term_string"}}],"inLanguage":"de"},{"@type":"Organization","@id":"https:\/\/keramamueblesdejardin.com\/de\/#organization","name":"kerama","url":"https:\/\/keramamueblesdejardin.com\/de\/","logo":{"@type":"ImageObject","inLanguage":"de","@id":"https:\/\/keramamueblesdejardin.com\/de\/#\/schema\/logo\/image\/","url":"https:\/\/keramamueblesdejardin.com\/wp-content\/uploads\/2020\/12\/k.-scaled.jpg","contentUrl":"https:\/\/keramamueblesdejardin.com\/wp-content\/uploads\/2020\/12\/k.-scaled.jpg","width":2560,"height":551,"caption":"kerama"},"image":{"@id":"https:\/\/keramamueblesdejardin.com\/de\/#\/schema\/logo\/image\/"},"sameAs":["https:\/\/www.facebook.com\/Kerama-Muebles-de-Jard\u00edn-106209328312568\/"]}]}},"df_price":2529,"df_sale_price":2529,"df_regular_price":2755,"df_image_link":"https:\/\/keramamueblesdejardin.com\/wp-content\/uploads\/2026\/01\/delfos-300x300.webp","custom_tabs":[{"title":"MESSUNG","id":"messung","content":"<div class=\"list\">\r\n<div class=\"list\"><strong>H\u00f6he: <\/strong> Sessel: 85 cm \/ Fu\u00dfst\u00fctze: 41 cm \/ Tisch: 40 cm<\/div>\r\n<div class=\"list\"><strong>Breite: <\/strong> Sessel: 73 cm \/ Fu\u00dfst\u00fctze: 55 cm \/ Tisch: 45 cm<\/div>\r\n<div class=\"list\"><strong>Tiefe: <\/strong> Sessel: 89 cm \/ Fu\u00dfst\u00fctze: 41 cm \/ Tisch: 45 cm<\/div>\r\n<\/div>"},{"title":"AUSPACKEN UND MONTIEREN","id":"auspacken-und-montieren","content":"<div class=\"list\"><strong style=\"font-weight: bold; color: #282828;\">Empfehlungen zum Auspacken:<\/strong><span style=\"color: #282828;\"> Verwenden Sie beim Auspacken der M\u00f6bel keine scharfen Utensilien, da dies Sch\u00e4den verursachen k\u00f6nnte<\/span><br style=\"color: #282828;\"\/><strong style=\"font-weight: bold; color: #282828;\">Montage erforderlich (ja\/nein):<\/strong><span style=\"color: #282828;\"> Nein<\/span><\/div>"}],"_links":{"self":[{"href":"https:\/\/keramamueblesdejardin.com\/de\/wp-json\/wp\/v2\/product\/217772","targetHints":{"allow":["GET"]}}],"collection":[{"href":"https:\/\/keramamueblesdejardin.com\/de\/wp-json\/wp\/v2\/product"}],"about":[{"href":"https:\/\/keramamueblesdejardin.com\/de\/wp-json\/wp\/v2\/types\/product"}],"replies":[{"embeddable":true,"href":"https:\/\/keramamueblesdejardin.com\/de\/wp-json\/wp\/v2\/comments?post=217772"}],"wp:featuredmedia":[{"embeddable":true,"href":"https:\/\/keramamueblesdejardin.com\/de\/wp-json\/wp\/v2\/media\/217505"}],"wp:attachment":[{"href":"https:\/\/keramamueblesdejardin.com\/de\/wp-json\/wp\/v2\/media?parent=217772"}],"wp:term":[{"taxonomy":"product_brand","embeddable":true,"href":"https:\/\/keramamueblesdejardin.com\/de\/wp-json\/wp\/v2\/product_brand?post=217772"},{"taxonomy":"product_cat","embeddable":true,"href":"https:\/\/keramamueblesdejardin.com\/de\/wp-json\/wp\/v2\/product_cat?post=217772"},{"taxonomy":"product_tag","embeddable":true,"href":"https:\/\/keramamueblesdejardin.com\/de\/wp-json\/wp\/v2\/product_tag?post=217772"}],"curies":[{"name":"wp","href":"https:\/\/api.w.org\/{rel}","templated":true}]}}