{"id":216835,"date":"2026-04-02T10:53:37","date_gmt":"2026-04-02T08:53:37","guid":{"rendered":"https:\/\/keramamueblesdejardin.com\/unkategorisiert\/packung-mit-2-schnell-trocknenden-weissen-aluminium-und-textilliegeloungen-rena\/"},"modified":"2026-04-02T10:53:37","modified_gmt":"2026-04-02T08:53:37","slug":"packung-mit-2-schnell-trocknenden-weissen-aluminium-und-textilliegeloungen-rena","status":"publish","type":"product","link":"https:\/\/keramamueblesdejardin.com\/de\/liegestuhle-und-ruhe\/packung-mit-2-schnell-trocknenden-weissen-aluminium-und-textilliegeloungen-rena\/","title":{"rendered":"Packung mit 2 schnell trocknenden wei\u00dfen Aluminium- und Textilliegeloungen \u2013 Rena"},"content":{"rendered":"<p>Ein Paket aus zwei Aluminium-Liegepl\u00e4tzen mit R\u00e4dern aus gepolstertem Textilen und schnell trocknender Schaumf\u00fcllung.<\/p>\n<p>Ma\u00dfe: 197x68x40 cm<\/p>\n","protected":false},"excerpt":{"rendered":"<ul>\n<li>Packung aus 2 Aluminium- und beigefarbenen Textilen-Sonnenliege<\/li>\n<li>Aluminiumrahmen mit R\u00e4dern<\/li>\n<li>Textilen, gepolstert mit schnell trocknendem Schaum<\/li>\n<li>Ma\u00dfe: 197x68x40 cm<\/li>\n<\/ul>\n","protected":false},"featured_media":216823,"comment_status":"open","ping_status":"closed","template":"","meta":{"_acf_changed":false},"product_brand":[],"product_cat":[3237,3236],"product_tag":[],"class_list":{"0":"post-216835","1":"product","2":"type-product","3":"status-publish","4":"has-post-thumbnail","6":"product_cat-liegen","7":"product_cat-liegestuhle-und-ruhe","9":"first","10":"instock","11":"sale","12":"shipping-taxable","13":"purchasable","14":"product-type-simple","15":"add-to-wishlist-before_image"},"acf":[],"yoast_head":"<!-- This site is optimized with the Yoast SEO plugin v27.4 - https:\/\/yoast.com\/product\/yoast-seo-wordpress\/ -->\n<title>Packung mit 2 schnell trocknenden wei\u00dfen Aluminium- und Textilliegeloungen \u2013 Rena - Kerama<\/title>\n<meta name=\"robots\" content=\"index, follow, max-snippet:-1, max-image-preview:large, max-video-preview:-1\" \/>\n<link rel=\"canonical\" href=\"https:\/\/keramamueblesdejardin.com\/de\/liegestuhle-und-ruhe\/packung-mit-2-schnell-trocknenden-weissen-aluminium-und-textilliegeloungen-rena\/\" \/>\n<meta property=\"og:locale\" content=\"de_DE\" \/>\n<meta property=\"og:type\" content=\"article\" \/>\n<meta property=\"og:title\" content=\"Packung mit 2 schnell trocknenden wei\u00dfen Aluminium- und Textilliegeloungen \u2013 Rena - Kerama\" \/>\n<meta property=\"og:description\" content=\"Packung aus 2 Aluminium- und beigefarbenen Textilen-Sonnenliege  Aluminiumrahmen mit R\u00e4dern  Textilen, gepolstert mit schnell trocknendem Schaum  Ma\u00dfe: 197x68x40 cm\" \/>\n<meta property=\"og:url\" content=\"https:\/\/keramamueblesdejardin.com\/de\/liegestuhle-und-ruhe\/packung-mit-2-schnell-trocknenden-weissen-aluminium-und-textilliegeloungen-rena\/\" \/>\n<meta property=\"og:site_name\" content=\"Kerama\" \/>\n<meta property=\"article:publisher\" content=\"https:\/\/www.facebook.com\/Kerama-Muebles-de-Jard%c3%adn-106209328312568\/\" \/>\n<meta property=\"og:image\" content=\"https:\/\/keramamueblesdejardin.com\/wp-content\/uploads\/2026\/04\/s026x2-principal.jpg\" \/>\n\t<meta property=\"og:image:width\" content=\"1200\" \/>\n\t<meta property=\"og:image:height\" content=\"1200\" \/>\n\t<meta property=\"og:image:type\" content=\"image\/jpeg\" \/>\n<meta name=\"twitter:card\" content=\"summary_large_image\" \/>\n<script type=\"application\/ld+json\" class=\"yoast-schema-graph\">{\"@context\":\"https:\\\/\\\/schema.org\",\"@graph\":[{\"@type\":\"WebPage\",\"@id\":\"https:\\\/\\\/keramamueblesdejardin.com\\\/de\\\/liegestuhle-und-ruhe\\\/packung-mit-2-schnell-trocknenden-weissen-aluminium-und-textilliegeloungen-rena\\\/\",\"url\":\"https:\\\/\\\/keramamueblesdejardin.com\\\/de\\\/liegestuhle-und-ruhe\\\/packung-mit-2-schnell-trocknenden-weissen-aluminium-und-textilliegeloungen-rena\\\/\",\"name\":\"Packung mit 2 schnell trocknenden wei\u00dfen Aluminium- und Textilliegeloungen \u2013 Rena - Kerama\",\"isPartOf\":{\"@id\":\"https:\\\/\\\/keramamueblesdejardin.com\\\/de\\\/#website\"},\"primaryImageOfPage\":{\"@id\":\"https:\\\/\\\/keramamueblesdejardin.com\\\/de\\\/liegestuhle-und-ruhe\\\/packung-mit-2-schnell-trocknenden-weissen-aluminium-und-textilliegeloungen-rena\\\/#primaryimage\"},\"image\":{\"@id\":\"https:\\\/\\\/keramamueblesdejardin.com\\\/de\\\/liegestuhle-und-ruhe\\\/packung-mit-2-schnell-trocknenden-weissen-aluminium-und-textilliegeloungen-rena\\\/#primaryimage\"},\"thumbnailUrl\":\"https:\\\/\\\/keramamueblesdejardin.com\\\/wp-content\\\/uploads\\\/2026\\\/04\\\/s026x2-principal.jpg\",\"datePublished\":\"2026-04-02T08:53:37+00:00\",\"breadcrumb\":{\"@id\":\"https:\\\/\\\/keramamueblesdejardin.com\\\/de\\\/liegestuhle-und-ruhe\\\/packung-mit-2-schnell-trocknenden-weissen-aluminium-und-textilliegeloungen-rena\\\/#breadcrumb\"},\"inLanguage\":\"de\",\"potentialAction\":[{\"@type\":\"ReadAction\",\"target\":[\"https:\\\/\\\/keramamueblesdejardin.com\\\/de\\\/liegestuhle-und-ruhe\\\/packung-mit-2-schnell-trocknenden-weissen-aluminium-und-textilliegeloungen-rena\\\/\"]}]},{\"@type\":\"ImageObject\",\"inLanguage\":\"de\",\"@id\":\"https:\\\/\\\/keramamueblesdejardin.com\\\/de\\\/liegestuhle-und-ruhe\\\/packung-mit-2-schnell-trocknenden-weissen-aluminium-und-textilliegeloungen-rena\\\/#primaryimage\",\"url\":\"https:\\\/\\\/keramamueblesdejardin.com\\\/wp-content\\\/uploads\\\/2026\\\/04\\\/s026x2-principal.jpg\",\"contentUrl\":\"https:\\\/\\\/keramamueblesdejardin.com\\\/wp-content\\\/uploads\\\/2026\\\/04\\\/s026x2-principal.jpg\",\"width\":1200,\"height\":1200},{\"@type\":\"BreadcrumbList\",\"@id\":\"https:\\\/\\\/keramamueblesdejardin.com\\\/de\\\/liegestuhle-und-ruhe\\\/packung-mit-2-schnell-trocknenden-weissen-aluminium-und-textilliegeloungen-rena\\\/#breadcrumb\",\"itemListElement\":[{\"@type\":\"ListItem\",\"position\":1,\"name\":\"Home\",\"item\":\"https:\\\/\\\/keramamueblesdejardin.com\\\/de\\\/\"},{\"@type\":\"ListItem\",\"position\":2,\"name\":\"Laden\",\"item\":\"https:\\\/\\\/keramamueblesdejardin.com\\\/de\\\/laden\\\/\"},{\"@type\":\"ListItem\",\"position\":3,\"name\":\"Packung mit 2 schnell trocknenden wei\u00dfen Aluminium- und Textilliegeloungen \u2013 Rena\"}]},{\"@type\":\"WebSite\",\"@id\":\"https:\\\/\\\/keramamueblesdejardin.com\\\/de\\\/#website\",\"url\":\"https:\\\/\\\/keramamueblesdejardin.com\\\/de\\\/\",\"name\":\"Kerama\",\"description\":\"muebles de jard\u00edn\",\"publisher\":{\"@id\":\"https:\\\/\\\/keramamueblesdejardin.com\\\/de\\\/#organization\"},\"potentialAction\":[{\"@type\":\"SearchAction\",\"target\":{\"@type\":\"EntryPoint\",\"urlTemplate\":\"https:\\\/\\\/keramamueblesdejardin.com\\\/de\\\/?s={search_term_string}\"},\"query-input\":{\"@type\":\"PropertyValueSpecification\",\"valueRequired\":true,\"valueName\":\"search_term_string\"}}],\"inLanguage\":\"de\"},{\"@type\":\"Organization\",\"@id\":\"https:\\\/\\\/keramamueblesdejardin.com\\\/de\\\/#organization\",\"name\":\"kerama\",\"url\":\"https:\\\/\\\/keramamueblesdejardin.com\\\/de\\\/\",\"logo\":{\"@type\":\"ImageObject\",\"inLanguage\":\"de\",\"@id\":\"https:\\\/\\\/keramamueblesdejardin.com\\\/de\\\/#\\\/schema\\\/logo\\\/image\\\/\",\"url\":\"https:\\\/\\\/keramamueblesdejardin.com\\\/wp-content\\\/uploads\\\/2020\\\/12\\\/k.-scaled.jpg\",\"contentUrl\":\"https:\\\/\\\/keramamueblesdejardin.com\\\/wp-content\\\/uploads\\\/2020\\\/12\\\/k.-scaled.jpg\",\"width\":2560,\"height\":551,\"caption\":\"kerama\"},\"image\":{\"@id\":\"https:\\\/\\\/keramamueblesdejardin.com\\\/de\\\/#\\\/schema\\\/logo\\\/image\\\/\"},\"sameAs\":[\"https:\\\/\\\/www.facebook.com\\\/Kerama-Muebles-de-Jard\u00edn-106209328312568\\\/\"]}]}<\/script>\n<!-- \/ Yoast SEO plugin. -->","yoast_head_json":{"title":"Packung mit 2 schnell trocknenden wei\u00dfen Aluminium- und Textilliegeloungen \u2013 Rena - Kerama","robots":{"index":"index","follow":"follow","max-snippet":"max-snippet:-1","max-image-preview":"max-image-preview:large","max-video-preview":"max-video-preview:-1"},"canonical":"https:\/\/keramamueblesdejardin.com\/de\/liegestuhle-und-ruhe\/packung-mit-2-schnell-trocknenden-weissen-aluminium-und-textilliegeloungen-rena\/","og_locale":"de_DE","og_type":"article","og_title":"Packung mit 2 schnell trocknenden wei\u00dfen Aluminium- und Textilliegeloungen \u2013 Rena - Kerama","og_description":"Packung aus 2 Aluminium- und beigefarbenen Textilen-Sonnenliege  Aluminiumrahmen mit R\u00e4dern  Textilen, gepolstert mit schnell trocknendem Schaum  Ma\u00dfe: 197x68x40 cm","og_url":"https:\/\/keramamueblesdejardin.com\/de\/liegestuhle-und-ruhe\/packung-mit-2-schnell-trocknenden-weissen-aluminium-und-textilliegeloungen-rena\/","og_site_name":"Kerama","article_publisher":"https:\/\/www.facebook.com\/Kerama-Muebles-de-Jard%c3%adn-106209328312568\/","og_image":[{"width":1200,"height":1200,"url":"https:\/\/keramamueblesdejardin.com\/wp-content\/uploads\/2026\/04\/s026x2-principal.jpg","type":"image\/jpeg"}],"twitter_card":"summary_large_image","schema":{"@context":"https:\/\/schema.org","@graph":[{"@type":"WebPage","@id":"https:\/\/keramamueblesdejardin.com\/de\/liegestuhle-und-ruhe\/packung-mit-2-schnell-trocknenden-weissen-aluminium-und-textilliegeloungen-rena\/","url":"https:\/\/keramamueblesdejardin.com\/de\/liegestuhle-und-ruhe\/packung-mit-2-schnell-trocknenden-weissen-aluminium-und-textilliegeloungen-rena\/","name":"Packung mit 2 schnell trocknenden wei\u00dfen Aluminium- und Textilliegeloungen \u2013 Rena - Kerama","isPartOf":{"@id":"https:\/\/keramamueblesdejardin.com\/de\/#website"},"primaryImageOfPage":{"@id":"https:\/\/keramamueblesdejardin.com\/de\/liegestuhle-und-ruhe\/packung-mit-2-schnell-trocknenden-weissen-aluminium-und-textilliegeloungen-rena\/#primaryimage"},"image":{"@id":"https:\/\/keramamueblesdejardin.com\/de\/liegestuhle-und-ruhe\/packung-mit-2-schnell-trocknenden-weissen-aluminium-und-textilliegeloungen-rena\/#primaryimage"},"thumbnailUrl":"https:\/\/keramamueblesdejardin.com\/wp-content\/uploads\/2026\/04\/s026x2-principal.jpg","datePublished":"2026-04-02T08:53:37+00:00","breadcrumb":{"@id":"https:\/\/keramamueblesdejardin.com\/de\/liegestuhle-und-ruhe\/packung-mit-2-schnell-trocknenden-weissen-aluminium-und-textilliegeloungen-rena\/#breadcrumb"},"inLanguage":"de","potentialAction":[{"@type":"ReadAction","target":["https:\/\/keramamueblesdejardin.com\/de\/liegestuhle-und-ruhe\/packung-mit-2-schnell-trocknenden-weissen-aluminium-und-textilliegeloungen-rena\/"]}]},{"@type":"ImageObject","inLanguage":"de","@id":"https:\/\/keramamueblesdejardin.com\/de\/liegestuhle-und-ruhe\/packung-mit-2-schnell-trocknenden-weissen-aluminium-und-textilliegeloungen-rena\/#primaryimage","url":"https:\/\/keramamueblesdejardin.com\/wp-content\/uploads\/2026\/04\/s026x2-principal.jpg","contentUrl":"https:\/\/keramamueblesdejardin.com\/wp-content\/uploads\/2026\/04\/s026x2-principal.jpg","width":1200,"height":1200},{"@type":"BreadcrumbList","@id":"https:\/\/keramamueblesdejardin.com\/de\/liegestuhle-und-ruhe\/packung-mit-2-schnell-trocknenden-weissen-aluminium-und-textilliegeloungen-rena\/#breadcrumb","itemListElement":[{"@type":"ListItem","position":1,"name":"Home","item":"https:\/\/keramamueblesdejardin.com\/de\/"},{"@type":"ListItem","position":2,"name":"Laden","item":"https:\/\/keramamueblesdejardin.com\/de\/laden\/"},{"@type":"ListItem","position":3,"name":"Packung mit 2 schnell trocknenden wei\u00dfen Aluminium- und Textilliegeloungen \u2013 Rena"}]},{"@type":"WebSite","@id":"https:\/\/keramamueblesdejardin.com\/de\/#website","url":"https:\/\/keramamueblesdejardin.com\/de\/","name":"Kerama","description":"muebles de jard\u00edn","publisher":{"@id":"https:\/\/keramamueblesdejardin.com\/de\/#organization"},"potentialAction":[{"@type":"SearchAction","target":{"@type":"EntryPoint","urlTemplate":"https:\/\/keramamueblesdejardin.com\/de\/?s={search_term_string}"},"query-input":{"@type":"PropertyValueSpecification","valueRequired":true,"valueName":"search_term_string"}}],"inLanguage":"de"},{"@type":"Organization","@id":"https:\/\/keramamueblesdejardin.com\/de\/#organization","name":"kerama","url":"https:\/\/keramamueblesdejardin.com\/de\/","logo":{"@type":"ImageObject","inLanguage":"de","@id":"https:\/\/keramamueblesdejardin.com\/de\/#\/schema\/logo\/image\/","url":"https:\/\/keramamueblesdejardin.com\/wp-content\/uploads\/2020\/12\/k.-scaled.jpg","contentUrl":"https:\/\/keramamueblesdejardin.com\/wp-content\/uploads\/2020\/12\/k.-scaled.jpg","width":2560,"height":551,"caption":"kerama"},"image":{"@id":"https:\/\/keramamueblesdejardin.com\/de\/#\/schema\/logo\/image\/"},"sameAs":["https:\/\/www.facebook.com\/Kerama-Muebles-de-Jard\u00edn-106209328312568\/"]}]}},"df_price":639,"df_sale_price":639,"df_regular_price":759,"df_image_link":"https:\/\/keramamueblesdejardin.com\/wp-content\/uploads\/2026\/04\/s026x2-principal-300x300.jpg","custom_tabs":[{"title":"MESSUNG","id":"messung","content":"<div class=\"list\"><strong>H\u00f6he: <\/strong>40cm<\/div>\n<div class=\"list\"><strong>Breite: <\/strong>197 cm<\/div>\n<div class=\"list\"><strong>Tiefe: <\/strong>68 cm<\/div>"},{"title":"AUSPACKEN UND MONTIEREN","id":"auspacken-und-montieren","content":"<div class=\"list\"><b>Diese Sonnenliege muss nicht zusammengebaut werden<\/b><\/div>"}],"_links":{"self":[{"href":"https:\/\/keramamueblesdejardin.com\/de\/wp-json\/wp\/v2\/product\/216835","targetHints":{"allow":["GET"]}}],"collection":[{"href":"https:\/\/keramamueblesdejardin.com\/de\/wp-json\/wp\/v2\/product"}],"about":[{"href":"https:\/\/keramamueblesdejardin.com\/de\/wp-json\/wp\/v2\/types\/product"}],"replies":[{"embeddable":true,"href":"https:\/\/keramamueblesdejardin.com\/de\/wp-json\/wp\/v2\/comments?post=216835"}],"wp:featuredmedia":[{"embeddable":true,"href":"https:\/\/keramamueblesdejardin.com\/de\/wp-json\/wp\/v2\/media\/216823"}],"wp:attachment":[{"href":"https:\/\/keramamueblesdejardin.com\/de\/wp-json\/wp\/v2\/media?parent=216835"}],"wp:term":[{"taxonomy":"product_brand","embeddable":true,"href":"https:\/\/keramamueblesdejardin.com\/de\/wp-json\/wp\/v2\/product_brand?post=216835"},{"taxonomy":"product_cat","embeddable":true,"href":"https:\/\/keramamueblesdejardin.com\/de\/wp-json\/wp\/v2\/product_cat?post=216835"},{"taxonomy":"product_tag","embeddable":true,"href":"https:\/\/keramamueblesdejardin.com\/de\/wp-json\/wp\/v2\/product_tag?post=216835"}],"curies":[{"name":"wp","href":"https:\/\/api.w.org\/{rel}","templated":true}]}}