{"id":177717,"date":"2025-03-24T08:55:13","date_gmt":"2025-03-24T07:55:13","guid":{"rendered":"https:\/\/keramamueblesdejardin.com\/unkategorisiert\/vermont-200-320x100-ausziehbarer-gartentisch-aus-weissem-aluminium-und-holz\/"},"modified":"2025-03-24T09:55:13","modified_gmt":"2025-03-24T08:55:13","slug":"ausziehbarer-gartentisch-200-320x100-aluminium-weis-und-holz-vermont","status":"publish","type":"product","link":"https:\/\/keramamueblesdejardin.com\/de\/speisesale-im-freien\/gartentische\/ausziehbarer-gartentisch-200-320x100-aluminium-weis-und-holz-vermont\/","title":{"rendered":"Vermont 200\/320&#215;100 ausziehbarer Gartentisch aus wei\u00dfem Aluminium und Holz"},"content":{"rendered":"<p class=\"\" data-start=\"252\" data-end=\"608\">Der <strong data-start=\"255\" data-end=\"292\">ausziehbare Gartentisch Vermont<\/strong> ist die ideale Wahl f\u00fcr alle, die Funktionalit\u00e4t, Design und Widerstandsf\u00e4higkeit in ihren Au\u00dfenbereichen suchen. Hergestellt aus einer <strong data-start=\"428\" data-end=\"455\">beigen Aluminiumstruktur<\/strong> und einer eleganten <strong data-start=\"485\" data-end=\"509\">FSC-zertifizierten Teakholzoberfl\u00e4che<\/strong>, kombiniert dieser Tisch moderne \u00c4sthetik mit \u00e4u\u00dferst langlebigen Materialien, perfekt f\u00fcr den Au\u00dfenbereich. <\/p>\n<p class=\"\" data-start=\"610\" data-end=\"942\">Dank des praktischen Doppelauszugssystems mit Schienen k\u00f6nnen Sie die Gr\u00f6\u00dfe schnell und einfach anpassen: von 200&#215;100 cm bis 260&#215;100 cm oder bis zu 320&#215;100 cm. Dank ihres cleveren Designs integrieren sich die Verl\u00e4ngerungen, ohne den Komfort der G\u00e4ste zu beeintr\u00e4chtigen, und verhindern, dass die Beine die Beinfreiheit beeintr\u00e4chtigen. <\/p>\n<p class=\"\" data-start=\"944\" data-end=\"1233\">Der Vermont Tisch eignet sich ideal f\u00fcr Terrassen, Innenh\u00f6fe oder G\u00e4rten und passt sich problemlos an Familienfeiern, Mahlzeiten im Freien oder Feiern mit Freunden an. Seine robuste Struktur und die hochwertigen Oberfl\u00e4chen machen ihn zu einem <strong data-start=\"1160\" data-end=\"1189\">ausziehbaren Gartentisch<\/strong> , der das ganze Jahr \u00fcber genossen werden kann <\/p>\n","protected":false},"excerpt":{"rendered":"<ul>\n<li>Tisch mit Doppelauszug aus wei\u00dfem Aluminium und Teakholz<\/li>\n<li>Verankerungssystem f\u00fcr jede Verl\u00e4ngerung<\/li>\n<li>Tisch : 200\/260\/320x100cm<\/li>\n<\/ul>\n","protected":false},"featured_media":177104,"comment_status":"closed","ping_status":"open","template":"","meta":{"_acf_changed":false},"product_brand":[],"product_cat":[3364,3238],"product_tag":[],"class_list":{"0":"post-177717","1":"product","2":"type-product","3":"status-publish","4":"has-post-thumbnail","6":"product_cat-gartentische","7":"product_cat-speisesale-im-freien","8":"product_shipping_class-envio-gratuito-de","10":"first","11":"instock","12":"sale","13":"purchasable","14":"product-type-simple","15":"add-to-wishlist-before_image"},"acf":[],"yoast_head":"<!-- This site is optimized with the Yoast SEO plugin v27.2 - https:\/\/yoast.com\/product\/yoast-seo-wordpress\/ -->\n<title>Vermont 200\/320x100 ausziehbarer Gartentisch aus wei\u00dfem Aluminium und Holz - Kerama<\/title>\n<meta name=\"robots\" content=\"index, follow, max-snippet:-1, max-image-preview:large, max-video-preview:-1\" \/>\n<link rel=\"canonical\" href=\"https:\/\/keramamueblesdejardin.com\/de\/speisesale-im-freien\/gartentische\/ausziehbarer-gartentisch-200-320x100-aluminium-weis-und-holz-vermont\/\" \/>\n<meta property=\"og:locale\" content=\"de_DE\" \/>\n<meta property=\"og:type\" content=\"article\" \/>\n<meta property=\"og:title\" content=\"Vermont 200\/320x100 ausziehbarer Gartentisch aus wei\u00dfem Aluminium und Holz - Kerama\" \/>\n<meta property=\"og:description\" content=\"Tisch mit Doppelauszug aus wei\u00dfem Aluminium und Teakholz  Verankerungssystem f\u00fcr jede Verl\u00e4ngerung  Tisch : 200\/260\/320x100cm\" \/>\n<meta property=\"og:url\" content=\"https:\/\/keramamueblesdejardin.com\/de\/speisesale-im-freien\/gartentische\/ausziehbarer-gartentisch-200-320x100-aluminium-weis-und-holz-vermont\/\" \/>\n<meta property=\"og:site_name\" content=\"Kerama\" \/>\n<meta property=\"article:publisher\" content=\"https:\/\/www.facebook.com\/Kerama-Muebles-de-Jard%c3%adn-106209328312568\/\" \/>\n<meta property=\"article:modified_time\" content=\"2025-03-24T08:55:13+00:00\" \/>\n<meta property=\"og:image\" content=\"https:\/\/keramamueblesdejardin.com\/wp-content\/uploads\/2025\/03\/mesa-extensible-blanca-vermont.jpg\" \/>\n\t<meta property=\"og:image:width\" content=\"1200\" \/>\n\t<meta property=\"og:image:height\" content=\"1200\" \/>\n\t<meta property=\"og:image:type\" content=\"image\/jpeg\" \/>\n<meta name=\"twitter:card\" content=\"summary_large_image\" \/>\n<meta name=\"twitter:label1\" content=\"Gesch\u00e4tzte Lesezeit\" \/>\n\t<meta name=\"twitter:data1\" content=\"1\u00a0Minute\" \/>\n<script type=\"application\/ld+json\" class=\"yoast-schema-graph\">{\"@context\":\"https:\/\/schema.org\",\"@graph\":[{\"@type\":\"WebPage\",\"@id\":\"https:\/\/keramamueblesdejardin.com\/de\/speisesale-im-freien\/gartentische\/ausziehbarer-gartentisch-200-320x100-aluminium-weis-und-holz-vermont\/\",\"url\":\"https:\/\/keramamueblesdejardin.com\/de\/speisesale-im-freien\/gartentische\/ausziehbarer-gartentisch-200-320x100-aluminium-weis-und-holz-vermont\/\",\"name\":\"Vermont 200\/320x100 ausziehbarer Gartentisch aus wei\u00dfem Aluminium und Holz - Kerama\",\"isPartOf\":{\"@id\":\"https:\/\/keramamueblesdejardin.com\/de\/#website\"},\"primaryImageOfPage\":{\"@id\":\"https:\/\/keramamueblesdejardin.com\/de\/speisesale-im-freien\/gartentische\/ausziehbarer-gartentisch-200-320x100-aluminium-weis-und-holz-vermont\/#primaryimage\"},\"image\":{\"@id\":\"https:\/\/keramamueblesdejardin.com\/de\/speisesale-im-freien\/gartentische\/ausziehbarer-gartentisch-200-320x100-aluminium-weis-und-holz-vermont\/#primaryimage\"},\"thumbnailUrl\":\"https:\/\/keramamueblesdejardin.com\/wp-content\/uploads\/2025\/03\/mesa-extensible-blanca-vermont.jpg\",\"datePublished\":\"2025-03-24T07:55:13+00:00\",\"dateModified\":\"2025-03-24T08:55:13+00:00\",\"breadcrumb\":{\"@id\":\"https:\/\/keramamueblesdejardin.com\/de\/speisesale-im-freien\/gartentische\/ausziehbarer-gartentisch-200-320x100-aluminium-weis-und-holz-vermont\/#breadcrumb\"},\"inLanguage\":\"de\",\"potentialAction\":[{\"@type\":\"ReadAction\",\"target\":[\"https:\/\/keramamueblesdejardin.com\/de\/speisesale-im-freien\/gartentische\/ausziehbarer-gartentisch-200-320x100-aluminium-weis-und-holz-vermont\/\"]}]},{\"@type\":\"ImageObject\",\"inLanguage\":\"de\",\"@id\":\"https:\/\/keramamueblesdejardin.com\/de\/speisesale-im-freien\/gartentische\/ausziehbarer-gartentisch-200-320x100-aluminium-weis-und-holz-vermont\/#primaryimage\",\"url\":\"https:\/\/keramamueblesdejardin.com\/wp-content\/uploads\/2025\/03\/mesa-extensible-blanca-vermont.jpg\",\"contentUrl\":\"https:\/\/keramamueblesdejardin.com\/wp-content\/uploads\/2025\/03\/mesa-extensible-blanca-vermont.jpg\",\"width\":1200,\"height\":1200},{\"@type\":\"BreadcrumbList\",\"@id\":\"https:\/\/keramamueblesdejardin.com\/de\/speisesale-im-freien\/gartentische\/ausziehbarer-gartentisch-200-320x100-aluminium-weis-und-holz-vermont\/#breadcrumb\",\"itemListElement\":[{\"@type\":\"ListItem\",\"position\":1,\"name\":\"Home\",\"item\":\"https:\/\/keramamueblesdejardin.com\/de\/\"},{\"@type\":\"ListItem\",\"position\":2,\"name\":\"Laden\",\"item\":\"https:\/\/keramamueblesdejardin.com\/de\/laden\/\"},{\"@type\":\"ListItem\",\"position\":3,\"name\":\"Speises\u00e4le im Freien\",\"item\":\"https:\/\/keramamueblesdejardin.com\/de\/speisesale-im-freien\/\"},{\"@type\":\"ListItem\",\"position\":4,\"name\":\"Gartentische\",\"item\":\"https:\/\/keramamueblesdejardin.com\/de\/speisesale-im-freien\/gartentische\/\"},{\"@type\":\"ListItem\",\"position\":5,\"name\":\"Vermont 200\/320&#215;100 ausziehbarer Gartentisch aus wei\u00dfem Aluminium und Holz\"}]},{\"@type\":\"WebSite\",\"@id\":\"https:\/\/keramamueblesdejardin.com\/de\/#website\",\"url\":\"https:\/\/keramamueblesdejardin.com\/de\/\",\"name\":\"Kerama\",\"description\":\"muebles de jard\u00edn\",\"publisher\":{\"@id\":\"https:\/\/keramamueblesdejardin.com\/de\/#organization\"},\"potentialAction\":[{\"@type\":\"SearchAction\",\"target\":{\"@type\":\"EntryPoint\",\"urlTemplate\":\"https:\/\/keramamueblesdejardin.com\/de\/?s={search_term_string}\"},\"query-input\":{\"@type\":\"PropertyValueSpecification\",\"valueRequired\":true,\"valueName\":\"search_term_string\"}}],\"inLanguage\":\"de\"},{\"@type\":\"Organization\",\"@id\":\"https:\/\/keramamueblesdejardin.com\/de\/#organization\",\"name\":\"kerama\",\"url\":\"https:\/\/keramamueblesdejardin.com\/de\/\",\"logo\":{\"@type\":\"ImageObject\",\"inLanguage\":\"de\",\"@id\":\"https:\/\/keramamueblesdejardin.com\/de\/#\/schema\/logo\/image\/\",\"url\":\"https:\/\/keramamueblesdejardin.com\/wp-content\/uploads\/2020\/12\/k.-scaled.jpg\",\"contentUrl\":\"https:\/\/keramamueblesdejardin.com\/wp-content\/uploads\/2020\/12\/k.-scaled.jpg\",\"width\":2560,\"height\":551,\"caption\":\"kerama\"},\"image\":{\"@id\":\"https:\/\/keramamueblesdejardin.com\/de\/#\/schema\/logo\/image\/\"},\"sameAs\":[\"https:\/\/www.facebook.com\/Kerama-Muebles-de-Jard\u00edn-106209328312568\/\"]}]}<\/script>\n<!-- \/ Yoast SEO plugin. -->","yoast_head_json":{"title":"Vermont 200\/320x100 ausziehbarer Gartentisch aus wei\u00dfem Aluminium und Holz - Kerama","robots":{"index":"index","follow":"follow","max-snippet":"max-snippet:-1","max-image-preview":"max-image-preview:large","max-video-preview":"max-video-preview:-1"},"canonical":"https:\/\/keramamueblesdejardin.com\/de\/speisesale-im-freien\/gartentische\/ausziehbarer-gartentisch-200-320x100-aluminium-weis-und-holz-vermont\/","og_locale":"de_DE","og_type":"article","og_title":"Vermont 200\/320x100 ausziehbarer Gartentisch aus wei\u00dfem Aluminium und Holz - Kerama","og_description":"Tisch mit Doppelauszug aus wei\u00dfem Aluminium und Teakholz  Verankerungssystem f\u00fcr jede Verl\u00e4ngerung  Tisch : 200\/260\/320x100cm","og_url":"https:\/\/keramamueblesdejardin.com\/de\/speisesale-im-freien\/gartentische\/ausziehbarer-gartentisch-200-320x100-aluminium-weis-und-holz-vermont\/","og_site_name":"Kerama","article_publisher":"https:\/\/www.facebook.com\/Kerama-Muebles-de-Jard%c3%adn-106209328312568\/","article_modified_time":"2025-03-24T08:55:13+00:00","og_image":[{"width":1200,"height":1200,"url":"https:\/\/keramamueblesdejardin.com\/wp-content\/uploads\/2025\/03\/mesa-extensible-blanca-vermont.jpg","type":"image\/jpeg"}],"twitter_card":"summary_large_image","twitter_misc":{"Gesch\u00e4tzte Lesezeit":"1\u00a0Minute"},"schema":{"@context":"https:\/\/schema.org","@graph":[{"@type":"WebPage","@id":"https:\/\/keramamueblesdejardin.com\/de\/speisesale-im-freien\/gartentische\/ausziehbarer-gartentisch-200-320x100-aluminium-weis-und-holz-vermont\/","url":"https:\/\/keramamueblesdejardin.com\/de\/speisesale-im-freien\/gartentische\/ausziehbarer-gartentisch-200-320x100-aluminium-weis-und-holz-vermont\/","name":"Vermont 200\/320x100 ausziehbarer Gartentisch aus wei\u00dfem Aluminium und Holz - Kerama","isPartOf":{"@id":"https:\/\/keramamueblesdejardin.com\/de\/#website"},"primaryImageOfPage":{"@id":"https:\/\/keramamueblesdejardin.com\/de\/speisesale-im-freien\/gartentische\/ausziehbarer-gartentisch-200-320x100-aluminium-weis-und-holz-vermont\/#primaryimage"},"image":{"@id":"https:\/\/keramamueblesdejardin.com\/de\/speisesale-im-freien\/gartentische\/ausziehbarer-gartentisch-200-320x100-aluminium-weis-und-holz-vermont\/#primaryimage"},"thumbnailUrl":"https:\/\/keramamueblesdejardin.com\/wp-content\/uploads\/2025\/03\/mesa-extensible-blanca-vermont.jpg","datePublished":"2025-03-24T07:55:13+00:00","dateModified":"2025-03-24T08:55:13+00:00","breadcrumb":{"@id":"https:\/\/keramamueblesdejardin.com\/de\/speisesale-im-freien\/gartentische\/ausziehbarer-gartentisch-200-320x100-aluminium-weis-und-holz-vermont\/#breadcrumb"},"inLanguage":"de","potentialAction":[{"@type":"ReadAction","target":["https:\/\/keramamueblesdejardin.com\/de\/speisesale-im-freien\/gartentische\/ausziehbarer-gartentisch-200-320x100-aluminium-weis-und-holz-vermont\/"]}]},{"@type":"ImageObject","inLanguage":"de","@id":"https:\/\/keramamueblesdejardin.com\/de\/speisesale-im-freien\/gartentische\/ausziehbarer-gartentisch-200-320x100-aluminium-weis-und-holz-vermont\/#primaryimage","url":"https:\/\/keramamueblesdejardin.com\/wp-content\/uploads\/2025\/03\/mesa-extensible-blanca-vermont.jpg","contentUrl":"https:\/\/keramamueblesdejardin.com\/wp-content\/uploads\/2025\/03\/mesa-extensible-blanca-vermont.jpg","width":1200,"height":1200},{"@type":"BreadcrumbList","@id":"https:\/\/keramamueblesdejardin.com\/de\/speisesale-im-freien\/gartentische\/ausziehbarer-gartentisch-200-320x100-aluminium-weis-und-holz-vermont\/#breadcrumb","itemListElement":[{"@type":"ListItem","position":1,"name":"Home","item":"https:\/\/keramamueblesdejardin.com\/de\/"},{"@type":"ListItem","position":2,"name":"Laden","item":"https:\/\/keramamueblesdejardin.com\/de\/laden\/"},{"@type":"ListItem","position":3,"name":"Speises\u00e4le im Freien","item":"https:\/\/keramamueblesdejardin.com\/de\/speisesale-im-freien\/"},{"@type":"ListItem","position":4,"name":"Gartentische","item":"https:\/\/keramamueblesdejardin.com\/de\/speisesale-im-freien\/gartentische\/"},{"@type":"ListItem","position":5,"name":"Vermont 200\/320&#215;100 ausziehbarer Gartentisch aus wei\u00dfem Aluminium und Holz"}]},{"@type":"WebSite","@id":"https:\/\/keramamueblesdejardin.com\/de\/#website","url":"https:\/\/keramamueblesdejardin.com\/de\/","name":"Kerama","description":"muebles de jard\u00edn","publisher":{"@id":"https:\/\/keramamueblesdejardin.com\/de\/#organization"},"potentialAction":[{"@type":"SearchAction","target":{"@type":"EntryPoint","urlTemplate":"https:\/\/keramamueblesdejardin.com\/de\/?s={search_term_string}"},"query-input":{"@type":"PropertyValueSpecification","valueRequired":true,"valueName":"search_term_string"}}],"inLanguage":"de"},{"@type":"Organization","@id":"https:\/\/keramamueblesdejardin.com\/de\/#organization","name":"kerama","url":"https:\/\/keramamueblesdejardin.com\/de\/","logo":{"@type":"ImageObject","inLanguage":"de","@id":"https:\/\/keramamueblesdejardin.com\/de\/#\/schema\/logo\/image\/","url":"https:\/\/keramamueblesdejardin.com\/wp-content\/uploads\/2020\/12\/k.-scaled.jpg","contentUrl":"https:\/\/keramamueblesdejardin.com\/wp-content\/uploads\/2020\/12\/k.-scaled.jpg","width":2560,"height":551,"caption":"kerama"},"image":{"@id":"https:\/\/keramamueblesdejardin.com\/de\/#\/schema\/logo\/image\/"},"sameAs":["https:\/\/www.facebook.com\/Kerama-Muebles-de-Jard\u00edn-106209328312568\/"]}]}},"df_price":1799,"df_sale_price":1799,"df_regular_price":2027,"df_image_link":"https:\/\/keramamueblesdejardin.com\/wp-content\/uploads\/2025\/03\/mesa-extensible-blanca-vermont-300x300.jpg","custom_tabs":[{"title":"MESSUNG","id":"messung","content":"<div class=\"list\">\n<div class=\"list\"><strong>Hoch: <\/strong>Tisch 76cm<\/div>\n<div class=\"list\"><strong>Breit: <\/strong>Tisch 200\/260\/320cm<\/div>\n<div class=\"list\"><strong>Unteres: <\/strong>Tisch 100cm<\/div>\n<\/div>"},{"title":"AUSPACKEN UND MONTIEREN","id":"auspacken-und-montieren","content":"<div class=\"list\"><strong style=\"font-weight: bold; color: #282828;\">Empfehlungen zum<\/strong> Auspacken: <span style=\"color: #282828;\"> Verwenden Sie beim Auspacken der M\u00f6bel keine scharfen Utensilien, da dies zu Besch\u00e4digungen f\u00fchren kann<\/span><br style=\"color: #282828;\"><strong style=\"font-weight: bold; color: #282828;\">Montage erforderlich (ja\/nein):<\/strong><span style=\"color: #282828;\"> Ja<\/span><br style=\"color: #282828;\"><strong style=\"font-weight: bold; color: #282828;\">Schwierigkeit der Montage:<\/strong><span style=\"color: #282828;\"> Leicht<\/span><br style=\"color: #282828;\"><strong style=\"font-weight: bold; color: #282828;\">Montagezeit:<\/strong><span style=\"color: #282828;\"> 20 Minuten<\/span><br style=\"color: #282828;\"><strong style=\"font-weight: bold; color: #282828;\">Empfohlene Personen f\u00fcr die Montage:<\/strong><span style=\"color: #282828;\"> 2<\/span><br style=\"color: #282828;\"><strong style=\"font-weight: bold; color: #282828;\">Montagevorschl\u00e4ge:<\/strong><span style=\"color: #282828;\">  Bereiten Sie einen sauberen und trockenen Montagebereich vor und stellen Sie sicher, dass keines der im Handbuch angegebenen Teile fehlt. Wir empfehlen das Tragen von Montagehandschuhen. Verwenden Sie nur die mitgelieferten Teile und Hardware.<\/span><\/div>"},{"title":"WARTUNG UND GARANTIEN","id":"wartung-und-garantien","content":"<strong>Allgemeine Empfehlungen:<\/strong>\n\u2022 Pannen oder Sch\u00e4den, die verursacht werden durch:\n\u2022 Zuf\u00e4llige Ursachen wie St\u00fcrze, Schl\u00e4ge, Versch\u00fctten von Fl\u00fcssigkeiten, Einbringen von Fremdk\u00f6rpern sowie andere h\u00f6here Gewalt sind von der Garantie ausgeschlossen.\n\u2022 Fahrl\u00e4ssige, unangemessene oder nicht h\u00e4usliche Verwendung.\n\u2022 Besch\u00e4digungen, Korrosion und\/oder Oxidation, die durch ung\u00fcnstige\n Umgebungsbedingungen beschleunigt werden\u2022 Flecken und Verf\u00e4rbungen aufgrund der Nichtbeachtung unserer Reinigungsanweisungen\n\u2022 Sch\u00e4den, die w\u00e4hrend der Montage und Handhabung auftreten, ohne die angegebenen Montageanweisungen befolgt zu haben.\n<strong>Gebrauchs- und Wartungshinweise:<\/strong>\n\u2022 Reinigen Sie vorsichtig mit Hilfe eines Tuchs oder verwenden Sie eine neutrale Fl\u00fcssigseife und sp\u00fclen Sie sie mit viel Wasser ab.\n\u2022 Entfernen Sie Staub regelm\u00e4\u00dfig mit Hilfe eines weichen Tuchs und klarem Wasser.\n\u2022 Verwenden Sie zur Reinigung keine Reinigungsmittel oder Scheuermittel.\n\u2022 Behandlung mit Lein\u00f6l: Bevor Sie eine Schicht Lein\u00f6l auf das Produkt in seinem nat\u00fcrlichen Zustand auftragen, ist es ratsam, es 2 oder 3 Wochen lang drau\u00dfen zu lassen, damit es ein homogenes Aussehen annimmt und bel\u00fcftet. Mit einer B\u00fcrste mit klarem Wasser reinigen und trocknen lassen. Sobald es gut getrocknet ist, sollte es mit einem Schleifpapier mit einer Grammatur zwischen 120 und 150 vorsichtig und locker geschliffen werden, wobei man so weit wie m\u00f6glich der Richtung der K\u00f6rner folgen sollte. Dieser Vorgang sollte niemals in den fr\u00fchen Morgenstunden durchgef\u00fchrt werden.\nUm die Farbe zu erhalten, ist es ratsam, den Vorgang ein- bis zweimal im Jahr zu wiederholen.\nWenn das Leinen\u00f6l bereits auf die M\u00f6bel aufgetragen wurde, empfiehlt es sich, es alle drei Jahre zu schleifen, damit die aufeinanderfolgenden \u00d6lschichten das Holz nicht am Schwitzen hindern.\nJahre <strong>Garantie: 3 Jahre<\/strong>\n<strong>Hergestellt nach Norm:<\/strong> 581-1.581-2.581-3\n<strong>FSC-Zertifizierung (ja\/nein):<\/strong> Ja"}],"_links":{"self":[{"href":"https:\/\/keramamueblesdejardin.com\/de\/wp-json\/wp\/v2\/product\/177717","targetHints":{"allow":["GET"]}}],"collection":[{"href":"https:\/\/keramamueblesdejardin.com\/de\/wp-json\/wp\/v2\/product"}],"about":[{"href":"https:\/\/keramamueblesdejardin.com\/de\/wp-json\/wp\/v2\/types\/product"}],"replies":[{"embeddable":true,"href":"https:\/\/keramamueblesdejardin.com\/de\/wp-json\/wp\/v2\/comments?post=177717"}],"wp:featuredmedia":[{"embeddable":true,"href":"https:\/\/keramamueblesdejardin.com\/de\/wp-json\/wp\/v2\/media\/177104"}],"wp:attachment":[{"href":"https:\/\/keramamueblesdejardin.com\/de\/wp-json\/wp\/v2\/media?parent=177717"}],"wp:term":[{"taxonomy":"product_brand","embeddable":true,"href":"https:\/\/keramamueblesdejardin.com\/de\/wp-json\/wp\/v2\/product_brand?post=177717"},{"taxonomy":"product_cat","embeddable":true,"href":"https:\/\/keramamueblesdejardin.com\/de\/wp-json\/wp\/v2\/product_cat?post=177717"},{"taxonomy":"product_tag","embeddable":true,"href":"https:\/\/keramamueblesdejardin.com\/de\/wp-json\/wp\/v2\/product_tag?post=177717"}],"curies":[{"name":"wp","href":"https:\/\/api.w.org\/{rel}","templated":true}]}}